{"id":13936,"date":"2024-10-24T08:15:57","date_gmt":"2024-10-24T08:15:57","guid":{"rendered":"https:\/\/tajkertesz.com\/?post_type=product&#038;p=13936"},"modified":"2026-02-24T11:50:43","modified_gmt":"2026-02-24T11:50:43","slug":"eleagnus-ebbingei-vivileg-ezustfa-2","status":"publish","type":"product","link":"https:\/\/tajkertesz.com\/en_US\/product\/eleagnus-ebbingei-vivileg-ezustfa-2\/","title":{"rendered":"Eleagnus ebbingei \u2018Vivileg\u2019 &#8211; Sz\u00e9leslevel\u0171 ez\u00fcstfa"},"content":{"rendered":"<div class=\"product-description mb-3\"><\/div>\n<div class=\"product-description\">\n<h1>Eleagnus ebbingei \u2018Vivileg\u2019 &#8211; Sz\u00e9leslevel\u0171 ez\u00fcstfa<\/h1>\n<p>Az Eleagnus ebbingei \u2018Vivileg\u2019 &#8211; Sz\u00e9leslevel\u0171 ez\u00fcstfa egy k\u00f6zepes m\u00e9ret\u0171, \u00f6r\u00f6kz\u00f6ld cserje, amely k\u00fcl\u00f6n\u00f6sen n\u00e9pszer\u0171 a kertekben \u00e9s parkokban.<\/p>\n<h2>Az Eleagnus ebbingei \u2018Vivileg\u2019 jellemz\u0151i<\/h2>\n<p>Ez a n\u00f6v\u00e9ny 1,5-2 m\u00e9ter magasra n\u0151, \u00e9s tereb\u00e9lyes, s\u0171r\u0171 lombozat\u00e1val d\u00edsz\u00edt.<\/p>\n<p>A sz\u00e9leslevel\u0171 ez\u00fcstfa levelei s\u00f6t\u00e9tz\u00f6ldek, kr\u00e9mfeh\u00e9r szeg\u00e9llyel, amelyek fiatal korban ez\u00fcst\u00f6s bor\u00edt\u00e1ssal rendelkeznek. Ez a k\u00fcl\u00f6nleges lev\u00e9lzet adja a n\u00f6v\u00e9ny egyik legf\u0151bb d\u00edsz\u00edt\u0151\u00e9rt\u00e9k\u00e9t. A hajt\u00e1sok kezdetben felfel\u00e9 t\u00f6rnek, majd k\u00e9s\u0151bb kiss\u00e9 ter\u00fcl\u0151v\u00e9 v\u00e1lnak, ami sz\u00e9p, bokros megjelen\u00e9st k\u00f6lcs\u00f6n\u00f6z a n\u00f6v\u00e9nynek.<\/p>\n<p>Vir\u00e1gai kr\u00e9mfeh\u00e9rek \u00e9s er\u0151s van\u00edlia illat\u00faak, amelyek \u0151sszel ny\u00edlnak. B\u00e1r a vir\u00e1gok nem t\u00fal felt\u0171n\u0151ek, illatuk messzir\u0151l is \u00e9rezhet\u0151. A term\u00e9sei narancssz\u00edn\u0171, kism\u00e9ret\u0171 bogy\u00f3k, amelyek t\u00e9len \u00e9s kora tavasszal jelennek meg.<\/p>\n<h3>\u00a0A sz\u00e9leslevel\u0171 ez\u00fcstfa<\/h3>\n<p>Az Elaeagnus ebbingei \u2018Vivileg\u2019 sz\u00e1razs\u00e1gt\u0171r\u0151 \u00e9s j\u00f3l alkalmazkodik k\u00fcl\u00f6nb\u00f6z\u0151 talajviszonyokhoz, de legjobban a laza szerkezet\u0171, j\u00f3 v\u00edz\u00e1tereszt\u0151 k\u00e9pess\u00e9g\u0171 talajban fejl\u0151dik. Nagy f\u00e9nyig\u00e9ny\u0171 n\u00f6v\u00e9ny, ez\u00e9rt napos helyre \u00e9rdemes \u00fcltetni, mivel az \u00e1rny\u00e9k kedvez\u0151tlen hat\u00e1ssal van a vir\u00e1gk\u00e9pz\u0151d\u00e9sre \u00e9s a n\u00f6v\u00e9ny eg\u00e9szs\u00e9gi \u00e1llapot\u00e1ra.<\/p>\n<p>Gondoz\u00e1sa egyszer\u0171, mivel nincsenek jelent\u0151s n\u00f6v\u00e9nyv\u00e9delmi probl\u00e9m\u00e1i. Rendszeres metsz\u00e9ssel sz\u00e9pen form\u00e1zhat\u00f3, ak\u00e1r t\u00f6rzses alakra is metszhet\u0151, \u00e9s s\u00f6v\u00e9nyk\u00e9nt is kiv\u00e1l\u00f3an alkalmazhat\u00f3. A telep\u00edt\u00e9s \u00e9v\u00e9ben rendszeres \u00f6nt\u00f6z\u00e9st ig\u00e9nyel, de k\u00e9s\u0151bb m\u00e1r kis v\u00edzig\u00e9ny\u0171.<\/p>\n<p>A sz\u00e9leslevel\u0171 ez\u00fcstfa kiv\u00e1l\u00f3 v\u00e1laszt\u00e1s szoliterk\u00e9nt, s\u00f6v\u00e9nyk\u00e9nt vagy cserje- \u00e9s \u00e9vel\u0151 t\u00e1rs\u00edt\u00e1sokban is. J\u00f3l mutat p\u00e9ld\u00e1ul oszlopos borboly\u00e1val, vil\u00e1gos r\u00f3zsasz\u00edn parkr\u00f3zs\u00e1val, vagy ak\u00e1r k\u00fasz\u00f3 rozmaringgal \u00e9s mezei kakukkf\u0171vel t\u00e1rs\u00edtva.<\/p>\n<p>Ez a n\u00f6v\u00e9ny nemcsak eszt\u00e9tikai \u00e9rt\u00e9kkel b\u00edr, hanem praktikus is, mivel j\u00f3l t\u0171ri a sz\u00e1razs\u00e1got \u00e9s a k\u00fcl\u00f6nb\u00f6z\u0151 talajviszonyokat, \u00edgy ide\u00e1lis v\u00e1laszt\u00e1s lehet a kert k\u00fcl\u00f6nb\u00f6z\u0151 r\u00e9szeire.<\/p>\n<h4>\u00dcltet\u00e9se<\/h4>\n<p>Az Elaeagnus ebbingei \u2018Vivileg\u2019 \u00fcltet\u00e9se egyszer\u0171 folyamat, de n\u00e9h\u00e1ny fontos l\u00e9p\u00e9st \u00e9rdemes k\u00f6vetni a siker \u00e9rdek\u00e9ben:<\/p>\n<p>V\u00e1lasszunk\u00a0 egy napos, sz\u00e9lv\u00e9dett helyet a kertben, ahol a talaj j\u00f3 v\u00edzelvezet\u00e9s\u0171, laza szerkezet\u0171. Ker\u00fclj\u00fck a pang\u00f3 vizes ter\u00fcleteket, mert az k\u00e1ros lehet a n\u00f6v\u00e9ny gy\u00f6kereire.<br \/>\nLaz\u00edtsuk fel a talajt, \u00e9s keverj\u00fcnk hozz\u00e1 komposztot vagy szerves tr\u00e1gy\u00e1t, hogy t\u00e1panyagban gazdag legyen. Ez seg\u00edt a n\u00f6v\u00e9ny gyorsabb gy\u00f6keresed\u00e9s\u00e9ben \u00e9s n\u00f6veked\u00e9s\u00e9ben.<br \/>\nAkkora g\u00f6dr\u00f6t \u00e9rdemes \u00e1sni, amely k\u00e9tszer olyan sz\u00e9les \u00e9s m\u00e9ly, mint a n\u00f6v\u00e9ny gy\u00f6k\u00e9rlabd\u00e1ja. Ez elegend\u0151 helyet biztos\u00edt a gy\u00f6kerek fejl\u0151d\u00e9s\u00e9hez.<br \/>\nHelyezz\u00fck a n\u00f6v\u00e9nyt a g\u00f6d\u00f6rbe \u00fagy, hogy a gy\u00f6k\u00e9rlabda teteje egy szintben legyen a talajfelsz\u00ednnel. T\u00f6lts\u00fck vissza a f\u00f6ldet, \u00e9s \u00f3vatosan nyomkodjuk le, hogy megsz\u0171njenek a l\u00e9gbubor\u00e9kok.<br \/>\n\u00dcltet\u00e9s ut\u00e1n alaposan \u00f6nt\u00f6zz\u00fck meg a n\u00f6v\u00e9nyt. Az els\u0151 \u00e9vben rendszeres \u00f6nt\u00f6z\u00e9st ig\u00e9nyel, k\u00fcl\u00f6n\u00f6sen sz\u00e1raz id\u0151szakokban.<br \/>\nTer\u00edts\u00fcnk egy r\u00e9teg mulcsot a n\u00f6v\u00e9ny k\u00f6r\u00e9, hogy meg\u0151rizze a talaj nedvess\u00e9g\u00e9t \u00e9s elnyomja a gyomokat. \u00dcgyelj\u00fcnk arra, hogy a k\u00e9reg ne \u00e9rintse k\u00f6zvetlen\u00fcl a n\u00f6v\u00e9ny t\u00f6rzs\u00e9t.<br \/>\nAz els\u0151 \u00e9vben csak minim\u00e1lisan metssz\u00fck meg a n\u00f6v\u00e9nyt, ezeel el\u0151seg\u00edtve a gy\u00f6keresed\u00e9st. K\u00e9s\u0151bb rendszeres metsz\u00e9ssel alak\u00edthatjuk a n\u00f6v\u00e9ny form\u00e1j\u00e1t \u00e9s ezzel serkenthetj\u00fck a n\u00f6veked\u00e9st.<\/p>\n<p><strong>K\u00e9szlet\u00fcnk napi szinten v\u00e1ltozik, ez\u00e9rt k\u00e9rj\u00fck, \u00e9rdekl\u0151dj\u00f6n szem\u00e9lyesen, telefonon vagy email-en.<br \/>\nA v\u00e1ltoztat\u00e1s jog\u00e1t fenntartjuk!\u00a0<\/strong><\/p>\n<p>&nbsp;<\/p>\n<p><a href=\"https:\/\/tajkertesz.com\/\">https:\/\/tajkertesz.com\/<\/a><\/p>\n<p><a href=\"https:\/\/www.facebook.com\/tajkertesz\/\">https:\/\/www.facebook.com\/tajkertesz\/<\/a><\/p>\n<p>Kisz\u00e1ll\u00edt\u00e1s: 200cm-ig \u00a0\u00e9s 40 kg-ig a sz\u00e1ll\u00edt\u00e1s fut\u00e1rszolg\u00e1lattal \u00a0t\u00f6rt\u00e9nik.<\/p>\n<p>Szem\u00e9lyes \u00e1tv\u00e9tel nyitvatart\u00e1si id\u0151ben a 17. ker\u00fclet Bakancsos utca 7. sz\u00e1m alatti Kert\u00e9szeti \u00e1ruh\u00e1zunkban.<\/p>\n<p>&nbsp;<\/p>\n<\/div>","protected":false},"excerpt":{"rendered":"<p>Az Elaeagnaceae csal\u00e1d \u00f6r\u00f6kz\u00f6ld cserj\u00e9je az Eleagnus ebbingei \u2018Limelight\u2019. Fel\u00e1ll\u00f3 \u00e9s er\u0151teljes testtart\u00e1s, k\u00f6zepes n\u00f6veked\u00e9s. Ez az ez\u00fcstfa el\u00e9rheti a 4 m\u00e9teres magass\u00e1got. S\u00f6t\u00e9tz\u00f6ld lombozat \u00e9s szab\u00e1lytalanul aranyozott foltok megjelen\u00e9se a leveleken igaz\u00e1n egyediv\u00e9 teszi ezt a n\u00f6v\u00e9nyt. Vir\u00e1gz\u00e1s szeptember-december, kr\u00e9msz\u00edn\u0171 vir\u00e1g, nagyon illatos. El\u0151nyben r\u00e9szes\u00edti a j\u00f3l elvezetett t\u00e1panyagd\u00fas talajt.<\/p>\n<p>A n\u00f6v\u00e9ny jelenlegi m\u00e9rete: 30\/40 cm magas, 3 literes kont\u00e9nerben.,<\/p>","protected":false},"featured_media":21393,"template":"","meta":{"_et_pb_use_builder":"","_et_pb_old_content":"","_et_gb_content_width":""},"product_brand":[],"product_cat":[27],"product_tag":[73,5368,5265,5367],"class_list":{"0":"post-13936","1":"product","2":"type-product","3":"status-publish","4":"has-post-thumbnail","6":"product_cat-cserjek","7":"product_tag-cserje","8":"product_tag-elaeagnus-vivileg","9":"product_tag-ezustfa","10":"product_tag-szeleslevelu-ezustfa","12":"first","13":"instock","14":"shipping-taxable","15":"purchasable","16":"product-type-simple"},"yoast_head":"<!-- This site is optimized with the Yoast SEO plugin v27.4 - https:\/\/yoast.com\/product\/yoast-seo-wordpress\/ -->\n<title>Eleagnus ebbingei \u2018Vivileg\u2019 - Sz\u00e9leslevel\u0171 ez\u00fcstfa - T\u00e1jkert\u00e9sz<\/title>\n<meta name=\"description\" content=\"Az Eleagnus ebbingei \u2018Vivileg\u2019 - Sz\u00e9leslevel\u0171 ez\u00fcstfa ez\u00fcstfa egy k\u00f6zepes m\u00e9ret\u0171, \u00f6r\u00f6kz\u00f6ld cserje, amely k\u00fcl\u00f6n\u00f6sen n\u00e9pszer\u0171 a kertekben \u00e9s parkokban.\" \/>\n<meta name=\"robots\" content=\"index, follow, max-snippet:-1, max-image-preview:large, max-video-preview:-1\" \/>\n<link rel=\"canonical\" href=\"https:\/\/tajkertesz.com\/en_US\/product\/eleagnus-ebbingei-vivileg-ezustfa-2\/\" \/>\n<meta property=\"og:locale\" content=\"en_US\" \/>\n<meta property=\"og:type\" content=\"article\" \/>\n<meta property=\"og:title\" content=\"Eleagnus ebbingei \u2018Vivileg\u2019 - Sz\u00e9leslevel\u0171 ez\u00fcstfa - T\u00e1jkert\u00e9sz\" \/>\n<meta property=\"og:description\" content=\"Az Eleagnus ebbingei \u2018Vivileg\u2019 - Sz\u00e9leslevel\u0171 ez\u00fcstfa ez\u00fcstfa egy k\u00f6zepes m\u00e9ret\u0171, \u00f6r\u00f6kz\u00f6ld cserje, amely k\u00fcl\u00f6n\u00f6sen n\u00e9pszer\u0171 a kertekben \u00e9s parkokban.\" \/>\n<meta property=\"og:url\" content=\"https:\/\/tajkertesz.com\/en_US\/product\/eleagnus-ebbingei-vivileg-ezustfa-2\/\" \/>\n<meta property=\"og:site_name\" content=\"T\u00e1jkert\u00e9sz\" \/>\n<meta property=\"article:publisher\" content=\"https:\/\/www.facebook.com\/Tajkertesz\/\" \/>\n<meta property=\"article:modified_time\" content=\"2026-02-24T11:50:43+00:00\" \/>\n<meta property=\"og:image\" content=\"https:\/\/tajkertesz.com\/wp-content\/uploads\/2022\/10\/20221025_085909-1-scaled.jpg\" \/>\n\t<meta property=\"og:image:width\" content=\"1154\" \/>\n\t<meta property=\"og:image:height\" content=\"2560\" \/>\n\t<meta property=\"og:image:type\" content=\"image\/jpeg\" \/>\n<meta name=\"twitter:card\" content=\"summary_large_image\" \/>\n<meta name=\"twitter:label1\" content=\"Est. reading time\" \/>\n\t<meta name=\"twitter:data1\" content=\"3 minutes\" \/>\n<script type=\"application\/ld+json\" class=\"yoast-schema-graph\">{\"@context\":\"https:\\\/\\\/schema.org\",\"@graph\":[{\"@type\":\"WebPage\",\"@id\":\"https:\\\/\\\/tajkertesz.com\\\/termek\\\/eleagnus-ebbingei-vivileg-ezustfa-2\\\/\",\"url\":\"https:\\\/\\\/tajkertesz.com\\\/termek\\\/eleagnus-ebbingei-vivileg-ezustfa-2\\\/\",\"name\":\"Eleagnus ebbingei \u2018Vivileg\u2019 - Sz\u00e9leslevel\u0171 ez\u00fcstfa - T\u00e1jkert\u00e9sz\",\"isPartOf\":{\"@id\":\"https:\\\/\\\/tajkertesz.com\\\/#website\"},\"primaryImageOfPage\":{\"@id\":\"https:\\\/\\\/tajkertesz.com\\\/termek\\\/eleagnus-ebbingei-vivileg-ezustfa-2\\\/#primaryimage\"},\"image\":{\"@id\":\"https:\\\/\\\/tajkertesz.com\\\/termek\\\/eleagnus-ebbingei-vivileg-ezustfa-2\\\/#primaryimage\"},\"thumbnailUrl\":\"https:\\\/\\\/tajkertesz.com\\\/wp-content\\\/uploads\\\/2022\\\/10\\\/20221025_085909-1-scaled.jpg\",\"datePublished\":\"2024-10-24T08:15:57+00:00\",\"dateModified\":\"2026-02-24T11:50:43+00:00\",\"description\":\"Az Eleagnus ebbingei \u2018Vivileg\u2019 - Sz\u00e9leslevel\u0171 ez\u00fcstfa ez\u00fcstfa egy k\u00f6zepes m\u00e9ret\u0171, \u00f6r\u00f6kz\u00f6ld cserje, amely k\u00fcl\u00f6n\u00f6sen n\u00e9pszer\u0171 a kertekben \u00e9s parkokban.\",\"breadcrumb\":{\"@id\":\"https:\\\/\\\/tajkertesz.com\\\/termek\\\/eleagnus-ebbingei-vivileg-ezustfa-2\\\/#breadcrumb\"},\"inLanguage\":\"en-US\",\"potentialAction\":[{\"@type\":\"ReadAction\",\"target\":[\"https:\\\/\\\/tajkertesz.com\\\/termek\\\/eleagnus-ebbingei-vivileg-ezustfa-2\\\/\"]}]},{\"@type\":\"ImageObject\",\"inLanguage\":\"en-US\",\"@id\":\"https:\\\/\\\/tajkertesz.com\\\/termek\\\/eleagnus-ebbingei-vivileg-ezustfa-2\\\/#primaryimage\",\"url\":\"https:\\\/\\\/tajkertesz.com\\\/wp-content\\\/uploads\\\/2022\\\/10\\\/20221025_085909-1-scaled.jpg\",\"contentUrl\":\"https:\\\/\\\/tajkertesz.com\\\/wp-content\\\/uploads\\\/2022\\\/10\\\/20221025_085909-1-scaled.jpg\",\"width\":1154,\"height\":2560,\"caption\":\"Elaeagnus ebbingei \u2018Vivileg\u2019 - Ez\u00fcstfa\"},{\"@type\":\"BreadcrumbList\",\"@id\":\"https:\\\/\\\/tajkertesz.com\\\/termek\\\/eleagnus-ebbingei-vivileg-ezustfa-2\\\/#breadcrumb\",\"itemListElement\":[{\"@type\":\"ListItem\",\"position\":1,\"name\":\"Home\",\"item\":\"https:\\\/\\\/tajkertesz.com\\\/\"},{\"@type\":\"ListItem\",\"position\":2,\"name\":\"Kezd\u0151lap\",\"item\":\"https:\\\/\\\/tajkertesz.com\\\/\"},{\"@type\":\"ListItem\",\"position\":3,\"name\":\"Eleagnus ebbingei \u2018Vivileg\u2019 &#8211; Sz\u00e9leslevel\u0171 ez\u00fcstfa\"}]},{\"@type\":\"WebSite\",\"@id\":\"https:\\\/\\\/tajkertesz.com\\\/#website\",\"url\":\"https:\\\/\\\/tajkertesz.com\\\/\",\"name\":\"T\u00e1j-Kert\u00e9sz 84 Kft.\",\"description\":\"Kert\u00e9szeti kis- \u00e9s nagykeresked\u00e9s, D\u00edszn\u00f6v\u00e9ny web\u00e1ruh\u00e1z orsz\u00e1gos h\u00e1zhozsz\u00e1ll\u00edt\u00e1ssal!\",\"publisher\":{\"@id\":\"https:\\\/\\\/tajkertesz.com\\\/#organization\"},\"potentialAction\":[{\"@type\":\"SearchAction\",\"target\":{\"@type\":\"EntryPoint\",\"urlTemplate\":\"https:\\\/\\\/tajkertesz.com\\\/?s={search_term_string}\"},\"query-input\":{\"@type\":\"PropertyValueSpecification\",\"valueRequired\":true,\"valueName\":\"search_term_string\"}}],\"inLanguage\":\"en-US\"},{\"@type\":\"Organization\",\"@id\":\"https:\\\/\\\/tajkertesz.com\\\/#organization\",\"name\":\"T\u00e1j-Kert\u00e9sz 84 Kft.\",\"url\":\"https:\\\/\\\/tajkertesz.com\\\/\",\"logo\":{\"@type\":\"ImageObject\",\"inLanguage\":\"en-US\",\"@id\":\"https:\\\/\\\/tajkertesz.com\\\/#\\\/schema\\\/logo\\\/image\\\/\",\"url\":\"https:\\\/\\\/tajkertesz.com\\\/wp-content\\\/uploads\\\/2018\\\/02\\\/logo-2-e1518678052539.png\",\"contentUrl\":\"https:\\\/\\\/tajkertesz.com\\\/wp-content\\\/uploads\\\/2018\\\/02\\\/logo-2-e1518678052539.png\",\"width\":81,\"height\":140,\"caption\":\"T\u00e1j-Kert\u00e9sz 84 Kft.\"},\"image\":{\"@id\":\"https:\\\/\\\/tajkertesz.com\\\/#\\\/schema\\\/logo\\\/image\\\/\"},\"sameAs\":[\"https:\\\/\\\/www.facebook.com\\\/Tajkertesz\\\/\"]}]}<\/script>\n<!-- \/ Yoast SEO plugin. -->","yoast_head_json":{"title":"Eleagnus ebbingei \u2018Vivileg\u2019 - Sz\u00e9leslevel\u0171 ez\u00fcstfa - T\u00e1jkert\u00e9sz","description":"Az Eleagnus ebbingei \u2018Vivileg\u2019 - Sz\u00e9leslevel\u0171 ez\u00fcstfa ez\u00fcstfa egy k\u00f6zepes m\u00e9ret\u0171, \u00f6r\u00f6kz\u00f6ld cserje, amely k\u00fcl\u00f6n\u00f6sen n\u00e9pszer\u0171 a kertekben \u00e9s parkokban.","robots":{"index":"index","follow":"follow","max-snippet":"max-snippet:-1","max-image-preview":"max-image-preview:large","max-video-preview":"max-video-preview:-1"},"canonical":"https:\/\/tajkertesz.com\/en_US\/product\/eleagnus-ebbingei-vivileg-ezustfa-2\/","og_locale":"en_US","og_type":"article","og_title":"Eleagnus ebbingei \u2018Vivileg\u2019 - Sz\u00e9leslevel\u0171 ez\u00fcstfa - T\u00e1jkert\u00e9sz","og_description":"Az Eleagnus ebbingei \u2018Vivileg\u2019 - Sz\u00e9leslevel\u0171 ez\u00fcstfa ez\u00fcstfa egy k\u00f6zepes m\u00e9ret\u0171, \u00f6r\u00f6kz\u00f6ld cserje, amely k\u00fcl\u00f6n\u00f6sen n\u00e9pszer\u0171 a kertekben \u00e9s parkokban.","og_url":"https:\/\/tajkertesz.com\/en_US\/product\/eleagnus-ebbingei-vivileg-ezustfa-2\/","og_site_name":"T\u00e1jkert\u00e9sz","article_publisher":"https:\/\/www.facebook.com\/Tajkertesz\/","article_modified_time":"2026-02-24T11:50:43+00:00","og_image":[{"width":1154,"height":2560,"url":"https:\/\/tajkertesz.com\/wp-content\/uploads\/2022\/10\/20221025_085909-1-scaled.jpg","type":"image\/jpeg"}],"twitter_card":"summary_large_image","twitter_misc":{"Est. reading time":"3 minutes"},"schema":{"@context":"https:\/\/schema.org","@graph":[{"@type":"WebPage","@id":"https:\/\/tajkertesz.com\/termek\/eleagnus-ebbingei-vivileg-ezustfa-2\/","url":"https:\/\/tajkertesz.com\/termek\/eleagnus-ebbingei-vivileg-ezustfa-2\/","name":"Eleagnus ebbingei \u2018Vivileg\u2019 - Sz\u00e9leslevel\u0171 ez\u00fcstfa - T\u00e1jkert\u00e9sz","isPartOf":{"@id":"https:\/\/tajkertesz.com\/#website"},"primaryImageOfPage":{"@id":"https:\/\/tajkertesz.com\/termek\/eleagnus-ebbingei-vivileg-ezustfa-2\/#primaryimage"},"image":{"@id":"https:\/\/tajkertesz.com\/termek\/eleagnus-ebbingei-vivileg-ezustfa-2\/#primaryimage"},"thumbnailUrl":"https:\/\/tajkertesz.com\/wp-content\/uploads\/2022\/10\/20221025_085909-1-scaled.jpg","datePublished":"2024-10-24T08:15:57+00:00","dateModified":"2026-02-24T11:50:43+00:00","description":"Az Eleagnus ebbingei \u2018Vivileg\u2019 - Sz\u00e9leslevel\u0171 ez\u00fcstfa ez\u00fcstfa egy k\u00f6zepes m\u00e9ret\u0171, \u00f6r\u00f6kz\u00f6ld cserje, amely k\u00fcl\u00f6n\u00f6sen n\u00e9pszer\u0171 a kertekben \u00e9s parkokban.","breadcrumb":{"@id":"https:\/\/tajkertesz.com\/termek\/eleagnus-ebbingei-vivileg-ezustfa-2\/#breadcrumb"},"inLanguage":"en-US","potentialAction":[{"@type":"ReadAction","target":["https:\/\/tajkertesz.com\/termek\/eleagnus-ebbingei-vivileg-ezustfa-2\/"]}]},{"@type":"ImageObject","inLanguage":"en-US","@id":"https:\/\/tajkertesz.com\/termek\/eleagnus-ebbingei-vivileg-ezustfa-2\/#primaryimage","url":"https:\/\/tajkertesz.com\/wp-content\/uploads\/2022\/10\/20221025_085909-1-scaled.jpg","contentUrl":"https:\/\/tajkertesz.com\/wp-content\/uploads\/2022\/10\/20221025_085909-1-scaled.jpg","width":1154,"height":2560,"caption":"Elaeagnus ebbingei \u2018Vivileg\u2019 - Ez\u00fcstfa"},{"@type":"BreadcrumbList","@id":"https:\/\/tajkertesz.com\/termek\/eleagnus-ebbingei-vivileg-ezustfa-2\/#breadcrumb","itemListElement":[{"@type":"ListItem","position":1,"name":"Home","item":"https:\/\/tajkertesz.com\/"},{"@type":"ListItem","position":2,"name":"Kezd\u0151lap","item":"https:\/\/tajkertesz.com\/"},{"@type":"ListItem","position":3,"name":"Eleagnus ebbingei \u2018Vivileg\u2019 &#8211; Sz\u00e9leslevel\u0171 ez\u00fcstfa"}]},{"@type":"WebSite","@id":"https:\/\/tajkertesz.com\/#website","url":"https:\/\/tajkertesz.com\/","name":"T\u00e1j-Kert\u00e9sz 84 Kft.","description":"Kert\u00e9szeti kis- \u00e9s nagykeresked\u00e9s, D\u00edszn\u00f6v\u00e9ny web\u00e1ruh\u00e1z orsz\u00e1gos h\u00e1zhozsz\u00e1ll\u00edt\u00e1ssal!","publisher":{"@id":"https:\/\/tajkertesz.com\/#organization"},"potentialAction":[{"@type":"SearchAction","target":{"@type":"EntryPoint","urlTemplate":"https:\/\/tajkertesz.com\/?s={search_term_string}"},"query-input":{"@type":"PropertyValueSpecification","valueRequired":true,"valueName":"search_term_string"}}],"inLanguage":"en-US"},{"@type":"Organization","@id":"https:\/\/tajkertesz.com\/#organization","name":"T\u00e1j-Kert\u00e9sz 84 Kft.","url":"https:\/\/tajkertesz.com\/","logo":{"@type":"ImageObject","inLanguage":"en-US","@id":"https:\/\/tajkertesz.com\/#\/schema\/logo\/image\/","url":"https:\/\/tajkertesz.com\/wp-content\/uploads\/2018\/02\/logo-2-e1518678052539.png","contentUrl":"https:\/\/tajkertesz.com\/wp-content\/uploads\/2018\/02\/logo-2-e1518678052539.png","width":81,"height":140,"caption":"T\u00e1j-Kert\u00e9sz 84 Kft."},"image":{"@id":"https:\/\/tajkertesz.com\/#\/schema\/logo\/image\/"},"sameAs":["https:\/\/www.facebook.com\/Tajkertesz\/"]}]}},"_links":{"self":[{"href":"https:\/\/tajkertesz.com\/en_US\/wp-json\/wp\/v2\/product\/13936","targetHints":{"allow":["GET"]}}],"collection":[{"href":"https:\/\/tajkertesz.com\/en_US\/wp-json\/wp\/v2\/product"}],"about":[{"href":"https:\/\/tajkertesz.com\/en_US\/wp-json\/wp\/v2\/types\/product"}],"wp:featuredmedia":[{"embeddable":true,"href":"https:\/\/tajkertesz.com\/en_US\/wp-json\/wp\/v2\/media\/21393"}],"wp:attachment":[{"href":"https:\/\/tajkertesz.com\/en_US\/wp-json\/wp\/v2\/media?parent=13936"}],"wp:term":[{"taxonomy":"product_brand","embeddable":true,"href":"https:\/\/tajkertesz.com\/en_US\/wp-json\/wp\/v2\/product_brand?post=13936"},{"taxonomy":"product_cat","embeddable":true,"href":"https:\/\/tajkertesz.com\/en_US\/wp-json\/wp\/v2\/product_cat?post=13936"},{"taxonomy":"product_tag","embeddable":true,"href":"https:\/\/tajkertesz.com\/en_US\/wp-json\/wp\/v2\/product_tag?post=13936"}],"curies":[{"name":"wp","href":"https:\/\/api.w.org\/{rel}","templated":true}]}}