{"id":13950,"date":"2022-10-25T08:11:52","date_gmt":"2022-10-25T08:11:52","guid":{"rendered":"https:\/\/tajkertesz.com\/?post_type=product&#038;p=13950"},"modified":"2026-02-25T13:29:50","modified_gmt":"2026-02-25T13:29:50","slug":"prunus-laurocerasus-novita-orokzold-diszbaber","status":"publish","type":"product","link":"https:\/\/tajkertesz.com\/en_US\/product\/prunus-laurocerasus-novita-orokzold-diszbaber\/","title":{"rendered":"Prunus laurocerasus &#8216;Novita&#8217; &#8211; Bab\u00e9rmeggy"},"content":{"rendered":"<h1>Prunus laurocerasus &#8216;Novita&#8217; &#8211; Bab\u00e9rmeggy<\/h1>\n<p><img loading=\"lazy\" decoding=\"async\" class=\"size-medium wp-image-13947 alignleft\" src=\"https:\/\/tajkertesz.com\/wp-content\/uploads\/2022\/10\/20221025_094647-300x135.jpg\" alt=\"\" width=\"300\" height=\"135\" srcset=\"https:\/\/tajkertesz.com\/wp-content\/uploads\/2022\/10\/20221025_094647-300x135.jpg 300w, https:\/\/tajkertesz.com\/wp-content\/uploads\/2022\/10\/20221025_094647-1024x462.jpg 1024w, https:\/\/tajkertesz.com\/wp-content\/uploads\/2022\/10\/20221025_094647-768x346.jpg 768w, https:\/\/tajkertesz.com\/wp-content\/uploads\/2022\/10\/20221025_094647-1536x692.jpg 1536w, https:\/\/tajkertesz.com\/wp-content\/uploads\/2022\/10\/20221025_094647-2048x923.jpg 2048w, https:\/\/tajkertesz.com\/wp-content\/uploads\/2022\/10\/20221025_094647-18x8.jpg 18w, https:\/\/tajkertesz.com\/wp-content\/uploads\/2022\/10\/20221025_094647-600x270.jpg 600w, https:\/\/tajkertesz.com\/wp-content\/uploads\/2022\/10\/20221025_094647-64x29.jpg 64w\" sizes=\"(max-width: 300px) 100vw, 300px\" \/>A Prunus laurocerasus \u2018Novita\u2019 , Bab\u00e9rmeggy egy olyan n\u00f6v\u00e9ny mely kiv\u00e1l\u00f3an alkalmas \u00f6r\u00f6kz\u00f6ld s\u00f6v\u00e9nynek.<\/p>\n<h2>Prunus laurocerasus &#8216;Novita&#8217; jellemz\u0151i:<\/h2>\n<p>Ha gyors n\u00f6veked\u00e9s\u0171 s\u00f6v\u00e9nyt szeretn\u00e9nk, akkor biztosan j\u00f3 v\u00e1laszt\u00e1s a bab\u00e9rmeggy ezen fajt\u00e1ja.<\/p>\n<h3>Bab\u00e9rmeggy gondoz\u00e1sa:<\/h3>\n<p>C\u00e9lszer\u0171 \u00e9vente\u00a0 2x megmetszeni, de ny\u00edratlanul is dekorat\u00edv n\u00f6v\u00e9ny.<\/p>\n<p>F\u00e9nyes, \u00e9l\u00e9nkz\u00f6ld sz\u00edn\u0171, k\u00f6zepesen nagy\u00a0 level\u0171 n\u00f6v\u00e9ny. Nagyon sz\u00edv\u00f3s , j\u00f3l t\u0171ri a teleinket, napra \u00e9s f\u00e9l\u00e1rny\u00e9kba is \u00fcltethet\u0151.<\/p>\n<p>Fontos m\u00e9g megeml\u00edteni ,hogy k\u00f3rokoz\u00f3k, k\u00e1rtev\u0151k ellen rezisztens.<\/p>\n<p>\u00dcltet\u00e9sekor fontos, hogy a g\u00f6d\u00f6rbe ker\u00fclj\u00f6n marhatr\u00e1gya ,vagy mag\u00e1t az \u00fcltet\u00e9st v\u00e9gezz\u00fck \u00f6r\u00f6kz\u00f6ld \u00fcltet\u0151 f\u00f6lddel.<\/p>\n<h4><strong>\ud83d\udd04 K\u00e9szletinform\u00e1ci\u00f3<\/strong><\/h4>\n<p><strong>K\u00e9szlet\u00fcnk napi szinten v\u00e1ltozik, \u00edgy a webshopban szerepl<\/strong><strong>\u0151<\/strong><strong>\u00a0term\u00e9kek el\u00e9rhet<\/strong><strong>\u0151<\/strong><strong>s\u00e9ge nem garant\u00e1lt.<br \/>\n\ud83d\udcde A megrendel\u00e9s el<\/strong><strong>\u0151<\/strong><strong>tt k\u00e9rj\u00fck, \u00e9rdekl<\/strong><strong>\u0151<\/strong><strong>dj\u00f6n szem\u00e9lyesen, telefonon vagy e-mailben!<\/strong><\/p>\n<h4><strong>\u27a1\ufe0f Kapcsolat:<\/strong><\/h4>\n<ul>\n<li><strong>Weboldal:\u00a0<\/strong><a href=\"https:\/\/tajkertesz.com\/\"><strong>tajkertesz.com<\/strong><\/a><\/li>\n<li><strong>Facebook:\u00a0<\/strong><a href=\"https:\/\/www.facebook.com\/tajkertesz\/\"><strong>facebook.com\/tajkertesz<\/strong><\/a><\/li>\n<li><strong>Telefonsz\u00e1m, e-mail: +36\/20-319-3770\u00a0<\/strong><a href=\"mailto:tajkerteszaruda@gmail.com\"><strong>tajkerteszaruda@gmail.com<\/strong><\/a><\/li>\n<\/ul>\n<h4><strong>\ud83d\ude9a Sz\u00e1ll\u00edt\u00e1si inform\u00e1ci\u00f3k<\/strong><\/h4>\n<p><strong>A megrendelt n\u00f6v\u00e9nyek kisz\u00e1ll\u00edt\u00e1sa az al\u00e1bbi felt\u00e9telek mellett t\u00f6rt\u00e9nik:<\/strong><\/p>\n<h4><strong>\ud83d\udce6 Fut\u00e1rszolg\u00e1latos sz\u00e1ll\u00edt\u00e1s<\/strong><\/h4>\n<ul>\n<li><strong>Maxim\u00e1lis m\u00e9ret: 200 cm (hossz\u00fas\u00e1g)<\/strong><\/li>\n<li><strong>Maxim\u00e1lis s\u00faly: 40 kg<\/strong><\/li>\n<li><strong>Az enn\u00e9l kisebb \u00e9s k\u00f6nnyebb csomagokat fut\u00e1rszolg\u00e1lattal k\u00e9zbes\u00edtj\u00fck a lehet<\/strong><strong>\u0151<\/strong><strong>\u00a0legbiztons\u00e1gosabb csomagol\u00e1sban.<\/strong><\/li>\n<\/ul>\n<h4><strong>\ud83d\udefb Szem\u00e9lyes \u00e1tv\u00e9tel<\/strong><\/h4>\n<ul>\n<li><strong>1173 Budapest, Bakancsos utca 7. sz\u00e1m alatt nyitvatart\u00e1si id<\/strong><strong>\u0151<\/strong><strong>ben szem\u00e9lyesen \u00e1tvehet<\/strong><strong>\u0151<\/strong><strong>\u00a0kert\u00e9szeti \u00e1rud\u00e1nkban.<\/strong><\/li>\n<li><strong>K\u00f6lts\u00e9ghat\u00e9kony megold\u00e1s nagyobb, t\u00f6r\u00e9kenyebb vagy t\u00falm\u00e9retes n\u00f6v\u00e9nyek eset\u00e9n.<\/strong><\/li>\n<\/ul>\n<h4><strong>\ud83d\udcde Nagy m\u00e9ret<\/strong><strong>\u0171<\/strong><strong>\u00a0vagy s\u00faly\u00fa n\u00f6v\u00e9nyek eset\u00e9n<\/strong><\/h4>\n<p><strong>Ha a term\u00e9k:<\/strong><\/p>\n<ul>\n<li><strong>meghaladja a 200 cm hossz\u00fas\u00e1got vagy<\/strong><\/li>\n<li><strong>meghaladja a 40 kg s\u00falyt,<\/strong><\/li>\n<\/ul>\n<p><strong>akkor szem\u00e9lyes \u00e1tv\u00e9tellel vagy egyedi, el<\/strong><strong>\u0151<\/strong><strong>re egyeztetett sz\u00e1ll\u00edt\u00e1si felt\u00e9telek mellett t\u00f6rt\u00e9nik.<br \/>\nK\u00e9rj\u00fck, ilyen esetben rendel\u00e9s el<\/strong><strong>\u0151<\/strong><strong>tt vegye fel vel\u00fcnk a kapcsolatot, hogy a lehet<\/strong><strong>\u0151<\/strong><strong>\u00a0legmegfelel<\/strong><strong>\u0151<\/strong><strong>bb sz\u00e1ll\u00edt\u00e1si megold\u00e1st k\u00edn\u00e1lhassuk.<\/strong><\/p>\n<p><strong>\ud83d\udd14 Fontos: A n\u00f6v\u00e9nyeket minden esetben igyeksz\u00fcnk gondosan, egyes\u00e9vel csomagolni, azonban a sz\u00e1ll\u00edt\u00e1s sor\u00e1n kisebb eszt\u00e9tikai s\u00e9r\u00fcl\u00e9sek el<\/strong><strong>\u0151<\/strong><strong>fordulhatnak (pl. lev\u00e9lhull\u00e1s). Ez nem min<\/strong><strong>\u0151<\/strong><strong>s\u00fcl hib\u00e1s teljes\u00edt\u00e9snek.<\/strong><\/p>\n<h4><strong>\ud83d\udcf7 Fontos tudni a k\u00e9pekr<\/strong><strong>\u0151<\/strong><strong>l<\/strong><\/h4>\n<p><strong>A webshopban szerepl<\/strong><strong>\u0151<\/strong><strong>\u00a0k\u00e9pek illusztr\u00e1ci\u00f3k, a n\u00f6v\u00e9nyek term\u00e9szet\u00fckn\u00e9l fogva egyediek, \u00edgy m\u00e9retben, alakban \u00e9s sz\u00ednben minim\u00e1lis elt\u00e9r\u00e9sek el<\/strong><strong>\u0151<\/strong><strong>fordulhatnak a k\u00e9pen l\u00e1that\u00f3 \u00e9s a val\u00f3s p\u00e9ld\u00e1nyok k\u00f6z\u00f6tt.<\/strong><\/p>\n<h4><strong>\ud83e\uddfe \u00c1rak \u00e9s el\u00e1ll\u00e1si jog<\/strong><\/h4>\n<ul>\n<li><strong>Az \u00e1rak egy darab\u00a0n\u00f6v\u00e9nyre vonatkoznak.<\/strong><\/li>\n<li><strong>\u00c9l<\/strong><strong>\u0151<\/strong><strong>\u00a0n\u00f6v\u00e9nyek rendel\u00e9se eset\u00e9n a 14 napos el\u00e1ll\u00e1s joga nem \u00e9rv\u00e9nyes\u00edthet<\/strong><strong>\u0151<\/strong><strong>, mivel azok romland\u00f3, biol\u00f3giailag \u00e9l<\/strong><strong>\u0151<\/strong><strong>\u00a0term\u00e9keknek min<\/strong><strong>\u0151<\/strong><strong>s\u00fclnek.<br \/>\n\ud83d\udd12 (17\/1999. (II. 5.) Korm. rendelet 5. \u00a7 c) pontja alapj\u00e1n)<\/strong><\/li>\n<\/ul>\n<h4><strong>\ud83d\udce6 K\u00e9zbes\u00edt\u00e9s ut\u00e1ni teend<\/strong><strong>\u0151<\/strong><strong>k<\/strong><\/h4>\n<p><strong>A k\u00e9zbes\u00edt\u00e9st k\u00f6vet<\/strong><strong>\u0151<\/strong><strong>en a csomagot azonnal bontsuk ki, \u00e9s a n\u00f6v\u00e9nyt helyezz\u00fck el megfelel<\/strong><strong>\u0151<\/strong><strong>\u00a0k\u00f6rnyezetben.<br \/>\nFontos: ha a n\u00f6v\u00e9ny nem r\u00e9szes\u00fcl megfelel<\/strong><strong>\u0151<\/strong><strong>\u00a0gondoz\u00e1sban \u00e9s ennek k\u00f6vetkezt\u00e9ben k\u00e1rosodik vagy elpusztul, felel<\/strong><strong>\u0151<\/strong><strong>ss\u00e9get nem tudunk v\u00e1llalni.<\/strong><\/p>","protected":false},"excerpt":{"rendered":"<p><strong><em>Eg\u00e9sz \u00e9vben \u00fcltethet\u0151 \u00f6r\u00f6kz\u00f6ld lomblevel\u0171 d\u00edszcserje!<\/em><\/strong><\/p>\n<ul>\n<li>Kont\u00e9ner m\u00e9rete: 3L<\/li>\n<li>Magass\u00e1ga: 30\/40cm<\/li>\n<li>S\u0171r\u0171, t\u00f6bb \u00e1gas p\u00e9ld\u00e1nyok<\/li>\n<\/ul>","protected":false},"featured_media":16919,"template":"","meta":{"_et_pb_use_builder":"","_et_pb_old_content":"","_et_gb_content_width":""},"product_brand":[],"product_cat":[4192],"product_tag":[1276,6465,1275,24,8081,528],"class_list":{"0":"post-13950","1":"product","2":"type-product","3":"status-publish","4":"has-post-thumbnail","6":"product_cat-orokzold-diszbaberok-prunus-laurocerasus","7":"product_tag-babermeggy","8":"product_tag-babermeggy-soveny","9":"product_tag-novita","10":"product_tag-orokzold","11":"product_tag-prunus-laurocerasus-novita-babermeggy","12":"product_tag-soveny","14":"first","15":"instock","16":"shipping-taxable","17":"purchasable","18":"product-type-simple"},"yoast_head":"<!-- This site is optimized with the Yoast SEO plugin v27.4 - https:\/\/yoast.com\/product\/yoast-seo-wordpress\/ -->\n<title>Prunus laurocerasus &#039;Novita&#039; - Bab\u00e9rmeggy - T\u00e1jkert\u00e9sz<\/title>\n<meta name=\"description\" content=\"A Prunus laurocerasus \u2018Novita\u2019 , Bab\u00e9rmeggy egy olyan n\u00f6v\u00e9ny mely kiv\u00e1l\u00f3an alkalmas \u00f6r\u00f6kz\u00f6ld s\u00f6v\u00e9nynek. V\u00e1s\u00e1roljon web\u00e1ruh\u00e1zunkb\u00f3l csod\u00e1latos n\u00f6v\u00e9nyeket!\" \/>\n<meta name=\"robots\" content=\"index, follow, max-snippet:-1, max-image-preview:large, max-video-preview:-1\" \/>\n<link rel=\"canonical\" href=\"https:\/\/tajkertesz.com\/en_US\/product\/prunus-laurocerasus-novita-orokzold-diszbaber\/\" \/>\n<meta property=\"og:locale\" content=\"en_US\" \/>\n<meta property=\"og:type\" content=\"article\" \/>\n<meta property=\"og:title\" content=\"https:\/\/www.facebook.com\/tajkertesz\" \/>\n<meta property=\"og:description\" content=\"A Prunus laurocerasus \u2018Novita\u2019 , Bab\u00e9rmeggy egy olyan n\u00f6v\u00e9ny mely kiv\u00e1l\u00f3an alkalmas \u00f6r\u00f6kz\u00f6ld s\u00f6v\u00e9nynek.Ha gyors n\u00f6veked\u00e9s\u0171 s\u00f6v\u00e9nyt szeretn\u00e9nk, akkor biztosan j\u00f3 v\u00e1laszt\u00e1s a bab\u00e9rmeggy ezen fajt\u00e1ja.\" \/>\n<meta property=\"og:url\" content=\"https:\/\/tajkertesz.com\/en_US\/product\/prunus-laurocerasus-novita-orokzold-diszbaber\/\" \/>\n<meta property=\"og:site_name\" content=\"T\u00e1jkert\u00e9sz\" \/>\n<meta property=\"article:publisher\" content=\"https:\/\/www.facebook.com\/Tajkertesz\/\" \/>\n<meta property=\"article:modified_time\" content=\"2026-02-25T13:29:50+00:00\" \/>\n<meta property=\"og:image\" content=\"https:\/\/tajkertesz.com\/wp-content\/uploads\/2022\/10\/20230914_140607-1-scaled.jpg\" \/>\n\t<meta property=\"og:image:width\" content=\"1154\" \/>\n\t<meta property=\"og:image:height\" content=\"2560\" \/>\n\t<meta property=\"og:image:type\" content=\"image\/jpeg\" \/>\n<meta name=\"twitter:card\" content=\"summary_large_image\" \/>\n<meta name=\"twitter:label1\" content=\"Est. reading time\" \/>\n\t<meta name=\"twitter:data1\" content=\"3 minutes\" \/>\n<script type=\"application\/ld+json\" class=\"yoast-schema-graph\">{\"@context\":\"https:\\\/\\\/schema.org\",\"@graph\":[{\"@type\":\"WebPage\",\"@id\":\"https:\\\/\\\/tajkertesz.com\\\/termek\\\/prunus-laurocerasus-novita-orokzold-diszbaber\\\/\",\"url\":\"https:\\\/\\\/tajkertesz.com\\\/termek\\\/prunus-laurocerasus-novita-orokzold-diszbaber\\\/\",\"name\":\"Prunus laurocerasus 'Novita' - Bab\u00e9rmeggy - T\u00e1jkert\u00e9sz\",\"isPartOf\":{\"@id\":\"https:\\\/\\\/tajkertesz.com\\\/#website\"},\"primaryImageOfPage\":{\"@id\":\"https:\\\/\\\/tajkertesz.com\\\/termek\\\/prunus-laurocerasus-novita-orokzold-diszbaber\\\/#primaryimage\"},\"image\":{\"@id\":\"https:\\\/\\\/tajkertesz.com\\\/termek\\\/prunus-laurocerasus-novita-orokzold-diszbaber\\\/#primaryimage\"},\"thumbnailUrl\":\"https:\\\/\\\/tajkertesz.com\\\/wp-content\\\/uploads\\\/2022\\\/10\\\/20230914_140607-1-scaled.jpg\",\"datePublished\":\"2022-10-25T08:11:52+00:00\",\"dateModified\":\"2026-02-25T13:29:50+00:00\",\"description\":\"A Prunus laurocerasus \u2018Novita\u2019 , Bab\u00e9rmeggy egy olyan n\u00f6v\u00e9ny mely kiv\u00e1l\u00f3an alkalmas \u00f6r\u00f6kz\u00f6ld s\u00f6v\u00e9nynek. V\u00e1s\u00e1roljon web\u00e1ruh\u00e1zunkb\u00f3l csod\u00e1latos n\u00f6v\u00e9nyeket!\",\"breadcrumb\":{\"@id\":\"https:\\\/\\\/tajkertesz.com\\\/termek\\\/prunus-laurocerasus-novita-orokzold-diszbaber\\\/#breadcrumb\"},\"inLanguage\":\"en-US\",\"potentialAction\":[{\"@type\":\"ReadAction\",\"target\":[\"https:\\\/\\\/tajkertesz.com\\\/termek\\\/prunus-laurocerasus-novita-orokzold-diszbaber\\\/\"]}]},{\"@type\":\"ImageObject\",\"inLanguage\":\"en-US\",\"@id\":\"https:\\\/\\\/tajkertesz.com\\\/termek\\\/prunus-laurocerasus-novita-orokzold-diszbaber\\\/#primaryimage\",\"url\":\"https:\\\/\\\/tajkertesz.com\\\/wp-content\\\/uploads\\\/2022\\\/10\\\/20230914_140607-1-scaled.jpg\",\"contentUrl\":\"https:\\\/\\\/tajkertesz.com\\\/wp-content\\\/uploads\\\/2022\\\/10\\\/20230914_140607-1-scaled.jpg\",\"width\":1154,\"height\":2560,\"caption\":\"Prunus laurocerasus 'Novita' - Bab\u00e9rmeggy\"},{\"@type\":\"BreadcrumbList\",\"@id\":\"https:\\\/\\\/tajkertesz.com\\\/termek\\\/prunus-laurocerasus-novita-orokzold-diszbaber\\\/#breadcrumb\",\"itemListElement\":[{\"@type\":\"ListItem\",\"position\":1,\"name\":\"Home\",\"item\":\"https:\\\/\\\/tajkertesz.com\\\/\"},{\"@type\":\"ListItem\",\"position\":2,\"name\":\"Kezd\u0151lap\",\"item\":\"https:\\\/\\\/tajkertesz.com\\\/\"},{\"@type\":\"ListItem\",\"position\":3,\"name\":\"Prunus laurocerasus &#8216;Novita&#8217; &#8211; Bab\u00e9rmeggy\"}]},{\"@type\":\"WebSite\",\"@id\":\"https:\\\/\\\/tajkertesz.com\\\/#website\",\"url\":\"https:\\\/\\\/tajkertesz.com\\\/\",\"name\":\"T\u00e1j-Kert\u00e9sz 84 Kft.\",\"description\":\"Kert\u00e9szeti kis- \u00e9s nagykeresked\u00e9s, D\u00edszn\u00f6v\u00e9ny web\u00e1ruh\u00e1z orsz\u00e1gos h\u00e1zhozsz\u00e1ll\u00edt\u00e1ssal!\",\"publisher\":{\"@id\":\"https:\\\/\\\/tajkertesz.com\\\/#organization\"},\"potentialAction\":[{\"@type\":\"SearchAction\",\"target\":{\"@type\":\"EntryPoint\",\"urlTemplate\":\"https:\\\/\\\/tajkertesz.com\\\/?s={search_term_string}\"},\"query-input\":{\"@type\":\"PropertyValueSpecification\",\"valueRequired\":true,\"valueName\":\"search_term_string\"}}],\"inLanguage\":\"en-US\"},{\"@type\":\"Organization\",\"@id\":\"https:\\\/\\\/tajkertesz.com\\\/#organization\",\"name\":\"T\u00e1j-Kert\u00e9sz 84 Kft.\",\"url\":\"https:\\\/\\\/tajkertesz.com\\\/\",\"logo\":{\"@type\":\"ImageObject\",\"inLanguage\":\"en-US\",\"@id\":\"https:\\\/\\\/tajkertesz.com\\\/#\\\/schema\\\/logo\\\/image\\\/\",\"url\":\"https:\\\/\\\/tajkertesz.com\\\/wp-content\\\/uploads\\\/2018\\\/02\\\/logo-2-e1518678052539.png\",\"contentUrl\":\"https:\\\/\\\/tajkertesz.com\\\/wp-content\\\/uploads\\\/2018\\\/02\\\/logo-2-e1518678052539.png\",\"width\":81,\"height\":140,\"caption\":\"T\u00e1j-Kert\u00e9sz 84 Kft.\"},\"image\":{\"@id\":\"https:\\\/\\\/tajkertesz.com\\\/#\\\/schema\\\/logo\\\/image\\\/\"},\"sameAs\":[\"https:\\\/\\\/www.facebook.com\\\/Tajkertesz\\\/\"]}]}<\/script>\n<!-- \/ Yoast SEO plugin. -->","yoast_head_json":{"title":"Prunus laurocerasus 'Novita' - Bab\u00e9rmeggy - T\u00e1jkert\u00e9sz","description":"A Prunus laurocerasus \u2018Novita\u2019 , Bab\u00e9rmeggy egy olyan n\u00f6v\u00e9ny mely kiv\u00e1l\u00f3an alkalmas \u00f6r\u00f6kz\u00f6ld s\u00f6v\u00e9nynek. V\u00e1s\u00e1roljon web\u00e1ruh\u00e1zunkb\u00f3l csod\u00e1latos n\u00f6v\u00e9nyeket!","robots":{"index":"index","follow":"follow","max-snippet":"max-snippet:-1","max-image-preview":"max-image-preview:large","max-video-preview":"max-video-preview:-1"},"canonical":"https:\/\/tajkertesz.com\/en_US\/product\/prunus-laurocerasus-novita-orokzold-diszbaber\/","og_locale":"en_US","og_type":"article","og_title":"https:\/\/www.facebook.com\/tajkertesz","og_description":"A Prunus laurocerasus \u2018Novita\u2019 , Bab\u00e9rmeggy egy olyan n\u00f6v\u00e9ny mely kiv\u00e1l\u00f3an alkalmas \u00f6r\u00f6kz\u00f6ld s\u00f6v\u00e9nynek.Ha gyors n\u00f6veked\u00e9s\u0171 s\u00f6v\u00e9nyt szeretn\u00e9nk, akkor biztosan j\u00f3 v\u00e1laszt\u00e1s a bab\u00e9rmeggy ezen fajt\u00e1ja.","og_url":"https:\/\/tajkertesz.com\/en_US\/product\/prunus-laurocerasus-novita-orokzold-diszbaber\/","og_site_name":"T\u00e1jkert\u00e9sz","article_publisher":"https:\/\/www.facebook.com\/Tajkertesz\/","article_modified_time":"2026-02-25T13:29:50+00:00","og_image":[{"width":1154,"height":2560,"url":"https:\/\/tajkertesz.com\/wp-content\/uploads\/2022\/10\/20230914_140607-1-scaled.jpg","type":"image\/jpeg"}],"twitter_card":"summary_large_image","twitter_misc":{"Est. reading time":"3 minutes"},"schema":{"@context":"https:\/\/schema.org","@graph":[{"@type":"WebPage","@id":"https:\/\/tajkertesz.com\/termek\/prunus-laurocerasus-novita-orokzold-diszbaber\/","url":"https:\/\/tajkertesz.com\/termek\/prunus-laurocerasus-novita-orokzold-diszbaber\/","name":"Prunus laurocerasus 'Novita' - Bab\u00e9rmeggy - T\u00e1jkert\u00e9sz","isPartOf":{"@id":"https:\/\/tajkertesz.com\/#website"},"primaryImageOfPage":{"@id":"https:\/\/tajkertesz.com\/termek\/prunus-laurocerasus-novita-orokzold-diszbaber\/#primaryimage"},"image":{"@id":"https:\/\/tajkertesz.com\/termek\/prunus-laurocerasus-novita-orokzold-diszbaber\/#primaryimage"},"thumbnailUrl":"https:\/\/tajkertesz.com\/wp-content\/uploads\/2022\/10\/20230914_140607-1-scaled.jpg","datePublished":"2022-10-25T08:11:52+00:00","dateModified":"2026-02-25T13:29:50+00:00","description":"A Prunus laurocerasus \u2018Novita\u2019 , Bab\u00e9rmeggy egy olyan n\u00f6v\u00e9ny mely kiv\u00e1l\u00f3an alkalmas \u00f6r\u00f6kz\u00f6ld s\u00f6v\u00e9nynek. V\u00e1s\u00e1roljon web\u00e1ruh\u00e1zunkb\u00f3l csod\u00e1latos n\u00f6v\u00e9nyeket!","breadcrumb":{"@id":"https:\/\/tajkertesz.com\/termek\/prunus-laurocerasus-novita-orokzold-diszbaber\/#breadcrumb"},"inLanguage":"en-US","potentialAction":[{"@type":"ReadAction","target":["https:\/\/tajkertesz.com\/termek\/prunus-laurocerasus-novita-orokzold-diszbaber\/"]}]},{"@type":"ImageObject","inLanguage":"en-US","@id":"https:\/\/tajkertesz.com\/termek\/prunus-laurocerasus-novita-orokzold-diszbaber\/#primaryimage","url":"https:\/\/tajkertesz.com\/wp-content\/uploads\/2022\/10\/20230914_140607-1-scaled.jpg","contentUrl":"https:\/\/tajkertesz.com\/wp-content\/uploads\/2022\/10\/20230914_140607-1-scaled.jpg","width":1154,"height":2560,"caption":"Prunus laurocerasus 'Novita' - Bab\u00e9rmeggy"},{"@type":"BreadcrumbList","@id":"https:\/\/tajkertesz.com\/termek\/prunus-laurocerasus-novita-orokzold-diszbaber\/#breadcrumb","itemListElement":[{"@type":"ListItem","position":1,"name":"Home","item":"https:\/\/tajkertesz.com\/"},{"@type":"ListItem","position":2,"name":"Kezd\u0151lap","item":"https:\/\/tajkertesz.com\/"},{"@type":"ListItem","position":3,"name":"Prunus laurocerasus &#8216;Novita&#8217; &#8211; Bab\u00e9rmeggy"}]},{"@type":"WebSite","@id":"https:\/\/tajkertesz.com\/#website","url":"https:\/\/tajkertesz.com\/","name":"T\u00e1j-Kert\u00e9sz 84 Kft.","description":"Kert\u00e9szeti kis- \u00e9s nagykeresked\u00e9s, D\u00edszn\u00f6v\u00e9ny web\u00e1ruh\u00e1z orsz\u00e1gos h\u00e1zhozsz\u00e1ll\u00edt\u00e1ssal!","publisher":{"@id":"https:\/\/tajkertesz.com\/#organization"},"potentialAction":[{"@type":"SearchAction","target":{"@type":"EntryPoint","urlTemplate":"https:\/\/tajkertesz.com\/?s={search_term_string}"},"query-input":{"@type":"PropertyValueSpecification","valueRequired":true,"valueName":"search_term_string"}}],"inLanguage":"en-US"},{"@type":"Organization","@id":"https:\/\/tajkertesz.com\/#organization","name":"T\u00e1j-Kert\u00e9sz 84 Kft.","url":"https:\/\/tajkertesz.com\/","logo":{"@type":"ImageObject","inLanguage":"en-US","@id":"https:\/\/tajkertesz.com\/#\/schema\/logo\/image\/","url":"https:\/\/tajkertesz.com\/wp-content\/uploads\/2018\/02\/logo-2-e1518678052539.png","contentUrl":"https:\/\/tajkertesz.com\/wp-content\/uploads\/2018\/02\/logo-2-e1518678052539.png","width":81,"height":140,"caption":"T\u00e1j-Kert\u00e9sz 84 Kft."},"image":{"@id":"https:\/\/tajkertesz.com\/#\/schema\/logo\/image\/"},"sameAs":["https:\/\/www.facebook.com\/Tajkertesz\/"]}]}},"_links":{"self":[{"href":"https:\/\/tajkertesz.com\/en_US\/wp-json\/wp\/v2\/product\/13950","targetHints":{"allow":["GET"]}}],"collection":[{"href":"https:\/\/tajkertesz.com\/en_US\/wp-json\/wp\/v2\/product"}],"about":[{"href":"https:\/\/tajkertesz.com\/en_US\/wp-json\/wp\/v2\/types\/product"}],"wp:featuredmedia":[{"embeddable":true,"href":"https:\/\/tajkertesz.com\/en_US\/wp-json\/wp\/v2\/media\/16919"}],"wp:attachment":[{"href":"https:\/\/tajkertesz.com\/en_US\/wp-json\/wp\/v2\/media?parent=13950"}],"wp:term":[{"taxonomy":"product_brand","embeddable":true,"href":"https:\/\/tajkertesz.com\/en_US\/wp-json\/wp\/v2\/product_brand?post=13950"},{"taxonomy":"product_cat","embeddable":true,"href":"https:\/\/tajkertesz.com\/en_US\/wp-json\/wp\/v2\/product_cat?post=13950"},{"taxonomy":"product_tag","embeddable":true,"href":"https:\/\/tajkertesz.com\/en_US\/wp-json\/wp\/v2\/product_tag?post=13950"}],"curies":[{"name":"wp","href":"https:\/\/api.w.org\/{rel}","templated":true}]}}