{"id":1407,"date":"2020-03-25T09:10:41","date_gmt":"2020-03-25T09:10:41","guid":{"rendered":"https:\/\/tajkertesz.com\/?post_type=product&#038;p=1407"},"modified":"2023-12-15T09:40:58","modified_gmt":"2023-12-15T09:40:58","slug":"physocarpus-opulifolius-lady-in-red-holyagvesszo","status":"publish","type":"product","link":"https:\/\/tajkertesz.com\/en_US\/product\/physocarpus-opulifolius-lady-in-red-holyagvesszo\/","title":{"rendered":"Physocarpus opulifolius &#8216;Lady in Red&#8217;, H\u00f3lyagvessz\u0151"},"content":{"rendered":"<p>Physocarpus opulifolius &#8216;Lady in Red&#8217; , H\u00f3lyagvessz\u0151<\/p>\n<p>A Physocarpus opulifolius &#8216;Lady in Red&#8217; , H\u00f3lyagvessz\u0151 1 m\u00e9ter magasra n\u00f6v\u0151 lombhullat\u00f3 cserje. Lombja lil\u00e1s -bord\u00f3 sz\u00edn\u0171.<\/p>\n<p>3-5 kar\u00e9jos levelei a labdar\u00f3zs\u00e1ra eml\u00e9keztetnek. J\u00faniusban bogerny\u0151ben hozza r\u00f3zsasz\u00ednes vir\u00e1gait. \u0150sszel piros term\u00e9s\u00e9vel d\u00edsz\u00edt.<\/p>\n<p>Szoliternek , d\u00e9zs\u00e1s n\u00f6v\u00e9nyk\u00e9nt ,vagy cserje csoportba \u00fcltess\u00fck. Dekorat\u00edv lehet s\u00f6v\u00e9nyk\u00e9nt is mivel j\u00f3l ny\u00edrhat\u00f3.<\/p>\n<p>J\u00f3 v\u00e1rost\u0171r\u0151 \u00e9s fagyt\u0171r\u0151.<\/p>\n<p style=\"line-height: 18.0pt; background: white; margin: 0cm 0cm 15.0pt 0cm;\"><span style=\"font-family: 'Ubuntu',serif; color: black;\">El\u00e9rhet\u0151 t\u00f6bbf\u00e9le m\u00e9retben \u00e9s \u00e1rban. Jelen term\u00e9k\u00fcnk magas t\u00f6rzs\u00f6n kaphat\u00f3. MT 80-100cm.\u00a0<\/span><\/p>\n<p style=\"line-height: 18.0pt; background: white; margin: 0cm 0cm 15.0pt 0cm;\"><b><span style=\"font-family: 'Ubuntu',serif; color: black;\">K\u00e9szlet\u00fcnk napi szinten v\u00e1ltozik, ez\u00e9rt k\u00e9rj\u00fck, \u00e9rdekl\u0151dj\u00f6n szem\u00e9lyesen, telefonon vagy email-en.<br \/>\nA v\u00e1ltoztat\u00e1s jog\u00e1t fenntartjuk!\u00a0<\/span><\/b><\/p>\n<p><a href=\"https:\/\/tajkertesz.com\/\">https:\/\/tajkertesz.com\/<\/a><\/p>\n<p><a href=\"https:\/\/en.wikipedia.org\/wiki\/Physocarpus_opulifolius\">https:\/\/en.wikipedia.org\/wiki\/Physocarpus_opulifolius<\/a><\/p>\n<p style=\"font-weight: 400;\"><span style=\"color: #ffffff;\"><b><strong>D\u00edsz\u00edt\u0151\u00e9rt\u00e9k\u00e9t a tavasz v\u00e9g\u00e9n ny\u00edl\u00f3, feh\u00e9r bugavir\u00e1gzata, \u0151sszel hozott piros term\u00e9se, valamint\u00a0<\/strong><\/b>a kar\u00e9jos levelek alkotta z\u00f6ld sz\u00edn\u0171<b><strong>\u00a0lev\u00e9lzet adja, mely \u0151sszel bord\u00f3 \u00e9s narancssz\u00ednben pomp\u00e1zik.<\/strong><\/b><\/span><\/p>\n<p style=\"font-weight: 400;\"><span style=\"color: #ffffff;\">A kert\u00e9szetek nemcsak z\u00f6ld, hanem bord\u00f3s, \u00e9s s\u00e1rg\u00e1sz\u00f6ld level\u0171 v\u00e1ltozatokat is forgalmaznak.\u00a0<b><strong>J\u00f3l mutat k\u00f6tetlenebb s\u00f6v\u00e9nyk\u00e9nt, valamint szoliterk\u00e9nt \u00f6n\u00e1ll\u00f3an \u00fcltetve is.\u00a0<\/strong><\/b>A bangitalevel\u0171 h\u00f3lyagvessz\u0151 a viszonylag kev\u00e9s t\u00f6r\u0151d\u00e9st is gyors n\u00f6veked\u00e9ssel h\u00e1l\u00e1lja meg,\u00a0<b><strong>j\u00f3 v\u00e1ros \u00e9s fagyt\u0171r\u0151 n\u00f6v\u00e9ny.<\/strong><\/b><\/span><\/p>\n<p style=\"font-weight: 400;\"><span style=\"color: #ffffff;\"><b><strong>\u00dcltet\u00e9si hely\u00e9\u00fcl napos, vil\u00e1gos \u00e9s f\u00e9l\u00e1rny\u00e9kos helyet egyar\u00e1nt v\u00e1laszthatunk.<\/strong><\/b>\u00a0A talajjal szemben nincsenek k\u00fcl\u00f6nleges ig\u00e9nyei, \u00e1tlagos t\u00e1panyagtartalm\u00fa, j\u00f3 v\u00edz\u00e1tereszt\u0151 talajban is sz\u00e9pen fejl\u0151dik.<\/span><\/p>\n<p style=\"font-weight: 400;\"><span style=\"color: #ffffff;\">Ha szeretn\u00e9nk metszeni, azt a vir\u00e1gz\u00e1s ut\u00e1nra id\u0151z\u00edts\u00fck. K\u00e1rtev\u0151k \u00e9s betegs\u00e9gek felbukkan\u00e1sa nem jellemz\u0151.<b><strong>\u00a0Szapor\u00edtani ny\u00e1ron lehet z\u00f6lddugv\u00e1nnyal, tavasszal \u00e9s \u0151sszel pedig hajt\u00e1sr\u00f3l.<\/strong><\/b><\/span><\/p>\n<h2><span id=\"Description\" class=\"mw-headline\" style=\"color: #ffffff;\">Description<\/span><\/h2>\n<p><span style=\"color: #ffffff;\">It is a mound-shaped\u00a0<a style=\"color: #ffffff;\" title=\"Deciduous\" href=\"https:\/\/en.wikipedia.org\/wiki\/Deciduous\">deciduous<\/a>\u00a0<a style=\"color: #ffffff;\" title=\"Shrub\" href=\"https:\/\/en.wikipedia.org\/wiki\/Shrub\">shrub<\/a>\u00a0with alternate, simple\u00a0<a style=\"color: #ffffff;\" title=\"Leaf\" href=\"https:\/\/en.wikipedia.org\/wiki\/Leaf\">leaves<\/a>, on arching stems. It has a height from 1\u20133\u00a0m (3\u201310\u00a0ft) and a spread of 1\u20132\u00a0m (4\u20136\u00a0ft).<sup id=\"cite_ref-Kemper_3-0\" class=\"reference\"><a style=\"color: #ffffff;\" href=\"https:\/\/en.wikipedia.org\/wiki\/Physocarpus_opulifolius#cite_note-Kemper-3\">[3]<\/a><\/sup>\u00a0The leaves vary from 3\u201312\u00a0cm (1\u20135\u00a0in) in length, with palmately veined lobes.<sup id=\"cite_ref-Neesom_4-0\" class=\"reference\"><a style=\"color: #ffffff;\" href=\"https:\/\/en.wikipedia.org\/wiki\/Physocarpus_opulifolius#cite_note-Neesom-4\">[4]<\/a><\/sup>\u00a0It is fast-growing, insect- and disease-resistant, and drought-tolerant.<sup id=\"cite_ref-LBJ_5-0\" class=\"reference\"><a style=\"color: #ffffff;\" href=\"https:\/\/en.wikipedia.org\/wiki\/Physocarpus_opulifolius#cite_note-LBJ-5\">[5]<\/a><\/sup>\u00a0The species is adaptable to a very wide range of soil and site conditions, from moist to dry, acid to alkaline, and gravelly to heavy clay; and can grow in partial shade to full sun.<sup id=\"cite_ref-Hoss_6-0\" class=\"reference\"><a style=\"color: #ffffff;\" href=\"https:\/\/en.wikipedia.org\/wiki\/Physocarpus_opulifolius#cite_note-Hoss-6\">[6]<\/a><\/sup>\u00a0The 5-petaled, 6\u20138\u00a0mm (0.24\u20130.31\u00a0in) diameter flowers form in\u00a0<a class=\"mw-redirect\" style=\"color: #ffffff;\" title=\"Corymbs\" href=\"https:\/\/en.wikipedia.org\/wiki\/Corymbs\">corymbs<\/a>.<sup id=\"cite_ref-Hoss_6-1\" class=\"reference\"><a style=\"color: #ffffff;\" href=\"https:\/\/en.wikipedia.org\/wiki\/Physocarpus_opulifolius#cite_note-Hoss-6\">[6]<\/a><\/sup>\u00a0The flowers are white to pinkish, blooming from May to June in North America.<sup id=\"cite_ref-Hoss_6-2\" class=\"reference\"><a style=\"color: #ffffff;\" href=\"https:\/\/en.wikipedia.org\/wiki\/Physocarpus_opulifolius#cite_note-Hoss-6\">[6]<\/a><\/sup>\u00a0In Missouri the fruits ripen from August to early October and are small, dry pods hanging in drooping, papery clusters. The bark peels off in thin papery strips, resembling the number nine in shape, exposing brown inner bark which is the origin of the common name.<sup id=\"cite_ref-Hoss_6-3\" class=\"reference\"><a style=\"color: #ffffff;\" href=\"https:\/\/en.wikipedia.org\/wiki\/Physocarpus_opulifolius#cite_note-Hoss-6\">[6]<\/a><\/sup><\/span><\/p>\n<p>&nbsp;<\/p>\n","protected":false},"excerpt":{"rendered":"<p>A Physocarpus opulifolius &#8216;Lady in Red&#8217; , H\u00f3lyagvessz\u0151 1 m\u00e9ter magasra n\u00f6v\u0151 lombhullat\u00f3 cserje. Lombja lil\u00e1s -bord\u00f3 sz\u00edn\u0171.<\/p>\n<p>3-5 kar\u00e9jos levelei a labdar\u00f3zs\u00e1ra eml\u00e9keztetnek. J\u00faniusban bogerny\u0151ben hozza r\u00f3zsasz\u00ednes vir\u00e1gait. \u0150sszel piros term\u00e9s\u00e9vel d\u00edsz\u00edt.<\/p>\n<p>Szoliternek , d\u00e9zs\u00e1s n\u00f6v\u00e9nyk\u00e9nt ,vagy cserje csoportba \u00fcltess\u00fck. Dekorat\u00edv lehet s\u00f6v\u00e9nyk\u00e9nt is mivel j\u00f3l ny\u00edrhat\u00f3.<\/p>\n<p style=\"line-height: 18.0pt; background: white; margin: 0cm 0cm 15.0pt 0cm;\"><span style=\"font-family: 'Ubuntu',serif; color: black;\">El\u00e9rhet\u0151 t\u00f6bbf\u00e9le m\u00e9retben \u00e9s \u00e1rban. Jelen term\u00e9k\u00fcnk magas t\u00f6rzs\u00f6n kaphat\u00f3. MT 80-100cm.\u00a0<\/span><\/p>","protected":false},"featured_media":1410,"template":"","meta":{"_et_pb_use_builder":"","_et_pb_old_content":"","_et_gb_content_width":""},"product_brand":[],"product_cat":[27,28],"product_tag":[345,344],"class_list":{"0":"post-1407","1":"product","2":"type-product","3":"status-publish","4":"has-post-thumbnail","6":"product_cat-cserjek","7":"product_cat-diszfak","8":"product_tag-holyagvesszo","9":"product_tag-physocarpus-opulifolius-lady-in-red","11":"first","12":"outofstock","13":"shipping-taxable","14":"purchasable","15":"product-type-simple"},"yoast_head":"<!-- This site is optimized with the Yoast SEO plugin v27.4 - https:\/\/yoast.com\/product\/yoast-seo-wordpress\/ -->\n<title>Physocarpus opulifolius &#039;Lady in Red&#039;, H\u00f3lyagvessz\u0151 - T\u00e1jkert\u00e9sz<\/title>\n<meta name=\"description\" content=\"A Physocarpus opulifolius &#039;Lady in Red&#039; , H\u00f3lyagvessz\u0151 1 m\u00e9ter magasra n\u00f6v\u0151 lombhullat\u00f3 cserje. Lombja lil\u00e1s -bord\u00f3 sz\u00edn\u0171.\" \/>\n<meta name=\"robots\" content=\"index, follow, max-snippet:-1, max-image-preview:large, max-video-preview:-1\" \/>\n<link rel=\"canonical\" href=\"https:\/\/tajkertesz.com\/en_US\/product\/physocarpus-opulifolius-lady-in-red-holyagvesszo\/\" \/>\n<meta property=\"og:locale\" content=\"en_US\" \/>\n<meta property=\"og:type\" content=\"article\" \/>\n<meta property=\"og:title\" content=\"Physocarpus opulifolius &#039;Lady in Red&#039;, H\u00f3lyagvessz\u0151 - T\u00e1jkert\u00e9sz\" \/>\n<meta property=\"og:description\" content=\"A Physocarpus opulifolius &#039;Lady in Red&#039; , H\u00f3lyagvessz\u0151 1 m\u00e9ter magasra n\u00f6v\u0151 lombhullat\u00f3 cserje. Lombja lil\u00e1s -bord\u00f3 sz\u00edn\u0171.\" \/>\n<meta property=\"og:url\" content=\"https:\/\/tajkertesz.com\/en_US\/product\/physocarpus-opulifolius-lady-in-red-holyagvesszo\/\" \/>\n<meta property=\"og:site_name\" content=\"T\u00e1jkert\u00e9sz\" \/>\n<meta property=\"article:publisher\" content=\"https:\/\/www.facebook.com\/Tajkertesz\/\" \/>\n<meta property=\"article:modified_time\" content=\"2023-12-15T09:40:58+00:00\" \/>\n<meta property=\"og:image\" content=\"https:\/\/tajkertesz.com\/wp-content\/uploads\/2020\/03\/Physocarpus-opulifolius-Lady-in-Red.jpg\" \/>\n\t<meta property=\"og:image:width\" content=\"512\" \/>\n\t<meta property=\"og:image:height\" content=\"512\" \/>\n\t<meta property=\"og:image:type\" content=\"image\/jpeg\" \/>\n<meta name=\"twitter:card\" content=\"summary_large_image\" \/>\n<meta name=\"twitter:label1\" content=\"Est. reading time\" \/>\n\t<meta name=\"twitter:data1\" content=\"3 minutes\" \/>\n<script type=\"application\/ld+json\" class=\"yoast-schema-graph\">{\"@context\":\"https:\\\/\\\/schema.org\",\"@graph\":[{\"@type\":\"WebPage\",\"@id\":\"https:\\\/\\\/tajkertesz.com\\\/termek\\\/physocarpus-opulifolius-lady-in-red-holyagvesszo\\\/\",\"url\":\"https:\\\/\\\/tajkertesz.com\\\/termek\\\/physocarpus-opulifolius-lady-in-red-holyagvesszo\\\/\",\"name\":\"Physocarpus opulifolius 'Lady in Red', H\u00f3lyagvessz\u0151 - T\u00e1jkert\u00e9sz\",\"isPartOf\":{\"@id\":\"https:\\\/\\\/tajkertesz.com\\\/#website\"},\"primaryImageOfPage\":{\"@id\":\"https:\\\/\\\/tajkertesz.com\\\/termek\\\/physocarpus-opulifolius-lady-in-red-holyagvesszo\\\/#primaryimage\"},\"image\":{\"@id\":\"https:\\\/\\\/tajkertesz.com\\\/termek\\\/physocarpus-opulifolius-lady-in-red-holyagvesszo\\\/#primaryimage\"},\"thumbnailUrl\":\"https:\\\/\\\/tajkertesz.com\\\/wp-content\\\/uploads\\\/2020\\\/03\\\/Physocarpus-opulifolius-Lady-in-Red.jpg\",\"datePublished\":\"2020-03-25T09:10:41+00:00\",\"dateModified\":\"2023-12-15T09:40:58+00:00\",\"description\":\"A Physocarpus opulifolius 'Lady in Red' , H\u00f3lyagvessz\u0151 1 m\u00e9ter magasra n\u00f6v\u0151 lombhullat\u00f3 cserje. Lombja lil\u00e1s -bord\u00f3 sz\u00edn\u0171.\",\"breadcrumb\":{\"@id\":\"https:\\\/\\\/tajkertesz.com\\\/termek\\\/physocarpus-opulifolius-lady-in-red-holyagvesszo\\\/#breadcrumb\"},\"inLanguage\":\"en-US\",\"potentialAction\":[{\"@type\":\"ReadAction\",\"target\":[\"https:\\\/\\\/tajkertesz.com\\\/termek\\\/physocarpus-opulifolius-lady-in-red-holyagvesszo\\\/\"]}]},{\"@type\":\"ImageObject\",\"inLanguage\":\"en-US\",\"@id\":\"https:\\\/\\\/tajkertesz.com\\\/termek\\\/physocarpus-opulifolius-lady-in-red-holyagvesszo\\\/#primaryimage\",\"url\":\"https:\\\/\\\/tajkertesz.com\\\/wp-content\\\/uploads\\\/2020\\\/03\\\/Physocarpus-opulifolius-Lady-in-Red.jpg\",\"contentUrl\":\"https:\\\/\\\/tajkertesz.com\\\/wp-content\\\/uploads\\\/2020\\\/03\\\/Physocarpus-opulifolius-Lady-in-Red.jpg\",\"width\":512,\"height\":512},{\"@type\":\"BreadcrumbList\",\"@id\":\"https:\\\/\\\/tajkertesz.com\\\/termek\\\/physocarpus-opulifolius-lady-in-red-holyagvesszo\\\/#breadcrumb\",\"itemListElement\":[{\"@type\":\"ListItem\",\"position\":1,\"name\":\"Home\",\"item\":\"https:\\\/\\\/tajkertesz.com\\\/\"},{\"@type\":\"ListItem\",\"position\":2,\"name\":\"Kezd\u0151lap\",\"item\":\"https:\\\/\\\/tajkertesz.com\\\/\"},{\"@type\":\"ListItem\",\"position\":3,\"name\":\"Physocarpus opulifolius &#8216;Lady in Red&#8217;, H\u00f3lyagvessz\u0151\"}]},{\"@type\":\"WebSite\",\"@id\":\"https:\\\/\\\/tajkertesz.com\\\/#website\",\"url\":\"https:\\\/\\\/tajkertesz.com\\\/\",\"name\":\"T\u00e1j-Kert\u00e9sz 84 Kft.\",\"description\":\"Kert\u00e9szeti kis- \u00e9s nagykeresked\u00e9s, D\u00edszn\u00f6v\u00e9ny web\u00e1ruh\u00e1z orsz\u00e1gos h\u00e1zhozsz\u00e1ll\u00edt\u00e1ssal!\",\"publisher\":{\"@id\":\"https:\\\/\\\/tajkertesz.com\\\/#organization\"},\"potentialAction\":[{\"@type\":\"SearchAction\",\"target\":{\"@type\":\"EntryPoint\",\"urlTemplate\":\"https:\\\/\\\/tajkertesz.com\\\/?s={search_term_string}\"},\"query-input\":{\"@type\":\"PropertyValueSpecification\",\"valueRequired\":true,\"valueName\":\"search_term_string\"}}],\"inLanguage\":\"en-US\"},{\"@type\":\"Organization\",\"@id\":\"https:\\\/\\\/tajkertesz.com\\\/#organization\",\"name\":\"T\u00e1j-Kert\u00e9sz 84 Kft.\",\"url\":\"https:\\\/\\\/tajkertesz.com\\\/\",\"logo\":{\"@type\":\"ImageObject\",\"inLanguage\":\"en-US\",\"@id\":\"https:\\\/\\\/tajkertesz.com\\\/#\\\/schema\\\/logo\\\/image\\\/\",\"url\":\"https:\\\/\\\/tajkertesz.com\\\/wp-content\\\/uploads\\\/2018\\\/02\\\/logo-2-e1518678052539.png\",\"contentUrl\":\"https:\\\/\\\/tajkertesz.com\\\/wp-content\\\/uploads\\\/2018\\\/02\\\/logo-2-e1518678052539.png\",\"width\":81,\"height\":140,\"caption\":\"T\u00e1j-Kert\u00e9sz 84 Kft.\"},\"image\":{\"@id\":\"https:\\\/\\\/tajkertesz.com\\\/#\\\/schema\\\/logo\\\/image\\\/\"},\"sameAs\":[\"https:\\\/\\\/www.facebook.com\\\/Tajkertesz\\\/\"]}]}<\/script>\n<!-- \/ Yoast SEO plugin. -->","yoast_head_json":{"title":"Physocarpus opulifolius 'Lady in Red', H\u00f3lyagvessz\u0151 - T\u00e1jkert\u00e9sz","description":"A Physocarpus opulifolius 'Lady in Red' , H\u00f3lyagvessz\u0151 1 m\u00e9ter magasra n\u00f6v\u0151 lombhullat\u00f3 cserje. Lombja lil\u00e1s -bord\u00f3 sz\u00edn\u0171.","robots":{"index":"index","follow":"follow","max-snippet":"max-snippet:-1","max-image-preview":"max-image-preview:large","max-video-preview":"max-video-preview:-1"},"canonical":"https:\/\/tajkertesz.com\/en_US\/product\/physocarpus-opulifolius-lady-in-red-holyagvesszo\/","og_locale":"en_US","og_type":"article","og_title":"Physocarpus opulifolius 'Lady in Red', H\u00f3lyagvessz\u0151 - T\u00e1jkert\u00e9sz","og_description":"A Physocarpus opulifolius 'Lady in Red' , H\u00f3lyagvessz\u0151 1 m\u00e9ter magasra n\u00f6v\u0151 lombhullat\u00f3 cserje. Lombja lil\u00e1s -bord\u00f3 sz\u00edn\u0171.","og_url":"https:\/\/tajkertesz.com\/en_US\/product\/physocarpus-opulifolius-lady-in-red-holyagvesszo\/","og_site_name":"T\u00e1jkert\u00e9sz","article_publisher":"https:\/\/www.facebook.com\/Tajkertesz\/","article_modified_time":"2023-12-15T09:40:58+00:00","og_image":[{"width":512,"height":512,"url":"https:\/\/tajkertesz.com\/wp-content\/uploads\/2020\/03\/Physocarpus-opulifolius-Lady-in-Red.jpg","type":"image\/jpeg"}],"twitter_card":"summary_large_image","twitter_misc":{"Est. reading time":"3 minutes"},"schema":{"@context":"https:\/\/schema.org","@graph":[{"@type":"WebPage","@id":"https:\/\/tajkertesz.com\/termek\/physocarpus-opulifolius-lady-in-red-holyagvesszo\/","url":"https:\/\/tajkertesz.com\/termek\/physocarpus-opulifolius-lady-in-red-holyagvesszo\/","name":"Physocarpus opulifolius 'Lady in Red', H\u00f3lyagvessz\u0151 - T\u00e1jkert\u00e9sz","isPartOf":{"@id":"https:\/\/tajkertesz.com\/#website"},"primaryImageOfPage":{"@id":"https:\/\/tajkertesz.com\/termek\/physocarpus-opulifolius-lady-in-red-holyagvesszo\/#primaryimage"},"image":{"@id":"https:\/\/tajkertesz.com\/termek\/physocarpus-opulifolius-lady-in-red-holyagvesszo\/#primaryimage"},"thumbnailUrl":"https:\/\/tajkertesz.com\/wp-content\/uploads\/2020\/03\/Physocarpus-opulifolius-Lady-in-Red.jpg","datePublished":"2020-03-25T09:10:41+00:00","dateModified":"2023-12-15T09:40:58+00:00","description":"A Physocarpus opulifolius 'Lady in Red' , H\u00f3lyagvessz\u0151 1 m\u00e9ter magasra n\u00f6v\u0151 lombhullat\u00f3 cserje. Lombja lil\u00e1s -bord\u00f3 sz\u00edn\u0171.","breadcrumb":{"@id":"https:\/\/tajkertesz.com\/termek\/physocarpus-opulifolius-lady-in-red-holyagvesszo\/#breadcrumb"},"inLanguage":"en-US","potentialAction":[{"@type":"ReadAction","target":["https:\/\/tajkertesz.com\/termek\/physocarpus-opulifolius-lady-in-red-holyagvesszo\/"]}]},{"@type":"ImageObject","inLanguage":"en-US","@id":"https:\/\/tajkertesz.com\/termek\/physocarpus-opulifolius-lady-in-red-holyagvesszo\/#primaryimage","url":"https:\/\/tajkertesz.com\/wp-content\/uploads\/2020\/03\/Physocarpus-opulifolius-Lady-in-Red.jpg","contentUrl":"https:\/\/tajkertesz.com\/wp-content\/uploads\/2020\/03\/Physocarpus-opulifolius-Lady-in-Red.jpg","width":512,"height":512},{"@type":"BreadcrumbList","@id":"https:\/\/tajkertesz.com\/termek\/physocarpus-opulifolius-lady-in-red-holyagvesszo\/#breadcrumb","itemListElement":[{"@type":"ListItem","position":1,"name":"Home","item":"https:\/\/tajkertesz.com\/"},{"@type":"ListItem","position":2,"name":"Kezd\u0151lap","item":"https:\/\/tajkertesz.com\/"},{"@type":"ListItem","position":3,"name":"Physocarpus opulifolius &#8216;Lady in Red&#8217;, H\u00f3lyagvessz\u0151"}]},{"@type":"WebSite","@id":"https:\/\/tajkertesz.com\/#website","url":"https:\/\/tajkertesz.com\/","name":"T\u00e1j-Kert\u00e9sz 84 Kft.","description":"Kert\u00e9szeti kis- \u00e9s nagykeresked\u00e9s, D\u00edszn\u00f6v\u00e9ny web\u00e1ruh\u00e1z orsz\u00e1gos h\u00e1zhozsz\u00e1ll\u00edt\u00e1ssal!","publisher":{"@id":"https:\/\/tajkertesz.com\/#organization"},"potentialAction":[{"@type":"SearchAction","target":{"@type":"EntryPoint","urlTemplate":"https:\/\/tajkertesz.com\/?s={search_term_string}"},"query-input":{"@type":"PropertyValueSpecification","valueRequired":true,"valueName":"search_term_string"}}],"inLanguage":"en-US"},{"@type":"Organization","@id":"https:\/\/tajkertesz.com\/#organization","name":"T\u00e1j-Kert\u00e9sz 84 Kft.","url":"https:\/\/tajkertesz.com\/","logo":{"@type":"ImageObject","inLanguage":"en-US","@id":"https:\/\/tajkertesz.com\/#\/schema\/logo\/image\/","url":"https:\/\/tajkertesz.com\/wp-content\/uploads\/2018\/02\/logo-2-e1518678052539.png","contentUrl":"https:\/\/tajkertesz.com\/wp-content\/uploads\/2018\/02\/logo-2-e1518678052539.png","width":81,"height":140,"caption":"T\u00e1j-Kert\u00e9sz 84 Kft."},"image":{"@id":"https:\/\/tajkertesz.com\/#\/schema\/logo\/image\/"},"sameAs":["https:\/\/www.facebook.com\/Tajkertesz\/"]}]}},"_links":{"self":[{"href":"https:\/\/tajkertesz.com\/en_US\/wp-json\/wp\/v2\/product\/1407","targetHints":{"allow":["GET"]}}],"collection":[{"href":"https:\/\/tajkertesz.com\/en_US\/wp-json\/wp\/v2\/product"}],"about":[{"href":"https:\/\/tajkertesz.com\/en_US\/wp-json\/wp\/v2\/types\/product"}],"wp:featuredmedia":[{"embeddable":true,"href":"https:\/\/tajkertesz.com\/en_US\/wp-json\/wp\/v2\/media\/1410"}],"wp:attachment":[{"href":"https:\/\/tajkertesz.com\/en_US\/wp-json\/wp\/v2\/media?parent=1407"}],"wp:term":[{"taxonomy":"product_brand","embeddable":true,"href":"https:\/\/tajkertesz.com\/en_US\/wp-json\/wp\/v2\/product_brand?post=1407"},{"taxonomy":"product_cat","embeddable":true,"href":"https:\/\/tajkertesz.com\/en_US\/wp-json\/wp\/v2\/product_cat?post=1407"},{"taxonomy":"product_tag","embeddable":true,"href":"https:\/\/tajkertesz.com\/en_US\/wp-json\/wp\/v2\/product_tag?post=1407"}],"curies":[{"name":"wp","href":"https:\/\/api.w.org\/{rel}","templated":true}]}}