{"id":14105,"date":"2022-11-22T14:50:57","date_gmt":"2022-11-22T14:50:57","guid":{"rendered":"https:\/\/tajkertesz.com\/?post_type=product&#038;p=14105"},"modified":"2026-02-16T14:38:27","modified_gmt":"2026-02-16T14:38:27","slug":"ezustfenyo-picea-pungens","status":"publish","type":"product","link":"https:\/\/tajkertesz.com\/en_US\/product\/ezustfenyo-picea-pungens\/","title":{"rendered":"Ez\u00fcstfeny\u0151\/Picea pungens 175\/200cm+ a kont\u00e9ner"},"content":{"rendered":"<p>Ez\u00fcstfeny\u0151\/Picea pungens 175\/200cm+ a kont\u00e9ner magass\u00e1ga<\/p>\n<p>20-30 m magasra is megn\u00f6v\u0151, fiatalon szab\u00e1lyos k\u00fapkoron\u00e1j\u00fa, id\u0151sebb korban kiss\u00e9 szab\u00e1lytalan \u00e1grendszer\u0171 fa. 15-30 mm hossz\u00fa, 1,5 mm sz\u00e9les, hegyes, sz\u00far\u00f3s t\u0171levelei sz\u00fcrk\u00e9s- vagy k\u00e9kesz\u00f6ldek. 6-10 cm hossz\u00fa \u00e9s 2-3 cm sz\u00e9les tobozai \u00e9retlen\u00fcl z\u00f6ldes sz\u00edn\u0171ek<\/p>\n<table>\n<tbody>\n<tr>\n<td><strong>Maxim\u00e1lis m\u00e9ret:<\/strong><\/td>\n<td><\/td>\n<td>20-25 m<\/td>\n<\/tr>\n<tr>\n<td><\/td>\n<td><\/td>\n<td><strong>Lev\u00e9l:<\/strong><\/td>\n<td><\/td>\n<td>sz\u00far\u00f3s, z\u00f6ldessz\u00fcrke, gyakran ez\u00fcst\u00f6s<\/td>\n<\/tr>\n<tr>\n<td><\/td>\n<td><\/td>\n<td><strong>Ig\u00e9ny:<\/strong><\/td>\n<td><\/td>\n<td>a sz\u00e9ls\u0151s\u00e9ges talajokat kiv\u00e9ve b\u00e1rhova \u00fcltethet\u0151<\/td>\n<\/tr>\n<tr>\n<td><\/td>\n<td><\/td>\n<td><strong>Felhaszn\u00e1l\u00e1s:<\/strong><\/td>\n<td><\/td>\n<td>szoliter f\u00e1nak alkalmas<\/td>\n<\/tr>\n<tr>\n<td><\/td>\n<td><\/td>\n<td><strong>Habitus:<\/strong><\/td>\n<td><\/td>\n<td>k\u00fapos n\u00f6veked\u00e9s\u0171<\/td>\n<\/tr>\n<\/tbody>\n<\/table>\n<h3><\/h3>\n<h3><span style=\"text-decoration: underline;\"><span style=\"color: #ff0000;\"><strong>Ennek a\u00a0 kont\u00e9neres n\u00f6v\u00e9nynek a m\u00e9rete 175\/200cm+ a kont\u00e9ner magass\u00e1ga! M\u00e9rete \u00e9s s\u00falya miatt nem tudjuk post\u00e1zni, csak szem\u00e9lyes \u00e1tv\u00e9tellel vagy egyedi sz\u00e1ll\u00edt\u00e1si d\u00edj ellen\u00e9ben tudjuk h\u00e1zhoz sz\u00e1ll\u00edtani!<\/strong><\/span><\/span><\/h3>\n<p>&nbsp;<\/p>\n<p><strong>K\u00e9szlet\u00fcnk napi szinten v\u00e1ltozik, ez\u00e9rt k\u00e9rj\u00fck, \u00e9rdekl\u0151dj\u00f6n szem\u00e9lyesen, telefonon vagy email-en.<br \/>\nA v\u00e1ltoztat\u00e1s jog\u00e1t fenntartjuk!\u00a0<\/strong><\/p>\n<p><a href=\"https:\/\/tajkertesz.com\/\">https:\/\/tajkertesz.com\/<\/a><\/p>\n<p><a href=\"https:\/\/www.facebook.com\/tajkertesz\/\">https:\/\/www.facebook.com\/tajkertesz\/<\/a><\/p>\n<p>Kisz\u00e1ll\u00edt\u00e1s: 200cm-ig \u00a0\u00e9s 40 kg-ig a sz\u00e1ll\u00edt\u00e1s fut\u00e1rszolg\u00e1lattal \u00a0t\u00f6rt\u00e9nik.<\/p>\n<p>Szem\u00e9lyes \u00e1tv\u00e9tel nyitvatart\u00e1si id\u0151ben a 17. ker\u00fclet Bakancsos utca 7. sz\u00e1m alatti Kert\u00e9szeti \u00e1rud\u00e1ban<\/p>","protected":false},"excerpt":{"rendered":"<p>Ez\u00fcstfeny\u0151\/Picea pungens 175\/200cm+ a kont\u00e9ner magass\u00e1ga 20-30 m magasra is megn\u00f6v\u0151, fiatalon szab\u00e1lyos k\u00fapkoron\u00e1j\u00fa, id\u0151sebb korban kiss\u00e9 szab\u00e1lytalan \u00e1grendszer\u0171 fa. 15-30 mm hossz\u00fa, 1,5 mm sz\u00e9les, hegyes, sz\u00far\u00f3s t\u0171levelei sz\u00fcrk\u00e9s- vagy k\u00e9kesz\u00f6ldek. 6-10 cm hossz\u00fa \u00e9s 2-3 cm sz\u00e9les tobozai \u00e9retlen\u00fcl z\u00f6ldes sz\u00edn\u0171ek Maxim\u00e1lis m\u00e9ret: 20-25 m Lev\u00e9l: sz\u00far\u00f3s, z\u00f6ldessz\u00fcrke, gyakran ez\u00fcst\u00f6s Ig\u00e9ny: a sz\u00e9ls\u0151s\u00e9ges [&hellip;]<\/p>\n","protected":false},"featured_media":14106,"template":"","meta":{"_et_pb_use_builder":"","_et_pb_old_content":"","_et_gb_content_width":""},"product_brand":[],"product_cat":[4029],"product_tag":[],"class_list":{"0":"post-14105","1":"product","2":"type-product","3":"status-publish","4":"has-post-thumbnail","6":"product_cat-ezustfenyok","8":"first","9":"outofstock","10":"shipping-taxable","11":"purchasable","12":"product-type-simple"},"yoast_head":"<!-- This site is optimized with the Yoast SEO plugin v27.4 - https:\/\/yoast.com\/product\/yoast-seo-wordpress\/ -->\n<title>Ez\u00fcstfeny\u0151\/Picea pungens 175\/200cm+ a kont\u00e9ner - T\u00e1jkert\u00e9sz<\/title>\n<meta name=\"robots\" content=\"index, follow, max-snippet:-1, max-image-preview:large, max-video-preview:-1\" \/>\n<link rel=\"canonical\" href=\"https:\/\/tajkertesz.com\/en_US\/product\/ezustfenyo-picea-pungens\/\" \/>\n<meta property=\"og:locale\" content=\"en_US\" \/>\n<meta property=\"og:type\" content=\"article\" \/>\n<meta property=\"og:title\" content=\"Ez\u00fcstfeny\u0151\/Picea pungens 175\/200cm+ a kont\u00e9ner - T\u00e1jkert\u00e9sz\" \/>\n<meta property=\"og:description\" content=\"Ez\u00fcstfeny\u0151\/Picea pungens 175\/200cm+ a kont\u00e9ner magass\u00e1ga 20-30 m magasra is megn\u00f6v\u0151, fiatalon szab\u00e1lyos k\u00fapkoron\u00e1j\u00fa, id\u0151sebb korban kiss\u00e9 szab\u00e1lytalan \u00e1grendszer\u0171 fa. 15-30 mm hossz\u00fa, 1,5 mm sz\u00e9les, hegyes, sz\u00far\u00f3s t\u0171levelei sz\u00fcrk\u00e9s- vagy k\u00e9kesz\u00f6ldek. 6-10 cm hossz\u00fa \u00e9s 2-3 cm sz\u00e9les tobozai \u00e9retlen\u00fcl z\u00f6ldes sz\u00edn\u0171ek Maxim\u00e1lis m\u00e9ret: 20-25 m Lev\u00e9l: sz\u00far\u00f3s, z\u00f6ldessz\u00fcrke, gyakran ez\u00fcst\u00f6s Ig\u00e9ny: a sz\u00e9ls\u0151s\u00e9ges [&hellip;]\" \/>\n<meta property=\"og:url\" content=\"https:\/\/tajkertesz.com\/en_US\/product\/ezustfenyo-picea-pungens\/\" \/>\n<meta property=\"og:site_name\" content=\"T\u00e1jkert\u00e9sz\" \/>\n<meta property=\"article:publisher\" content=\"https:\/\/www.facebook.com\/Tajkertesz\/\" \/>\n<meta property=\"article:modified_time\" content=\"2026-02-16T14:38:27+00:00\" \/>\n<meta property=\"og:image\" content=\"https:\/\/tajkertesz.com\/wp-content\/uploads\/2022\/11\/20220921_165029-scaled.jpg\" \/>\n\t<meta property=\"og:image:width\" content=\"946\" \/>\n\t<meta property=\"og:image:height\" content=\"2560\" \/>\n\t<meta property=\"og:image:type\" content=\"image\/jpeg\" \/>\n<meta name=\"twitter:card\" content=\"summary_large_image\" \/>\n<meta name=\"twitter:label1\" content=\"Est. reading time\" \/>\n\t<meta name=\"twitter:data1\" content=\"1 minute\" \/>\n<script type=\"application\/ld+json\" class=\"yoast-schema-graph\">{\"@context\":\"https:\\\/\\\/schema.org\",\"@graph\":[{\"@type\":\"WebPage\",\"@id\":\"https:\\\/\\\/tajkertesz.com\\\/termek\\\/ezustfenyo-picea-pungens\\\/\",\"url\":\"https:\\\/\\\/tajkertesz.com\\\/termek\\\/ezustfenyo-picea-pungens\\\/\",\"name\":\"Ez\u00fcstfeny\u0151\\\/Picea pungens 175\\\/200cm+ a kont\u00e9ner - T\u00e1jkert\u00e9sz\",\"isPartOf\":{\"@id\":\"https:\\\/\\\/tajkertesz.com\\\/#website\"},\"primaryImageOfPage\":{\"@id\":\"https:\\\/\\\/tajkertesz.com\\\/termek\\\/ezustfenyo-picea-pungens\\\/#primaryimage\"},\"image\":{\"@id\":\"https:\\\/\\\/tajkertesz.com\\\/termek\\\/ezustfenyo-picea-pungens\\\/#primaryimage\"},\"thumbnailUrl\":\"https:\\\/\\\/tajkertesz.com\\\/wp-content\\\/uploads\\\/2022\\\/11\\\/20220921_165029-scaled.jpg\",\"datePublished\":\"2022-11-22T14:50:57+00:00\",\"dateModified\":\"2026-02-16T14:38:27+00:00\",\"breadcrumb\":{\"@id\":\"https:\\\/\\\/tajkertesz.com\\\/termek\\\/ezustfenyo-picea-pungens\\\/#breadcrumb\"},\"inLanguage\":\"en-US\",\"potentialAction\":[{\"@type\":\"ReadAction\",\"target\":[\"https:\\\/\\\/tajkertesz.com\\\/termek\\\/ezustfenyo-picea-pungens\\\/\"]}]},{\"@type\":\"ImageObject\",\"inLanguage\":\"en-US\",\"@id\":\"https:\\\/\\\/tajkertesz.com\\\/termek\\\/ezustfenyo-picea-pungens\\\/#primaryimage\",\"url\":\"https:\\\/\\\/tajkertesz.com\\\/wp-content\\\/uploads\\\/2022\\\/11\\\/20220921_165029-scaled.jpg\",\"contentUrl\":\"https:\\\/\\\/tajkertesz.com\\\/wp-content\\\/uploads\\\/2022\\\/11\\\/20220921_165029-scaled.jpg\",\"width\":946,\"height\":2560,\"caption\":\"Ez\u00fcstfeny\u0151\"},{\"@type\":\"BreadcrumbList\",\"@id\":\"https:\\\/\\\/tajkertesz.com\\\/termek\\\/ezustfenyo-picea-pungens\\\/#breadcrumb\",\"itemListElement\":[{\"@type\":\"ListItem\",\"position\":1,\"name\":\"Home\",\"item\":\"https:\\\/\\\/tajkertesz.com\\\/\"},{\"@type\":\"ListItem\",\"position\":2,\"name\":\"Kezd\u0151lap\",\"item\":\"https:\\\/\\\/tajkertesz.com\\\/\"},{\"@type\":\"ListItem\",\"position\":3,\"name\":\"Ez\u00fcstfeny\u0151\\\/Picea pungens 175\\\/200cm+ a kont\u00e9ner\"}]},{\"@type\":\"WebSite\",\"@id\":\"https:\\\/\\\/tajkertesz.com\\\/#website\",\"url\":\"https:\\\/\\\/tajkertesz.com\\\/\",\"name\":\"T\u00e1j-Kert\u00e9sz 84 Kft.\",\"description\":\"Kert\u00e9szeti kis- \u00e9s nagykeresked\u00e9s, D\u00edszn\u00f6v\u00e9ny web\u00e1ruh\u00e1z orsz\u00e1gos h\u00e1zhozsz\u00e1ll\u00edt\u00e1ssal!\",\"publisher\":{\"@id\":\"https:\\\/\\\/tajkertesz.com\\\/#organization\"},\"potentialAction\":[{\"@type\":\"SearchAction\",\"target\":{\"@type\":\"EntryPoint\",\"urlTemplate\":\"https:\\\/\\\/tajkertesz.com\\\/?s={search_term_string}\"},\"query-input\":{\"@type\":\"PropertyValueSpecification\",\"valueRequired\":true,\"valueName\":\"search_term_string\"}}],\"inLanguage\":\"en-US\"},{\"@type\":\"Organization\",\"@id\":\"https:\\\/\\\/tajkertesz.com\\\/#organization\",\"name\":\"T\u00e1j-Kert\u00e9sz 84 Kft.\",\"url\":\"https:\\\/\\\/tajkertesz.com\\\/\",\"logo\":{\"@type\":\"ImageObject\",\"inLanguage\":\"en-US\",\"@id\":\"https:\\\/\\\/tajkertesz.com\\\/#\\\/schema\\\/logo\\\/image\\\/\",\"url\":\"https:\\\/\\\/tajkertesz.com\\\/wp-content\\\/uploads\\\/2018\\\/02\\\/logo-2-e1518678052539.png\",\"contentUrl\":\"https:\\\/\\\/tajkertesz.com\\\/wp-content\\\/uploads\\\/2018\\\/02\\\/logo-2-e1518678052539.png\",\"width\":81,\"height\":140,\"caption\":\"T\u00e1j-Kert\u00e9sz 84 Kft.\"},\"image\":{\"@id\":\"https:\\\/\\\/tajkertesz.com\\\/#\\\/schema\\\/logo\\\/image\\\/\"},\"sameAs\":[\"https:\\\/\\\/www.facebook.com\\\/Tajkertesz\\\/\"]}]}<\/script>\n<!-- \/ Yoast SEO plugin. -->","yoast_head_json":{"title":"Ez\u00fcstfeny\u0151\/Picea pungens 175\/200cm+ a kont\u00e9ner - T\u00e1jkert\u00e9sz","robots":{"index":"index","follow":"follow","max-snippet":"max-snippet:-1","max-image-preview":"max-image-preview:large","max-video-preview":"max-video-preview:-1"},"canonical":"https:\/\/tajkertesz.com\/en_US\/product\/ezustfenyo-picea-pungens\/","og_locale":"en_US","og_type":"article","og_title":"Ez\u00fcstfeny\u0151\/Picea pungens 175\/200cm+ a kont\u00e9ner - T\u00e1jkert\u00e9sz","og_description":"Ez\u00fcstfeny\u0151\/Picea pungens 175\/200cm+ a kont\u00e9ner magass\u00e1ga 20-30 m magasra is megn\u00f6v\u0151, fiatalon szab\u00e1lyos k\u00fapkoron\u00e1j\u00fa, id\u0151sebb korban kiss\u00e9 szab\u00e1lytalan \u00e1grendszer\u0171 fa. 15-30 mm hossz\u00fa, 1,5 mm sz\u00e9les, hegyes, sz\u00far\u00f3s t\u0171levelei sz\u00fcrk\u00e9s- vagy k\u00e9kesz\u00f6ldek. 6-10 cm hossz\u00fa \u00e9s 2-3 cm sz\u00e9les tobozai \u00e9retlen\u00fcl z\u00f6ldes sz\u00edn\u0171ek Maxim\u00e1lis m\u00e9ret: 20-25 m Lev\u00e9l: sz\u00far\u00f3s, z\u00f6ldessz\u00fcrke, gyakran ez\u00fcst\u00f6s Ig\u00e9ny: a sz\u00e9ls\u0151s\u00e9ges [&hellip;]","og_url":"https:\/\/tajkertesz.com\/en_US\/product\/ezustfenyo-picea-pungens\/","og_site_name":"T\u00e1jkert\u00e9sz","article_publisher":"https:\/\/www.facebook.com\/Tajkertesz\/","article_modified_time":"2026-02-16T14:38:27+00:00","og_image":[{"width":946,"height":2560,"url":"https:\/\/tajkertesz.com\/wp-content\/uploads\/2022\/11\/20220921_165029-scaled.jpg","type":"image\/jpeg"}],"twitter_card":"summary_large_image","twitter_misc":{"Est. reading time":"1 minute"},"schema":{"@context":"https:\/\/schema.org","@graph":[{"@type":"WebPage","@id":"https:\/\/tajkertesz.com\/termek\/ezustfenyo-picea-pungens\/","url":"https:\/\/tajkertesz.com\/termek\/ezustfenyo-picea-pungens\/","name":"Ez\u00fcstfeny\u0151\/Picea pungens 175\/200cm+ a kont\u00e9ner - T\u00e1jkert\u00e9sz","isPartOf":{"@id":"https:\/\/tajkertesz.com\/#website"},"primaryImageOfPage":{"@id":"https:\/\/tajkertesz.com\/termek\/ezustfenyo-picea-pungens\/#primaryimage"},"image":{"@id":"https:\/\/tajkertesz.com\/termek\/ezustfenyo-picea-pungens\/#primaryimage"},"thumbnailUrl":"https:\/\/tajkertesz.com\/wp-content\/uploads\/2022\/11\/20220921_165029-scaled.jpg","datePublished":"2022-11-22T14:50:57+00:00","dateModified":"2026-02-16T14:38:27+00:00","breadcrumb":{"@id":"https:\/\/tajkertesz.com\/termek\/ezustfenyo-picea-pungens\/#breadcrumb"},"inLanguage":"en-US","potentialAction":[{"@type":"ReadAction","target":["https:\/\/tajkertesz.com\/termek\/ezustfenyo-picea-pungens\/"]}]},{"@type":"ImageObject","inLanguage":"en-US","@id":"https:\/\/tajkertesz.com\/termek\/ezustfenyo-picea-pungens\/#primaryimage","url":"https:\/\/tajkertesz.com\/wp-content\/uploads\/2022\/11\/20220921_165029-scaled.jpg","contentUrl":"https:\/\/tajkertesz.com\/wp-content\/uploads\/2022\/11\/20220921_165029-scaled.jpg","width":946,"height":2560,"caption":"Ez\u00fcstfeny\u0151"},{"@type":"BreadcrumbList","@id":"https:\/\/tajkertesz.com\/termek\/ezustfenyo-picea-pungens\/#breadcrumb","itemListElement":[{"@type":"ListItem","position":1,"name":"Home","item":"https:\/\/tajkertesz.com\/"},{"@type":"ListItem","position":2,"name":"Kezd\u0151lap","item":"https:\/\/tajkertesz.com\/"},{"@type":"ListItem","position":3,"name":"Ez\u00fcstfeny\u0151\/Picea pungens 175\/200cm+ a kont\u00e9ner"}]},{"@type":"WebSite","@id":"https:\/\/tajkertesz.com\/#website","url":"https:\/\/tajkertesz.com\/","name":"T\u00e1j-Kert\u00e9sz 84 Kft.","description":"Kert\u00e9szeti kis- \u00e9s nagykeresked\u00e9s, D\u00edszn\u00f6v\u00e9ny web\u00e1ruh\u00e1z orsz\u00e1gos h\u00e1zhozsz\u00e1ll\u00edt\u00e1ssal!","publisher":{"@id":"https:\/\/tajkertesz.com\/#organization"},"potentialAction":[{"@type":"SearchAction","target":{"@type":"EntryPoint","urlTemplate":"https:\/\/tajkertesz.com\/?s={search_term_string}"},"query-input":{"@type":"PropertyValueSpecification","valueRequired":true,"valueName":"search_term_string"}}],"inLanguage":"en-US"},{"@type":"Organization","@id":"https:\/\/tajkertesz.com\/#organization","name":"T\u00e1j-Kert\u00e9sz 84 Kft.","url":"https:\/\/tajkertesz.com\/","logo":{"@type":"ImageObject","inLanguage":"en-US","@id":"https:\/\/tajkertesz.com\/#\/schema\/logo\/image\/","url":"https:\/\/tajkertesz.com\/wp-content\/uploads\/2018\/02\/logo-2-e1518678052539.png","contentUrl":"https:\/\/tajkertesz.com\/wp-content\/uploads\/2018\/02\/logo-2-e1518678052539.png","width":81,"height":140,"caption":"T\u00e1j-Kert\u00e9sz 84 Kft."},"image":{"@id":"https:\/\/tajkertesz.com\/#\/schema\/logo\/image\/"},"sameAs":["https:\/\/www.facebook.com\/Tajkertesz\/"]}]}},"_links":{"self":[{"href":"https:\/\/tajkertesz.com\/en_US\/wp-json\/wp\/v2\/product\/14105","targetHints":{"allow":["GET"]}}],"collection":[{"href":"https:\/\/tajkertesz.com\/en_US\/wp-json\/wp\/v2\/product"}],"about":[{"href":"https:\/\/tajkertesz.com\/en_US\/wp-json\/wp\/v2\/types\/product"}],"wp:featuredmedia":[{"embeddable":true,"href":"https:\/\/tajkertesz.com\/en_US\/wp-json\/wp\/v2\/media\/14106"}],"wp:attachment":[{"href":"https:\/\/tajkertesz.com\/en_US\/wp-json\/wp\/v2\/media?parent=14105"}],"wp:term":[{"taxonomy":"product_brand","embeddable":true,"href":"https:\/\/tajkertesz.com\/en_US\/wp-json\/wp\/v2\/product_brand?post=14105"},{"taxonomy":"product_cat","embeddable":true,"href":"https:\/\/tajkertesz.com\/en_US\/wp-json\/wp\/v2\/product_cat?post=14105"},{"taxonomy":"product_tag","embeddable":true,"href":"https:\/\/tajkertesz.com\/en_US\/wp-json\/wp\/v2\/product_tag?post=14105"}],"curies":[{"name":"wp","href":"https:\/\/api.w.org\/{rel}","templated":true}]}}