{"id":14125,"date":"2022-11-23T10:23:34","date_gmt":"2022-11-23T10:23:34","guid":{"rendered":"https:\/\/tajkertesz.com\/?post_type=product&#038;p=14125"},"modified":"2026-02-16T14:38:21","modified_gmt":"2026-02-16T14:38:21","slug":"abies-nordmanniana-kaukazusi-jegenyefenyo-nordmannfenyo-80-100cm","status":"publish","type":"product","link":"https:\/\/tajkertesz.com\/en_US\/product\/abies-nordmanniana-kaukazusi-jegenyefenyo-nordmannfenyo-80-100cm\/","title":{"rendered":"Gy\u00f6keres Abies Nordmanniana\/Kauk\u00e1zusi jegenyefeny\u0151\/Nordmannfeny\u0151 80\/100cm"},"content":{"rendered":"<p>A Kauk\u00e1zusi jegenyefeny\u0151 (Abies Nordmanniana) kifejlett kor\u00e1ban el\u00e9rheti a 15\/20 (30 !!!) m\u00e9teres magass\u00e1got is! T\u00f6m\u00f6tt, k\u00fapos koron\u00e1j\u00fa fa. \u00c1gai enyh\u00e9n fel\u00e1llnak, \u00e1grendszere t\u00f6m\u00f6tt. Levelei (2-3,5 cm) a hajt\u00e1s fels\u0151 r\u00e9sz\u00e9n f\u00e9lk\u00f6rben kefeszer\u0171en \u00e1llnak alul feh\u00e9r cs\u00edkkal, megd\u00f6rzs\u00f6lve kellemesen narancsos illat\u00faak. A levelek f\u00e9nyesz\u00f6ldek, alul feh\u00e9r cs\u00edkkal, megd\u00f6rzs\u00f6lve kellemesen narancsos illat\u00faak. \u00c9rett tobozai pikkelyekre hullanak sz\u00e9t. Fiatal kor\u00e1ban lassan n\u0151. Mivel tavasszal viszonylag k\u00e9s\u0151n indul, a kora tavaszi fagyok nem k\u00e1ros\u00edtj\u00e1k. K\u00e9s\u0151n fordul term\u0151re. V\u00e1gott z\u00f6ldje els\u0151 oszt\u00e1ly\u00fa k\u00f6t\u00e9szeti anyag; a\u00a0vir\u00e1gk\u00f6t\u00e9szetek ig\u00e9nyeit k\u00fcl\u00f6n e c\u00e9lra telep\u00edtett \u00fcltetv\u00e9nyek szolg\u00e1lj\u00e1k. Kar\u00e1csonyf\u00e1nak is gyakran nevelik.<\/p>\n<p>&nbsp;<\/p>\n<p>Kertbe \u00fcltet\u00e9skor javasoljuk a marhatr\u00e1gya haszn\u00e1lat\u00e1t az \u00fcltet\u0151 g\u00f6d\u00f6rbe!\u00a0<span style=\"color: #ff0000;\"><a style=\"color: #ff0000;\" href=\"https:\/\/tajkertesz.com\/termek\/marhatragya-15-literes\/\">Katt. ide!<\/a><\/span><\/p>\n<p>Valamint a t\u0151zeget:\u00a0<span style=\"color: #ff0000;\"><a style=\"color: #ff0000;\" href=\"https:\/\/tajkertesz.com\/termek\/florimo-tozegkocka-25-l\/\">Katt. ide!<\/a><\/span><\/p>\n<p>Balkonl\u00e1d\u00e1ba\/d\u00e9zs\u00e1ba \u00fcltetve az \u00f6r\u00f6kz\u00f6ldeknek val\u00f3 f\u00f6ldet javasoljuk:\u00a0<a href=\"https:\/\/tajkertesz.com\/termek\/florimo-orokzold-viragfold-20-l\/\"><span style=\"color: #ff0000;\">Katt. ide.<\/span><\/a><\/p>\n<p>M\u00e9rete:FL.80\/100cm<\/p>\n<p><b>K\u00e9szlet\u00fcnk napi szinten v\u00e1ltozik, ez\u00e9rt k\u00e9rj\u00fck, \u00e9rdekl\u0151dj\u00f6n szem\u00e9lyesen, telefonon vagy email-en.<\/b><\/p>\n<p><b>A v\u00e1ltoztat\u00e1s jog\u00e1t fenntartjuk!\u00a0<\/b><\/p>\n<p><a href=\"https:\/\/tajkertesz.com\/\">https:\/\/tajkertesz.com\/<\/a><\/p>\n<p><a href=\"https:\/\/www.facebook.com\/tajkertesz\">https:\/\/www.facebook.com\/tajkertesz<\/a><\/p>\n<p>&nbsp;<\/p>\n<p>&nbsp;<\/p>","protected":false},"excerpt":{"rendered":"<p>A Kauk\u00e1zusi jegenyefeny\u0151 (Abies Nordmanniana) kifejlett kor\u00e1ban el\u00e9rheti a 15\/20 (30 !!!) m\u00e9teres magass\u00e1got is! T\u00f6m\u00f6tt, k\u00fapos koron\u00e1j\u00fa fa. \u00c1gai enyh\u00e9n fel\u00e1llnak, \u00e1grendszere t\u00f6m\u00f6tt. Levelei (2-3,5 cm) a hajt\u00e1s fels\u0151 r\u00e9sz\u00e9n f\u00e9lk\u00f6rben kefeszer\u0171en \u00e1llnak alul feh\u00e9r cs\u00edkkal, megd\u00f6rzs\u00f6lve kellemesen narancsos illat\u00faak. A levelek f\u00e9nyesz\u00f6ldek, alul feh\u00e9r cs\u00edkkal, megd\u00f6rzs\u00f6lve kellemesen narancsos illat\u00faak. \u00c9rett tobozai pikkelyekre hullanak [&hellip;]<\/p>\n","protected":false},"featured_media":14122,"template":"","meta":{"_et_pb_use_builder":"","_et_pb_old_content":"","_et_gb_content_width":""},"product_brand":[],"product_cat":[4027],"product_tag":[],"class_list":{"0":"post-14125","1":"product","2":"type-product","3":"status-publish","4":"has-post-thumbnail","6":"product_cat-gyokeres-nordmannfenyok","8":"first","9":"outofstock","10":"shipping-taxable","11":"purchasable","12":"product-type-simple"},"yoast_head":"<!-- This site is optimized with the Yoast SEO plugin v27.5 - https:\/\/yoast.com\/product\/yoast-seo-wordpress\/ -->\n<title>Gy\u00f6keres Abies Nordmanniana\/Kauk\u00e1zusi jegenyefeny\u0151\/Nordmannfeny\u0151 80\/100cm - T\u00e1jkert\u00e9sz<\/title>\n<meta name=\"description\" content=\"A Kauk\u00e1zusi jegenyefeny\u0151 (Abies Nordmanniana) kifejlett kor\u00e1ban el\u00e9rheti a 15\/20 (30 !!!) m\u00e9teres magass\u00e1got is! T\u00f6m\u00f6tt, k\u00fapos koron\u00e1j\u00fa fa.\" \/>\n<meta name=\"robots\" content=\"index, follow, max-snippet:-1, max-image-preview:large, max-video-preview:-1\" \/>\n<link rel=\"canonical\" href=\"https:\/\/tajkertesz.com\/en_US\/product\/abies-nordmanniana-kaukazusi-jegenyefenyo-nordmannfenyo-80-100cm\/\" \/>\n<meta property=\"og:locale\" content=\"en_US\" \/>\n<meta property=\"og:type\" content=\"article\" \/>\n<meta property=\"og:title\" content=\"Gy\u00f6keres Abies Nordmanniana\/Kauk\u00e1zusi jegenyefeny\u0151\/Nordmannfeny\u0151 80\/100cm - T\u00e1jkert\u00e9sz\" \/>\n<meta property=\"og:description\" content=\"A Kauk\u00e1zusi jegenyefeny\u0151 (Abies Nordmanniana) kifejlett kor\u00e1ban el\u00e9rheti a 15\/20 (30 !!!) m\u00e9teres magass\u00e1got is! T\u00f6m\u00f6tt, k\u00fapos koron\u00e1j\u00fa fa.\" \/>\n<meta property=\"og:url\" content=\"https:\/\/tajkertesz.com\/en_US\/product\/abies-nordmanniana-kaukazusi-jegenyefenyo-nordmannfenyo-80-100cm\/\" \/>\n<meta property=\"og:site_name\" content=\"T\u00e1jkert\u00e9sz\" \/>\n<meta property=\"article:publisher\" content=\"https:\/\/www.facebook.com\/Tajkertesz\/\" \/>\n<meta property=\"article:modified_time\" content=\"2026-02-16T14:38:21+00:00\" \/>\n<meta property=\"og:image\" content=\"https:\/\/tajkertesz.com\/wp-content\/uploads\/2022\/11\/20201128_134207-1-scaled.jpg\" \/>\n\t<meta property=\"og:image:width\" content=\"2560\" \/>\n\t<meta property=\"og:image:height\" content=\"787\" \/>\n\t<meta property=\"og:image:type\" content=\"image\/jpeg\" \/>\n<meta name=\"twitter:card\" content=\"summary_large_image\" \/>\n<meta name=\"twitter:label1\" content=\"Est. reading time\" \/>\n\t<meta name=\"twitter:data1\" content=\"1 minute\" \/>\n<script type=\"application\/ld+json\" class=\"yoast-schema-graph\">{\"@context\":\"https:\\\/\\\/schema.org\",\"@graph\":[{\"@type\":\"WebPage\",\"@id\":\"https:\\\/\\\/tajkertesz.com\\\/termek\\\/abies-nordmanniana-kaukazusi-jegenyefenyo-nordmannfenyo-80-100cm\\\/\",\"url\":\"https:\\\/\\\/tajkertesz.com\\\/termek\\\/abies-nordmanniana-kaukazusi-jegenyefenyo-nordmannfenyo-80-100cm\\\/\",\"name\":\"Gy\u00f6keres Abies Nordmanniana\\\/Kauk\u00e1zusi jegenyefeny\u0151\\\/Nordmannfeny\u0151 80\\\/100cm - T\u00e1jkert\u00e9sz\",\"isPartOf\":{\"@id\":\"https:\\\/\\\/tajkertesz.com\\\/#website\"},\"primaryImageOfPage\":{\"@id\":\"https:\\\/\\\/tajkertesz.com\\\/termek\\\/abies-nordmanniana-kaukazusi-jegenyefenyo-nordmannfenyo-80-100cm\\\/#primaryimage\"},\"image\":{\"@id\":\"https:\\\/\\\/tajkertesz.com\\\/termek\\\/abies-nordmanniana-kaukazusi-jegenyefenyo-nordmannfenyo-80-100cm\\\/#primaryimage\"},\"thumbnailUrl\":\"https:\\\/\\\/tajkertesz.com\\\/wp-content\\\/uploads\\\/2022\\\/11\\\/20201128_134207-1-scaled.jpg\",\"datePublished\":\"2022-11-23T10:23:34+00:00\",\"dateModified\":\"2026-02-16T14:38:21+00:00\",\"description\":\"A Kauk\u00e1zusi jegenyefeny\u0151 (Abies Nordmanniana) kifejlett kor\u00e1ban el\u00e9rheti a 15\\\/20 (30 !!!) m\u00e9teres magass\u00e1got is! T\u00f6m\u00f6tt, k\u00fapos koron\u00e1j\u00fa fa.\",\"breadcrumb\":{\"@id\":\"https:\\\/\\\/tajkertesz.com\\\/termek\\\/abies-nordmanniana-kaukazusi-jegenyefenyo-nordmannfenyo-80-100cm\\\/#breadcrumb\"},\"inLanguage\":\"en-US\",\"potentialAction\":[{\"@type\":\"ReadAction\",\"target\":[\"https:\\\/\\\/tajkertesz.com\\\/termek\\\/abies-nordmanniana-kaukazusi-jegenyefenyo-nordmannfenyo-80-100cm\\\/\"]}]},{\"@type\":\"ImageObject\",\"inLanguage\":\"en-US\",\"@id\":\"https:\\\/\\\/tajkertesz.com\\\/termek\\\/abies-nordmanniana-kaukazusi-jegenyefenyo-nordmannfenyo-80-100cm\\\/#primaryimage\",\"url\":\"https:\\\/\\\/tajkertesz.com\\\/wp-content\\\/uploads\\\/2022\\\/11\\\/20201128_134207-1-scaled.jpg\",\"contentUrl\":\"https:\\\/\\\/tajkertesz.com\\\/wp-content\\\/uploads\\\/2022\\\/11\\\/20201128_134207-1-scaled.jpg\",\"width\":2560,\"height\":787,\"caption\":\"Nordmann feny\u0151\"},{\"@type\":\"BreadcrumbList\",\"@id\":\"https:\\\/\\\/tajkertesz.com\\\/termek\\\/abies-nordmanniana-kaukazusi-jegenyefenyo-nordmannfenyo-80-100cm\\\/#breadcrumb\",\"itemListElement\":[{\"@type\":\"ListItem\",\"position\":1,\"name\":\"Home\",\"item\":\"https:\\\/\\\/tajkertesz.com\\\/\"},{\"@type\":\"ListItem\",\"position\":2,\"name\":\"Kezd\u0151lap\",\"item\":\"https:\\\/\\\/tajkertesz.com\\\/\"},{\"@type\":\"ListItem\",\"position\":3,\"name\":\"Gy\u00f6keres Abies Nordmanniana\\\/Kauk\u00e1zusi jegenyefeny\u0151\\\/Nordmannfeny\u0151 80\\\/100cm\"}]},{\"@type\":\"WebSite\",\"@id\":\"https:\\\/\\\/tajkertesz.com\\\/#website\",\"url\":\"https:\\\/\\\/tajkertesz.com\\\/\",\"name\":\"T\u00e1j-Kert\u00e9sz 84 Kft.\",\"description\":\"Kert\u00e9szeti kis- \u00e9s nagykeresked\u00e9s, D\u00edszn\u00f6v\u00e9ny web\u00e1ruh\u00e1z orsz\u00e1gos h\u00e1zhozsz\u00e1ll\u00edt\u00e1ssal!\",\"publisher\":{\"@id\":\"https:\\\/\\\/tajkertesz.com\\\/#organization\"},\"potentialAction\":[{\"@type\":\"SearchAction\",\"target\":{\"@type\":\"EntryPoint\",\"urlTemplate\":\"https:\\\/\\\/tajkertesz.com\\\/?s={search_term_string}\"},\"query-input\":{\"@type\":\"PropertyValueSpecification\",\"valueRequired\":true,\"valueName\":\"search_term_string\"}}],\"inLanguage\":\"en-US\"},{\"@type\":\"Organization\",\"@id\":\"https:\\\/\\\/tajkertesz.com\\\/#organization\",\"name\":\"T\u00e1j-Kert\u00e9sz 84 Kft.\",\"url\":\"https:\\\/\\\/tajkertesz.com\\\/\",\"logo\":{\"@type\":\"ImageObject\",\"inLanguage\":\"en-US\",\"@id\":\"https:\\\/\\\/tajkertesz.com\\\/#\\\/schema\\\/logo\\\/image\\\/\",\"url\":\"https:\\\/\\\/tajkertesz.com\\\/wp-content\\\/uploads\\\/2018\\\/02\\\/logo-2-e1518678052539.png\",\"contentUrl\":\"https:\\\/\\\/tajkertesz.com\\\/wp-content\\\/uploads\\\/2018\\\/02\\\/logo-2-e1518678052539.png\",\"width\":81,\"height\":140,\"caption\":\"T\u00e1j-Kert\u00e9sz 84 Kft.\"},\"image\":{\"@id\":\"https:\\\/\\\/tajkertesz.com\\\/#\\\/schema\\\/logo\\\/image\\\/\"},\"sameAs\":[\"https:\\\/\\\/www.facebook.com\\\/Tajkertesz\\\/\"]}]}<\/script>\n<!-- \/ Yoast SEO plugin. -->","yoast_head_json":{"title":"Gy\u00f6keres Abies Nordmanniana\/Kauk\u00e1zusi jegenyefeny\u0151\/Nordmannfeny\u0151 80\/100cm - T\u00e1jkert\u00e9sz","description":"A Kauk\u00e1zusi jegenyefeny\u0151 (Abies Nordmanniana) kifejlett kor\u00e1ban el\u00e9rheti a 15\/20 (30 !!!) m\u00e9teres magass\u00e1got is! T\u00f6m\u00f6tt, k\u00fapos koron\u00e1j\u00fa fa.","robots":{"index":"index","follow":"follow","max-snippet":"max-snippet:-1","max-image-preview":"max-image-preview:large","max-video-preview":"max-video-preview:-1"},"canonical":"https:\/\/tajkertesz.com\/en_US\/product\/abies-nordmanniana-kaukazusi-jegenyefenyo-nordmannfenyo-80-100cm\/","og_locale":"en_US","og_type":"article","og_title":"Gy\u00f6keres Abies Nordmanniana\/Kauk\u00e1zusi jegenyefeny\u0151\/Nordmannfeny\u0151 80\/100cm - T\u00e1jkert\u00e9sz","og_description":"A Kauk\u00e1zusi jegenyefeny\u0151 (Abies Nordmanniana) kifejlett kor\u00e1ban el\u00e9rheti a 15\/20 (30 !!!) m\u00e9teres magass\u00e1got is! T\u00f6m\u00f6tt, k\u00fapos koron\u00e1j\u00fa fa.","og_url":"https:\/\/tajkertesz.com\/en_US\/product\/abies-nordmanniana-kaukazusi-jegenyefenyo-nordmannfenyo-80-100cm\/","og_site_name":"T\u00e1jkert\u00e9sz","article_publisher":"https:\/\/www.facebook.com\/Tajkertesz\/","article_modified_time":"2026-02-16T14:38:21+00:00","og_image":[{"width":2560,"height":787,"url":"https:\/\/tajkertesz.com\/wp-content\/uploads\/2022\/11\/20201128_134207-1-scaled.jpg","type":"image\/jpeg"}],"twitter_card":"summary_large_image","twitter_misc":{"Est. reading time":"1 minute"},"schema":{"@context":"https:\/\/schema.org","@graph":[{"@type":"WebPage","@id":"https:\/\/tajkertesz.com\/termek\/abies-nordmanniana-kaukazusi-jegenyefenyo-nordmannfenyo-80-100cm\/","url":"https:\/\/tajkertesz.com\/termek\/abies-nordmanniana-kaukazusi-jegenyefenyo-nordmannfenyo-80-100cm\/","name":"Gy\u00f6keres Abies Nordmanniana\/Kauk\u00e1zusi jegenyefeny\u0151\/Nordmannfeny\u0151 80\/100cm - T\u00e1jkert\u00e9sz","isPartOf":{"@id":"https:\/\/tajkertesz.com\/#website"},"primaryImageOfPage":{"@id":"https:\/\/tajkertesz.com\/termek\/abies-nordmanniana-kaukazusi-jegenyefenyo-nordmannfenyo-80-100cm\/#primaryimage"},"image":{"@id":"https:\/\/tajkertesz.com\/termek\/abies-nordmanniana-kaukazusi-jegenyefenyo-nordmannfenyo-80-100cm\/#primaryimage"},"thumbnailUrl":"https:\/\/tajkertesz.com\/wp-content\/uploads\/2022\/11\/20201128_134207-1-scaled.jpg","datePublished":"2022-11-23T10:23:34+00:00","dateModified":"2026-02-16T14:38:21+00:00","description":"A Kauk\u00e1zusi jegenyefeny\u0151 (Abies Nordmanniana) kifejlett kor\u00e1ban el\u00e9rheti a 15\/20 (30 !!!) m\u00e9teres magass\u00e1got is! T\u00f6m\u00f6tt, k\u00fapos koron\u00e1j\u00fa fa.","breadcrumb":{"@id":"https:\/\/tajkertesz.com\/termek\/abies-nordmanniana-kaukazusi-jegenyefenyo-nordmannfenyo-80-100cm\/#breadcrumb"},"inLanguage":"en-US","potentialAction":[{"@type":"ReadAction","target":["https:\/\/tajkertesz.com\/termek\/abies-nordmanniana-kaukazusi-jegenyefenyo-nordmannfenyo-80-100cm\/"]}]},{"@type":"ImageObject","inLanguage":"en-US","@id":"https:\/\/tajkertesz.com\/termek\/abies-nordmanniana-kaukazusi-jegenyefenyo-nordmannfenyo-80-100cm\/#primaryimage","url":"https:\/\/tajkertesz.com\/wp-content\/uploads\/2022\/11\/20201128_134207-1-scaled.jpg","contentUrl":"https:\/\/tajkertesz.com\/wp-content\/uploads\/2022\/11\/20201128_134207-1-scaled.jpg","width":2560,"height":787,"caption":"Nordmann feny\u0151"},{"@type":"BreadcrumbList","@id":"https:\/\/tajkertesz.com\/termek\/abies-nordmanniana-kaukazusi-jegenyefenyo-nordmannfenyo-80-100cm\/#breadcrumb","itemListElement":[{"@type":"ListItem","position":1,"name":"Home","item":"https:\/\/tajkertesz.com\/"},{"@type":"ListItem","position":2,"name":"Kezd\u0151lap","item":"https:\/\/tajkertesz.com\/"},{"@type":"ListItem","position":3,"name":"Gy\u00f6keres Abies Nordmanniana\/Kauk\u00e1zusi jegenyefeny\u0151\/Nordmannfeny\u0151 80\/100cm"}]},{"@type":"WebSite","@id":"https:\/\/tajkertesz.com\/#website","url":"https:\/\/tajkertesz.com\/","name":"T\u00e1j-Kert\u00e9sz 84 Kft.","description":"Kert\u00e9szeti kis- \u00e9s nagykeresked\u00e9s, D\u00edszn\u00f6v\u00e9ny web\u00e1ruh\u00e1z orsz\u00e1gos h\u00e1zhozsz\u00e1ll\u00edt\u00e1ssal!","publisher":{"@id":"https:\/\/tajkertesz.com\/#organization"},"potentialAction":[{"@type":"SearchAction","target":{"@type":"EntryPoint","urlTemplate":"https:\/\/tajkertesz.com\/?s={search_term_string}"},"query-input":{"@type":"PropertyValueSpecification","valueRequired":true,"valueName":"search_term_string"}}],"inLanguage":"en-US"},{"@type":"Organization","@id":"https:\/\/tajkertesz.com\/#organization","name":"T\u00e1j-Kert\u00e9sz 84 Kft.","url":"https:\/\/tajkertesz.com\/","logo":{"@type":"ImageObject","inLanguage":"en-US","@id":"https:\/\/tajkertesz.com\/#\/schema\/logo\/image\/","url":"https:\/\/tajkertesz.com\/wp-content\/uploads\/2018\/02\/logo-2-e1518678052539.png","contentUrl":"https:\/\/tajkertesz.com\/wp-content\/uploads\/2018\/02\/logo-2-e1518678052539.png","width":81,"height":140,"caption":"T\u00e1j-Kert\u00e9sz 84 Kft."},"image":{"@id":"https:\/\/tajkertesz.com\/#\/schema\/logo\/image\/"},"sameAs":["https:\/\/www.facebook.com\/Tajkertesz\/"]}]}},"_links":{"self":[{"href":"https:\/\/tajkertesz.com\/en_US\/wp-json\/wp\/v2\/product\/14125","targetHints":{"allow":["GET"]}}],"collection":[{"href":"https:\/\/tajkertesz.com\/en_US\/wp-json\/wp\/v2\/product"}],"about":[{"href":"https:\/\/tajkertesz.com\/en_US\/wp-json\/wp\/v2\/types\/product"}],"wp:featuredmedia":[{"embeddable":true,"href":"https:\/\/tajkertesz.com\/en_US\/wp-json\/wp\/v2\/media\/14122"}],"wp:attachment":[{"href":"https:\/\/tajkertesz.com\/en_US\/wp-json\/wp\/v2\/media?parent=14125"}],"wp:term":[{"taxonomy":"product_brand","embeddable":true,"href":"https:\/\/tajkertesz.com\/en_US\/wp-json\/wp\/v2\/product_brand?post=14125"},{"taxonomy":"product_cat","embeddable":true,"href":"https:\/\/tajkertesz.com\/en_US\/wp-json\/wp\/v2\/product_cat?post=14125"},{"taxonomy":"product_tag","embeddable":true,"href":"https:\/\/tajkertesz.com\/en_US\/wp-json\/wp\/v2\/product_tag?post=14125"}],"curies":[{"name":"wp","href":"https:\/\/api.w.org\/{rel}","templated":true}]}}