{"id":14140,"date":"2022-11-23T12:44:56","date_gmt":"2022-11-23T12:44:56","guid":{"rendered":"https:\/\/tajkertesz.com\/?post_type=product&#038;p=14140"},"modified":"2026-05-04T06:46:16","modified_gmt":"2026-05-04T06:46:16","slug":"lucfenyo-picea-abies-125-150-cm","status":"publish","type":"product","link":"https:\/\/tajkertesz.com\/en_US\/product\/lucfenyo-picea-abies-125-150-cm\/","title":{"rendered":"Gy\u00f6keres L\u00facfeny\u0151\/ Picea abies 125\/150cm"},"content":{"rendered":"<h2>Gy\u00f6keres L\u00facfeny\u0151\/ Picea abies 125\/150cm<\/h2>\n<p>A Picea abies (l\u00facfeny\u0151) a legjelent\u0151sebb n\u00e1lunk \u00e9l\u0151 \u0151shonos feny\u0151f\u00e9le. Szab\u00e1lyos \u00e1l\u00f6rv\u00f6s el\u00e1gaz\u00e1s\u00fa feny\u0151 (kar\u00e1csonyfa). Az erdeifeny\u0151vel egy\u00fctt Eur\u00f3pa legelterjedtebb fafaja. Eg\u00e9sz \u00c9szak- \u00e9s K\u00f6z\u00e9p-Eur\u00f3p\u00e1ban, s\u0151t m\u00e9g Nyugat-Eur\u00f3p\u00e1ban is sz\u00e9p \u00e1llom\u00e1nyokat alkot. Kifejlett p\u00e9ld\u00e1nyai 20\u201360, legfeljebb 95 m\u00e9ter magasak is lehetnek, felismerhet\u0151k k\u00fap alak\u00fa koron\u00e1jukr\u00f3l, csavarod\u00f3 \u00e1gaikr\u00f3l. Ezek a t\u0171level\u0171ek id\u0151s korukban is megtartj\u00e1k csod\u00e1latos k\u00fapos koronaform\u00e1jukat. M\u00e1s feny\u0151kkel ellent\u00e9tben tobozaik lecs\u00fcngenek az \u00e1gakr\u00f3l. Erdei \u00e1llom\u00e1nyban csak legfels\u0151 r\u00e9sz\u00e9ben lombos. K\u00e9rge sz\u00fcrk\u00e9s. T\u0171levelei 1-2 cm hossz\u00faak, n\u00e9gyoldal\u00faak, kihegyesed\u0151k, merevek. Az \u00e1gakon egyes\u00e9vel \u00e1llnak.<\/p>\n<p>kb. 125\/150cm<\/p>\n<p>Kertbe \u00fcltet\u00e9skor javasoljuk a marhatr\u00e1gya haszn\u00e1lat\u00e1t az \u00fcltet\u0151 g\u00f6d\u00f6rbe!<span style=\"color: #ff0000;\">\u00a0<a style=\"color: #ff0000;\" href=\"https:\/\/tajkertesz.com\/termek\/marhatragya-15-literes\/\">Katt. ide!<\/a><\/span><\/p>\n<p>Valamint a t\u0151zeget:\u00a0<span style=\"color: #ff0000;\"><a style=\"color: #ff0000;\" href=\"https:\/\/tajkertesz.com\/termek\/florimo-tozegkocka-25-l\/\">Katt. ide!<\/a><\/span><\/p>\n<p>Balkonl\u00e1d\u00e1ba\/d\u00e9zs\u00e1ba \u00fcltetve az \u00f6r\u00f6kz\u00f6ldeknek val\u00f3 f\u00f6ldet javasoljuk:\u00a0<span style=\"color: #ff0000;\"><a style=\"color: #ff0000;\" href=\"https:\/\/tajkertesz.com\/termek\/florimo-orokzold-viragfold-20-l\/\">Katt. ide.<\/a><\/span><\/p>\n<p><b>K\u00e9szlet\u00fcnk napi szinten v\u00e1ltozik, ez\u00e9rt k\u00e9rj\u00fck, \u00e9rdekl\u0151dj\u00f6n szem\u00e9lyesen, telefonon vagy email-en.<\/b><\/p>\n<p><b>A v\u00e1ltoztat\u00e1s jog\u00e1t fenntartjuk!\u00a0<\/b><\/p>\n<p><a href=\"https:\/\/tajkertesz.com\/\">https:\/\/tajkertesz.com\/<\/a><\/p>\n<p><a href=\"https:\/\/www.facebook.com\/tajkertesz\">https:\/\/www.facebook.com\/tajkertesz<\/a><\/p>\n<p>200 cm \u00e9s 40 kg-ig a sz\u00e1ll\u00edt\u00e1s fut\u00e1rszolg\u00e1lattal lehets\u00e9ges, ezen m\u00e9retek felett egyedi sz\u00e1ll\u00edt\u00e1s egyeztet\u00e9se sz\u00fcks\u00e9ges.<\/p>\n<p>A K\u00e9pen l\u00e1that\u00f3 fa egy p\u00e9lda, k\u00fcldeni az \u00e9ppen aktu\u00e1lisan k\u00e9szleten l\u00e9v\u0151 feny\u0151kb\u0151l tudunk.<\/p>","protected":false},"excerpt":{"rendered":"<h2>Gy\u00f6keres L\u00facfeny\u0151\/ Picea abies 125\/150cm<\/h2>\n<p>A Picea abies (l\u00facfeny\u0151) a legjelent\u0151sebb n\u00e1lunk \u00e9l\u0151 \u0151shonos feny\u0151f\u00e9le. Szab\u00e1lyos \u00e1l\u00f6rv\u00f6s el\u00e1gaz\u00e1s\u00fa feny\u0151 (kar\u00e1csonyfa). Az erdeifeny\u0151vel egy\u00fctt Eur\u00f3pa legelterjedtebb fafaja. Eg\u00e9sz \u00c9szak- \u00e9s K\u00f6z\u00e9p-Eur\u00f3p\u00e1ban, s\u0151t m\u00e9g Nyugat-Eur\u00f3p\u00e1ban is sz\u00e9p \u00e1llom\u00e1nyokat alkot. Kifejlett p\u00e9ld\u00e1nyai 20\u201360, legfeljebb 95 m\u00e9ter magasak is lehetnek, felismerhet\u0151k k\u00fap alak\u00fa koron\u00e1jukr\u00f3l, csavarod\u00f3 \u00e1gaikr\u00f3l. Ezek a t\u0171level\u0171ek id\u0151s korukban is megtartj\u00e1k csod\u00e1latos k\u00fapos koronaform\u00e1jukat. M\u00e1s feny\u0151kkel ellent\u00e9tben tobozaik lecs\u00fcngenek az \u00e1gakr\u00f3l. Erdei \u00e1llom\u00e1nyban csak legfels\u0151 r\u00e9sz\u00e9ben lombos. K\u00e9rge sz\u00fcrk\u00e9s. T\u0171levelei 1-2 cm hossz\u00faak, n\u00e9gyoldal\u00faak, kihegyesed\u0151k, merevek. Az \u00e1gakon egyes\u00e9vel \u00e1llnak.<\/p>\n<p>kb. 125\/150cm<\/p>","protected":false},"featured_media":14089,"template":"","meta":{"_et_pb_use_builder":"","_et_pb_old_content":"","_et_gb_content_width":""},"product_brand":[],"product_cat":[4028],"product_tag":[],"class_list":{"0":"post-14140","1":"product","2":"type-product","3":"status-publish","4":"has-post-thumbnail","6":"product_cat-lucfenyo","8":"first","9":"outofstock","10":"shipping-taxable","11":"product-type-simple"},"yoast_head":"<!-- This site is optimized with the Yoast SEO plugin v27.5 - https:\/\/yoast.com\/product\/yoast-seo-wordpress\/ -->\n<title>Gy\u00f6keres L\u00facfeny\u0151\/ Picea abies 125\/150cm - T\u00e1jkert\u00e9sz<\/title>\n<meta name=\"description\" content=\"A Picea abies (l\u00facfeny\u0151) a legjelent\u0151sebb n\u00e1lunk \u00e9l\u0151 \u0151shonos feny\u0151f\u00e9le. Szab\u00e1lyos \u00e1l\u00f6rv\u00f6s el\u00e1gaz\u00e1s\u00fa feny\u0151 (kar\u00e1csonyfa).Kifejlett p\u00e9ld\u00e1nyai 20\u201360m\" \/>\n<meta name=\"robots\" content=\"index, follow, max-snippet:-1, max-image-preview:large, max-video-preview:-1\" \/>\n<link rel=\"canonical\" href=\"https:\/\/tajkertesz.com\/en_US\/product\/lucfenyo-picea-abies-125-150-cm\/\" \/>\n<meta property=\"og:locale\" content=\"en_US\" \/>\n<meta property=\"og:type\" content=\"article\" \/>\n<meta property=\"og:title\" content=\"Gy\u00f6keres L\u00facfeny\u0151\/ Picea abies 125\/150cm - T\u00e1jkert\u00e9sz\" \/>\n<meta property=\"og:description\" content=\"A Picea abies (l\u00facfeny\u0151) a legjelent\u0151sebb n\u00e1lunk \u00e9l\u0151 \u0151shonos feny\u0151f\u00e9le. Szab\u00e1lyos \u00e1l\u00f6rv\u00f6s el\u00e1gaz\u00e1s\u00fa feny\u0151 (kar\u00e1csonyfa).Kifejlett p\u00e9ld\u00e1nyai 20\u201360m\" \/>\n<meta property=\"og:url\" content=\"https:\/\/tajkertesz.com\/en_US\/product\/lucfenyo-picea-abies-125-150-cm\/\" \/>\n<meta property=\"og:site_name\" content=\"T\u00e1jkert\u00e9sz\" \/>\n<meta property=\"article:publisher\" content=\"https:\/\/www.facebook.com\/Tajkertesz\/\" \/>\n<meta property=\"article:modified_time\" content=\"2026-05-04T06:46:16+00:00\" \/>\n<meta property=\"og:image\" content=\"https:\/\/tajkertesz.com\/wp-content\/uploads\/2022\/11\/20211201_154024-scaled.jpg\" \/>\n\t<meta property=\"og:image:width\" content=\"2400\" \/>\n\t<meta property=\"og:image:height\" content=\"1080\" \/>\n\t<meta property=\"og:image:type\" content=\"image\/jpeg\" \/>\n<meta name=\"twitter:card\" content=\"summary_large_image\" \/>\n<meta name=\"twitter:label1\" content=\"Est. reading time\" \/>\n\t<meta name=\"twitter:data1\" content=\"2 minutes\" \/>\n<script type=\"application\/ld+json\" class=\"yoast-schema-graph\">{\"@context\":\"https:\\\/\\\/schema.org\",\"@graph\":[{\"@type\":\"WebPage\",\"@id\":\"https:\\\/\\\/tajkertesz.com\\\/termek\\\/lucfenyo-picea-abies-125-150-cm\\\/\",\"url\":\"https:\\\/\\\/tajkertesz.com\\\/termek\\\/lucfenyo-picea-abies-125-150-cm\\\/\",\"name\":\"Gy\u00f6keres L\u00facfeny\u0151\\\/ Picea abies 125\\\/150cm - T\u00e1jkert\u00e9sz\",\"isPartOf\":{\"@id\":\"https:\\\/\\\/tajkertesz.com\\\/#website\"},\"primaryImageOfPage\":{\"@id\":\"https:\\\/\\\/tajkertesz.com\\\/termek\\\/lucfenyo-picea-abies-125-150-cm\\\/#primaryimage\"},\"image\":{\"@id\":\"https:\\\/\\\/tajkertesz.com\\\/termek\\\/lucfenyo-picea-abies-125-150-cm\\\/#primaryimage\"},\"thumbnailUrl\":\"https:\\\/\\\/tajkertesz.com\\\/wp-content\\\/uploads\\\/2022\\\/11\\\/20211201_154024-scaled.jpg\",\"datePublished\":\"2022-11-23T12:44:56+00:00\",\"dateModified\":\"2026-05-04T06:46:16+00:00\",\"description\":\"A Picea abies (l\u00facfeny\u0151) a legjelent\u0151sebb n\u00e1lunk \u00e9l\u0151 \u0151shonos feny\u0151f\u00e9le. Szab\u00e1lyos \u00e1l\u00f6rv\u00f6s el\u00e1gaz\u00e1s\u00fa feny\u0151 (kar\u00e1csonyfa).Kifejlett p\u00e9ld\u00e1nyai 20\u201360m\",\"breadcrumb\":{\"@id\":\"https:\\\/\\\/tajkertesz.com\\\/termek\\\/lucfenyo-picea-abies-125-150-cm\\\/#breadcrumb\"},\"inLanguage\":\"en-US\",\"potentialAction\":[{\"@type\":\"ReadAction\",\"target\":[\"https:\\\/\\\/tajkertesz.com\\\/termek\\\/lucfenyo-picea-abies-125-150-cm\\\/\"]}]},{\"@type\":\"ImageObject\",\"inLanguage\":\"en-US\",\"@id\":\"https:\\\/\\\/tajkertesz.com\\\/termek\\\/lucfenyo-picea-abies-125-150-cm\\\/#primaryimage\",\"url\":\"https:\\\/\\\/tajkertesz.com\\\/wp-content\\\/uploads\\\/2022\\\/11\\\/20211201_154024-scaled.jpg\",\"contentUrl\":\"https:\\\/\\\/tajkertesz.com\\\/wp-content\\\/uploads\\\/2022\\\/11\\\/20211201_154024-scaled.jpg\",\"width\":2400,\"height\":1080,\"caption\":\"Gy\u00f6keres L\u00facfeny\u0151k\"},{\"@type\":\"BreadcrumbList\",\"@id\":\"https:\\\/\\\/tajkertesz.com\\\/termek\\\/lucfenyo-picea-abies-125-150-cm\\\/#breadcrumb\",\"itemListElement\":[{\"@type\":\"ListItem\",\"position\":1,\"name\":\"Home\",\"item\":\"https:\\\/\\\/tajkertesz.com\\\/\"},{\"@type\":\"ListItem\",\"position\":2,\"name\":\"Kezd\u0151lap\",\"item\":\"https:\\\/\\\/tajkertesz.com\\\/\"},{\"@type\":\"ListItem\",\"position\":3,\"name\":\"Gy\u00f6keres L\u00facfeny\u0151\\\/ Picea abies 125\\\/150cm\"}]},{\"@type\":\"WebSite\",\"@id\":\"https:\\\/\\\/tajkertesz.com\\\/#website\",\"url\":\"https:\\\/\\\/tajkertesz.com\\\/\",\"name\":\"T\u00e1j-Kert\u00e9sz 84 Kft.\",\"description\":\"Kert\u00e9szeti kis- \u00e9s nagykeresked\u00e9s, D\u00edszn\u00f6v\u00e9ny web\u00e1ruh\u00e1z orsz\u00e1gos h\u00e1zhozsz\u00e1ll\u00edt\u00e1ssal!\",\"publisher\":{\"@id\":\"https:\\\/\\\/tajkertesz.com\\\/#organization\"},\"potentialAction\":[{\"@type\":\"SearchAction\",\"target\":{\"@type\":\"EntryPoint\",\"urlTemplate\":\"https:\\\/\\\/tajkertesz.com\\\/?s={search_term_string}\"},\"query-input\":{\"@type\":\"PropertyValueSpecification\",\"valueRequired\":true,\"valueName\":\"search_term_string\"}}],\"inLanguage\":\"en-US\"},{\"@type\":\"Organization\",\"@id\":\"https:\\\/\\\/tajkertesz.com\\\/#organization\",\"name\":\"T\u00e1j-Kert\u00e9sz 84 Kft.\",\"url\":\"https:\\\/\\\/tajkertesz.com\\\/\",\"logo\":{\"@type\":\"ImageObject\",\"inLanguage\":\"en-US\",\"@id\":\"https:\\\/\\\/tajkertesz.com\\\/#\\\/schema\\\/logo\\\/image\\\/\",\"url\":\"https:\\\/\\\/tajkertesz.com\\\/wp-content\\\/uploads\\\/2018\\\/02\\\/logo-2-e1518678052539.png\",\"contentUrl\":\"https:\\\/\\\/tajkertesz.com\\\/wp-content\\\/uploads\\\/2018\\\/02\\\/logo-2-e1518678052539.png\",\"width\":81,\"height\":140,\"caption\":\"T\u00e1j-Kert\u00e9sz 84 Kft.\"},\"image\":{\"@id\":\"https:\\\/\\\/tajkertesz.com\\\/#\\\/schema\\\/logo\\\/image\\\/\"},\"sameAs\":[\"https:\\\/\\\/www.facebook.com\\\/Tajkertesz\\\/\"]}]}<\/script>\n<!-- \/ Yoast SEO plugin. -->","yoast_head_json":{"title":"Gy\u00f6keres L\u00facfeny\u0151\/ Picea abies 125\/150cm - T\u00e1jkert\u00e9sz","description":"A Picea abies (l\u00facfeny\u0151) a legjelent\u0151sebb n\u00e1lunk \u00e9l\u0151 \u0151shonos feny\u0151f\u00e9le. Szab\u00e1lyos \u00e1l\u00f6rv\u00f6s el\u00e1gaz\u00e1s\u00fa feny\u0151 (kar\u00e1csonyfa).Kifejlett p\u00e9ld\u00e1nyai 20\u201360m","robots":{"index":"index","follow":"follow","max-snippet":"max-snippet:-1","max-image-preview":"max-image-preview:large","max-video-preview":"max-video-preview:-1"},"canonical":"https:\/\/tajkertesz.com\/en_US\/product\/lucfenyo-picea-abies-125-150-cm\/","og_locale":"en_US","og_type":"article","og_title":"Gy\u00f6keres L\u00facfeny\u0151\/ Picea abies 125\/150cm - T\u00e1jkert\u00e9sz","og_description":"A Picea abies (l\u00facfeny\u0151) a legjelent\u0151sebb n\u00e1lunk \u00e9l\u0151 \u0151shonos feny\u0151f\u00e9le. Szab\u00e1lyos \u00e1l\u00f6rv\u00f6s el\u00e1gaz\u00e1s\u00fa feny\u0151 (kar\u00e1csonyfa).Kifejlett p\u00e9ld\u00e1nyai 20\u201360m","og_url":"https:\/\/tajkertesz.com\/en_US\/product\/lucfenyo-picea-abies-125-150-cm\/","og_site_name":"T\u00e1jkert\u00e9sz","article_publisher":"https:\/\/www.facebook.com\/Tajkertesz\/","article_modified_time":"2026-05-04T06:46:16+00:00","og_image":[{"width":2400,"height":1080,"url":"https:\/\/tajkertesz.com\/wp-content\/uploads\/2022\/11\/20211201_154024-scaled.jpg","type":"image\/jpeg"}],"twitter_card":"summary_large_image","twitter_misc":{"Est. reading time":"2 minutes"},"schema":{"@context":"https:\/\/schema.org","@graph":[{"@type":"WebPage","@id":"https:\/\/tajkertesz.com\/termek\/lucfenyo-picea-abies-125-150-cm\/","url":"https:\/\/tajkertesz.com\/termek\/lucfenyo-picea-abies-125-150-cm\/","name":"Gy\u00f6keres L\u00facfeny\u0151\/ Picea abies 125\/150cm - T\u00e1jkert\u00e9sz","isPartOf":{"@id":"https:\/\/tajkertesz.com\/#website"},"primaryImageOfPage":{"@id":"https:\/\/tajkertesz.com\/termek\/lucfenyo-picea-abies-125-150-cm\/#primaryimage"},"image":{"@id":"https:\/\/tajkertesz.com\/termek\/lucfenyo-picea-abies-125-150-cm\/#primaryimage"},"thumbnailUrl":"https:\/\/tajkertesz.com\/wp-content\/uploads\/2022\/11\/20211201_154024-scaled.jpg","datePublished":"2022-11-23T12:44:56+00:00","dateModified":"2026-05-04T06:46:16+00:00","description":"A Picea abies (l\u00facfeny\u0151) a legjelent\u0151sebb n\u00e1lunk \u00e9l\u0151 \u0151shonos feny\u0151f\u00e9le. Szab\u00e1lyos \u00e1l\u00f6rv\u00f6s el\u00e1gaz\u00e1s\u00fa feny\u0151 (kar\u00e1csonyfa).Kifejlett p\u00e9ld\u00e1nyai 20\u201360m","breadcrumb":{"@id":"https:\/\/tajkertesz.com\/termek\/lucfenyo-picea-abies-125-150-cm\/#breadcrumb"},"inLanguage":"en-US","potentialAction":[{"@type":"ReadAction","target":["https:\/\/tajkertesz.com\/termek\/lucfenyo-picea-abies-125-150-cm\/"]}]},{"@type":"ImageObject","inLanguage":"en-US","@id":"https:\/\/tajkertesz.com\/termek\/lucfenyo-picea-abies-125-150-cm\/#primaryimage","url":"https:\/\/tajkertesz.com\/wp-content\/uploads\/2022\/11\/20211201_154024-scaled.jpg","contentUrl":"https:\/\/tajkertesz.com\/wp-content\/uploads\/2022\/11\/20211201_154024-scaled.jpg","width":2400,"height":1080,"caption":"Gy\u00f6keres L\u00facfeny\u0151k"},{"@type":"BreadcrumbList","@id":"https:\/\/tajkertesz.com\/termek\/lucfenyo-picea-abies-125-150-cm\/#breadcrumb","itemListElement":[{"@type":"ListItem","position":1,"name":"Home","item":"https:\/\/tajkertesz.com\/"},{"@type":"ListItem","position":2,"name":"Kezd\u0151lap","item":"https:\/\/tajkertesz.com\/"},{"@type":"ListItem","position":3,"name":"Gy\u00f6keres L\u00facfeny\u0151\/ Picea abies 125\/150cm"}]},{"@type":"WebSite","@id":"https:\/\/tajkertesz.com\/#website","url":"https:\/\/tajkertesz.com\/","name":"T\u00e1j-Kert\u00e9sz 84 Kft.","description":"Kert\u00e9szeti kis- \u00e9s nagykeresked\u00e9s, D\u00edszn\u00f6v\u00e9ny web\u00e1ruh\u00e1z orsz\u00e1gos h\u00e1zhozsz\u00e1ll\u00edt\u00e1ssal!","publisher":{"@id":"https:\/\/tajkertesz.com\/#organization"},"potentialAction":[{"@type":"SearchAction","target":{"@type":"EntryPoint","urlTemplate":"https:\/\/tajkertesz.com\/?s={search_term_string}"},"query-input":{"@type":"PropertyValueSpecification","valueRequired":true,"valueName":"search_term_string"}}],"inLanguage":"en-US"},{"@type":"Organization","@id":"https:\/\/tajkertesz.com\/#organization","name":"T\u00e1j-Kert\u00e9sz 84 Kft.","url":"https:\/\/tajkertesz.com\/","logo":{"@type":"ImageObject","inLanguage":"en-US","@id":"https:\/\/tajkertesz.com\/#\/schema\/logo\/image\/","url":"https:\/\/tajkertesz.com\/wp-content\/uploads\/2018\/02\/logo-2-e1518678052539.png","contentUrl":"https:\/\/tajkertesz.com\/wp-content\/uploads\/2018\/02\/logo-2-e1518678052539.png","width":81,"height":140,"caption":"T\u00e1j-Kert\u00e9sz 84 Kft."},"image":{"@id":"https:\/\/tajkertesz.com\/#\/schema\/logo\/image\/"},"sameAs":["https:\/\/www.facebook.com\/Tajkertesz\/"]}]}},"_links":{"self":[{"href":"https:\/\/tajkertesz.com\/en_US\/wp-json\/wp\/v2\/product\/14140","targetHints":{"allow":["GET"]}}],"collection":[{"href":"https:\/\/tajkertesz.com\/en_US\/wp-json\/wp\/v2\/product"}],"about":[{"href":"https:\/\/tajkertesz.com\/en_US\/wp-json\/wp\/v2\/types\/product"}],"wp:featuredmedia":[{"embeddable":true,"href":"https:\/\/tajkertesz.com\/en_US\/wp-json\/wp\/v2\/media\/14089"}],"wp:attachment":[{"href":"https:\/\/tajkertesz.com\/en_US\/wp-json\/wp\/v2\/media?parent=14140"}],"wp:term":[{"taxonomy":"product_brand","embeddable":true,"href":"https:\/\/tajkertesz.com\/en_US\/wp-json\/wp\/v2\/product_brand?post=14140"},{"taxonomy":"product_cat","embeddable":true,"href":"https:\/\/tajkertesz.com\/en_US\/wp-json\/wp\/v2\/product_cat?post=14140"},{"taxonomy":"product_tag","embeddable":true,"href":"https:\/\/tajkertesz.com\/en_US\/wp-json\/wp\/v2\/product_tag?post=14140"}],"curies":[{"name":"wp","href":"https:\/\/api.w.org\/{rel}","templated":true}]}}