{"id":14144,"date":"2022-11-23T12:58:06","date_gmt":"2022-11-23T12:58:06","guid":{"rendered":"https:\/\/tajkertesz.com\/?post_type=product&#038;p=14144"},"modified":"2026-02-16T14:36:58","modified_gmt":"2026-02-16T14:36:58","slug":"vagott-lucfenyo150cm","status":"publish","type":"product","link":"https:\/\/tajkertesz.com\/en_US\/product\/vagott-lucfenyo150cm\/","title":{"rendered":"V\u00e1gott l\u00facfeny\u0151150cm"},"content":{"rendered":"<h2>V\u00e1gott l\u00facfeny\u0151150cm<\/h2>\n<p>V\u00e1gott l\u00facfeny\u0151150cm<\/p>\n<p>A L\u00fac feny\u0151 legfontosabb tulajdons\u00e1gai:<\/p>\n<ul>\n<li>M\u00e9lyz\u00f6ld megjelen\u00e9s<\/li>\n<li>Sz\u00e9p a form\u00e1ja, \u00e9s a t\u00f6bbi feny\u0151f\u00e1n\u00e1l olcs\u00f3bb<\/li>\n<li>Gy\u00f6ny\u00f6r\u0171 forma, szimmetria \u00e9s \u00e1gs\u0171r\u0171s\u00e9g<\/li>\n<li>T\u0171levelei viszonylag hamar lehullanak<\/li>\n<li>Sz\u00far\u00f3s t\u0171levelek<\/li>\n<li>Magas, klasszikus illatszint\n<div>\n<p>&nbsp;<\/p>\n<p><strong>K\u00e9szlet\u00fcnk napi szinten v\u00e1ltozik, ez\u00e9rt k\u00e9rj\u00fck, \u00e9rdekl\u0151dj\u00f6n szem\u00e9lyesen, telefonon vagy email-en.<br \/>\nA v\u00e1ltoztat\u00e1s jog\u00e1t fenntartjuk!\u00a0<\/strong><\/p>\n<p><a href=\"https:\/\/tajkertesz.com\/\">https:\/\/tajkertesz.com\/<\/a><\/p>\n<p><a href=\"https:\/\/www.facebook.com\/tajkertesz\/\">https:\/\/www.facebook.com\/tajkertesz\/<\/a><\/p>\n<p>Kisz\u00e1ll\u00edt\u00e1s: 200cm-ig \u00a0\u00e9s 40 kg-ig a sz\u00e1ll\u00edt\u00e1s fut\u00e1rszolg\u00e1lattal \u00a0t\u00f6rt\u00e9nik.<\/p>\n<p>Szem\u00e9lyes \u00e1tv\u00e9tel nyitvatart\u00e1si id\u0151ben a 17. ker\u00fclet Bakancsos utca 7. sz\u00e1m alatti Kert\u00e9szeti \u00e1rud\u00e1ban<\/p>\n<\/div>\n<\/li>\n<\/ul>","protected":false},"excerpt":{"rendered":"<h2><\/h2>\n<ul>\n<li><i class=\"fa fa-check-circle\"><\/i>\u00a0I. oszt\u00e1ly\u00fa l\u00fac feny\u0151<\/li>\n<li><i class=\"fa fa-check-circle\"><\/i>\u00a0magass\u00e1ga 150 cm<\/li>\n<li><i class=\"fa fa-check-circle\"><\/i>\u00a0kisz\u00e1ll\u00edt\u00e1skor t\u00f6bb feny\u0151 k\u00f6z\u00fcl v\u00e1laszthat<\/li>\n<li><i class=\"fa fa-check-circle\"><\/i>\u00a0talpba farag\u00e1s \u00e9s csomagol\u00e1s az \u00e1rban<\/li>\n<\/ul>\n<p>A feny\u0151f\u00e1kat a lelkiismeretes zalai termeszt\u0151k \u00e9veken \u00e1t gondozz\u00e1k, metszik \u0151ket, hogy form\u00e1juk t\u00f6k\u00e9letes legyen!<\/p>","protected":false},"featured_media":14408,"template":"","meta":{"_et_pb_use_builder":"","_et_pb_old_content":"","_et_gb_content_width":""},"product_brand":[],"product_cat":[4031],"product_tag":[4026,4414,6398],"class_list":{"0":"post-14144","1":"product","2":"type-product","3":"status-publish","4":"has-post-thumbnail","6":"product_cat-lucfenyok","7":"product_tag-fenyofak","8":"product_tag-karacsonyfa","9":"product_tag-lucfenyo","11":"first","12":"outofstock","13":"shipping-taxable","14":"purchasable","15":"product-type-simple"},"yoast_head":"<!-- This site is optimized with the Yoast SEO plugin v27.5 - https:\/\/yoast.com\/product\/yoast-seo-wordpress\/ -->\n<title>V\u00e1gott l\u00facfeny\u0151150cm - T\u00e1jkert\u00e9sz<\/title>\n<meta name=\"description\" content=\"V\u00e1gott l\u00facfeny\u0151150cm. Kert\u00e9szet\u00fcnkben zalai termeszt\u00e9s\u0171 \u00e1ltalunk v\u00e1logatott v\u00e1gott \u00e9s gy\u00f6keres feny\u0151f\u00e1kat \u00e9rt\u00e9kes\u00edt\u00fcnk 1-4,5m-ig!\" \/>\n<meta name=\"robots\" content=\"index, follow, max-snippet:-1, max-image-preview:large, max-video-preview:-1\" \/>\n<link rel=\"canonical\" href=\"https:\/\/tajkertesz.com\/en_US\/product\/vagott-lucfenyo150cm\/\" \/>\n<meta property=\"og:locale\" content=\"en_US\" \/>\n<meta property=\"og:type\" content=\"article\" \/>\n<meta property=\"og:title\" content=\"V\u00e1gott l\u00facfeny\u0151150cm - T\u00e1jkert\u00e9sz\" \/>\n<meta property=\"og:description\" content=\"V\u00e1gott l\u00facfeny\u0151150cm. Kert\u00e9szet\u00fcnkben zalai termeszt\u00e9s\u0171 \u00e1ltalunk v\u00e1logatott v\u00e1gott \u00e9s gy\u00f6keres feny\u0151f\u00e1kat \u00e9rt\u00e9kes\u00edt\u00fcnk 1-4,5m-ig!\" \/>\n<meta property=\"og:url\" content=\"https:\/\/tajkertesz.com\/en_US\/product\/vagott-lucfenyo150cm\/\" \/>\n<meta property=\"og:site_name\" content=\"T\u00e1jkert\u00e9sz\" \/>\n<meta property=\"article:publisher\" content=\"https:\/\/www.facebook.com\/Tajkertesz\/\" \/>\n<meta property=\"article:modified_time\" content=\"2026-02-16T14:36:58+00:00\" \/>\n<meta property=\"og:image\" content=\"https:\/\/tajkertesz.com\/wp-content\/uploads\/2022\/11\/20221209_135737-scaled.jpg\" \/>\n\t<meta property=\"og:image:width\" content=\"1152\" \/>\n\t<meta property=\"og:image:height\" content=\"2560\" \/>\n\t<meta property=\"og:image:type\" content=\"image\/jpeg\" \/>\n<meta name=\"twitter:card\" content=\"summary_large_image\" \/>\n<meta name=\"twitter:label1\" content=\"Est. reading time\" \/>\n\t<meta name=\"twitter:data1\" content=\"1 minute\" \/>\n<script type=\"application\/ld+json\" class=\"yoast-schema-graph\">{\"@context\":\"https:\\\/\\\/schema.org\",\"@graph\":[{\"@type\":\"WebPage\",\"@id\":\"https:\\\/\\\/tajkertesz.com\\\/termek\\\/vagott-lucfenyo150cm\\\/\",\"url\":\"https:\\\/\\\/tajkertesz.com\\\/termek\\\/vagott-lucfenyo150cm\\\/\",\"name\":\"V\u00e1gott l\u00facfeny\u0151150cm - T\u00e1jkert\u00e9sz\",\"isPartOf\":{\"@id\":\"https:\\\/\\\/tajkertesz.com\\\/#website\"},\"primaryImageOfPage\":{\"@id\":\"https:\\\/\\\/tajkertesz.com\\\/termek\\\/vagott-lucfenyo150cm\\\/#primaryimage\"},\"image\":{\"@id\":\"https:\\\/\\\/tajkertesz.com\\\/termek\\\/vagott-lucfenyo150cm\\\/#primaryimage\"},\"thumbnailUrl\":\"https:\\\/\\\/tajkertesz.com\\\/wp-content\\\/uploads\\\/2022\\\/11\\\/20221209_135737-scaled.jpg\",\"datePublished\":\"2022-11-23T12:58:06+00:00\",\"dateModified\":\"2026-02-16T14:36:58+00:00\",\"description\":\"V\u00e1gott l\u00facfeny\u0151150cm. Kert\u00e9szet\u00fcnkben zalai termeszt\u00e9s\u0171 \u00e1ltalunk v\u00e1logatott v\u00e1gott \u00e9s gy\u00f6keres feny\u0151f\u00e1kat \u00e9rt\u00e9kes\u00edt\u00fcnk 1-4,5m-ig!\",\"breadcrumb\":{\"@id\":\"https:\\\/\\\/tajkertesz.com\\\/termek\\\/vagott-lucfenyo150cm\\\/#breadcrumb\"},\"inLanguage\":\"en-US\",\"potentialAction\":[{\"@type\":\"ReadAction\",\"target\":[\"https:\\\/\\\/tajkertesz.com\\\/termek\\\/vagott-lucfenyo150cm\\\/\"]}]},{\"@type\":\"ImageObject\",\"inLanguage\":\"en-US\",\"@id\":\"https:\\\/\\\/tajkertesz.com\\\/termek\\\/vagott-lucfenyo150cm\\\/#primaryimage\",\"url\":\"https:\\\/\\\/tajkertesz.com\\\/wp-content\\\/uploads\\\/2022\\\/11\\\/20221209_135737-scaled.jpg\",\"contentUrl\":\"https:\\\/\\\/tajkertesz.com\\\/wp-content\\\/uploads\\\/2022\\\/11\\\/20221209_135737-scaled.jpg\",\"width\":1152,\"height\":2560,\"caption\":\"V\u00e1gott l\u00facfeny\u0151150cm\"},{\"@type\":\"BreadcrumbList\",\"@id\":\"https:\\\/\\\/tajkertesz.com\\\/termek\\\/vagott-lucfenyo150cm\\\/#breadcrumb\",\"itemListElement\":[{\"@type\":\"ListItem\",\"position\":1,\"name\":\"Home\",\"item\":\"https:\\\/\\\/tajkertesz.com\\\/\"},{\"@type\":\"ListItem\",\"position\":2,\"name\":\"Kezd\u0151lap\",\"item\":\"https:\\\/\\\/tajkertesz.com\\\/\"},{\"@type\":\"ListItem\",\"position\":3,\"name\":\"V\u00e1gott l\u00facfeny\u0151150cm\"}]},{\"@type\":\"WebSite\",\"@id\":\"https:\\\/\\\/tajkertesz.com\\\/#website\",\"url\":\"https:\\\/\\\/tajkertesz.com\\\/\",\"name\":\"T\u00e1j-Kert\u00e9sz 84 Kft.\",\"description\":\"Kert\u00e9szeti kis- \u00e9s nagykeresked\u00e9s, D\u00edszn\u00f6v\u00e9ny web\u00e1ruh\u00e1z orsz\u00e1gos h\u00e1zhozsz\u00e1ll\u00edt\u00e1ssal!\",\"publisher\":{\"@id\":\"https:\\\/\\\/tajkertesz.com\\\/#organization\"},\"potentialAction\":[{\"@type\":\"SearchAction\",\"target\":{\"@type\":\"EntryPoint\",\"urlTemplate\":\"https:\\\/\\\/tajkertesz.com\\\/?s={search_term_string}\"},\"query-input\":{\"@type\":\"PropertyValueSpecification\",\"valueRequired\":true,\"valueName\":\"search_term_string\"}}],\"inLanguage\":\"en-US\"},{\"@type\":\"Organization\",\"@id\":\"https:\\\/\\\/tajkertesz.com\\\/#organization\",\"name\":\"T\u00e1j-Kert\u00e9sz 84 Kft.\",\"url\":\"https:\\\/\\\/tajkertesz.com\\\/\",\"logo\":{\"@type\":\"ImageObject\",\"inLanguage\":\"en-US\",\"@id\":\"https:\\\/\\\/tajkertesz.com\\\/#\\\/schema\\\/logo\\\/image\\\/\",\"url\":\"https:\\\/\\\/tajkertesz.com\\\/wp-content\\\/uploads\\\/2018\\\/02\\\/logo-2-e1518678052539.png\",\"contentUrl\":\"https:\\\/\\\/tajkertesz.com\\\/wp-content\\\/uploads\\\/2018\\\/02\\\/logo-2-e1518678052539.png\",\"width\":81,\"height\":140,\"caption\":\"T\u00e1j-Kert\u00e9sz 84 Kft.\"},\"image\":{\"@id\":\"https:\\\/\\\/tajkertesz.com\\\/#\\\/schema\\\/logo\\\/image\\\/\"},\"sameAs\":[\"https:\\\/\\\/www.facebook.com\\\/Tajkertesz\\\/\"]}]}<\/script>\n<!-- \/ Yoast SEO plugin. -->","yoast_head_json":{"title":"V\u00e1gott l\u00facfeny\u0151150cm - T\u00e1jkert\u00e9sz","description":"V\u00e1gott l\u00facfeny\u0151150cm. Kert\u00e9szet\u00fcnkben zalai termeszt\u00e9s\u0171 \u00e1ltalunk v\u00e1logatott v\u00e1gott \u00e9s gy\u00f6keres feny\u0151f\u00e1kat \u00e9rt\u00e9kes\u00edt\u00fcnk 1-4,5m-ig!","robots":{"index":"index","follow":"follow","max-snippet":"max-snippet:-1","max-image-preview":"max-image-preview:large","max-video-preview":"max-video-preview:-1"},"canonical":"https:\/\/tajkertesz.com\/en_US\/product\/vagott-lucfenyo150cm\/","og_locale":"en_US","og_type":"article","og_title":"V\u00e1gott l\u00facfeny\u0151150cm - T\u00e1jkert\u00e9sz","og_description":"V\u00e1gott l\u00facfeny\u0151150cm. Kert\u00e9szet\u00fcnkben zalai termeszt\u00e9s\u0171 \u00e1ltalunk v\u00e1logatott v\u00e1gott \u00e9s gy\u00f6keres feny\u0151f\u00e1kat \u00e9rt\u00e9kes\u00edt\u00fcnk 1-4,5m-ig!","og_url":"https:\/\/tajkertesz.com\/en_US\/product\/vagott-lucfenyo150cm\/","og_site_name":"T\u00e1jkert\u00e9sz","article_publisher":"https:\/\/www.facebook.com\/Tajkertesz\/","article_modified_time":"2026-02-16T14:36:58+00:00","og_image":[{"width":1152,"height":2560,"url":"https:\/\/tajkertesz.com\/wp-content\/uploads\/2022\/11\/20221209_135737-scaled.jpg","type":"image\/jpeg"}],"twitter_card":"summary_large_image","twitter_misc":{"Est. reading time":"1 minute"},"schema":{"@context":"https:\/\/schema.org","@graph":[{"@type":"WebPage","@id":"https:\/\/tajkertesz.com\/termek\/vagott-lucfenyo150cm\/","url":"https:\/\/tajkertesz.com\/termek\/vagott-lucfenyo150cm\/","name":"V\u00e1gott l\u00facfeny\u0151150cm - T\u00e1jkert\u00e9sz","isPartOf":{"@id":"https:\/\/tajkertesz.com\/#website"},"primaryImageOfPage":{"@id":"https:\/\/tajkertesz.com\/termek\/vagott-lucfenyo150cm\/#primaryimage"},"image":{"@id":"https:\/\/tajkertesz.com\/termek\/vagott-lucfenyo150cm\/#primaryimage"},"thumbnailUrl":"https:\/\/tajkertesz.com\/wp-content\/uploads\/2022\/11\/20221209_135737-scaled.jpg","datePublished":"2022-11-23T12:58:06+00:00","dateModified":"2026-02-16T14:36:58+00:00","description":"V\u00e1gott l\u00facfeny\u0151150cm. Kert\u00e9szet\u00fcnkben zalai termeszt\u00e9s\u0171 \u00e1ltalunk v\u00e1logatott v\u00e1gott \u00e9s gy\u00f6keres feny\u0151f\u00e1kat \u00e9rt\u00e9kes\u00edt\u00fcnk 1-4,5m-ig!","breadcrumb":{"@id":"https:\/\/tajkertesz.com\/termek\/vagott-lucfenyo150cm\/#breadcrumb"},"inLanguage":"en-US","potentialAction":[{"@type":"ReadAction","target":["https:\/\/tajkertesz.com\/termek\/vagott-lucfenyo150cm\/"]}]},{"@type":"ImageObject","inLanguage":"en-US","@id":"https:\/\/tajkertesz.com\/termek\/vagott-lucfenyo150cm\/#primaryimage","url":"https:\/\/tajkertesz.com\/wp-content\/uploads\/2022\/11\/20221209_135737-scaled.jpg","contentUrl":"https:\/\/tajkertesz.com\/wp-content\/uploads\/2022\/11\/20221209_135737-scaled.jpg","width":1152,"height":2560,"caption":"V\u00e1gott l\u00facfeny\u0151150cm"},{"@type":"BreadcrumbList","@id":"https:\/\/tajkertesz.com\/termek\/vagott-lucfenyo150cm\/#breadcrumb","itemListElement":[{"@type":"ListItem","position":1,"name":"Home","item":"https:\/\/tajkertesz.com\/"},{"@type":"ListItem","position":2,"name":"Kezd\u0151lap","item":"https:\/\/tajkertesz.com\/"},{"@type":"ListItem","position":3,"name":"V\u00e1gott l\u00facfeny\u0151150cm"}]},{"@type":"WebSite","@id":"https:\/\/tajkertesz.com\/#website","url":"https:\/\/tajkertesz.com\/","name":"T\u00e1j-Kert\u00e9sz 84 Kft.","description":"Kert\u00e9szeti kis- \u00e9s nagykeresked\u00e9s, D\u00edszn\u00f6v\u00e9ny web\u00e1ruh\u00e1z orsz\u00e1gos h\u00e1zhozsz\u00e1ll\u00edt\u00e1ssal!","publisher":{"@id":"https:\/\/tajkertesz.com\/#organization"},"potentialAction":[{"@type":"SearchAction","target":{"@type":"EntryPoint","urlTemplate":"https:\/\/tajkertesz.com\/?s={search_term_string}"},"query-input":{"@type":"PropertyValueSpecification","valueRequired":true,"valueName":"search_term_string"}}],"inLanguage":"en-US"},{"@type":"Organization","@id":"https:\/\/tajkertesz.com\/#organization","name":"T\u00e1j-Kert\u00e9sz 84 Kft.","url":"https:\/\/tajkertesz.com\/","logo":{"@type":"ImageObject","inLanguage":"en-US","@id":"https:\/\/tajkertesz.com\/#\/schema\/logo\/image\/","url":"https:\/\/tajkertesz.com\/wp-content\/uploads\/2018\/02\/logo-2-e1518678052539.png","contentUrl":"https:\/\/tajkertesz.com\/wp-content\/uploads\/2018\/02\/logo-2-e1518678052539.png","width":81,"height":140,"caption":"T\u00e1j-Kert\u00e9sz 84 Kft."},"image":{"@id":"https:\/\/tajkertesz.com\/#\/schema\/logo\/image\/"},"sameAs":["https:\/\/www.facebook.com\/Tajkertesz\/"]}]}},"_links":{"self":[{"href":"https:\/\/tajkertesz.com\/en_US\/wp-json\/wp\/v2\/product\/14144","targetHints":{"allow":["GET"]}}],"collection":[{"href":"https:\/\/tajkertesz.com\/en_US\/wp-json\/wp\/v2\/product"}],"about":[{"href":"https:\/\/tajkertesz.com\/en_US\/wp-json\/wp\/v2\/types\/product"}],"wp:featuredmedia":[{"embeddable":true,"href":"https:\/\/tajkertesz.com\/en_US\/wp-json\/wp\/v2\/media\/14408"}],"wp:attachment":[{"href":"https:\/\/tajkertesz.com\/en_US\/wp-json\/wp\/v2\/media?parent=14144"}],"wp:term":[{"taxonomy":"product_brand","embeddable":true,"href":"https:\/\/tajkertesz.com\/en_US\/wp-json\/wp\/v2\/product_brand?post=14144"},{"taxonomy":"product_cat","embeddable":true,"href":"https:\/\/tajkertesz.com\/en_US\/wp-json\/wp\/v2\/product_cat?post=14144"},{"taxonomy":"product_tag","embeddable":true,"href":"https:\/\/tajkertesz.com\/en_US\/wp-json\/wp\/v2\/product_tag?post=14144"}],"curies":[{"name":"wp","href":"https:\/\/api.w.org\/{rel}","templated":true}]}}