{"id":14151,"date":"2022-11-23T13:20:16","date_gmt":"2022-11-23T13:20:16","guid":{"rendered":"https:\/\/tajkertesz.com\/?post_type=product&#038;p=14151"},"modified":"2026-02-16T14:36:44","modified_gmt":"2026-02-16T14:36:44","slug":"vagott-zalai-nordmannfenyo","status":"publish","type":"product","link":"https:\/\/tajkertesz.com\/en_US\/product\/vagott-zalai-nordmannfenyo\/","title":{"rendered":"V\u00e1gott zalai nordmannfeny\u0151 150\/175cm"},"content":{"rendered":"<h2>V\u00e1gott zalai nordmannfeny\u0151 150\/175cm<\/h2>\n<ul>\n<li><i class=\"fa fa-check-circle\"><\/i>\u00a0I. oszt\u00e1ly\u00fa nordmann feny\u0151<\/li>\n<li><i class=\"fa fa-check-circle\"><\/i>\u00a0magass\u00e1ga 150\/175 cm<\/li>\n<li><i class=\"fa fa-check-circle\"><\/i>\u00a0kisz\u00e1ll\u00edt\u00e1skor t\u00f6bb feny\u0151 k\u00f6z\u00fcl v\u00e1laszthat<\/li>\n<li><i class=\"fa fa-check-circle\"><\/i>\u00a0talpba farag\u00e1s \u00e9s csomagol\u00e1s az \u00e1rban<\/li>\n<\/ul>\n<p>A feny\u0151f\u00e1kat a lelkiismeretes zalai termeszt\u0151k \u00e9veken \u00e1t gondozz\u00e1k, metszik \u0151ket, hogy form\u00e1juk t\u00f6k\u00e9letes legyen!<\/p>\n<p>A Nordmann feny\u0151 legfontosabb tulajdons\u00e1gai:<\/p>\n<ul>\n<li>F\u00e9nyes m\u00e9lyz\u00f6ld megjelen\u00e9s, ez\u00fcst\u00f6s fon\u00e1k<\/li>\n<li>Gy\u00f6ny\u00f6r\u0171 forma, szimmetria \u00e9s \u00e1gs\u0171r\u0171s\u00e9g<\/li>\n<li>Az er\u0151s \u00e1gak a nagy s\u00faly\u00fa kar\u00e1csonyi d\u00edszekhez<\/li>\n<li>Kiv\u00e1l\u00f3 t\u0171megtart\u00e1s (kev\u00e9sb\u00e9 hullik mint a l\u00fac \u00e9s az ez\u00fcstfeny\u0151)<\/li>\n<li>Alacsony illatszint\n<div>\n<p>&nbsp;<\/p>\n<p>El\u00e9rhet\u0151 t\u00f6bbf\u00e9le m\u00e9retben \u00e9s \u00e1rban.<\/p>\n<p><b>K\u00e9szlet\u00fcnk napi szinten v\u00e1ltozik, ez\u00e9rt k\u00e9rj\u00fck, \u00e9rdekl\u0151dj\u00f6n szem\u00e9lyesen, telefonon vagy email-en.<br \/>\nA v\u00e1ltoztat\u00e1s jog\u00e1t fenntartjuk!\u00a0<\/b><\/p>\n<\/div>\n<div><a href=\"https:\/\/tajkertesz.com\/\">https:\/\/tajkertesz.com\/<\/a><\/div>\n<\/li>\n<\/ul>","protected":false},"excerpt":{"rendered":"<p>K\u00e9p\u00fcnk illuszt\u00e1ci\u00f3!<\/p>","protected":false},"featured_media":14340,"template":"","meta":{"_et_pb_use_builder":"","_et_pb_old_content":"","_et_gb_content_width":""},"product_brand":[],"product_cat":[4032],"product_tag":[],"class_list":{"0":"post-14151","1":"product","2":"type-product","3":"status-publish","4":"has-post-thumbnail","6":"product_cat-nordmannfenyok","8":"first","9":"outofstock","10":"shipping-taxable","11":"purchasable","12":"product-type-simple"},"yoast_head":"<!-- This site is optimized with the Yoast SEO plugin v27.4 - https:\/\/yoast.com\/product\/yoast-seo-wordpress\/ -->\n<title>V\u00e1gott zalai nordmannfeny\u0151 150\/175cm - T\u00e1jkert\u00e9sz<\/title>\n<meta name=\"description\" content=\"Rendeljen t\u0151l\u00fcnk kar\u00e1csonyf\u00e1t!Kert\u00e9szet\u00fcnkben zalai termeszt\u00e9s\u0171 \u00e1ltalunk v\u00e1logatott v\u00e1gott \u00e9s gy\u00f6keres feny\u0151f\u00e1kat \u00e9rt\u00e9kes\u00edt\u00fcnk 1-4,5m-ig!\" \/>\n<meta name=\"robots\" content=\"index, follow, max-snippet:-1, max-image-preview:large, max-video-preview:-1\" \/>\n<link rel=\"canonical\" href=\"https:\/\/tajkertesz.com\/en_US\/product\/vagott-zalai-nordmannfenyo\/\" \/>\n<meta property=\"og:locale\" content=\"en_US\" \/>\n<meta property=\"og:type\" content=\"article\" \/>\n<meta property=\"og:title\" content=\"V\u00e1gott zalai nordmannfeny\u0151 150\/175cm - T\u00e1jkert\u00e9sz\" \/>\n<meta property=\"og:description\" content=\"Rendeljen t\u0151l\u00fcnk kar\u00e1csonyf\u00e1t!Kert\u00e9szet\u00fcnkben zalai termeszt\u00e9s\u0171 \u00e1ltalunk v\u00e1logatott v\u00e1gott \u00e9s gy\u00f6keres feny\u0151f\u00e1kat \u00e9rt\u00e9kes\u00edt\u00fcnk 1-4,5m-ig!\" \/>\n<meta property=\"og:url\" content=\"https:\/\/tajkertesz.com\/en_US\/product\/vagott-zalai-nordmannfenyo\/\" \/>\n<meta property=\"og:site_name\" content=\"T\u00e1jkert\u00e9sz\" \/>\n<meta property=\"article:publisher\" content=\"https:\/\/www.facebook.com\/Tajkertesz\/\" \/>\n<meta property=\"article:modified_time\" content=\"2026-02-16T14:36:44+00:00\" \/>\n<meta property=\"og:image\" content=\"https:\/\/tajkertesz.com\/wp-content\/uploads\/2022\/11\/20221206_145145-scaled.jpg\" \/>\n\t<meta property=\"og:image:width\" content=\"1154\" \/>\n\t<meta property=\"og:image:height\" content=\"2560\" \/>\n\t<meta property=\"og:image:type\" content=\"image\/jpeg\" \/>\n<meta name=\"twitter:card\" content=\"summary_large_image\" \/>\n<meta name=\"twitter:label1\" content=\"Est. reading time\" \/>\n\t<meta name=\"twitter:data1\" content=\"1 minute\" \/>\n<script type=\"application\/ld+json\" class=\"yoast-schema-graph\">{\"@context\":\"https:\\\/\\\/schema.org\",\"@graph\":[{\"@type\":\"WebPage\",\"@id\":\"https:\\\/\\\/tajkertesz.com\\\/termek\\\/vagott-zalai-nordmannfenyo\\\/\",\"url\":\"https:\\\/\\\/tajkertesz.com\\\/termek\\\/vagott-zalai-nordmannfenyo\\\/\",\"name\":\"V\u00e1gott zalai nordmannfeny\u0151 150\\\/175cm - T\u00e1jkert\u00e9sz\",\"isPartOf\":{\"@id\":\"https:\\\/\\\/tajkertesz.com\\\/#website\"},\"primaryImageOfPage\":{\"@id\":\"https:\\\/\\\/tajkertesz.com\\\/termek\\\/vagott-zalai-nordmannfenyo\\\/#primaryimage\"},\"image\":{\"@id\":\"https:\\\/\\\/tajkertesz.com\\\/termek\\\/vagott-zalai-nordmannfenyo\\\/#primaryimage\"},\"thumbnailUrl\":\"https:\\\/\\\/tajkertesz.com\\\/wp-content\\\/uploads\\\/2022\\\/11\\\/20221206_145145-scaled.jpg\",\"datePublished\":\"2022-11-23T13:20:16+00:00\",\"dateModified\":\"2026-02-16T14:36:44+00:00\",\"description\":\"Rendeljen t\u0151l\u00fcnk kar\u00e1csonyf\u00e1t!Kert\u00e9szet\u00fcnkben zalai termeszt\u00e9s\u0171 \u00e1ltalunk v\u00e1logatott v\u00e1gott \u00e9s gy\u00f6keres feny\u0151f\u00e1kat \u00e9rt\u00e9kes\u00edt\u00fcnk 1-4,5m-ig!\",\"breadcrumb\":{\"@id\":\"https:\\\/\\\/tajkertesz.com\\\/termek\\\/vagott-zalai-nordmannfenyo\\\/#breadcrumb\"},\"inLanguage\":\"en-US\",\"potentialAction\":[{\"@type\":\"ReadAction\",\"target\":[\"https:\\\/\\\/tajkertesz.com\\\/termek\\\/vagott-zalai-nordmannfenyo\\\/\"]}]},{\"@type\":\"ImageObject\",\"inLanguage\":\"en-US\",\"@id\":\"https:\\\/\\\/tajkertesz.com\\\/termek\\\/vagott-zalai-nordmannfenyo\\\/#primaryimage\",\"url\":\"https:\\\/\\\/tajkertesz.com\\\/wp-content\\\/uploads\\\/2022\\\/11\\\/20221206_145145-scaled.jpg\",\"contentUrl\":\"https:\\\/\\\/tajkertesz.com\\\/wp-content\\\/uploads\\\/2022\\\/11\\\/20221206_145145-scaled.jpg\",\"width\":1154,\"height\":2560},{\"@type\":\"BreadcrumbList\",\"@id\":\"https:\\\/\\\/tajkertesz.com\\\/termek\\\/vagott-zalai-nordmannfenyo\\\/#breadcrumb\",\"itemListElement\":[{\"@type\":\"ListItem\",\"position\":1,\"name\":\"Home\",\"item\":\"https:\\\/\\\/tajkertesz.com\\\/\"},{\"@type\":\"ListItem\",\"position\":2,\"name\":\"Kezd\u0151lap\",\"item\":\"https:\\\/\\\/tajkertesz.com\\\/\"},{\"@type\":\"ListItem\",\"position\":3,\"name\":\"V\u00e1gott zalai nordmannfeny\u0151 150\\\/175cm\"}]},{\"@type\":\"WebSite\",\"@id\":\"https:\\\/\\\/tajkertesz.com\\\/#website\",\"url\":\"https:\\\/\\\/tajkertesz.com\\\/\",\"name\":\"T\u00e1j-Kert\u00e9sz 84 Kft.\",\"description\":\"Kert\u00e9szeti kis- \u00e9s nagykeresked\u00e9s, D\u00edszn\u00f6v\u00e9ny web\u00e1ruh\u00e1z orsz\u00e1gos h\u00e1zhozsz\u00e1ll\u00edt\u00e1ssal!\",\"publisher\":{\"@id\":\"https:\\\/\\\/tajkertesz.com\\\/#organization\"},\"potentialAction\":[{\"@type\":\"SearchAction\",\"target\":{\"@type\":\"EntryPoint\",\"urlTemplate\":\"https:\\\/\\\/tajkertesz.com\\\/?s={search_term_string}\"},\"query-input\":{\"@type\":\"PropertyValueSpecification\",\"valueRequired\":true,\"valueName\":\"search_term_string\"}}],\"inLanguage\":\"en-US\"},{\"@type\":\"Organization\",\"@id\":\"https:\\\/\\\/tajkertesz.com\\\/#organization\",\"name\":\"T\u00e1j-Kert\u00e9sz 84 Kft.\",\"url\":\"https:\\\/\\\/tajkertesz.com\\\/\",\"logo\":{\"@type\":\"ImageObject\",\"inLanguage\":\"en-US\",\"@id\":\"https:\\\/\\\/tajkertesz.com\\\/#\\\/schema\\\/logo\\\/image\\\/\",\"url\":\"https:\\\/\\\/tajkertesz.com\\\/wp-content\\\/uploads\\\/2018\\\/02\\\/logo-2-e1518678052539.png\",\"contentUrl\":\"https:\\\/\\\/tajkertesz.com\\\/wp-content\\\/uploads\\\/2018\\\/02\\\/logo-2-e1518678052539.png\",\"width\":81,\"height\":140,\"caption\":\"T\u00e1j-Kert\u00e9sz 84 Kft.\"},\"image\":{\"@id\":\"https:\\\/\\\/tajkertesz.com\\\/#\\\/schema\\\/logo\\\/image\\\/\"},\"sameAs\":[\"https:\\\/\\\/www.facebook.com\\\/Tajkertesz\\\/\"]}]}<\/script>\n<!-- \/ Yoast SEO plugin. -->","yoast_head_json":{"title":"V\u00e1gott zalai nordmannfeny\u0151 150\/175cm - T\u00e1jkert\u00e9sz","description":"Rendeljen t\u0151l\u00fcnk kar\u00e1csonyf\u00e1t!Kert\u00e9szet\u00fcnkben zalai termeszt\u00e9s\u0171 \u00e1ltalunk v\u00e1logatott v\u00e1gott \u00e9s gy\u00f6keres feny\u0151f\u00e1kat \u00e9rt\u00e9kes\u00edt\u00fcnk 1-4,5m-ig!","robots":{"index":"index","follow":"follow","max-snippet":"max-snippet:-1","max-image-preview":"max-image-preview:large","max-video-preview":"max-video-preview:-1"},"canonical":"https:\/\/tajkertesz.com\/en_US\/product\/vagott-zalai-nordmannfenyo\/","og_locale":"en_US","og_type":"article","og_title":"V\u00e1gott zalai nordmannfeny\u0151 150\/175cm - T\u00e1jkert\u00e9sz","og_description":"Rendeljen t\u0151l\u00fcnk kar\u00e1csonyf\u00e1t!Kert\u00e9szet\u00fcnkben zalai termeszt\u00e9s\u0171 \u00e1ltalunk v\u00e1logatott v\u00e1gott \u00e9s gy\u00f6keres feny\u0151f\u00e1kat \u00e9rt\u00e9kes\u00edt\u00fcnk 1-4,5m-ig!","og_url":"https:\/\/tajkertesz.com\/en_US\/product\/vagott-zalai-nordmannfenyo\/","og_site_name":"T\u00e1jkert\u00e9sz","article_publisher":"https:\/\/www.facebook.com\/Tajkertesz\/","article_modified_time":"2026-02-16T14:36:44+00:00","og_image":[{"width":1154,"height":2560,"url":"https:\/\/tajkertesz.com\/wp-content\/uploads\/2022\/11\/20221206_145145-scaled.jpg","type":"image\/jpeg"}],"twitter_card":"summary_large_image","twitter_misc":{"Est. reading time":"1 minute"},"schema":{"@context":"https:\/\/schema.org","@graph":[{"@type":"WebPage","@id":"https:\/\/tajkertesz.com\/termek\/vagott-zalai-nordmannfenyo\/","url":"https:\/\/tajkertesz.com\/termek\/vagott-zalai-nordmannfenyo\/","name":"V\u00e1gott zalai nordmannfeny\u0151 150\/175cm - T\u00e1jkert\u00e9sz","isPartOf":{"@id":"https:\/\/tajkertesz.com\/#website"},"primaryImageOfPage":{"@id":"https:\/\/tajkertesz.com\/termek\/vagott-zalai-nordmannfenyo\/#primaryimage"},"image":{"@id":"https:\/\/tajkertesz.com\/termek\/vagott-zalai-nordmannfenyo\/#primaryimage"},"thumbnailUrl":"https:\/\/tajkertesz.com\/wp-content\/uploads\/2022\/11\/20221206_145145-scaled.jpg","datePublished":"2022-11-23T13:20:16+00:00","dateModified":"2026-02-16T14:36:44+00:00","description":"Rendeljen t\u0151l\u00fcnk kar\u00e1csonyf\u00e1t!Kert\u00e9szet\u00fcnkben zalai termeszt\u00e9s\u0171 \u00e1ltalunk v\u00e1logatott v\u00e1gott \u00e9s gy\u00f6keres feny\u0151f\u00e1kat \u00e9rt\u00e9kes\u00edt\u00fcnk 1-4,5m-ig!","breadcrumb":{"@id":"https:\/\/tajkertesz.com\/termek\/vagott-zalai-nordmannfenyo\/#breadcrumb"},"inLanguage":"en-US","potentialAction":[{"@type":"ReadAction","target":["https:\/\/tajkertesz.com\/termek\/vagott-zalai-nordmannfenyo\/"]}]},{"@type":"ImageObject","inLanguage":"en-US","@id":"https:\/\/tajkertesz.com\/termek\/vagott-zalai-nordmannfenyo\/#primaryimage","url":"https:\/\/tajkertesz.com\/wp-content\/uploads\/2022\/11\/20221206_145145-scaled.jpg","contentUrl":"https:\/\/tajkertesz.com\/wp-content\/uploads\/2022\/11\/20221206_145145-scaled.jpg","width":1154,"height":2560},{"@type":"BreadcrumbList","@id":"https:\/\/tajkertesz.com\/termek\/vagott-zalai-nordmannfenyo\/#breadcrumb","itemListElement":[{"@type":"ListItem","position":1,"name":"Home","item":"https:\/\/tajkertesz.com\/"},{"@type":"ListItem","position":2,"name":"Kezd\u0151lap","item":"https:\/\/tajkertesz.com\/"},{"@type":"ListItem","position":3,"name":"V\u00e1gott zalai nordmannfeny\u0151 150\/175cm"}]},{"@type":"WebSite","@id":"https:\/\/tajkertesz.com\/#website","url":"https:\/\/tajkertesz.com\/","name":"T\u00e1j-Kert\u00e9sz 84 Kft.","description":"Kert\u00e9szeti kis- \u00e9s nagykeresked\u00e9s, D\u00edszn\u00f6v\u00e9ny web\u00e1ruh\u00e1z orsz\u00e1gos h\u00e1zhozsz\u00e1ll\u00edt\u00e1ssal!","publisher":{"@id":"https:\/\/tajkertesz.com\/#organization"},"potentialAction":[{"@type":"SearchAction","target":{"@type":"EntryPoint","urlTemplate":"https:\/\/tajkertesz.com\/?s={search_term_string}"},"query-input":{"@type":"PropertyValueSpecification","valueRequired":true,"valueName":"search_term_string"}}],"inLanguage":"en-US"},{"@type":"Organization","@id":"https:\/\/tajkertesz.com\/#organization","name":"T\u00e1j-Kert\u00e9sz 84 Kft.","url":"https:\/\/tajkertesz.com\/","logo":{"@type":"ImageObject","inLanguage":"en-US","@id":"https:\/\/tajkertesz.com\/#\/schema\/logo\/image\/","url":"https:\/\/tajkertesz.com\/wp-content\/uploads\/2018\/02\/logo-2-e1518678052539.png","contentUrl":"https:\/\/tajkertesz.com\/wp-content\/uploads\/2018\/02\/logo-2-e1518678052539.png","width":81,"height":140,"caption":"T\u00e1j-Kert\u00e9sz 84 Kft."},"image":{"@id":"https:\/\/tajkertesz.com\/#\/schema\/logo\/image\/"},"sameAs":["https:\/\/www.facebook.com\/Tajkertesz\/"]}]}},"_links":{"self":[{"href":"https:\/\/tajkertesz.com\/en_US\/wp-json\/wp\/v2\/product\/14151","targetHints":{"allow":["GET"]}}],"collection":[{"href":"https:\/\/tajkertesz.com\/en_US\/wp-json\/wp\/v2\/product"}],"about":[{"href":"https:\/\/tajkertesz.com\/en_US\/wp-json\/wp\/v2\/types\/product"}],"wp:featuredmedia":[{"embeddable":true,"href":"https:\/\/tajkertesz.com\/en_US\/wp-json\/wp\/v2\/media\/14340"}],"wp:attachment":[{"href":"https:\/\/tajkertesz.com\/en_US\/wp-json\/wp\/v2\/media?parent=14151"}],"wp:term":[{"taxonomy":"product_brand","embeddable":true,"href":"https:\/\/tajkertesz.com\/en_US\/wp-json\/wp\/v2\/product_brand?post=14151"},{"taxonomy":"product_cat","embeddable":true,"href":"https:\/\/tajkertesz.com\/en_US\/wp-json\/wp\/v2\/product_cat?post=14151"},{"taxonomy":"product_tag","embeddable":true,"href":"https:\/\/tajkertesz.com\/en_US\/wp-json\/wp\/v2\/product_tag?post=14151"}],"curies":[{"name":"wp","href":"https:\/\/api.w.org\/{rel}","templated":true}]}}