{"id":14156,"date":"2022-11-23T14:15:16","date_gmt":"2022-11-23T14:15:16","guid":{"rendered":"https:\/\/tajkertesz.com\/?post_type=product&#038;p=14156"},"modified":"2026-02-18T15:26:31","modified_gmt":"2026-02-18T15:26:31","slug":"karacsonyi-postalada-fem-piros-24-4-5","status":"publish","type":"product","link":"https:\/\/tajkertesz.com\/en_US\/product\/karacsonyi-postalada-fem-piros-24-4-5\/","title":{"rendered":"Kar\u00e1csonyi postal\u00e1da f\u00e9m piros 24-4-5"},"content":{"rendered":"<p>A Kar\u00e1csonyi postal\u00e1da f\u00e9m piros 24-4-5 Postal\u00e1da f\u00e9m 28,5&#215;26,5&#215;52 cm piros\u00a0 egy igaz\u00e1n st\u00edlusos kar\u00e1csonyi dekor\u00e1ci\u00f3.<\/p>\n<p>D\u00edsz\u00edtse otthon\u00e1t egy igaz\u00e1n k\u00fcl\u00f6nleges dekor\u00e1ci\u00f3val. Eleg\u00e1ns \u00e9s letisztult kar\u00e1csonyi dekor\u00e1ci\u00f3. A Nagym\u00e9ret\u0171 Kar\u00e1csonyi Postal\u00e1da figura pr\u00e9mium min\u0151s\u00e9g\u0171 igazi t\u00e9li hangulatot id\u00e9zhet kert\u00e9ben\/otthon\u00e1ban. Biztos hogy a\u00a0 gyerekek kedvence lesz. \u00cdrjon levelet Santanak!<\/p>\n<p>&nbsp;<\/p>\n<p><b>K\u00e9szlet\u00fcnk napi szinten v\u00e1ltozik, ez\u00e9rt k\u00e9rj\u00fck, \u00e9rdekl\u0151dj\u00f6n szem\u00e9lyesen, telefonon vagy email-en.<\/b><\/p>\n<p><b>A v\u00e1ltoztat\u00e1s jog\u00e1t fenntartjuk!\u00a0<\/b><\/p>\n<p><a href=\"https:\/\/tajkertesz.com\/\">https:\/\/tajkertesz.com\/<\/a><\/p>\n<p><a href=\"https:\/\/www.facebook.com\/tajkertesz\">https:\/\/www.facebook.com\/tajkertesz<\/a><\/p>\n<div>\n<p>&nbsp;<\/p>\n<\/div>\n<h6 class=\"et_pb_module et_pb_text et_pb_text_7 et_pb_text_align_left et_pb_bg_layout_light\"><span style=\"color: #ffffff;\">Kar\u00e1csony \u00fcnnepe mindenki sz\u00e1m\u00e1ra m\u00e1st jelent, de egy biztosan k\u00f6z\u00f6s mindenkiben, t\u00fal sokat nem tudunk az \u00fcnnep eredet\u00e9r\u0151l. Mit jelent az, hogy kar\u00e1csony? Mi\u00e9rt \u00fcnnepelj\u00fck J\u00e9zus sz\u00fclet\u00e9s\u00e9t egy feny\u0151f\u00e1val, amit feld\u00edsz\u00edt\u00fcnk? Hogyan kapcsol\u00f3dik kar\u00e1csonyi id\u0151szakhoz a hal, n\u00e1lunk magyarokn\u00e1l a m\u00e1kos guba \u00e9s t\u00f6lt\u00f6tt k\u00e1poszta? Mi magyarok mi\u00e9rt \u00fcnnepl\u00fcnk m\u00e1r december 24-\u00e9n, amikor kar\u00e1csony csak december 25. \u00e9s 26.?A kar\u00e1csony, a kar\u00e1csonyfa \u00e9s a kar\u00e1csony sz\u00f3 t\u00f6rt\u00e9nete. A kar\u00e1csony sz\u00f3 eredete \u00e9s t\u00f6rt\u00e9nete. A magyar nyelvet sokf\u00e9le hat\u00e1s \u00e9rte az elm\u00falt \u00e9vsz\u00e1zadok sor\u00e1n. Sokf\u00e9le sz\u00f3 \u00e9rkezett sokf\u00e9le nyelvb\u0151l, amelyeket ma is haszn\u00e1lunk \u00e9s a kar\u00e1csony sz\u00f3 t\u00f6rt\u00e9nete is egy m\u00e1sik nyelvb\u0151l indul. A kar\u00e1csony sz\u00f3, amely imm\u00e1r a magyar nyelvben J\u00e9zus sz\u00fclet\u00e9s\u00e9nek \u00fcnnep\u00e9t jelenti, eredetileg egy szl\u00e1v sz\u00f3b\u00f3l m\u00f3dosult. A szl\u00e1v eredet\u0171 kar\u00e1csony sz\u00f3, a Kra\u010dun, Krac\u00edn vagy Karachun szavakb\u00f3l alakult ki, ami az \u00daj Magyar\u00a0<a style=\"color: #ffffff;\" title=\"\u00daj Magyar Etimol\u00f3giai Sz\u00f3t\u00e1r\" href=\"https:\/\/uesz.nytud.hu\/\" target=\"_blank\" rel=\"noopener\">Etimol\u00f3giai sz\u00f3t\u00e1r szerint<\/a>\u00a0felt\u00e9telezhet\u0151en D\u00e9l-Szl\u00e1v, bolg\u00e1r j\u00f6vev\u00e9nysz\u00f3. Az eml\u00edtett D\u00e9l-Szl\u00e1v szavak a t\u00e9li napfordul\u00f3 \u00fcnnepet jelentik, \u00edgy k\u00f6zvetlen\u00fcl kapcsol\u00f3dnak ehhez az id\u0151szakhoz \u00e9s a legval\u00f3sz\u00edn\u0171bb, hogy val\u00f3ban ezekb\u0151l a szavakb\u00f3l alakult ki maga a kar\u00e1csony sz\u00f3.\u00a0Nyelvt\u00f6rt\u00e9neti forr\u00e1sok szerint a magyar nyelvbe a keleti ortodox kereszt\u00e9ny egyh\u00e1z \u00e1ltal ker\u00fclt, ahol m\u00e1r kor\u00e1bban is haszn\u00e1latosak voltak ezek a szavak. A kar\u00e1csony t\u00f6rt\u00e9nete J\u00e9zus Krisztus sz\u00fclet\u00e9s\u00e9nek t\u00f6rt\u00e9nete \u00e9s id\u0151pontja. Tudtad, hogy a kar\u00e1csony nem egyid\u0151s a kereszt\u00e9nys\u00e9ggel?\u00a0<\/span><\/h6>","protected":false},"excerpt":{"rendered":"<p>A Kar\u00e1csonyi postal\u00e1da f\u00e9m piros 24-4-5 Postal\u00e1da f\u00e9m 28,5&#215;26,5&#215;52 cm piros\u00a0 egy igaz\u00e1n st\u00edlusos kar\u00e1csonyi dekor\u00e1ci\u00f3. D\u00edsz\u00edtse otthon\u00e1t egy igaz\u00e1n k\u00fcl\u00f6nleges dekor\u00e1ci\u00f3val. Eleg\u00e1ns \u00e9s letisztult kar\u00e1csonyi dekor\u00e1ci\u00f3. A Nagym\u00e9ret\u0171 Kar\u00e1csonyi Postal\u00e1da figura pr\u00e9mium min\u0151s\u00e9g\u0171 igazi t\u00e9li hangulatot id\u00e9zhet kert\u00e9ben\/otthon\u00e1ban. Biztos hogy a\u00a0 gyerekek kedvence lesz. \u00cdrjon levelet Santanak! &nbsp; K\u00e9szlet\u00fcnk napi szinten v\u00e1ltozik, ez\u00e9rt k\u00e9rj\u00fck, [&hellip;]<\/p>\n","protected":false},"featured_media":14157,"template":"","meta":{"_et_pb_use_builder":"","_et_pb_old_content":"","_et_gb_content_width":""},"product_brand":[],"product_cat":[4034],"product_tag":[1500,1127,950,4706],"class_list":{"0":"post-14156","1":"product","2":"type-product","3":"status-publish","4":"has-post-thumbnail","6":"product_cat-karacsonyi-diszek-dekorok","7":"product_tag-fem","8":"product_tag-karacsonyi","9":"product_tag-piros","10":"product_tag-postalada","12":"first","13":"instock","14":"shipping-taxable","15":"purchasable","16":"product-type-simple"},"yoast_head":"<!-- This site is optimized with the Yoast SEO plugin v27.3 - https:\/\/yoast.com\/product\/yoast-seo-wordpress\/ -->\n<title>Kar\u00e1csonyi postal\u00e1da f\u00e9m piros 24-4-5 - T\u00e1jkert\u00e9sz<\/title>\n<meta name=\"description\" content=\"A Kar\u00e1csonyi postal\u00e1da f\u00e9m piros 24-4-5 28,5x26,5x52 cm piros egy igaz\u00e1n st\u00edlusos kar\u00e1csonyi dekor\u00e1ci\u00f3.D\u00edsz\u00edtse otthon\u00e1t egy igaz\u00e1n k\u00fcl\u00f6nleges dekor\u00e1ci\u00f3val.\" \/>\n<meta name=\"robots\" content=\"index, follow, max-snippet:-1, max-image-preview:large, max-video-preview:-1\" \/>\n<link rel=\"canonical\" href=\"https:\/\/tajkertesz.com\/en_US\/product\/karacsonyi-postalada-fem-piros-24-4-5\/\" \/>\n<meta property=\"og:locale\" content=\"en_US\" \/>\n<meta property=\"og:type\" content=\"article\" \/>\n<meta property=\"og:title\" content=\"Kar\u00e1csonyi postal\u00e1da f\u00e9m piros 24-4-5 - T\u00e1jkert\u00e9sz\" \/>\n<meta property=\"og:description\" content=\"A Kar\u00e1csonyi postal\u00e1da f\u00e9m piros 24-4-5 28,5x26,5x52 cm piros egy igaz\u00e1n st\u00edlusos kar\u00e1csonyi dekor\u00e1ci\u00f3.D\u00edsz\u00edtse otthon\u00e1t egy igaz\u00e1n k\u00fcl\u00f6nleges dekor\u00e1ci\u00f3val.\" \/>\n<meta property=\"og:url\" content=\"https:\/\/tajkertesz.com\/en_US\/product\/karacsonyi-postalada-fem-piros-24-4-5\/\" \/>\n<meta property=\"og:site_name\" content=\"T\u00e1jkert\u00e9sz\" \/>\n<meta property=\"article:publisher\" content=\"https:\/\/www.facebook.com\/Tajkertesz\/\" \/>\n<meta property=\"article:modified_time\" content=\"2026-02-18T15:26:31+00:00\" \/>\n<meta property=\"og:image\" content=\"https:\/\/tajkertesz.com\/wp-content\/uploads\/2022\/11\/20221123_142828-scaled.jpg\" \/>\n\t<meta property=\"og:image:width\" content=\"1154\" \/>\n\t<meta property=\"og:image:height\" content=\"2560\" \/>\n\t<meta property=\"og:image:type\" content=\"image\/jpeg\" \/>\n<meta name=\"twitter:card\" content=\"summary_large_image\" \/>\n<meta name=\"twitter:label1\" content=\"Est. reading time\" \/>\n\t<meta name=\"twitter:data1\" content=\"2 minutes\" \/>\n<script type=\"application\/ld+json\" class=\"yoast-schema-graph\">{\"@context\":\"https:\\\/\\\/schema.org\",\"@graph\":[{\"@type\":\"WebPage\",\"@id\":\"https:\\\/\\\/tajkertesz.com\\\/termek\\\/karacsonyi-postalada-fem-piros-24-4-5\\\/\",\"url\":\"https:\\\/\\\/tajkertesz.com\\\/termek\\\/karacsonyi-postalada-fem-piros-24-4-5\\\/\",\"name\":\"Kar\u00e1csonyi postal\u00e1da f\u00e9m piros 24-4-5 - T\u00e1jkert\u00e9sz\",\"isPartOf\":{\"@id\":\"https:\\\/\\\/tajkertesz.com\\\/#website\"},\"primaryImageOfPage\":{\"@id\":\"https:\\\/\\\/tajkertesz.com\\\/termek\\\/karacsonyi-postalada-fem-piros-24-4-5\\\/#primaryimage\"},\"image\":{\"@id\":\"https:\\\/\\\/tajkertesz.com\\\/termek\\\/karacsonyi-postalada-fem-piros-24-4-5\\\/#primaryimage\"},\"thumbnailUrl\":\"https:\\\/\\\/tajkertesz.com\\\/wp-content\\\/uploads\\\/2022\\\/11\\\/20221123_142828-scaled.jpg\",\"datePublished\":\"2022-11-23T14:15:16+00:00\",\"dateModified\":\"2026-02-18T15:26:31+00:00\",\"description\":\"A Kar\u00e1csonyi postal\u00e1da f\u00e9m piros 24-4-5 28,5x26,5x52 cm piros egy igaz\u00e1n st\u00edlusos kar\u00e1csonyi dekor\u00e1ci\u00f3.D\u00edsz\u00edtse otthon\u00e1t egy igaz\u00e1n k\u00fcl\u00f6nleges dekor\u00e1ci\u00f3val.\",\"breadcrumb\":{\"@id\":\"https:\\\/\\\/tajkertesz.com\\\/termek\\\/karacsonyi-postalada-fem-piros-24-4-5\\\/#breadcrumb\"},\"inLanguage\":\"en-US\",\"potentialAction\":[{\"@type\":\"ReadAction\",\"target\":[\"https:\\\/\\\/tajkertesz.com\\\/termek\\\/karacsonyi-postalada-fem-piros-24-4-5\\\/\"]}]},{\"@type\":\"ImageObject\",\"inLanguage\":\"en-US\",\"@id\":\"https:\\\/\\\/tajkertesz.com\\\/termek\\\/karacsonyi-postalada-fem-piros-24-4-5\\\/#primaryimage\",\"url\":\"https:\\\/\\\/tajkertesz.com\\\/wp-content\\\/uploads\\\/2022\\\/11\\\/20221123_142828-scaled.jpg\",\"contentUrl\":\"https:\\\/\\\/tajkertesz.com\\\/wp-content\\\/uploads\\\/2022\\\/11\\\/20221123_142828-scaled.jpg\",\"width\":1154,\"height\":2560},{\"@type\":\"BreadcrumbList\",\"@id\":\"https:\\\/\\\/tajkertesz.com\\\/termek\\\/karacsonyi-postalada-fem-piros-24-4-5\\\/#breadcrumb\",\"itemListElement\":[{\"@type\":\"ListItem\",\"position\":1,\"name\":\"Home\",\"item\":\"https:\\\/\\\/tajkertesz.com\\\/\"},{\"@type\":\"ListItem\",\"position\":2,\"name\":\"Kezd\u0151lap\",\"item\":\"https:\\\/\\\/tajkertesz.com\\\/\"},{\"@type\":\"ListItem\",\"position\":3,\"name\":\"Kar\u00e1csonyi postal\u00e1da f\u00e9m piros 24-4-5\"}]},{\"@type\":\"WebSite\",\"@id\":\"https:\\\/\\\/tajkertesz.com\\\/#website\",\"url\":\"https:\\\/\\\/tajkertesz.com\\\/\",\"name\":\"T\u00e1j-Kert\u00e9sz 84 Kft.\",\"description\":\"Kert\u00e9szeti kis- \u00e9s nagykeresked\u00e9s, D\u00edszn\u00f6v\u00e9ny web\u00e1ruh\u00e1z orsz\u00e1gos h\u00e1zhozsz\u00e1ll\u00edt\u00e1ssal!\",\"publisher\":{\"@id\":\"https:\\\/\\\/tajkertesz.com\\\/#organization\"},\"potentialAction\":[{\"@type\":\"SearchAction\",\"target\":{\"@type\":\"EntryPoint\",\"urlTemplate\":\"https:\\\/\\\/tajkertesz.com\\\/?s={search_term_string}\"},\"query-input\":{\"@type\":\"PropertyValueSpecification\",\"valueRequired\":true,\"valueName\":\"search_term_string\"}}],\"inLanguage\":\"en-US\"},{\"@type\":\"Organization\",\"@id\":\"https:\\\/\\\/tajkertesz.com\\\/#organization\",\"name\":\"T\u00e1j-Kert\u00e9sz 84 Kft.\",\"url\":\"https:\\\/\\\/tajkertesz.com\\\/\",\"logo\":{\"@type\":\"ImageObject\",\"inLanguage\":\"en-US\",\"@id\":\"https:\\\/\\\/tajkertesz.com\\\/#\\\/schema\\\/logo\\\/image\\\/\",\"url\":\"https:\\\/\\\/tajkertesz.com\\\/wp-content\\\/uploads\\\/2018\\\/02\\\/logo-2-e1518678052539.png\",\"contentUrl\":\"https:\\\/\\\/tajkertesz.com\\\/wp-content\\\/uploads\\\/2018\\\/02\\\/logo-2-e1518678052539.png\",\"width\":81,\"height\":140,\"caption\":\"T\u00e1j-Kert\u00e9sz 84 Kft.\"},\"image\":{\"@id\":\"https:\\\/\\\/tajkertesz.com\\\/#\\\/schema\\\/logo\\\/image\\\/\"},\"sameAs\":[\"https:\\\/\\\/www.facebook.com\\\/Tajkertesz\\\/\"]}]}<\/script>\n<!-- \/ Yoast SEO plugin. -->","yoast_head_json":{"title":"Kar\u00e1csonyi postal\u00e1da f\u00e9m piros 24-4-5 - T\u00e1jkert\u00e9sz","description":"A Kar\u00e1csonyi postal\u00e1da f\u00e9m piros 24-4-5 28,5x26,5x52 cm piros egy igaz\u00e1n st\u00edlusos kar\u00e1csonyi dekor\u00e1ci\u00f3.D\u00edsz\u00edtse otthon\u00e1t egy igaz\u00e1n k\u00fcl\u00f6nleges dekor\u00e1ci\u00f3val.","robots":{"index":"index","follow":"follow","max-snippet":"max-snippet:-1","max-image-preview":"max-image-preview:large","max-video-preview":"max-video-preview:-1"},"canonical":"https:\/\/tajkertesz.com\/en_US\/product\/karacsonyi-postalada-fem-piros-24-4-5\/","og_locale":"en_US","og_type":"article","og_title":"Kar\u00e1csonyi postal\u00e1da f\u00e9m piros 24-4-5 - T\u00e1jkert\u00e9sz","og_description":"A Kar\u00e1csonyi postal\u00e1da f\u00e9m piros 24-4-5 28,5x26,5x52 cm piros egy igaz\u00e1n st\u00edlusos kar\u00e1csonyi dekor\u00e1ci\u00f3.D\u00edsz\u00edtse otthon\u00e1t egy igaz\u00e1n k\u00fcl\u00f6nleges dekor\u00e1ci\u00f3val.","og_url":"https:\/\/tajkertesz.com\/en_US\/product\/karacsonyi-postalada-fem-piros-24-4-5\/","og_site_name":"T\u00e1jkert\u00e9sz","article_publisher":"https:\/\/www.facebook.com\/Tajkertesz\/","article_modified_time":"2026-02-18T15:26:31+00:00","og_image":[{"width":1154,"height":2560,"url":"https:\/\/tajkertesz.com\/wp-content\/uploads\/2022\/11\/20221123_142828-scaled.jpg","type":"image\/jpeg"}],"twitter_card":"summary_large_image","twitter_misc":{"Est. reading time":"2 minutes"},"schema":{"@context":"https:\/\/schema.org","@graph":[{"@type":"WebPage","@id":"https:\/\/tajkertesz.com\/termek\/karacsonyi-postalada-fem-piros-24-4-5\/","url":"https:\/\/tajkertesz.com\/termek\/karacsonyi-postalada-fem-piros-24-4-5\/","name":"Kar\u00e1csonyi postal\u00e1da f\u00e9m piros 24-4-5 - T\u00e1jkert\u00e9sz","isPartOf":{"@id":"https:\/\/tajkertesz.com\/#website"},"primaryImageOfPage":{"@id":"https:\/\/tajkertesz.com\/termek\/karacsonyi-postalada-fem-piros-24-4-5\/#primaryimage"},"image":{"@id":"https:\/\/tajkertesz.com\/termek\/karacsonyi-postalada-fem-piros-24-4-5\/#primaryimage"},"thumbnailUrl":"https:\/\/tajkertesz.com\/wp-content\/uploads\/2022\/11\/20221123_142828-scaled.jpg","datePublished":"2022-11-23T14:15:16+00:00","dateModified":"2026-02-18T15:26:31+00:00","description":"A Kar\u00e1csonyi postal\u00e1da f\u00e9m piros 24-4-5 28,5x26,5x52 cm piros egy igaz\u00e1n st\u00edlusos kar\u00e1csonyi dekor\u00e1ci\u00f3.D\u00edsz\u00edtse otthon\u00e1t egy igaz\u00e1n k\u00fcl\u00f6nleges dekor\u00e1ci\u00f3val.","breadcrumb":{"@id":"https:\/\/tajkertesz.com\/termek\/karacsonyi-postalada-fem-piros-24-4-5\/#breadcrumb"},"inLanguage":"en-US","potentialAction":[{"@type":"ReadAction","target":["https:\/\/tajkertesz.com\/termek\/karacsonyi-postalada-fem-piros-24-4-5\/"]}]},{"@type":"ImageObject","inLanguage":"en-US","@id":"https:\/\/tajkertesz.com\/termek\/karacsonyi-postalada-fem-piros-24-4-5\/#primaryimage","url":"https:\/\/tajkertesz.com\/wp-content\/uploads\/2022\/11\/20221123_142828-scaled.jpg","contentUrl":"https:\/\/tajkertesz.com\/wp-content\/uploads\/2022\/11\/20221123_142828-scaled.jpg","width":1154,"height":2560},{"@type":"BreadcrumbList","@id":"https:\/\/tajkertesz.com\/termek\/karacsonyi-postalada-fem-piros-24-4-5\/#breadcrumb","itemListElement":[{"@type":"ListItem","position":1,"name":"Home","item":"https:\/\/tajkertesz.com\/"},{"@type":"ListItem","position":2,"name":"Kezd\u0151lap","item":"https:\/\/tajkertesz.com\/"},{"@type":"ListItem","position":3,"name":"Kar\u00e1csonyi postal\u00e1da f\u00e9m piros 24-4-5"}]},{"@type":"WebSite","@id":"https:\/\/tajkertesz.com\/#website","url":"https:\/\/tajkertesz.com\/","name":"T\u00e1j-Kert\u00e9sz 84 Kft.","description":"Kert\u00e9szeti kis- \u00e9s nagykeresked\u00e9s, D\u00edszn\u00f6v\u00e9ny web\u00e1ruh\u00e1z orsz\u00e1gos h\u00e1zhozsz\u00e1ll\u00edt\u00e1ssal!","publisher":{"@id":"https:\/\/tajkertesz.com\/#organization"},"potentialAction":[{"@type":"SearchAction","target":{"@type":"EntryPoint","urlTemplate":"https:\/\/tajkertesz.com\/?s={search_term_string}"},"query-input":{"@type":"PropertyValueSpecification","valueRequired":true,"valueName":"search_term_string"}}],"inLanguage":"en-US"},{"@type":"Organization","@id":"https:\/\/tajkertesz.com\/#organization","name":"T\u00e1j-Kert\u00e9sz 84 Kft.","url":"https:\/\/tajkertesz.com\/","logo":{"@type":"ImageObject","inLanguage":"en-US","@id":"https:\/\/tajkertesz.com\/#\/schema\/logo\/image\/","url":"https:\/\/tajkertesz.com\/wp-content\/uploads\/2018\/02\/logo-2-e1518678052539.png","contentUrl":"https:\/\/tajkertesz.com\/wp-content\/uploads\/2018\/02\/logo-2-e1518678052539.png","width":81,"height":140,"caption":"T\u00e1j-Kert\u00e9sz 84 Kft."},"image":{"@id":"https:\/\/tajkertesz.com\/#\/schema\/logo\/image\/"},"sameAs":["https:\/\/www.facebook.com\/Tajkertesz\/"]}]}},"_links":{"self":[{"href":"https:\/\/tajkertesz.com\/en_US\/wp-json\/wp\/v2\/product\/14156","targetHints":{"allow":["GET"]}}],"collection":[{"href":"https:\/\/tajkertesz.com\/en_US\/wp-json\/wp\/v2\/product"}],"about":[{"href":"https:\/\/tajkertesz.com\/en_US\/wp-json\/wp\/v2\/types\/product"}],"wp:featuredmedia":[{"embeddable":true,"href":"https:\/\/tajkertesz.com\/en_US\/wp-json\/wp\/v2\/media\/14157"}],"wp:attachment":[{"href":"https:\/\/tajkertesz.com\/en_US\/wp-json\/wp\/v2\/media?parent=14156"}],"wp:term":[{"taxonomy":"product_brand","embeddable":true,"href":"https:\/\/tajkertesz.com\/en_US\/wp-json\/wp\/v2\/product_brand?post=14156"},{"taxonomy":"product_cat","embeddable":true,"href":"https:\/\/tajkertesz.com\/en_US\/wp-json\/wp\/v2\/product_cat?post=14156"},{"taxonomy":"product_tag","embeddable":true,"href":"https:\/\/tajkertesz.com\/en_US\/wp-json\/wp\/v2\/product_tag?post=14156"}],"curies":[{"name":"wp","href":"https:\/\/api.w.org\/{rel}","templated":true}]}}