{"id":14165,"date":"2022-11-23T14:47:40","date_gmt":"2022-11-23T14:47:40","guid":{"rendered":"https:\/\/tajkertesz.com\/?post_type=product&#038;p=14165"},"modified":"2026-02-18T15:26:38","modified_gmt":"2026-02-18T15:26:38","slug":"fem-karacsonyi-postalada","status":"publish","type":"product","link":"https:\/\/tajkertesz.com\/en_US\/product\/fem-karacsonyi-postalada\/","title":{"rendered":"POSTAL\u00c1DA \u00c1LL\u00d3 F\u00c9M 122 CM PIROS 25-4-1"},"content":{"rendered":"<p>Kar\u00e1csonyi dekor\u00e1ci\u00f3s term\u00e9k, d\u00edsz.<\/p>\n<p>D\u00edsz\u00edtse otthon\u00e1t egy igaz\u00e1n k\u00fcl\u00f6nleges dekor\u00e1ci\u00f3val. Eleg\u00e1ns \u00e9s letisztult kar\u00e1csonyi dekor\u00e1ci\u00f3. A Nagym\u00e9ret\u0171 Kar\u00e1csonyi Postal\u00e1da figura pr\u00e9mium min\u0151s\u00e9g\u0171 igazi t\u00e9li hangulatot id\u00e9zhet kert\u00e9ben\/otthon\u00e1ban. Biztos hogy a\u00a0 gyerekek kedvence lesz. \u00cdrjon levelet Santanak!<\/p>\n<p>M\u00e9rete: 122 cm<\/p>\n<p>Anyaga: f\u00e9m<\/p>\n<p>Sz\u00edne: piros<\/p>\n<p><b>K\u00e9szlet\u00fcnk napi szinten v\u00e1ltozik, ez\u00e9rt k\u00e9rj\u00fck, \u00e9rdekl\u0151dj\u00f6n szem\u00e9lyesen, telefonon vagy email-en.<\/b><\/p>\n<p><b>A v\u00e1ltoztat\u00e1s jog\u00e1t fenntartjuk!\u00a0<\/b><\/p>\n<p><a href=\"https:\/\/tajkertesz.com\/\">https:\/\/tajkertesz.com\/<\/a><\/p>\n<p><a href=\"https:\/\/www.facebook.com\/tajkertesz\">https:\/\/www.facebook.com\/tajkertesz<\/a><\/p>\n<p>&nbsp;<\/p>","protected":false},"excerpt":{"rendered":"<p>Kar\u00e1csonyi dekor\u00e1ci\u00f3s term\u00e9k, d\u00edsz. D\u00edsz\u00edtse otthon\u00e1t egy igaz\u00e1n k\u00fcl\u00f6nleges dekor\u00e1ci\u00f3val. Eleg\u00e1ns \u00e9s letisztult kar\u00e1csonyi dekor\u00e1ci\u00f3. A Nagym\u00e9ret\u0171 Kar\u00e1csonyi Postal\u00e1da figura pr\u00e9mium min\u0151s\u00e9g\u0171 igazi t\u00e9li hangulatot id\u00e9zhet kert\u00e9ben\/otthon\u00e1ban. Biztos hogy a\u00a0 gyerekek kedvence lesz. \u00cdrjon levelet Santanak! M\u00e9rete: 122 cm Anyaga: f\u00e9m Sz\u00edne: piros K\u00e9szlet\u00fcnk napi szinten v\u00e1ltozik, ez\u00e9rt k\u00e9rj\u00fck, \u00e9rdekl\u0151dj\u00f6n szem\u00e9lyesen, telefonon vagy email-en. A [&hellip;]<\/p>\n","protected":false},"featured_media":14166,"template":"","meta":{"_et_pb_use_builder":"","_et_pb_old_content":"","_et_gb_content_width":""},"product_brand":[],"product_cat":[4034],"product_tag":[],"class_list":{"0":"post-14165","1":"product","2":"type-product","3":"status-publish","4":"has-post-thumbnail","6":"product_cat-karacsonyi-diszek-dekorok","8":"first","9":"instock","10":"shipping-taxable","11":"purchasable","12":"product-type-simple"},"yoast_head":"<!-- This site is optimized with the Yoast SEO plugin v27.3 - https:\/\/yoast.com\/product\/yoast-seo-wordpress\/ -->\n<title>POSTAL\u00c1DA \u00c1LL\u00d3 F\u00c9M 122 CM PIROS 25-4-1 - T\u00e1jkert\u00e9sz<\/title>\n<meta name=\"description\" content=\"Kar\u00e1csonyi dekor\u00e1ci\u00f3s term\u00e9k, d\u00edsz.\u00a0D\u00edsz\u00edtse otthon\u00e1t egy igaz\u00e1n k\u00fcl\u00f6nleges dekor\u00e1ci\u00f3val. Eleg\u00e1ns \u00e9s letisztult kar\u00e1csonyi dekor\u00e1ci\u00f3.\" \/>\n<meta name=\"robots\" content=\"index, follow, max-snippet:-1, max-image-preview:large, max-video-preview:-1\" \/>\n<link rel=\"canonical\" href=\"https:\/\/tajkertesz.com\/en_US\/product\/fem-karacsonyi-postalada\/\" \/>\n<meta property=\"og:locale\" content=\"en_US\" \/>\n<meta property=\"og:type\" content=\"article\" \/>\n<meta property=\"og:title\" content=\"POSTAL\u00c1DA \u00c1LL\u00d3 F\u00c9M 122 CM PIROS 25-4-1 - T\u00e1jkert\u00e9sz\" \/>\n<meta property=\"og:description\" content=\"Kar\u00e1csonyi dekor\u00e1ci\u00f3s term\u00e9k, d\u00edsz.\u00a0D\u00edsz\u00edtse otthon\u00e1t egy igaz\u00e1n k\u00fcl\u00f6nleges dekor\u00e1ci\u00f3val. Eleg\u00e1ns \u00e9s letisztult kar\u00e1csonyi dekor\u00e1ci\u00f3.\" \/>\n<meta property=\"og:url\" content=\"https:\/\/tajkertesz.com\/en_US\/product\/fem-karacsonyi-postalada\/\" \/>\n<meta property=\"og:site_name\" content=\"T\u00e1jkert\u00e9sz\" \/>\n<meta property=\"article:publisher\" content=\"https:\/\/www.facebook.com\/Tajkertesz\/\" \/>\n<meta property=\"article:modified_time\" content=\"2026-02-18T15:26:38+00:00\" \/>\n<meta property=\"og:image\" content=\"https:\/\/tajkertesz.com\/wp-content\/uploads\/2022\/11\/20221123_152733-scaled.jpg\" \/>\n\t<meta property=\"og:image:width\" content=\"1154\" \/>\n\t<meta property=\"og:image:height\" content=\"2560\" \/>\n\t<meta property=\"og:image:type\" content=\"image\/jpeg\" \/>\n<meta name=\"twitter:card\" content=\"summary_large_image\" \/>\n<meta name=\"twitter:label1\" content=\"Est. reading time\" \/>\n\t<meta name=\"twitter:data1\" content=\"1 minute\" \/>\n<script type=\"application\/ld+json\" class=\"yoast-schema-graph\">{\"@context\":\"https:\\\/\\\/schema.org\",\"@graph\":[{\"@type\":\"WebPage\",\"@id\":\"https:\\\/\\\/tajkertesz.com\\\/termek\\\/fem-karacsonyi-postalada\\\/\",\"url\":\"https:\\\/\\\/tajkertesz.com\\\/termek\\\/fem-karacsonyi-postalada\\\/\",\"name\":\"POSTAL\u00c1DA \u00c1LL\u00d3 F\u00c9M 122 CM PIROS 25-4-1 - T\u00e1jkert\u00e9sz\",\"isPartOf\":{\"@id\":\"https:\\\/\\\/tajkertesz.com\\\/#website\"},\"primaryImageOfPage\":{\"@id\":\"https:\\\/\\\/tajkertesz.com\\\/termek\\\/fem-karacsonyi-postalada\\\/#primaryimage\"},\"image\":{\"@id\":\"https:\\\/\\\/tajkertesz.com\\\/termek\\\/fem-karacsonyi-postalada\\\/#primaryimage\"},\"thumbnailUrl\":\"https:\\\/\\\/tajkertesz.com\\\/wp-content\\\/uploads\\\/2022\\\/11\\\/20221123_152733-scaled.jpg\",\"datePublished\":\"2022-11-23T14:47:40+00:00\",\"dateModified\":\"2026-02-18T15:26:38+00:00\",\"description\":\"Kar\u00e1csonyi dekor\u00e1ci\u00f3s term\u00e9k, d\u00edsz.\u00a0D\u00edsz\u00edtse otthon\u00e1t egy igaz\u00e1n k\u00fcl\u00f6nleges dekor\u00e1ci\u00f3val. Eleg\u00e1ns \u00e9s letisztult kar\u00e1csonyi dekor\u00e1ci\u00f3.\",\"breadcrumb\":{\"@id\":\"https:\\\/\\\/tajkertesz.com\\\/termek\\\/fem-karacsonyi-postalada\\\/#breadcrumb\"},\"inLanguage\":\"en-US\",\"potentialAction\":[{\"@type\":\"ReadAction\",\"target\":[\"https:\\\/\\\/tajkertesz.com\\\/termek\\\/fem-karacsonyi-postalada\\\/\"]}]},{\"@type\":\"ImageObject\",\"inLanguage\":\"en-US\",\"@id\":\"https:\\\/\\\/tajkertesz.com\\\/termek\\\/fem-karacsonyi-postalada\\\/#primaryimage\",\"url\":\"https:\\\/\\\/tajkertesz.com\\\/wp-content\\\/uploads\\\/2022\\\/11\\\/20221123_152733-scaled.jpg\",\"contentUrl\":\"https:\\\/\\\/tajkertesz.com\\\/wp-content\\\/uploads\\\/2022\\\/11\\\/20221123_152733-scaled.jpg\",\"width\":1154,\"height\":2560},{\"@type\":\"BreadcrumbList\",\"@id\":\"https:\\\/\\\/tajkertesz.com\\\/termek\\\/fem-karacsonyi-postalada\\\/#breadcrumb\",\"itemListElement\":[{\"@type\":\"ListItem\",\"position\":1,\"name\":\"Home\",\"item\":\"https:\\\/\\\/tajkertesz.com\\\/\"},{\"@type\":\"ListItem\",\"position\":2,\"name\":\"Kezd\u0151lap\",\"item\":\"https:\\\/\\\/tajkertesz.com\\\/\"},{\"@type\":\"ListItem\",\"position\":3,\"name\":\"POSTAL\u00c1DA \u00c1LL\u00d3 F\u00c9M 122 CM PIROS 25-4-1\"}]},{\"@type\":\"WebSite\",\"@id\":\"https:\\\/\\\/tajkertesz.com\\\/#website\",\"url\":\"https:\\\/\\\/tajkertesz.com\\\/\",\"name\":\"T\u00e1j-Kert\u00e9sz 84 Kft.\",\"description\":\"Kert\u00e9szeti kis- \u00e9s nagykeresked\u00e9s, D\u00edszn\u00f6v\u00e9ny web\u00e1ruh\u00e1z orsz\u00e1gos h\u00e1zhozsz\u00e1ll\u00edt\u00e1ssal!\",\"publisher\":{\"@id\":\"https:\\\/\\\/tajkertesz.com\\\/#organization\"},\"potentialAction\":[{\"@type\":\"SearchAction\",\"target\":{\"@type\":\"EntryPoint\",\"urlTemplate\":\"https:\\\/\\\/tajkertesz.com\\\/?s={search_term_string}\"},\"query-input\":{\"@type\":\"PropertyValueSpecification\",\"valueRequired\":true,\"valueName\":\"search_term_string\"}}],\"inLanguage\":\"en-US\"},{\"@type\":\"Organization\",\"@id\":\"https:\\\/\\\/tajkertesz.com\\\/#organization\",\"name\":\"T\u00e1j-Kert\u00e9sz 84 Kft.\",\"url\":\"https:\\\/\\\/tajkertesz.com\\\/\",\"logo\":{\"@type\":\"ImageObject\",\"inLanguage\":\"en-US\",\"@id\":\"https:\\\/\\\/tajkertesz.com\\\/#\\\/schema\\\/logo\\\/image\\\/\",\"url\":\"https:\\\/\\\/tajkertesz.com\\\/wp-content\\\/uploads\\\/2018\\\/02\\\/logo-2-e1518678052539.png\",\"contentUrl\":\"https:\\\/\\\/tajkertesz.com\\\/wp-content\\\/uploads\\\/2018\\\/02\\\/logo-2-e1518678052539.png\",\"width\":81,\"height\":140,\"caption\":\"T\u00e1j-Kert\u00e9sz 84 Kft.\"},\"image\":{\"@id\":\"https:\\\/\\\/tajkertesz.com\\\/#\\\/schema\\\/logo\\\/image\\\/\"},\"sameAs\":[\"https:\\\/\\\/www.facebook.com\\\/Tajkertesz\\\/\"]}]}<\/script>\n<!-- \/ Yoast SEO plugin. -->","yoast_head_json":{"title":"POSTAL\u00c1DA \u00c1LL\u00d3 F\u00c9M 122 CM PIROS 25-4-1 - T\u00e1jkert\u00e9sz","description":"Kar\u00e1csonyi dekor\u00e1ci\u00f3s term\u00e9k, d\u00edsz.\u00a0D\u00edsz\u00edtse otthon\u00e1t egy igaz\u00e1n k\u00fcl\u00f6nleges dekor\u00e1ci\u00f3val. Eleg\u00e1ns \u00e9s letisztult kar\u00e1csonyi dekor\u00e1ci\u00f3.","robots":{"index":"index","follow":"follow","max-snippet":"max-snippet:-1","max-image-preview":"max-image-preview:large","max-video-preview":"max-video-preview:-1"},"canonical":"https:\/\/tajkertesz.com\/en_US\/product\/fem-karacsonyi-postalada\/","og_locale":"en_US","og_type":"article","og_title":"POSTAL\u00c1DA \u00c1LL\u00d3 F\u00c9M 122 CM PIROS 25-4-1 - T\u00e1jkert\u00e9sz","og_description":"Kar\u00e1csonyi dekor\u00e1ci\u00f3s term\u00e9k, d\u00edsz.\u00a0D\u00edsz\u00edtse otthon\u00e1t egy igaz\u00e1n k\u00fcl\u00f6nleges dekor\u00e1ci\u00f3val. Eleg\u00e1ns \u00e9s letisztult kar\u00e1csonyi dekor\u00e1ci\u00f3.","og_url":"https:\/\/tajkertesz.com\/en_US\/product\/fem-karacsonyi-postalada\/","og_site_name":"T\u00e1jkert\u00e9sz","article_publisher":"https:\/\/www.facebook.com\/Tajkertesz\/","article_modified_time":"2026-02-18T15:26:38+00:00","og_image":[{"width":1154,"height":2560,"url":"https:\/\/tajkertesz.com\/wp-content\/uploads\/2022\/11\/20221123_152733-scaled.jpg","type":"image\/jpeg"}],"twitter_card":"summary_large_image","twitter_misc":{"Est. reading time":"1 minute"},"schema":{"@context":"https:\/\/schema.org","@graph":[{"@type":"WebPage","@id":"https:\/\/tajkertesz.com\/termek\/fem-karacsonyi-postalada\/","url":"https:\/\/tajkertesz.com\/termek\/fem-karacsonyi-postalada\/","name":"POSTAL\u00c1DA \u00c1LL\u00d3 F\u00c9M 122 CM PIROS 25-4-1 - T\u00e1jkert\u00e9sz","isPartOf":{"@id":"https:\/\/tajkertesz.com\/#website"},"primaryImageOfPage":{"@id":"https:\/\/tajkertesz.com\/termek\/fem-karacsonyi-postalada\/#primaryimage"},"image":{"@id":"https:\/\/tajkertesz.com\/termek\/fem-karacsonyi-postalada\/#primaryimage"},"thumbnailUrl":"https:\/\/tajkertesz.com\/wp-content\/uploads\/2022\/11\/20221123_152733-scaled.jpg","datePublished":"2022-11-23T14:47:40+00:00","dateModified":"2026-02-18T15:26:38+00:00","description":"Kar\u00e1csonyi dekor\u00e1ci\u00f3s term\u00e9k, d\u00edsz.\u00a0D\u00edsz\u00edtse otthon\u00e1t egy igaz\u00e1n k\u00fcl\u00f6nleges dekor\u00e1ci\u00f3val. Eleg\u00e1ns \u00e9s letisztult kar\u00e1csonyi dekor\u00e1ci\u00f3.","breadcrumb":{"@id":"https:\/\/tajkertesz.com\/termek\/fem-karacsonyi-postalada\/#breadcrumb"},"inLanguage":"en-US","potentialAction":[{"@type":"ReadAction","target":["https:\/\/tajkertesz.com\/termek\/fem-karacsonyi-postalada\/"]}]},{"@type":"ImageObject","inLanguage":"en-US","@id":"https:\/\/tajkertesz.com\/termek\/fem-karacsonyi-postalada\/#primaryimage","url":"https:\/\/tajkertesz.com\/wp-content\/uploads\/2022\/11\/20221123_152733-scaled.jpg","contentUrl":"https:\/\/tajkertesz.com\/wp-content\/uploads\/2022\/11\/20221123_152733-scaled.jpg","width":1154,"height":2560},{"@type":"BreadcrumbList","@id":"https:\/\/tajkertesz.com\/termek\/fem-karacsonyi-postalada\/#breadcrumb","itemListElement":[{"@type":"ListItem","position":1,"name":"Home","item":"https:\/\/tajkertesz.com\/"},{"@type":"ListItem","position":2,"name":"Kezd\u0151lap","item":"https:\/\/tajkertesz.com\/"},{"@type":"ListItem","position":3,"name":"POSTAL\u00c1DA \u00c1LL\u00d3 F\u00c9M 122 CM PIROS 25-4-1"}]},{"@type":"WebSite","@id":"https:\/\/tajkertesz.com\/#website","url":"https:\/\/tajkertesz.com\/","name":"T\u00e1j-Kert\u00e9sz 84 Kft.","description":"Kert\u00e9szeti kis- \u00e9s nagykeresked\u00e9s, D\u00edszn\u00f6v\u00e9ny web\u00e1ruh\u00e1z orsz\u00e1gos h\u00e1zhozsz\u00e1ll\u00edt\u00e1ssal!","publisher":{"@id":"https:\/\/tajkertesz.com\/#organization"},"potentialAction":[{"@type":"SearchAction","target":{"@type":"EntryPoint","urlTemplate":"https:\/\/tajkertesz.com\/?s={search_term_string}"},"query-input":{"@type":"PropertyValueSpecification","valueRequired":true,"valueName":"search_term_string"}}],"inLanguage":"en-US"},{"@type":"Organization","@id":"https:\/\/tajkertesz.com\/#organization","name":"T\u00e1j-Kert\u00e9sz 84 Kft.","url":"https:\/\/tajkertesz.com\/","logo":{"@type":"ImageObject","inLanguage":"en-US","@id":"https:\/\/tajkertesz.com\/#\/schema\/logo\/image\/","url":"https:\/\/tajkertesz.com\/wp-content\/uploads\/2018\/02\/logo-2-e1518678052539.png","contentUrl":"https:\/\/tajkertesz.com\/wp-content\/uploads\/2018\/02\/logo-2-e1518678052539.png","width":81,"height":140,"caption":"T\u00e1j-Kert\u00e9sz 84 Kft."},"image":{"@id":"https:\/\/tajkertesz.com\/#\/schema\/logo\/image\/"},"sameAs":["https:\/\/www.facebook.com\/Tajkertesz\/"]}]}},"_links":{"self":[{"href":"https:\/\/tajkertesz.com\/en_US\/wp-json\/wp\/v2\/product\/14165","targetHints":{"allow":["GET"]}}],"collection":[{"href":"https:\/\/tajkertesz.com\/en_US\/wp-json\/wp\/v2\/product"}],"about":[{"href":"https:\/\/tajkertesz.com\/en_US\/wp-json\/wp\/v2\/types\/product"}],"wp:featuredmedia":[{"embeddable":true,"href":"https:\/\/tajkertesz.com\/en_US\/wp-json\/wp\/v2\/media\/14166"}],"wp:attachment":[{"href":"https:\/\/tajkertesz.com\/en_US\/wp-json\/wp\/v2\/media?parent=14165"}],"wp:term":[{"taxonomy":"product_brand","embeddable":true,"href":"https:\/\/tajkertesz.com\/en_US\/wp-json\/wp\/v2\/product_brand?post=14165"},{"taxonomy":"product_cat","embeddable":true,"href":"https:\/\/tajkertesz.com\/en_US\/wp-json\/wp\/v2\/product_cat?post=14165"},{"taxonomy":"product_tag","embeddable":true,"href":"https:\/\/tajkertesz.com\/en_US\/wp-json\/wp\/v2\/product_tag?post=14165"}],"curies":[{"name":"wp","href":"https:\/\/api.w.org\/{rel}","templated":true}]}}