{"id":14170,"date":"2022-11-23T15:05:20","date_gmt":"2022-11-23T15:05:20","guid":{"rendered":"https:\/\/tajkertesz.com\/?post_type=product&#038;p=14170"},"modified":"2026-02-18T15:26:44","modified_gmt":"2026-02-18T15:26:44","slug":"vintage-karacsonyi-postalada-fem-feher","status":"publish","type":"product","link":"https:\/\/tajkertesz.com\/en_US\/product\/vintage-karacsonyi-postalada-fem-feher\/","title":{"rendered":"Vintage kar\u00e1csonyi postal\u00e1da f\u00e9m feh\u00e9r 24-4-3"},"content":{"rendered":"<p>D\u00edsz\u00edtse otthon\u00e1t, kertj\u00e9t egy igaz\u00e1n k\u00fcl\u00f6nleges dekor\u00e1ci\u00f3val. Eleg\u00e1ns \u00e9s letisztult kar\u00e1csonyi dekor\u00e1ci\u00f3.<\/p>\n<p>Postal\u00e1da Letters to Santa felirattal f\u00e9m 31x9x35 cm feh\u00e9r kedvez\u0151 \u00e1ron, biztons\u00e1gos csomagol\u00e1ssal, h\u00e1zhozsz\u00e1ll\u00edt\u00e1ssal.<\/p>\n<p>Anyaga: f\u00e9m<\/p>\n<p>M\u00e9rete: 31*37cm<\/p>\n<p><b>K\u00e9szlet\u00fcnk napi szinten v\u00e1ltozik, ez\u00e9rt k\u00e9rj\u00fck, \u00e9rdekl\u0151dj\u00f6n szem\u00e9lyesen, telefonon vagy email-en.<\/b><\/p>\n<p><b>A v\u00e1ltoztat\u00e1s jog\u00e1t fenntartjuk!\u00a0<\/b><\/p>\n<p><a href=\"https:\/\/tajkertesz.com\/\">https:\/\/tajkertesz.com\/<\/a><\/p>\n<p><a href=\"https:\/\/www.facebook.com\/tajkertesz\">https:\/\/www.facebook.com\/tajkertesz<\/a><\/p>\n<p>&nbsp;<\/p>","protected":false},"excerpt":{"rendered":"<p>D\u00edsz\u00edtse otthon\u00e1t, kertj\u00e9t egy igaz\u00e1n k\u00fcl\u00f6nleges dekor\u00e1ci\u00f3val. Eleg\u00e1ns \u00e9s letisztult kar\u00e1csonyi dekor\u00e1ci\u00f3. Postal\u00e1da Letters to Santa felirattal f\u00e9m 31x9x35 cm feh\u00e9r kedvez\u0151 \u00e1ron, biztons\u00e1gos csomagol\u00e1ssal, h\u00e1zhozsz\u00e1ll\u00edt\u00e1ssal. Anyaga: f\u00e9m M\u00e9rete: 31*37cm K\u00e9szlet\u00fcnk napi szinten v\u00e1ltozik, ez\u00e9rt k\u00e9rj\u00fck, \u00e9rdekl\u0151dj\u00f6n szem\u00e9lyesen, telefonon vagy email-en. A v\u00e1ltoztat\u00e1s jog\u00e1t fenntartjuk!\u00a0 https:\/\/tajkertesz.com\/ https:\/\/www.facebook.com\/tajkertesz &nbsp;<\/p>","protected":false},"featured_media":14171,"template":"","meta":{"_et_pb_use_builder":"","_et_pb_old_content":"","_et_gb_content_width":""},"product_brand":[],"product_cat":[4034],"product_tag":[],"class_list":{"0":"post-14170","1":"product","2":"type-product","3":"status-publish","4":"has-post-thumbnail","6":"product_cat-karacsonyi-diszek-dekorok","8":"first","9":"outofstock","10":"shipping-taxable","11":"purchasable","12":"product-type-simple"},"yoast_head":"<!-- This site is optimized with the Yoast SEO plugin v27.3 - https:\/\/yoast.com\/product\/yoast-seo-wordpress\/ -->\n<title>Vintage kar\u00e1csonyi postal\u00e1da f\u00e9m feh\u00e9r 24-4-3 - T\u00e1jkert\u00e9sz<\/title>\n<meta name=\"description\" content=\"D\u00edsz\u00edtse otthon\u00e1t, kertj\u00e9t egy igaz\u00e1n eleg\u00e1ns k\u00fcl\u00f6nleges dekor\u00e1ci\u00f3val. Postal\u00e1da Letters to Santa felirattal f\u00e9m 31x9x35 cm feh\u00e9r\" \/>\n<meta name=\"robots\" content=\"index, follow, max-snippet:-1, max-image-preview:large, max-video-preview:-1\" \/>\n<link rel=\"canonical\" href=\"https:\/\/tajkertesz.com\/en_US\/product\/vintage-karacsonyi-postalada-fem-feher\/\" \/>\n<meta property=\"og:locale\" content=\"en_US\" \/>\n<meta property=\"og:type\" content=\"article\" \/>\n<meta property=\"og:title\" content=\"Vintage kar\u00e1csonyi postal\u00e1da f\u00e9m feh\u00e9r 24-4-3 - T\u00e1jkert\u00e9sz\" \/>\n<meta property=\"og:description\" content=\"D\u00edsz\u00edtse otthon\u00e1t, kertj\u00e9t egy igaz\u00e1n eleg\u00e1ns k\u00fcl\u00f6nleges dekor\u00e1ci\u00f3val. Postal\u00e1da Letters to Santa felirattal f\u00e9m 31x9x35 cm feh\u00e9r\" \/>\n<meta property=\"og:url\" content=\"https:\/\/tajkertesz.com\/en_US\/product\/vintage-karacsonyi-postalada-fem-feher\/\" \/>\n<meta property=\"og:site_name\" content=\"T\u00e1jkert\u00e9sz\" \/>\n<meta property=\"article:publisher\" content=\"https:\/\/www.facebook.com\/Tajkertesz\/\" \/>\n<meta property=\"article:modified_time\" content=\"2026-02-18T15:26:44+00:00\" \/>\n<meta property=\"og:image\" content=\"https:\/\/tajkertesz.com\/wp-content\/uploads\/2022\/11\/20221123_142845-1-scaled.jpg\" \/>\n\t<meta property=\"og:image:width\" content=\"1154\" \/>\n\t<meta property=\"og:image:height\" content=\"2560\" \/>\n\t<meta property=\"og:image:type\" content=\"image\/jpeg\" \/>\n<meta name=\"twitter:card\" content=\"summary_large_image\" \/>\n<meta name=\"twitter:label1\" content=\"Est. reading time\" \/>\n\t<meta name=\"twitter:data1\" content=\"1 minute\" \/>\n<script type=\"application\/ld+json\" class=\"yoast-schema-graph\">{\"@context\":\"https:\\\/\\\/schema.org\",\"@graph\":[{\"@type\":\"WebPage\",\"@id\":\"https:\\\/\\\/tajkertesz.com\\\/termek\\\/vintage-karacsonyi-postalada-fem-feher\\\/\",\"url\":\"https:\\\/\\\/tajkertesz.com\\\/termek\\\/vintage-karacsonyi-postalada-fem-feher\\\/\",\"name\":\"Vintage kar\u00e1csonyi postal\u00e1da f\u00e9m feh\u00e9r 24-4-3 - T\u00e1jkert\u00e9sz\",\"isPartOf\":{\"@id\":\"https:\\\/\\\/tajkertesz.com\\\/#website\"},\"primaryImageOfPage\":{\"@id\":\"https:\\\/\\\/tajkertesz.com\\\/termek\\\/vintage-karacsonyi-postalada-fem-feher\\\/#primaryimage\"},\"image\":{\"@id\":\"https:\\\/\\\/tajkertesz.com\\\/termek\\\/vintage-karacsonyi-postalada-fem-feher\\\/#primaryimage\"},\"thumbnailUrl\":\"https:\\\/\\\/tajkertesz.com\\\/wp-content\\\/uploads\\\/2022\\\/11\\\/20221123_142845-1-scaled.jpg\",\"datePublished\":\"2022-11-23T15:05:20+00:00\",\"dateModified\":\"2026-02-18T15:26:44+00:00\",\"description\":\"D\u00edsz\u00edtse otthon\u00e1t, kertj\u00e9t egy igaz\u00e1n eleg\u00e1ns k\u00fcl\u00f6nleges dekor\u00e1ci\u00f3val. Postal\u00e1da Letters to Santa felirattal f\u00e9m 31x9x35 cm feh\u00e9r\",\"breadcrumb\":{\"@id\":\"https:\\\/\\\/tajkertesz.com\\\/termek\\\/vintage-karacsonyi-postalada-fem-feher\\\/#breadcrumb\"},\"inLanguage\":\"en-US\",\"potentialAction\":[{\"@type\":\"ReadAction\",\"target\":[\"https:\\\/\\\/tajkertesz.com\\\/termek\\\/vintage-karacsonyi-postalada-fem-feher\\\/\"]}]},{\"@type\":\"ImageObject\",\"inLanguage\":\"en-US\",\"@id\":\"https:\\\/\\\/tajkertesz.com\\\/termek\\\/vintage-karacsonyi-postalada-fem-feher\\\/#primaryimage\",\"url\":\"https:\\\/\\\/tajkertesz.com\\\/wp-content\\\/uploads\\\/2022\\\/11\\\/20221123_142845-1-scaled.jpg\",\"contentUrl\":\"https:\\\/\\\/tajkertesz.com\\\/wp-content\\\/uploads\\\/2022\\\/11\\\/20221123_142845-1-scaled.jpg\",\"width\":1154,\"height\":2560},{\"@type\":\"BreadcrumbList\",\"@id\":\"https:\\\/\\\/tajkertesz.com\\\/termek\\\/vintage-karacsonyi-postalada-fem-feher\\\/#breadcrumb\",\"itemListElement\":[{\"@type\":\"ListItem\",\"position\":1,\"name\":\"Home\",\"item\":\"https:\\\/\\\/tajkertesz.com\\\/\"},{\"@type\":\"ListItem\",\"position\":2,\"name\":\"Kezd\u0151lap\",\"item\":\"https:\\\/\\\/tajkertesz.com\\\/\"},{\"@type\":\"ListItem\",\"position\":3,\"name\":\"Vintage kar\u00e1csonyi postal\u00e1da f\u00e9m feh\u00e9r 24-4-3\"}]},{\"@type\":\"WebSite\",\"@id\":\"https:\\\/\\\/tajkertesz.com\\\/#website\",\"url\":\"https:\\\/\\\/tajkertesz.com\\\/\",\"name\":\"T\u00e1j-Kert\u00e9sz 84 Kft.\",\"description\":\"Kert\u00e9szeti kis- \u00e9s nagykeresked\u00e9s, D\u00edszn\u00f6v\u00e9ny web\u00e1ruh\u00e1z orsz\u00e1gos h\u00e1zhozsz\u00e1ll\u00edt\u00e1ssal!\",\"publisher\":{\"@id\":\"https:\\\/\\\/tajkertesz.com\\\/#organization\"},\"potentialAction\":[{\"@type\":\"SearchAction\",\"target\":{\"@type\":\"EntryPoint\",\"urlTemplate\":\"https:\\\/\\\/tajkertesz.com\\\/?s={search_term_string}\"},\"query-input\":{\"@type\":\"PropertyValueSpecification\",\"valueRequired\":true,\"valueName\":\"search_term_string\"}}],\"inLanguage\":\"en-US\"},{\"@type\":\"Organization\",\"@id\":\"https:\\\/\\\/tajkertesz.com\\\/#organization\",\"name\":\"T\u00e1j-Kert\u00e9sz 84 Kft.\",\"url\":\"https:\\\/\\\/tajkertesz.com\\\/\",\"logo\":{\"@type\":\"ImageObject\",\"inLanguage\":\"en-US\",\"@id\":\"https:\\\/\\\/tajkertesz.com\\\/#\\\/schema\\\/logo\\\/image\\\/\",\"url\":\"https:\\\/\\\/tajkertesz.com\\\/wp-content\\\/uploads\\\/2018\\\/02\\\/logo-2-e1518678052539.png\",\"contentUrl\":\"https:\\\/\\\/tajkertesz.com\\\/wp-content\\\/uploads\\\/2018\\\/02\\\/logo-2-e1518678052539.png\",\"width\":81,\"height\":140,\"caption\":\"T\u00e1j-Kert\u00e9sz 84 Kft.\"},\"image\":{\"@id\":\"https:\\\/\\\/tajkertesz.com\\\/#\\\/schema\\\/logo\\\/image\\\/\"},\"sameAs\":[\"https:\\\/\\\/www.facebook.com\\\/Tajkertesz\\\/\"]}]}<\/script>\n<!-- \/ Yoast SEO plugin. -->","yoast_head_json":{"title":"Vintage kar\u00e1csonyi postal\u00e1da f\u00e9m feh\u00e9r 24-4-3 - T\u00e1jkert\u00e9sz","description":"D\u00edsz\u00edtse otthon\u00e1t, kertj\u00e9t egy igaz\u00e1n eleg\u00e1ns k\u00fcl\u00f6nleges dekor\u00e1ci\u00f3val. Postal\u00e1da Letters to Santa felirattal f\u00e9m 31x9x35 cm feh\u00e9r","robots":{"index":"index","follow":"follow","max-snippet":"max-snippet:-1","max-image-preview":"max-image-preview:large","max-video-preview":"max-video-preview:-1"},"canonical":"https:\/\/tajkertesz.com\/en_US\/product\/vintage-karacsonyi-postalada-fem-feher\/","og_locale":"en_US","og_type":"article","og_title":"Vintage kar\u00e1csonyi postal\u00e1da f\u00e9m feh\u00e9r 24-4-3 - T\u00e1jkert\u00e9sz","og_description":"D\u00edsz\u00edtse otthon\u00e1t, kertj\u00e9t egy igaz\u00e1n eleg\u00e1ns k\u00fcl\u00f6nleges dekor\u00e1ci\u00f3val. Postal\u00e1da Letters to Santa felirattal f\u00e9m 31x9x35 cm feh\u00e9r","og_url":"https:\/\/tajkertesz.com\/en_US\/product\/vintage-karacsonyi-postalada-fem-feher\/","og_site_name":"T\u00e1jkert\u00e9sz","article_publisher":"https:\/\/www.facebook.com\/Tajkertesz\/","article_modified_time":"2026-02-18T15:26:44+00:00","og_image":[{"width":1154,"height":2560,"url":"https:\/\/tajkertesz.com\/wp-content\/uploads\/2022\/11\/20221123_142845-1-scaled.jpg","type":"image\/jpeg"}],"twitter_card":"summary_large_image","twitter_misc":{"Est. reading time":"1 minute"},"schema":{"@context":"https:\/\/schema.org","@graph":[{"@type":"WebPage","@id":"https:\/\/tajkertesz.com\/termek\/vintage-karacsonyi-postalada-fem-feher\/","url":"https:\/\/tajkertesz.com\/termek\/vintage-karacsonyi-postalada-fem-feher\/","name":"Vintage kar\u00e1csonyi postal\u00e1da f\u00e9m feh\u00e9r 24-4-3 - T\u00e1jkert\u00e9sz","isPartOf":{"@id":"https:\/\/tajkertesz.com\/#website"},"primaryImageOfPage":{"@id":"https:\/\/tajkertesz.com\/termek\/vintage-karacsonyi-postalada-fem-feher\/#primaryimage"},"image":{"@id":"https:\/\/tajkertesz.com\/termek\/vintage-karacsonyi-postalada-fem-feher\/#primaryimage"},"thumbnailUrl":"https:\/\/tajkertesz.com\/wp-content\/uploads\/2022\/11\/20221123_142845-1-scaled.jpg","datePublished":"2022-11-23T15:05:20+00:00","dateModified":"2026-02-18T15:26:44+00:00","description":"D\u00edsz\u00edtse otthon\u00e1t, kertj\u00e9t egy igaz\u00e1n eleg\u00e1ns k\u00fcl\u00f6nleges dekor\u00e1ci\u00f3val. Postal\u00e1da Letters to Santa felirattal f\u00e9m 31x9x35 cm feh\u00e9r","breadcrumb":{"@id":"https:\/\/tajkertesz.com\/termek\/vintage-karacsonyi-postalada-fem-feher\/#breadcrumb"},"inLanguage":"en-US","potentialAction":[{"@type":"ReadAction","target":["https:\/\/tajkertesz.com\/termek\/vintage-karacsonyi-postalada-fem-feher\/"]}]},{"@type":"ImageObject","inLanguage":"en-US","@id":"https:\/\/tajkertesz.com\/termek\/vintage-karacsonyi-postalada-fem-feher\/#primaryimage","url":"https:\/\/tajkertesz.com\/wp-content\/uploads\/2022\/11\/20221123_142845-1-scaled.jpg","contentUrl":"https:\/\/tajkertesz.com\/wp-content\/uploads\/2022\/11\/20221123_142845-1-scaled.jpg","width":1154,"height":2560},{"@type":"BreadcrumbList","@id":"https:\/\/tajkertesz.com\/termek\/vintage-karacsonyi-postalada-fem-feher\/#breadcrumb","itemListElement":[{"@type":"ListItem","position":1,"name":"Home","item":"https:\/\/tajkertesz.com\/"},{"@type":"ListItem","position":2,"name":"Kezd\u0151lap","item":"https:\/\/tajkertesz.com\/"},{"@type":"ListItem","position":3,"name":"Vintage kar\u00e1csonyi postal\u00e1da f\u00e9m feh\u00e9r 24-4-3"}]},{"@type":"WebSite","@id":"https:\/\/tajkertesz.com\/#website","url":"https:\/\/tajkertesz.com\/","name":"T\u00e1j-Kert\u00e9sz 84 Kft.","description":"Kert\u00e9szeti kis- \u00e9s nagykeresked\u00e9s, D\u00edszn\u00f6v\u00e9ny web\u00e1ruh\u00e1z orsz\u00e1gos h\u00e1zhozsz\u00e1ll\u00edt\u00e1ssal!","publisher":{"@id":"https:\/\/tajkertesz.com\/#organization"},"potentialAction":[{"@type":"SearchAction","target":{"@type":"EntryPoint","urlTemplate":"https:\/\/tajkertesz.com\/?s={search_term_string}"},"query-input":{"@type":"PropertyValueSpecification","valueRequired":true,"valueName":"search_term_string"}}],"inLanguage":"en-US"},{"@type":"Organization","@id":"https:\/\/tajkertesz.com\/#organization","name":"T\u00e1j-Kert\u00e9sz 84 Kft.","url":"https:\/\/tajkertesz.com\/","logo":{"@type":"ImageObject","inLanguage":"en-US","@id":"https:\/\/tajkertesz.com\/#\/schema\/logo\/image\/","url":"https:\/\/tajkertesz.com\/wp-content\/uploads\/2018\/02\/logo-2-e1518678052539.png","contentUrl":"https:\/\/tajkertesz.com\/wp-content\/uploads\/2018\/02\/logo-2-e1518678052539.png","width":81,"height":140,"caption":"T\u00e1j-Kert\u00e9sz 84 Kft."},"image":{"@id":"https:\/\/tajkertesz.com\/#\/schema\/logo\/image\/"},"sameAs":["https:\/\/www.facebook.com\/Tajkertesz\/"]}]}},"_links":{"self":[{"href":"https:\/\/tajkertesz.com\/en_US\/wp-json\/wp\/v2\/product\/14170","targetHints":{"allow":["GET"]}}],"collection":[{"href":"https:\/\/tajkertesz.com\/en_US\/wp-json\/wp\/v2\/product"}],"about":[{"href":"https:\/\/tajkertesz.com\/en_US\/wp-json\/wp\/v2\/types\/product"}],"wp:featuredmedia":[{"embeddable":true,"href":"https:\/\/tajkertesz.com\/en_US\/wp-json\/wp\/v2\/media\/14171"}],"wp:attachment":[{"href":"https:\/\/tajkertesz.com\/en_US\/wp-json\/wp\/v2\/media?parent=14170"}],"wp:term":[{"taxonomy":"product_brand","embeddable":true,"href":"https:\/\/tajkertesz.com\/en_US\/wp-json\/wp\/v2\/product_brand?post=14170"},{"taxonomy":"product_cat","embeddable":true,"href":"https:\/\/tajkertesz.com\/en_US\/wp-json\/wp\/v2\/product_cat?post=14170"},{"taxonomy":"product_tag","embeddable":true,"href":"https:\/\/tajkertesz.com\/en_US\/wp-json\/wp\/v2\/product_tag?post=14170"}],"curies":[{"name":"wp","href":"https:\/\/api.w.org\/{rel}","templated":true}]}}