{"id":14185,"date":"2022-11-24T07:46:16","date_gmt":"2022-11-24T07:46:16","guid":{"rendered":"https:\/\/tajkertesz.com\/?post_type=product&#038;p=14185"},"modified":"2026-02-18T15:27:04","modified_gmt":"2026-02-18T15:27:04","slug":"karacsonyi-dekoracios-tabla-kiskocsis","status":"publish","type":"product","link":"https:\/\/tajkertesz.com\/en_US\/product\/karacsonyi-dekoracios-tabla-kiskocsis\/","title":{"rendered":"Kar\u00e1csonyi dekor\u00e1ci\u00f3s t\u00e1bla kiskocsis 24-2-10"},"content":{"rendered":"<h1>Kar\u00e1csonyi dekor\u00e1ci\u00f3s t\u00e1bla kiskocsis<\/h1>\n<p>F\u00f6ldbe sz\u00farthat\u00f3 f\u00e9m\u00a0 dekor\u00e1ci\u00f3s t\u00e1bla, kar\u00e1csonyi.<\/p>\n<p><em><strong>M\u00e9ret<\/strong>: 70*30*0,5 cm<\/em><\/p>\n<p><em><strong>Anyaga<\/strong><\/em>: F\u00e9m<\/p>\n<p>&nbsp;<\/p>\n<p><b>K\u00e9szlet\u00fcnk napi szinten v\u00e1ltozik, ez\u00e9rt k\u00e9rj\u00fck, \u00e9rdekl\u0151dj\u00f6n szem\u00e9lyesen, telefonon vagy email-en.<\/b><\/p>\n<p><b>A v\u00e1ltoztat\u00e1s jog\u00e1t fenntartjuk!\u00a0<\/b><\/p>\n<p><a href=\"https:\/\/tajkertesz.com\/\">https:\/\/tajkertesz.com\/<\/a><\/p>\n<p><a href=\"https:\/\/www.facebook.com\/tajkertesz\">https:\/\/www.facebook.com\/tajkertesz<\/a><\/p>","protected":false},"excerpt":{"rendered":"<p>Kar\u00e1csonyi dekor\u00e1ci\u00f3s t\u00e1bla kiskocsis F\u00f6ldbe sz\u00farthat\u00f3 f\u00e9m\u00a0 dekor\u00e1ci\u00f3s t\u00e1bla, kar\u00e1csonyi. M\u00e9ret: 70*30*0,5 cm Anyaga: F\u00e9m &nbsp; K\u00e9szlet\u00fcnk napi szinten v\u00e1ltozik, ez\u00e9rt k\u00e9rj\u00fck, \u00e9rdekl\u0151dj\u00f6n szem\u00e9lyesen, telefonon vagy email-en. A v\u00e1ltoztat\u00e1s jog\u00e1t fenntartjuk!\u00a0 https:\/\/tajkertesz.com\/ https:\/\/www.facebook.com\/tajkertesz<\/p>","protected":false},"featured_media":18625,"template":"","meta":{"_et_pb_use_builder":"","_et_pb_old_content":"","_et_gb_content_width":""},"product_brand":[],"product_cat":[4034],"product_tag":[1127,4635,4539],"class_list":{"0":"post-14185","1":"product","2":"type-product","3":"status-publish","4":"has-post-thumbnail","6":"product_cat-karacsonyi-diszek-dekorok","7":"product_tag-karacsonyi","8":"product_tag-kisskocsis","9":"product_tag-tabla","11":"first","12":"instock","13":"shipping-taxable","14":"purchasable","15":"product-type-simple"},"yoast_head":"<!-- This site is optimized with the Yoast SEO plugin v27.3 - https:\/\/yoast.com\/product\/yoast-seo-wordpress\/ -->\n<title>Kar\u00e1csonyi dekor\u00e1ci\u00f3s t\u00e1bla kiskocsis 24-2-10 - T\u00e1jkert\u00e9sz<\/title>\n<meta name=\"description\" content=\"Kar\u00e1csonyi dekor\u00e1ci\u00f3s t\u00e1bla kiskocsis 24-2-10 F\u00f6ldbe sz\u00farhat\u00f3 f\u00e9m dekor\u00e1ci\u00f3s t\u00e1bla, kar\u00e1csonyi feliratokkal d\u00edsz\u00edtve. M\u00e9ret: 70*30*0,5 cm.\" \/>\n<meta name=\"robots\" content=\"index, follow, max-snippet:-1, max-image-preview:large, max-video-preview:-1\" \/>\n<link rel=\"canonical\" href=\"https:\/\/tajkertesz.com\/en_US\/product\/karacsonyi-dekoracios-tabla-kiskocsis\/\" \/>\n<meta property=\"og:locale\" content=\"en_US\" \/>\n<meta property=\"og:type\" content=\"article\" \/>\n<meta property=\"og:title\" content=\"Kar\u00e1csonyi dekor\u00e1ci\u00f3s t\u00e1bla kiskocsis 24-2-10 - T\u00e1jkert\u00e9sz\" \/>\n<meta property=\"og:description\" content=\"Kar\u00e1csonyi dekor\u00e1ci\u00f3s t\u00e1bla kiskocsis 24-2-10 F\u00f6ldbe sz\u00farhat\u00f3 f\u00e9m dekor\u00e1ci\u00f3s t\u00e1bla, kar\u00e1csonyi feliratokkal d\u00edsz\u00edtve. M\u00e9ret: 70*30*0,5 cm.\" \/>\n<meta property=\"og:url\" content=\"https:\/\/tajkertesz.com\/en_US\/product\/karacsonyi-dekoracios-tabla-kiskocsis\/\" \/>\n<meta property=\"og:site_name\" content=\"T\u00e1jkert\u00e9sz\" \/>\n<meta property=\"article:publisher\" content=\"https:\/\/www.facebook.com\/Tajkertesz\/\" \/>\n<meta property=\"article:modified_time\" content=\"2026-02-18T15:27:04+00:00\" \/>\n<meta property=\"og:image\" content=\"https:\/\/tajkertesz.com\/wp-content\/uploads\/2022\/11\/24-2-9.jpg\" \/>\n\t<meta property=\"og:image:width\" content=\"406\" \/>\n\t<meta property=\"og:image:height\" content=\"904\" \/>\n\t<meta property=\"og:image:type\" content=\"image\/jpeg\" \/>\n<meta name=\"twitter:card\" content=\"summary_large_image\" \/>\n<meta name=\"twitter:label1\" content=\"Est. reading time\" \/>\n\t<meta name=\"twitter:data1\" content=\"1 minute\" \/>\n<script type=\"application\/ld+json\" class=\"yoast-schema-graph\">{\"@context\":\"https:\\\/\\\/schema.org\",\"@graph\":[{\"@type\":\"WebPage\",\"@id\":\"https:\\\/\\\/tajkertesz.com\\\/termek\\\/karacsonyi-dekoracios-tabla-kiskocsis\\\/\",\"url\":\"https:\\\/\\\/tajkertesz.com\\\/termek\\\/karacsonyi-dekoracios-tabla-kiskocsis\\\/\",\"name\":\"Kar\u00e1csonyi dekor\u00e1ci\u00f3s t\u00e1bla kiskocsis 24-2-10 - T\u00e1jkert\u00e9sz\",\"isPartOf\":{\"@id\":\"https:\\\/\\\/tajkertesz.com\\\/#website\"},\"primaryImageOfPage\":{\"@id\":\"https:\\\/\\\/tajkertesz.com\\\/termek\\\/karacsonyi-dekoracios-tabla-kiskocsis\\\/#primaryimage\"},\"image\":{\"@id\":\"https:\\\/\\\/tajkertesz.com\\\/termek\\\/karacsonyi-dekoracios-tabla-kiskocsis\\\/#primaryimage\"},\"thumbnailUrl\":\"https:\\\/\\\/tajkertesz.com\\\/wp-content\\\/uploads\\\/2022\\\/11\\\/24-2-9.jpg\",\"datePublished\":\"2022-11-24T07:46:16+00:00\",\"dateModified\":\"2026-02-18T15:27:04+00:00\",\"description\":\"Kar\u00e1csonyi dekor\u00e1ci\u00f3s t\u00e1bla kiskocsis 24-2-10 F\u00f6ldbe sz\u00farhat\u00f3 f\u00e9m dekor\u00e1ci\u00f3s t\u00e1bla, kar\u00e1csonyi feliratokkal d\u00edsz\u00edtve. M\u00e9ret: 70*30*0,5 cm.\",\"breadcrumb\":{\"@id\":\"https:\\\/\\\/tajkertesz.com\\\/termek\\\/karacsonyi-dekoracios-tabla-kiskocsis\\\/#breadcrumb\"},\"inLanguage\":\"en-US\",\"potentialAction\":[{\"@type\":\"ReadAction\",\"target\":[\"https:\\\/\\\/tajkertesz.com\\\/termek\\\/karacsonyi-dekoracios-tabla-kiskocsis\\\/\"]}]},{\"@type\":\"ImageObject\",\"inLanguage\":\"en-US\",\"@id\":\"https:\\\/\\\/tajkertesz.com\\\/termek\\\/karacsonyi-dekoracios-tabla-kiskocsis\\\/#primaryimage\",\"url\":\"https:\\\/\\\/tajkertesz.com\\\/wp-content\\\/uploads\\\/2022\\\/11\\\/24-2-9.jpg\",\"contentUrl\":\"https:\\\/\\\/tajkertesz.com\\\/wp-content\\\/uploads\\\/2022\\\/11\\\/24-2-9.jpg\",\"width\":406,\"height\":904},{\"@type\":\"BreadcrumbList\",\"@id\":\"https:\\\/\\\/tajkertesz.com\\\/termek\\\/karacsonyi-dekoracios-tabla-kiskocsis\\\/#breadcrumb\",\"itemListElement\":[{\"@type\":\"ListItem\",\"position\":1,\"name\":\"Home\",\"item\":\"https:\\\/\\\/tajkertesz.com\\\/\"},{\"@type\":\"ListItem\",\"position\":2,\"name\":\"Kezd\u0151lap\",\"item\":\"https:\\\/\\\/tajkertesz.com\\\/\"},{\"@type\":\"ListItem\",\"position\":3,\"name\":\"Kar\u00e1csonyi dekor\u00e1ci\u00f3s t\u00e1bla kiskocsis 24-2-10\"}]},{\"@type\":\"WebSite\",\"@id\":\"https:\\\/\\\/tajkertesz.com\\\/#website\",\"url\":\"https:\\\/\\\/tajkertesz.com\\\/\",\"name\":\"T\u00e1j-Kert\u00e9sz 84 Kft.\",\"description\":\"Kert\u00e9szeti kis- \u00e9s nagykeresked\u00e9s, D\u00edszn\u00f6v\u00e9ny web\u00e1ruh\u00e1z orsz\u00e1gos h\u00e1zhozsz\u00e1ll\u00edt\u00e1ssal!\",\"publisher\":{\"@id\":\"https:\\\/\\\/tajkertesz.com\\\/#organization\"},\"potentialAction\":[{\"@type\":\"SearchAction\",\"target\":{\"@type\":\"EntryPoint\",\"urlTemplate\":\"https:\\\/\\\/tajkertesz.com\\\/?s={search_term_string}\"},\"query-input\":{\"@type\":\"PropertyValueSpecification\",\"valueRequired\":true,\"valueName\":\"search_term_string\"}}],\"inLanguage\":\"en-US\"},{\"@type\":\"Organization\",\"@id\":\"https:\\\/\\\/tajkertesz.com\\\/#organization\",\"name\":\"T\u00e1j-Kert\u00e9sz 84 Kft.\",\"url\":\"https:\\\/\\\/tajkertesz.com\\\/\",\"logo\":{\"@type\":\"ImageObject\",\"inLanguage\":\"en-US\",\"@id\":\"https:\\\/\\\/tajkertesz.com\\\/#\\\/schema\\\/logo\\\/image\\\/\",\"url\":\"https:\\\/\\\/tajkertesz.com\\\/wp-content\\\/uploads\\\/2018\\\/02\\\/logo-2-e1518678052539.png\",\"contentUrl\":\"https:\\\/\\\/tajkertesz.com\\\/wp-content\\\/uploads\\\/2018\\\/02\\\/logo-2-e1518678052539.png\",\"width\":81,\"height\":140,\"caption\":\"T\u00e1j-Kert\u00e9sz 84 Kft.\"},\"image\":{\"@id\":\"https:\\\/\\\/tajkertesz.com\\\/#\\\/schema\\\/logo\\\/image\\\/\"},\"sameAs\":[\"https:\\\/\\\/www.facebook.com\\\/Tajkertesz\\\/\"]}]}<\/script>\n<!-- \/ Yoast SEO plugin. -->","yoast_head_json":{"title":"Kar\u00e1csonyi dekor\u00e1ci\u00f3s t\u00e1bla kiskocsis 24-2-10 - T\u00e1jkert\u00e9sz","description":"Kar\u00e1csonyi dekor\u00e1ci\u00f3s t\u00e1bla kiskocsis 24-2-10 F\u00f6ldbe sz\u00farhat\u00f3 f\u00e9m dekor\u00e1ci\u00f3s t\u00e1bla, kar\u00e1csonyi feliratokkal d\u00edsz\u00edtve. M\u00e9ret: 70*30*0,5 cm.","robots":{"index":"index","follow":"follow","max-snippet":"max-snippet:-1","max-image-preview":"max-image-preview:large","max-video-preview":"max-video-preview:-1"},"canonical":"https:\/\/tajkertesz.com\/en_US\/product\/karacsonyi-dekoracios-tabla-kiskocsis\/","og_locale":"en_US","og_type":"article","og_title":"Kar\u00e1csonyi dekor\u00e1ci\u00f3s t\u00e1bla kiskocsis 24-2-10 - T\u00e1jkert\u00e9sz","og_description":"Kar\u00e1csonyi dekor\u00e1ci\u00f3s t\u00e1bla kiskocsis 24-2-10 F\u00f6ldbe sz\u00farhat\u00f3 f\u00e9m dekor\u00e1ci\u00f3s t\u00e1bla, kar\u00e1csonyi feliratokkal d\u00edsz\u00edtve. M\u00e9ret: 70*30*0,5 cm.","og_url":"https:\/\/tajkertesz.com\/en_US\/product\/karacsonyi-dekoracios-tabla-kiskocsis\/","og_site_name":"T\u00e1jkert\u00e9sz","article_publisher":"https:\/\/www.facebook.com\/Tajkertesz\/","article_modified_time":"2026-02-18T15:27:04+00:00","og_image":[{"width":406,"height":904,"url":"https:\/\/tajkertesz.com\/wp-content\/uploads\/2022\/11\/24-2-9.jpg","type":"image\/jpeg"}],"twitter_card":"summary_large_image","twitter_misc":{"Est. reading time":"1 minute"},"schema":{"@context":"https:\/\/schema.org","@graph":[{"@type":"WebPage","@id":"https:\/\/tajkertesz.com\/termek\/karacsonyi-dekoracios-tabla-kiskocsis\/","url":"https:\/\/tajkertesz.com\/termek\/karacsonyi-dekoracios-tabla-kiskocsis\/","name":"Kar\u00e1csonyi dekor\u00e1ci\u00f3s t\u00e1bla kiskocsis 24-2-10 - T\u00e1jkert\u00e9sz","isPartOf":{"@id":"https:\/\/tajkertesz.com\/#website"},"primaryImageOfPage":{"@id":"https:\/\/tajkertesz.com\/termek\/karacsonyi-dekoracios-tabla-kiskocsis\/#primaryimage"},"image":{"@id":"https:\/\/tajkertesz.com\/termek\/karacsonyi-dekoracios-tabla-kiskocsis\/#primaryimage"},"thumbnailUrl":"https:\/\/tajkertesz.com\/wp-content\/uploads\/2022\/11\/24-2-9.jpg","datePublished":"2022-11-24T07:46:16+00:00","dateModified":"2026-02-18T15:27:04+00:00","description":"Kar\u00e1csonyi dekor\u00e1ci\u00f3s t\u00e1bla kiskocsis 24-2-10 F\u00f6ldbe sz\u00farhat\u00f3 f\u00e9m dekor\u00e1ci\u00f3s t\u00e1bla, kar\u00e1csonyi feliratokkal d\u00edsz\u00edtve. M\u00e9ret: 70*30*0,5 cm.","breadcrumb":{"@id":"https:\/\/tajkertesz.com\/termek\/karacsonyi-dekoracios-tabla-kiskocsis\/#breadcrumb"},"inLanguage":"en-US","potentialAction":[{"@type":"ReadAction","target":["https:\/\/tajkertesz.com\/termek\/karacsonyi-dekoracios-tabla-kiskocsis\/"]}]},{"@type":"ImageObject","inLanguage":"en-US","@id":"https:\/\/tajkertesz.com\/termek\/karacsonyi-dekoracios-tabla-kiskocsis\/#primaryimage","url":"https:\/\/tajkertesz.com\/wp-content\/uploads\/2022\/11\/24-2-9.jpg","contentUrl":"https:\/\/tajkertesz.com\/wp-content\/uploads\/2022\/11\/24-2-9.jpg","width":406,"height":904},{"@type":"BreadcrumbList","@id":"https:\/\/tajkertesz.com\/termek\/karacsonyi-dekoracios-tabla-kiskocsis\/#breadcrumb","itemListElement":[{"@type":"ListItem","position":1,"name":"Home","item":"https:\/\/tajkertesz.com\/"},{"@type":"ListItem","position":2,"name":"Kezd\u0151lap","item":"https:\/\/tajkertesz.com\/"},{"@type":"ListItem","position":3,"name":"Kar\u00e1csonyi dekor\u00e1ci\u00f3s t\u00e1bla kiskocsis 24-2-10"}]},{"@type":"WebSite","@id":"https:\/\/tajkertesz.com\/#website","url":"https:\/\/tajkertesz.com\/","name":"T\u00e1j-Kert\u00e9sz 84 Kft.","description":"Kert\u00e9szeti kis- \u00e9s nagykeresked\u00e9s, D\u00edszn\u00f6v\u00e9ny web\u00e1ruh\u00e1z orsz\u00e1gos h\u00e1zhozsz\u00e1ll\u00edt\u00e1ssal!","publisher":{"@id":"https:\/\/tajkertesz.com\/#organization"},"potentialAction":[{"@type":"SearchAction","target":{"@type":"EntryPoint","urlTemplate":"https:\/\/tajkertesz.com\/?s={search_term_string}"},"query-input":{"@type":"PropertyValueSpecification","valueRequired":true,"valueName":"search_term_string"}}],"inLanguage":"en-US"},{"@type":"Organization","@id":"https:\/\/tajkertesz.com\/#organization","name":"T\u00e1j-Kert\u00e9sz 84 Kft.","url":"https:\/\/tajkertesz.com\/","logo":{"@type":"ImageObject","inLanguage":"en-US","@id":"https:\/\/tajkertesz.com\/#\/schema\/logo\/image\/","url":"https:\/\/tajkertesz.com\/wp-content\/uploads\/2018\/02\/logo-2-e1518678052539.png","contentUrl":"https:\/\/tajkertesz.com\/wp-content\/uploads\/2018\/02\/logo-2-e1518678052539.png","width":81,"height":140,"caption":"T\u00e1j-Kert\u00e9sz 84 Kft."},"image":{"@id":"https:\/\/tajkertesz.com\/#\/schema\/logo\/image\/"},"sameAs":["https:\/\/www.facebook.com\/Tajkertesz\/"]}]}},"_links":{"self":[{"href":"https:\/\/tajkertesz.com\/en_US\/wp-json\/wp\/v2\/product\/14185","targetHints":{"allow":["GET"]}}],"collection":[{"href":"https:\/\/tajkertesz.com\/en_US\/wp-json\/wp\/v2\/product"}],"about":[{"href":"https:\/\/tajkertesz.com\/en_US\/wp-json\/wp\/v2\/types\/product"}],"wp:featuredmedia":[{"embeddable":true,"href":"https:\/\/tajkertesz.com\/en_US\/wp-json\/wp\/v2\/media\/18625"}],"wp:attachment":[{"href":"https:\/\/tajkertesz.com\/en_US\/wp-json\/wp\/v2\/media?parent=14185"}],"wp:term":[{"taxonomy":"product_brand","embeddable":true,"href":"https:\/\/tajkertesz.com\/en_US\/wp-json\/wp\/v2\/product_brand?post=14185"},{"taxonomy":"product_cat","embeddable":true,"href":"https:\/\/tajkertesz.com\/en_US\/wp-json\/wp\/v2\/product_cat?post=14185"},{"taxonomy":"product_tag","embeddable":true,"href":"https:\/\/tajkertesz.com\/en_US\/wp-json\/wp\/v2\/product_tag?post=14185"}],"curies":[{"name":"wp","href":"https:\/\/api.w.org\/{rel}","templated":true}]}}