{"id":14231,"date":"2022-11-25T13:18:30","date_gmt":"2022-11-25T13:18:30","guid":{"rendered":"https:\/\/tajkertesz.com\/?post_type=product&#038;p=14231"},"modified":"2026-02-18T15:25:00","modified_gmt":"2026-02-18T15:25:00","slug":"favonat-karacsonyi-dekoracio-1-96-24x3x6-cm-feher-arany","status":"publish","type":"product","link":"https:\/\/tajkertesz.com\/en_US\/product\/favonat-karacsonyi-dekoracio-1-96-24x3x6-cm-feher-arany\/","title":{"rendered":"FAVONAT KAR\u00c1CSONYI DEKOR\u00c1CI\u00d3 1\/96 24x3x6 cm FEH\u00c9R-ARANY 25-9-32"},"content":{"rendered":"<h1 class=\"page-head-title product-page-head-title position-relative\">FAVONAT KAR\u00c1CSONYI DEKOR\u00c1CI\u00d3 1\/96 24x3x6 cm FEH\u00c9R-ARANY<\/h1>\n<p>Anyag: f\u00e1b\u00f3l k\u00e9sz\u00fclt term\u00e9kek, k\u00f6rnyezetbar\u00e1t fel\u00fclet \u00e9s kiv\u00e1l\u00f3 kivitelez\u00e9s.<\/p>\n<p>Term\u00e9k le\u00edr\u00e1s technikai r\u00e9szletek: 24X3X6cm<\/p>\n<p>Term\u00e9k Le\u00edr\u00e1s: A\u00a0 kar\u00e1csonya nagyszer\u0171 j\u00e1t\u00e9k \u00e9s aj\u00e1nd\u00e9k gyerekeknek.<\/p>\n<p>Term\u00e9szetes f\u00e1b\u00f3l k\u00e9sz\u00fclt, tart\u00f3s \u00e9s k\u00f6rnyezetbar\u00e1t. Alak\u00edtsa, k\u00fcl\u00f6nlegess\u00e9 az idei kar\u00e1csonyt \u00e9s okozzon sz\u00edvmelenget\u0151 \u00e9lm\u00e9nyt az \u00f6nh\u00f6z k\u00f6zel\u00e1ll\u00f3 emberek sz\u00e1m\u00e1ra, ezzel a Kisvonattal.<\/p>\n<p><b>K\u00e9szlet\u00fcnk napi szinten v\u00e1ltozik, ez\u00e9rt k\u00e9rj\u00fck, \u00e9rdekl\u0151dj\u00f6n szem\u00e9lyesen, telefonon vagy email-en.<\/b><\/p>\n<p><b>A v\u00e1ltoztat\u00e1s jog\u00e1t fenntartjuk!\u00a0<\/b><\/p>\n<p><a href=\"https:\/\/tajkertesz.com\/\">https:\/\/tajkertesz.com\/<\/a><\/p>\n<p><a href=\"https:\/\/www.facebook.com\/tajkertesz\">https:\/\/www.facebook.com\/tajkertesz<\/a><\/p>\n<p>&nbsp;<\/p>","protected":false},"excerpt":{"rendered":"<p>FAVONAT KAR\u00c1CSONYI DEKOR\u00c1CI\u00d3 1\/96 24x3x6 cm FEH\u00c9R-ARANY Anyag: f\u00e1b\u00f3l k\u00e9sz\u00fclt term\u00e9kek, k\u00f6rnyezetbar\u00e1t fel\u00fclet \u00e9s kiv\u00e1l\u00f3 kivitelez\u00e9s. Term\u00e9k le\u00edr\u00e1s technikai r\u00e9szletek: 24X3X6cm Term\u00e9k Le\u00edr\u00e1s: A\u00a0 kar\u00e1csonya nagyszer\u0171 j\u00e1t\u00e9k \u00e9s aj\u00e1nd\u00e9k gyerekeknek. Term\u00e9szetes f\u00e1b\u00f3l k\u00e9sz\u00fclt, tart\u00f3s \u00e9s k\u00f6rnyezetbar\u00e1t. Alak\u00edtsa, k\u00fcl\u00f6nlegess\u00e9 az idei kar\u00e1csonyt \u00e9s okozzon sz\u00edvmelenget\u0151 \u00e9lm\u00e9nyt az \u00f6nh\u00f6z k\u00f6zel\u00e1ll\u00f3 emberek sz\u00e1m\u00e1ra, ezzel a Kisvonattal. K\u00e9szlet\u00fcnk napi [&hellip;]<\/p>\n","protected":false},"featured_media":14232,"template":"","meta":{"_et_pb_use_builder":"","_et_pb_old_content":"","_et_gb_content_width":""},"product_brand":[],"product_cat":[4034],"product_tag":[],"class_list":{"0":"post-14231","1":"product","2":"type-product","3":"status-publish","4":"has-post-thumbnail","6":"product_cat-karacsonyi-diszek-dekorok","8":"first","9":"instock","10":"shipping-taxable","11":"purchasable","12":"product-type-simple"},"yoast_head":"<!-- This site is optimized with the Yoast SEO plugin v27.5 - https:\/\/yoast.com\/product\/yoast-seo-wordpress\/ -->\n<title>FAVONAT KAR\u00c1CSONYI DEKOR\u00c1CI\u00d3 1\/96 24x3x6 cm FEH\u00c9R-ARANY 25-9-32 - T\u00e1jkert\u00e9sz<\/title>\n<meta name=\"description\" content=\"Term\u00e9k le\u00edr\u00e1s technikai r\u00e9szletek: 24X3X6cmTerm\u00e9k Le\u00edr\u00e1s: A\u00a0 kar\u00e1csonya nagyszer\u0171 j\u00e1t\u00e9k \u00e9s aj\u00e1nd\u00e9k gyerekeknek.Term\u00e9szetes f\u00e1b\u00f3l k\u00e9sz\u00fclt, tart\u00f3s.\" \/>\n<meta name=\"robots\" content=\"index, follow, max-snippet:-1, max-image-preview:large, max-video-preview:-1\" \/>\n<link rel=\"canonical\" href=\"https:\/\/tajkertesz.com\/en_US\/product\/favonat-karacsonyi-dekoracio-1-96-24x3x6-cm-feher-arany\/\" \/>\n<meta property=\"og:locale\" content=\"en_US\" \/>\n<meta property=\"og:type\" content=\"article\" \/>\n<meta property=\"og:title\" content=\"FAVONAT KAR\u00c1CSONYI DEKOR\u00c1CI\u00d3 1\/96 24x3x6 cm FEH\u00c9R-ARANY 25-9-32 - T\u00e1jkert\u00e9sz\" \/>\n<meta property=\"og:description\" content=\"Term\u00e9k le\u00edr\u00e1s technikai r\u00e9szletek: 24X3X6cmTerm\u00e9k Le\u00edr\u00e1s: A\u00a0 kar\u00e1csonya nagyszer\u0171 j\u00e1t\u00e9k \u00e9s aj\u00e1nd\u00e9k gyerekeknek.Term\u00e9szetes f\u00e1b\u00f3l k\u00e9sz\u00fclt, tart\u00f3s.\" \/>\n<meta property=\"og:url\" content=\"https:\/\/tajkertesz.com\/en_US\/product\/favonat-karacsonyi-dekoracio-1-96-24x3x6-cm-feher-arany\/\" \/>\n<meta property=\"og:site_name\" content=\"T\u00e1jkert\u00e9sz\" \/>\n<meta property=\"article:publisher\" content=\"https:\/\/www.facebook.com\/Tajkertesz\/\" \/>\n<meta property=\"article:modified_time\" content=\"2026-02-18T15:25:00+00:00\" \/>\n<meta property=\"og:image\" content=\"https:\/\/tajkertesz.com\/wp-content\/uploads\/2022\/11\/20221125_131950-scaled.jpg\" \/>\n\t<meta property=\"og:image:width\" content=\"2396\" \/>\n\t<meta property=\"og:image:height\" content=\"1080\" \/>\n\t<meta property=\"og:image:type\" content=\"image\/jpeg\" \/>\n<meta name=\"twitter:card\" content=\"summary_large_image\" \/>\n<meta name=\"twitter:label1\" content=\"Est. reading time\" \/>\n\t<meta name=\"twitter:data1\" content=\"1 minute\" \/>\n<script type=\"application\/ld+json\" class=\"yoast-schema-graph\">{\"@context\":\"https:\\\/\\\/schema.org\",\"@graph\":[{\"@type\":\"WebPage\",\"@id\":\"https:\\\/\\\/tajkertesz.com\\\/termek\\\/favonat-karacsonyi-dekoracio-1-96-24x3x6-cm-feher-arany\\\/\",\"url\":\"https:\\\/\\\/tajkertesz.com\\\/termek\\\/favonat-karacsonyi-dekoracio-1-96-24x3x6-cm-feher-arany\\\/\",\"name\":\"FAVONAT KAR\u00c1CSONYI DEKOR\u00c1CI\u00d3 1\\\/96 24x3x6 cm FEH\u00c9R-ARANY 25-9-32 - T\u00e1jkert\u00e9sz\",\"isPartOf\":{\"@id\":\"https:\\\/\\\/tajkertesz.com\\\/#website\"},\"primaryImageOfPage\":{\"@id\":\"https:\\\/\\\/tajkertesz.com\\\/termek\\\/favonat-karacsonyi-dekoracio-1-96-24x3x6-cm-feher-arany\\\/#primaryimage\"},\"image\":{\"@id\":\"https:\\\/\\\/tajkertesz.com\\\/termek\\\/favonat-karacsonyi-dekoracio-1-96-24x3x6-cm-feher-arany\\\/#primaryimage\"},\"thumbnailUrl\":\"https:\\\/\\\/tajkertesz.com\\\/wp-content\\\/uploads\\\/2022\\\/11\\\/20221125_131950-scaled.jpg\",\"datePublished\":\"2022-11-25T13:18:30+00:00\",\"dateModified\":\"2026-02-18T15:25:00+00:00\",\"description\":\"Term\u00e9k le\u00edr\u00e1s technikai r\u00e9szletek: 24X3X6cmTerm\u00e9k Le\u00edr\u00e1s: A\u00a0 kar\u00e1csonya nagyszer\u0171 j\u00e1t\u00e9k \u00e9s aj\u00e1nd\u00e9k gyerekeknek.Term\u00e9szetes f\u00e1b\u00f3l k\u00e9sz\u00fclt, tart\u00f3s.\",\"breadcrumb\":{\"@id\":\"https:\\\/\\\/tajkertesz.com\\\/termek\\\/favonat-karacsonyi-dekoracio-1-96-24x3x6-cm-feher-arany\\\/#breadcrumb\"},\"inLanguage\":\"en-US\",\"potentialAction\":[{\"@type\":\"ReadAction\",\"target\":[\"https:\\\/\\\/tajkertesz.com\\\/termek\\\/favonat-karacsonyi-dekoracio-1-96-24x3x6-cm-feher-arany\\\/\"]}]},{\"@type\":\"ImageObject\",\"inLanguage\":\"en-US\",\"@id\":\"https:\\\/\\\/tajkertesz.com\\\/termek\\\/favonat-karacsonyi-dekoracio-1-96-24x3x6-cm-feher-arany\\\/#primaryimage\",\"url\":\"https:\\\/\\\/tajkertesz.com\\\/wp-content\\\/uploads\\\/2022\\\/11\\\/20221125_131950-scaled.jpg\",\"contentUrl\":\"https:\\\/\\\/tajkertesz.com\\\/wp-content\\\/uploads\\\/2022\\\/11\\\/20221125_131950-scaled.jpg\",\"width\":2396,\"height\":1080},{\"@type\":\"BreadcrumbList\",\"@id\":\"https:\\\/\\\/tajkertesz.com\\\/termek\\\/favonat-karacsonyi-dekoracio-1-96-24x3x6-cm-feher-arany\\\/#breadcrumb\",\"itemListElement\":[{\"@type\":\"ListItem\",\"position\":1,\"name\":\"Home\",\"item\":\"https:\\\/\\\/tajkertesz.com\\\/\"},{\"@type\":\"ListItem\",\"position\":2,\"name\":\"Kezd\u0151lap\",\"item\":\"https:\\\/\\\/tajkertesz.com\\\/\"},{\"@type\":\"ListItem\",\"position\":3,\"name\":\"FAVONAT KAR\u00c1CSONYI DEKOR\u00c1CI\u00d3 1\\\/96 24x3x6 cm FEH\u00c9R-ARANY 25-9-32\"}]},{\"@type\":\"WebSite\",\"@id\":\"https:\\\/\\\/tajkertesz.com\\\/#website\",\"url\":\"https:\\\/\\\/tajkertesz.com\\\/\",\"name\":\"T\u00e1j-Kert\u00e9sz 84 Kft.\",\"description\":\"Kert\u00e9szeti kis- \u00e9s nagykeresked\u00e9s, D\u00edszn\u00f6v\u00e9ny web\u00e1ruh\u00e1z orsz\u00e1gos h\u00e1zhozsz\u00e1ll\u00edt\u00e1ssal!\",\"publisher\":{\"@id\":\"https:\\\/\\\/tajkertesz.com\\\/#organization\"},\"potentialAction\":[{\"@type\":\"SearchAction\",\"target\":{\"@type\":\"EntryPoint\",\"urlTemplate\":\"https:\\\/\\\/tajkertesz.com\\\/?s={search_term_string}\"},\"query-input\":{\"@type\":\"PropertyValueSpecification\",\"valueRequired\":true,\"valueName\":\"search_term_string\"}}],\"inLanguage\":\"en-US\"},{\"@type\":\"Organization\",\"@id\":\"https:\\\/\\\/tajkertesz.com\\\/#organization\",\"name\":\"T\u00e1j-Kert\u00e9sz 84 Kft.\",\"url\":\"https:\\\/\\\/tajkertesz.com\\\/\",\"logo\":{\"@type\":\"ImageObject\",\"inLanguage\":\"en-US\",\"@id\":\"https:\\\/\\\/tajkertesz.com\\\/#\\\/schema\\\/logo\\\/image\\\/\",\"url\":\"https:\\\/\\\/tajkertesz.com\\\/wp-content\\\/uploads\\\/2018\\\/02\\\/logo-2-e1518678052539.png\",\"contentUrl\":\"https:\\\/\\\/tajkertesz.com\\\/wp-content\\\/uploads\\\/2018\\\/02\\\/logo-2-e1518678052539.png\",\"width\":81,\"height\":140,\"caption\":\"T\u00e1j-Kert\u00e9sz 84 Kft.\"},\"image\":{\"@id\":\"https:\\\/\\\/tajkertesz.com\\\/#\\\/schema\\\/logo\\\/image\\\/\"},\"sameAs\":[\"https:\\\/\\\/www.facebook.com\\\/Tajkertesz\\\/\"]}]}<\/script>\n<!-- \/ Yoast SEO plugin. -->","yoast_head_json":{"title":"FAVONAT KAR\u00c1CSONYI DEKOR\u00c1CI\u00d3 1\/96 24x3x6 cm FEH\u00c9R-ARANY 25-9-32 - T\u00e1jkert\u00e9sz","description":"Term\u00e9k le\u00edr\u00e1s technikai r\u00e9szletek: 24X3X6cmTerm\u00e9k Le\u00edr\u00e1s: A\u00a0 kar\u00e1csonya nagyszer\u0171 j\u00e1t\u00e9k \u00e9s aj\u00e1nd\u00e9k gyerekeknek.Term\u00e9szetes f\u00e1b\u00f3l k\u00e9sz\u00fclt, tart\u00f3s.","robots":{"index":"index","follow":"follow","max-snippet":"max-snippet:-1","max-image-preview":"max-image-preview:large","max-video-preview":"max-video-preview:-1"},"canonical":"https:\/\/tajkertesz.com\/en_US\/product\/favonat-karacsonyi-dekoracio-1-96-24x3x6-cm-feher-arany\/","og_locale":"en_US","og_type":"article","og_title":"FAVONAT KAR\u00c1CSONYI DEKOR\u00c1CI\u00d3 1\/96 24x3x6 cm FEH\u00c9R-ARANY 25-9-32 - T\u00e1jkert\u00e9sz","og_description":"Term\u00e9k le\u00edr\u00e1s technikai r\u00e9szletek: 24X3X6cmTerm\u00e9k Le\u00edr\u00e1s: A\u00a0 kar\u00e1csonya nagyszer\u0171 j\u00e1t\u00e9k \u00e9s aj\u00e1nd\u00e9k gyerekeknek.Term\u00e9szetes f\u00e1b\u00f3l k\u00e9sz\u00fclt, tart\u00f3s.","og_url":"https:\/\/tajkertesz.com\/en_US\/product\/favonat-karacsonyi-dekoracio-1-96-24x3x6-cm-feher-arany\/","og_site_name":"T\u00e1jkert\u00e9sz","article_publisher":"https:\/\/www.facebook.com\/Tajkertesz\/","article_modified_time":"2026-02-18T15:25:00+00:00","og_image":[{"width":2396,"height":1080,"url":"https:\/\/tajkertesz.com\/wp-content\/uploads\/2022\/11\/20221125_131950-scaled.jpg","type":"image\/jpeg"}],"twitter_card":"summary_large_image","twitter_misc":{"Est. reading time":"1 minute"},"schema":{"@context":"https:\/\/schema.org","@graph":[{"@type":"WebPage","@id":"https:\/\/tajkertesz.com\/termek\/favonat-karacsonyi-dekoracio-1-96-24x3x6-cm-feher-arany\/","url":"https:\/\/tajkertesz.com\/termek\/favonat-karacsonyi-dekoracio-1-96-24x3x6-cm-feher-arany\/","name":"FAVONAT KAR\u00c1CSONYI DEKOR\u00c1CI\u00d3 1\/96 24x3x6 cm FEH\u00c9R-ARANY 25-9-32 - T\u00e1jkert\u00e9sz","isPartOf":{"@id":"https:\/\/tajkertesz.com\/#website"},"primaryImageOfPage":{"@id":"https:\/\/tajkertesz.com\/termek\/favonat-karacsonyi-dekoracio-1-96-24x3x6-cm-feher-arany\/#primaryimage"},"image":{"@id":"https:\/\/tajkertesz.com\/termek\/favonat-karacsonyi-dekoracio-1-96-24x3x6-cm-feher-arany\/#primaryimage"},"thumbnailUrl":"https:\/\/tajkertesz.com\/wp-content\/uploads\/2022\/11\/20221125_131950-scaled.jpg","datePublished":"2022-11-25T13:18:30+00:00","dateModified":"2026-02-18T15:25:00+00:00","description":"Term\u00e9k le\u00edr\u00e1s technikai r\u00e9szletek: 24X3X6cmTerm\u00e9k Le\u00edr\u00e1s: A\u00a0 kar\u00e1csonya nagyszer\u0171 j\u00e1t\u00e9k \u00e9s aj\u00e1nd\u00e9k gyerekeknek.Term\u00e9szetes f\u00e1b\u00f3l k\u00e9sz\u00fclt, tart\u00f3s.","breadcrumb":{"@id":"https:\/\/tajkertesz.com\/termek\/favonat-karacsonyi-dekoracio-1-96-24x3x6-cm-feher-arany\/#breadcrumb"},"inLanguage":"en-US","potentialAction":[{"@type":"ReadAction","target":["https:\/\/tajkertesz.com\/termek\/favonat-karacsonyi-dekoracio-1-96-24x3x6-cm-feher-arany\/"]}]},{"@type":"ImageObject","inLanguage":"en-US","@id":"https:\/\/tajkertesz.com\/termek\/favonat-karacsonyi-dekoracio-1-96-24x3x6-cm-feher-arany\/#primaryimage","url":"https:\/\/tajkertesz.com\/wp-content\/uploads\/2022\/11\/20221125_131950-scaled.jpg","contentUrl":"https:\/\/tajkertesz.com\/wp-content\/uploads\/2022\/11\/20221125_131950-scaled.jpg","width":2396,"height":1080},{"@type":"BreadcrumbList","@id":"https:\/\/tajkertesz.com\/termek\/favonat-karacsonyi-dekoracio-1-96-24x3x6-cm-feher-arany\/#breadcrumb","itemListElement":[{"@type":"ListItem","position":1,"name":"Home","item":"https:\/\/tajkertesz.com\/"},{"@type":"ListItem","position":2,"name":"Kezd\u0151lap","item":"https:\/\/tajkertesz.com\/"},{"@type":"ListItem","position":3,"name":"FAVONAT KAR\u00c1CSONYI DEKOR\u00c1CI\u00d3 1\/96 24x3x6 cm FEH\u00c9R-ARANY 25-9-32"}]},{"@type":"WebSite","@id":"https:\/\/tajkertesz.com\/#website","url":"https:\/\/tajkertesz.com\/","name":"T\u00e1j-Kert\u00e9sz 84 Kft.","description":"Kert\u00e9szeti kis- \u00e9s nagykeresked\u00e9s, D\u00edszn\u00f6v\u00e9ny web\u00e1ruh\u00e1z orsz\u00e1gos h\u00e1zhozsz\u00e1ll\u00edt\u00e1ssal!","publisher":{"@id":"https:\/\/tajkertesz.com\/#organization"},"potentialAction":[{"@type":"SearchAction","target":{"@type":"EntryPoint","urlTemplate":"https:\/\/tajkertesz.com\/?s={search_term_string}"},"query-input":{"@type":"PropertyValueSpecification","valueRequired":true,"valueName":"search_term_string"}}],"inLanguage":"en-US"},{"@type":"Organization","@id":"https:\/\/tajkertesz.com\/#organization","name":"T\u00e1j-Kert\u00e9sz 84 Kft.","url":"https:\/\/tajkertesz.com\/","logo":{"@type":"ImageObject","inLanguage":"en-US","@id":"https:\/\/tajkertesz.com\/#\/schema\/logo\/image\/","url":"https:\/\/tajkertesz.com\/wp-content\/uploads\/2018\/02\/logo-2-e1518678052539.png","contentUrl":"https:\/\/tajkertesz.com\/wp-content\/uploads\/2018\/02\/logo-2-e1518678052539.png","width":81,"height":140,"caption":"T\u00e1j-Kert\u00e9sz 84 Kft."},"image":{"@id":"https:\/\/tajkertesz.com\/#\/schema\/logo\/image\/"},"sameAs":["https:\/\/www.facebook.com\/Tajkertesz\/"]}]}},"_links":{"self":[{"href":"https:\/\/tajkertesz.com\/en_US\/wp-json\/wp\/v2\/product\/14231","targetHints":{"allow":["GET"]}}],"collection":[{"href":"https:\/\/tajkertesz.com\/en_US\/wp-json\/wp\/v2\/product"}],"about":[{"href":"https:\/\/tajkertesz.com\/en_US\/wp-json\/wp\/v2\/types\/product"}],"wp:featuredmedia":[{"embeddable":true,"href":"https:\/\/tajkertesz.com\/en_US\/wp-json\/wp\/v2\/media\/14232"}],"wp:attachment":[{"href":"https:\/\/tajkertesz.com\/en_US\/wp-json\/wp\/v2\/media?parent=14231"}],"wp:term":[{"taxonomy":"product_brand","embeddable":true,"href":"https:\/\/tajkertesz.com\/en_US\/wp-json\/wp\/v2\/product_brand?post=14231"},{"taxonomy":"product_cat","embeddable":true,"href":"https:\/\/tajkertesz.com\/en_US\/wp-json\/wp\/v2\/product_cat?post=14231"},{"taxonomy":"product_tag","embeddable":true,"href":"https:\/\/tajkertesz.com\/en_US\/wp-json\/wp\/v2\/product_tag?post=14231"}],"curies":[{"name":"wp","href":"https:\/\/api.w.org\/{rel}","templated":true}]}}