{"id":14237,"date":"2022-11-25T13:48:11","date_gmt":"2022-11-25T13:48:11","guid":{"rendered":"https:\/\/tajkertesz.com\/?post_type=product&#038;p=14237"},"modified":"2026-02-18T15:24:33","modified_gmt":"2026-02-18T15:24:33","slug":"fenyfuzer-szines-belteri-200-led-16-m","status":"publish","type":"product","link":"https:\/\/tajkertesz.com\/en_US\/product\/fenyfuzer-szines-belteri-200-led-16-m\/","title":{"rendered":"F\u00e9nyf\u00fcz\u00e9r sz\u00ednes belt\u00e9ri, 200 LED, 16 m 25-16-2"},"content":{"rendered":"<h1 class=\"title\" title=\"F\u00e9nyf\u00fcz\u00e9r belt\u00e9ri, 200 LED, 16 m\">F\u00e9nyf\u00fcz\u00e9r belt\u00e9ri, 200 LED, 16 m<\/h1>\n<p>LED-es f\u00e9nyf\u00fcz\u00e9r belt\u00e9ri kivitel. 200db hidegfeh\u00e9r LED. \u00c1ll\u00f3f\u00e9ny\u0171 z\u00f6ld vezet\u00e9k. T\u00e1pell\u00e1t\u00e1s belt\u00e9ri h\u00e1l\u00f3zati adapter.<\/p>\n<p>Gy\u00e1rt\u00f3: Somogyi Electronic.<\/p>\n<p>Sz\u00e1rmaz\u00e1si hely: K\u00edna<\/p>\n<p>200x3V\/0,06w<\/p>\n<p>PRI:230V~\/50Hz\/Sec:31V-\/max3,6W<\/p>\n<div class=\"details__main\">\n<div class=\"row\">\n<div class=\"col-6\">Sz\u00edne:sz\u00ednes<\/div>\n<\/div>\n<div class=\"row\">\n<div class=\"col-6\">Anyaga:m\u0171anyag<\/div>\n<\/div>\n<div class=\"row\">\n<div class=\"col-6\">M\u00e9rete:16 m<\/div>\n<\/div>\n<\/div>\n<div class=\"details__sub\">\n<div class=\"row\">\n<div class=\"col-6\">Cikksz\u00e1m:KII200M<\/div>\n<\/div>\n<div class=\"row\">\n<div class=\"col-6\">Term\u00e9kkateg\u00f3ria:kat. 2<\/div>\n<\/div>\n<div class=\"row\">\n<div class=\"col-6\">Mennyis\u00e9gi egys\u00e9g:db<\/div>\n<\/div>\n<div class=\"row\">\n<div class=\"col-6\"><\/div>\n<\/div>\n<div class=\"row\">\n<div class=\"col-6\">Vonalk\u00f3d:5999084941727<\/div>\n<\/div>\n<div class=\"row\">\n<div class=\"col-6\">S\u00faly:0,3 kg<\/div>\n<\/div>\n<div class=\"row\">\n<div class=\"col-6\">Szezon:Kar\u00e1csony<\/div>\n<\/div>\n<\/div>\n<div><\/div>\n<div>\n<p><b>K\u00e9szlet\u00fcnk napi szinten v\u00e1ltozik, ez\u00e9rt k\u00e9rj\u00fck, \u00e9rdekl\u0151dj\u00f6n szem\u00e9lyesen, telefonon vagy email-en.<\/b><\/p>\n<p><b>A v\u00e1ltoztat\u00e1s jog\u00e1t fenntartjuk!\u00a0<\/b><\/p>\n<p><a href=\"https:\/\/tajkertesz.com\/\">https:\/\/tajkertesz.com\/<\/a><\/p>\n<p><a href=\"https:\/\/www.facebook.com\/tajkertesz\">https:\/\/www.facebook.com\/tajkertesz<\/a><\/p>\n<\/div>\n<div class=\"details__sub\">\n<div class=\"row\">\n<div><\/div>\n<\/div>\n<\/div>","protected":false},"excerpt":{"rendered":"<p>F\u00e9nyf\u00fcz\u00e9r belt\u00e9ri, 200 LED, 16 m LED-es f\u00e9nyf\u00fcz\u00e9r belt\u00e9ri kivitel. 200db hidegfeh\u00e9r LED. \u00c1ll\u00f3f\u00e9ny\u0171 z\u00f6ld vezet\u00e9k. T\u00e1pell\u00e1t\u00e1s belt\u00e9ri h\u00e1l\u00f3zati adapter. Gy\u00e1rt\u00f3: Somogyi Electronic. Sz\u00e1rmaz\u00e1si hely: K\u00edna 200x3V\/0,06w PRI:230V~\/50Hz\/Sec:31V-\/max3,6W Sz\u00edne:sz\u00ednes Anyaga:m\u0171anyag M\u00e9rete:16 m Cikksz\u00e1m:KII200M Term\u00e9kkateg\u00f3ria:kat. 2 Mennyis\u00e9gi egys\u00e9g:db Vonalk\u00f3d:5999084941727 S\u00faly:0,3 kg Szezon:Kar\u00e1csony K\u00e9szlet\u00fcnk napi szinten v\u00e1ltozik, ez\u00e9rt k\u00e9rj\u00fck, \u00e9rdekl\u0151dj\u00f6n szem\u00e9lyesen, telefonon vagy email-en. A v\u00e1ltoztat\u00e1s jog\u00e1t [&hellip;]<\/p>\n","protected":false},"featured_media":14238,"template":"","meta":{"_et_pb_use_builder":"","_et_pb_old_content":"","_et_gb_content_width":""},"product_brand":[],"product_cat":[4035],"product_tag":[4655,4654],"class_list":{"0":"post-14237","1":"product","2":"type-product","3":"status-publish","4":"has-post-thumbnail","6":"product_cat-led-es-karacsonyi-fenyfuzerek","7":"product_tag-24-16-2","8":"product_tag-szines","10":"first","11":"instock","12":"shipping-taxable","13":"purchasable","14":"product-type-simple"},"yoast_head":"<!-- This site is optimized with the Yoast SEO plugin v27.4 - https:\/\/yoast.com\/product\/yoast-seo-wordpress\/ -->\n<title>F\u00e9nyf\u00fcz\u00e9r sz\u00ednes belt\u00e9ri, 200 LED, 16 m 25-16-2 - T\u00e1jkert\u00e9sz<\/title>\n<meta name=\"description\" content=\"F\u00e9nyf\u00fcz\u00e9r belt\u00e9ri, 200 LED, 16 mLED-es f\u00e9nyf\u00fcz\u00e9r belt\u00e9ri kivitel. 200db sz\u00ednes LED. \u00c1ll\u00f3f\u00e9ny\u0171 z\u00f6ld vezet\u00e9k. T\u00e1pell\u00e1t\u00e1s belt\u00e9ri h\u00e1l\u00f3zati adapter.\" \/>\n<meta name=\"robots\" content=\"index, follow, max-snippet:-1, max-image-preview:large, max-video-preview:-1\" \/>\n<link rel=\"canonical\" href=\"https:\/\/tajkertesz.com\/en_US\/product\/fenyfuzer-szines-belteri-200-led-16-m\/\" \/>\n<meta property=\"og:locale\" content=\"en_US\" \/>\n<meta property=\"og:type\" content=\"article\" \/>\n<meta property=\"og:title\" content=\"F\u00e9nyf\u00fcz\u00e9r sz\u00ednes belt\u00e9ri, 200 LED, 16 m 25-16-2 - T\u00e1jkert\u00e9sz\" \/>\n<meta property=\"og:description\" content=\"F\u00e9nyf\u00fcz\u00e9r belt\u00e9ri, 200 LED, 16 mLED-es f\u00e9nyf\u00fcz\u00e9r belt\u00e9ri kivitel. 200db sz\u00ednes LED. \u00c1ll\u00f3f\u00e9ny\u0171 z\u00f6ld vezet\u00e9k. T\u00e1pell\u00e1t\u00e1s belt\u00e9ri h\u00e1l\u00f3zati adapter.\" \/>\n<meta property=\"og:url\" content=\"https:\/\/tajkertesz.com\/en_US\/product\/fenyfuzer-szines-belteri-200-led-16-m\/\" \/>\n<meta property=\"og:site_name\" content=\"T\u00e1jkert\u00e9sz\" \/>\n<meta property=\"article:publisher\" content=\"https:\/\/www.facebook.com\/Tajkertesz\/\" \/>\n<meta property=\"article:modified_time\" content=\"2026-02-18T15:24:33+00:00\" \/>\n<meta property=\"og:image\" content=\"https:\/\/tajkertesz.com\/wp-content\/uploads\/2022\/11\/LED-es_fenyfuzer_szines_belteri-i556320.jpg\" \/>\n\t<meta property=\"og:image:width\" content=\"640\" \/>\n\t<meta property=\"og:image:height\" content=\"256\" \/>\n\t<meta property=\"og:image:type\" content=\"image\/jpeg\" \/>\n<meta name=\"twitter:card\" content=\"summary_large_image\" \/>\n<meta name=\"twitter:label1\" content=\"Est. reading time\" \/>\n\t<meta name=\"twitter:data1\" content=\"1 minute\" \/>\n<script type=\"application\/ld+json\" class=\"yoast-schema-graph\">{\"@context\":\"https:\\\/\\\/schema.org\",\"@graph\":[{\"@type\":\"WebPage\",\"@id\":\"https:\\\/\\\/tajkertesz.com\\\/termek\\\/fenyfuzer-szines-belteri-200-led-16-m\\\/\",\"url\":\"https:\\\/\\\/tajkertesz.com\\\/termek\\\/fenyfuzer-szines-belteri-200-led-16-m\\\/\",\"name\":\"F\u00e9nyf\u00fcz\u00e9r sz\u00ednes belt\u00e9ri, 200 LED, 16 m 25-16-2 - T\u00e1jkert\u00e9sz\",\"isPartOf\":{\"@id\":\"https:\\\/\\\/tajkertesz.com\\\/#website\"},\"primaryImageOfPage\":{\"@id\":\"https:\\\/\\\/tajkertesz.com\\\/termek\\\/fenyfuzer-szines-belteri-200-led-16-m\\\/#primaryimage\"},\"image\":{\"@id\":\"https:\\\/\\\/tajkertesz.com\\\/termek\\\/fenyfuzer-szines-belteri-200-led-16-m\\\/#primaryimage\"},\"thumbnailUrl\":\"https:\\\/\\\/tajkertesz.com\\\/wp-content\\\/uploads\\\/2022\\\/11\\\/LED-es_fenyfuzer_szines_belteri-i556320.jpg\",\"datePublished\":\"2022-11-25T13:48:11+00:00\",\"dateModified\":\"2026-02-18T15:24:33+00:00\",\"description\":\"F\u00e9nyf\u00fcz\u00e9r belt\u00e9ri, 200 LED, 16 mLED-es f\u00e9nyf\u00fcz\u00e9r belt\u00e9ri kivitel. 200db sz\u00ednes LED. \u00c1ll\u00f3f\u00e9ny\u0171 z\u00f6ld vezet\u00e9k. T\u00e1pell\u00e1t\u00e1s belt\u00e9ri h\u00e1l\u00f3zati adapter.\",\"breadcrumb\":{\"@id\":\"https:\\\/\\\/tajkertesz.com\\\/termek\\\/fenyfuzer-szines-belteri-200-led-16-m\\\/#breadcrumb\"},\"inLanguage\":\"en-US\",\"potentialAction\":[{\"@type\":\"ReadAction\",\"target\":[\"https:\\\/\\\/tajkertesz.com\\\/termek\\\/fenyfuzer-szines-belteri-200-led-16-m\\\/\"]}]},{\"@type\":\"ImageObject\",\"inLanguage\":\"en-US\",\"@id\":\"https:\\\/\\\/tajkertesz.com\\\/termek\\\/fenyfuzer-szines-belteri-200-led-16-m\\\/#primaryimage\",\"url\":\"https:\\\/\\\/tajkertesz.com\\\/wp-content\\\/uploads\\\/2022\\\/11\\\/LED-es_fenyfuzer_szines_belteri-i556320.jpg\",\"contentUrl\":\"https:\\\/\\\/tajkertesz.com\\\/wp-content\\\/uploads\\\/2022\\\/11\\\/LED-es_fenyfuzer_szines_belteri-i556320.jpg\",\"width\":640,\"height\":256},{\"@type\":\"BreadcrumbList\",\"@id\":\"https:\\\/\\\/tajkertesz.com\\\/termek\\\/fenyfuzer-szines-belteri-200-led-16-m\\\/#breadcrumb\",\"itemListElement\":[{\"@type\":\"ListItem\",\"position\":1,\"name\":\"Home\",\"item\":\"https:\\\/\\\/tajkertesz.com\\\/\"},{\"@type\":\"ListItem\",\"position\":2,\"name\":\"Kezd\u0151lap\",\"item\":\"https:\\\/\\\/tajkertesz.com\\\/\"},{\"@type\":\"ListItem\",\"position\":3,\"name\":\"F\u00e9nyf\u00fcz\u00e9r sz\u00ednes belt\u00e9ri, 200 LED, 16 m 25-16-2\"}]},{\"@type\":\"WebSite\",\"@id\":\"https:\\\/\\\/tajkertesz.com\\\/#website\",\"url\":\"https:\\\/\\\/tajkertesz.com\\\/\",\"name\":\"T\u00e1j-Kert\u00e9sz 84 Kft.\",\"description\":\"Kert\u00e9szeti kis- \u00e9s nagykeresked\u00e9s, D\u00edszn\u00f6v\u00e9ny web\u00e1ruh\u00e1z orsz\u00e1gos h\u00e1zhozsz\u00e1ll\u00edt\u00e1ssal!\",\"publisher\":{\"@id\":\"https:\\\/\\\/tajkertesz.com\\\/#organization\"},\"potentialAction\":[{\"@type\":\"SearchAction\",\"target\":{\"@type\":\"EntryPoint\",\"urlTemplate\":\"https:\\\/\\\/tajkertesz.com\\\/?s={search_term_string}\"},\"query-input\":{\"@type\":\"PropertyValueSpecification\",\"valueRequired\":true,\"valueName\":\"search_term_string\"}}],\"inLanguage\":\"en-US\"},{\"@type\":\"Organization\",\"@id\":\"https:\\\/\\\/tajkertesz.com\\\/#organization\",\"name\":\"T\u00e1j-Kert\u00e9sz 84 Kft.\",\"url\":\"https:\\\/\\\/tajkertesz.com\\\/\",\"logo\":{\"@type\":\"ImageObject\",\"inLanguage\":\"en-US\",\"@id\":\"https:\\\/\\\/tajkertesz.com\\\/#\\\/schema\\\/logo\\\/image\\\/\",\"url\":\"https:\\\/\\\/tajkertesz.com\\\/wp-content\\\/uploads\\\/2018\\\/02\\\/logo-2-e1518678052539.png\",\"contentUrl\":\"https:\\\/\\\/tajkertesz.com\\\/wp-content\\\/uploads\\\/2018\\\/02\\\/logo-2-e1518678052539.png\",\"width\":81,\"height\":140,\"caption\":\"T\u00e1j-Kert\u00e9sz 84 Kft.\"},\"image\":{\"@id\":\"https:\\\/\\\/tajkertesz.com\\\/#\\\/schema\\\/logo\\\/image\\\/\"},\"sameAs\":[\"https:\\\/\\\/www.facebook.com\\\/Tajkertesz\\\/\"]}]}<\/script>\n<!-- \/ Yoast SEO plugin. -->","yoast_head_json":{"title":"F\u00e9nyf\u00fcz\u00e9r sz\u00ednes belt\u00e9ri, 200 LED, 16 m 25-16-2 - T\u00e1jkert\u00e9sz","description":"F\u00e9nyf\u00fcz\u00e9r belt\u00e9ri, 200 LED, 16 mLED-es f\u00e9nyf\u00fcz\u00e9r belt\u00e9ri kivitel. 200db sz\u00ednes LED. \u00c1ll\u00f3f\u00e9ny\u0171 z\u00f6ld vezet\u00e9k. T\u00e1pell\u00e1t\u00e1s belt\u00e9ri h\u00e1l\u00f3zati adapter.","robots":{"index":"index","follow":"follow","max-snippet":"max-snippet:-1","max-image-preview":"max-image-preview:large","max-video-preview":"max-video-preview:-1"},"canonical":"https:\/\/tajkertesz.com\/en_US\/product\/fenyfuzer-szines-belteri-200-led-16-m\/","og_locale":"en_US","og_type":"article","og_title":"F\u00e9nyf\u00fcz\u00e9r sz\u00ednes belt\u00e9ri, 200 LED, 16 m 25-16-2 - T\u00e1jkert\u00e9sz","og_description":"F\u00e9nyf\u00fcz\u00e9r belt\u00e9ri, 200 LED, 16 mLED-es f\u00e9nyf\u00fcz\u00e9r belt\u00e9ri kivitel. 200db sz\u00ednes LED. \u00c1ll\u00f3f\u00e9ny\u0171 z\u00f6ld vezet\u00e9k. T\u00e1pell\u00e1t\u00e1s belt\u00e9ri h\u00e1l\u00f3zati adapter.","og_url":"https:\/\/tajkertesz.com\/en_US\/product\/fenyfuzer-szines-belteri-200-led-16-m\/","og_site_name":"T\u00e1jkert\u00e9sz","article_publisher":"https:\/\/www.facebook.com\/Tajkertesz\/","article_modified_time":"2026-02-18T15:24:33+00:00","og_image":[{"width":640,"height":256,"url":"https:\/\/tajkertesz.com\/wp-content\/uploads\/2022\/11\/LED-es_fenyfuzer_szines_belteri-i556320.jpg","type":"image\/jpeg"}],"twitter_card":"summary_large_image","twitter_misc":{"Est. reading time":"1 minute"},"schema":{"@context":"https:\/\/schema.org","@graph":[{"@type":"WebPage","@id":"https:\/\/tajkertesz.com\/termek\/fenyfuzer-szines-belteri-200-led-16-m\/","url":"https:\/\/tajkertesz.com\/termek\/fenyfuzer-szines-belteri-200-led-16-m\/","name":"F\u00e9nyf\u00fcz\u00e9r sz\u00ednes belt\u00e9ri, 200 LED, 16 m 25-16-2 - T\u00e1jkert\u00e9sz","isPartOf":{"@id":"https:\/\/tajkertesz.com\/#website"},"primaryImageOfPage":{"@id":"https:\/\/tajkertesz.com\/termek\/fenyfuzer-szines-belteri-200-led-16-m\/#primaryimage"},"image":{"@id":"https:\/\/tajkertesz.com\/termek\/fenyfuzer-szines-belteri-200-led-16-m\/#primaryimage"},"thumbnailUrl":"https:\/\/tajkertesz.com\/wp-content\/uploads\/2022\/11\/LED-es_fenyfuzer_szines_belteri-i556320.jpg","datePublished":"2022-11-25T13:48:11+00:00","dateModified":"2026-02-18T15:24:33+00:00","description":"F\u00e9nyf\u00fcz\u00e9r belt\u00e9ri, 200 LED, 16 mLED-es f\u00e9nyf\u00fcz\u00e9r belt\u00e9ri kivitel. 200db sz\u00ednes LED. \u00c1ll\u00f3f\u00e9ny\u0171 z\u00f6ld vezet\u00e9k. T\u00e1pell\u00e1t\u00e1s belt\u00e9ri h\u00e1l\u00f3zati adapter.","breadcrumb":{"@id":"https:\/\/tajkertesz.com\/termek\/fenyfuzer-szines-belteri-200-led-16-m\/#breadcrumb"},"inLanguage":"en-US","potentialAction":[{"@type":"ReadAction","target":["https:\/\/tajkertesz.com\/termek\/fenyfuzer-szines-belteri-200-led-16-m\/"]}]},{"@type":"ImageObject","inLanguage":"en-US","@id":"https:\/\/tajkertesz.com\/termek\/fenyfuzer-szines-belteri-200-led-16-m\/#primaryimage","url":"https:\/\/tajkertesz.com\/wp-content\/uploads\/2022\/11\/LED-es_fenyfuzer_szines_belteri-i556320.jpg","contentUrl":"https:\/\/tajkertesz.com\/wp-content\/uploads\/2022\/11\/LED-es_fenyfuzer_szines_belteri-i556320.jpg","width":640,"height":256},{"@type":"BreadcrumbList","@id":"https:\/\/tajkertesz.com\/termek\/fenyfuzer-szines-belteri-200-led-16-m\/#breadcrumb","itemListElement":[{"@type":"ListItem","position":1,"name":"Home","item":"https:\/\/tajkertesz.com\/"},{"@type":"ListItem","position":2,"name":"Kezd\u0151lap","item":"https:\/\/tajkertesz.com\/"},{"@type":"ListItem","position":3,"name":"F\u00e9nyf\u00fcz\u00e9r sz\u00ednes belt\u00e9ri, 200 LED, 16 m 25-16-2"}]},{"@type":"WebSite","@id":"https:\/\/tajkertesz.com\/#website","url":"https:\/\/tajkertesz.com\/","name":"T\u00e1j-Kert\u00e9sz 84 Kft.","description":"Kert\u00e9szeti kis- \u00e9s nagykeresked\u00e9s, D\u00edszn\u00f6v\u00e9ny web\u00e1ruh\u00e1z orsz\u00e1gos h\u00e1zhozsz\u00e1ll\u00edt\u00e1ssal!","publisher":{"@id":"https:\/\/tajkertesz.com\/#organization"},"potentialAction":[{"@type":"SearchAction","target":{"@type":"EntryPoint","urlTemplate":"https:\/\/tajkertesz.com\/?s={search_term_string}"},"query-input":{"@type":"PropertyValueSpecification","valueRequired":true,"valueName":"search_term_string"}}],"inLanguage":"en-US"},{"@type":"Organization","@id":"https:\/\/tajkertesz.com\/#organization","name":"T\u00e1j-Kert\u00e9sz 84 Kft.","url":"https:\/\/tajkertesz.com\/","logo":{"@type":"ImageObject","inLanguage":"en-US","@id":"https:\/\/tajkertesz.com\/#\/schema\/logo\/image\/","url":"https:\/\/tajkertesz.com\/wp-content\/uploads\/2018\/02\/logo-2-e1518678052539.png","contentUrl":"https:\/\/tajkertesz.com\/wp-content\/uploads\/2018\/02\/logo-2-e1518678052539.png","width":81,"height":140,"caption":"T\u00e1j-Kert\u00e9sz 84 Kft."},"image":{"@id":"https:\/\/tajkertesz.com\/#\/schema\/logo\/image\/"},"sameAs":["https:\/\/www.facebook.com\/Tajkertesz\/"]}]}},"_links":{"self":[{"href":"https:\/\/tajkertesz.com\/en_US\/wp-json\/wp\/v2\/product\/14237","targetHints":{"allow":["GET"]}}],"collection":[{"href":"https:\/\/tajkertesz.com\/en_US\/wp-json\/wp\/v2\/product"}],"about":[{"href":"https:\/\/tajkertesz.com\/en_US\/wp-json\/wp\/v2\/types\/product"}],"wp:featuredmedia":[{"embeddable":true,"href":"https:\/\/tajkertesz.com\/en_US\/wp-json\/wp\/v2\/media\/14238"}],"wp:attachment":[{"href":"https:\/\/tajkertesz.com\/en_US\/wp-json\/wp\/v2\/media?parent=14237"}],"wp:term":[{"taxonomy":"product_brand","embeddable":true,"href":"https:\/\/tajkertesz.com\/en_US\/wp-json\/wp\/v2\/product_brand?post=14237"},{"taxonomy":"product_cat","embeddable":true,"href":"https:\/\/tajkertesz.com\/en_US\/wp-json\/wp\/v2\/product_cat?post=14237"},{"taxonomy":"product_tag","embeddable":true,"href":"https:\/\/tajkertesz.com\/en_US\/wp-json\/wp\/v2\/product_tag?post=14237"}],"curies":[{"name":"wp","href":"https:\/\/api.w.org\/{rel}","templated":true}]}}