{"id":14256,"date":"2022-11-25T14:43:54","date_gmt":"2022-11-25T14:43:54","guid":{"rendered":"https:\/\/tajkertesz.com\/?post_type=product&#038;p=14256"},"modified":"2026-02-18T15:25:44","modified_gmt":"2026-02-18T15:25:44","slug":"halozati-adapter-fenyfuzerekhez-31-v-dc-12-w-ip-44","status":"publish","type":"product","link":"https:\/\/tajkertesz.com\/en_US\/product\/halozati-adapter-fenyfuzerekhez-31-v-dc-12-w-ip-44\/","title":{"rendered":"H\u00e1l\u00f3zati adapter f\u00e9nyf\u00fcz\u00e9rekhez 31 V DC\/12 W, IP 44 25-16-7"},"content":{"rendered":"<h1 class=\"title\" title=\"H\u00e1l\u00f3zati adapter f\u00e9nyf\u00fcz\u00e9rekhez 31 V DC\/12 W, IP 44\">H\u00e1l\u00f3zati adapter f\u00e9nyf\u00fcz\u00e9rekhez 31 V DC\/12 W, IP 44<\/h1>\n<p>LED-es f\u00e9nyf\u00fcz\u00e9rekhez! IP44, fr\u00f6ccsen\u0151 v\u00edz ellen v\u00e9dett.<\/p>\n<p>K\u00f6zvetlen\u00fcl kiz\u00e1r\u00f3lag a Somogyi Elektronic \u00e1ltal forgalmazott DLC 5M t\u00e1pk\u00e1belhez csatlakoztathat\u00f3!<\/p>\n<div class=\"details__main\">\n<div class=\"row\">\n<div class=\"col-6\">Sz\u00edne:fekete<\/div>\n<\/div>\n<div class=\"row\">\n<div class=\"col-6\">Anyaga:m\u0171anyag<\/div>\n<\/div>\n<\/div>\n<div class=\"details__sub\">\n<div class=\"row\">\n<div class=\"col-6\">Cikksz\u00e1m:DLA12W<\/div>\n<\/div>\n<div class=\"row\">\n<div class=\"col-6\">Term\u00e9kkateg\u00f3ria:kat. 2<\/div>\n<\/div>\n<div class=\"row\">\n<div class=\"col-6\">Mennyis\u00e9gi egys\u00e9g:db<\/div>\n<\/div>\n<div class=\"row\">\n<div class=\"col-6\"><\/div>\n<\/div>\n<div class=\"row\">\n<div class=\"col-6\">Vonalk\u00f3d:5999084926823<\/div>\n<\/div>\n<div class=\"row\">\n<div class=\"col-6\">S\u00faly:0,1 kg<\/div>\n<\/div>\n<div class=\"row\">\n<div class=\"col-6\">Szezon:Kar\u00e1csony<\/div>\n<\/div>\n<\/div>\n<div><\/div>\n<div>\n<p><b>K\u00e9szlet\u00fcnk napi szinten v\u00e1ltozik, ez\u00e9rt k\u00e9rj\u00fck, \u00e9rdekl\u0151dj\u00f6n szem\u00e9lyesen, telefonon vagy email-en.<\/b><\/p>\n<p><b>A v\u00e1ltoztat\u00e1s jog\u00e1t fenntartjuk!\u00a0<\/b><\/p>\n<p><a href=\"https:\/\/tajkertesz.com\/\">https:\/\/tajkertesz.com\/<\/a><\/p>\n<p><a href=\"https:\/\/www.facebook.com\/tajkertesz\">https:\/\/www.facebook.com\/tajkertesz<\/a><\/p>\n<\/div>\n<div class=\"details__sub\">\n<div class=\"row\">\n<div><\/div>\n<\/div>\n<\/div>","protected":false},"excerpt":{"rendered":"<p>H\u00e1l\u00f3zati adapter f\u00e9nyf\u00fcz\u00e9rekhez 31 V DC\/12 W, IP 44 LED-es f\u00e9nyf\u00fcz\u00e9rekhez! IP44, fr\u00f6ccsen\u0151 v\u00edz ellen v\u00e9dett. K\u00f6zvetlen\u00fcl kiz\u00e1r\u00f3lag a Somogyi Elektronic \u00e1ltal forgalmazott DLC 5M t\u00e1pk\u00e1belhez csatlakoztathat\u00f3! Sz\u00edne:fekete Anyaga:m\u0171anyag Cikksz\u00e1m:DLA12W Term\u00e9kkateg\u00f3ria:kat. 2 Mennyis\u00e9gi egys\u00e9g:db Vonalk\u00f3d:5999084926823 S\u00faly:0,1 kg Szezon:Kar\u00e1csony K\u00e9szlet\u00fcnk napi szinten v\u00e1ltozik, ez\u00e9rt k\u00e9rj\u00fck, \u00e9rdekl\u0151dj\u00f6n szem\u00e9lyesen, telefonon vagy email-en. A v\u00e1ltoztat\u00e1s jog\u00e1t fenntartjuk!\u00a0 https:\/\/tajkertesz.com\/ https:\/\/www.facebook.com\/tajkertesz<\/p>","protected":false},"featured_media":14257,"template":"","meta":{"_et_pb_use_builder":"","_et_pb_old_content":"","_et_gb_content_width":""},"product_brand":[],"product_cat":[4035],"product_tag":[],"class_list":{"0":"post-14256","1":"product","2":"type-product","3":"status-publish","4":"has-post-thumbnail","6":"product_cat-led-es-karacsonyi-fenyfuzerek","8":"first","9":"instock","10":"shipping-taxable","11":"purchasable","12":"product-type-simple"},"yoast_head":"<!-- This site is optimized with the Yoast SEO plugin v27.4 - https:\/\/yoast.com\/product\/yoast-seo-wordpress\/ -->\n<title>H\u00e1l\u00f3zati adapter f\u00e9nyf\u00fcz\u00e9rekhez 31 V DC\/12 W, IP 44 25-16-7 - T\u00e1jkert\u00e9sz<\/title>\n<meta name=\"description\" content=\"H\u00e1l\u00f3zati adapter f\u00e9nyf\u00fcz\u00e9rekhez 31 V DC\/12 W, IP 44LED.K\u00f6zvetlen\u00fcl kiz\u00e1r\u00f3lag a Somogyi Elektronic \u00e1ltal forgalmazott DLC 5M t\u00e1pk\u00e1belhez csatlakoztathat\u00f3!\" \/>\n<meta name=\"robots\" content=\"index, follow, max-snippet:-1, max-image-preview:large, max-video-preview:-1\" \/>\n<link rel=\"canonical\" href=\"https:\/\/tajkertesz.com\/en_US\/product\/halozati-adapter-fenyfuzerekhez-31-v-dc-12-w-ip-44\/\" \/>\n<meta property=\"og:locale\" content=\"en_US\" \/>\n<meta property=\"og:type\" content=\"article\" \/>\n<meta property=\"og:title\" content=\"H\u00e1l\u00f3zati adapter f\u00e9nyf\u00fcz\u00e9rekhez 31 V DC\/12 W, IP 44 25-16-7 - T\u00e1jkert\u00e9sz\" \/>\n<meta property=\"og:description\" content=\"H\u00e1l\u00f3zati adapter f\u00e9nyf\u00fcz\u00e9rekhez 31 V DC\/12 W, IP 44LED.K\u00f6zvetlen\u00fcl kiz\u00e1r\u00f3lag a Somogyi Elektronic \u00e1ltal forgalmazott DLC 5M t\u00e1pk\u00e1belhez csatlakoztathat\u00f3!\" \/>\n<meta property=\"og:url\" content=\"https:\/\/tajkertesz.com\/en_US\/product\/halozati-adapter-fenyfuzerekhez-31-v-dc-12-w-ip-44\/\" \/>\n<meta property=\"og:site_name\" content=\"T\u00e1jkert\u00e9sz\" \/>\n<meta property=\"article:publisher\" content=\"https:\/\/www.facebook.com\/Tajkertesz\/\" \/>\n<meta property=\"article:modified_time\" content=\"2026-02-18T15:25:44+00:00\" \/>\n<meta property=\"og:image\" content=\"https:\/\/tajkertesz.com\/wp-content\/uploads\/2022\/11\/20221125_153737-scaled.jpg\" \/>\n\t<meta property=\"og:image:width\" content=\"1920\" \/>\n\t<meta property=\"og:image:height\" content=\"1166\" \/>\n\t<meta property=\"og:image:type\" content=\"image\/jpeg\" \/>\n<meta name=\"twitter:card\" content=\"summary_large_image\" \/>\n<meta name=\"twitter:label1\" content=\"Est. reading time\" \/>\n\t<meta name=\"twitter:data1\" content=\"1 minute\" \/>\n<script type=\"application\/ld+json\" class=\"yoast-schema-graph\">{\"@context\":\"https:\\\/\\\/schema.org\",\"@graph\":[{\"@type\":\"WebPage\",\"@id\":\"https:\\\/\\\/tajkertesz.com\\\/termek\\\/halozati-adapter-fenyfuzerekhez-31-v-dc-12-w-ip-44\\\/\",\"url\":\"https:\\\/\\\/tajkertesz.com\\\/termek\\\/halozati-adapter-fenyfuzerekhez-31-v-dc-12-w-ip-44\\\/\",\"name\":\"H\u00e1l\u00f3zati adapter f\u00e9nyf\u00fcz\u00e9rekhez 31 V DC\\\/12 W, IP 44 25-16-7 - T\u00e1jkert\u00e9sz\",\"isPartOf\":{\"@id\":\"https:\\\/\\\/tajkertesz.com\\\/#website\"},\"primaryImageOfPage\":{\"@id\":\"https:\\\/\\\/tajkertesz.com\\\/termek\\\/halozati-adapter-fenyfuzerekhez-31-v-dc-12-w-ip-44\\\/#primaryimage\"},\"image\":{\"@id\":\"https:\\\/\\\/tajkertesz.com\\\/termek\\\/halozati-adapter-fenyfuzerekhez-31-v-dc-12-w-ip-44\\\/#primaryimage\"},\"thumbnailUrl\":\"https:\\\/\\\/tajkertesz.com\\\/wp-content\\\/uploads\\\/2022\\\/11\\\/20221125_153737-scaled.jpg\",\"datePublished\":\"2022-11-25T14:43:54+00:00\",\"dateModified\":\"2026-02-18T15:25:44+00:00\",\"description\":\"H\u00e1l\u00f3zati adapter f\u00e9nyf\u00fcz\u00e9rekhez 31 V DC\\\/12 W, IP 44LED.K\u00f6zvetlen\u00fcl kiz\u00e1r\u00f3lag a Somogyi Elektronic \u00e1ltal forgalmazott DLC 5M t\u00e1pk\u00e1belhez csatlakoztathat\u00f3!\",\"breadcrumb\":{\"@id\":\"https:\\\/\\\/tajkertesz.com\\\/termek\\\/halozati-adapter-fenyfuzerekhez-31-v-dc-12-w-ip-44\\\/#breadcrumb\"},\"inLanguage\":\"en-US\",\"potentialAction\":[{\"@type\":\"ReadAction\",\"target\":[\"https:\\\/\\\/tajkertesz.com\\\/termek\\\/halozati-adapter-fenyfuzerekhez-31-v-dc-12-w-ip-44\\\/\"]}]},{\"@type\":\"ImageObject\",\"inLanguage\":\"en-US\",\"@id\":\"https:\\\/\\\/tajkertesz.com\\\/termek\\\/halozati-adapter-fenyfuzerekhez-31-v-dc-12-w-ip-44\\\/#primaryimage\",\"url\":\"https:\\\/\\\/tajkertesz.com\\\/wp-content\\\/uploads\\\/2022\\\/11\\\/20221125_153737-scaled.jpg\",\"contentUrl\":\"https:\\\/\\\/tajkertesz.com\\\/wp-content\\\/uploads\\\/2022\\\/11\\\/20221125_153737-scaled.jpg\",\"width\":1920,\"height\":1166},{\"@type\":\"BreadcrumbList\",\"@id\":\"https:\\\/\\\/tajkertesz.com\\\/termek\\\/halozati-adapter-fenyfuzerekhez-31-v-dc-12-w-ip-44\\\/#breadcrumb\",\"itemListElement\":[{\"@type\":\"ListItem\",\"position\":1,\"name\":\"Home\",\"item\":\"https:\\\/\\\/tajkertesz.com\\\/\"},{\"@type\":\"ListItem\",\"position\":2,\"name\":\"Kezd\u0151lap\",\"item\":\"https:\\\/\\\/tajkertesz.com\\\/\"},{\"@type\":\"ListItem\",\"position\":3,\"name\":\"H\u00e1l\u00f3zati adapter f\u00e9nyf\u00fcz\u00e9rekhez 31 V DC\\\/12 W, IP 44 25-16-7\"}]},{\"@type\":\"WebSite\",\"@id\":\"https:\\\/\\\/tajkertesz.com\\\/#website\",\"url\":\"https:\\\/\\\/tajkertesz.com\\\/\",\"name\":\"T\u00e1j-Kert\u00e9sz 84 Kft.\",\"description\":\"Kert\u00e9szeti kis- \u00e9s nagykeresked\u00e9s, D\u00edszn\u00f6v\u00e9ny web\u00e1ruh\u00e1z orsz\u00e1gos h\u00e1zhozsz\u00e1ll\u00edt\u00e1ssal!\",\"publisher\":{\"@id\":\"https:\\\/\\\/tajkertesz.com\\\/#organization\"},\"potentialAction\":[{\"@type\":\"SearchAction\",\"target\":{\"@type\":\"EntryPoint\",\"urlTemplate\":\"https:\\\/\\\/tajkertesz.com\\\/?s={search_term_string}\"},\"query-input\":{\"@type\":\"PropertyValueSpecification\",\"valueRequired\":true,\"valueName\":\"search_term_string\"}}],\"inLanguage\":\"en-US\"},{\"@type\":\"Organization\",\"@id\":\"https:\\\/\\\/tajkertesz.com\\\/#organization\",\"name\":\"T\u00e1j-Kert\u00e9sz 84 Kft.\",\"url\":\"https:\\\/\\\/tajkertesz.com\\\/\",\"logo\":{\"@type\":\"ImageObject\",\"inLanguage\":\"en-US\",\"@id\":\"https:\\\/\\\/tajkertesz.com\\\/#\\\/schema\\\/logo\\\/image\\\/\",\"url\":\"https:\\\/\\\/tajkertesz.com\\\/wp-content\\\/uploads\\\/2018\\\/02\\\/logo-2-e1518678052539.png\",\"contentUrl\":\"https:\\\/\\\/tajkertesz.com\\\/wp-content\\\/uploads\\\/2018\\\/02\\\/logo-2-e1518678052539.png\",\"width\":81,\"height\":140,\"caption\":\"T\u00e1j-Kert\u00e9sz 84 Kft.\"},\"image\":{\"@id\":\"https:\\\/\\\/tajkertesz.com\\\/#\\\/schema\\\/logo\\\/image\\\/\"},\"sameAs\":[\"https:\\\/\\\/www.facebook.com\\\/Tajkertesz\\\/\"]}]}<\/script>\n<!-- \/ Yoast SEO plugin. -->","yoast_head_json":{"title":"H\u00e1l\u00f3zati adapter f\u00e9nyf\u00fcz\u00e9rekhez 31 V DC\/12 W, IP 44 25-16-7 - T\u00e1jkert\u00e9sz","description":"H\u00e1l\u00f3zati adapter f\u00e9nyf\u00fcz\u00e9rekhez 31 V DC\/12 W, IP 44LED.K\u00f6zvetlen\u00fcl kiz\u00e1r\u00f3lag a Somogyi Elektronic \u00e1ltal forgalmazott DLC 5M t\u00e1pk\u00e1belhez csatlakoztathat\u00f3!","robots":{"index":"index","follow":"follow","max-snippet":"max-snippet:-1","max-image-preview":"max-image-preview:large","max-video-preview":"max-video-preview:-1"},"canonical":"https:\/\/tajkertesz.com\/en_US\/product\/halozati-adapter-fenyfuzerekhez-31-v-dc-12-w-ip-44\/","og_locale":"en_US","og_type":"article","og_title":"H\u00e1l\u00f3zati adapter f\u00e9nyf\u00fcz\u00e9rekhez 31 V DC\/12 W, IP 44 25-16-7 - T\u00e1jkert\u00e9sz","og_description":"H\u00e1l\u00f3zati adapter f\u00e9nyf\u00fcz\u00e9rekhez 31 V DC\/12 W, IP 44LED.K\u00f6zvetlen\u00fcl kiz\u00e1r\u00f3lag a Somogyi Elektronic \u00e1ltal forgalmazott DLC 5M t\u00e1pk\u00e1belhez csatlakoztathat\u00f3!","og_url":"https:\/\/tajkertesz.com\/en_US\/product\/halozati-adapter-fenyfuzerekhez-31-v-dc-12-w-ip-44\/","og_site_name":"T\u00e1jkert\u00e9sz","article_publisher":"https:\/\/www.facebook.com\/Tajkertesz\/","article_modified_time":"2026-02-18T15:25:44+00:00","og_image":[{"width":1920,"height":1166,"url":"https:\/\/tajkertesz.com\/wp-content\/uploads\/2022\/11\/20221125_153737-scaled.jpg","type":"image\/jpeg"}],"twitter_card":"summary_large_image","twitter_misc":{"Est. reading time":"1 minute"},"schema":{"@context":"https:\/\/schema.org","@graph":[{"@type":"WebPage","@id":"https:\/\/tajkertesz.com\/termek\/halozati-adapter-fenyfuzerekhez-31-v-dc-12-w-ip-44\/","url":"https:\/\/tajkertesz.com\/termek\/halozati-adapter-fenyfuzerekhez-31-v-dc-12-w-ip-44\/","name":"H\u00e1l\u00f3zati adapter f\u00e9nyf\u00fcz\u00e9rekhez 31 V DC\/12 W, IP 44 25-16-7 - T\u00e1jkert\u00e9sz","isPartOf":{"@id":"https:\/\/tajkertesz.com\/#website"},"primaryImageOfPage":{"@id":"https:\/\/tajkertesz.com\/termek\/halozati-adapter-fenyfuzerekhez-31-v-dc-12-w-ip-44\/#primaryimage"},"image":{"@id":"https:\/\/tajkertesz.com\/termek\/halozati-adapter-fenyfuzerekhez-31-v-dc-12-w-ip-44\/#primaryimage"},"thumbnailUrl":"https:\/\/tajkertesz.com\/wp-content\/uploads\/2022\/11\/20221125_153737-scaled.jpg","datePublished":"2022-11-25T14:43:54+00:00","dateModified":"2026-02-18T15:25:44+00:00","description":"H\u00e1l\u00f3zati adapter f\u00e9nyf\u00fcz\u00e9rekhez 31 V DC\/12 W, IP 44LED.K\u00f6zvetlen\u00fcl kiz\u00e1r\u00f3lag a Somogyi Elektronic \u00e1ltal forgalmazott DLC 5M t\u00e1pk\u00e1belhez csatlakoztathat\u00f3!","breadcrumb":{"@id":"https:\/\/tajkertesz.com\/termek\/halozati-adapter-fenyfuzerekhez-31-v-dc-12-w-ip-44\/#breadcrumb"},"inLanguage":"en-US","potentialAction":[{"@type":"ReadAction","target":["https:\/\/tajkertesz.com\/termek\/halozati-adapter-fenyfuzerekhez-31-v-dc-12-w-ip-44\/"]}]},{"@type":"ImageObject","inLanguage":"en-US","@id":"https:\/\/tajkertesz.com\/termek\/halozati-adapter-fenyfuzerekhez-31-v-dc-12-w-ip-44\/#primaryimage","url":"https:\/\/tajkertesz.com\/wp-content\/uploads\/2022\/11\/20221125_153737-scaled.jpg","contentUrl":"https:\/\/tajkertesz.com\/wp-content\/uploads\/2022\/11\/20221125_153737-scaled.jpg","width":1920,"height":1166},{"@type":"BreadcrumbList","@id":"https:\/\/tajkertesz.com\/termek\/halozati-adapter-fenyfuzerekhez-31-v-dc-12-w-ip-44\/#breadcrumb","itemListElement":[{"@type":"ListItem","position":1,"name":"Home","item":"https:\/\/tajkertesz.com\/"},{"@type":"ListItem","position":2,"name":"Kezd\u0151lap","item":"https:\/\/tajkertesz.com\/"},{"@type":"ListItem","position":3,"name":"H\u00e1l\u00f3zati adapter f\u00e9nyf\u00fcz\u00e9rekhez 31 V DC\/12 W, IP 44 25-16-7"}]},{"@type":"WebSite","@id":"https:\/\/tajkertesz.com\/#website","url":"https:\/\/tajkertesz.com\/","name":"T\u00e1j-Kert\u00e9sz 84 Kft.","description":"Kert\u00e9szeti kis- \u00e9s nagykeresked\u00e9s, D\u00edszn\u00f6v\u00e9ny web\u00e1ruh\u00e1z orsz\u00e1gos h\u00e1zhozsz\u00e1ll\u00edt\u00e1ssal!","publisher":{"@id":"https:\/\/tajkertesz.com\/#organization"},"potentialAction":[{"@type":"SearchAction","target":{"@type":"EntryPoint","urlTemplate":"https:\/\/tajkertesz.com\/?s={search_term_string}"},"query-input":{"@type":"PropertyValueSpecification","valueRequired":true,"valueName":"search_term_string"}}],"inLanguage":"en-US"},{"@type":"Organization","@id":"https:\/\/tajkertesz.com\/#organization","name":"T\u00e1j-Kert\u00e9sz 84 Kft.","url":"https:\/\/tajkertesz.com\/","logo":{"@type":"ImageObject","inLanguage":"en-US","@id":"https:\/\/tajkertesz.com\/#\/schema\/logo\/image\/","url":"https:\/\/tajkertesz.com\/wp-content\/uploads\/2018\/02\/logo-2-e1518678052539.png","contentUrl":"https:\/\/tajkertesz.com\/wp-content\/uploads\/2018\/02\/logo-2-e1518678052539.png","width":81,"height":140,"caption":"T\u00e1j-Kert\u00e9sz 84 Kft."},"image":{"@id":"https:\/\/tajkertesz.com\/#\/schema\/logo\/image\/"},"sameAs":["https:\/\/www.facebook.com\/Tajkertesz\/"]}]}},"_links":{"self":[{"href":"https:\/\/tajkertesz.com\/en_US\/wp-json\/wp\/v2\/product\/14256","targetHints":{"allow":["GET"]}}],"collection":[{"href":"https:\/\/tajkertesz.com\/en_US\/wp-json\/wp\/v2\/product"}],"about":[{"href":"https:\/\/tajkertesz.com\/en_US\/wp-json\/wp\/v2\/types\/product"}],"wp:featuredmedia":[{"embeddable":true,"href":"https:\/\/tajkertesz.com\/en_US\/wp-json\/wp\/v2\/media\/14257"}],"wp:attachment":[{"href":"https:\/\/tajkertesz.com\/en_US\/wp-json\/wp\/v2\/media?parent=14256"}],"wp:term":[{"taxonomy":"product_brand","embeddable":true,"href":"https:\/\/tajkertesz.com\/en_US\/wp-json\/wp\/v2\/product_brand?post=14256"},{"taxonomy":"product_cat","embeddable":true,"href":"https:\/\/tajkertesz.com\/en_US\/wp-json\/wp\/v2\/product_cat?post=14256"},{"taxonomy":"product_tag","embeddable":true,"href":"https:\/\/tajkertesz.com\/en_US\/wp-json\/wp\/v2\/product_tag?post=14256"}],"curies":[{"name":"wp","href":"https:\/\/api.w.org\/{rel}","templated":true}]}}