{"id":14259,"date":"2022-11-25T14:54:54","date_gmt":"2022-11-25T14:54:54","guid":{"rendered":"https:\/\/tajkertesz.com\/?post_type=product&#038;p=14259"},"modified":"2026-02-18T15:23:47","modified_gmt":"2026-02-18T15:23:47","slug":"lumineo-bunch-lights-meleg-feher-led-fenyfuzer-640-egovel","status":"publish","type":"product","link":"https:\/\/tajkertesz.com\/en_US\/product\/lumineo-bunch-lights-meleg-feher-led-fenyfuzer-640-egovel\/","title":{"rendered":"Lumineo Bunch lights meleg feh\u00e9r led f\u00e9nyf\u00fcz\u00e9r, 640 \u00e9g\u0151vel 24-16-1"},"content":{"rendered":"<h2>Lumineo Bunch lights meleg feh\u00e9r led f\u00e9nyf\u00fcz\u00e9r, 640 \u00e9g\u0151vel 5m+1,9m vezet\u00e9kkel.<\/h2>\n<p>A Lumineo Bunch lights meleg feh\u00e9r led f\u00e9nyf\u00fcz\u00e9r, 640 \u00e9g\u0151vel 5m+1,9m vezet\u00e9kkel.<\/p>\n<h2><\/h2>\n<p>Belt\u00e9ri haszn\u00e1latra.<\/p>\n<p><b>M\u0171szaki le\u00edr\u00e1s<\/b><br \/>\nM\u00e1rka: Kaemingk<br \/>\nLED f\u00e9nysz\u00e1l 640 meleg feh\u00e9r LED-del \u00e9s kb. 30 k\u00fcl\u00f6n\u00e1ll\u00f3 sz\u00e1llal, hogy egy k\u00f6teget alkosson.<br \/>\nEz a k\u00f6nny\u0171 sz\u00e1l kb. 30 k\u00fcl\u00f6n\u00e1ll\u00f3 v\u00e9kony huzalk\u00e1belb\u0151l \u00e1ll, amelyekre LED-ek vannak r\u00f6gz\u00edtve.<br \/>\nEzeket az egyes vezet\u00e9keket egy tart\u00f3 tartja, azaz az \u00f6sszes vezet\u00e9ket egy pontban \/ tart\u00f3ban k\u00f6tegk\u00e9nt egyes\u00edtik. A tart\u00f3 fekete.<br \/>\nAz egyes f\u00e9nysz\u00e1lakat ezut\u00e1n k\u00fcl\u00f6n-k\u00fcl\u00f6n t\u00f6bb szomsz\u00e9dos vonalba lehet fektetni, vagy egy f\u00e9nysz\u00e1lk\u00e9nt egy\u00fctt is megvil\u00e1g\u00edthat\u00f3k.<br \/>\nAz egyes f\u00e9nysz\u00e1lak alul nincsenek egy\u00fctt, de mindegyik egyedi.<br \/>\nA f\u00e9nysz\u00e1lak hossza egyenk\u00e9nt 2 m\u00e9ter.<br \/>\nTeh\u00e1t vagy az \u00f6sszes sz\u00e1lat egybe helyezheti, vagy eloszthatja az egyes sz\u00e1lakat.<br \/>\nA sz\u00e1lak huzalb\u00f3l &#8211; ez\u00fcstb\u0151l k\u00e9sz\u00fclnek.<br \/>\nA l\u00e1mpa LED &#8211; meleg feh\u00e9r<\/p>\n<ul>\n<li>Hossz\u00fas\u00e1g: 1.90 m\u00e9ter<\/li>\n<li>F\u00e9nyek: 640 Micro LED<\/li>\n<li>Vil\u00e1gos sz\u00edn: meleg feh\u00e9r<\/li>\n<li>T\u00e1pegys\u00e9g: Villamos energia<\/li>\n<li>belt\u00e9ri + k\u00fclt\u00e9ri: igen \/ igen<\/li>\n<li>K\u00e1bel sz\u00edne: ez\u00fcst<\/li>\n<li>Id\u0151z\u00edt\u0151: nem<\/li>\n<li>Halv\u00e1ny\u00edt\u00f3: nem<\/li>\n<\/ul>\n<p>&nbsp;<\/p>\n<ul>\n<li>Hossz: 1,90 m\u00e9ter + 5 m\u00e9ter t\u00e1pvezet\u00e9k<\/li>\n<li>F\u00e9nyek: 640 mikro-LED, t\u00e1vols\u00e1g 10 cm<\/li>\n<li>Strandok: 32<\/li>\n<li>Vil\u00e1gos sz\u00edn: meleg feh\u00e9r<\/li>\n<li>T\u00e1pegys\u00e9g: Villamos energia<\/li>\n<li>belt\u00e9ri + k\u00fclt\u00e9ri: igen \/ igen<\/li>\n<li>K\u00e1bel sz\u00edne: ez\u00fcst<\/li>\n<li>Id\u0151z\u00edt\u0151: nem<\/li>\n<li>Halv\u00e1ny\u00edt\u00f3: nem<\/li>\n<\/ul>\n<p><b>El\u0151\u00edr\u00e1sok<\/b><\/p>\n<ul>\n<li>F\u00e9nyforr\u00e1s: LED<\/li>\n<li>Fogyaszt\u00e1s: 640 x 0,03 watt \/ 3V &#8211; 6W<\/li>\n<li>F\u00e9nyforr\u00e1s: nem cser\u00e9lhet\u0151<\/li>\n<li>Transzform\u00e1tor: JT-DC6V6W-E3 IP44<\/li>\n<li>Bemenet: 220-240V, 50-60 HZ<\/li>\n<li>Kimenet: 6V &#8211; 6VA<\/li>\n<li><\/li>\n<\/ul>\n<p>El\u00e9rhet\u0151 t\u00f6bbf\u00e9le m\u00e9retben \u00e9s \u00e1rban.<\/p>\n<p><strong>K\u00e9szlet\u00fcnk napi szinten v\u00e1ltozik, ez\u00e9rt k\u00e9rj\u00fck, \u00e9rdekl\u0151dj\u00f6n szem\u00e9lyesen, telefonon vagy email-en.<br \/>\nA v\u00e1ltoztat\u00e1s jog\u00e1t fenntartjuk!\u00a0<\/strong><\/p>\n<p>&nbsp;<\/p>\n<p><a href=\"https:\/\/tajkertesz.com\/\">https:\/\/tajkertesz.com\/<\/a><\/p>\n<p><a href=\"https:\/\/www.facebook.com\/tajkertesz\/\">https:\/\/www.facebook.com\/tajkertesz\/<\/a><\/p>\n<p>Kisz\u00e1ll\u00edt\u00e1s: 200cm-ig \u00a0\u00e9s 40 kg-ig a sz\u00e1ll\u00edt\u00e1s fut\u00e1rszolg\u00e1lattal \u00a0t\u00f6rt\u00e9nik.<\/p>\n<p>Szem\u00e9lyes \u00e1tv\u00e9tel nyitvatart\u00e1si id\u0151ben a 17. ker\u00fclet Bakancsos utca 7. sz\u00e1m alatti Kert\u00e9szeti \u00e1rud\u00e1ban.<\/p>\n<p>&nbsp;<\/p>\n<h6><strong><span style=\"color: #ffffff;\">Lumineo Bunch lights meleg feh\u00e9r led f\u00e9nyf\u00fcz\u00e9r, 640 \u00e9g\u0151vel 5m+1,9m vezet\u00e9kkel.\u00a0A Lumineo Bunch lights meleg feh\u00e9r led f\u00e9nyf\u00fcz\u00e9r, 640 \u00e9g\u0151vel 5m+1,9m vezet\u00e9kkel.\u00a0Belt\u00e9ri haszn\u00e1latra.\u00a0M\u0171szaki le\u00edr\u00e1s<\/span><\/strong><br \/>\n<strong><span style=\"color: #ffffff;\">M\u00e1rka: Kaemingk<\/span><\/strong><br \/>\n<strong><span style=\"color: #ffffff;\">LED f\u00e9nysz\u00e1l 640 meleg feh\u00e9r LED-del \u00e9s kb. 30 k\u00fcl\u00f6n\u00e1ll\u00f3 sz\u00e1llal, hogy egy k\u00f6teget alkosson.<\/span><\/strong><br \/>\n<strong><span style=\"color: #ffffff;\">Ez a k\u00f6nny\u0171 sz\u00e1l kb. 30 k\u00fcl\u00f6n\u00e1ll\u00f3 v\u00e9kony huzalk\u00e1belb\u0151l \u00e1ll, amelyekre LED-ek vannak r\u00f6gz\u00edtve.<\/span><\/strong><br \/>\n<strong><span style=\"color: #ffffff;\">Ezeket az egyes vezet\u00e9keket egy tart\u00f3 tartja, azaz az \u00f6sszes vezet\u00e9ket egy pontban \/ tart\u00f3ban k\u00f6tegk\u00e9nt egyes\u00edtik. A tart\u00f3 fekete.<\/span><\/strong><br \/>\n<strong><span style=\"color: #ffffff;\">Az egyes f\u00e9nysz\u00e1lakat ezut\u00e1n k\u00fcl\u00f6n-k\u00fcl\u00f6n t\u00f6bb szomsz\u00e9dos vonalba lehet fektetni, vagy egy f\u00e9nysz\u00e1lk\u00e9nt egy\u00fctt is megvil\u00e1g\u00edthat\u00f3k.<\/span><\/strong><br \/>\n<strong><span style=\"color: #ffffff;\">Az egyes f\u00e9nysz\u00e1lak alul nincsenek egy\u00fctt, de mindegyik egyedi.<\/span><\/strong><br \/>\n<strong><span style=\"color: #ffffff;\">A f\u00e9nysz\u00e1lak hossza egyenk\u00e9nt 2 m\u00e9ter.<\/span><\/strong><br \/>\n<strong><span style=\"color: #ffffff;\">Teh\u00e1t vagy az \u00f6sszes sz\u00e1lat egybe helyezheti, vagy eloszthatja az egyes sz\u00e1lakat.<\/span><\/strong><br \/>\n<strong><span style=\"color: #ffffff;\">A sz\u00e1lak huzalb\u00f3l &#8211; ez\u00fcstb\u0151l k\u00e9sz\u00fclnek.<\/span><\/strong><br \/>\n<strong><span style=\"color: #ffffff;\">A l\u00e1mpa LED &#8211; meleg feh\u00e9r<\/span><\/strong><\/h6>\n<p>&nbsp;<\/p>","protected":false},"excerpt":{"rendered":"<h2>Lumineo Bunch lights meleg feh\u00e9r led f\u00e9nyf\u00fcz\u00e9r, 640 \u00e9g\u0151vel 5m+1,9m vezet\u00e9kkel.<\/h2>\n<p>A Lumineo Bunch lights meleg feh\u00e9r led f\u00e9nyf\u00fcz\u00e9r, 640 \u00e9g\u0151vel 5m+1,9m vezet\u00e9kkel.<\/p>\n<h2><\/h2>\n<p>Belt\u00e9ri haszn\u00e1latra.<\/p>\n<p><b>M\u0171szaki le\u00edr\u00e1s<\/b><br \/>\nM\u00e1rka: Kaemingk<br \/>\nLED f\u00e9nysz\u00e1l 640 meleg feh\u00e9r LED-del \u00e9s kb. 30 k\u00fcl\u00f6n\u00e1ll\u00f3 sz\u00e1llal, hogy egy k\u00f6teget alkosson.<br \/>\nEz a k\u00f6nny\u0171 sz\u00e1l kb. 30 k\u00fcl\u00f6n\u00e1ll\u00f3 v\u00e9kony huzalk\u00e1belb\u0151l \u00e1ll, amelyekre LED-ek vannak r\u00f6gz\u00edtve.<br \/>\nEzeket az egyes vezet\u00e9keket egy tart\u00f3 tartja, azaz az \u00f6sszes vezet\u00e9ket egy pontban \/ tart\u00f3ban k\u00f6tegk\u00e9nt egyes\u00edtik. A tart\u00f3 fekete.<br \/>\nAz egyes f\u00e9nysz\u00e1lakat ezut\u00e1n k\u00fcl\u00f6n-k\u00fcl\u00f6n t\u00f6bb szomsz\u00e9dos vonalba lehet fektetni, vagy egy f\u00e9nysz\u00e1lk\u00e9nt egy\u00fctt is megvil\u00e1g\u00edthat\u00f3k.<br \/>\nAz egyes f\u00e9nysz\u00e1lak alul nincsenek egy\u00fctt, de mindegyik egyedi.<br \/>\nA f\u00e9nysz\u00e1lak hossza egyenk\u00e9nt 2 m\u00e9ter.<br \/>\nTeh\u00e1t vagy az \u00f6sszes sz\u00e1lat egybe helyezheti, vagy eloszthatja az egyes sz\u00e1lakat.<br \/>\nA sz\u00e1lak huzalb\u00f3l &#8211; ez\u00fcstb\u0151l k\u00e9sz\u00fclnek.<br \/>\nA l\u00e1mpa LED &#8211; meleg feh\u00e9r<\/p>","protected":false},"featured_media":14260,"template":"","meta":{"_et_pb_use_builder":"","_et_pb_old_content":"","_et_gb_content_width":""},"product_brand":[],"product_cat":[4035],"product_tag":[1682,578,4650,1684,4651,4652,4653],"class_list":{"0":"post-14259","1":"product","2":"type-product","3":"status-publish","4":"has-post-thumbnail","6":"product_cat-led-es-karacsonyi-fenyfuzerek","7":"product_tag-belteri","8":"product_tag-feher","9":"product_tag-fenyfuzer","10":"product_tag-kulteri","11":"product_tag-lampa","12":"product_tag-led","13":"product_tag-meleg","15":"first","16":"outofstock","17":"shipping-taxable","18":"purchasable","19":"product-type-simple"},"yoast_head":"<!-- This site is optimized with the Yoast SEO plugin v27.4 - https:\/\/yoast.com\/product\/yoast-seo-wordpress\/ -->\n<title>Lumineo Bunch lights meleg feh\u00e9r led f\u00e9nyf\u00fcz\u00e9r, 640 \u00e9g\u0151vel 24-16-1 - T\u00e1jkert\u00e9sz<\/title>\n<meta name=\"description\" content=\"Lumineo Bunch lights meleg feh\u00e9r led f\u00e9nyf\u00fcz\u00e9r, 640 \u00e9g\u0151vel 5m+1,9m vezet\u00e9kkel.Belt\u00e9ri haszn\u00e1latra. Rendelje meg web\u00e1ruh\u00e1zunkb\u00f3l kedvenc term\u00e9keit!\" \/>\n<meta name=\"robots\" content=\"index, follow, max-snippet:-1, max-image-preview:large, max-video-preview:-1\" \/>\n<link rel=\"canonical\" href=\"https:\/\/tajkertesz.com\/en_US\/product\/lumineo-bunch-lights-meleg-feher-led-fenyfuzer-640-egovel\/\" \/>\n<meta property=\"og:locale\" content=\"en_US\" \/>\n<meta property=\"og:type\" content=\"article\" \/>\n<meta property=\"og:title\" content=\"Lumineo Bunch lights meleg feh\u00e9r led f\u00e9nyf\u00fcz\u00e9r, 640 \u00e9g\u0151vel 24-16-1 - T\u00e1jkert\u00e9sz\" \/>\n<meta property=\"og:description\" content=\"Lumineo Bunch lights meleg feh\u00e9r led f\u00e9nyf\u00fcz\u00e9r, 640 \u00e9g\u0151vel 5m+1,9m vezet\u00e9kkel.Belt\u00e9ri haszn\u00e1latra. Rendelje meg web\u00e1ruh\u00e1zunkb\u00f3l kedvenc term\u00e9keit!\" \/>\n<meta property=\"og:url\" content=\"https:\/\/tajkertesz.com\/en_US\/product\/lumineo-bunch-lights-meleg-feher-led-fenyfuzer-640-egovel\/\" \/>\n<meta property=\"og:site_name\" content=\"T\u00e1jkert\u00e9sz\" \/>\n<meta property=\"article:publisher\" content=\"https:\/\/www.facebook.com\/Tajkertesz\/\" \/>\n<meta property=\"article:modified_time\" content=\"2026-02-18T15:23:47+00:00\" \/>\n<meta property=\"og:image\" content=\"https:\/\/tajkertesz.com\/wp-content\/uploads\/2022\/11\/11861e9830c415240ece21b874775f1a.webp\" \/>\n\t<meta property=\"og:image:width\" content=\"2048\" \/>\n\t<meta property=\"og:image:height\" content=\"2048\" \/>\n\t<meta property=\"og:image:type\" content=\"image\/webp\" \/>\n<meta name=\"twitter:card\" content=\"summary_large_image\" \/>\n<meta name=\"twitter:label1\" content=\"Est. reading time\" \/>\n\t<meta name=\"twitter:data1\" content=\"3 minutes\" \/>\n<script type=\"application\/ld+json\" class=\"yoast-schema-graph\">{\"@context\":\"https:\\\/\\\/schema.org\",\"@graph\":[{\"@type\":\"WebPage\",\"@id\":\"https:\\\/\\\/tajkertesz.com\\\/termek\\\/lumineo-bunch-lights-meleg-feher-led-fenyfuzer-640-egovel\\\/\",\"url\":\"https:\\\/\\\/tajkertesz.com\\\/termek\\\/lumineo-bunch-lights-meleg-feher-led-fenyfuzer-640-egovel\\\/\",\"name\":\"Lumineo Bunch lights meleg feh\u00e9r led f\u00e9nyf\u00fcz\u00e9r, 640 \u00e9g\u0151vel 24-16-1 - T\u00e1jkert\u00e9sz\",\"isPartOf\":{\"@id\":\"https:\\\/\\\/tajkertesz.com\\\/#website\"},\"primaryImageOfPage\":{\"@id\":\"https:\\\/\\\/tajkertesz.com\\\/termek\\\/lumineo-bunch-lights-meleg-feher-led-fenyfuzer-640-egovel\\\/#primaryimage\"},\"image\":{\"@id\":\"https:\\\/\\\/tajkertesz.com\\\/termek\\\/lumineo-bunch-lights-meleg-feher-led-fenyfuzer-640-egovel\\\/#primaryimage\"},\"thumbnailUrl\":\"https:\\\/\\\/tajkertesz.com\\\/wp-content\\\/uploads\\\/2022\\\/11\\\/11861e9830c415240ece21b874775f1a.webp\",\"datePublished\":\"2022-11-25T14:54:54+00:00\",\"dateModified\":\"2026-02-18T15:23:47+00:00\",\"description\":\"Lumineo Bunch lights meleg feh\u00e9r led f\u00e9nyf\u00fcz\u00e9r, 640 \u00e9g\u0151vel 5m+1,9m vezet\u00e9kkel.Belt\u00e9ri haszn\u00e1latra. Rendelje meg web\u00e1ruh\u00e1zunkb\u00f3l kedvenc term\u00e9keit!\",\"breadcrumb\":{\"@id\":\"https:\\\/\\\/tajkertesz.com\\\/termek\\\/lumineo-bunch-lights-meleg-feher-led-fenyfuzer-640-egovel\\\/#breadcrumb\"},\"inLanguage\":\"en-US\",\"potentialAction\":[{\"@type\":\"ReadAction\",\"target\":[\"https:\\\/\\\/tajkertesz.com\\\/termek\\\/lumineo-bunch-lights-meleg-feher-led-fenyfuzer-640-egovel\\\/\"]}]},{\"@type\":\"ImageObject\",\"inLanguage\":\"en-US\",\"@id\":\"https:\\\/\\\/tajkertesz.com\\\/termek\\\/lumineo-bunch-lights-meleg-feher-led-fenyfuzer-640-egovel\\\/#primaryimage\",\"url\":\"https:\\\/\\\/tajkertesz.com\\\/wp-content\\\/uploads\\\/2022\\\/11\\\/11861e9830c415240ece21b874775f1a.webp\",\"contentUrl\":\"https:\\\/\\\/tajkertesz.com\\\/wp-content\\\/uploads\\\/2022\\\/11\\\/11861e9830c415240ece21b874775f1a.webp\",\"width\":2048,\"height\":2048},{\"@type\":\"BreadcrumbList\",\"@id\":\"https:\\\/\\\/tajkertesz.com\\\/termek\\\/lumineo-bunch-lights-meleg-feher-led-fenyfuzer-640-egovel\\\/#breadcrumb\",\"itemListElement\":[{\"@type\":\"ListItem\",\"position\":1,\"name\":\"Home\",\"item\":\"https:\\\/\\\/tajkertesz.com\\\/\"},{\"@type\":\"ListItem\",\"position\":2,\"name\":\"Kezd\u0151lap\",\"item\":\"https:\\\/\\\/tajkertesz.com\\\/\"},{\"@type\":\"ListItem\",\"position\":3,\"name\":\"Lumineo Bunch lights meleg feh\u00e9r led f\u00e9nyf\u00fcz\u00e9r, 640 \u00e9g\u0151vel 24-16-1\"}]},{\"@type\":\"WebSite\",\"@id\":\"https:\\\/\\\/tajkertesz.com\\\/#website\",\"url\":\"https:\\\/\\\/tajkertesz.com\\\/\",\"name\":\"T\u00e1j-Kert\u00e9sz 84 Kft.\",\"description\":\"Kert\u00e9szeti kis- \u00e9s nagykeresked\u00e9s, D\u00edszn\u00f6v\u00e9ny web\u00e1ruh\u00e1z orsz\u00e1gos h\u00e1zhozsz\u00e1ll\u00edt\u00e1ssal!\",\"publisher\":{\"@id\":\"https:\\\/\\\/tajkertesz.com\\\/#organization\"},\"potentialAction\":[{\"@type\":\"SearchAction\",\"target\":{\"@type\":\"EntryPoint\",\"urlTemplate\":\"https:\\\/\\\/tajkertesz.com\\\/?s={search_term_string}\"},\"query-input\":{\"@type\":\"PropertyValueSpecification\",\"valueRequired\":true,\"valueName\":\"search_term_string\"}}],\"inLanguage\":\"en-US\"},{\"@type\":\"Organization\",\"@id\":\"https:\\\/\\\/tajkertesz.com\\\/#organization\",\"name\":\"T\u00e1j-Kert\u00e9sz 84 Kft.\",\"url\":\"https:\\\/\\\/tajkertesz.com\\\/\",\"logo\":{\"@type\":\"ImageObject\",\"inLanguage\":\"en-US\",\"@id\":\"https:\\\/\\\/tajkertesz.com\\\/#\\\/schema\\\/logo\\\/image\\\/\",\"url\":\"https:\\\/\\\/tajkertesz.com\\\/wp-content\\\/uploads\\\/2018\\\/02\\\/logo-2-e1518678052539.png\",\"contentUrl\":\"https:\\\/\\\/tajkertesz.com\\\/wp-content\\\/uploads\\\/2018\\\/02\\\/logo-2-e1518678052539.png\",\"width\":81,\"height\":140,\"caption\":\"T\u00e1j-Kert\u00e9sz 84 Kft.\"},\"image\":{\"@id\":\"https:\\\/\\\/tajkertesz.com\\\/#\\\/schema\\\/logo\\\/image\\\/\"},\"sameAs\":[\"https:\\\/\\\/www.facebook.com\\\/Tajkertesz\\\/\"]}]}<\/script>\n<!-- \/ Yoast SEO plugin. -->","yoast_head_json":{"title":"Lumineo Bunch lights meleg feh\u00e9r led f\u00e9nyf\u00fcz\u00e9r, 640 \u00e9g\u0151vel 24-16-1 - T\u00e1jkert\u00e9sz","description":"Lumineo Bunch lights meleg feh\u00e9r led f\u00e9nyf\u00fcz\u00e9r, 640 \u00e9g\u0151vel 5m+1,9m vezet\u00e9kkel.Belt\u00e9ri haszn\u00e1latra. Rendelje meg web\u00e1ruh\u00e1zunkb\u00f3l kedvenc term\u00e9keit!","robots":{"index":"index","follow":"follow","max-snippet":"max-snippet:-1","max-image-preview":"max-image-preview:large","max-video-preview":"max-video-preview:-1"},"canonical":"https:\/\/tajkertesz.com\/en_US\/product\/lumineo-bunch-lights-meleg-feher-led-fenyfuzer-640-egovel\/","og_locale":"en_US","og_type":"article","og_title":"Lumineo Bunch lights meleg feh\u00e9r led f\u00e9nyf\u00fcz\u00e9r, 640 \u00e9g\u0151vel 24-16-1 - T\u00e1jkert\u00e9sz","og_description":"Lumineo Bunch lights meleg feh\u00e9r led f\u00e9nyf\u00fcz\u00e9r, 640 \u00e9g\u0151vel 5m+1,9m vezet\u00e9kkel.Belt\u00e9ri haszn\u00e1latra. Rendelje meg web\u00e1ruh\u00e1zunkb\u00f3l kedvenc term\u00e9keit!","og_url":"https:\/\/tajkertesz.com\/en_US\/product\/lumineo-bunch-lights-meleg-feher-led-fenyfuzer-640-egovel\/","og_site_name":"T\u00e1jkert\u00e9sz","article_publisher":"https:\/\/www.facebook.com\/Tajkertesz\/","article_modified_time":"2026-02-18T15:23:47+00:00","og_image":[{"width":2048,"height":2048,"url":"https:\/\/tajkertesz.com\/wp-content\/uploads\/2022\/11\/11861e9830c415240ece21b874775f1a.webp","type":"image\/webp"}],"twitter_card":"summary_large_image","twitter_misc":{"Est. reading time":"3 minutes"},"schema":{"@context":"https:\/\/schema.org","@graph":[{"@type":"WebPage","@id":"https:\/\/tajkertesz.com\/termek\/lumineo-bunch-lights-meleg-feher-led-fenyfuzer-640-egovel\/","url":"https:\/\/tajkertesz.com\/termek\/lumineo-bunch-lights-meleg-feher-led-fenyfuzer-640-egovel\/","name":"Lumineo Bunch lights meleg feh\u00e9r led f\u00e9nyf\u00fcz\u00e9r, 640 \u00e9g\u0151vel 24-16-1 - T\u00e1jkert\u00e9sz","isPartOf":{"@id":"https:\/\/tajkertesz.com\/#website"},"primaryImageOfPage":{"@id":"https:\/\/tajkertesz.com\/termek\/lumineo-bunch-lights-meleg-feher-led-fenyfuzer-640-egovel\/#primaryimage"},"image":{"@id":"https:\/\/tajkertesz.com\/termek\/lumineo-bunch-lights-meleg-feher-led-fenyfuzer-640-egovel\/#primaryimage"},"thumbnailUrl":"https:\/\/tajkertesz.com\/wp-content\/uploads\/2022\/11\/11861e9830c415240ece21b874775f1a.webp","datePublished":"2022-11-25T14:54:54+00:00","dateModified":"2026-02-18T15:23:47+00:00","description":"Lumineo Bunch lights meleg feh\u00e9r led f\u00e9nyf\u00fcz\u00e9r, 640 \u00e9g\u0151vel 5m+1,9m vezet\u00e9kkel.Belt\u00e9ri haszn\u00e1latra. Rendelje meg web\u00e1ruh\u00e1zunkb\u00f3l kedvenc term\u00e9keit!","breadcrumb":{"@id":"https:\/\/tajkertesz.com\/termek\/lumineo-bunch-lights-meleg-feher-led-fenyfuzer-640-egovel\/#breadcrumb"},"inLanguage":"en-US","potentialAction":[{"@type":"ReadAction","target":["https:\/\/tajkertesz.com\/termek\/lumineo-bunch-lights-meleg-feher-led-fenyfuzer-640-egovel\/"]}]},{"@type":"ImageObject","inLanguage":"en-US","@id":"https:\/\/tajkertesz.com\/termek\/lumineo-bunch-lights-meleg-feher-led-fenyfuzer-640-egovel\/#primaryimage","url":"https:\/\/tajkertesz.com\/wp-content\/uploads\/2022\/11\/11861e9830c415240ece21b874775f1a.webp","contentUrl":"https:\/\/tajkertesz.com\/wp-content\/uploads\/2022\/11\/11861e9830c415240ece21b874775f1a.webp","width":2048,"height":2048},{"@type":"BreadcrumbList","@id":"https:\/\/tajkertesz.com\/termek\/lumineo-bunch-lights-meleg-feher-led-fenyfuzer-640-egovel\/#breadcrumb","itemListElement":[{"@type":"ListItem","position":1,"name":"Home","item":"https:\/\/tajkertesz.com\/"},{"@type":"ListItem","position":2,"name":"Kezd\u0151lap","item":"https:\/\/tajkertesz.com\/"},{"@type":"ListItem","position":3,"name":"Lumineo Bunch lights meleg feh\u00e9r led f\u00e9nyf\u00fcz\u00e9r, 640 \u00e9g\u0151vel 24-16-1"}]},{"@type":"WebSite","@id":"https:\/\/tajkertesz.com\/#website","url":"https:\/\/tajkertesz.com\/","name":"T\u00e1j-Kert\u00e9sz 84 Kft.","description":"Kert\u00e9szeti kis- \u00e9s nagykeresked\u00e9s, D\u00edszn\u00f6v\u00e9ny web\u00e1ruh\u00e1z orsz\u00e1gos h\u00e1zhozsz\u00e1ll\u00edt\u00e1ssal!","publisher":{"@id":"https:\/\/tajkertesz.com\/#organization"},"potentialAction":[{"@type":"SearchAction","target":{"@type":"EntryPoint","urlTemplate":"https:\/\/tajkertesz.com\/?s={search_term_string}"},"query-input":{"@type":"PropertyValueSpecification","valueRequired":true,"valueName":"search_term_string"}}],"inLanguage":"en-US"},{"@type":"Organization","@id":"https:\/\/tajkertesz.com\/#organization","name":"T\u00e1j-Kert\u00e9sz 84 Kft.","url":"https:\/\/tajkertesz.com\/","logo":{"@type":"ImageObject","inLanguage":"en-US","@id":"https:\/\/tajkertesz.com\/#\/schema\/logo\/image\/","url":"https:\/\/tajkertesz.com\/wp-content\/uploads\/2018\/02\/logo-2-e1518678052539.png","contentUrl":"https:\/\/tajkertesz.com\/wp-content\/uploads\/2018\/02\/logo-2-e1518678052539.png","width":81,"height":140,"caption":"T\u00e1j-Kert\u00e9sz 84 Kft."},"image":{"@id":"https:\/\/tajkertesz.com\/#\/schema\/logo\/image\/"},"sameAs":["https:\/\/www.facebook.com\/Tajkertesz\/"]}]}},"_links":{"self":[{"href":"https:\/\/tajkertesz.com\/en_US\/wp-json\/wp\/v2\/product\/14259","targetHints":{"allow":["GET"]}}],"collection":[{"href":"https:\/\/tajkertesz.com\/en_US\/wp-json\/wp\/v2\/product"}],"about":[{"href":"https:\/\/tajkertesz.com\/en_US\/wp-json\/wp\/v2\/types\/product"}],"wp:featuredmedia":[{"embeddable":true,"href":"https:\/\/tajkertesz.com\/en_US\/wp-json\/wp\/v2\/media\/14260"}],"wp:attachment":[{"href":"https:\/\/tajkertesz.com\/en_US\/wp-json\/wp\/v2\/media?parent=14259"}],"wp:term":[{"taxonomy":"product_brand","embeddable":true,"href":"https:\/\/tajkertesz.com\/en_US\/wp-json\/wp\/v2\/product_brand?post=14259"},{"taxonomy":"product_cat","embeddable":true,"href":"https:\/\/tajkertesz.com\/en_US\/wp-json\/wp\/v2\/product_cat?post=14259"},{"taxonomy":"product_tag","embeddable":true,"href":"https:\/\/tajkertesz.com\/en_US\/wp-json\/wp\/v2\/product_tag?post=14259"}],"curies":[{"name":"wp","href":"https:\/\/api.w.org\/{rel}","templated":true}]}}