{"id":1427,"date":"2020-03-25T11:06:55","date_gmt":"2020-03-25T11:06:55","guid":{"rendered":"https:\/\/tajkertesz.com\/?post_type=product&#038;p=1427"},"modified":"2024-10-13T08:48:59","modified_gmt":"2024-10-13T08:48:59","slug":"potentilla-goldfinger","status":"publish","type":"product","link":"https:\/\/tajkertesz.com\/en_US\/product\/potentilla-goldfinger\/","title":{"rendered":"Potentilla fructicosa &#8216;Goldfinger&#8217; &#8211; Cserj\u00e9s pimp\u00f3"},"content":{"rendered":"<h1>Potentilla fructicosa &#8216;Goldfinger&#8217; &#8211; Cserj\u00e9s pimp\u00f3<\/h1>\n<p>A Potentilla fructicosa &#8216;Goldfinger&#8217; &#8211; Cserj\u00e9s pimp\u00f3\u00a0egy n\u00e9pszer\u0171 lombhullat\u00f3 cserje, amely \u00e9l\u00e9nk s\u00e1rga vir\u00e1gaival d\u00edsz\u00edti a kerteket. Ez a n\u00f6v\u00e9ny sz\u00e1mos kert\u00e9sz kedvence, mivel k\u00f6nnyen gondozhat\u00f3 \u00e9s hossz\u00fa vir\u00e1gz\u00e1si id\u0151szakkal b\u00fcszk\u00e9lkedhet.<\/p>\n<h2>Potentilla fructicosa &#8216;Goldfinger&#8217; jellemz\u0151i<\/h2>\n<ul>\n<li><strong>Magass\u00e1g:<\/strong>\u00a0\u00c1ltal\u00e1ban 80-150 cm magasra n\u0151, \u00e9s 1,2-1,5 m\u00e9ter sz\u00e9lesre terjed.<\/li>\n<li><strong>Vir\u00e1gok<\/strong>: M\u00e1just\u00f3l szeptemberig vir\u00e1gzik, vir\u00e1gai 3,5-5 cm \u00e1tm\u00e9r\u0151j\u0171ek, \u00e9l\u00e9nk s\u00e1rga sz\u00edn\u0171ek. A vir\u00e1gok gyakran teljesen bebor\u00edtj\u00e1k a cserj\u00e9t, ami k\u00fcl\u00f6n\u00f6sen l\u00e1tv\u00e1nyoss\u00e1 teszi.<\/li>\n<li><strong>Lombozat<\/strong>: Kis, s\u00f6t\u00e9tz\u00f6ld, sz\u00e1rnyalt levelei vannak, amelyek sz\u00e9p kontrasztot alkotnak a s\u00e1rga vir\u00e1gokkal.<\/li>\n<\/ul>\n<h3>Cserj\u00e9s pimp\u00f3 gondoz\u00e1sa<\/h3>\n<ul>\n<li><strong>Talaj<\/strong>: J\u00f3l \u00e1tereszt\u0151, m\u00e9rs\u00e9kelten sz\u00e1raz talajt kedvel, \u00e9s elviseli a gyeng\u00e9bb talajviszonyokat is.<\/li>\n<li><strong>F\u00e9nyig\u00e9ny<\/strong>: Teljes napf\u00e9nyt\u0151l a f\u00e9l\u00e1rny\u00e9kig j\u00f3l \u00e9rzi mag\u00e1t, de a legszebben napos helyen vir\u00e1gzik.<\/li>\n<li><strong>Gondoz\u00e1s<\/strong>: Alacsony karbantart\u00e1si ig\u00e9ny\u0171 n\u00f6v\u00e9ny. Sz\u00e1razs\u00e1gt\u0171r\u0151, ha m\u00e1r meger\u0151s\u00f6d\u00f6tt, \u00e9s ellen\u00e1ll a k\u00e1rtev\u0151knek \u00e9s betegs\u00e9geknek.<\/li>\n<li><strong>Metsz\u00e9s<\/strong>: Vir\u00e1gz\u00e1s ut\u00e1n \u00e9rdemes visszametszeni a n\u00f6v\u00e9nyt, hogy meg\u0151rizze form\u00e1j\u00e1t \u00e9s serkentse az \u00faj hajt\u00e1sok n\u00f6veked\u00e9s\u00e9t. A metsz\u00e9s seg\u00edt abban is, hogy a cserje s\u0171r\u0171bb \u00e9s eg\u00e9szs\u00e9gesebb legyen.<\/li>\n<li><strong>\u00d6nt\u00f6z\u00e9s<\/strong>: B\u00e1r a Potentilla \u2018Goldfinger\u2019 sz\u00e1razs\u00e1gt\u0171r\u0151, a fiatal n\u00f6v\u00e9nyeket rendszeresen \u00f6nt\u00f6zni kell, hogy j\u00f3l meger\u0151s\u00f6djenek. Az id\u0151sebb n\u00f6v\u00e9nyeknek kevesebb v\u00edzre van sz\u00fcks\u00e9g\u00fck, de hosszan tart\u00f3 sz\u00e1razs\u00e1g eset\u00e9n \u00e9rdemes \u0151ket meg\u00f6nt\u00f6zni.<\/li>\n<li><strong>Talajtakar\u00e1s<\/strong>: A talajtakar\u00e1ssal meg\u0151rizhetj\u00fck a talaj nedvess\u00e9gtartalm\u00e1t \u00e9s cs\u00f6kkenthetj\u00fck a gyomok n\u00f6veked\u00e9s\u00e9t. Haszn\u00e1ljunk feny\u0151k\u00e9rget, fak\u00e9rget vagy komposztot.<\/li>\n<li><strong>T\u00e1panyagell\u00e1t\u00e1s<\/strong>: Tavasszal \u00e9rdemes egy kis komposztot vagy lassan old\u00f3d\u00f3 m\u0171tr\u00e1gy\u00e1t adni a n\u00f6v\u00e9nynek, hogy biztos\u00edtsuk a megfelel\u0151 t\u00e1panyagell\u00e1t\u00e1st a n\u00f6veked\u00e9si id\u0151szakban.<\/li>\n<li><strong>K\u00e1rtev\u0151k \u00e9s betegs\u00e9gek<\/strong>: B\u00e1r a Potentilla \u2018Goldfinger\u2019 ellen\u00e1ll\u00f3 a legt\u00f6bb k\u00e1rtev\u0151vel \u00e9s betegs\u00e9ggel szemben, \u00e9rdemes figyelni a levelek elsz\u00ednez\u0151d\u00e9s\u00e9re vagy a n\u00f6veked\u00e9s lassul\u00e1s\u00e1ra, ami probl\u00e9m\u00e1t jelezhet. Ha ilyet \u00e9szlel\u00fcnk, vizsg\u00e1ljuk meg a n\u00f6v\u00e9nyt alaposan, \u00e9s sz\u00fcks\u00e9g eset\u00e9n alkalmazzunk megfelel\u0151 n\u00f6v\u00e9nyv\u00e9delmi int\u00e9zked\u00e9seket.<\/li>\n<li><strong>Napf\u00e9ny<\/strong>: \u00dcgyelj\u00fcnk arra, hogy a n\u00f6v\u00e9ny elegend\u0151 napf\u00e9nyt kapjon, mivel a legszebben napos helyen vir\u00e1gzik. Ha \u00e1rny\u00e9kos helyre \u00fcltetj\u00fck, kevesebb vir\u00e1got hozhat.<\/li>\n<\/ul>\n<h4>Felhaszn\u00e1l\u00e1s a Kertben<\/h4>\n<p>A Potentilla \u2018Goldfinger\u2019 kiv\u00e1l\u00f3 v\u00e1laszt\u00e1s lehet s\u00f6v\u00e9nyekhez, napos \u00e1gy\u00e1sokhoz vagy ak\u00e1r \u00f6n\u00e1ll\u00f3 d\u00edszn\u00f6v\u00e9nyk\u00e9nt is. Hossz\u00fa vir\u00e1gz\u00e1si id\u0151szaka \u00e9s \u00e9l\u00e9nk sz\u00edne miatt b\u00e1rmely kert \u00e9ke lehet. Emellett j\u00f3l kombin\u00e1lhat\u00f3 m\u00e1s \u00e9vel\u0151kkel \u00e9s cserj\u00e9kkel, \u00edgy v\u00e1ltozatos \u00e9s sz\u00ednes kertet hozhatunk l\u00e9tre vele.<\/p>\n<h5>\u00c9rdekess\u00e9gek<\/h5>\n<p>Ez a n\u00f6v\u00e9ny nemcsak sz\u00e9ps\u00e9g\u00e9vel, hanem k\u00f6nny\u0171 gondozhat\u00f3s\u00e1g\u00e1val is kiemelkedik. Ide\u00e1lis v\u00e1laszt\u00e1s kezd\u0151 kert\u00e9szek sz\u00e1m\u00e1ra is, mivel kev\u00e9s figyelmet ig\u00e9nyel, m\u00e9gis hosszan tart\u00f3 vir\u00e1gz\u00e1ssal h\u00e1l\u00e1lja meg a gondoskod\u00e1st.<\/p>\n<p>\u00d6sszess\u00e9g\u00e9ben egy sokoldal\u00fa \u00e9s l\u00e1tv\u00e1nyos cserje, amely b\u00e1rmely kertben j\u00f3l mutat.<\/p>\n<p>&nbsp;<\/p>\n<p><strong>K\u00e9szlet\u00fcnk napi szinten v\u00e1ltozik, ez\u00e9rt k\u00e9rj\u00fck, \u00e9rdekl\u0151dj\u00f6n szem\u00e9lyesen, telefonon vagy email-en.<br \/>\nA v\u00e1ltoztat\u00e1s jog\u00e1t fenntartjuk!\u00a0<\/strong><\/p>\n<p><a href=\"https:\/\/tajkertesz.com\/\">https:\/\/tajkertesz.com\/<\/a><\/p>\n<p><a href=\"https:\/\/www.facebook.com\/tajkertesz\/\">https:\/\/www.facebook.com\/tajkertesz\/<\/a><\/p>\n<p>Kisz\u00e1ll\u00edt\u00e1s: 200cm-ig \u00a0\u00e9s 40 kg-ig a sz\u00e1ll\u00edt\u00e1s fut\u00e1rszolg\u00e1lattal \u00a0t\u00f6rt\u00e9nik.<\/p>\n<p>Szem\u00e9lyes \u00e1tv\u00e9tel nyitvatart\u00e1si id\u0151ben a 17. ker\u00fclet Bakancsos utca 7. sz\u00e1m alatti Kert\u00e9szeti \u00e1rud\u00e1nkban.<\/p>","protected":false},"excerpt":{"rendered":"<p>A Potentilla fructicosa &#8216;Goldfinger&#8217; , Cserj\u00e9s pimp\u00f3 s\u00e1rga vir\u00e1g\u00fa<\/p>\n<p>80-150 cm magara n\u00f6v\u0151 , s\u0171r\u0171n bokrosod\u00f3, lombhullat\u00f3 cserje.<\/p>\n<p>Talajban nem v\u00e1logat\u00f3s, napos helyet kedvel.<\/p>\n<p>M\u00e1just\u00f3l- okt\u00f3berig szinte folyamatosan vir\u00e1gzik, ez\u00e9rt vir\u00e1goskertekbe, \u00e9s d\u00e9zs\u00e1kba is aj\u00e1nlhat\u00f3.<\/p>\n<p>Ig\u00e9nytelen, er\u0151s n\u00f6veked\u00e9se miatt s\u00f6v\u00e9ny is k\u00e9sz\u00edthet\u0151 bel\u0151le.<\/p>\n<p>Az egyik legjobb nagyra n\u00f6v\u0151 fajta\u00a0 a cserj\u00e9s pimp\u00f3k k\u00f6z\u00f6tt.<\/p>\n<p>Jelen term\u00e9k\u00fcnk 9*9 es cser\u00e9pben kb: 15\/20 cm magas.<\/p>\n<p>&nbsp;<\/p>\n<p>&nbsp;<\/p>\n<p>&nbsp;<\/p>","protected":false},"featured_media":1431,"template":"","meta":{"_et_pb_use_builder":"","_et_pb_old_content":"","_et_gb_content_width":""},"product_brand":[],"product_cat":[27,4432],"product_tag":[349,351,168],"class_list":{"0":"post-1427","1":"product","2":"type-product","3":"status-publish","4":"has-post-thumbnail","6":"product_cat-cserjek","7":"product_cat-extra-olcso-novenyek","8":"product_tag-pimpo","9":"product_tag-potentilla-fructicosa-goldfinger","10":"product_tag-sarga","12":"first","13":"outofstock","14":"shipping-taxable","15":"product-type-simple"},"yoast_head":"<!-- This site is optimized with the Yoast SEO plugin v27.5 - https:\/\/yoast.com\/product\/yoast-seo-wordpress\/ -->\n<title>Potentilla fructicosa &#039;Goldfinger&#039; - Cserj\u00e9s pimp\u00f3 - T\u00e1jkert\u00e9sz<\/title>\n<meta name=\"description\" content=\"A Potentilla fructicosa &#039;Goldfinger&#039; - Cserj\u00e9s pimp\u00f3 vir\u00e1g\u00fa. 80-150 cm magara n\u00f6v\u0151 , s\u0171r\u0171n bokrosod\u00f3, lombhullat\u00f3 cserje.\" \/>\n<meta name=\"robots\" content=\"index, follow, max-snippet:-1, max-image-preview:large, max-video-preview:-1\" \/>\n<link rel=\"canonical\" href=\"https:\/\/tajkertesz.com\/en_US\/product\/potentilla-goldfinger\/\" \/>\n<meta property=\"og:locale\" content=\"en_US\" \/>\n<meta property=\"og:type\" content=\"article\" \/>\n<meta property=\"og:title\" content=\"Potentilla fructicosa &#039;Goldfinger&#039; - Cserj\u00e9s pimp\u00f3 - T\u00e1jkert\u00e9sz\" \/>\n<meta property=\"og:description\" content=\"A Potentilla fructicosa &#039;Goldfinger&#039; - Cserj\u00e9s pimp\u00f3 vir\u00e1g\u00fa. 80-150 cm magara n\u00f6v\u0151 , s\u0171r\u0171n bokrosod\u00f3, lombhullat\u00f3 cserje.\" \/>\n<meta property=\"og:url\" content=\"https:\/\/tajkertesz.com\/en_US\/product\/potentilla-goldfinger\/\" \/>\n<meta property=\"og:site_name\" content=\"T\u00e1jkert\u00e9sz\" \/>\n<meta property=\"article:publisher\" content=\"https:\/\/www.facebook.com\/Tajkertesz\/\" \/>\n<meta property=\"article:modified_time\" content=\"2024-10-13T08:48:59+00:00\" \/>\n<meta property=\"og:image\" content=\"https:\/\/tajkertesz.com\/wp-content\/uploads\/2020\/03\/potentilla-goldfinger.jpg\" \/>\n\t<meta property=\"og:image:width\" content=\"1000\" \/>\n\t<meta property=\"og:image:height\" content=\"1000\" \/>\n\t<meta property=\"og:image:type\" content=\"image\/jpeg\" \/>\n<meta name=\"twitter:card\" content=\"summary_large_image\" \/>\n<meta name=\"twitter:label1\" content=\"Est. reading time\" \/>\n\t<meta name=\"twitter:data1\" content=\"3 minutes\" \/>\n<script type=\"application\/ld+json\" class=\"yoast-schema-graph\">{\"@context\":\"https:\\\/\\\/schema.org\",\"@graph\":[{\"@type\":\"WebPage\",\"@id\":\"https:\\\/\\\/tajkertesz.com\\\/termek\\\/potentilla-goldfinger\\\/\",\"url\":\"https:\\\/\\\/tajkertesz.com\\\/termek\\\/potentilla-goldfinger\\\/\",\"name\":\"Potentilla fructicosa 'Goldfinger' - Cserj\u00e9s pimp\u00f3 - T\u00e1jkert\u00e9sz\",\"isPartOf\":{\"@id\":\"https:\\\/\\\/tajkertesz.com\\\/#website\"},\"primaryImageOfPage\":{\"@id\":\"https:\\\/\\\/tajkertesz.com\\\/termek\\\/potentilla-goldfinger\\\/#primaryimage\"},\"image\":{\"@id\":\"https:\\\/\\\/tajkertesz.com\\\/termek\\\/potentilla-goldfinger\\\/#primaryimage\"},\"thumbnailUrl\":\"https:\\\/\\\/tajkertesz.com\\\/wp-content\\\/uploads\\\/2020\\\/03\\\/potentilla-goldfinger.jpg\",\"datePublished\":\"2020-03-25T11:06:55+00:00\",\"dateModified\":\"2024-10-13T08:48:59+00:00\",\"description\":\"A Potentilla fructicosa 'Goldfinger' - Cserj\u00e9s pimp\u00f3 vir\u00e1g\u00fa. 80-150 cm magara n\u00f6v\u0151 , s\u0171r\u0171n bokrosod\u00f3, lombhullat\u00f3 cserje.\",\"breadcrumb\":{\"@id\":\"https:\\\/\\\/tajkertesz.com\\\/termek\\\/potentilla-goldfinger\\\/#breadcrumb\"},\"inLanguage\":\"en-US\",\"potentialAction\":[{\"@type\":\"ReadAction\",\"target\":[\"https:\\\/\\\/tajkertesz.com\\\/termek\\\/potentilla-goldfinger\\\/\"]}]},{\"@type\":\"ImageObject\",\"inLanguage\":\"en-US\",\"@id\":\"https:\\\/\\\/tajkertesz.com\\\/termek\\\/potentilla-goldfinger\\\/#primaryimage\",\"url\":\"https:\\\/\\\/tajkertesz.com\\\/wp-content\\\/uploads\\\/2020\\\/03\\\/potentilla-goldfinger.jpg\",\"contentUrl\":\"https:\\\/\\\/tajkertesz.com\\\/wp-content\\\/uploads\\\/2020\\\/03\\\/potentilla-goldfinger.jpg\",\"width\":1000,\"height\":1000,\"caption\":\"Potentilla fructicosa 'Goldfinger' - Cserj\u00e9s pimp\u00f3\"},{\"@type\":\"BreadcrumbList\",\"@id\":\"https:\\\/\\\/tajkertesz.com\\\/termek\\\/potentilla-goldfinger\\\/#breadcrumb\",\"itemListElement\":[{\"@type\":\"ListItem\",\"position\":1,\"name\":\"Home\",\"item\":\"https:\\\/\\\/tajkertesz.com\\\/\"},{\"@type\":\"ListItem\",\"position\":2,\"name\":\"Kezd\u0151lap\",\"item\":\"https:\\\/\\\/tajkertesz.com\\\/\"},{\"@type\":\"ListItem\",\"position\":3,\"name\":\"Potentilla fructicosa &#8216;Goldfinger&#8217; &#8211; Cserj\u00e9s pimp\u00f3\"}]},{\"@type\":\"WebSite\",\"@id\":\"https:\\\/\\\/tajkertesz.com\\\/#website\",\"url\":\"https:\\\/\\\/tajkertesz.com\\\/\",\"name\":\"T\u00e1j-Kert\u00e9sz 84 Kft.\",\"description\":\"Kert\u00e9szeti kis- \u00e9s nagykeresked\u00e9s, D\u00edszn\u00f6v\u00e9ny web\u00e1ruh\u00e1z orsz\u00e1gos h\u00e1zhozsz\u00e1ll\u00edt\u00e1ssal!\",\"publisher\":{\"@id\":\"https:\\\/\\\/tajkertesz.com\\\/#organization\"},\"potentialAction\":[{\"@type\":\"SearchAction\",\"target\":{\"@type\":\"EntryPoint\",\"urlTemplate\":\"https:\\\/\\\/tajkertesz.com\\\/?s={search_term_string}\"},\"query-input\":{\"@type\":\"PropertyValueSpecification\",\"valueRequired\":true,\"valueName\":\"search_term_string\"}}],\"inLanguage\":\"en-US\"},{\"@type\":\"Organization\",\"@id\":\"https:\\\/\\\/tajkertesz.com\\\/#organization\",\"name\":\"T\u00e1j-Kert\u00e9sz 84 Kft.\",\"url\":\"https:\\\/\\\/tajkertesz.com\\\/\",\"logo\":{\"@type\":\"ImageObject\",\"inLanguage\":\"en-US\",\"@id\":\"https:\\\/\\\/tajkertesz.com\\\/#\\\/schema\\\/logo\\\/image\\\/\",\"url\":\"https:\\\/\\\/tajkertesz.com\\\/wp-content\\\/uploads\\\/2018\\\/02\\\/logo-2-e1518678052539.png\",\"contentUrl\":\"https:\\\/\\\/tajkertesz.com\\\/wp-content\\\/uploads\\\/2018\\\/02\\\/logo-2-e1518678052539.png\",\"width\":81,\"height\":140,\"caption\":\"T\u00e1j-Kert\u00e9sz 84 Kft.\"},\"image\":{\"@id\":\"https:\\\/\\\/tajkertesz.com\\\/#\\\/schema\\\/logo\\\/image\\\/\"},\"sameAs\":[\"https:\\\/\\\/www.facebook.com\\\/Tajkertesz\\\/\"]}]}<\/script>\n<!-- \/ Yoast SEO plugin. -->","yoast_head_json":{"title":"Potentilla fructicosa 'Goldfinger' - Cserj\u00e9s pimp\u00f3 - T\u00e1jkert\u00e9sz","description":"A Potentilla fructicosa 'Goldfinger' - Cserj\u00e9s pimp\u00f3 vir\u00e1g\u00fa. 80-150 cm magara n\u00f6v\u0151 , s\u0171r\u0171n bokrosod\u00f3, lombhullat\u00f3 cserje.","robots":{"index":"index","follow":"follow","max-snippet":"max-snippet:-1","max-image-preview":"max-image-preview:large","max-video-preview":"max-video-preview:-1"},"canonical":"https:\/\/tajkertesz.com\/en_US\/product\/potentilla-goldfinger\/","og_locale":"en_US","og_type":"article","og_title":"Potentilla fructicosa 'Goldfinger' - Cserj\u00e9s pimp\u00f3 - T\u00e1jkert\u00e9sz","og_description":"A Potentilla fructicosa 'Goldfinger' - Cserj\u00e9s pimp\u00f3 vir\u00e1g\u00fa. 80-150 cm magara n\u00f6v\u0151 , s\u0171r\u0171n bokrosod\u00f3, lombhullat\u00f3 cserje.","og_url":"https:\/\/tajkertesz.com\/en_US\/product\/potentilla-goldfinger\/","og_site_name":"T\u00e1jkert\u00e9sz","article_publisher":"https:\/\/www.facebook.com\/Tajkertesz\/","article_modified_time":"2024-10-13T08:48:59+00:00","og_image":[{"width":1000,"height":1000,"url":"https:\/\/tajkertesz.com\/wp-content\/uploads\/2020\/03\/potentilla-goldfinger.jpg","type":"image\/jpeg"}],"twitter_card":"summary_large_image","twitter_misc":{"Est. reading time":"3 minutes"},"schema":{"@context":"https:\/\/schema.org","@graph":[{"@type":"WebPage","@id":"https:\/\/tajkertesz.com\/termek\/potentilla-goldfinger\/","url":"https:\/\/tajkertesz.com\/termek\/potentilla-goldfinger\/","name":"Potentilla fructicosa 'Goldfinger' - Cserj\u00e9s pimp\u00f3 - T\u00e1jkert\u00e9sz","isPartOf":{"@id":"https:\/\/tajkertesz.com\/#website"},"primaryImageOfPage":{"@id":"https:\/\/tajkertesz.com\/termek\/potentilla-goldfinger\/#primaryimage"},"image":{"@id":"https:\/\/tajkertesz.com\/termek\/potentilla-goldfinger\/#primaryimage"},"thumbnailUrl":"https:\/\/tajkertesz.com\/wp-content\/uploads\/2020\/03\/potentilla-goldfinger.jpg","datePublished":"2020-03-25T11:06:55+00:00","dateModified":"2024-10-13T08:48:59+00:00","description":"A Potentilla fructicosa 'Goldfinger' - Cserj\u00e9s pimp\u00f3 vir\u00e1g\u00fa. 80-150 cm magara n\u00f6v\u0151 , s\u0171r\u0171n bokrosod\u00f3, lombhullat\u00f3 cserje.","breadcrumb":{"@id":"https:\/\/tajkertesz.com\/termek\/potentilla-goldfinger\/#breadcrumb"},"inLanguage":"en-US","potentialAction":[{"@type":"ReadAction","target":["https:\/\/tajkertesz.com\/termek\/potentilla-goldfinger\/"]}]},{"@type":"ImageObject","inLanguage":"en-US","@id":"https:\/\/tajkertesz.com\/termek\/potentilla-goldfinger\/#primaryimage","url":"https:\/\/tajkertesz.com\/wp-content\/uploads\/2020\/03\/potentilla-goldfinger.jpg","contentUrl":"https:\/\/tajkertesz.com\/wp-content\/uploads\/2020\/03\/potentilla-goldfinger.jpg","width":1000,"height":1000,"caption":"Potentilla fructicosa 'Goldfinger' - Cserj\u00e9s pimp\u00f3"},{"@type":"BreadcrumbList","@id":"https:\/\/tajkertesz.com\/termek\/potentilla-goldfinger\/#breadcrumb","itemListElement":[{"@type":"ListItem","position":1,"name":"Home","item":"https:\/\/tajkertesz.com\/"},{"@type":"ListItem","position":2,"name":"Kezd\u0151lap","item":"https:\/\/tajkertesz.com\/"},{"@type":"ListItem","position":3,"name":"Potentilla fructicosa &#8216;Goldfinger&#8217; &#8211; Cserj\u00e9s pimp\u00f3"}]},{"@type":"WebSite","@id":"https:\/\/tajkertesz.com\/#website","url":"https:\/\/tajkertesz.com\/","name":"T\u00e1j-Kert\u00e9sz 84 Kft.","description":"Kert\u00e9szeti kis- \u00e9s nagykeresked\u00e9s, D\u00edszn\u00f6v\u00e9ny web\u00e1ruh\u00e1z orsz\u00e1gos h\u00e1zhozsz\u00e1ll\u00edt\u00e1ssal!","publisher":{"@id":"https:\/\/tajkertesz.com\/#organization"},"potentialAction":[{"@type":"SearchAction","target":{"@type":"EntryPoint","urlTemplate":"https:\/\/tajkertesz.com\/?s={search_term_string}"},"query-input":{"@type":"PropertyValueSpecification","valueRequired":true,"valueName":"search_term_string"}}],"inLanguage":"en-US"},{"@type":"Organization","@id":"https:\/\/tajkertesz.com\/#organization","name":"T\u00e1j-Kert\u00e9sz 84 Kft.","url":"https:\/\/tajkertesz.com\/","logo":{"@type":"ImageObject","inLanguage":"en-US","@id":"https:\/\/tajkertesz.com\/#\/schema\/logo\/image\/","url":"https:\/\/tajkertesz.com\/wp-content\/uploads\/2018\/02\/logo-2-e1518678052539.png","contentUrl":"https:\/\/tajkertesz.com\/wp-content\/uploads\/2018\/02\/logo-2-e1518678052539.png","width":81,"height":140,"caption":"T\u00e1j-Kert\u00e9sz 84 Kft."},"image":{"@id":"https:\/\/tajkertesz.com\/#\/schema\/logo\/image\/"},"sameAs":["https:\/\/www.facebook.com\/Tajkertesz\/"]}]}},"_links":{"self":[{"href":"https:\/\/tajkertesz.com\/en_US\/wp-json\/wp\/v2\/product\/1427","targetHints":{"allow":["GET"]}}],"collection":[{"href":"https:\/\/tajkertesz.com\/en_US\/wp-json\/wp\/v2\/product"}],"about":[{"href":"https:\/\/tajkertesz.com\/en_US\/wp-json\/wp\/v2\/types\/product"}],"wp:featuredmedia":[{"embeddable":true,"href":"https:\/\/tajkertesz.com\/en_US\/wp-json\/wp\/v2\/media\/1431"}],"wp:attachment":[{"href":"https:\/\/tajkertesz.com\/en_US\/wp-json\/wp\/v2\/media?parent=1427"}],"wp:term":[{"taxonomy":"product_brand","embeddable":true,"href":"https:\/\/tajkertesz.com\/en_US\/wp-json\/wp\/v2\/product_brand?post=1427"},{"taxonomy":"product_cat","embeddable":true,"href":"https:\/\/tajkertesz.com\/en_US\/wp-json\/wp\/v2\/product_cat?post=1427"},{"taxonomy":"product_tag","embeddable":true,"href":"https:\/\/tajkertesz.com\/en_US\/wp-json\/wp\/v2\/product_tag?post=1427"}],"curies":[{"name":"wp","href":"https:\/\/api.w.org\/{rel}","templated":true}]}}