{"id":14275,"date":"2022-11-28T15:39:36","date_gmt":"2022-11-28T15:39:36","guid":{"rendered":"https:\/\/tajkertesz.com\/?post_type=product&#038;p=14275"},"modified":"2026-02-18T15:23:40","modified_gmt":"2026-02-18T15:23:40","slug":"gyerekkertesz-sorozat-borso-beci","status":"publish","type":"product","link":"https:\/\/tajkertesz.com\/en_US\/product\/gyerekkertesz-sorozat-borso-beci\/","title":{"rendered":"Bors\u00f3 B\u00e9ci Gyerekkert\u00e9sz sorozat"},"content":{"rendered":"<p>Gyerekkert\u00e9sz sorozat Bors\u00f3 B\u00e9ci<\/p>\n<p>BORS\u00d3 B\u00c9CI &#8211; Kelvedon Csod\u00e1ja<br \/>\nTudtad, hogy a bors\u00f3k a legeg\u00e9szs\u00e9gesebb z\u00f6lds\u00e9gek k\u00f6z\u00e9 tartoznak? A bel\u0151lem k\u00e9sz\u00fclt leves p\u00e1rj\u00e1t ritk\u00edt\u00f3 finoms\u00e1g, de hogy zseng\u00e9n szedve \u00e9s p\u00e1rolva \u00edzletes sal\u00e1tan\u00f6v\u00e9ny is lehetek. Magas C-vitamin tartalmam miatt rendk\u00edv\u00fcl hasznos t\u00e1pl\u00e1l\u00e9k vagyok.<\/p>\n<p>&nbsp;<\/p>\n<p>J\u00e1t\u00e9kosan r\u00e1vehetj\u00fck gyerekeinket a k\u00f6z\u00f6s kert\u00e9szked\u00e9sre.<\/p>\n<p>Nagyon j\u00f3 \u00edz\u0171, nagy szem\u0171, k\u00f6z\u00e9pkorai \u00e9r\u00e9s\u0171 z\u00f6ldbors\u00f3 fajta. T\u00f6bbsz\u00f6ri szed\u00e9ssel j\u00f3 term\u00e9seredm\u00e9nyt ad\u00f3 vel\u0151bors\u00f3. S\u00f6t\u00e9tz\u00f6ld h\u00fcvelyeiben 6-8 szem fejl\u0151dik. Piacos term\u00e9seit friss fogyaszt\u00e1sra \u00e9s feldolgoz\u00e1sra is aj\u00e1nljuk. T\u00e1panyagban d\u00fas, laza talajon termessz\u00fck!<\/p>\n<p>K\u00f6z\u00e9pkorai fajta.<br \/>\nNagy term\u0151k\u00e9pess\u00e9g\u0171, t\u00f6bbsz\u00f6rre szedhet\u0151 fajta.<br \/>\nN\u00f6v\u00e9ny magass\u00e1ga: 45cm<br \/>\nA h\u00fcvelyek v\u00e9ge tompa, benne 6-8 szem, melyek m\u00e9rete 8-9mm<br \/>\nKorai \u00e9s szakaszos vet\u00e9sre is alkalmas.<br \/>\nFrisspiaci c\u00e9lra \u00e9s fagyaszt\u00e1sra is haszn\u00e1lhat\u00f3.<br \/>\nSort\u00e1vols\u00e1g: 15cm, t\u0151t\u00e1vols\u00e1g: 5cm<\/p>\n<p>El\u00e9rhet\u0151 t\u00f6bbf\u00e9le m\u00e9retben \u00e9s \u00e1rban.<\/p>\n<p><strong>K\u00e9szlet\u00fcnk napi szinten v\u00e1ltozik, ez\u00e9rt k\u00e9rj\u00fck, \u00e9rdekl\u0151dj\u00f6n szem\u00e9lyesen, telefonon vagy email-en.<br \/>\nA v\u00e1ltoztat\u00e1s jog\u00e1t fenntartjuk!\u00a0<\/strong><\/p>\n<p>&nbsp;<\/p>\n<p><a href=\"https:\/\/tajkertesz.com\/\">https:\/\/tajkertesz.com\/<\/a><\/p>\n<p><a href=\"https:\/\/www.facebook.com\/tajkertesz\/\">https:\/\/www.facebook.com\/tajkertesz\/<\/a><\/p>\n<p>Kisz\u00e1ll\u00edt\u00e1s: 200cm-ig \u00a0\u00e9s 40 kg-ig a sz\u00e1ll\u00edt\u00e1s fut\u00e1rszolg\u00e1lattal \u00a0t\u00f6rt\u00e9nik.<\/p>\n<p>Szem\u00e9lyes \u00e1tv\u00e9tel nyitvatart\u00e1si id\u0151ben a 17. ker\u00fclet Bakancsos utca 7. sz\u00e1m alatti Kert\u00e9szeti \u00e1rud\u00e1ban.<\/p>\n<h6><span style=\"color: #ffffff;\">BORS\u00d3 B\u00c9CI &#8211; Kelvedon Csod\u00e1ja<\/span><br \/>\n<span style=\"color: #ffffff;\">Tudtad, hogy a bors\u00f3k a legeg\u00e9szs\u00e9gesebb z\u00f6lds\u00e9gek k\u00f6z\u00e9 tartoznak? A bel\u0151lem k\u00e9sz\u00fclt leves p\u00e1rj\u00e1t ritk\u00edt\u00f3 finoms\u00e1g, de hogy zseng\u00e9n szedve \u00e9s p\u00e1rolva \u00edzletes sal\u00e1tan\u00f6v\u00e9ny is lehetek. Magas C-vitamin tartalmam miatt rendk\u00edv\u00fcl hasznos t\u00e1pl\u00e1l\u00e9k vagyok.<\/span><\/h6>\n<h6><\/h6>\n<h6><span style=\"color: #ffffff;\">J\u00e1t\u00e9kosan r\u00e1vehetj\u00fck gyerekeinket a k\u00f6z\u00f6s kert\u00e9szked\u00e9sre.\u00a0<\/span><\/h6>\n<h6><span style=\"color: #ffffff;\">Nagyon j\u00f3 \u00edz\u0171, nagy szem\u0171, k\u00f6z\u00e9pkorai \u00e9r\u00e9s\u0171 z\u00f6ldbors\u00f3 fajta. T\u00f6bbsz\u00f6ri szed\u00e9ssel j\u00f3 term\u00e9seredm\u00e9nyt ad\u00f3 vel\u0151bors\u00f3. S\u00f6t\u00e9tz\u00f6ld h\u00fcvelyeiben 6-8 szem fejl\u0151dik. Piacos term\u00e9seit friss fogyaszt\u00e1sra \u00e9s feldolgoz\u00e1sra is aj\u00e1nljuk. T\u00e1panyagban d\u00fas, laza talajon termessz\u00fck!<\/span><\/h6>\n<h6><span style=\"color: #ffffff;\">K\u00f6z\u00e9pkorai fajta.<\/span><br \/>\n<span style=\"color: #ffffff;\">Nagy term\u0151k\u00e9pess\u00e9g\u0171, t\u00f6bbsz\u00f6rre szedhet\u0151 fajta.<\/span><br \/>\n<span style=\"color: #ffffff;\">N\u00f6v\u00e9ny magass\u00e1ga: 45cm<\/span><br \/>\n<span style=\"color: #ffffff;\">A h\u00fcvelyek v\u00e9ge tompa, benne 6-8 szem, melyek m\u00e9rete 8-9mm<\/span><br \/>\n<span style=\"color: #ffffff;\">Korai \u00e9s szakaszos vet\u00e9sre is alkalmas.<\/span><br \/>\n<span style=\"color: #ffffff;\">Frisspiaci c\u00e9lra \u00e9s fagyaszt\u00e1sra is haszn\u00e1lhat\u00f3.<\/span><br \/>\n<span style=\"color: #ffffff;\">Sort\u00e1vols\u00e1g: 15cm, t\u0151t\u00e1vols\u00e1g: 5cm<\/span><\/h6>\n<h6><\/h6>","protected":false},"excerpt":{"rendered":"<p>BORS\u00d3 B\u00c9CI &#8211; Kelvedon Csod\u00e1ja<br \/>\nTudtad, hogy a bors\u00f3k a legeg\u00e9szs\u00e9gesebb z\u00f6lds\u00e9gek k\u00f6z\u00e9 tartoznak? A bel\u0151lem k\u00e9sz\u00fclt leves p\u00e1rj\u00e1t ritk\u00edt\u00f3 finoms\u00e1g, de hogy zseng\u00e9n szedve \u00e9s p\u00e1rolva \u00edzletes sal\u00e1tan\u00f6v\u00e9ny is lehetek. Magas C-vitamin tartalmam miatt rendk\u00edv\u00fcl hasznos t\u00e1pl\u00e1l\u00e9k vagyok.<\/p>","protected":false},"featured_media":14276,"template":"","meta":{"_et_pb_use_builder":"","_et_pb_old_content":"","_et_gb_content_width":""},"product_brand":[],"product_cat":[4139],"product_tag":[4044,4043,4041,4045,1411,4042],"class_list":{"0":"post-14275","1":"product","2":"type-product","3":"status-publish","4":"has-post-thumbnail","6":"product_cat-vetomag-gyermekeknek","7":"product_tag-beci","8":"product_tag-borso","9":"product_tag-gyerek","10":"product_tag-kelvedon-csodaja","11":"product_tag-kertesz","12":"product_tag-sorozat","14":"first","15":"instock","16":"shipping-taxable","17":"purchasable","18":"product-type-simple"},"yoast_head":"<!-- This site is optimized with the Yoast SEO plugin v27.5 - https:\/\/yoast.com\/product\/yoast-seo-wordpress\/ -->\n<title>Bors\u00f3 B\u00e9ci Gyerekkert\u00e9sz sorozat - T\u00e1jkert\u00e9sz<\/title>\n<meta name=\"description\" content=\"A gyerekkert\u00e9sz sorozat Bors\u00f3 B\u00e9ci Kelvedon Csod\u00e1ja term\u00e9k\u00e9vel gyermeke megismerkedhet a kert\u00e9szked\u00e9s alapvet\u0151 feladataival, sikereivel.\" \/>\n<meta name=\"robots\" content=\"index, follow, max-snippet:-1, max-image-preview:large, max-video-preview:-1\" \/>\n<link rel=\"canonical\" href=\"https:\/\/tajkertesz.com\/en_US\/product\/gyerekkertesz-sorozat-borso-beci\/\" \/>\n<meta property=\"og:locale\" content=\"en_US\" \/>\n<meta property=\"og:type\" content=\"article\" \/>\n<meta property=\"og:title\" content=\"Bors\u00f3 B\u00e9ci Gyerekkert\u00e9sz sorozat - T\u00e1jkert\u00e9sz\" \/>\n<meta property=\"og:description\" content=\"A gyerekkert\u00e9sz sorozat Bors\u00f3 B\u00e9ci Kelvedon Csod\u00e1ja term\u00e9k\u00e9vel gyermeke megismerkedhet a kert\u00e9szked\u00e9s alapvet\u0151 feladataival, sikereivel.\" \/>\n<meta property=\"og:url\" content=\"https:\/\/tajkertesz.com\/en_US\/product\/gyerekkertesz-sorozat-borso-beci\/\" \/>\n<meta property=\"og:site_name\" content=\"T\u00e1jkert\u00e9sz\" \/>\n<meta property=\"article:publisher\" content=\"https:\/\/www.facebook.com\/Tajkertesz\/\" \/>\n<meta property=\"article:modified_time\" content=\"2026-02-18T15:23:40+00:00\" \/>\n<meta property=\"og:image\" content=\"https:\/\/tajkertesz.com\/wp-content\/uploads\/2022\/11\/Borso-Beci2.jpg\" \/>\n\t<meta property=\"og:image:width\" content=\"404\" \/>\n\t<meta property=\"og:image:height\" content=\"898\" \/>\n\t<meta property=\"og:image:type\" content=\"image\/jpeg\" \/>\n<meta name=\"twitter:card\" content=\"summary_large_image\" \/>\n<meta name=\"twitter:label1\" content=\"Est. reading time\" \/>\n\t<meta name=\"twitter:data1\" content=\"2 minutes\" \/>\n<script type=\"application\/ld+json\" class=\"yoast-schema-graph\">{\"@context\":\"https:\\\/\\\/schema.org\",\"@graph\":[{\"@type\":\"WebPage\",\"@id\":\"https:\\\/\\\/tajkertesz.com\\\/termek\\\/gyerekkertesz-sorozat-borso-beci\\\/\",\"url\":\"https:\\\/\\\/tajkertesz.com\\\/termek\\\/gyerekkertesz-sorozat-borso-beci\\\/\",\"name\":\"Bors\u00f3 B\u00e9ci Gyerekkert\u00e9sz sorozat - T\u00e1jkert\u00e9sz\",\"isPartOf\":{\"@id\":\"https:\\\/\\\/tajkertesz.com\\\/#website\"},\"primaryImageOfPage\":{\"@id\":\"https:\\\/\\\/tajkertesz.com\\\/termek\\\/gyerekkertesz-sorozat-borso-beci\\\/#primaryimage\"},\"image\":{\"@id\":\"https:\\\/\\\/tajkertesz.com\\\/termek\\\/gyerekkertesz-sorozat-borso-beci\\\/#primaryimage\"},\"thumbnailUrl\":\"https:\\\/\\\/tajkertesz.com\\\/wp-content\\\/uploads\\\/2022\\\/11\\\/Borso-Beci2.jpg\",\"datePublished\":\"2022-11-28T15:39:36+00:00\",\"dateModified\":\"2026-02-18T15:23:40+00:00\",\"description\":\"A gyerekkert\u00e9sz sorozat Bors\u00f3 B\u00e9ci Kelvedon Csod\u00e1ja term\u00e9k\u00e9vel gyermeke megismerkedhet a kert\u00e9szked\u00e9s alapvet\u0151 feladataival, sikereivel.\",\"breadcrumb\":{\"@id\":\"https:\\\/\\\/tajkertesz.com\\\/termek\\\/gyerekkertesz-sorozat-borso-beci\\\/#breadcrumb\"},\"inLanguage\":\"en-US\",\"potentialAction\":[{\"@type\":\"ReadAction\",\"target\":[\"https:\\\/\\\/tajkertesz.com\\\/termek\\\/gyerekkertesz-sorozat-borso-beci\\\/\"]}]},{\"@type\":\"ImageObject\",\"inLanguage\":\"en-US\",\"@id\":\"https:\\\/\\\/tajkertesz.com\\\/termek\\\/gyerekkertesz-sorozat-borso-beci\\\/#primaryimage\",\"url\":\"https:\\\/\\\/tajkertesz.com\\\/wp-content\\\/uploads\\\/2022\\\/11\\\/Borso-Beci2.jpg\",\"contentUrl\":\"https:\\\/\\\/tajkertesz.com\\\/wp-content\\\/uploads\\\/2022\\\/11\\\/Borso-Beci2.jpg\",\"width\":404,\"height\":898},{\"@type\":\"BreadcrumbList\",\"@id\":\"https:\\\/\\\/tajkertesz.com\\\/termek\\\/gyerekkertesz-sorozat-borso-beci\\\/#breadcrumb\",\"itemListElement\":[{\"@type\":\"ListItem\",\"position\":1,\"name\":\"Home\",\"item\":\"https:\\\/\\\/tajkertesz.com\\\/\"},{\"@type\":\"ListItem\",\"position\":2,\"name\":\"Kezd\u0151lap\",\"item\":\"https:\\\/\\\/tajkertesz.com\\\/\"},{\"@type\":\"ListItem\",\"position\":3,\"name\":\"Bors\u00f3 B\u00e9ci Gyerekkert\u00e9sz sorozat\"}]},{\"@type\":\"WebSite\",\"@id\":\"https:\\\/\\\/tajkertesz.com\\\/#website\",\"url\":\"https:\\\/\\\/tajkertesz.com\\\/\",\"name\":\"T\u00e1j-Kert\u00e9sz 84 Kft.\",\"description\":\"Kert\u00e9szeti kis- \u00e9s nagykeresked\u00e9s, D\u00edszn\u00f6v\u00e9ny web\u00e1ruh\u00e1z orsz\u00e1gos h\u00e1zhozsz\u00e1ll\u00edt\u00e1ssal!\",\"publisher\":{\"@id\":\"https:\\\/\\\/tajkertesz.com\\\/#organization\"},\"potentialAction\":[{\"@type\":\"SearchAction\",\"target\":{\"@type\":\"EntryPoint\",\"urlTemplate\":\"https:\\\/\\\/tajkertesz.com\\\/?s={search_term_string}\"},\"query-input\":{\"@type\":\"PropertyValueSpecification\",\"valueRequired\":true,\"valueName\":\"search_term_string\"}}],\"inLanguage\":\"en-US\"},{\"@type\":\"Organization\",\"@id\":\"https:\\\/\\\/tajkertesz.com\\\/#organization\",\"name\":\"T\u00e1j-Kert\u00e9sz 84 Kft.\",\"url\":\"https:\\\/\\\/tajkertesz.com\\\/\",\"logo\":{\"@type\":\"ImageObject\",\"inLanguage\":\"en-US\",\"@id\":\"https:\\\/\\\/tajkertesz.com\\\/#\\\/schema\\\/logo\\\/image\\\/\",\"url\":\"https:\\\/\\\/tajkertesz.com\\\/wp-content\\\/uploads\\\/2018\\\/02\\\/logo-2-e1518678052539.png\",\"contentUrl\":\"https:\\\/\\\/tajkertesz.com\\\/wp-content\\\/uploads\\\/2018\\\/02\\\/logo-2-e1518678052539.png\",\"width\":81,\"height\":140,\"caption\":\"T\u00e1j-Kert\u00e9sz 84 Kft.\"},\"image\":{\"@id\":\"https:\\\/\\\/tajkertesz.com\\\/#\\\/schema\\\/logo\\\/image\\\/\"},\"sameAs\":[\"https:\\\/\\\/www.facebook.com\\\/Tajkertesz\\\/\"]}]}<\/script>\n<!-- \/ Yoast SEO plugin. -->","yoast_head_json":{"title":"Bors\u00f3 B\u00e9ci Gyerekkert\u00e9sz sorozat - T\u00e1jkert\u00e9sz","description":"A gyerekkert\u00e9sz sorozat Bors\u00f3 B\u00e9ci Kelvedon Csod\u00e1ja term\u00e9k\u00e9vel gyermeke megismerkedhet a kert\u00e9szked\u00e9s alapvet\u0151 feladataival, sikereivel.","robots":{"index":"index","follow":"follow","max-snippet":"max-snippet:-1","max-image-preview":"max-image-preview:large","max-video-preview":"max-video-preview:-1"},"canonical":"https:\/\/tajkertesz.com\/en_US\/product\/gyerekkertesz-sorozat-borso-beci\/","og_locale":"en_US","og_type":"article","og_title":"Bors\u00f3 B\u00e9ci Gyerekkert\u00e9sz sorozat - T\u00e1jkert\u00e9sz","og_description":"A gyerekkert\u00e9sz sorozat Bors\u00f3 B\u00e9ci Kelvedon Csod\u00e1ja term\u00e9k\u00e9vel gyermeke megismerkedhet a kert\u00e9szked\u00e9s alapvet\u0151 feladataival, sikereivel.","og_url":"https:\/\/tajkertesz.com\/en_US\/product\/gyerekkertesz-sorozat-borso-beci\/","og_site_name":"T\u00e1jkert\u00e9sz","article_publisher":"https:\/\/www.facebook.com\/Tajkertesz\/","article_modified_time":"2026-02-18T15:23:40+00:00","og_image":[{"width":404,"height":898,"url":"https:\/\/tajkertesz.com\/wp-content\/uploads\/2022\/11\/Borso-Beci2.jpg","type":"image\/jpeg"}],"twitter_card":"summary_large_image","twitter_misc":{"Est. reading time":"2 minutes"},"schema":{"@context":"https:\/\/schema.org","@graph":[{"@type":"WebPage","@id":"https:\/\/tajkertesz.com\/termek\/gyerekkertesz-sorozat-borso-beci\/","url":"https:\/\/tajkertesz.com\/termek\/gyerekkertesz-sorozat-borso-beci\/","name":"Bors\u00f3 B\u00e9ci Gyerekkert\u00e9sz sorozat - T\u00e1jkert\u00e9sz","isPartOf":{"@id":"https:\/\/tajkertesz.com\/#website"},"primaryImageOfPage":{"@id":"https:\/\/tajkertesz.com\/termek\/gyerekkertesz-sorozat-borso-beci\/#primaryimage"},"image":{"@id":"https:\/\/tajkertesz.com\/termek\/gyerekkertesz-sorozat-borso-beci\/#primaryimage"},"thumbnailUrl":"https:\/\/tajkertesz.com\/wp-content\/uploads\/2022\/11\/Borso-Beci2.jpg","datePublished":"2022-11-28T15:39:36+00:00","dateModified":"2026-02-18T15:23:40+00:00","description":"A gyerekkert\u00e9sz sorozat Bors\u00f3 B\u00e9ci Kelvedon Csod\u00e1ja term\u00e9k\u00e9vel gyermeke megismerkedhet a kert\u00e9szked\u00e9s alapvet\u0151 feladataival, sikereivel.","breadcrumb":{"@id":"https:\/\/tajkertesz.com\/termek\/gyerekkertesz-sorozat-borso-beci\/#breadcrumb"},"inLanguage":"en-US","potentialAction":[{"@type":"ReadAction","target":["https:\/\/tajkertesz.com\/termek\/gyerekkertesz-sorozat-borso-beci\/"]}]},{"@type":"ImageObject","inLanguage":"en-US","@id":"https:\/\/tajkertesz.com\/termek\/gyerekkertesz-sorozat-borso-beci\/#primaryimage","url":"https:\/\/tajkertesz.com\/wp-content\/uploads\/2022\/11\/Borso-Beci2.jpg","contentUrl":"https:\/\/tajkertesz.com\/wp-content\/uploads\/2022\/11\/Borso-Beci2.jpg","width":404,"height":898},{"@type":"BreadcrumbList","@id":"https:\/\/tajkertesz.com\/termek\/gyerekkertesz-sorozat-borso-beci\/#breadcrumb","itemListElement":[{"@type":"ListItem","position":1,"name":"Home","item":"https:\/\/tajkertesz.com\/"},{"@type":"ListItem","position":2,"name":"Kezd\u0151lap","item":"https:\/\/tajkertesz.com\/"},{"@type":"ListItem","position":3,"name":"Bors\u00f3 B\u00e9ci Gyerekkert\u00e9sz sorozat"}]},{"@type":"WebSite","@id":"https:\/\/tajkertesz.com\/#website","url":"https:\/\/tajkertesz.com\/","name":"T\u00e1j-Kert\u00e9sz 84 Kft.","description":"Kert\u00e9szeti kis- \u00e9s nagykeresked\u00e9s, D\u00edszn\u00f6v\u00e9ny web\u00e1ruh\u00e1z orsz\u00e1gos h\u00e1zhozsz\u00e1ll\u00edt\u00e1ssal!","publisher":{"@id":"https:\/\/tajkertesz.com\/#organization"},"potentialAction":[{"@type":"SearchAction","target":{"@type":"EntryPoint","urlTemplate":"https:\/\/tajkertesz.com\/?s={search_term_string}"},"query-input":{"@type":"PropertyValueSpecification","valueRequired":true,"valueName":"search_term_string"}}],"inLanguage":"en-US"},{"@type":"Organization","@id":"https:\/\/tajkertesz.com\/#organization","name":"T\u00e1j-Kert\u00e9sz 84 Kft.","url":"https:\/\/tajkertesz.com\/","logo":{"@type":"ImageObject","inLanguage":"en-US","@id":"https:\/\/tajkertesz.com\/#\/schema\/logo\/image\/","url":"https:\/\/tajkertesz.com\/wp-content\/uploads\/2018\/02\/logo-2-e1518678052539.png","contentUrl":"https:\/\/tajkertesz.com\/wp-content\/uploads\/2018\/02\/logo-2-e1518678052539.png","width":81,"height":140,"caption":"T\u00e1j-Kert\u00e9sz 84 Kft."},"image":{"@id":"https:\/\/tajkertesz.com\/#\/schema\/logo\/image\/"},"sameAs":["https:\/\/www.facebook.com\/Tajkertesz\/"]}]}},"_links":{"self":[{"href":"https:\/\/tajkertesz.com\/en_US\/wp-json\/wp\/v2\/product\/14275","targetHints":{"allow":["GET"]}}],"collection":[{"href":"https:\/\/tajkertesz.com\/en_US\/wp-json\/wp\/v2\/product"}],"about":[{"href":"https:\/\/tajkertesz.com\/en_US\/wp-json\/wp\/v2\/types\/product"}],"wp:featuredmedia":[{"embeddable":true,"href":"https:\/\/tajkertesz.com\/en_US\/wp-json\/wp\/v2\/media\/14276"}],"wp:attachment":[{"href":"https:\/\/tajkertesz.com\/en_US\/wp-json\/wp\/v2\/media?parent=14275"}],"wp:term":[{"taxonomy":"product_brand","embeddable":true,"href":"https:\/\/tajkertesz.com\/en_US\/wp-json\/wp\/v2\/product_brand?post=14275"},{"taxonomy":"product_cat","embeddable":true,"href":"https:\/\/tajkertesz.com\/en_US\/wp-json\/wp\/v2\/product_cat?post=14275"},{"taxonomy":"product_tag","embeddable":true,"href":"https:\/\/tajkertesz.com\/en_US\/wp-json\/wp\/v2\/product_tag?post=14275"}],"curies":[{"name":"wp","href":"https:\/\/api.w.org\/{rel}","templated":true}]}}