{"id":14283,"date":"2022-12-01T09:58:01","date_gmt":"2022-12-01T09:58:01","guid":{"rendered":"https:\/\/tajkertesz.com\/?post_type=product&#038;p=14283"},"modified":"2026-04-28T13:33:19","modified_gmt":"2026-04-28T13:33:19","slug":"photinia-compatta-korallberkenye","status":"publish","type":"product","link":"https:\/\/tajkertesz.com\/en_US\/product\/photinia-compatta-korallberkenye\/","title":{"rendered":"Photinia Compatta -korallberkenye 60\/80cm"},"content":{"rendered":"<h2>Photinia Compatta -korallberkenye 60\/80cm<\/h2>\n<p>Photinia Compatta -korallberkenye 60\/80cm<\/p>\n<p>A Photinia Compatta -korallberkenye <span class=\"\">\u00a0kiv\u00e1l\u00f3 \u00f6r\u00f6kz\u00f6ld s\u00f6v\u00e9nyn\u00f6v\u00e9ny, az \u00faj, \u00e9l\u00e9nkv\u00f6r\u00f6s levelek sz\u00edn\u00e9vel t\u0171nik ki.<\/span><\/p>\n<p>Ennek az alfajnak az a jellemz\u0151je, hogy megtartja a photini\u00e1k \u00f6sszes jellemz\u0151j\u00e9t, de bokra kompaktabb int ahogy a neve is mutatja.<\/p>\n<p>Visszafogottabb a n\u00f6veked\u00e9s\u0171 \u00e9s kev\u00e9sb\u00e9\u00a0 intenz\u00edv a sz\u00edne. Kompakt n\u00f6veked\u00e9s\u0171, s\u00f6v\u00e9nynek, g\u00f6mb form\u00e1nak kialak\u00edtva is t\u00f6k\u00e9letes.<\/p>\n<p>Kifejlett \u00e1llapotban\u00a0 el\u00e9rheti a 170cm magass\u00e1got is.<\/p>\n<p>&nbsp;<\/p>\n<h2><strong>Jelen term\u00e9k\u00fcnk kont\u00e9neres \u00e9s kb:60\/80 cm magas + a cser\u00e9p<\/strong><\/h2>\n<p>El\u00e9rhet\u0151 t\u00f6bbf\u00e9le m\u00e9retben \u00e9s \u00e1rban.<\/p>\n<p><strong>K\u00e9szlet\u00fcnk napi szinten v\u00e1ltozik, ez\u00e9rt k\u00e9rj\u00fck, \u00e9rdekl\u0151dj\u00f6n szem\u00e9lyesen, telefonon vagy email-en.<br \/>\nA v\u00e1ltoztat\u00e1s jog\u00e1t fenntartjuk!\u00a0<\/strong><\/p>\n<p><span style=\"color: #ff0000;\"><strong>Javaslatok a \u00fcltet\u00e9shez:\u00a0<\/strong><\/span><\/p>\n<p>A g\u00f6d\u00f6r m\u00e9rete a megv\u00e1s\u00e1rolt term\u00e9k m\u00e9ret\u00e9t\u0151l f\u00fcgg, de minkk\u00e9ppen nagyobb g\u00f6dr\u00f6t kell \u00e1snunk, mint a n\u00f6v\u00e9ny f\u00f6ldlabd\u00e1ja.<\/p>\n<p>T\u00e1panyag ut\u00e1np\u00f3tl\u00e1sr\u00f3l m\u00e1r \u00fcltet\u00e9skor se feledkezhet\u00fcnk meg. Az \u00fcltet\u0151 g\u00f6d\u00f6r alj\u00e1ba helyezett szarvasmarhatr\u00e1gy\u00e1val gondoskodhatunk err\u0151l az els\u0151 id\u0151szakban.<\/p>\n<p>Javasoljuk m\u00e9g a gy\u00f6k\u00e9ritat\u00f3 haszn\u00e1lat\u00e1t.<\/p>\n<p>A\u00a0 gy\u00f6k\u00e9ritat\u00f3 haszn\u00e1lata a talaj v\u00edzmegtart\u00f3 k\u00e9pess\u00e9get n\u00f6veli.<\/p>\n<p>Melyet szint\u00e9n megv\u00e1s\u00e1rolhatja Webshopunkban az al\u00e1bbi linken.<\/p>\n<p><a href=\"https:\/\/tajkertesz.com\/?s=gy%C3%B6k%C3%A9ritat%C3%B3&amp;post_type=product&amp;dgwt_wcas=1\">https:\/\/tajkertesz.com\/?s=gy%C3%B6k%C3%A9ritat%C3%B3&amp;post_type=product&amp;dgwt_wcas=1<\/a><\/p>\n<p>Els\u0151sorban mindig gondoskodjunk arr\u00f3l, hogy legyen megfelel\u0151 \u00f6nt\u00f6z\u00e9s, v\u00edzp\u00f3tl\u00e1s. A berkenye \u00fcltet\u00e9s ut\u00e1n jobban megered, ha locsolj\u00e1k. Az els\u0151 2-3 \u00e9v\u00e9ben is ig\u00e9nyli a folyamatos \u00f6nt\u00f6z\u00e9st.<\/p>\n<p>Amennyiben ezeket a l\u00e9p\u00e9seket elv\u00e9gezt\u00fck \u00fagy kert\u00fcnk leend\u0151 \u00e9ke lesz, ak\u00e1r s\u00f6v\u00e9nynek ak\u00e1r szoliternek \u00fcltett\u00fck.<\/p>\n<p><span style=\"color: #ff0000;\">Metsz\u00e9s:<\/span><\/p>\n<p>A\u00a0 korallberkeny\u00e9nket c\u00e9lszer\u0171 \u00e9vente t\u00f6bbsz\u00f6r megny\u00edrni, metszeni.<\/p>\n<p>Ez a feladat nagy szakmai tud\u00e1st nem ig\u00e9nyel csak odafigyel\u00e9st.<\/p>\n<p>Metszeni, ny\u00edrni akkor c\u00e9lszer\u0171 amikor a \u00a0friss hajt\u00e1sok el\u00e9gg\u00e9 meg\u00f6regnek ahhoz, hogy bez\u00f6ld\u00fcljenek.<\/p>\n<p>A metsz\u00e9s elv\u00e9gezt\u00e9vel n\u00e9h\u00e1ny napon bel\u00fcl ism\u00e9t v\u00f6r\u00f6s sz\u00ednben pomp\u00e1zik majd a berkeny\u00e9nk!<\/p>\n<p>A n\u00f6v\u00e9ny eg\u00e9sz \u00e9vben metszhet\u0151, \u00edgy sz\u00fcntelen\u00fcl \u00e9lvezhetj\u00fck a sz\u00e9p, piros sz\u00ednek pomp\u00e1j\u00e1t, valamint a form\u00e1j\u00e1t is tetsz\u00e9s szerint alak\u00edthatjuk!<\/p>\n<p><a href=\"https:\/\/tajkertesz.com\/\">https:\/\/tajkertesz.com\/<\/a><\/p>\n<p><a href=\"https:\/\/www.facebook.com\/tajkertesz\/\">https:\/\/www.facebook.com\/tajkertesz\/<\/a><\/p>\n<p>Kisz\u00e1ll\u00edt\u00e1s: 200cm-ig \u00a0\u00e9s 40 kg-ig a sz\u00e1ll\u00edt\u00e1s fut\u00e1rszolg\u00e1lattal \u00a0t\u00f6rt\u00e9nik.<\/p>\n<p>Szem\u00e9lyes \u00e1tv\u00e9tel nyitvatart\u00e1si id\u0151ben a 17. ker\u00fclet Bakancsos utca 7. sz\u00e1m alatti Kert\u00e9szeti \u00e1rud\u00e1ban.<\/p>\n<p>&nbsp;<\/p>","protected":false},"excerpt":{"rendered":"<p>A Photinia Compatta -korallberkenye <span class=\"\">\u00a0kiv\u00e1l\u00f3 \u00f6r\u00f6kz\u00f6ld s\u00f6v\u00e9nyn\u00f6v\u00e9ny, az \u00faj, \u00e9l\u00e9nkv\u00f6r\u00f6s levelek sz\u00edn\u00e9vel t\u0171nik ki&#8230;<\/span><\/p>\n<h3><strong>Magass\u00e1ga 60\/80 cm.<\/strong><\/h3>\n<h3>Cser\u00e9pm\u00e9ret 2L.<\/h3>","protected":false},"featured_media":16898,"template":"","meta":{"_et_pb_use_builder":"","_et_pb_old_content":"","_et_gb_content_width":""},"product_brand":[],"product_cat":[26],"product_tag":[4053,73,4054,907,24,4055],"class_list":{"0":"post-14283","1":"product","2":"type-product","3":"status-publish","4":"has-post-thumbnail","6":"product_cat-orokzold-novenyek","7":"product_tag-compatta","8":"product_tag-cserje","9":"product_tag-kompakt","10":"product_tag-korallberkenye","11":"product_tag-orokzold","12":"product_tag-photinia-compatta-korallberkenye","14":"first","15":"instock","16":"shipping-taxable","17":"purchasable","18":"product-type-simple"},"yoast_head":"<!-- This site is optimized with the Yoast SEO plugin v27.5 - https:\/\/yoast.com\/product\/yoast-seo-wordpress\/ -->\n<title>Photinia Compatta -korallberkenye 60\/80cm - T\u00e1jkert\u00e9sz<\/title>\n<meta name=\"description\" content=\"A Photinia Compatta -korallberkenye \u00a0kiv\u00e1l\u00f3 \u00f6r\u00f6kz\u00f6ld s\u00f6v\u00e9nyn\u00f6v\u00e9ny, az \u00faj, \u00e9l\u00e9nkv\u00f6r\u00f6s levelek sz\u00edn\u00e9vel t\u0171nik ki. Kifejlett \u00e1llapot\u00e1ban 170cm magas lesz.\" \/>\n<meta name=\"robots\" content=\"index, follow, max-snippet:-1, max-image-preview:large, max-video-preview:-1\" \/>\n<link rel=\"canonical\" href=\"https:\/\/tajkertesz.com\/en_US\/product\/photinia-compatta-korallberkenye\/\" \/>\n<meta property=\"og:locale\" content=\"en_US\" \/>\n<meta property=\"og:type\" content=\"article\" \/>\n<meta property=\"og:title\" content=\"https:\/\/www.facebook.com\/tajkertesz\" \/>\n<meta property=\"og:description\" content=\"A Photinia Compatta -korallberkenye \u00a0kiv\u00e1l\u00f3 \u00f6r\u00f6kz\u00f6ld s\u00f6v\u00e9nyn\u00f6v\u00e9ny, az \u00faj, \u00e9l\u00e9nkv\u00f6r\u00f6s levelek sz\u00edn\u00e9vel t\u0171nik ki.Ennek az alfajnak az a jellemz\u0151je, hogy megtartja a photini\u00e1k \u00f6sszes jellemz\u0151j\u00e9t, de bokra kompaktabb int ahogy a neve is mutatja.Visszafogottabb a n\u00f6veked\u00e9s\u0171 \u00e9s kev\u00e9sb\u00e9\u00a0 intenz\u00edv a sz\u00edne.Kifejlett \u00e1llapotban\u00a0 el\u00e9rheti a 170cm magass\u00e1got is\" \/>\n<meta property=\"og:url\" content=\"https:\/\/tajkertesz.com\/en_US\/product\/photinia-compatta-korallberkenye\/\" \/>\n<meta property=\"og:site_name\" content=\"T\u00e1jkert\u00e9sz\" \/>\n<meta property=\"article:publisher\" content=\"https:\/\/www.facebook.com\/Tajkertesz\/\" \/>\n<meta property=\"article:modified_time\" content=\"2026-04-28T13:33:19+00:00\" \/>\n<meta property=\"og:image\" content=\"https:\/\/tajkertesz.com\/wp-content\/uploads\/2022\/12\/20230913_155505-1-scaled.jpg\" \/>\n\t<meta property=\"og:image:width\" content=\"1154\" \/>\n\t<meta property=\"og:image:height\" content=\"2560\" \/>\n\t<meta property=\"og:image:type\" content=\"image\/jpeg\" \/>\n<meta name=\"twitter:card\" content=\"summary_large_image\" \/>\n<meta name=\"twitter:label1\" content=\"Est. reading time\" \/>\n\t<meta name=\"twitter:data1\" content=\"2 minutes\" \/>\n<script type=\"application\/ld+json\" class=\"yoast-schema-graph\">{\"@context\":\"https:\\\/\\\/schema.org\",\"@graph\":[{\"@type\":\"WebPage\",\"@id\":\"https:\\\/\\\/tajkertesz.com\\\/termek\\\/photinia-compatta-korallberkenye\\\/\",\"url\":\"https:\\\/\\\/tajkertesz.com\\\/termek\\\/photinia-compatta-korallberkenye\\\/\",\"name\":\"Photinia Compatta -korallberkenye 60\\\/80cm - T\u00e1jkert\u00e9sz\",\"isPartOf\":{\"@id\":\"https:\\\/\\\/tajkertesz.com\\\/#website\"},\"primaryImageOfPage\":{\"@id\":\"https:\\\/\\\/tajkertesz.com\\\/termek\\\/photinia-compatta-korallberkenye\\\/#primaryimage\"},\"image\":{\"@id\":\"https:\\\/\\\/tajkertesz.com\\\/termek\\\/photinia-compatta-korallberkenye\\\/#primaryimage\"},\"thumbnailUrl\":\"https:\\\/\\\/tajkertesz.com\\\/wp-content\\\/uploads\\\/2022\\\/12\\\/20230913_155505-1-scaled.jpg\",\"datePublished\":\"2022-12-01T09:58:01+00:00\",\"dateModified\":\"2026-04-28T13:33:19+00:00\",\"description\":\"A Photinia Compatta -korallberkenye \u00a0kiv\u00e1l\u00f3 \u00f6r\u00f6kz\u00f6ld s\u00f6v\u00e9nyn\u00f6v\u00e9ny, az \u00faj, \u00e9l\u00e9nkv\u00f6r\u00f6s levelek sz\u00edn\u00e9vel t\u0171nik ki. Kifejlett \u00e1llapot\u00e1ban 170cm magas lesz.\",\"breadcrumb\":{\"@id\":\"https:\\\/\\\/tajkertesz.com\\\/termek\\\/photinia-compatta-korallberkenye\\\/#breadcrumb\"},\"inLanguage\":\"en-US\",\"potentialAction\":[{\"@type\":\"ReadAction\",\"target\":[\"https:\\\/\\\/tajkertesz.com\\\/termek\\\/photinia-compatta-korallberkenye\\\/\"]}]},{\"@type\":\"ImageObject\",\"inLanguage\":\"en-US\",\"@id\":\"https:\\\/\\\/tajkertesz.com\\\/termek\\\/photinia-compatta-korallberkenye\\\/#primaryimage\",\"url\":\"https:\\\/\\\/tajkertesz.com\\\/wp-content\\\/uploads\\\/2022\\\/12\\\/20230913_155505-1-scaled.jpg\",\"contentUrl\":\"https:\\\/\\\/tajkertesz.com\\\/wp-content\\\/uploads\\\/2022\\\/12\\\/20230913_155505-1-scaled.jpg\",\"width\":1154,\"height\":2560},{\"@type\":\"BreadcrumbList\",\"@id\":\"https:\\\/\\\/tajkertesz.com\\\/termek\\\/photinia-compatta-korallberkenye\\\/#breadcrumb\",\"itemListElement\":[{\"@type\":\"ListItem\",\"position\":1,\"name\":\"Home\",\"item\":\"https:\\\/\\\/tajkertesz.com\\\/\"},{\"@type\":\"ListItem\",\"position\":2,\"name\":\"Kezd\u0151lap\",\"item\":\"https:\\\/\\\/tajkertesz.com\\\/\"},{\"@type\":\"ListItem\",\"position\":3,\"name\":\"Photinia Compatta -korallberkenye 60\\\/80cm\"}]},{\"@type\":\"WebSite\",\"@id\":\"https:\\\/\\\/tajkertesz.com\\\/#website\",\"url\":\"https:\\\/\\\/tajkertesz.com\\\/\",\"name\":\"T\u00e1j-Kert\u00e9sz 84 Kft.\",\"description\":\"Kert\u00e9szeti kis- \u00e9s nagykeresked\u00e9s, D\u00edszn\u00f6v\u00e9ny web\u00e1ruh\u00e1z orsz\u00e1gos h\u00e1zhozsz\u00e1ll\u00edt\u00e1ssal!\",\"publisher\":{\"@id\":\"https:\\\/\\\/tajkertesz.com\\\/#organization\"},\"potentialAction\":[{\"@type\":\"SearchAction\",\"target\":{\"@type\":\"EntryPoint\",\"urlTemplate\":\"https:\\\/\\\/tajkertesz.com\\\/?s={search_term_string}\"},\"query-input\":{\"@type\":\"PropertyValueSpecification\",\"valueRequired\":true,\"valueName\":\"search_term_string\"}}],\"inLanguage\":\"en-US\"},{\"@type\":\"Organization\",\"@id\":\"https:\\\/\\\/tajkertesz.com\\\/#organization\",\"name\":\"T\u00e1j-Kert\u00e9sz 84 Kft.\",\"url\":\"https:\\\/\\\/tajkertesz.com\\\/\",\"logo\":{\"@type\":\"ImageObject\",\"inLanguage\":\"en-US\",\"@id\":\"https:\\\/\\\/tajkertesz.com\\\/#\\\/schema\\\/logo\\\/image\\\/\",\"url\":\"https:\\\/\\\/tajkertesz.com\\\/wp-content\\\/uploads\\\/2018\\\/02\\\/logo-2-e1518678052539.png\",\"contentUrl\":\"https:\\\/\\\/tajkertesz.com\\\/wp-content\\\/uploads\\\/2018\\\/02\\\/logo-2-e1518678052539.png\",\"width\":81,\"height\":140,\"caption\":\"T\u00e1j-Kert\u00e9sz 84 Kft.\"},\"image\":{\"@id\":\"https:\\\/\\\/tajkertesz.com\\\/#\\\/schema\\\/logo\\\/image\\\/\"},\"sameAs\":[\"https:\\\/\\\/www.facebook.com\\\/Tajkertesz\\\/\"]}]}<\/script>\n<!-- \/ Yoast SEO plugin. -->","yoast_head_json":{"title":"Photinia Compatta -korallberkenye 60\/80cm - T\u00e1jkert\u00e9sz","description":"A Photinia Compatta -korallberkenye \u00a0kiv\u00e1l\u00f3 \u00f6r\u00f6kz\u00f6ld s\u00f6v\u00e9nyn\u00f6v\u00e9ny, az \u00faj, \u00e9l\u00e9nkv\u00f6r\u00f6s levelek sz\u00edn\u00e9vel t\u0171nik ki. Kifejlett \u00e1llapot\u00e1ban 170cm magas lesz.","robots":{"index":"index","follow":"follow","max-snippet":"max-snippet:-1","max-image-preview":"max-image-preview:large","max-video-preview":"max-video-preview:-1"},"canonical":"https:\/\/tajkertesz.com\/en_US\/product\/photinia-compatta-korallberkenye\/","og_locale":"en_US","og_type":"article","og_title":"https:\/\/www.facebook.com\/tajkertesz","og_description":"A Photinia Compatta -korallberkenye \u00a0kiv\u00e1l\u00f3 \u00f6r\u00f6kz\u00f6ld s\u00f6v\u00e9nyn\u00f6v\u00e9ny, az \u00faj, \u00e9l\u00e9nkv\u00f6r\u00f6s levelek sz\u00edn\u00e9vel t\u0171nik ki.Ennek az alfajnak az a jellemz\u0151je, hogy megtartja a photini\u00e1k \u00f6sszes jellemz\u0151j\u00e9t, de bokra kompaktabb int ahogy a neve is mutatja.Visszafogottabb a n\u00f6veked\u00e9s\u0171 \u00e9s kev\u00e9sb\u00e9\u00a0 intenz\u00edv a sz\u00edne.Kifejlett \u00e1llapotban\u00a0 el\u00e9rheti a 170cm magass\u00e1got is","og_url":"https:\/\/tajkertesz.com\/en_US\/product\/photinia-compatta-korallberkenye\/","og_site_name":"T\u00e1jkert\u00e9sz","article_publisher":"https:\/\/www.facebook.com\/Tajkertesz\/","article_modified_time":"2026-04-28T13:33:19+00:00","og_image":[{"width":1154,"height":2560,"url":"https:\/\/tajkertesz.com\/wp-content\/uploads\/2022\/12\/20230913_155505-1-scaled.jpg","type":"image\/jpeg"}],"twitter_card":"summary_large_image","twitter_misc":{"Est. reading time":"2 minutes"},"schema":{"@context":"https:\/\/schema.org","@graph":[{"@type":"WebPage","@id":"https:\/\/tajkertesz.com\/termek\/photinia-compatta-korallberkenye\/","url":"https:\/\/tajkertesz.com\/termek\/photinia-compatta-korallberkenye\/","name":"Photinia Compatta -korallberkenye 60\/80cm - T\u00e1jkert\u00e9sz","isPartOf":{"@id":"https:\/\/tajkertesz.com\/#website"},"primaryImageOfPage":{"@id":"https:\/\/tajkertesz.com\/termek\/photinia-compatta-korallberkenye\/#primaryimage"},"image":{"@id":"https:\/\/tajkertesz.com\/termek\/photinia-compatta-korallberkenye\/#primaryimage"},"thumbnailUrl":"https:\/\/tajkertesz.com\/wp-content\/uploads\/2022\/12\/20230913_155505-1-scaled.jpg","datePublished":"2022-12-01T09:58:01+00:00","dateModified":"2026-04-28T13:33:19+00:00","description":"A Photinia Compatta -korallberkenye \u00a0kiv\u00e1l\u00f3 \u00f6r\u00f6kz\u00f6ld s\u00f6v\u00e9nyn\u00f6v\u00e9ny, az \u00faj, \u00e9l\u00e9nkv\u00f6r\u00f6s levelek sz\u00edn\u00e9vel t\u0171nik ki. Kifejlett \u00e1llapot\u00e1ban 170cm magas lesz.","breadcrumb":{"@id":"https:\/\/tajkertesz.com\/termek\/photinia-compatta-korallberkenye\/#breadcrumb"},"inLanguage":"en-US","potentialAction":[{"@type":"ReadAction","target":["https:\/\/tajkertesz.com\/termek\/photinia-compatta-korallberkenye\/"]}]},{"@type":"ImageObject","inLanguage":"en-US","@id":"https:\/\/tajkertesz.com\/termek\/photinia-compatta-korallberkenye\/#primaryimage","url":"https:\/\/tajkertesz.com\/wp-content\/uploads\/2022\/12\/20230913_155505-1-scaled.jpg","contentUrl":"https:\/\/tajkertesz.com\/wp-content\/uploads\/2022\/12\/20230913_155505-1-scaled.jpg","width":1154,"height":2560},{"@type":"BreadcrumbList","@id":"https:\/\/tajkertesz.com\/termek\/photinia-compatta-korallberkenye\/#breadcrumb","itemListElement":[{"@type":"ListItem","position":1,"name":"Home","item":"https:\/\/tajkertesz.com\/"},{"@type":"ListItem","position":2,"name":"Kezd\u0151lap","item":"https:\/\/tajkertesz.com\/"},{"@type":"ListItem","position":3,"name":"Photinia Compatta -korallberkenye 60\/80cm"}]},{"@type":"WebSite","@id":"https:\/\/tajkertesz.com\/#website","url":"https:\/\/tajkertesz.com\/","name":"T\u00e1j-Kert\u00e9sz 84 Kft.","description":"Kert\u00e9szeti kis- \u00e9s nagykeresked\u00e9s, D\u00edszn\u00f6v\u00e9ny web\u00e1ruh\u00e1z orsz\u00e1gos h\u00e1zhozsz\u00e1ll\u00edt\u00e1ssal!","publisher":{"@id":"https:\/\/tajkertesz.com\/#organization"},"potentialAction":[{"@type":"SearchAction","target":{"@type":"EntryPoint","urlTemplate":"https:\/\/tajkertesz.com\/?s={search_term_string}"},"query-input":{"@type":"PropertyValueSpecification","valueRequired":true,"valueName":"search_term_string"}}],"inLanguage":"en-US"},{"@type":"Organization","@id":"https:\/\/tajkertesz.com\/#organization","name":"T\u00e1j-Kert\u00e9sz 84 Kft.","url":"https:\/\/tajkertesz.com\/","logo":{"@type":"ImageObject","inLanguage":"en-US","@id":"https:\/\/tajkertesz.com\/#\/schema\/logo\/image\/","url":"https:\/\/tajkertesz.com\/wp-content\/uploads\/2018\/02\/logo-2-e1518678052539.png","contentUrl":"https:\/\/tajkertesz.com\/wp-content\/uploads\/2018\/02\/logo-2-e1518678052539.png","width":81,"height":140,"caption":"T\u00e1j-Kert\u00e9sz 84 Kft."},"image":{"@id":"https:\/\/tajkertesz.com\/#\/schema\/logo\/image\/"},"sameAs":["https:\/\/www.facebook.com\/Tajkertesz\/"]}]}},"_links":{"self":[{"href":"https:\/\/tajkertesz.com\/en_US\/wp-json\/wp\/v2\/product\/14283","targetHints":{"allow":["GET"]}}],"collection":[{"href":"https:\/\/tajkertesz.com\/en_US\/wp-json\/wp\/v2\/product"}],"about":[{"href":"https:\/\/tajkertesz.com\/en_US\/wp-json\/wp\/v2\/types\/product"}],"wp:featuredmedia":[{"embeddable":true,"href":"https:\/\/tajkertesz.com\/en_US\/wp-json\/wp\/v2\/media\/16898"}],"wp:attachment":[{"href":"https:\/\/tajkertesz.com\/en_US\/wp-json\/wp\/v2\/media?parent=14283"}],"wp:term":[{"taxonomy":"product_brand","embeddable":true,"href":"https:\/\/tajkertesz.com\/en_US\/wp-json\/wp\/v2\/product_brand?post=14283"},{"taxonomy":"product_cat","embeddable":true,"href":"https:\/\/tajkertesz.com\/en_US\/wp-json\/wp\/v2\/product_cat?post=14283"},{"taxonomy":"product_tag","embeddable":true,"href":"https:\/\/tajkertesz.com\/en_US\/wp-json\/wp\/v2\/product_tag?post=14283"}],"curies":[{"name":"wp","href":"https:\/\/api.w.org\/{rel}","templated":true}]}}