{"id":14300,"date":"2022-12-01T15:33:15","date_gmt":"2022-12-01T15:33:15","guid":{"rendered":"https:\/\/tajkertesz.com\/?post_type=product&#038;p=14300"},"modified":"2023-10-29T08:11:30","modified_gmt":"2023-10-29T08:11:30","slug":"carpinus-betulus-fastigiata-oszlopos-gyertyan","status":"publish","type":"product","link":"https:\/\/tajkertesz.com\/en_US\/product\/carpinus-betulus-fastigiata-oszlopos-gyertyan\/","title":{"rendered":"Carpinus betulus &#8216;Fastigiata&#8217; ,oszlopos gyerty\u00e1n"},"content":{"rendered":"<p>Carpinus betulus &#8216;Fastigiata&#8217; ,oszlopos gyerty\u00e1n<\/p>\n<p>A Carpinus betulus &#8216;Fastigiata&#8217; ,oszlopos gyerty\u00e1n\u00a0 nagy termet\u0171, karcs\u00fa koron\u00e1j\u00fa ak\u00e1r 15-20 m\u00e9ter magasra megn\u00f6v\u0151 d\u00edszfa.<\/p>\n<p>Levele z\u00f6ld sz\u00edn\u0171 mely\u00a0 \u0151sszel s\u00e1rg\u00e1ra sz\u00ednez\u0151dik.\u00a0 J\u00f3 alkalmazkod\u00f3k\u00e9pess\u00e9g\u0171, de \u00fcde talajon \u00e9s p\u00e1r\u00e1s kl\u00edm\u00e1j\u00fa helyen fejl\u0151dik sz\u00e9pen.<\/p>\n<p>\u00c1rny\u00e9kt\u0171r\u0151, nem fagy\u00e9rz\u00e9keny. Szoliter fa vagy s\u0171r\u0171 bokr\u00fa s\u00f6v\u00e9nyn\u00f6v\u00e9ny.<\/p>\n<p><a href=\"https:\/\/tajkertesz.com\/\">https:\/\/tajkertesz.com\/<\/a><\/p>\n<p><a href=\"https:\/\/www.facebook.com\/tajkertesz\/\">https:\/\/www.facebook.com\/tajkertesz\/<\/a><\/p>\n<p>Kisz\u00e1ll\u00edt\u00e1s: 200cm-ig \u00a0\u00e9s 40 kg-ig a sz\u00e1ll\u00edt\u00e1s fut\u00e1rszolg\u00e1lattal \u00a0t\u00f6rt\u00e9nik.<\/p>\n<p>Szem\u00e9lyes \u00e1tv\u00e9tel nyitvatart\u00e1si id\u0151ben a 17. ker\u00fclet Bakancsos utca 7. sz\u00e1m alatti Kert\u00e9szeti \u00e1rud\u00e1ban.<\/p>\n<p style=\"text-align: center;\"><strong><u>Fa \u00fcltet\u00e9si seg\u00e9dlet!<\/u><\/strong><\/p>\n<p><u>Amire sz\u00fcks\u00e9g\u00fcnk lesz a fa el\u00fclt\u00e9s\u00e9hez:<\/u><\/p>\n<p>&nbsp;<\/p>\n<p><u>-\u00c1s\u00f3\u00a0\u00a0<a href=\"https:\/\/tajkertesz.com\/?s=%C3%A1s%C3%B3&amp;post_type=product&amp;dgwt_wcas=1\">KATT IDE!!<\/a><\/u><\/p>\n<p><u>-Dr\u00e9ncs\u0151, Gy\u00f6k\u00e9ritat\u00f3\u00a0<a href=\"https:\/\/tajkertesz.com\/?s=GY%C3%96K%C3%89RITAT%C3%93&amp;post_type=product&amp;dgwt_wcas=1\">KATT IDE!!!<\/a><\/u><\/p>\n<p><u>-Szarvasmarhatr\u00e1gya\u00a0<a href=\"https:\/\/tajkertesz.com\/termek-kategoria\/tapoldatok-mutragyak\/tragyak\/\">KATT IDE!!!<\/a><\/u><\/p>\n<p><u>-Kar\u00f3 vagy C\u00f6l\u00f6p\u00a0<a href=\"https:\/\/tajkertesz.com\/?s=C%C3%96L%C3%96P&amp;post_type=product&amp;dgwt_wcas=1\">KATT IDE!!!<\/a><\/u><\/p>\n<p><u>-Far\u00f6gzit\u0151szalag\u00a0<a href=\"https:\/\/tajkertesz.com\/?s=FAT%C3%96RZS+K%C3%96T&amp;post_type=product&amp;dgwt_wcas=1\">KATT IDE!!!<\/a><\/u><\/p>\n<p>&nbsp;<\/p>\n<p>A kiv\u00e1lasztott d\u00edszfa\u00a0 megv\u00e1s\u00e1rl\u00e1sa ut\u00e1n\u00a0 az \u00fcltet\u0151 g\u00f6d\u00f6r elk\u00e9sz\u00edt\u00e9s\u00e9vel kezd\u00fcnk.<\/p>\n<p>M\u00e9rete a megv\u00e1s\u00e1rolt fa m\u00e9ret\u00e9t\u0151l f\u00fcgg, de minkk\u00e9ppen nagyobb g\u00f6dr\u00f6t kell \u00e1snunk, mint a n\u00f6v\u00e9ny f\u00f6ldlabd\u00e1ja.<\/p>\n<p>T\u00e1panyag ut\u00e1np\u00f3tl\u00e1sr\u00f3l m\u00e1r \u00fcltet\u00e9skor se feledkezhet\u00fcnk meg. Az \u00fcltet\u0151 g\u00f6d\u00f6r alj\u00e1ba helyezett szarvasmarhatr\u00e1gy\u00e1val gondoskodhatunk err\u0151l az els\u0151 id\u0151szakban.<\/p>\n<p>Javasoljuk m\u00e9g a gy\u00f6k\u00e9ritat\u00f3, vagy dr\u00e9ncs\u0151 haszn\u00e1lat\u00e1t.<\/p>\n<p>A dr\u00e9ncs\u0151 kihelyez\u00e9se vagy a gy\u00f6k\u00e9ritat\u00f3 haszn\u00e1lata a talaj v\u00edzmegtart\u00f3 k\u00e9pess\u00e9get n\u00f6veli.<\/p>\n<p>Fontos a megfelel\u0151 t\u00e1m rendszer biztos\u00edt\u00e1sa.<\/p>\n<p>Ez ide\u00e1lis esetben 3 darab, a f\u00e1t\u00f3l nem sokkal alacsonyabb kar\u00f3ra, c\u00f6l\u00f6pre lesz sz\u00fcks\u00e9g\u00fcnk melyhez kik\u00f6tj\u00fck a f\u00e1t, hogy ellen\u00e1lljon a sz\u00e9lnyom\u00e1snak, illetve hogy egyenesen n\u00f6vekedjen.<\/p>\n<p>Amennyiben ezeket a l\u00e9p\u00e9seket elv\u00e9gezt\u00fck \u00fagy kert\u00fcnk leend\u0151 \u00e9ke lesz a fa melyet nagy gonddal kiv\u00e1lasztottunk.<\/p>","protected":false},"excerpt":{"rendered":"<p>A Carpinus betulus &#8216;Fastigiata&#8217; ,oszlopos gyerty\u00e1n\u00a0 nagy termet\u0171, karcs\u00fa koron\u00e1j\u00fa ak\u00e1r 15-20 m\u00e9ter magasra megn\u00f6v\u0151 d\u00edszfa.<\/p>\n<p>Levele z\u00f6ld sz\u00edn\u0171 mely\u00a0 \u0151sszel s\u00e1rg\u00e1ra sz\u00ednez\u0151dik.\u00a0 J\u00f3 alkalmazkod\u00f3k\u00e9pess\u00e9g\u0171, de \u00fcde talajon \u00e9s p\u00e1r\u00e1s kl\u00edm\u00e1j\u00fa helyen fejl\u0151dik sz\u00e9pen.<\/p>\n<p>\u00c1rny\u00e9kt\u0171r\u0151, nem fagy\u00e9rz\u00e9keny. Szoliter fa vagy s\u0171r\u0171 bokr\u00fa s\u00f6v\u00e9nyn\u00f6v\u00e9ny.<\/p>","protected":false},"featured_media":14303,"template":"","meta":{"_et_pb_use_builder":"","_et_pb_old_content":"","_et_gb_content_width":""},"product_brand":[],"product_cat":[28],"product_tag":[65,64,4067,4068,4065,4066],"class_list":{"0":"post-14300","1":"product","2":"type-product","3":"status-publish","4":"has-post-thumbnail","6":"product_cat-diszfak","7":"product_tag-betulus","8":"product_tag-carpinus","9":"product_tag-carpinus-betulus-fastigiata","10":"product_tag-fastigiata","11":"product_tag-gyertyan","12":"product_tag-oszlopos-gyertyan","14":"first","15":"outofstock","16":"shipping-taxable","17":"purchasable","18":"product-type-simple"},"yoast_head":"<!-- This site is optimized with the Yoast SEO plugin v27.5 - https:\/\/yoast.com\/product\/yoast-seo-wordpress\/ -->\n<title>Carpinus betulus &#039;Fastigiata&#039; ,oszlopos gyerty\u00e1n - T\u00e1jkert\u00e9sz<\/title>\n<meta name=\"description\" content=\"A Carpinus betulus &#039;Fastigiata&#039; ,oszlopos gyerty\u00e1n\u00a0 nagy termet\u0171, karcs\u00fa koron\u00e1j\u00fa ak\u00e1r 15-20 m\u00e9ter magasra megn\u00f6v\u0151 d\u00edszfa.\u00a0\" \/>\n<meta name=\"robots\" content=\"index, follow, max-snippet:-1, max-image-preview:large, max-video-preview:-1\" \/>\n<link rel=\"canonical\" href=\"https:\/\/tajkertesz.com\/en_US\/product\/carpinus-betulus-fastigiata-oszlopos-gyertyan\/\" \/>\n<meta property=\"og:locale\" content=\"en_US\" \/>\n<meta property=\"og:type\" content=\"article\" \/>\n<meta property=\"og:title\" content=\"Carpinus betulus &#039;Fastigiata&#039; ,oszlopos gyerty\u00e1n - T\u00e1jkert\u00e9sz\" \/>\n<meta property=\"og:description\" content=\"A Carpinus betulus &#039;Fastigiata&#039; ,oszlopos gyerty\u00e1n\u00a0 nagy termet\u0171, karcs\u00fa koron\u00e1j\u00fa ak\u00e1r 15-20 m\u00e9ter magasra megn\u00f6v\u0151 d\u00edszfa.\u00a0\" \/>\n<meta property=\"og:url\" content=\"https:\/\/tajkertesz.com\/en_US\/product\/carpinus-betulus-fastigiata-oszlopos-gyertyan\/\" \/>\n<meta property=\"og:site_name\" content=\"T\u00e1jkert\u00e9sz\" \/>\n<meta property=\"article:publisher\" content=\"https:\/\/www.facebook.com\/Tajkertesz\/\" \/>\n<meta property=\"article:modified_time\" content=\"2023-10-29T08:11:30+00:00\" \/>\n<meta property=\"og:image\" content=\"https:\/\/tajkertesz.com\/wp-content\/uploads\/2022\/12\/Carpinus.jpg\" \/>\n\t<meta property=\"og:image:width\" content=\"405\" \/>\n\t<meta property=\"og:image:height\" content=\"898\" \/>\n\t<meta property=\"og:image:type\" content=\"image\/jpeg\" \/>\n<meta name=\"twitter:card\" content=\"summary_large_image\" \/>\n<meta name=\"twitter:label1\" content=\"Est. reading time\" \/>\n\t<meta name=\"twitter:data1\" content=\"2 minutes\" \/>\n<script type=\"application\/ld+json\" class=\"yoast-schema-graph\">{\"@context\":\"https:\\\/\\\/schema.org\",\"@graph\":[{\"@type\":\"WebPage\",\"@id\":\"https:\\\/\\\/tajkertesz.com\\\/termek\\\/carpinus-betulus-fastigiata-oszlopos-gyertyan\\\/\",\"url\":\"https:\\\/\\\/tajkertesz.com\\\/termek\\\/carpinus-betulus-fastigiata-oszlopos-gyertyan\\\/\",\"name\":\"Carpinus betulus 'Fastigiata' ,oszlopos gyerty\u00e1n - T\u00e1jkert\u00e9sz\",\"isPartOf\":{\"@id\":\"https:\\\/\\\/tajkertesz.com\\\/#website\"},\"primaryImageOfPage\":{\"@id\":\"https:\\\/\\\/tajkertesz.com\\\/termek\\\/carpinus-betulus-fastigiata-oszlopos-gyertyan\\\/#primaryimage\"},\"image\":{\"@id\":\"https:\\\/\\\/tajkertesz.com\\\/termek\\\/carpinus-betulus-fastigiata-oszlopos-gyertyan\\\/#primaryimage\"},\"thumbnailUrl\":\"https:\\\/\\\/tajkertesz.com\\\/wp-content\\\/uploads\\\/2022\\\/12\\\/Carpinus.jpg\",\"datePublished\":\"2022-12-01T15:33:15+00:00\",\"dateModified\":\"2023-10-29T08:11:30+00:00\",\"description\":\"A Carpinus betulus 'Fastigiata' ,oszlopos gyerty\u00e1n\u00a0 nagy termet\u0171, karcs\u00fa koron\u00e1j\u00fa ak\u00e1r 15-20 m\u00e9ter magasra megn\u00f6v\u0151 d\u00edszfa.\u00a0\",\"breadcrumb\":{\"@id\":\"https:\\\/\\\/tajkertesz.com\\\/termek\\\/carpinus-betulus-fastigiata-oszlopos-gyertyan\\\/#breadcrumb\"},\"inLanguage\":\"en-US\",\"potentialAction\":[{\"@type\":\"ReadAction\",\"target\":[\"https:\\\/\\\/tajkertesz.com\\\/termek\\\/carpinus-betulus-fastigiata-oszlopos-gyertyan\\\/\"]}]},{\"@type\":\"ImageObject\",\"inLanguage\":\"en-US\",\"@id\":\"https:\\\/\\\/tajkertesz.com\\\/termek\\\/carpinus-betulus-fastigiata-oszlopos-gyertyan\\\/#primaryimage\",\"url\":\"https:\\\/\\\/tajkertesz.com\\\/wp-content\\\/uploads\\\/2022\\\/12\\\/Carpinus.jpg\",\"contentUrl\":\"https:\\\/\\\/tajkertesz.com\\\/wp-content\\\/uploads\\\/2022\\\/12\\\/Carpinus.jpg\",\"width\":405,\"height\":898},{\"@type\":\"BreadcrumbList\",\"@id\":\"https:\\\/\\\/tajkertesz.com\\\/termek\\\/carpinus-betulus-fastigiata-oszlopos-gyertyan\\\/#breadcrumb\",\"itemListElement\":[{\"@type\":\"ListItem\",\"position\":1,\"name\":\"Home\",\"item\":\"https:\\\/\\\/tajkertesz.com\\\/\"},{\"@type\":\"ListItem\",\"position\":2,\"name\":\"Kezd\u0151lap\",\"item\":\"https:\\\/\\\/tajkertesz.com\\\/\"},{\"@type\":\"ListItem\",\"position\":3,\"name\":\"Carpinus betulus &#8216;Fastigiata&#8217; ,oszlopos gyerty\u00e1n\"}]},{\"@type\":\"WebSite\",\"@id\":\"https:\\\/\\\/tajkertesz.com\\\/#website\",\"url\":\"https:\\\/\\\/tajkertesz.com\\\/\",\"name\":\"T\u00e1j-Kert\u00e9sz 84 Kft.\",\"description\":\"Kert\u00e9szeti kis- \u00e9s nagykeresked\u00e9s, D\u00edszn\u00f6v\u00e9ny web\u00e1ruh\u00e1z orsz\u00e1gos h\u00e1zhozsz\u00e1ll\u00edt\u00e1ssal!\",\"publisher\":{\"@id\":\"https:\\\/\\\/tajkertesz.com\\\/#organization\"},\"potentialAction\":[{\"@type\":\"SearchAction\",\"target\":{\"@type\":\"EntryPoint\",\"urlTemplate\":\"https:\\\/\\\/tajkertesz.com\\\/?s={search_term_string}\"},\"query-input\":{\"@type\":\"PropertyValueSpecification\",\"valueRequired\":true,\"valueName\":\"search_term_string\"}}],\"inLanguage\":\"en-US\"},{\"@type\":\"Organization\",\"@id\":\"https:\\\/\\\/tajkertesz.com\\\/#organization\",\"name\":\"T\u00e1j-Kert\u00e9sz 84 Kft.\",\"url\":\"https:\\\/\\\/tajkertesz.com\\\/\",\"logo\":{\"@type\":\"ImageObject\",\"inLanguage\":\"en-US\",\"@id\":\"https:\\\/\\\/tajkertesz.com\\\/#\\\/schema\\\/logo\\\/image\\\/\",\"url\":\"https:\\\/\\\/tajkertesz.com\\\/wp-content\\\/uploads\\\/2018\\\/02\\\/logo-2-e1518678052539.png\",\"contentUrl\":\"https:\\\/\\\/tajkertesz.com\\\/wp-content\\\/uploads\\\/2018\\\/02\\\/logo-2-e1518678052539.png\",\"width\":81,\"height\":140,\"caption\":\"T\u00e1j-Kert\u00e9sz 84 Kft.\"},\"image\":{\"@id\":\"https:\\\/\\\/tajkertesz.com\\\/#\\\/schema\\\/logo\\\/image\\\/\"},\"sameAs\":[\"https:\\\/\\\/www.facebook.com\\\/Tajkertesz\\\/\"]}]}<\/script>\n<!-- \/ Yoast SEO plugin. -->","yoast_head_json":{"title":"Carpinus betulus 'Fastigiata' ,oszlopos gyerty\u00e1n - T\u00e1jkert\u00e9sz","description":"A Carpinus betulus 'Fastigiata' ,oszlopos gyerty\u00e1n\u00a0 nagy termet\u0171, karcs\u00fa koron\u00e1j\u00fa ak\u00e1r 15-20 m\u00e9ter magasra megn\u00f6v\u0151 d\u00edszfa.\u00a0","robots":{"index":"index","follow":"follow","max-snippet":"max-snippet:-1","max-image-preview":"max-image-preview:large","max-video-preview":"max-video-preview:-1"},"canonical":"https:\/\/tajkertesz.com\/en_US\/product\/carpinus-betulus-fastigiata-oszlopos-gyertyan\/","og_locale":"en_US","og_type":"article","og_title":"Carpinus betulus 'Fastigiata' ,oszlopos gyerty\u00e1n - T\u00e1jkert\u00e9sz","og_description":"A Carpinus betulus 'Fastigiata' ,oszlopos gyerty\u00e1n\u00a0 nagy termet\u0171, karcs\u00fa koron\u00e1j\u00fa ak\u00e1r 15-20 m\u00e9ter magasra megn\u00f6v\u0151 d\u00edszfa.\u00a0","og_url":"https:\/\/tajkertesz.com\/en_US\/product\/carpinus-betulus-fastigiata-oszlopos-gyertyan\/","og_site_name":"T\u00e1jkert\u00e9sz","article_publisher":"https:\/\/www.facebook.com\/Tajkertesz\/","article_modified_time":"2023-10-29T08:11:30+00:00","og_image":[{"width":405,"height":898,"url":"https:\/\/tajkertesz.com\/wp-content\/uploads\/2022\/12\/Carpinus.jpg","type":"image\/jpeg"}],"twitter_card":"summary_large_image","twitter_misc":{"Est. reading time":"2 minutes"},"schema":{"@context":"https:\/\/schema.org","@graph":[{"@type":"WebPage","@id":"https:\/\/tajkertesz.com\/termek\/carpinus-betulus-fastigiata-oszlopos-gyertyan\/","url":"https:\/\/tajkertesz.com\/termek\/carpinus-betulus-fastigiata-oszlopos-gyertyan\/","name":"Carpinus betulus 'Fastigiata' ,oszlopos gyerty\u00e1n - T\u00e1jkert\u00e9sz","isPartOf":{"@id":"https:\/\/tajkertesz.com\/#website"},"primaryImageOfPage":{"@id":"https:\/\/tajkertesz.com\/termek\/carpinus-betulus-fastigiata-oszlopos-gyertyan\/#primaryimage"},"image":{"@id":"https:\/\/tajkertesz.com\/termek\/carpinus-betulus-fastigiata-oszlopos-gyertyan\/#primaryimage"},"thumbnailUrl":"https:\/\/tajkertesz.com\/wp-content\/uploads\/2022\/12\/Carpinus.jpg","datePublished":"2022-12-01T15:33:15+00:00","dateModified":"2023-10-29T08:11:30+00:00","description":"A Carpinus betulus 'Fastigiata' ,oszlopos gyerty\u00e1n\u00a0 nagy termet\u0171, karcs\u00fa koron\u00e1j\u00fa ak\u00e1r 15-20 m\u00e9ter magasra megn\u00f6v\u0151 d\u00edszfa.\u00a0","breadcrumb":{"@id":"https:\/\/tajkertesz.com\/termek\/carpinus-betulus-fastigiata-oszlopos-gyertyan\/#breadcrumb"},"inLanguage":"en-US","potentialAction":[{"@type":"ReadAction","target":["https:\/\/tajkertesz.com\/termek\/carpinus-betulus-fastigiata-oszlopos-gyertyan\/"]}]},{"@type":"ImageObject","inLanguage":"en-US","@id":"https:\/\/tajkertesz.com\/termek\/carpinus-betulus-fastigiata-oszlopos-gyertyan\/#primaryimage","url":"https:\/\/tajkertesz.com\/wp-content\/uploads\/2022\/12\/Carpinus.jpg","contentUrl":"https:\/\/tajkertesz.com\/wp-content\/uploads\/2022\/12\/Carpinus.jpg","width":405,"height":898},{"@type":"BreadcrumbList","@id":"https:\/\/tajkertesz.com\/termek\/carpinus-betulus-fastigiata-oszlopos-gyertyan\/#breadcrumb","itemListElement":[{"@type":"ListItem","position":1,"name":"Home","item":"https:\/\/tajkertesz.com\/"},{"@type":"ListItem","position":2,"name":"Kezd\u0151lap","item":"https:\/\/tajkertesz.com\/"},{"@type":"ListItem","position":3,"name":"Carpinus betulus &#8216;Fastigiata&#8217; ,oszlopos gyerty\u00e1n"}]},{"@type":"WebSite","@id":"https:\/\/tajkertesz.com\/#website","url":"https:\/\/tajkertesz.com\/","name":"T\u00e1j-Kert\u00e9sz 84 Kft.","description":"Kert\u00e9szeti kis- \u00e9s nagykeresked\u00e9s, D\u00edszn\u00f6v\u00e9ny web\u00e1ruh\u00e1z orsz\u00e1gos h\u00e1zhozsz\u00e1ll\u00edt\u00e1ssal!","publisher":{"@id":"https:\/\/tajkertesz.com\/#organization"},"potentialAction":[{"@type":"SearchAction","target":{"@type":"EntryPoint","urlTemplate":"https:\/\/tajkertesz.com\/?s={search_term_string}"},"query-input":{"@type":"PropertyValueSpecification","valueRequired":true,"valueName":"search_term_string"}}],"inLanguage":"en-US"},{"@type":"Organization","@id":"https:\/\/tajkertesz.com\/#organization","name":"T\u00e1j-Kert\u00e9sz 84 Kft.","url":"https:\/\/tajkertesz.com\/","logo":{"@type":"ImageObject","inLanguage":"en-US","@id":"https:\/\/tajkertesz.com\/#\/schema\/logo\/image\/","url":"https:\/\/tajkertesz.com\/wp-content\/uploads\/2018\/02\/logo-2-e1518678052539.png","contentUrl":"https:\/\/tajkertesz.com\/wp-content\/uploads\/2018\/02\/logo-2-e1518678052539.png","width":81,"height":140,"caption":"T\u00e1j-Kert\u00e9sz 84 Kft."},"image":{"@id":"https:\/\/tajkertesz.com\/#\/schema\/logo\/image\/"},"sameAs":["https:\/\/www.facebook.com\/Tajkertesz\/"]}]}},"_links":{"self":[{"href":"https:\/\/tajkertesz.com\/en_US\/wp-json\/wp\/v2\/product\/14300","targetHints":{"allow":["GET"]}}],"collection":[{"href":"https:\/\/tajkertesz.com\/en_US\/wp-json\/wp\/v2\/product"}],"about":[{"href":"https:\/\/tajkertesz.com\/en_US\/wp-json\/wp\/v2\/types\/product"}],"wp:featuredmedia":[{"embeddable":true,"href":"https:\/\/tajkertesz.com\/en_US\/wp-json\/wp\/v2\/media\/14303"}],"wp:attachment":[{"href":"https:\/\/tajkertesz.com\/en_US\/wp-json\/wp\/v2\/media?parent=14300"}],"wp:term":[{"taxonomy":"product_brand","embeddable":true,"href":"https:\/\/tajkertesz.com\/en_US\/wp-json\/wp\/v2\/product_brand?post=14300"},{"taxonomy":"product_cat","embeddable":true,"href":"https:\/\/tajkertesz.com\/en_US\/wp-json\/wp\/v2\/product_cat?post=14300"},{"taxonomy":"product_tag","embeddable":true,"href":"https:\/\/tajkertesz.com\/en_US\/wp-json\/wp\/v2\/product_tag?post=14300"}],"curies":[{"name":"wp","href":"https:\/\/api.w.org\/{rel}","templated":true}]}}