{"id":14349,"date":"2022-12-06T14:27:01","date_gmt":"2022-12-06T14:27:01","guid":{"rendered":"https:\/\/tajkertesz.com\/?post_type=product&#038;p=14349"},"modified":"2026-02-18T15:23:13","modified_gmt":"2026-02-18T15:23:13","slug":"voroskaposztamag-15-g-csiraztatasra","status":"publish","type":"product","link":"https:\/\/tajkertesz.com\/en_US\/product\/voroskaposztamag-15-g-csiraztatasra\/","title":{"rendered":"V\u00f6r\u00f6sk\u00e1posztamag 15 g cs\u00edr\u00e1ztat\u00e1sra"},"content":{"rendered":"<p>V\u00f6r\u00f6sk\u00e1posztamag\u00a0 15 g cs\u00edr\u00e1ztat\u00e1sra<\/p>\n<p>A V\u00f6r\u00f6sk\u00e1posztamag\u00a0 15 g cs\u00edr\u00e1ztat\u00e1sra.<\/p>\n<p>Egy t\u00e1ny\u00e9r cs\u00edra el\u0151\u00e1ll\u00edt\u00e1s\u00e1hoz 1 ev\u0151kan\u00e1l magot haszn\u00e1lunk. A cs\u00edr\u00e1z\u00e1shoz sz\u00fcks\u00e9ges h\u0151m\u00e9rs\u00e9klet: 20 C fok, <b>\u00f6nt\u00f6z\u00e9s<\/b>\u00a0naponta k\u00e9tszer.\u00a0<b>Cs\u00edr\u00e1z\u00e1si id\u0151:\u00a0<\/b>7 nap.<\/p>\n<p><strong>A cs\u00edra maga az \u00e9let!<\/strong><\/p>\n<p><strong>Ez igaz is, hiszen a magokb\u00f3l kifejl\u0151d\u00f6tt apr\u00f3 hajt\u00e1sok magas t\u00e1p\u00e9rt\u00e9k\u0171, teljes eg\u00e9sz\u00e9ben em\u00e9szthet\u0151 \u00e9lelmiszerek.<\/strong><\/p>\n<p><strong>Melyek minden m\u00e1sn\u00e1l nagyobb koncentr\u00e1ci\u00f3ban tartalmaznak vitaminokat, jelent\u0151s az aminosav-, az enzim-, az antioxid\u00e1ns- \u00e9s az \u00e1sv\u00e1nyi anyag tartalm\u00faak.<\/strong><\/p>\n<p><strong>Rendszeres fogyaszt\u00e1sukkal hozz\u00e1j\u00e1rulhatunk eg\u00e9szs\u00e9g\u00fcnk fenntart\u00e1s\u00e1hoz. \u00cdz\u00fckben pedig v\u00e1ltozatosak, az enyh\u00e9bb jellegtelen \u00edzt\u0151l, a pik\u00e1nson \u00e1t az eg\u00e9szen cs\u00edp\u0151sig tal\u00e1lhatunk \u00edzv\u00e1ltozatokat. A legt\u00f6bb cs\u00edra \u00edz\u00e9ben m\u00e1r megjelenik az kifejlett n\u00f6v\u00e9ny \u00edze is, \u00edgy j\u00f3l illeszkednek a k\u00fcl\u00f6nf\u00e9le \u00e9telekhez pl. sal\u00e1t\u00e1khoz, szendvicsekhez, vagy ak\u00e1r levesekhez.<\/strong><\/p>\n<p><strong>Az eg\u00e9szs\u00e9ges cs\u00edr\u00e1t,\u00a0 megtudod\u00a0 otthon fill\u00e9rekb\u0151l csin\u00e1lni!<\/strong><\/p>\n<p><strong>A mag cs\u00edr\u00e1ztat\u00e1s\u00e1hoz csak v\u00edzre \u00e9s egy\u00a0 speci\u00e1lis sz\u0171r\u0151s\u00a0 ed\u00e9nyre van sz\u00fcks\u00e9g!<\/strong><\/p>\n<p><a href=\"https:\/\/tajkertesz.com\/termek\/csiraztato-uvegedeny\/\">https:\/\/tajkertesz.com\/termek\/csiraztato-uvegedeny\/<\/a><\/p>\n<p>&nbsp;<\/p>\n<p>&nbsp;<\/p>\n<p>El\u00e9rhet\u0151 t\u00f6bbf\u00e9le m\u00e9retben \u00e9s \u00e1rban.<\/p>\n<p><strong>K\u00e9szlet\u00fcnk napi szinten v\u00e1ltozik, ez\u00e9rt k\u00e9rj\u00fck, \u00e9rdekl\u0151dj\u00f6n szem\u00e9lyesen, telefonon vagy email-en.<br \/>\nA v\u00e1ltoztat\u00e1s jog\u00e1t fenntartjuk!\u00a0<\/strong><\/p>\n<p>&nbsp;<\/p>\n<p><a href=\"https:\/\/tajkertesz.com\/\">https:\/\/tajkertesz.com\/<\/a><\/p>\n<p><a href=\"https:\/\/www.facebook.com\/tajkertesz\/\">https:\/\/www.facebook.com\/tajkertesz\/<\/a><\/p>\n<p>Kisz\u00e1ll\u00edt\u00e1s: 200cm-ig \u00a0\u00e9s 40 kg-ig a sz\u00e1ll\u00edt\u00e1s fut\u00e1rszolg\u00e1lattal \u00a0t\u00f6rt\u00e9nik.<\/p>\n<p>Szem\u00e9lyes \u00e1tv\u00e9tel nyitvatart\u00e1si id\u0151ben a 17. ker\u00fclet Bakancsos utca 7. sz\u00e1m alatti Kert\u00e9szeti \u00e1rud\u00e1ban.<\/p>\n<p><strong>A cs\u00edra maga az \u00e9let!<\/strong><\/p>\n<p><strong>Ez igaz is, hiszen a magokb\u00f3l kifejl\u0151d\u00f6tt apr\u00f3 hajt\u00e1sok magas t\u00e1p\u00e9rt\u00e9k\u0171, teljes eg\u00e9sz\u00e9ben em\u00e9szthet\u0151 \u00e9lelmiszerek.<\/strong><\/p>\n<p><strong>Melyek minden m\u00e1sn\u00e1l nagyobb koncentr\u00e1ci\u00f3ban tartalmaznak vitaminokat, jelent\u0151s az aminosav-, az enzim-, az antioxid\u00e1ns- \u00e9s az \u00e1sv\u00e1nyi anyag tartalm\u00faak.<\/strong><\/p>\n<p><strong>Rendszeres fogyaszt\u00e1sukkal hozz\u00e1j\u00e1rulhatunk eg\u00e9szs\u00e9g\u00fcnk fenntart\u00e1s\u00e1hoz. \u00cdz\u00fckben pedig v\u00e1ltozatosak, az enyh\u00e9bb jellegtelen \u00edzt\u0151l, a pik\u00e1nson \u00e1t az eg\u00e9szen cs\u00edp\u0151sig tal\u00e1lhatunk \u00edzv\u00e1ltozatokat. A legt\u00f6bb cs\u00edra \u00edz\u00e9ben m\u00e1r megjelenik az kifejlett n\u00f6v\u00e9ny \u00edze is, \u00edgy j\u00f3l illeszkednek a k\u00fcl\u00f6nf\u00e9le \u00e9telekhez pl. sal\u00e1t\u00e1khoz, szendvicsekhez, vagy ak\u00e1r levesekhez.<\/strong><\/p>\n<p><strong>Az eg\u00e9szs\u00e9ges cs\u00edr\u00e1t,\u00a0 megtudod\u00a0 otthon fill\u00e9rekb\u0151l csin\u00e1lni!<\/strong><\/p>\n<p>&nbsp;<\/p>","protected":false},"excerpt":{"rendered":"<p>A V\u00f6r\u00f6sk\u00e1posztamag Top\u00e1z 15 g cs\u00edr\u00e1ztat\u00e1sra.<\/p>\n<p>Egy t\u00e1ny\u00e9r cs\u00edra el\u0151\u00e1ll\u00edt\u00e1s\u00e1hoz 1 ev\u0151kan\u00e1l magot haszn\u00e1lunk. A cs\u00edr\u00e1z\u00e1shoz sz\u00fcks\u00e9ges h\u0151m\u00e9rs\u00e9klet: 20 C fok, <b>\u00f6nt\u00f6z\u00e9s<\/b>\u00a0naponta k\u00e9tszer.\u00a0<b>Cs\u00edr\u00e1z\u00e1si id\u0151:\u00a0<\/b>7 nap.<\/p>","protected":false},"featured_media":14350,"template":"","meta":{"_et_pb_use_builder":"","_et_pb_old_content":"","_et_gb_content_width":""},"product_brand":[],"product_cat":[1212],"product_tag":[4037,4071,4069,4070],"class_list":{"0":"post-14349","1":"product","2":"type-product","3":"status-publish","4":"has-post-thumbnail","6":"product_cat-bio-csira-magok","7":"product_tag-csira","8":"product_tag-csiraztatas","9":"product_tag-topaz","10":"product_tag-voroskaposzta","12":"first","13":"instock","14":"shipping-taxable","15":"purchasable","16":"product-type-simple"},"yoast_head":"<!-- This site is optimized with the Yoast SEO plugin v27.4 - https:\/\/yoast.com\/product\/yoast-seo-wordpress\/ -->\n<title>V\u00f6r\u00f6sk\u00e1posztamag 15 g cs\u00edr\u00e1ztat\u00e1sra - T\u00e1jkert\u00e9sz<\/title>\n<meta name=\"description\" content=\"A V\u00f6r\u00f6sk\u00e1posztamag 15 g cs\u00edr\u00e1ztat\u00e1sra.\u00a0Egy t\u00e1ny\u00e9r cs\u00edra el\u0151\u00e1ll\u00edt\u00e1s\u00e1hoz 1 ev\u0151kan\u00e1l magot haszn\u00e1lunk fel. A cs\u00edr\u00e1z\u00e1shoz sz\u00fcks\u00e9ges 20 C fok.\" \/>\n<meta name=\"robots\" content=\"index, follow, max-snippet:-1, max-image-preview:large, max-video-preview:-1\" \/>\n<link rel=\"canonical\" href=\"https:\/\/tajkertesz.com\/en_US\/product\/voroskaposztamag-15-g-csiraztatasra\/\" \/>\n<meta property=\"og:locale\" content=\"en_US\" \/>\n<meta property=\"og:type\" content=\"article\" \/>\n<meta property=\"og:title\" content=\"V\u00f6r\u00f6sk\u00e1posztamag 15 g cs\u00edr\u00e1ztat\u00e1sra - T\u00e1jkert\u00e9sz\" \/>\n<meta property=\"og:description\" content=\"A V\u00f6r\u00f6sk\u00e1posztamag 15 g cs\u00edr\u00e1ztat\u00e1sra.\u00a0Egy t\u00e1ny\u00e9r cs\u00edra el\u0151\u00e1ll\u00edt\u00e1s\u00e1hoz 1 ev\u0151kan\u00e1l magot haszn\u00e1lunk fel. A cs\u00edr\u00e1z\u00e1shoz sz\u00fcks\u00e9ges 20 C fok.\" \/>\n<meta property=\"og:url\" content=\"https:\/\/tajkertesz.com\/en_US\/product\/voroskaposztamag-15-g-csiraztatasra\/\" \/>\n<meta property=\"og:site_name\" content=\"T\u00e1jkert\u00e9sz\" \/>\n<meta property=\"article:publisher\" content=\"https:\/\/www.facebook.com\/Tajkertesz\/\" \/>\n<meta property=\"article:modified_time\" content=\"2026-02-18T15:23:13+00:00\" \/>\n<meta property=\"og:image\" content=\"https:\/\/tajkertesz.com\/wp-content\/uploads\/2022\/12\/voroskaposzta.jpg\" \/>\n\t<meta property=\"og:image:width\" content=\"500\" \/>\n\t<meta property=\"og:image:height\" content=\"835\" \/>\n\t<meta property=\"og:image:type\" content=\"image\/jpeg\" \/>\n<meta name=\"twitter:card\" content=\"summary_large_image\" \/>\n<meta name=\"twitter:label1\" content=\"Est. reading time\" \/>\n\t<meta name=\"twitter:data1\" content=\"2 minutes\" \/>\n<script type=\"application\/ld+json\" class=\"yoast-schema-graph\">{\"@context\":\"https:\\\/\\\/schema.org\",\"@graph\":[{\"@type\":\"WebPage\",\"@id\":\"https:\\\/\\\/tajkertesz.com\\\/termek\\\/voroskaposztamag-15-g-csiraztatasra\\\/\",\"url\":\"https:\\\/\\\/tajkertesz.com\\\/termek\\\/voroskaposztamag-15-g-csiraztatasra\\\/\",\"name\":\"V\u00f6r\u00f6sk\u00e1posztamag 15 g cs\u00edr\u00e1ztat\u00e1sra - T\u00e1jkert\u00e9sz\",\"isPartOf\":{\"@id\":\"https:\\\/\\\/tajkertesz.com\\\/#website\"},\"primaryImageOfPage\":{\"@id\":\"https:\\\/\\\/tajkertesz.com\\\/termek\\\/voroskaposztamag-15-g-csiraztatasra\\\/#primaryimage\"},\"image\":{\"@id\":\"https:\\\/\\\/tajkertesz.com\\\/termek\\\/voroskaposztamag-15-g-csiraztatasra\\\/#primaryimage\"},\"thumbnailUrl\":\"https:\\\/\\\/tajkertesz.com\\\/wp-content\\\/uploads\\\/2022\\\/12\\\/voroskaposzta.jpg\",\"datePublished\":\"2022-12-06T14:27:01+00:00\",\"dateModified\":\"2026-02-18T15:23:13+00:00\",\"description\":\"A V\u00f6r\u00f6sk\u00e1posztamag 15 g cs\u00edr\u00e1ztat\u00e1sra.\u00a0Egy t\u00e1ny\u00e9r cs\u00edra el\u0151\u00e1ll\u00edt\u00e1s\u00e1hoz 1 ev\u0151kan\u00e1l magot haszn\u00e1lunk fel. A cs\u00edr\u00e1z\u00e1shoz sz\u00fcks\u00e9ges 20 C fok.\",\"breadcrumb\":{\"@id\":\"https:\\\/\\\/tajkertesz.com\\\/termek\\\/voroskaposztamag-15-g-csiraztatasra\\\/#breadcrumb\"},\"inLanguage\":\"en-US\",\"potentialAction\":[{\"@type\":\"ReadAction\",\"target\":[\"https:\\\/\\\/tajkertesz.com\\\/termek\\\/voroskaposztamag-15-g-csiraztatasra\\\/\"]}]},{\"@type\":\"ImageObject\",\"inLanguage\":\"en-US\",\"@id\":\"https:\\\/\\\/tajkertesz.com\\\/termek\\\/voroskaposztamag-15-g-csiraztatasra\\\/#primaryimage\",\"url\":\"https:\\\/\\\/tajkertesz.com\\\/wp-content\\\/uploads\\\/2022\\\/12\\\/voroskaposzta.jpg\",\"contentUrl\":\"https:\\\/\\\/tajkertesz.com\\\/wp-content\\\/uploads\\\/2022\\\/12\\\/voroskaposzta.jpg\",\"width\":500,\"height\":835},{\"@type\":\"BreadcrumbList\",\"@id\":\"https:\\\/\\\/tajkertesz.com\\\/termek\\\/voroskaposztamag-15-g-csiraztatasra\\\/#breadcrumb\",\"itemListElement\":[{\"@type\":\"ListItem\",\"position\":1,\"name\":\"Home\",\"item\":\"https:\\\/\\\/tajkertesz.com\\\/\"},{\"@type\":\"ListItem\",\"position\":2,\"name\":\"Kezd\u0151lap\",\"item\":\"https:\\\/\\\/tajkertesz.com\\\/\"},{\"@type\":\"ListItem\",\"position\":3,\"name\":\"V\u00f6r\u00f6sk\u00e1posztamag 15 g cs\u00edr\u00e1ztat\u00e1sra\"}]},{\"@type\":\"WebSite\",\"@id\":\"https:\\\/\\\/tajkertesz.com\\\/#website\",\"url\":\"https:\\\/\\\/tajkertesz.com\\\/\",\"name\":\"T\u00e1j-Kert\u00e9sz 84 Kft.\",\"description\":\"Kert\u00e9szeti kis- \u00e9s nagykeresked\u00e9s, D\u00edszn\u00f6v\u00e9ny web\u00e1ruh\u00e1z orsz\u00e1gos h\u00e1zhozsz\u00e1ll\u00edt\u00e1ssal!\",\"publisher\":{\"@id\":\"https:\\\/\\\/tajkertesz.com\\\/#organization\"},\"potentialAction\":[{\"@type\":\"SearchAction\",\"target\":{\"@type\":\"EntryPoint\",\"urlTemplate\":\"https:\\\/\\\/tajkertesz.com\\\/?s={search_term_string}\"},\"query-input\":{\"@type\":\"PropertyValueSpecification\",\"valueRequired\":true,\"valueName\":\"search_term_string\"}}],\"inLanguage\":\"en-US\"},{\"@type\":\"Organization\",\"@id\":\"https:\\\/\\\/tajkertesz.com\\\/#organization\",\"name\":\"T\u00e1j-Kert\u00e9sz 84 Kft.\",\"url\":\"https:\\\/\\\/tajkertesz.com\\\/\",\"logo\":{\"@type\":\"ImageObject\",\"inLanguage\":\"en-US\",\"@id\":\"https:\\\/\\\/tajkertesz.com\\\/#\\\/schema\\\/logo\\\/image\\\/\",\"url\":\"https:\\\/\\\/tajkertesz.com\\\/wp-content\\\/uploads\\\/2018\\\/02\\\/logo-2-e1518678052539.png\",\"contentUrl\":\"https:\\\/\\\/tajkertesz.com\\\/wp-content\\\/uploads\\\/2018\\\/02\\\/logo-2-e1518678052539.png\",\"width\":81,\"height\":140,\"caption\":\"T\u00e1j-Kert\u00e9sz 84 Kft.\"},\"image\":{\"@id\":\"https:\\\/\\\/tajkertesz.com\\\/#\\\/schema\\\/logo\\\/image\\\/\"},\"sameAs\":[\"https:\\\/\\\/www.facebook.com\\\/Tajkertesz\\\/\"]}]}<\/script>\n<!-- \/ Yoast SEO plugin. -->","yoast_head_json":{"title":"V\u00f6r\u00f6sk\u00e1posztamag 15 g cs\u00edr\u00e1ztat\u00e1sra - T\u00e1jkert\u00e9sz","description":"A V\u00f6r\u00f6sk\u00e1posztamag 15 g cs\u00edr\u00e1ztat\u00e1sra.\u00a0Egy t\u00e1ny\u00e9r cs\u00edra el\u0151\u00e1ll\u00edt\u00e1s\u00e1hoz 1 ev\u0151kan\u00e1l magot haszn\u00e1lunk fel. A cs\u00edr\u00e1z\u00e1shoz sz\u00fcks\u00e9ges 20 C fok.","robots":{"index":"index","follow":"follow","max-snippet":"max-snippet:-1","max-image-preview":"max-image-preview:large","max-video-preview":"max-video-preview:-1"},"canonical":"https:\/\/tajkertesz.com\/en_US\/product\/voroskaposztamag-15-g-csiraztatasra\/","og_locale":"en_US","og_type":"article","og_title":"V\u00f6r\u00f6sk\u00e1posztamag 15 g cs\u00edr\u00e1ztat\u00e1sra - T\u00e1jkert\u00e9sz","og_description":"A V\u00f6r\u00f6sk\u00e1posztamag 15 g cs\u00edr\u00e1ztat\u00e1sra.\u00a0Egy t\u00e1ny\u00e9r cs\u00edra el\u0151\u00e1ll\u00edt\u00e1s\u00e1hoz 1 ev\u0151kan\u00e1l magot haszn\u00e1lunk fel. A cs\u00edr\u00e1z\u00e1shoz sz\u00fcks\u00e9ges 20 C fok.","og_url":"https:\/\/tajkertesz.com\/en_US\/product\/voroskaposztamag-15-g-csiraztatasra\/","og_site_name":"T\u00e1jkert\u00e9sz","article_publisher":"https:\/\/www.facebook.com\/Tajkertesz\/","article_modified_time":"2026-02-18T15:23:13+00:00","og_image":[{"width":500,"height":835,"url":"https:\/\/tajkertesz.com\/wp-content\/uploads\/2022\/12\/voroskaposzta.jpg","type":"image\/jpeg"}],"twitter_card":"summary_large_image","twitter_misc":{"Est. reading time":"2 minutes"},"schema":{"@context":"https:\/\/schema.org","@graph":[{"@type":"WebPage","@id":"https:\/\/tajkertesz.com\/termek\/voroskaposztamag-15-g-csiraztatasra\/","url":"https:\/\/tajkertesz.com\/termek\/voroskaposztamag-15-g-csiraztatasra\/","name":"V\u00f6r\u00f6sk\u00e1posztamag 15 g cs\u00edr\u00e1ztat\u00e1sra - T\u00e1jkert\u00e9sz","isPartOf":{"@id":"https:\/\/tajkertesz.com\/#website"},"primaryImageOfPage":{"@id":"https:\/\/tajkertesz.com\/termek\/voroskaposztamag-15-g-csiraztatasra\/#primaryimage"},"image":{"@id":"https:\/\/tajkertesz.com\/termek\/voroskaposztamag-15-g-csiraztatasra\/#primaryimage"},"thumbnailUrl":"https:\/\/tajkertesz.com\/wp-content\/uploads\/2022\/12\/voroskaposzta.jpg","datePublished":"2022-12-06T14:27:01+00:00","dateModified":"2026-02-18T15:23:13+00:00","description":"A V\u00f6r\u00f6sk\u00e1posztamag 15 g cs\u00edr\u00e1ztat\u00e1sra.\u00a0Egy t\u00e1ny\u00e9r cs\u00edra el\u0151\u00e1ll\u00edt\u00e1s\u00e1hoz 1 ev\u0151kan\u00e1l magot haszn\u00e1lunk fel. A cs\u00edr\u00e1z\u00e1shoz sz\u00fcks\u00e9ges 20 C fok.","breadcrumb":{"@id":"https:\/\/tajkertesz.com\/termek\/voroskaposztamag-15-g-csiraztatasra\/#breadcrumb"},"inLanguage":"en-US","potentialAction":[{"@type":"ReadAction","target":["https:\/\/tajkertesz.com\/termek\/voroskaposztamag-15-g-csiraztatasra\/"]}]},{"@type":"ImageObject","inLanguage":"en-US","@id":"https:\/\/tajkertesz.com\/termek\/voroskaposztamag-15-g-csiraztatasra\/#primaryimage","url":"https:\/\/tajkertesz.com\/wp-content\/uploads\/2022\/12\/voroskaposzta.jpg","contentUrl":"https:\/\/tajkertesz.com\/wp-content\/uploads\/2022\/12\/voroskaposzta.jpg","width":500,"height":835},{"@type":"BreadcrumbList","@id":"https:\/\/tajkertesz.com\/termek\/voroskaposztamag-15-g-csiraztatasra\/#breadcrumb","itemListElement":[{"@type":"ListItem","position":1,"name":"Home","item":"https:\/\/tajkertesz.com\/"},{"@type":"ListItem","position":2,"name":"Kezd\u0151lap","item":"https:\/\/tajkertesz.com\/"},{"@type":"ListItem","position":3,"name":"V\u00f6r\u00f6sk\u00e1posztamag 15 g cs\u00edr\u00e1ztat\u00e1sra"}]},{"@type":"WebSite","@id":"https:\/\/tajkertesz.com\/#website","url":"https:\/\/tajkertesz.com\/","name":"T\u00e1j-Kert\u00e9sz 84 Kft.","description":"Kert\u00e9szeti kis- \u00e9s nagykeresked\u00e9s, D\u00edszn\u00f6v\u00e9ny web\u00e1ruh\u00e1z orsz\u00e1gos h\u00e1zhozsz\u00e1ll\u00edt\u00e1ssal!","publisher":{"@id":"https:\/\/tajkertesz.com\/#organization"},"potentialAction":[{"@type":"SearchAction","target":{"@type":"EntryPoint","urlTemplate":"https:\/\/tajkertesz.com\/?s={search_term_string}"},"query-input":{"@type":"PropertyValueSpecification","valueRequired":true,"valueName":"search_term_string"}}],"inLanguage":"en-US"},{"@type":"Organization","@id":"https:\/\/tajkertesz.com\/#organization","name":"T\u00e1j-Kert\u00e9sz 84 Kft.","url":"https:\/\/tajkertesz.com\/","logo":{"@type":"ImageObject","inLanguage":"en-US","@id":"https:\/\/tajkertesz.com\/#\/schema\/logo\/image\/","url":"https:\/\/tajkertesz.com\/wp-content\/uploads\/2018\/02\/logo-2-e1518678052539.png","contentUrl":"https:\/\/tajkertesz.com\/wp-content\/uploads\/2018\/02\/logo-2-e1518678052539.png","width":81,"height":140,"caption":"T\u00e1j-Kert\u00e9sz 84 Kft."},"image":{"@id":"https:\/\/tajkertesz.com\/#\/schema\/logo\/image\/"},"sameAs":["https:\/\/www.facebook.com\/Tajkertesz\/"]}]}},"_links":{"self":[{"href":"https:\/\/tajkertesz.com\/en_US\/wp-json\/wp\/v2\/product\/14349","targetHints":{"allow":["GET"]}}],"collection":[{"href":"https:\/\/tajkertesz.com\/en_US\/wp-json\/wp\/v2\/product"}],"about":[{"href":"https:\/\/tajkertesz.com\/en_US\/wp-json\/wp\/v2\/types\/product"}],"wp:featuredmedia":[{"embeddable":true,"href":"https:\/\/tajkertesz.com\/en_US\/wp-json\/wp\/v2\/media\/14350"}],"wp:attachment":[{"href":"https:\/\/tajkertesz.com\/en_US\/wp-json\/wp\/v2\/media?parent=14349"}],"wp:term":[{"taxonomy":"product_brand","embeddable":true,"href":"https:\/\/tajkertesz.com\/en_US\/wp-json\/wp\/v2\/product_brand?post=14349"},{"taxonomy":"product_cat","embeddable":true,"href":"https:\/\/tajkertesz.com\/en_US\/wp-json\/wp\/v2\/product_cat?post=14349"},{"taxonomy":"product_tag","embeddable":true,"href":"https:\/\/tajkertesz.com\/en_US\/wp-json\/wp\/v2\/product_tag?post=14349"}],"curies":[{"name":"wp","href":"https:\/\/api.w.org\/{rel}","templated":true}]}}