{"id":14377,"date":"2025-03-07T14:39:01","date_gmt":"2025-03-07T14:39:01","guid":{"rendered":"https:\/\/tajkertesz.com\/?post_type=product&#038;p=14377"},"modified":"2026-02-25T10:22:12","modified_gmt":"2026-02-25T10:22:12","slug":"pinus-wallichiana-himalajai-selyemfenyo","status":"publish","type":"product","link":"https:\/\/tajkertesz.com\/en_US\/product\/pinus-wallichiana-himalajai-selyemfenyo\/","title":{"rendered":"Pinus wallichiana\/ Himal\u00e1jai selyemfeny\u0151"},"content":{"rendered":"<h3>Pinus wallichiana\/ Himal\u00e1jai selyemfeny\u0151<\/h3>\n<p>&nbsp;<\/p>\n<p>Gyors n\u00f6veked\u00e9s\u0171, sz\u00fcrk\u00e9s z\u00f6ld sz\u00edn\u0171,\u00a0 v\u00e9kony, puha, hossz\u00fa t\u0171level\u0171 feny\u0151, tobozai rendk\u00edv\u00fcl nagyok, koron\u00e1ja sz\u00e9les, mutat\u00f3s.<\/p>\n<p>Szoliter n\u00f6v\u00e9ny.<\/p>\n<p>Kont\u00e9neres cserepes n\u00f6v\u00e9ny<\/p>\n<p>Magass\u00e1ga:25\/30cm<\/p>\n<p>Kont\u00e9ner:2L.<\/p>\n<p>&nbsp;<\/p>\n<p><strong>K\u00e9szlet\u00fcnk napi szinten v\u00e1ltozik, ez\u00e9rt k\u00e9rj\u00fck, \u00e9rdekl\u0151dj\u00f6n szem\u00e9lyesen,\u00a0<a href=\"http:\/\/www.tajkertesz.com\">telefonon vagy email-en<\/a>.<\/strong><br \/>\n<strong>A v\u00e1ltoztat\u00e1s jog\u00e1t fenntartjuk!<\/strong><\/p>\n<p>Kisz\u00e1ll\u00edt\u00e1s: 200cm-ig \u00a0\u00e9s 40 kg-ig a sz\u00e1ll\u00edt\u00e1s fut\u00e1rszolg\u00e1lattal \u00a0t\u00f6rt\u00e9nik.<\/p>\n<p>Szem\u00e9lyes \u00e1tv\u00e9tel nyitvatart\u00e1si id\u0151ben a 17. ker\u00fclet Bakancsos utca 7. sz\u00e1m alatti Kert\u00e9szeti \u00e1rud\u00e1ban<\/p>\n<p>https:\/\/tajkertesz.com\/https:\/\/www.facebook.com\/tajkertesz<\/p>\n<p>&nbsp;<\/p>","protected":false},"excerpt":{"rendered":"<p>&nbsp;<\/p>\n<p>Gyors n\u00f6veked\u00e9s\u0171, sz\u00fcrk\u00e9s z\u00f6ld sz\u00edn\u0171,\u00a0 v\u00e9kony, puha, hossz\u00fa t\u0171level\u0171 feny\u0151, tobozai rendk\u00edv\u00fcl nagyok, koron\u00e1ja sz\u00e9les, mutat\u00f3s&#8230;<\/p>\n<p>Kont\u00e9neres cserepes n\u00f6v\u00e9ny<\/p>\n<p>Magass\u00e1ga:25\/30 cm<\/p>\n<p>Kont\u00e9ner:2L.<\/p>\n<p><strong>K\u00e9szlet\u00fcnk napi szinten v\u00e1ltozik, ez\u00e9rt k\u00e9rj\u00fck, \u00e9rdekl\u0151dj\u00f6n szem\u00e9lyesen,\u00a0<a href=\"http:\/\/www.tajkertesz.com\">telefonon vagy email-en<\/a>.<\/strong><br \/>\n<strong>A v\u00e1ltoztat\u00e1s jog\u00e1t fenntartjuk!<\/strong><\/p>\n<p>&nbsp;<\/p>","protected":false},"featured_media":24247,"template":"","meta":{"_et_pb_use_builder":"","_et_pb_old_content":"","_et_gb_content_width":""},"product_brand":[],"product_cat":[4078],"product_tag":[4403,6390,6391],"class_list":{"0":"post-14377","1":"product","2":"type-product","3":"status-publish","4":"has-post-thumbnail","6":"product_cat-egyeb-fenyofekek","7":"product_tag-pinus","8":"product_tag-selyemfenyo","9":"product_tag-wallichiana","11":"first","12":"instock","13":"shipping-taxable","14":"purchasable","15":"product-type-simple"},"yoast_head":"<!-- This site is optimized with the Yoast SEO plugin v27.5 - https:\/\/yoast.com\/product\/yoast-seo-wordpress\/ -->\n<title>Pinus wallichiana\/ Himal\u00e1jai selyemfeny\u0151 - T\u00e1jkert\u00e9sz<\/title>\n<meta name=\"description\" content=\"Pinus wallichiana\/ Himal\u00e1jai selyemfeny\u0151. V\u00e1s\u00e1rolja meg kedvenc n\u00f6v\u00e9nyeit kert\u00e9szet\u00fcnkb\u0151l szem\u00e9lyesen, vagy web\u00e1ruh\u00e1zunkb\u00f3l h\u00e1zhozsz\u00e1ll\u00edt\u00e1ssal.\" \/>\n<meta name=\"robots\" content=\"index, follow, max-snippet:-1, max-image-preview:large, max-video-preview:-1\" \/>\n<link rel=\"canonical\" href=\"https:\/\/tajkertesz.com\/en_US\/product\/pinus-wallichiana-himalajai-selyemfenyo\/\" \/>\n<meta property=\"og:locale\" content=\"en_US\" \/>\n<meta property=\"og:type\" content=\"article\" \/>\n<meta property=\"og:title\" content=\"Pinus wallichiana\/ Himal\u00e1jai selyemfeny\u0151 - T\u00e1jkert\u00e9sz\" \/>\n<meta property=\"og:description\" content=\"Pinus wallichiana\/ Himal\u00e1jai selyemfeny\u0151. V\u00e1s\u00e1rolja meg kedvenc n\u00f6v\u00e9nyeit kert\u00e9szet\u00fcnkb\u0151l szem\u00e9lyesen, vagy web\u00e1ruh\u00e1zunkb\u00f3l h\u00e1zhozsz\u00e1ll\u00edt\u00e1ssal.\" \/>\n<meta property=\"og:url\" content=\"https:\/\/tajkertesz.com\/en_US\/product\/pinus-wallichiana-himalajai-selyemfenyo\/\" \/>\n<meta property=\"og:site_name\" content=\"T\u00e1jkert\u00e9sz\" \/>\n<meta property=\"article:publisher\" content=\"https:\/\/www.facebook.com\/Tajkertesz\/\" \/>\n<meta property=\"article:modified_time\" content=\"2026-02-25T10:22:12+00:00\" \/>\n<meta property=\"og:image\" content=\"https:\/\/tajkertesz.com\/wp-content\/uploads\/2025\/03\/image21-rotated.jpeg\" \/>\n\t<meta property=\"og:image:width\" content=\"1512\" \/>\n\t<meta property=\"og:image:height\" content=\"2016\" \/>\n\t<meta property=\"og:image:type\" content=\"image\/jpeg\" \/>\n<meta name=\"twitter:card\" content=\"summary_large_image\" \/>\n<meta name=\"twitter:label1\" content=\"Est. reading time\" \/>\n\t<meta name=\"twitter:data1\" content=\"1 minute\" \/>\n<script type=\"application\/ld+json\" class=\"yoast-schema-graph\">{\"@context\":\"https:\\\/\\\/schema.org\",\"@graph\":[{\"@type\":\"WebPage\",\"@id\":\"https:\\\/\\\/tajkertesz.com\\\/termek\\\/pinus-wallichiana-himalajai-selyemfenyo\\\/\",\"url\":\"https:\\\/\\\/tajkertesz.com\\\/termek\\\/pinus-wallichiana-himalajai-selyemfenyo\\\/\",\"name\":\"Pinus wallichiana\\\/ Himal\u00e1jai selyemfeny\u0151 - T\u00e1jkert\u00e9sz\",\"isPartOf\":{\"@id\":\"https:\\\/\\\/tajkertesz.com\\\/#website\"},\"primaryImageOfPage\":{\"@id\":\"https:\\\/\\\/tajkertesz.com\\\/termek\\\/pinus-wallichiana-himalajai-selyemfenyo\\\/#primaryimage\"},\"image\":{\"@id\":\"https:\\\/\\\/tajkertesz.com\\\/termek\\\/pinus-wallichiana-himalajai-selyemfenyo\\\/#primaryimage\"},\"thumbnailUrl\":\"https:\\\/\\\/tajkertesz.com\\\/wp-content\\\/uploads\\\/2025\\\/03\\\/image21-rotated.jpeg\",\"datePublished\":\"2025-03-07T14:39:01+00:00\",\"dateModified\":\"2026-02-25T10:22:12+00:00\",\"description\":\"Pinus wallichiana\\\/ Himal\u00e1jai selyemfeny\u0151. V\u00e1s\u00e1rolja meg kedvenc n\u00f6v\u00e9nyeit kert\u00e9szet\u00fcnkb\u0151l szem\u00e9lyesen, vagy web\u00e1ruh\u00e1zunkb\u00f3l h\u00e1zhozsz\u00e1ll\u00edt\u00e1ssal.\",\"breadcrumb\":{\"@id\":\"https:\\\/\\\/tajkertesz.com\\\/termek\\\/pinus-wallichiana-himalajai-selyemfenyo\\\/#breadcrumb\"},\"inLanguage\":\"en-US\",\"potentialAction\":[{\"@type\":\"ReadAction\",\"target\":[\"https:\\\/\\\/tajkertesz.com\\\/termek\\\/pinus-wallichiana-himalajai-selyemfenyo\\\/\"]}]},{\"@type\":\"ImageObject\",\"inLanguage\":\"en-US\",\"@id\":\"https:\\\/\\\/tajkertesz.com\\\/termek\\\/pinus-wallichiana-himalajai-selyemfenyo\\\/#primaryimage\",\"url\":\"https:\\\/\\\/tajkertesz.com\\\/wp-content\\\/uploads\\\/2025\\\/03\\\/image21-rotated.jpeg\",\"contentUrl\":\"https:\\\/\\\/tajkertesz.com\\\/wp-content\\\/uploads\\\/2025\\\/03\\\/image21-rotated.jpeg\",\"width\":1512,\"height\":2016},{\"@type\":\"BreadcrumbList\",\"@id\":\"https:\\\/\\\/tajkertesz.com\\\/termek\\\/pinus-wallichiana-himalajai-selyemfenyo\\\/#breadcrumb\",\"itemListElement\":[{\"@type\":\"ListItem\",\"position\":1,\"name\":\"Home\",\"item\":\"https:\\\/\\\/tajkertesz.com\\\/\"},{\"@type\":\"ListItem\",\"position\":2,\"name\":\"Kezd\u0151lap\",\"item\":\"https:\\\/\\\/tajkertesz.com\\\/\"},{\"@type\":\"ListItem\",\"position\":3,\"name\":\"Pinus wallichiana\\\/ Himal\u00e1jai selyemfeny\u0151\"}]},{\"@type\":\"WebSite\",\"@id\":\"https:\\\/\\\/tajkertesz.com\\\/#website\",\"url\":\"https:\\\/\\\/tajkertesz.com\\\/\",\"name\":\"T\u00e1j-Kert\u00e9sz 84 Kft.\",\"description\":\"Kert\u00e9szeti kis- \u00e9s nagykeresked\u00e9s, D\u00edszn\u00f6v\u00e9ny web\u00e1ruh\u00e1z orsz\u00e1gos h\u00e1zhozsz\u00e1ll\u00edt\u00e1ssal!\",\"publisher\":{\"@id\":\"https:\\\/\\\/tajkertesz.com\\\/#organization\"},\"potentialAction\":[{\"@type\":\"SearchAction\",\"target\":{\"@type\":\"EntryPoint\",\"urlTemplate\":\"https:\\\/\\\/tajkertesz.com\\\/?s={search_term_string}\"},\"query-input\":{\"@type\":\"PropertyValueSpecification\",\"valueRequired\":true,\"valueName\":\"search_term_string\"}}],\"inLanguage\":\"en-US\"},{\"@type\":\"Organization\",\"@id\":\"https:\\\/\\\/tajkertesz.com\\\/#organization\",\"name\":\"T\u00e1j-Kert\u00e9sz 84 Kft.\",\"url\":\"https:\\\/\\\/tajkertesz.com\\\/\",\"logo\":{\"@type\":\"ImageObject\",\"inLanguage\":\"en-US\",\"@id\":\"https:\\\/\\\/tajkertesz.com\\\/#\\\/schema\\\/logo\\\/image\\\/\",\"url\":\"https:\\\/\\\/tajkertesz.com\\\/wp-content\\\/uploads\\\/2018\\\/02\\\/logo-2-e1518678052539.png\",\"contentUrl\":\"https:\\\/\\\/tajkertesz.com\\\/wp-content\\\/uploads\\\/2018\\\/02\\\/logo-2-e1518678052539.png\",\"width\":81,\"height\":140,\"caption\":\"T\u00e1j-Kert\u00e9sz 84 Kft.\"},\"image\":{\"@id\":\"https:\\\/\\\/tajkertesz.com\\\/#\\\/schema\\\/logo\\\/image\\\/\"},\"sameAs\":[\"https:\\\/\\\/www.facebook.com\\\/Tajkertesz\\\/\"]}]}<\/script>\n<!-- \/ Yoast SEO plugin. -->","yoast_head_json":{"title":"Pinus wallichiana\/ Himal\u00e1jai selyemfeny\u0151 - T\u00e1jkert\u00e9sz","description":"Pinus wallichiana\/ Himal\u00e1jai selyemfeny\u0151. V\u00e1s\u00e1rolja meg kedvenc n\u00f6v\u00e9nyeit kert\u00e9szet\u00fcnkb\u0151l szem\u00e9lyesen, vagy web\u00e1ruh\u00e1zunkb\u00f3l h\u00e1zhozsz\u00e1ll\u00edt\u00e1ssal.","robots":{"index":"index","follow":"follow","max-snippet":"max-snippet:-1","max-image-preview":"max-image-preview:large","max-video-preview":"max-video-preview:-1"},"canonical":"https:\/\/tajkertesz.com\/en_US\/product\/pinus-wallichiana-himalajai-selyemfenyo\/","og_locale":"en_US","og_type":"article","og_title":"Pinus wallichiana\/ Himal\u00e1jai selyemfeny\u0151 - T\u00e1jkert\u00e9sz","og_description":"Pinus wallichiana\/ Himal\u00e1jai selyemfeny\u0151. V\u00e1s\u00e1rolja meg kedvenc n\u00f6v\u00e9nyeit kert\u00e9szet\u00fcnkb\u0151l szem\u00e9lyesen, vagy web\u00e1ruh\u00e1zunkb\u00f3l h\u00e1zhozsz\u00e1ll\u00edt\u00e1ssal.","og_url":"https:\/\/tajkertesz.com\/en_US\/product\/pinus-wallichiana-himalajai-selyemfenyo\/","og_site_name":"T\u00e1jkert\u00e9sz","article_publisher":"https:\/\/www.facebook.com\/Tajkertesz\/","article_modified_time":"2026-02-25T10:22:12+00:00","og_image":[{"width":1512,"height":2016,"url":"https:\/\/tajkertesz.com\/wp-content\/uploads\/2025\/03\/image21-rotated.jpeg","type":"image\/jpeg"}],"twitter_card":"summary_large_image","twitter_misc":{"Est. reading time":"1 minute"},"schema":{"@context":"https:\/\/schema.org","@graph":[{"@type":"WebPage","@id":"https:\/\/tajkertesz.com\/termek\/pinus-wallichiana-himalajai-selyemfenyo\/","url":"https:\/\/tajkertesz.com\/termek\/pinus-wallichiana-himalajai-selyemfenyo\/","name":"Pinus wallichiana\/ Himal\u00e1jai selyemfeny\u0151 - T\u00e1jkert\u00e9sz","isPartOf":{"@id":"https:\/\/tajkertesz.com\/#website"},"primaryImageOfPage":{"@id":"https:\/\/tajkertesz.com\/termek\/pinus-wallichiana-himalajai-selyemfenyo\/#primaryimage"},"image":{"@id":"https:\/\/tajkertesz.com\/termek\/pinus-wallichiana-himalajai-selyemfenyo\/#primaryimage"},"thumbnailUrl":"https:\/\/tajkertesz.com\/wp-content\/uploads\/2025\/03\/image21-rotated.jpeg","datePublished":"2025-03-07T14:39:01+00:00","dateModified":"2026-02-25T10:22:12+00:00","description":"Pinus wallichiana\/ Himal\u00e1jai selyemfeny\u0151. V\u00e1s\u00e1rolja meg kedvenc n\u00f6v\u00e9nyeit kert\u00e9szet\u00fcnkb\u0151l szem\u00e9lyesen, vagy web\u00e1ruh\u00e1zunkb\u00f3l h\u00e1zhozsz\u00e1ll\u00edt\u00e1ssal.","breadcrumb":{"@id":"https:\/\/tajkertesz.com\/termek\/pinus-wallichiana-himalajai-selyemfenyo\/#breadcrumb"},"inLanguage":"en-US","potentialAction":[{"@type":"ReadAction","target":["https:\/\/tajkertesz.com\/termek\/pinus-wallichiana-himalajai-selyemfenyo\/"]}]},{"@type":"ImageObject","inLanguage":"en-US","@id":"https:\/\/tajkertesz.com\/termek\/pinus-wallichiana-himalajai-selyemfenyo\/#primaryimage","url":"https:\/\/tajkertesz.com\/wp-content\/uploads\/2025\/03\/image21-rotated.jpeg","contentUrl":"https:\/\/tajkertesz.com\/wp-content\/uploads\/2025\/03\/image21-rotated.jpeg","width":1512,"height":2016},{"@type":"BreadcrumbList","@id":"https:\/\/tajkertesz.com\/termek\/pinus-wallichiana-himalajai-selyemfenyo\/#breadcrumb","itemListElement":[{"@type":"ListItem","position":1,"name":"Home","item":"https:\/\/tajkertesz.com\/"},{"@type":"ListItem","position":2,"name":"Kezd\u0151lap","item":"https:\/\/tajkertesz.com\/"},{"@type":"ListItem","position":3,"name":"Pinus wallichiana\/ Himal\u00e1jai selyemfeny\u0151"}]},{"@type":"WebSite","@id":"https:\/\/tajkertesz.com\/#website","url":"https:\/\/tajkertesz.com\/","name":"T\u00e1j-Kert\u00e9sz 84 Kft.","description":"Kert\u00e9szeti kis- \u00e9s nagykeresked\u00e9s, D\u00edszn\u00f6v\u00e9ny web\u00e1ruh\u00e1z orsz\u00e1gos h\u00e1zhozsz\u00e1ll\u00edt\u00e1ssal!","publisher":{"@id":"https:\/\/tajkertesz.com\/#organization"},"potentialAction":[{"@type":"SearchAction","target":{"@type":"EntryPoint","urlTemplate":"https:\/\/tajkertesz.com\/?s={search_term_string}"},"query-input":{"@type":"PropertyValueSpecification","valueRequired":true,"valueName":"search_term_string"}}],"inLanguage":"en-US"},{"@type":"Organization","@id":"https:\/\/tajkertesz.com\/#organization","name":"T\u00e1j-Kert\u00e9sz 84 Kft.","url":"https:\/\/tajkertesz.com\/","logo":{"@type":"ImageObject","inLanguage":"en-US","@id":"https:\/\/tajkertesz.com\/#\/schema\/logo\/image\/","url":"https:\/\/tajkertesz.com\/wp-content\/uploads\/2018\/02\/logo-2-e1518678052539.png","contentUrl":"https:\/\/tajkertesz.com\/wp-content\/uploads\/2018\/02\/logo-2-e1518678052539.png","width":81,"height":140,"caption":"T\u00e1j-Kert\u00e9sz 84 Kft."},"image":{"@id":"https:\/\/tajkertesz.com\/#\/schema\/logo\/image\/"},"sameAs":["https:\/\/www.facebook.com\/Tajkertesz\/"]}]}},"_links":{"self":[{"href":"https:\/\/tajkertesz.com\/en_US\/wp-json\/wp\/v2\/product\/14377","targetHints":{"allow":["GET"]}}],"collection":[{"href":"https:\/\/tajkertesz.com\/en_US\/wp-json\/wp\/v2\/product"}],"about":[{"href":"https:\/\/tajkertesz.com\/en_US\/wp-json\/wp\/v2\/types\/product"}],"wp:featuredmedia":[{"embeddable":true,"href":"https:\/\/tajkertesz.com\/en_US\/wp-json\/wp\/v2\/media\/24247"}],"wp:attachment":[{"href":"https:\/\/tajkertesz.com\/en_US\/wp-json\/wp\/v2\/media?parent=14377"}],"wp:term":[{"taxonomy":"product_brand","embeddable":true,"href":"https:\/\/tajkertesz.com\/en_US\/wp-json\/wp\/v2\/product_brand?post=14377"},{"taxonomy":"product_cat","embeddable":true,"href":"https:\/\/tajkertesz.com\/en_US\/wp-json\/wp\/v2\/product_cat?post=14377"},{"taxonomy":"product_tag","embeddable":true,"href":"https:\/\/tajkertesz.com\/en_US\/wp-json\/wp\/v2\/product_tag?post=14377"}],"curies":[{"name":"wp","href":"https:\/\/api.w.org\/{rel}","templated":true}]}}