{"id":14379,"date":"2025-04-06T09:15:23","date_gmt":"2025-04-06T09:15:23","guid":{"rendered":"https:\/\/tajkertesz.com\/?post_type=product&#038;p=14379"},"modified":"2026-02-25T10:21:10","modified_gmt":"2026-02-25T10:21:10","slug":"pinus-mugo-var-pumilio-pumilio-torpefenyo-2","status":"publish","type":"product","link":"https:\/\/tajkertesz.com\/en_US\/product\/pinus-mugo-var-pumilio-pumilio-torpefenyo-2\/","title":{"rendered":"Pinus mugo var. pumilio &#8211; Pumilio t\u00f6rpefeny\u0151"},"content":{"rendered":"<h1 class=\"LC20lb DKV0Md\">Pinus mugo Pumilio &#8211; Havasi t\u00f6rpefeny\u0151<\/h1>\n<p class=\"LC20lb DKV0Md\">Pinus mugo var. pumilio-Pumilio t\u00f6rpefeny\u0151, t\u00f6m\u00f6tt, sz\u00e9tter\u00fcl\u0151 habitus\u00fa, lass\u00fa n\u00f6v\u00e9s\u0171 t\u00f6rpefeny\u0151, melynek 2 cm-es levelei s\u0171r\u0171n kettes\u00e9vel \u00e1llnak.<br \/>\nA fajta v\u00e9gs\u0151 magass\u00e1ga nem \u00e9ri el az 1 m\u00e9teres magass\u00e1got, m\u00edg sz\u00e9less\u00e9ge ennek k\u00e9tszerese is lehet. Nagyon j\u00f3 v\u00e1ros- \u00e9s hidegt\u0171r\u0151, elviseli a szennyezett leveg\u0151t \u00e9s a -35\u00baC alatti h\u0151m\u00e9rs\u00e9kletet is.<\/p>\n<p class=\"LC20lb DKV0Md\">A talaj k\u00e9mhat\u00e1s\u00e1ra sem \u00e9rz\u00e9keny, b\u00e1r az enyh\u00e9n savany\u00fa k\u00f6zeget megh\u00e1l\u00e1lja. Napos helyre \u00e9s j\u00f3 v\u00edz\u00e1tereszt\u0151 k\u00e9pess\u00e9g\u0171 f\u00f6ldbe \u00e9rdemes \u00fcltetni. A fiatal egyedekre tan\u00e1csos t\u00f6bb gondot ford\u00edtani, hiszen v\u00edz ig\u00e9ny\u00fck k\u00f6zepes, \u00e9rdemes k\u00f6zeg\u00fcket kiss\u00e9 nyirkosan tartani.<br \/>\nA tavasz m\u00e1sodik fel\u00e9t\u0151l a n\u00f6v\u00e9nyen megjelennek az apr\u00f3 tobozok, melyek szolid d\u00edsz\u00edt\u0151 \u00e9rt\u00e9kkel rendelkeznek.<br \/>\nA sz\u00e1raz \u00e1gak elt\u00e1vol\u00edt\u00e1sa mellett t\u00e9l v\u00e9g\u00e9n alak\u00edthatunk kicsit a n\u00f6v\u00e9ny lombj\u00e1n, ha szab\u00e1lyosabb form\u00e1t szeretn\u00e9k adni neki.<\/p>\n<h2>A<strong>\u00a0<\/strong>havasi t\u00f6rpefeny\u0151 jellemz\u0151i<\/h2>\n<p>Lass\u00fa n\u00f6veked\u00e9s\u0171, v\u00e9gs\u0151 magass\u00e1ga \u00e1ltal\u00e1ban nem \u00e9ri el az 1 m\u00e9tert, m\u00edg sz\u00e9less\u00e9ge ak\u00e1r k\u00e9tszerese is lehet. F\u00e9lg\u00f6mb vagy sz\u00e9les k\u00fap alak\u00fa lombot form\u00e1z. Sz\u00fcrk\u00e9s- feh\u00e9r sz\u00edn\u0171 t\u0171levelekkel rendelkezik. Kedveli a napos vagy f\u00e9l\u00e1rny\u00e9kos helyeket, \u00e9s j\u00f3l t\u0171ri a hideget. Ide\u00e1lis szoliter n\u00f6v\u00e9nyk\u00e9nt, de csoportba \u00fcltetve is mutat\u00f3s.<\/p>\n<h3>A\u00a0<strong>Pinus mugo \u2018Pumilio\u2019<\/strong>\u00a0gondoz\u00e1sa<\/h3>\n<p>\u00dcltet\u00e9sn\u00e9l v\u00e1lasszunk egy napos vagy f\u00e9l\u00e1rny\u00e9kos helyet. Fontos , hogy a talaj\u00a0 legyen j\u00f3 v\u00edzelvezet\u00e9s\u0171, lehet\u0151leg homokos vagy kavicsos, mivel a n\u00f6v\u00e9ny nem szereti a pang\u00f3 vizet.<\/p>\n<p>Az els\u0151 \u00e9vben rendszeresen \u00f6nt\u00f6zz\u00fck, ezzel serkentve a gy\u00f6kerek fejl\u0151d\u00e9s\u00e9t. K\u00e9s\u0151bb m\u00e1r csak sz\u00e1raz id\u0151szakokban sz\u00fcks\u00e9ges \u00f6nt\u00f6zni, mivel a n\u00f6v\u00e9ny j\u00f3l t\u0171ri a sz\u00e1razs\u00e1got.<\/p>\n<p>A savany\u00fa vagy enyh\u00e9n savany\u00fa talajt kedveli. \u00c9rdemes \u00e9vente egyszer\u00a0 feny\u0151k\u00e9reggel letakarni a talajt, hogy meg\u0151rizze a nedvess\u00e9get \u00e9s jav\u00edtsa a talaj szerkezet\u00e9t.<\/p>\n<p>\u00c1ltal\u00e1ban nincs sz\u00fcks\u00e9g metsz\u00e9sre, t\u00e1vol\u00edtsuk el az elhalt vagy s\u00e9r\u00fclt \u00e1gakat.<\/p>\n<p>Tavasszal \u00e9s \u0151sszel \u00e9rdemes lass\u00fa felsz\u00edv\u00f3d\u00e1s\u00fa m\u0171tr\u00e1gy\u00e1t haszn\u00e1lni, hogy biztos\u00edtsuk a n\u00f6v\u00e9ny sz\u00e1m\u00e1ra sz\u00fcks\u00e9ges t\u00e1panyagokat.<\/p>\n<p>A Pinus mugo \u2018Pumilio\u2019 j\u00f3l t\u0171ri a hideget, de fiatal n\u00f6v\u00e9nyeket \u00e9rdemes takarni az els\u0151 t\u00e9len, hogy megv\u00e9dj\u00fck a fagyokt\u00f3l.<\/p>\n<p>M\u00e9rete: 30-40 cm+ kont\u00e9ner<\/p>\n<p>Kont\u00e9ner:15 L<\/p>\n<p><strong>K\u00e9szlet\u00fcnk napi szinten v\u00e1ltozik, ez\u00e9rt k\u00e9rj\u00fck, \u00e9rdekl\u0151dj\u00f6n szem\u00e9lyesen, telefonon vagy email-en.<br \/>\nA v\u00e1ltoztat\u00e1s jog\u00e1t fenntartjuk!\u00a0<\/strong><\/p>\n<p>&nbsp;<\/p>\n<p><a href=\"https:\/\/tajkertesz.com\/\">https:\/\/tajkertesz.com\/<\/a><\/p>\n<p><a href=\"https:\/\/www.facebook.com\/tajkertesz\/\">https:\/\/www.facebook.com\/tajkertesz\/<\/a><\/p>\n<p>Kisz\u00e1ll\u00edt\u00e1s: 200cm-ig \u00a0\u00e9s 40 kg-ig a sz\u00e1ll\u00edt\u00e1s fut\u00e1rszolg\u00e1lattal \u00a0t\u00f6rt\u00e9nik.<\/p>\n<p>Szem\u00e9lyes \u00e1tv\u00e9tel nyitvatart\u00e1si id\u0151ben a 17. ker\u00fclet Bakancsos utca 7. sz\u00e1m alatti Kert\u00e9szeti \u00e1rud\u00e1nkban.<\/p>\n<p><strong><i><span style=\"color: #ffffff;\">A\u00a0<\/span><\/i><\/strong><\/p>","protected":false},"excerpt":{"rendered":"<h1 class=\"LC20lb DKV0Md\">Pinus mugo Pumilio &#8211; Havasi t\u00f6rpefeny\u0151<\/h1>\n<p class=\"LC20lb DKV0Md\">Pinus mugo var. pumilio-Pumilio t\u00f6rpefeny\u0151, t\u00f6m\u00f6tt, sz\u00e9tter\u00fcl\u0151 habitus\u00fa, lass\u00fa n\u00f6v\u00e9s\u0171 t\u00f6rpefeny\u0151, melynek 2 cm-es levelei s\u0171r\u0171n kettes\u00e9vel \u00e1llnak.<br \/>\nA fajta v\u00e9gs\u0151 magass\u00e1ga nem \u00e9ri el az 1 m\u00e9teres magass\u00e1got, m\u00edg sz\u00e9less\u00e9ge ennek k\u00e9tszerese is lehet. Nagyon j\u00f3 v\u00e1ros- \u00e9s hidegt\u0171r\u0151, elviseli a szennyezett leveg\u0151t \u00e9s a -35\u00baC alatti h\u0151m\u00e9rs\u00e9kletet is.1<\/p>\n<p><span style=\"font-family: 'Ubuntu',serif; color: black;\">K\u00e9szlet\u00fcnk napi szinten v\u00e1ltozik, ez\u00e9rt k\u00e9rj\u00fck, \u00e9rdekl\u0151dj\u00f6n szem\u00e9lyesen, telefonon vagy email-en.<\/span><\/p>\n<p style=\"line-height: 18.0pt; background: white; margin: 0cm 0cm 15.0pt 0cm;\"><b><span style=\"font-family: 'Ubuntu',serif; color: black;\">A v\u00e1ltoztat\u00e1s jog\u00e1t fenntartjuk!\u00a0<\/span><\/b><\/p>\n<p><a href=\"https:\/\/tajkertesz.com\/\">https:\/\/tajkertesz.com\/<\/a><\/p>\n<p><a href=\"https:\/\/www.facebook.com\/tajkertesz\">https:\/\/www.facebook.com\/tajkertesz<\/a><\/p>\n<p>Sz\u00e1ll\u00edt\u00e1s fut\u00e1rszolg\u00e1lattal 200 cm \u00e9s 40 kg-ig lehets\u00e9ges, ezen m\u00e9retek felett egyedi sz\u00e1ll\u00edt\u00e1s egyeztet\u00e9se sz\u00fcks\u00e9ges.<\/p>","protected":false},"featured_media":21208,"template":"","meta":{"_et_pb_use_builder":"","_et_pb_old_content":"","_et_gb_content_width":""},"product_brand":[],"product_cat":[4078,26],"product_tag":[5328,4403,2927,5307],"class_list":{"0":"post-14379","1":"product","2":"type-product","3":"status-publish","4":"has-post-thumbnail","6":"product_cat-egyeb-fenyofekek","7":"product_cat-orokzold-novenyek","8":"product_tag-havasi-torpefenyo","9":"product_tag-pinus","10":"product_tag-pinus-mugo-var-pumilio-pumilio-torpefenyo","11":"product_tag-torpefenyo","13":"first","14":"instock","15":"shipping-taxable","16":"purchasable","17":"product-type-simple"},"yoast_head":"<!-- This site is optimized with the Yoast SEO plugin v27.5 - https:\/\/yoast.com\/product\/yoast-seo-wordpress\/ -->\n<title>Pinus mugo var. pumilio - Pumilio t\u00f6rpefeny\u0151 - T\u00e1jkert\u00e9sz<\/title>\n<meta name=\"description\" content=\"Pinus mugo var. pumilio-Pumilio t\u00f6rpefeny\u0151. V\u00e1s\u00e1roljon k\u00fcl\u00f6nleges I. oszt\u00e1ly\u00fa n\u00f6v\u00e9nyeket kert\u00e9szet\u00fcnkb\u0151l vagy web\u00e1ruh\u00e1zunkb\u00f3l h\u00e1zhozsz\u00e1ll\u00edt\u00e1ssal.\" \/>\n<meta name=\"robots\" content=\"index, follow, max-snippet:-1, max-image-preview:large, max-video-preview:-1\" \/>\n<link rel=\"canonical\" href=\"https:\/\/tajkertesz.com\/en_US\/product\/pinus-mugo-var-pumilio-pumilio-torpefenyo-2\/\" \/>\n<meta property=\"og:locale\" content=\"en_US\" \/>\n<meta property=\"og:type\" content=\"article\" \/>\n<meta property=\"og:title\" content=\"Pinus mugo var. pumilio - Pumilio t\u00f6rpefeny\u0151 - T\u00e1jkert\u00e9sz\" \/>\n<meta property=\"og:description\" content=\"Pinus mugo var. pumilio-Pumilio t\u00f6rpefeny\u0151. V\u00e1s\u00e1roljon k\u00fcl\u00f6nleges I. oszt\u00e1ly\u00fa n\u00f6v\u00e9nyeket kert\u00e9szet\u00fcnkb\u0151l vagy web\u00e1ruh\u00e1zunkb\u00f3l h\u00e1zhozsz\u00e1ll\u00edt\u00e1ssal.\" \/>\n<meta property=\"og:url\" content=\"https:\/\/tajkertesz.com\/en_US\/product\/pinus-mugo-var-pumilio-pumilio-torpefenyo-2\/\" \/>\n<meta property=\"og:site_name\" content=\"T\u00e1jkert\u00e9sz\" \/>\n<meta property=\"article:publisher\" content=\"https:\/\/www.facebook.com\/Tajkertesz\/\" \/>\n<meta property=\"article:modified_time\" content=\"2026-02-25T10:21:10+00:00\" \/>\n<meta property=\"og:image\" content=\"https:\/\/tajkertesz.com\/wp-content\/uploads\/2022\/12\/20240925_121111-scaled.jpg\" \/>\n\t<meta property=\"og:image:width\" content=\"1955\" \/>\n\t<meta property=\"og:image:height\" content=\"2560\" \/>\n\t<meta property=\"og:image:type\" content=\"image\/jpeg\" \/>\n<meta name=\"twitter:card\" content=\"summary_large_image\" \/>\n<meta name=\"twitter:label1\" content=\"Est. reading time\" \/>\n\t<meta name=\"twitter:data1\" content=\"3 minutes\" \/>\n<script type=\"application\/ld+json\" class=\"yoast-schema-graph\">{\"@context\":\"https:\\\/\\\/schema.org\",\"@graph\":[{\"@type\":\"WebPage\",\"@id\":\"https:\\\/\\\/tajkertesz.com\\\/termek\\\/pinus-mugo-var-pumilio-pumilio-torpefenyo-2\\\/\",\"url\":\"https:\\\/\\\/tajkertesz.com\\\/termek\\\/pinus-mugo-var-pumilio-pumilio-torpefenyo-2\\\/\",\"name\":\"Pinus mugo var. pumilio - Pumilio t\u00f6rpefeny\u0151 - T\u00e1jkert\u00e9sz\",\"isPartOf\":{\"@id\":\"https:\\\/\\\/tajkertesz.com\\\/#website\"},\"primaryImageOfPage\":{\"@id\":\"https:\\\/\\\/tajkertesz.com\\\/termek\\\/pinus-mugo-var-pumilio-pumilio-torpefenyo-2\\\/#primaryimage\"},\"image\":{\"@id\":\"https:\\\/\\\/tajkertesz.com\\\/termek\\\/pinus-mugo-var-pumilio-pumilio-torpefenyo-2\\\/#primaryimage\"},\"thumbnailUrl\":\"https:\\\/\\\/tajkertesz.com\\\/wp-content\\\/uploads\\\/2022\\\/12\\\/20240925_121111-scaled.jpg\",\"datePublished\":\"2025-04-06T09:15:23+00:00\",\"dateModified\":\"2026-02-25T10:21:10+00:00\",\"description\":\"Pinus mugo var. pumilio-Pumilio t\u00f6rpefeny\u0151. V\u00e1s\u00e1roljon k\u00fcl\u00f6nleges I. oszt\u00e1ly\u00fa n\u00f6v\u00e9nyeket kert\u00e9szet\u00fcnkb\u0151l vagy web\u00e1ruh\u00e1zunkb\u00f3l h\u00e1zhozsz\u00e1ll\u00edt\u00e1ssal.\",\"breadcrumb\":{\"@id\":\"https:\\\/\\\/tajkertesz.com\\\/termek\\\/pinus-mugo-var-pumilio-pumilio-torpefenyo-2\\\/#breadcrumb\"},\"inLanguage\":\"en-US\",\"potentialAction\":[{\"@type\":\"ReadAction\",\"target\":[\"https:\\\/\\\/tajkertesz.com\\\/termek\\\/pinus-mugo-var-pumilio-pumilio-torpefenyo-2\\\/\"]}]},{\"@type\":\"ImageObject\",\"inLanguage\":\"en-US\",\"@id\":\"https:\\\/\\\/tajkertesz.com\\\/termek\\\/pinus-mugo-var-pumilio-pumilio-torpefenyo-2\\\/#primaryimage\",\"url\":\"https:\\\/\\\/tajkertesz.com\\\/wp-content\\\/uploads\\\/2022\\\/12\\\/20240925_121111-scaled.jpg\",\"contentUrl\":\"https:\\\/\\\/tajkertesz.com\\\/wp-content\\\/uploads\\\/2022\\\/12\\\/20240925_121111-scaled.jpg\",\"width\":1955,\"height\":2560,\"caption\":\"Pinus mugo Pumilio - Havasi t\u00f6rpefeny\u0151\"},{\"@type\":\"BreadcrumbList\",\"@id\":\"https:\\\/\\\/tajkertesz.com\\\/termek\\\/pinus-mugo-var-pumilio-pumilio-torpefenyo-2\\\/#breadcrumb\",\"itemListElement\":[{\"@type\":\"ListItem\",\"position\":1,\"name\":\"Home\",\"item\":\"https:\\\/\\\/tajkertesz.com\\\/\"},{\"@type\":\"ListItem\",\"position\":2,\"name\":\"Kezd\u0151lap\",\"item\":\"https:\\\/\\\/tajkertesz.com\\\/\"},{\"@type\":\"ListItem\",\"position\":3,\"name\":\"Pinus mugo var. pumilio &#8211; Pumilio t\u00f6rpefeny\u0151\"}]},{\"@type\":\"WebSite\",\"@id\":\"https:\\\/\\\/tajkertesz.com\\\/#website\",\"url\":\"https:\\\/\\\/tajkertesz.com\\\/\",\"name\":\"T\u00e1j-Kert\u00e9sz 84 Kft.\",\"description\":\"Kert\u00e9szeti kis- \u00e9s nagykeresked\u00e9s, D\u00edszn\u00f6v\u00e9ny web\u00e1ruh\u00e1z orsz\u00e1gos h\u00e1zhozsz\u00e1ll\u00edt\u00e1ssal!\",\"publisher\":{\"@id\":\"https:\\\/\\\/tajkertesz.com\\\/#organization\"},\"potentialAction\":[{\"@type\":\"SearchAction\",\"target\":{\"@type\":\"EntryPoint\",\"urlTemplate\":\"https:\\\/\\\/tajkertesz.com\\\/?s={search_term_string}\"},\"query-input\":{\"@type\":\"PropertyValueSpecification\",\"valueRequired\":true,\"valueName\":\"search_term_string\"}}],\"inLanguage\":\"en-US\"},{\"@type\":\"Organization\",\"@id\":\"https:\\\/\\\/tajkertesz.com\\\/#organization\",\"name\":\"T\u00e1j-Kert\u00e9sz 84 Kft.\",\"url\":\"https:\\\/\\\/tajkertesz.com\\\/\",\"logo\":{\"@type\":\"ImageObject\",\"inLanguage\":\"en-US\",\"@id\":\"https:\\\/\\\/tajkertesz.com\\\/#\\\/schema\\\/logo\\\/image\\\/\",\"url\":\"https:\\\/\\\/tajkertesz.com\\\/wp-content\\\/uploads\\\/2018\\\/02\\\/logo-2-e1518678052539.png\",\"contentUrl\":\"https:\\\/\\\/tajkertesz.com\\\/wp-content\\\/uploads\\\/2018\\\/02\\\/logo-2-e1518678052539.png\",\"width\":81,\"height\":140,\"caption\":\"T\u00e1j-Kert\u00e9sz 84 Kft.\"},\"image\":{\"@id\":\"https:\\\/\\\/tajkertesz.com\\\/#\\\/schema\\\/logo\\\/image\\\/\"},\"sameAs\":[\"https:\\\/\\\/www.facebook.com\\\/Tajkertesz\\\/\"]}]}<\/script>\n<!-- \/ Yoast SEO plugin. -->","yoast_head_json":{"title":"Pinus mugo var. pumilio - Pumilio t\u00f6rpefeny\u0151 - T\u00e1jkert\u00e9sz","description":"Pinus mugo var. pumilio-Pumilio t\u00f6rpefeny\u0151. V\u00e1s\u00e1roljon k\u00fcl\u00f6nleges I. oszt\u00e1ly\u00fa n\u00f6v\u00e9nyeket kert\u00e9szet\u00fcnkb\u0151l vagy web\u00e1ruh\u00e1zunkb\u00f3l h\u00e1zhozsz\u00e1ll\u00edt\u00e1ssal.","robots":{"index":"index","follow":"follow","max-snippet":"max-snippet:-1","max-image-preview":"max-image-preview:large","max-video-preview":"max-video-preview:-1"},"canonical":"https:\/\/tajkertesz.com\/en_US\/product\/pinus-mugo-var-pumilio-pumilio-torpefenyo-2\/","og_locale":"en_US","og_type":"article","og_title":"Pinus mugo var. pumilio - Pumilio t\u00f6rpefeny\u0151 - T\u00e1jkert\u00e9sz","og_description":"Pinus mugo var. pumilio-Pumilio t\u00f6rpefeny\u0151. V\u00e1s\u00e1roljon k\u00fcl\u00f6nleges I. oszt\u00e1ly\u00fa n\u00f6v\u00e9nyeket kert\u00e9szet\u00fcnkb\u0151l vagy web\u00e1ruh\u00e1zunkb\u00f3l h\u00e1zhozsz\u00e1ll\u00edt\u00e1ssal.","og_url":"https:\/\/tajkertesz.com\/en_US\/product\/pinus-mugo-var-pumilio-pumilio-torpefenyo-2\/","og_site_name":"T\u00e1jkert\u00e9sz","article_publisher":"https:\/\/www.facebook.com\/Tajkertesz\/","article_modified_time":"2026-02-25T10:21:10+00:00","og_image":[{"width":1955,"height":2560,"url":"https:\/\/tajkertesz.com\/wp-content\/uploads\/2022\/12\/20240925_121111-scaled.jpg","type":"image\/jpeg"}],"twitter_card":"summary_large_image","twitter_misc":{"Est. reading time":"3 minutes"},"schema":{"@context":"https:\/\/schema.org","@graph":[{"@type":"WebPage","@id":"https:\/\/tajkertesz.com\/termek\/pinus-mugo-var-pumilio-pumilio-torpefenyo-2\/","url":"https:\/\/tajkertesz.com\/termek\/pinus-mugo-var-pumilio-pumilio-torpefenyo-2\/","name":"Pinus mugo var. pumilio - Pumilio t\u00f6rpefeny\u0151 - T\u00e1jkert\u00e9sz","isPartOf":{"@id":"https:\/\/tajkertesz.com\/#website"},"primaryImageOfPage":{"@id":"https:\/\/tajkertesz.com\/termek\/pinus-mugo-var-pumilio-pumilio-torpefenyo-2\/#primaryimage"},"image":{"@id":"https:\/\/tajkertesz.com\/termek\/pinus-mugo-var-pumilio-pumilio-torpefenyo-2\/#primaryimage"},"thumbnailUrl":"https:\/\/tajkertesz.com\/wp-content\/uploads\/2022\/12\/20240925_121111-scaled.jpg","datePublished":"2025-04-06T09:15:23+00:00","dateModified":"2026-02-25T10:21:10+00:00","description":"Pinus mugo var. pumilio-Pumilio t\u00f6rpefeny\u0151. V\u00e1s\u00e1roljon k\u00fcl\u00f6nleges I. oszt\u00e1ly\u00fa n\u00f6v\u00e9nyeket kert\u00e9szet\u00fcnkb\u0151l vagy web\u00e1ruh\u00e1zunkb\u00f3l h\u00e1zhozsz\u00e1ll\u00edt\u00e1ssal.","breadcrumb":{"@id":"https:\/\/tajkertesz.com\/termek\/pinus-mugo-var-pumilio-pumilio-torpefenyo-2\/#breadcrumb"},"inLanguage":"en-US","potentialAction":[{"@type":"ReadAction","target":["https:\/\/tajkertesz.com\/termek\/pinus-mugo-var-pumilio-pumilio-torpefenyo-2\/"]}]},{"@type":"ImageObject","inLanguage":"en-US","@id":"https:\/\/tajkertesz.com\/termek\/pinus-mugo-var-pumilio-pumilio-torpefenyo-2\/#primaryimage","url":"https:\/\/tajkertesz.com\/wp-content\/uploads\/2022\/12\/20240925_121111-scaled.jpg","contentUrl":"https:\/\/tajkertesz.com\/wp-content\/uploads\/2022\/12\/20240925_121111-scaled.jpg","width":1955,"height":2560,"caption":"Pinus mugo Pumilio - Havasi t\u00f6rpefeny\u0151"},{"@type":"BreadcrumbList","@id":"https:\/\/tajkertesz.com\/termek\/pinus-mugo-var-pumilio-pumilio-torpefenyo-2\/#breadcrumb","itemListElement":[{"@type":"ListItem","position":1,"name":"Home","item":"https:\/\/tajkertesz.com\/"},{"@type":"ListItem","position":2,"name":"Kezd\u0151lap","item":"https:\/\/tajkertesz.com\/"},{"@type":"ListItem","position":3,"name":"Pinus mugo var. pumilio &#8211; Pumilio t\u00f6rpefeny\u0151"}]},{"@type":"WebSite","@id":"https:\/\/tajkertesz.com\/#website","url":"https:\/\/tajkertesz.com\/","name":"T\u00e1j-Kert\u00e9sz 84 Kft.","description":"Kert\u00e9szeti kis- \u00e9s nagykeresked\u00e9s, D\u00edszn\u00f6v\u00e9ny web\u00e1ruh\u00e1z orsz\u00e1gos h\u00e1zhozsz\u00e1ll\u00edt\u00e1ssal!","publisher":{"@id":"https:\/\/tajkertesz.com\/#organization"},"potentialAction":[{"@type":"SearchAction","target":{"@type":"EntryPoint","urlTemplate":"https:\/\/tajkertesz.com\/?s={search_term_string}"},"query-input":{"@type":"PropertyValueSpecification","valueRequired":true,"valueName":"search_term_string"}}],"inLanguage":"en-US"},{"@type":"Organization","@id":"https:\/\/tajkertesz.com\/#organization","name":"T\u00e1j-Kert\u00e9sz 84 Kft.","url":"https:\/\/tajkertesz.com\/","logo":{"@type":"ImageObject","inLanguage":"en-US","@id":"https:\/\/tajkertesz.com\/#\/schema\/logo\/image\/","url":"https:\/\/tajkertesz.com\/wp-content\/uploads\/2018\/02\/logo-2-e1518678052539.png","contentUrl":"https:\/\/tajkertesz.com\/wp-content\/uploads\/2018\/02\/logo-2-e1518678052539.png","width":81,"height":140,"caption":"T\u00e1j-Kert\u00e9sz 84 Kft."},"image":{"@id":"https:\/\/tajkertesz.com\/#\/schema\/logo\/image\/"},"sameAs":["https:\/\/www.facebook.com\/Tajkertesz\/"]}]}},"_links":{"self":[{"href":"https:\/\/tajkertesz.com\/en_US\/wp-json\/wp\/v2\/product\/14379","targetHints":{"allow":["GET"]}}],"collection":[{"href":"https:\/\/tajkertesz.com\/en_US\/wp-json\/wp\/v2\/product"}],"about":[{"href":"https:\/\/tajkertesz.com\/en_US\/wp-json\/wp\/v2\/types\/product"}],"wp:featuredmedia":[{"embeddable":true,"href":"https:\/\/tajkertesz.com\/en_US\/wp-json\/wp\/v2\/media\/21208"}],"wp:attachment":[{"href":"https:\/\/tajkertesz.com\/en_US\/wp-json\/wp\/v2\/media?parent=14379"}],"wp:term":[{"taxonomy":"product_brand","embeddable":true,"href":"https:\/\/tajkertesz.com\/en_US\/wp-json\/wp\/v2\/product_brand?post=14379"},{"taxonomy":"product_cat","embeddable":true,"href":"https:\/\/tajkertesz.com\/en_US\/wp-json\/wp\/v2\/product_cat?post=14379"},{"taxonomy":"product_tag","embeddable":true,"href":"https:\/\/tajkertesz.com\/en_US\/wp-json\/wp\/v2\/product_tag?post=14379"}],"curies":[{"name":"wp","href":"https:\/\/api.w.org\/{rel}","templated":true}]}}