{"id":14457,"date":"2022-12-15T09:56:06","date_gmt":"2022-12-15T09:56:06","guid":{"rendered":"https:\/\/tajkertesz.com\/?post_type=product&#038;p=14457"},"modified":"2022-12-15T10:09:19","modified_gmt":"2022-12-15T10:09:19","slug":"erositett-muanyag-gyepracs-zold-masolat","status":"publish","type":"product","link":"https:\/\/tajkertesz.com\/en_US\/product\/erositett-muanyag-gyepracs-zold-masolat\/","title":{"rendered":"Er\u0151s\u00edtett m\u0171anyag gyepr\u00e1cs z\u00f6ld"},"content":{"rendered":"<p>Er\u0151s\u00edtett m\u0171anyag gyepr\u00e1cs z\u00f6ld<\/p>\n<p>Gyepr\u00e1cs m\u00e9rete:48*48 cm, 4.5 cm magas 0,23 m2\/db<\/p>\n<p>282 db\/raklap<\/p>\n<h2>Gyepr\u00e1cs z\u00f6ld 48 x 48 cm<\/h2>\n<p>Er\u0151s\u00edtett fal\u00fa gyepr\u00e1cs<br \/>\nAlapanyag: UV stabiliz\u00e1lt polietil\u00e9n<br \/>\nM\u00e9ret: 480 x 480 x 48 mm<br \/>\nSz\u00edne: z\u00f6ld<br \/>\nS\u00faly: 1,875 kg\/gyepr\u00e1cs<br \/>\n\u00d6ns\u00faly: 7,5 kg\/m2<br \/>\n<strong>Terhelhet\u0151s\u00e9g<\/strong>:<br \/>\n\u00dcres \u00e1llapotban: 1000 kN\/m2; 100 t\/m2<br \/>\nTalajjal felt\u00f6ltve: 1500 kN\/m2; 150 t\/m2<\/p>\n<p>&nbsp;<\/p>\n<p><strong>Kiemelt tulajdons\u00e1gok:<\/strong><\/p>\n<ul>\n<li>k\u00f6nnyen \u00f6ssze\u00e1ll\u00edthat\u00f3<\/li>\n<li>telep\u00edt\u00e9se nem ig\u00e9nyel speci\u00e1lis szersz\u00e1mot<\/li>\n<li>fel\u00fcleti egyenetlens\u00e9ge cs\u00fasz\u00e1sg\u00e1tl\u00f3 hat\u00e1s\u00fa<\/li>\n<li>100% \u00fajrafeldolgozhat\u00f3 polietil\u00e9nb\u0151l k\u00e9sz\u00fcl<\/li>\n<\/ul>\n<p><b>0,92 m2 lerak\u00e1s\u00e1hoz 4 db gyepr\u00e1cs sz\u00fcks\u00e9ges<\/b><\/p>\n<h3><strong><span style=\"text-decoration: underline;\">Nagyobb mennyis\u00e9gre van sz\u00fcks\u00e9ge? <\/span><\/strong><\/h3>\n<h3><strong><span style=\"text-decoration: underline;\">Vegye fel a kapcsolatot vel\u00fcnk \u00e9s egyedi \u00e1raj\u00e1nlatot adunk 50m2 feletti rendel\u00e9s eset\u00e9n!<\/span><\/strong><\/h3>\n<p>&nbsp;<\/p>\n<p><strong>K\u00e9szlet\u00fcnk napi szinten v\u00e1ltozik, ez\u00e9rt k\u00e9rj\u00fck, \u00e9rdekl\u0151dj\u00f6n szem\u00e9lyesen, telefonon vagy email-en.<br \/>\nA v\u00e1ltoztat\u00e1s jog\u00e1t fenntartjuk!\u00a0<\/strong><\/p>\n<p><a href=\"https:\/\/tajkertesz.com\/\">https:\/\/tajkertesz.com\/<\/a><\/p>\n<p><a href=\"https:\/\/www.facebook.com\/tajkertesz\/\">https:\/\/www.facebook.com\/tajkertesz\/<\/a><\/p>\n<p>Kisz\u00e1ll\u00edt\u00e1s: 200cm-ig \u00a0\u00e9s 40 kg-ig a sz\u00e1ll\u00edt\u00e1s fut\u00e1rszolg\u00e1lattal \u00a0t\u00f6rt\u00e9nik, nagyobb \u00e9s nehezebb term\u00e9kekre egyedi sz\u00e1ll\u00edt\u00e1si d\u00edjat adunk!<\/p>\n<p>Szem\u00e9lyes \u00e1tv\u00e9tel nyitvatart\u00e1si id\u0151ben a 17. ker\u00fclet Bakancsos utca 7. sz\u00e1m alatti Kert\u00e9szeti \u00e1rud\u00e1ban<\/p>","protected":false},"excerpt":{"rendered":"<div class=\"module-head\">\n<h3 class=\"module-head-title\">LE\u00cdR\u00c1S<img loading=\"lazy\" decoding=\"async\" class=\"wp-image-14460 alignleft\" src=\"https:\/\/tajkertesz.com\/wp-content\/uploads\/2022\/12\/uj-termek-logo.png\" alt=\"\" width=\"61\" height=\"99\" srcset=\"https:\/\/tajkertesz.com\/wp-content\/uploads\/2022\/12\/uj-termek-logo.png 150w, https:\/\/tajkertesz.com\/wp-content\/uploads\/2022\/12\/uj-termek-logo-7x12.png 7w, https:\/\/tajkertesz.com\/wp-content\/uploads\/2022\/12\/uj-termek-logo-64x104.png 64w\" sizes=\"(max-width: 61px) 100vw, 61px\" \/><\/h3>\n<\/div>\n<div class=\"module-body\">\n<p>G\u00e9pkocsi behajt\u00f3k \u00e9s parkol\u00f3helyek befed\u00e9se (kit\u00f6lt\u00e9se f\u0171vel vagy apr\u00f3 kaviccsal)<br \/>\nnagyobb f\u00fcves\u00edtett ter\u00fcletek kialak\u00edt\u00e1sa, meger\u0151s\u00edt\u00e9se<br \/>\nf\u00fcves\u00edtett j\u00e1rd\u00e1k, stabil j\u00e1rdaszeg\u00e9lyek<br \/>\ntalajer\u00f3zi\u00f3 elleni hat\u00e1sos, gyors \u00e9s korszer\u0171 v\u00e9delem<br \/>\n\u00e1rkok, kan\u00e1lisok \u00e9s m\u00e1s ferde partszeg\u00e9lyek megform\u00e1l\u00e1sa, meger\u0151s\u00edt\u00e9se<br \/>\nparki \u00e1tj\u00e1r\u00f3k \u00e9s \u00f6sv\u00e9nyek meger\u0151s\u00edt\u00e9s\u00e9re.<br \/>\npartszeg\u00e9lyekhez vezet\u0151 utak, lej\u00e1r\u00f3k kialak\u00edt\u00e1sa, stabiliz\u00e1l\u00e1sa<br \/>\n\u00e1rokpartok kialak\u00edt\u00e1s\u00e1ra.<\/p>\n<\/div>\n<p><strong>Telep\u00edt\u00e9s:<\/strong><\/p>\n<ol>\n<li>J\u00f3l egyengesse el a telep\u00edt\u00e9sre sz\u00e1nt talajs\u00edkot<\/li>\n<li>Erre te\u00edtsen 20 &#8211; 50 mm nagys\u00e1g\u00fa, murva \u00e9s s\u00e1rgahomok kever\u00e9kb\u0151l \u00e1ll\u00f3 v\u00edz\u00e1tereszt\u0151 r\u00e9teget. Rendeltet\u00e9st\u0151l f\u00fcgg\u0151en ennek vastags\u00e1ga 15 &#8211; 40 cm lehet.<\/li>\n<li>Erre az alapre ter\u00edtsen 7 mm \u00e1tm\u00e9r\u0151j\u0171 apr\u00f3 kavics \u00e9s feketehomok, vagy kavics \u00e9s term\u0151f\u00f6ld kever\u00e9ket 2 &#8211; 5 cm vastags\u00e1gban.<\/li>\n<li>Az \u00edgy el\u0151k\u00e9sz\u00edtett alapre helyezze r\u00e1 a Poliext er\u0151s\u00edtett fal\u00fa gyepr\u00e1csot.<\/li>\n<\/ol>\n<p><strong>F\u00fcves\u00edt\u00e9s le\u00edr\u00e1sa r\u00f6viden:<\/strong><\/p>\n<ol>\n<li>A telep\u00edt\u00e9s f\u00e1zis\u00e1t folytatva t\u00f6ltse fel 75%-ig megfelel\u0151 f\u00f6ldkever\u00e9kkel a Poliext er\u0151s\u00edtett fal\u00fa gyepr\u00e1csot.<\/li>\n<li>Sz\u00f3rja r\u00e1 a f\u0171magot<\/li>\n<li>T\u00f6ltse fel a marad\u00e9kot a f\u00f6ldkever\u00e9kkel.<\/li>\n<li>T\u00f6m\u00f6r\u00edtse le. A felesleges f\u00f6ldet t\u00e1vol\u00edtsa el.<\/li>\n<li>\u00d6nt\u00f6zze \u00e9s gondozza rendszeresen.<\/li>\n<\/ol>\n<p><strong>Gyepr\u00e1cs f\u00fcves\u00edt\u00e9s\u00e9nek technikai le\u00edr\u00e1sa (f\u00fcves\u00edt\u00e9s le\u00edr\u00e1sa b\u0151vebben):<\/strong><\/p>\n<p>A gyepr\u00e1cs telep\u00edt\u00e9se ut\u00e1n t\u00f6ltse fel annak \u00fcregeit. Erre rost\u00e1lt term\u0151f\u00f6ld, t\u0151zeg \u00e9s homok kever\u00e9k\u00e9t aj\u00e1nljuk 4:3:2 ar\u00e1nyban. Az \u00f6sszetev\u0151ket lap\u00e1ttal vagy betonkever\u0151vel j\u00f3l keverje \u00f6ssze. Ezut\u00e1n 4 &#8211; 4,5 cm vastags\u00e1gban t\u00f6ltse a Poliext er\u0151s\u00edtett fal\u00fa gyepr\u00e1csba, \u00e9s lap\u00e1t, gereblye vagy sepr\u0151 seg\u00edts\u00e9g\u00e9vel egyenletesen ter\u00edtse sz\u00e9t.<\/p>","protected":false},"featured_media":14443,"template":"","meta":{"_et_pb_use_builder":"","_et_pb_old_content":"","_et_gb_content_width":""},"product_brand":[],"product_cat":[1098],"product_tag":[],"class_list":{"0":"post-14457","1":"product","2":"type-product","3":"status-publish","4":"has-post-thumbnail","6":"product_cat-agyasszegelyek-gyepracsok","8":"first","9":"instock","10":"shipping-taxable","11":"purchasable","12":"product-type-simple"},"yoast_head":"<!-- This site is optimized with the Yoast SEO plugin v27.4 - https:\/\/yoast.com\/product\/yoast-seo-wordpress\/ -->\n<title>Er\u0151s\u00edtett m\u0171anyag gyepr\u00e1cs z\u00f6ld - T\u00e1jkert\u00e9sz<\/title>\n<meta name=\"description\" content=\"G\u00e9pkocsi behajt\u00f3k \u00e9s parkol\u00f3helyek befed\u00e9se (kit\u00f6lt\u00e9se f\u0171vel vagy apr\u00f3 kaviccsal)nagyobb f\u00fcves\u00edtett ter\u00fcletek kialak\u00edt\u00e1sa\" \/>\n<meta name=\"robots\" content=\"index, follow, max-snippet:-1, max-image-preview:large, max-video-preview:-1\" \/>\n<link rel=\"canonical\" href=\"https:\/\/tajkertesz.com\/en_US\/product\/erositett-muanyag-gyepracs-zold-masolat\/\" \/>\n<meta property=\"og:locale\" content=\"en_US\" \/>\n<meta property=\"og:type\" content=\"article\" \/>\n<meta property=\"og:title\" content=\"Er\u0151s\u00edtett m\u0171anyag gyepr\u00e1cs z\u00f6ld - T\u00e1jkert\u00e9sz\" \/>\n<meta property=\"og:description\" content=\"G\u00e9pkocsi behajt\u00f3k \u00e9s parkol\u00f3helyek befed\u00e9se (kit\u00f6lt\u00e9se f\u0171vel vagy apr\u00f3 kaviccsal)nagyobb f\u00fcves\u00edtett ter\u00fcletek kialak\u00edt\u00e1sa\" \/>\n<meta property=\"og:url\" content=\"https:\/\/tajkertesz.com\/en_US\/product\/erositett-muanyag-gyepracs-zold-masolat\/\" \/>\n<meta property=\"og:site_name\" content=\"T\u00e1jkert\u00e9sz\" \/>\n<meta property=\"article:publisher\" content=\"https:\/\/www.facebook.com\/Tajkertesz\/\" \/>\n<meta property=\"article:modified_time\" content=\"2022-12-15T10:09:19+00:00\" \/>\n<meta property=\"og:image\" content=\"https:\/\/tajkertesz.com\/wp-content\/uploads\/2022\/12\/Gyepracs.png\" \/>\n\t<meta property=\"og:image:width\" content=\"570\" \/>\n\t<meta property=\"og:image:height\" content=\"570\" \/>\n\t<meta property=\"og:image:type\" content=\"image\/png\" \/>\n<meta name=\"twitter:card\" content=\"summary_large_image\" \/>\n<meta name=\"twitter:label1\" content=\"Est. reading time\" \/>\n\t<meta name=\"twitter:data1\" content=\"1 minute\" \/>\n<script type=\"application\/ld+json\" class=\"yoast-schema-graph\">{\"@context\":\"https:\\\/\\\/schema.org\",\"@graph\":[{\"@type\":\"WebPage\",\"@id\":\"https:\\\/\\\/tajkertesz.com\\\/termek\\\/erositett-muanyag-gyepracs-zold-masolat\\\/\",\"url\":\"https:\\\/\\\/tajkertesz.com\\\/termek\\\/erositett-muanyag-gyepracs-zold-masolat\\\/\",\"name\":\"Er\u0151s\u00edtett m\u0171anyag gyepr\u00e1cs z\u00f6ld - T\u00e1jkert\u00e9sz\",\"isPartOf\":{\"@id\":\"https:\\\/\\\/tajkertesz.com\\\/#website\"},\"primaryImageOfPage\":{\"@id\":\"https:\\\/\\\/tajkertesz.com\\\/termek\\\/erositett-muanyag-gyepracs-zold-masolat\\\/#primaryimage\"},\"image\":{\"@id\":\"https:\\\/\\\/tajkertesz.com\\\/termek\\\/erositett-muanyag-gyepracs-zold-masolat\\\/#primaryimage\"},\"thumbnailUrl\":\"https:\\\/\\\/tajkertesz.com\\\/wp-content\\\/uploads\\\/2022\\\/12\\\/Gyepracs.png\",\"datePublished\":\"2022-12-15T09:56:06+00:00\",\"dateModified\":\"2022-12-15T10:09:19+00:00\",\"description\":\"G\u00e9pkocsi behajt\u00f3k \u00e9s parkol\u00f3helyek befed\u00e9se (kit\u00f6lt\u00e9se f\u0171vel vagy apr\u00f3 kaviccsal)nagyobb f\u00fcves\u00edtett ter\u00fcletek kialak\u00edt\u00e1sa\",\"breadcrumb\":{\"@id\":\"https:\\\/\\\/tajkertesz.com\\\/termek\\\/erositett-muanyag-gyepracs-zold-masolat\\\/#breadcrumb\"},\"inLanguage\":\"en-US\",\"potentialAction\":[{\"@type\":\"ReadAction\",\"target\":[\"https:\\\/\\\/tajkertesz.com\\\/termek\\\/erositett-muanyag-gyepracs-zold-masolat\\\/\"]}]},{\"@type\":\"ImageObject\",\"inLanguage\":\"en-US\",\"@id\":\"https:\\\/\\\/tajkertesz.com\\\/termek\\\/erositett-muanyag-gyepracs-zold-masolat\\\/#primaryimage\",\"url\":\"https:\\\/\\\/tajkertesz.com\\\/wp-content\\\/uploads\\\/2022\\\/12\\\/Gyepracs.png\",\"contentUrl\":\"https:\\\/\\\/tajkertesz.com\\\/wp-content\\\/uploads\\\/2022\\\/12\\\/Gyepracs.png\",\"width\":570,\"height\":570},{\"@type\":\"BreadcrumbList\",\"@id\":\"https:\\\/\\\/tajkertesz.com\\\/termek\\\/erositett-muanyag-gyepracs-zold-masolat\\\/#breadcrumb\",\"itemListElement\":[{\"@type\":\"ListItem\",\"position\":1,\"name\":\"Home\",\"item\":\"https:\\\/\\\/tajkertesz.com\\\/\"},{\"@type\":\"ListItem\",\"position\":2,\"name\":\"Kezd\u0151lap\",\"item\":\"https:\\\/\\\/tajkertesz.com\\\/\"},{\"@type\":\"ListItem\",\"position\":3,\"name\":\"Er\u0151s\u00edtett m\u0171anyag gyepr\u00e1cs z\u00f6ld\"}]},{\"@type\":\"WebSite\",\"@id\":\"https:\\\/\\\/tajkertesz.com\\\/#website\",\"url\":\"https:\\\/\\\/tajkertesz.com\\\/\",\"name\":\"T\u00e1j-Kert\u00e9sz 84 Kft.\",\"description\":\"Kert\u00e9szeti kis- \u00e9s nagykeresked\u00e9s, D\u00edszn\u00f6v\u00e9ny web\u00e1ruh\u00e1z orsz\u00e1gos h\u00e1zhozsz\u00e1ll\u00edt\u00e1ssal!\",\"publisher\":{\"@id\":\"https:\\\/\\\/tajkertesz.com\\\/#organization\"},\"potentialAction\":[{\"@type\":\"SearchAction\",\"target\":{\"@type\":\"EntryPoint\",\"urlTemplate\":\"https:\\\/\\\/tajkertesz.com\\\/?s={search_term_string}\"},\"query-input\":{\"@type\":\"PropertyValueSpecification\",\"valueRequired\":true,\"valueName\":\"search_term_string\"}}],\"inLanguage\":\"en-US\"},{\"@type\":\"Organization\",\"@id\":\"https:\\\/\\\/tajkertesz.com\\\/#organization\",\"name\":\"T\u00e1j-Kert\u00e9sz 84 Kft.\",\"url\":\"https:\\\/\\\/tajkertesz.com\\\/\",\"logo\":{\"@type\":\"ImageObject\",\"inLanguage\":\"en-US\",\"@id\":\"https:\\\/\\\/tajkertesz.com\\\/#\\\/schema\\\/logo\\\/image\\\/\",\"url\":\"https:\\\/\\\/tajkertesz.com\\\/wp-content\\\/uploads\\\/2018\\\/02\\\/logo-2-e1518678052539.png\",\"contentUrl\":\"https:\\\/\\\/tajkertesz.com\\\/wp-content\\\/uploads\\\/2018\\\/02\\\/logo-2-e1518678052539.png\",\"width\":81,\"height\":140,\"caption\":\"T\u00e1j-Kert\u00e9sz 84 Kft.\"},\"image\":{\"@id\":\"https:\\\/\\\/tajkertesz.com\\\/#\\\/schema\\\/logo\\\/image\\\/\"},\"sameAs\":[\"https:\\\/\\\/www.facebook.com\\\/Tajkertesz\\\/\"]}]}<\/script>\n<!-- \/ Yoast SEO plugin. -->","yoast_head_json":{"title":"Er\u0151s\u00edtett m\u0171anyag gyepr\u00e1cs z\u00f6ld - T\u00e1jkert\u00e9sz","description":"G\u00e9pkocsi behajt\u00f3k \u00e9s parkol\u00f3helyek befed\u00e9se (kit\u00f6lt\u00e9se f\u0171vel vagy apr\u00f3 kaviccsal)nagyobb f\u00fcves\u00edtett ter\u00fcletek kialak\u00edt\u00e1sa","robots":{"index":"index","follow":"follow","max-snippet":"max-snippet:-1","max-image-preview":"max-image-preview:large","max-video-preview":"max-video-preview:-1"},"canonical":"https:\/\/tajkertesz.com\/en_US\/product\/erositett-muanyag-gyepracs-zold-masolat\/","og_locale":"en_US","og_type":"article","og_title":"Er\u0151s\u00edtett m\u0171anyag gyepr\u00e1cs z\u00f6ld - T\u00e1jkert\u00e9sz","og_description":"G\u00e9pkocsi behajt\u00f3k \u00e9s parkol\u00f3helyek befed\u00e9se (kit\u00f6lt\u00e9se f\u0171vel vagy apr\u00f3 kaviccsal)nagyobb f\u00fcves\u00edtett ter\u00fcletek kialak\u00edt\u00e1sa","og_url":"https:\/\/tajkertesz.com\/en_US\/product\/erositett-muanyag-gyepracs-zold-masolat\/","og_site_name":"T\u00e1jkert\u00e9sz","article_publisher":"https:\/\/www.facebook.com\/Tajkertesz\/","article_modified_time":"2022-12-15T10:09:19+00:00","og_image":[{"width":570,"height":570,"url":"https:\/\/tajkertesz.com\/wp-content\/uploads\/2022\/12\/Gyepracs.png","type":"image\/png"}],"twitter_card":"summary_large_image","twitter_misc":{"Est. reading time":"1 minute"},"schema":{"@context":"https:\/\/schema.org","@graph":[{"@type":"WebPage","@id":"https:\/\/tajkertesz.com\/termek\/erositett-muanyag-gyepracs-zold-masolat\/","url":"https:\/\/tajkertesz.com\/termek\/erositett-muanyag-gyepracs-zold-masolat\/","name":"Er\u0151s\u00edtett m\u0171anyag gyepr\u00e1cs z\u00f6ld - T\u00e1jkert\u00e9sz","isPartOf":{"@id":"https:\/\/tajkertesz.com\/#website"},"primaryImageOfPage":{"@id":"https:\/\/tajkertesz.com\/termek\/erositett-muanyag-gyepracs-zold-masolat\/#primaryimage"},"image":{"@id":"https:\/\/tajkertesz.com\/termek\/erositett-muanyag-gyepracs-zold-masolat\/#primaryimage"},"thumbnailUrl":"https:\/\/tajkertesz.com\/wp-content\/uploads\/2022\/12\/Gyepracs.png","datePublished":"2022-12-15T09:56:06+00:00","dateModified":"2022-12-15T10:09:19+00:00","description":"G\u00e9pkocsi behajt\u00f3k \u00e9s parkol\u00f3helyek befed\u00e9se (kit\u00f6lt\u00e9se f\u0171vel vagy apr\u00f3 kaviccsal)nagyobb f\u00fcves\u00edtett ter\u00fcletek kialak\u00edt\u00e1sa","breadcrumb":{"@id":"https:\/\/tajkertesz.com\/termek\/erositett-muanyag-gyepracs-zold-masolat\/#breadcrumb"},"inLanguage":"en-US","potentialAction":[{"@type":"ReadAction","target":["https:\/\/tajkertesz.com\/termek\/erositett-muanyag-gyepracs-zold-masolat\/"]}]},{"@type":"ImageObject","inLanguage":"en-US","@id":"https:\/\/tajkertesz.com\/termek\/erositett-muanyag-gyepracs-zold-masolat\/#primaryimage","url":"https:\/\/tajkertesz.com\/wp-content\/uploads\/2022\/12\/Gyepracs.png","contentUrl":"https:\/\/tajkertesz.com\/wp-content\/uploads\/2022\/12\/Gyepracs.png","width":570,"height":570},{"@type":"BreadcrumbList","@id":"https:\/\/tajkertesz.com\/termek\/erositett-muanyag-gyepracs-zold-masolat\/#breadcrumb","itemListElement":[{"@type":"ListItem","position":1,"name":"Home","item":"https:\/\/tajkertesz.com\/"},{"@type":"ListItem","position":2,"name":"Kezd\u0151lap","item":"https:\/\/tajkertesz.com\/"},{"@type":"ListItem","position":3,"name":"Er\u0151s\u00edtett m\u0171anyag gyepr\u00e1cs z\u00f6ld"}]},{"@type":"WebSite","@id":"https:\/\/tajkertesz.com\/#website","url":"https:\/\/tajkertesz.com\/","name":"T\u00e1j-Kert\u00e9sz 84 Kft.","description":"Kert\u00e9szeti kis- \u00e9s nagykeresked\u00e9s, D\u00edszn\u00f6v\u00e9ny web\u00e1ruh\u00e1z orsz\u00e1gos h\u00e1zhozsz\u00e1ll\u00edt\u00e1ssal!","publisher":{"@id":"https:\/\/tajkertesz.com\/#organization"},"potentialAction":[{"@type":"SearchAction","target":{"@type":"EntryPoint","urlTemplate":"https:\/\/tajkertesz.com\/?s={search_term_string}"},"query-input":{"@type":"PropertyValueSpecification","valueRequired":true,"valueName":"search_term_string"}}],"inLanguage":"en-US"},{"@type":"Organization","@id":"https:\/\/tajkertesz.com\/#organization","name":"T\u00e1j-Kert\u00e9sz 84 Kft.","url":"https:\/\/tajkertesz.com\/","logo":{"@type":"ImageObject","inLanguage":"en-US","@id":"https:\/\/tajkertesz.com\/#\/schema\/logo\/image\/","url":"https:\/\/tajkertesz.com\/wp-content\/uploads\/2018\/02\/logo-2-e1518678052539.png","contentUrl":"https:\/\/tajkertesz.com\/wp-content\/uploads\/2018\/02\/logo-2-e1518678052539.png","width":81,"height":140,"caption":"T\u00e1j-Kert\u00e9sz 84 Kft."},"image":{"@id":"https:\/\/tajkertesz.com\/#\/schema\/logo\/image\/"},"sameAs":["https:\/\/www.facebook.com\/Tajkertesz\/"]}]}},"_links":{"self":[{"href":"https:\/\/tajkertesz.com\/en_US\/wp-json\/wp\/v2\/product\/14457","targetHints":{"allow":["GET"]}}],"collection":[{"href":"https:\/\/tajkertesz.com\/en_US\/wp-json\/wp\/v2\/product"}],"about":[{"href":"https:\/\/tajkertesz.com\/en_US\/wp-json\/wp\/v2\/types\/product"}],"wp:featuredmedia":[{"embeddable":true,"href":"https:\/\/tajkertesz.com\/en_US\/wp-json\/wp\/v2\/media\/14443"}],"wp:attachment":[{"href":"https:\/\/tajkertesz.com\/en_US\/wp-json\/wp\/v2\/media?parent=14457"}],"wp:term":[{"taxonomy":"product_brand","embeddable":true,"href":"https:\/\/tajkertesz.com\/en_US\/wp-json\/wp\/v2\/product_brand?post=14457"},{"taxonomy":"product_cat","embeddable":true,"href":"https:\/\/tajkertesz.com\/en_US\/wp-json\/wp\/v2\/product_cat?post=14457"},{"taxonomy":"product_tag","embeddable":true,"href":"https:\/\/tajkertesz.com\/en_US\/wp-json\/wp\/v2\/product_tag?post=14457"}],"curies":[{"name":"wp","href":"https:\/\/api.w.org\/{rel}","templated":true}]}}