{"id":14473,"date":"2022-12-16T13:56:41","date_gmt":"2022-12-16T13:56:41","guid":{"rendered":"https:\/\/tajkertesz.com\/?post_type=product&#038;p=14473"},"modified":"2026-02-18T15:22:27","modified_gmt":"2026-02-18T15:22:27","slug":"thermacell-mr-9w-asztali-szunyogriaszto-lampa","status":"publish","type":"product","link":"https:\/\/tajkertesz.com\/en_US\/product\/thermacell-mr-9w-asztali-szunyogriaszto-lampa\/","title":{"rendered":"Thermacell MR-9W asztali sz\u00fanyogriaszt\u00f3 l\u00e1mpa"},"content":{"rendered":"<h1 class=\"product_title entry-title\">Thermacell MR-9W asztali sz\u00fanyogriaszt\u00f3 l\u00e1mpa<\/h1>\n<div class=\"woocommerce-product-details__short-description\">\n<p>Praktikus, hordozhat\u00f3 \u00e9s vezet\u00e9kmentes. Kompakt \u00e9s ellen\u00e1ll\u00f3 diz\u00e1jn.<br \/>\nHat\u00e9konya sz\u00fanyogriaszt\u00f3 v\u00e9d\u0151z\u00f3n\u00e1t hoz l\u00e9tre. A berendez\u00e9s dekorat\u00edv kivitelez\u00e9se \u00e9s f\u00e9nye asztala vagy erk\u00e9lye d\u00edsze lesz \u00e9s ide\u00e1lis grillez\u00e9shez, kert\u00e9szked\u00e9shez, k\u00fclt\u00e9ri munk\u00e1khoz, stb.<\/p>\n<p>Csomag tartalmazza: 1db sz\u00fanyogriaszt\u00f3 l\u00e1mpa, 3db riaszt\u00f3 lap \u00e9s 1db but\u00e1ng\u00e1z palack<\/p>\n<ul>\n<li>Er\u0151s f\u00e9nyt ad 8 LED-di\u00f3da seg\u00edts\u00e9g\u00e9vel k\u00e9t er\u0151ss\u00e9gben (High\/Low)<\/li>\n<li>Dekorat\u00edv diz\u00e1jn<\/li>\n<li>Egyszer\u0171en haszn\u00e1lhat\u00f3, zajmentesen m\u0171k\u00f6dik<\/li>\n<\/ul>\n<\/div>","protected":false},"excerpt":{"rendered":"<p>&nbsp;<\/p>\n<div id=\"tab-description\" class=\"woocommerce-Tabs-panel woocommerce-Tabs-panel--description panel entry-content wc-tab\" role=\"tabpanel\" aria-labelledby=\"tab-title-description\">\n<p>Praktikus, hordozhat\u00f3 \u00e9s vezet\u00e9kmentes. Kompakt \u00e9s ellen\u00e1ll\u00f3 diz\u00e1jn.<br \/>\nHat\u00e9konya sz\u00fanyogriaszt\u00f3 v\u00e9d\u0151z\u00f3n\u00e1t hoz l\u00e9tre. A berendez\u00e9s dekorat\u00edv kivitelez\u00e9se \u00e9s f\u00e9nye asztala vagy erk\u00e9lye d\u00edsze lesz \u00e9s ide\u00e1lis grillez\u00e9shez, kert\u00e9szked\u00e9shez, k\u00fclt\u00e9ri munk\u00e1khoz, stb.<\/p>\n<ul>\n<li>Hat\u00f3anyag D-cis \/ trans alethrin<\/li>\n<li>Elemek 4 x AA (nem tartoz\u00e9k)<\/li>\n<li>M\u00e9ret 125 x 188 x 125mm (HxSZxM)<\/li>\n<li>F\u00e9ny: 8 LED 2 f\u00e9nyer\u0151szinttel<\/li>\n<li>T\u00edpus: MR9W<\/li>\n<li>Ut\u00e1nt\u00f6lt\u0151k: R4, \u00a0E4, R10<\/li>\n<\/ul>\n<\/div>","protected":false},"featured_media":14474,"template":"","meta":{"_et_pb_use_builder":"","_et_pb_old_content":"","_et_gb_content_width":""},"product_brand":[],"product_cat":[4087],"product_tag":[1581],"class_list":{"0":"post-14473","1":"product","2":"type-product","3":"status-publish","4":"has-post-thumbnail","6":"product_cat-thermacell","7":"product_tag-thermacell","9":"first","10":"outofstock","11":"shipping-taxable","12":"product-type-simple"},"yoast_head":"<!-- This site is optimized with the Yoast SEO plugin v27.4 - https:\/\/yoast.com\/product\/yoast-seo-wordpress\/ -->\n<title>Thermacell MR-9W asztali sz\u00fanyogriaszt\u00f3 l\u00e1mpa - T\u00e1jkert\u00e9sz<\/title>\n<meta name=\"description\" content=\"Praktikus, hordozhat\u00f3 \u00e9s vezet\u00e9kmentes. Kompakt \u00e9s ellen\u00e1ll\u00f3 diz\u00e1jn. Hat\u00e9konya sz\u00fanyogriaszt\u00f3 v\u00e9d\u0151z\u00f3n\u00e1t hoz l\u00e9tre. Rendelje meg orsz\u00e1gos h\u00e1zhozsz\u00e1ll\u00edt\u00e1ssal.\" \/>\n<meta name=\"robots\" content=\"index, follow, max-snippet:-1, max-image-preview:large, max-video-preview:-1\" \/>\n<link rel=\"canonical\" href=\"https:\/\/tajkertesz.com\/en_US\/product\/thermacell-mr-9w-asztali-szunyogriaszto-lampa\/\" \/>\n<meta property=\"og:locale\" content=\"en_US\" \/>\n<meta property=\"og:type\" content=\"article\" \/>\n<meta property=\"og:title\" content=\"https:\/\/www.facebook.com\/tajkertesz\" \/>\n<meta property=\"og:description\" content=\"Praktikus, hordozhat\u00f3 \u00e9s vezet\u00e9kmentes. Kompakt \u00e9s ellen\u00e1ll\u00f3 diz\u00e1jn. Hat\u00e9konya sz\u00fanyogriaszt\u00f3 v\u00e9d\u0151z\u00f3n\u00e1t hoz l\u00e9tre. Rendelje meg orsz\u00e1gos h\u00e1zhozsz\u00e1ll\u00edt\u00e1ssal.\" \/>\n<meta property=\"og:url\" content=\"https:\/\/tajkertesz.com\/en_US\/product\/thermacell-mr-9w-asztali-szunyogriaszto-lampa\/\" \/>\n<meta property=\"og:site_name\" content=\"T\u00e1jkert\u00e9sz\" \/>\n<meta property=\"article:publisher\" content=\"https:\/\/www.facebook.com\/Tajkertesz\/\" \/>\n<meta property=\"article:modified_time\" content=\"2026-02-18T15:22:27+00:00\" \/>\n<meta property=\"og:image\" content=\"https:\/\/tajkertesz.com\/wp-content\/uploads\/2022\/12\/Thermacell.jpg\" \/>\n\t<meta property=\"og:image:width\" content=\"1280\" \/>\n\t<meta property=\"og:image:height\" content=\"720\" \/>\n\t<meta property=\"og:image:type\" content=\"image\/jpeg\" \/>\n<meta name=\"twitter:card\" content=\"summary_large_image\" \/>\n<meta name=\"twitter:label1\" content=\"Est. reading time\" \/>\n\t<meta name=\"twitter:data1\" content=\"1 minute\" \/>\n<script type=\"application\/ld+json\" class=\"yoast-schema-graph\">{\"@context\":\"https:\\\/\\\/schema.org\",\"@graph\":[{\"@type\":\"WebPage\",\"@id\":\"https:\\\/\\\/tajkertesz.com\\\/termek\\\/thermacell-mr-9w-asztali-szunyogriaszto-lampa\\\/\",\"url\":\"https:\\\/\\\/tajkertesz.com\\\/termek\\\/thermacell-mr-9w-asztali-szunyogriaszto-lampa\\\/\",\"name\":\"Thermacell MR-9W asztali sz\u00fanyogriaszt\u00f3 l\u00e1mpa - T\u00e1jkert\u00e9sz\",\"isPartOf\":{\"@id\":\"https:\\\/\\\/tajkertesz.com\\\/#website\"},\"primaryImageOfPage\":{\"@id\":\"https:\\\/\\\/tajkertesz.com\\\/termek\\\/thermacell-mr-9w-asztali-szunyogriaszto-lampa\\\/#primaryimage\"},\"image\":{\"@id\":\"https:\\\/\\\/tajkertesz.com\\\/termek\\\/thermacell-mr-9w-asztali-szunyogriaszto-lampa\\\/#primaryimage\"},\"thumbnailUrl\":\"https:\\\/\\\/tajkertesz.com\\\/wp-content\\\/uploads\\\/2022\\\/12\\\/MR-W9-600x600-1.jpg\",\"datePublished\":\"2022-12-16T13:56:41+00:00\",\"dateModified\":\"2026-02-18T15:22:27+00:00\",\"description\":\"Praktikus, hordozhat\u00f3 \u00e9s vezet\u00e9kmentes. Kompakt \u00e9s ellen\u00e1ll\u00f3 diz\u00e1jn. Hat\u00e9konya sz\u00fanyogriaszt\u00f3 v\u00e9d\u0151z\u00f3n\u00e1t hoz l\u00e9tre. Rendelje meg orsz\u00e1gos h\u00e1zhozsz\u00e1ll\u00edt\u00e1ssal.\",\"breadcrumb\":{\"@id\":\"https:\\\/\\\/tajkertesz.com\\\/termek\\\/thermacell-mr-9w-asztali-szunyogriaszto-lampa\\\/#breadcrumb\"},\"inLanguage\":\"en-US\",\"potentialAction\":[{\"@type\":\"ReadAction\",\"target\":[\"https:\\\/\\\/tajkertesz.com\\\/termek\\\/thermacell-mr-9w-asztali-szunyogriaszto-lampa\\\/\"]}]},{\"@type\":\"ImageObject\",\"inLanguage\":\"en-US\",\"@id\":\"https:\\\/\\\/tajkertesz.com\\\/termek\\\/thermacell-mr-9w-asztali-szunyogriaszto-lampa\\\/#primaryimage\",\"url\":\"https:\\\/\\\/tajkertesz.com\\\/wp-content\\\/uploads\\\/2022\\\/12\\\/MR-W9-600x600-1.jpg\",\"contentUrl\":\"https:\\\/\\\/tajkertesz.com\\\/wp-content\\\/uploads\\\/2022\\\/12\\\/MR-W9-600x600-1.jpg\",\"width\":600,\"height\":600},{\"@type\":\"BreadcrumbList\",\"@id\":\"https:\\\/\\\/tajkertesz.com\\\/termek\\\/thermacell-mr-9w-asztali-szunyogriaszto-lampa\\\/#breadcrumb\",\"itemListElement\":[{\"@type\":\"ListItem\",\"position\":1,\"name\":\"Home\",\"item\":\"https:\\\/\\\/tajkertesz.com\\\/\"},{\"@type\":\"ListItem\",\"position\":2,\"name\":\"Kezd\u0151lap\",\"item\":\"https:\\\/\\\/tajkertesz.com\\\/\"},{\"@type\":\"ListItem\",\"position\":3,\"name\":\"Thermacell MR-9W asztali sz\u00fanyogriaszt\u00f3 l\u00e1mpa\"}]},{\"@type\":\"WebSite\",\"@id\":\"https:\\\/\\\/tajkertesz.com\\\/#website\",\"url\":\"https:\\\/\\\/tajkertesz.com\\\/\",\"name\":\"T\u00e1j-Kert\u00e9sz 84 Kft.\",\"description\":\"Kert\u00e9szeti kis- \u00e9s nagykeresked\u00e9s, D\u00edszn\u00f6v\u00e9ny web\u00e1ruh\u00e1z orsz\u00e1gos h\u00e1zhozsz\u00e1ll\u00edt\u00e1ssal!\",\"publisher\":{\"@id\":\"https:\\\/\\\/tajkertesz.com\\\/#organization\"},\"potentialAction\":[{\"@type\":\"SearchAction\",\"target\":{\"@type\":\"EntryPoint\",\"urlTemplate\":\"https:\\\/\\\/tajkertesz.com\\\/?s={search_term_string}\"},\"query-input\":{\"@type\":\"PropertyValueSpecification\",\"valueRequired\":true,\"valueName\":\"search_term_string\"}}],\"inLanguage\":\"en-US\"},{\"@type\":\"Organization\",\"@id\":\"https:\\\/\\\/tajkertesz.com\\\/#organization\",\"name\":\"T\u00e1j-Kert\u00e9sz 84 Kft.\",\"url\":\"https:\\\/\\\/tajkertesz.com\\\/\",\"logo\":{\"@type\":\"ImageObject\",\"inLanguage\":\"en-US\",\"@id\":\"https:\\\/\\\/tajkertesz.com\\\/#\\\/schema\\\/logo\\\/image\\\/\",\"url\":\"https:\\\/\\\/tajkertesz.com\\\/wp-content\\\/uploads\\\/2018\\\/02\\\/logo-2-e1518678052539.png\",\"contentUrl\":\"https:\\\/\\\/tajkertesz.com\\\/wp-content\\\/uploads\\\/2018\\\/02\\\/logo-2-e1518678052539.png\",\"width\":81,\"height\":140,\"caption\":\"T\u00e1j-Kert\u00e9sz 84 Kft.\"},\"image\":{\"@id\":\"https:\\\/\\\/tajkertesz.com\\\/#\\\/schema\\\/logo\\\/image\\\/\"},\"sameAs\":[\"https:\\\/\\\/www.facebook.com\\\/Tajkertesz\\\/\"]}]}<\/script>\n<!-- \/ Yoast SEO plugin. -->","yoast_head_json":{"title":"Thermacell MR-9W asztali sz\u00fanyogriaszt\u00f3 l\u00e1mpa - T\u00e1jkert\u00e9sz","description":"Praktikus, hordozhat\u00f3 \u00e9s vezet\u00e9kmentes. Kompakt \u00e9s ellen\u00e1ll\u00f3 diz\u00e1jn. Hat\u00e9konya sz\u00fanyogriaszt\u00f3 v\u00e9d\u0151z\u00f3n\u00e1t hoz l\u00e9tre. Rendelje meg orsz\u00e1gos h\u00e1zhozsz\u00e1ll\u00edt\u00e1ssal.","robots":{"index":"index","follow":"follow","max-snippet":"max-snippet:-1","max-image-preview":"max-image-preview:large","max-video-preview":"max-video-preview:-1"},"canonical":"https:\/\/tajkertesz.com\/en_US\/product\/thermacell-mr-9w-asztali-szunyogriaszto-lampa\/","og_locale":"en_US","og_type":"article","og_title":"https:\/\/www.facebook.com\/tajkertesz","og_description":"Praktikus, hordozhat\u00f3 \u00e9s vezet\u00e9kmentes. Kompakt \u00e9s ellen\u00e1ll\u00f3 diz\u00e1jn. Hat\u00e9konya sz\u00fanyogriaszt\u00f3 v\u00e9d\u0151z\u00f3n\u00e1t hoz l\u00e9tre. Rendelje meg orsz\u00e1gos h\u00e1zhozsz\u00e1ll\u00edt\u00e1ssal.","og_url":"https:\/\/tajkertesz.com\/en_US\/product\/thermacell-mr-9w-asztali-szunyogriaszto-lampa\/","og_site_name":"T\u00e1jkert\u00e9sz","article_publisher":"https:\/\/www.facebook.com\/Tajkertesz\/","article_modified_time":"2026-02-18T15:22:27+00:00","og_image":[{"width":1280,"height":720,"url":"https:\/\/tajkertesz.com\/wp-content\/uploads\/2022\/12\/Thermacell.jpg","type":"image\/jpeg"}],"twitter_card":"summary_large_image","twitter_misc":{"Est. reading time":"1 minute"},"schema":{"@context":"https:\/\/schema.org","@graph":[{"@type":"WebPage","@id":"https:\/\/tajkertesz.com\/termek\/thermacell-mr-9w-asztali-szunyogriaszto-lampa\/","url":"https:\/\/tajkertesz.com\/termek\/thermacell-mr-9w-asztali-szunyogriaszto-lampa\/","name":"Thermacell MR-9W asztali sz\u00fanyogriaszt\u00f3 l\u00e1mpa - T\u00e1jkert\u00e9sz","isPartOf":{"@id":"https:\/\/tajkertesz.com\/#website"},"primaryImageOfPage":{"@id":"https:\/\/tajkertesz.com\/termek\/thermacell-mr-9w-asztali-szunyogriaszto-lampa\/#primaryimage"},"image":{"@id":"https:\/\/tajkertesz.com\/termek\/thermacell-mr-9w-asztali-szunyogriaszto-lampa\/#primaryimage"},"thumbnailUrl":"https:\/\/tajkertesz.com\/wp-content\/uploads\/2022\/12\/MR-W9-600x600-1.jpg","datePublished":"2022-12-16T13:56:41+00:00","dateModified":"2026-02-18T15:22:27+00:00","description":"Praktikus, hordozhat\u00f3 \u00e9s vezet\u00e9kmentes. Kompakt \u00e9s ellen\u00e1ll\u00f3 diz\u00e1jn. Hat\u00e9konya sz\u00fanyogriaszt\u00f3 v\u00e9d\u0151z\u00f3n\u00e1t hoz l\u00e9tre. Rendelje meg orsz\u00e1gos h\u00e1zhozsz\u00e1ll\u00edt\u00e1ssal.","breadcrumb":{"@id":"https:\/\/tajkertesz.com\/termek\/thermacell-mr-9w-asztali-szunyogriaszto-lampa\/#breadcrumb"},"inLanguage":"en-US","potentialAction":[{"@type":"ReadAction","target":["https:\/\/tajkertesz.com\/termek\/thermacell-mr-9w-asztali-szunyogriaszto-lampa\/"]}]},{"@type":"ImageObject","inLanguage":"en-US","@id":"https:\/\/tajkertesz.com\/termek\/thermacell-mr-9w-asztali-szunyogriaszto-lampa\/#primaryimage","url":"https:\/\/tajkertesz.com\/wp-content\/uploads\/2022\/12\/MR-W9-600x600-1.jpg","contentUrl":"https:\/\/tajkertesz.com\/wp-content\/uploads\/2022\/12\/MR-W9-600x600-1.jpg","width":600,"height":600},{"@type":"BreadcrumbList","@id":"https:\/\/tajkertesz.com\/termek\/thermacell-mr-9w-asztali-szunyogriaszto-lampa\/#breadcrumb","itemListElement":[{"@type":"ListItem","position":1,"name":"Home","item":"https:\/\/tajkertesz.com\/"},{"@type":"ListItem","position":2,"name":"Kezd\u0151lap","item":"https:\/\/tajkertesz.com\/"},{"@type":"ListItem","position":3,"name":"Thermacell MR-9W asztali sz\u00fanyogriaszt\u00f3 l\u00e1mpa"}]},{"@type":"WebSite","@id":"https:\/\/tajkertesz.com\/#website","url":"https:\/\/tajkertesz.com\/","name":"T\u00e1j-Kert\u00e9sz 84 Kft.","description":"Kert\u00e9szeti kis- \u00e9s nagykeresked\u00e9s, D\u00edszn\u00f6v\u00e9ny web\u00e1ruh\u00e1z orsz\u00e1gos h\u00e1zhozsz\u00e1ll\u00edt\u00e1ssal!","publisher":{"@id":"https:\/\/tajkertesz.com\/#organization"},"potentialAction":[{"@type":"SearchAction","target":{"@type":"EntryPoint","urlTemplate":"https:\/\/tajkertesz.com\/?s={search_term_string}"},"query-input":{"@type":"PropertyValueSpecification","valueRequired":true,"valueName":"search_term_string"}}],"inLanguage":"en-US"},{"@type":"Organization","@id":"https:\/\/tajkertesz.com\/#organization","name":"T\u00e1j-Kert\u00e9sz 84 Kft.","url":"https:\/\/tajkertesz.com\/","logo":{"@type":"ImageObject","inLanguage":"en-US","@id":"https:\/\/tajkertesz.com\/#\/schema\/logo\/image\/","url":"https:\/\/tajkertesz.com\/wp-content\/uploads\/2018\/02\/logo-2-e1518678052539.png","contentUrl":"https:\/\/tajkertesz.com\/wp-content\/uploads\/2018\/02\/logo-2-e1518678052539.png","width":81,"height":140,"caption":"T\u00e1j-Kert\u00e9sz 84 Kft."},"image":{"@id":"https:\/\/tajkertesz.com\/#\/schema\/logo\/image\/"},"sameAs":["https:\/\/www.facebook.com\/Tajkertesz\/"]}]}},"_links":{"self":[{"href":"https:\/\/tajkertesz.com\/en_US\/wp-json\/wp\/v2\/product\/14473","targetHints":{"allow":["GET"]}}],"collection":[{"href":"https:\/\/tajkertesz.com\/en_US\/wp-json\/wp\/v2\/product"}],"about":[{"href":"https:\/\/tajkertesz.com\/en_US\/wp-json\/wp\/v2\/types\/product"}],"wp:featuredmedia":[{"embeddable":true,"href":"https:\/\/tajkertesz.com\/en_US\/wp-json\/wp\/v2\/media\/14474"}],"wp:attachment":[{"href":"https:\/\/tajkertesz.com\/en_US\/wp-json\/wp\/v2\/media?parent=14473"}],"wp:term":[{"taxonomy":"product_brand","embeddable":true,"href":"https:\/\/tajkertesz.com\/en_US\/wp-json\/wp\/v2\/product_brand?post=14473"},{"taxonomy":"product_cat","embeddable":true,"href":"https:\/\/tajkertesz.com\/en_US\/wp-json\/wp\/v2\/product_cat?post=14473"},{"taxonomy":"product_tag","embeddable":true,"href":"https:\/\/tajkertesz.com\/en_US\/wp-json\/wp\/v2\/product_tag?post=14473"}],"curies":[{"name":"wp","href":"https:\/\/api.w.org\/{rel}","templated":true}]}}