{"id":14484,"date":"2022-12-16T14:28:37","date_gmt":"2022-12-16T14:28:37","guid":{"rendered":"https:\/\/tajkertesz.com\/?post_type=product&#038;p=14484"},"modified":"2026-02-18T15:21:57","modified_gmt":"2026-02-18T15:21:57","slug":"thermacell-r-10-megapack-120-oras-utantolto","status":"publish","type":"product","link":"https:\/\/tajkertesz.com\/en_US\/product\/thermacell-r-10-megapack-120-oras-utantolto\/","title":{"rendered":"Thermacell R-10 Megapack 120 \u00f3r\u00e1s ut\u00e1nt\u00f6lt\u0151"},"content":{"rendered":"<h1 class=\"product_title entry-title\">Thermacell R-10 Megapack 120 \u00f3r\u00e1s ut\u00e1nt\u00f6lt\u0151<\/h1>\n<p>A 120 \u00f3r\u00e1s MEGA-PACK, 10 db but\u00e1ng\u00e1zpatront \u00e9s 30 db hat\u00f3anyaglapk\u00e1t tartalmaz. Egy g\u00e1zpatron 12 \u00f3ra m\u0171k\u00f6d\u00e9si id\u0151t biztos\u00edt, a hat\u00f3anyaglapk\u00e1k egyenk\u00e9nt 4 \u00f3r\u00e1n \u00e1t hatnak. Megacsomag 120 \u00f3r\u00e1nyi v\u00e9delemmel.<\/p>\n<p>&nbsp;<\/p>\n<p><strong>K\u00e9szlet\u00fcnk napi szinten v\u00e1ltozik, ez\u00e9rt k\u00e9rj\u00fck, \u00e9rdekl\u0151dj\u00f6n szem\u00e9lyesen, telefonon vagy email-en.<br \/>\nA v\u00e1ltoztat\u00e1s jog\u00e1t fenntartjuk!\u00a0<\/strong><\/p>\n<p><a href=\"https:\/\/tajkertesz.com\/\">https:\/\/tajkertesz.com\/<\/a><\/p>\n<p><a href=\"https:\/\/www.facebook.com\/tajkertesz\/\">https:\/\/www.facebook.com\/tajkertesz\/<\/a><\/p>\n<p>Kisz\u00e1ll\u00edt\u00e1s: 200cm-ig \u00a0\u00e9s 40 kg-ig a sz\u00e1ll\u00edt\u00e1s fut\u00e1rszolg\u00e1lattal \u00a0t\u00f6rt\u00e9nik.<\/p>\n<p>Szem\u00e9lyes \u00e1tv\u00e9tel nyitvatart\u00e1si id\u0151ben a 17. ker\u00fclet Bakancsos utca 7. sz\u00e1m alatti Kert\u00e9szeti \u00e1rud\u00e1ban<\/p>","protected":false},"excerpt":{"rendered":"<p>Az ut\u00e1nt\u00f6lt\u0151k hossz\u00fa ideig t\u00e1rolhat\u00f3k.A g\u00e1zpatronokat \u00e9s a hat\u00f3anyaglapk\u00e1kat nem kell egyszerre felhaszn\u00e1lni. El\u00e9g napi egy \u00f3ra m\u0171k\u00f6d\u00e9si id\u0151. Ilyen esetben kikapcsolja a g\u00e9pet majd a k\u00f6vetkez\u0151 haszn\u00e1latkor \u00fajra bekapcsolja. Ha a berendez\u00e9st hosszabb ideig nem haszn\u00e1lja (&gt; 2 nap), vegye ki a hat\u00f3anyaglapk\u00e1t \u00e9s t\u00e1rolja sz\u00e1raz hideg helyen.<br \/>\nA szintetikus hat\u00f3anyag D-trans-aletr\u00edn a piretroidok csoportj\u00e1ba tartozik \u00e9s azonos a term\u00e9szetes biociddal (a krizant\u00e9m szaganyag\u00e1b\u00f3l).<br \/>\n<strong>\u00c1ltal\u00e1nos inform\u00e1ci\u00f3k:<\/strong><br \/>\nMinden csomagban 120 \u00f3r\u00e1nyi sz\u00fanyogok elleni v\u00e9delem van<br \/>\nA csomagban 10 but\u00e1n g\u00e1zpatron \u00e9s 30 (4-\u00f3r\u00e1ig hat\u00e9kony) hat\u00f3anyaglapka van<br \/>\nCsomag m\u00e9retei: 152\u00d7134,5\u00d784 mm<br \/>\nA csomagol\u00e1s 120 \u00f3r\u00e1s v\u00e9delemmel (10x but\u00e1ng\u00e1zpatron, 30x hat\u00f3anyaglapka).<\/p>","protected":false},"featured_media":14485,"template":"","meta":{"_et_pb_use_builder":"","_et_pb_old_content":"","_et_gb_content_width":""},"product_brand":[],"product_cat":[4087],"product_tag":[1581],"class_list":{"0":"post-14484","1":"product","2":"type-product","3":"status-publish","4":"has-post-thumbnail","6":"product_cat-thermacell","7":"product_tag-thermacell","9":"first","10":"instock","11":"shipping-taxable","12":"purchasable","13":"product-type-simple"},"yoast_head":"<!-- This site is optimized with the Yoast SEO plugin v27.4 - https:\/\/yoast.com\/product\/yoast-seo-wordpress\/ -->\n<title>Thermacell R-10 Megapack 120 \u00f3r\u00e1s ut\u00e1nt\u00f6lt\u0151 - T\u00e1jkert\u00e9sz<\/title>\n<meta name=\"description\" content=\"A 120 \u00f3r\u00e1s MEGA-PACK, 10 db but\u00e1ng\u00e1zpatront \u00e9s 30 db hat\u00f3anyaglapk\u00e1t tartalmaz. Egy g\u00e1zpatron 12 \u00f3ra m\u0171k\u00f6d\u00e9si id\u0151t biztos\u00edt. Thermacell k\u00e9sz\u00fcl\u00e9kekhez\" \/>\n<meta name=\"robots\" content=\"index, follow, max-snippet:-1, max-image-preview:large, max-video-preview:-1\" \/>\n<link rel=\"canonical\" href=\"https:\/\/tajkertesz.com\/en_US\/product\/thermacell-r-10-megapack-120-oras-utantolto\/\" \/>\n<meta property=\"og:locale\" content=\"en_US\" \/>\n<meta property=\"og:type\" content=\"article\" \/>\n<meta property=\"og:title\" content=\"Thermacell R-10 Megapack 120 \u00f3r\u00e1s ut\u00e1nt\u00f6lt\u0151 - T\u00e1jkert\u00e9sz\" \/>\n<meta property=\"og:description\" content=\"A 120 \u00f3r\u00e1s MEGA-PACK, 10 db but\u00e1ng\u00e1zpatront \u00e9s 30 db hat\u00f3anyaglapk\u00e1t tartalmaz. Egy g\u00e1zpatron 12 \u00f3ra m\u0171k\u00f6d\u00e9si id\u0151t biztos\u00edt. Thermacell k\u00e9sz\u00fcl\u00e9kekhez\" \/>\n<meta property=\"og:url\" content=\"https:\/\/tajkertesz.com\/en_US\/product\/thermacell-r-10-megapack-120-oras-utantolto\/\" \/>\n<meta property=\"og:site_name\" content=\"T\u00e1jkert\u00e9sz\" \/>\n<meta property=\"article:publisher\" content=\"https:\/\/www.facebook.com\/Tajkertesz\/\" \/>\n<meta property=\"article:modified_time\" content=\"2026-02-18T15:21:57+00:00\" \/>\n<meta property=\"og:image\" content=\"https:\/\/tajkertesz.com\/wp-content\/uploads\/2022\/12\/R10-600x600-1.jpg\" \/>\n\t<meta property=\"og:image:width\" content=\"600\" \/>\n\t<meta property=\"og:image:height\" content=\"600\" \/>\n\t<meta property=\"og:image:type\" content=\"image\/jpeg\" \/>\n<meta name=\"twitter:card\" content=\"summary_large_image\" \/>\n<meta name=\"twitter:label1\" content=\"Est. reading time\" \/>\n\t<meta name=\"twitter:data1\" content=\"1 minute\" \/>\n<script type=\"application\/ld+json\" class=\"yoast-schema-graph\">{\"@context\":\"https:\\\/\\\/schema.org\",\"@graph\":[{\"@type\":\"WebPage\",\"@id\":\"https:\\\/\\\/tajkertesz.com\\\/termek\\\/thermacell-r-10-megapack-120-oras-utantolto\\\/\",\"url\":\"https:\\\/\\\/tajkertesz.com\\\/termek\\\/thermacell-r-10-megapack-120-oras-utantolto\\\/\",\"name\":\"Thermacell R-10 Megapack 120 \u00f3r\u00e1s ut\u00e1nt\u00f6lt\u0151 - T\u00e1jkert\u00e9sz\",\"isPartOf\":{\"@id\":\"https:\\\/\\\/tajkertesz.com\\\/#website\"},\"primaryImageOfPage\":{\"@id\":\"https:\\\/\\\/tajkertesz.com\\\/termek\\\/thermacell-r-10-megapack-120-oras-utantolto\\\/#primaryimage\"},\"image\":{\"@id\":\"https:\\\/\\\/tajkertesz.com\\\/termek\\\/thermacell-r-10-megapack-120-oras-utantolto\\\/#primaryimage\"},\"thumbnailUrl\":\"https:\\\/\\\/tajkertesz.com\\\/wp-content\\\/uploads\\\/2022\\\/12\\\/R10-600x600-1.jpg\",\"datePublished\":\"2022-12-16T14:28:37+00:00\",\"dateModified\":\"2026-02-18T15:21:57+00:00\",\"description\":\"A 120 \u00f3r\u00e1s MEGA-PACK, 10 db but\u00e1ng\u00e1zpatront \u00e9s 30 db hat\u00f3anyaglapk\u00e1t tartalmaz. Egy g\u00e1zpatron 12 \u00f3ra m\u0171k\u00f6d\u00e9si id\u0151t biztos\u00edt. Thermacell k\u00e9sz\u00fcl\u00e9kekhez\",\"breadcrumb\":{\"@id\":\"https:\\\/\\\/tajkertesz.com\\\/termek\\\/thermacell-r-10-megapack-120-oras-utantolto\\\/#breadcrumb\"},\"inLanguage\":\"en-US\",\"potentialAction\":[{\"@type\":\"ReadAction\",\"target\":[\"https:\\\/\\\/tajkertesz.com\\\/termek\\\/thermacell-r-10-megapack-120-oras-utantolto\\\/\"]}]},{\"@type\":\"ImageObject\",\"inLanguage\":\"en-US\",\"@id\":\"https:\\\/\\\/tajkertesz.com\\\/termek\\\/thermacell-r-10-megapack-120-oras-utantolto\\\/#primaryimage\",\"url\":\"https:\\\/\\\/tajkertesz.com\\\/wp-content\\\/uploads\\\/2022\\\/12\\\/R10-600x600-1.jpg\",\"contentUrl\":\"https:\\\/\\\/tajkertesz.com\\\/wp-content\\\/uploads\\\/2022\\\/12\\\/R10-600x600-1.jpg\",\"width\":600,\"height\":600},{\"@type\":\"BreadcrumbList\",\"@id\":\"https:\\\/\\\/tajkertesz.com\\\/termek\\\/thermacell-r-10-megapack-120-oras-utantolto\\\/#breadcrumb\",\"itemListElement\":[{\"@type\":\"ListItem\",\"position\":1,\"name\":\"Home\",\"item\":\"https:\\\/\\\/tajkertesz.com\\\/\"},{\"@type\":\"ListItem\",\"position\":2,\"name\":\"Kezd\u0151lap\",\"item\":\"https:\\\/\\\/tajkertesz.com\\\/\"},{\"@type\":\"ListItem\",\"position\":3,\"name\":\"Thermacell R-10 Megapack 120 \u00f3r\u00e1s ut\u00e1nt\u00f6lt\u0151\"}]},{\"@type\":\"WebSite\",\"@id\":\"https:\\\/\\\/tajkertesz.com\\\/#website\",\"url\":\"https:\\\/\\\/tajkertesz.com\\\/\",\"name\":\"T\u00e1j-Kert\u00e9sz 84 Kft.\",\"description\":\"Kert\u00e9szeti kis- \u00e9s nagykeresked\u00e9s, D\u00edszn\u00f6v\u00e9ny web\u00e1ruh\u00e1z orsz\u00e1gos h\u00e1zhozsz\u00e1ll\u00edt\u00e1ssal!\",\"publisher\":{\"@id\":\"https:\\\/\\\/tajkertesz.com\\\/#organization\"},\"potentialAction\":[{\"@type\":\"SearchAction\",\"target\":{\"@type\":\"EntryPoint\",\"urlTemplate\":\"https:\\\/\\\/tajkertesz.com\\\/?s={search_term_string}\"},\"query-input\":{\"@type\":\"PropertyValueSpecification\",\"valueRequired\":true,\"valueName\":\"search_term_string\"}}],\"inLanguage\":\"en-US\"},{\"@type\":\"Organization\",\"@id\":\"https:\\\/\\\/tajkertesz.com\\\/#organization\",\"name\":\"T\u00e1j-Kert\u00e9sz 84 Kft.\",\"url\":\"https:\\\/\\\/tajkertesz.com\\\/\",\"logo\":{\"@type\":\"ImageObject\",\"inLanguage\":\"en-US\",\"@id\":\"https:\\\/\\\/tajkertesz.com\\\/#\\\/schema\\\/logo\\\/image\\\/\",\"url\":\"https:\\\/\\\/tajkertesz.com\\\/wp-content\\\/uploads\\\/2018\\\/02\\\/logo-2-e1518678052539.png\",\"contentUrl\":\"https:\\\/\\\/tajkertesz.com\\\/wp-content\\\/uploads\\\/2018\\\/02\\\/logo-2-e1518678052539.png\",\"width\":81,\"height\":140,\"caption\":\"T\u00e1j-Kert\u00e9sz 84 Kft.\"},\"image\":{\"@id\":\"https:\\\/\\\/tajkertesz.com\\\/#\\\/schema\\\/logo\\\/image\\\/\"},\"sameAs\":[\"https:\\\/\\\/www.facebook.com\\\/Tajkertesz\\\/\"]}]}<\/script>\n<!-- \/ Yoast SEO plugin. -->","yoast_head_json":{"title":"Thermacell R-10 Megapack 120 \u00f3r\u00e1s ut\u00e1nt\u00f6lt\u0151 - T\u00e1jkert\u00e9sz","description":"A 120 \u00f3r\u00e1s MEGA-PACK, 10 db but\u00e1ng\u00e1zpatront \u00e9s 30 db hat\u00f3anyaglapk\u00e1t tartalmaz. Egy g\u00e1zpatron 12 \u00f3ra m\u0171k\u00f6d\u00e9si id\u0151t biztos\u00edt. Thermacell k\u00e9sz\u00fcl\u00e9kekhez","robots":{"index":"index","follow":"follow","max-snippet":"max-snippet:-1","max-image-preview":"max-image-preview:large","max-video-preview":"max-video-preview:-1"},"canonical":"https:\/\/tajkertesz.com\/en_US\/product\/thermacell-r-10-megapack-120-oras-utantolto\/","og_locale":"en_US","og_type":"article","og_title":"Thermacell R-10 Megapack 120 \u00f3r\u00e1s ut\u00e1nt\u00f6lt\u0151 - T\u00e1jkert\u00e9sz","og_description":"A 120 \u00f3r\u00e1s MEGA-PACK, 10 db but\u00e1ng\u00e1zpatront \u00e9s 30 db hat\u00f3anyaglapk\u00e1t tartalmaz. Egy g\u00e1zpatron 12 \u00f3ra m\u0171k\u00f6d\u00e9si id\u0151t biztos\u00edt. Thermacell k\u00e9sz\u00fcl\u00e9kekhez","og_url":"https:\/\/tajkertesz.com\/en_US\/product\/thermacell-r-10-megapack-120-oras-utantolto\/","og_site_name":"T\u00e1jkert\u00e9sz","article_publisher":"https:\/\/www.facebook.com\/Tajkertesz\/","article_modified_time":"2026-02-18T15:21:57+00:00","og_image":[{"width":600,"height":600,"url":"https:\/\/tajkertesz.com\/wp-content\/uploads\/2022\/12\/R10-600x600-1.jpg","type":"image\/jpeg"}],"twitter_card":"summary_large_image","twitter_misc":{"Est. reading time":"1 minute"},"schema":{"@context":"https:\/\/schema.org","@graph":[{"@type":"WebPage","@id":"https:\/\/tajkertesz.com\/termek\/thermacell-r-10-megapack-120-oras-utantolto\/","url":"https:\/\/tajkertesz.com\/termek\/thermacell-r-10-megapack-120-oras-utantolto\/","name":"Thermacell R-10 Megapack 120 \u00f3r\u00e1s ut\u00e1nt\u00f6lt\u0151 - T\u00e1jkert\u00e9sz","isPartOf":{"@id":"https:\/\/tajkertesz.com\/#website"},"primaryImageOfPage":{"@id":"https:\/\/tajkertesz.com\/termek\/thermacell-r-10-megapack-120-oras-utantolto\/#primaryimage"},"image":{"@id":"https:\/\/tajkertesz.com\/termek\/thermacell-r-10-megapack-120-oras-utantolto\/#primaryimage"},"thumbnailUrl":"https:\/\/tajkertesz.com\/wp-content\/uploads\/2022\/12\/R10-600x600-1.jpg","datePublished":"2022-12-16T14:28:37+00:00","dateModified":"2026-02-18T15:21:57+00:00","description":"A 120 \u00f3r\u00e1s MEGA-PACK, 10 db but\u00e1ng\u00e1zpatront \u00e9s 30 db hat\u00f3anyaglapk\u00e1t tartalmaz. Egy g\u00e1zpatron 12 \u00f3ra m\u0171k\u00f6d\u00e9si id\u0151t biztos\u00edt. Thermacell k\u00e9sz\u00fcl\u00e9kekhez","breadcrumb":{"@id":"https:\/\/tajkertesz.com\/termek\/thermacell-r-10-megapack-120-oras-utantolto\/#breadcrumb"},"inLanguage":"en-US","potentialAction":[{"@type":"ReadAction","target":["https:\/\/tajkertesz.com\/termek\/thermacell-r-10-megapack-120-oras-utantolto\/"]}]},{"@type":"ImageObject","inLanguage":"en-US","@id":"https:\/\/tajkertesz.com\/termek\/thermacell-r-10-megapack-120-oras-utantolto\/#primaryimage","url":"https:\/\/tajkertesz.com\/wp-content\/uploads\/2022\/12\/R10-600x600-1.jpg","contentUrl":"https:\/\/tajkertesz.com\/wp-content\/uploads\/2022\/12\/R10-600x600-1.jpg","width":600,"height":600},{"@type":"BreadcrumbList","@id":"https:\/\/tajkertesz.com\/termek\/thermacell-r-10-megapack-120-oras-utantolto\/#breadcrumb","itemListElement":[{"@type":"ListItem","position":1,"name":"Home","item":"https:\/\/tajkertesz.com\/"},{"@type":"ListItem","position":2,"name":"Kezd\u0151lap","item":"https:\/\/tajkertesz.com\/"},{"@type":"ListItem","position":3,"name":"Thermacell R-10 Megapack 120 \u00f3r\u00e1s ut\u00e1nt\u00f6lt\u0151"}]},{"@type":"WebSite","@id":"https:\/\/tajkertesz.com\/#website","url":"https:\/\/tajkertesz.com\/","name":"T\u00e1j-Kert\u00e9sz 84 Kft.","description":"Kert\u00e9szeti kis- \u00e9s nagykeresked\u00e9s, D\u00edszn\u00f6v\u00e9ny web\u00e1ruh\u00e1z orsz\u00e1gos h\u00e1zhozsz\u00e1ll\u00edt\u00e1ssal!","publisher":{"@id":"https:\/\/tajkertesz.com\/#organization"},"potentialAction":[{"@type":"SearchAction","target":{"@type":"EntryPoint","urlTemplate":"https:\/\/tajkertesz.com\/?s={search_term_string}"},"query-input":{"@type":"PropertyValueSpecification","valueRequired":true,"valueName":"search_term_string"}}],"inLanguage":"en-US"},{"@type":"Organization","@id":"https:\/\/tajkertesz.com\/#organization","name":"T\u00e1j-Kert\u00e9sz 84 Kft.","url":"https:\/\/tajkertesz.com\/","logo":{"@type":"ImageObject","inLanguage":"en-US","@id":"https:\/\/tajkertesz.com\/#\/schema\/logo\/image\/","url":"https:\/\/tajkertesz.com\/wp-content\/uploads\/2018\/02\/logo-2-e1518678052539.png","contentUrl":"https:\/\/tajkertesz.com\/wp-content\/uploads\/2018\/02\/logo-2-e1518678052539.png","width":81,"height":140,"caption":"T\u00e1j-Kert\u00e9sz 84 Kft."},"image":{"@id":"https:\/\/tajkertesz.com\/#\/schema\/logo\/image\/"},"sameAs":["https:\/\/www.facebook.com\/Tajkertesz\/"]}]}},"_links":{"self":[{"href":"https:\/\/tajkertesz.com\/en_US\/wp-json\/wp\/v2\/product\/14484","targetHints":{"allow":["GET"]}}],"collection":[{"href":"https:\/\/tajkertesz.com\/en_US\/wp-json\/wp\/v2\/product"}],"about":[{"href":"https:\/\/tajkertesz.com\/en_US\/wp-json\/wp\/v2\/types\/product"}],"wp:featuredmedia":[{"embeddable":true,"href":"https:\/\/tajkertesz.com\/en_US\/wp-json\/wp\/v2\/media\/14485"}],"wp:attachment":[{"href":"https:\/\/tajkertesz.com\/en_US\/wp-json\/wp\/v2\/media?parent=14484"}],"wp:term":[{"taxonomy":"product_brand","embeddable":true,"href":"https:\/\/tajkertesz.com\/en_US\/wp-json\/wp\/v2\/product_brand?post=14484"},{"taxonomy":"product_cat","embeddable":true,"href":"https:\/\/tajkertesz.com\/en_US\/wp-json\/wp\/v2\/product_cat?post=14484"},{"taxonomy":"product_tag","embeddable":true,"href":"https:\/\/tajkertesz.com\/en_US\/wp-json\/wp\/v2\/product_tag?post=14484"}],"curies":[{"name":"wp","href":"https:\/\/api.w.org\/{rel}","templated":true}]}}