{"id":14505,"date":"2022-12-17T15:47:16","date_gmt":"2022-12-17T15:47:16","guid":{"rendered":"https:\/\/tajkertesz.com\/?post_type=product&#038;p=14505"},"modified":"2025-02-26T12:25:30","modified_gmt":"2025-02-26T12:25:30","slug":"agrecol-tapoldat-fenyofeleknek-1l","status":"publish","type":"product","link":"https:\/\/tajkertesz.com\/en_US\/product\/agrecol-tapoldat-fenyofeleknek-1l\/","title":{"rendered":"Agrecol t\u00e1poldat feny\u0151f\u00e9l\u00e9knek 1L."},"content":{"rendered":"<h2>Agrecol t\u00e1poldat feny\u0151f\u00e9l\u00e9knek 1L.<\/h2>\n<p>Agrecol t\u00e1poldat feny\u0151f\u00e9l\u00e9knek 1L.<\/p>\n<ul>\n<li>t\u0171level\u0171 n\u00f6v\u00e9nyek tr\u00e1gy\u00e1z\u00e1s\u00e1ra<\/li>\n<li>k\u00fcl\u00f6n\u00f6sen a kiv\u00e9telesen \u00e9rt\u00e9kes nemes fajt\u00e1k kont\u00e9neres kult\u00far\u00e1j\u00e1ban aj\u00e1nlott<\/li>\n<li>a magas k\u00e1liumtartalom pozit\u00edv hat\u00e1ssal van a gy\u00f6k\u00e9rrendszer fejl\u0151d\u00e9s\u00e9re, n\u00f6veli a sz\u00e1razs\u00e1g- \u00e9s fagy\u00e1ll\u00f3s\u00e1got<\/li>\n<\/ul>\n<div class=\"seria-header\">\n<p>\u00c1sv\u00e1nyi g\u00e9l<\/p>\n<h2>Tartalom<\/h2>\n<p>EK-m\u0171tr\u00e1gya<br \/>\nnitrog\u00e9n (N) &#8211; 6%<br \/>\nfoszfor (P\u00a0<sub>2<\/sub>\u00a0O\u00a0<sub>5<\/sub>\u00a0) &#8211; 3%<br \/>\nk\u00e1lium (K\u00a0<sub>2<\/sub>\u00a0O) &#8211; 10%<\/p>\n<p>Mikrot\u00e1panyagok:<br \/>\nb\u00f3r (B) 0,02%, r\u00e9z (Cu)* 0,002%, vas (Fe)* 0,02%, mang\u00e1n (Mn)* 0,015%, molibd\u00e9n (Mo) 0,002%, cink (Zn)* 0,015%<br \/>\n* kel\u00e1t EDTA<\/p>\n<p>&nbsp;<\/p>\n<p><strong>K\u00e9szlet\u00fcnk napi szinten v\u00e1ltozik, ez\u00e9rt k\u00e9rj\u00fck, \u00e9rdekl\u0151dj\u00f6n szem\u00e9lyesen, telefonon vagy email-en.<br \/>\nA v\u00e1ltoztat\u00e1s jog\u00e1t fenntartjuk!\u00a0<\/strong><\/p>\n<p><a href=\"https:\/\/tajkertesz.com\/\">https:\/\/tajkertesz.com\/<\/a><\/p>\n<p><a href=\"https:\/\/www.facebook.com\/tajkertesz\/\">https:\/\/www.facebook.com\/tajkertesz\/<\/a><\/p>\n<p>Kisz\u00e1ll\u00edt\u00e1s: 200cm-ig \u00a0\u00e9s 40 kg-ig a sz\u00e1ll\u00edt\u00e1s fut\u00e1rszolg\u00e1lattal \u00a0t\u00f6rt\u00e9nik.<\/p>\n<p>Szem\u00e9lyes \u00e1tv\u00e9tel nyitvatart\u00e1si id\u0151ben a 17. ker\u00fclet Bakancsos utca 7. sz\u00e1m alatti Kert\u00e9szeti \u00e1rud\u00e1ban<\/p>\n<\/div>","protected":false},"excerpt":{"rendered":"<div class=\"description\">\n<div class=\"inner\">\n<div id=\"bodyContent\" class=\"mw-body-content\">\n<div id=\"mw-content-text\" class=\"mw-content-ltr\" dir=\"ltr\" lang=\"hu\">\n<div id=\"bodyContent\" class=\"mw-body-content\">\n<div id=\"mw-content-text\" class=\"mw-content-ltr\" dir=\"ltr\" lang=\"hu\">\n<p><b>K\u00e9szlet\u00fcnk napi szinten v\u00e1ltozik, ez\u00e9rt k\u00e9rj\u00fck, \u00e9rdekl\u0151dj\u00f6n szem\u00e9lyesen, telefonon vagy email-en.<\/b><\/p>\n<p>Term\u00e9keinket szem\u00e9lyesen is \u00e1tveheti a h\u00e9t minden napj\u00e1n nyitvatart\u00e1si id\u0151ben!<\/p>\n<p>Kisz\u00e1ll\u00edt\u00e1s: 200 cm \u00e9s 40 kg-ig a sz\u00e1ll\u00edt\u00e1s fut\u00e1rszolg\u00e1lattal t\u00f6rt\u00e9nik.<\/p>\n<\/div>\n<\/div>\n<\/div>\n<\/div>\n<p><b>A v\u00e1ltoztat\u00e1s jog\u00e1t fenntartjuk!\u00a0<\/b><\/p>\n<p><strong>A Mineral Gel sorozat t\u0171level\u0171<\/strong>\u00a0m\u0171tr\u00e1gy\u00e1ja egy foly\u00e9kony \u00e1sv\u00e1nyi m\u0171tr\u00e1gya g\u00e9l form\u00e1j\u00e1ban, amelyet v\u00edzben kell feloldani.\u00a0Minden t\u0171level\u0171 n\u00f6v\u00e9nyfaj tr\u00e1gy\u00e1z\u00e1s\u00e1ra szolg\u00e1l.\u00a0Haszn\u00e1lhat\u00f3: tuj\u00e1k \/ tuj\u00e1k, lucfeny\u0151k, feny\u0151k, jegenyefeny\u0151k, tiszafa, bor\u00f3k\u00e1k, ciprusok, ciprusok, douglas feny\u0151, c\u00e9drus \u00e9s sok m\u00e1s t\u0171level\u0171 n\u00f6v\u00e9ny termeszt\u00e9s\u00e9re.\u00a0Sikeresen alkalmazhat\u00f3 m\u00e1s d\u00edszf\u00e1k \u00e9s d\u00edszcserj\u00e9k termeszt\u00e9s\u00e9ben is.\u00a0Kerti n\u00f6v\u00e9nyekhez, valamint l\u00e1d\u00e1ban \u00e9s balkoncser\u00e9pben termesztett n\u00f6v\u00e9nyekhez aj\u00e1nlott.\u00a0A t\u0171level\u0171ek Mineral Gel sorozat\u00e1b\u00f3l szisztematikusan haszn\u00e1lt t\u0171level\u0171 m\u0171tr\u00e1gya megakad\u00e1lyozza a t\u0171k barnul\u00e1s\u00e1t.\u00a0A m\u0171tr\u00e1gya zsel\u00e9s formul\u00e1ja nagyon k\u00f6nnyen old\u00f3dik v\u00edzben.\u00a0A m\u0171tr\u00e1gyaoldat eredm\u00e9nyesen alkalmazhat\u00f3 hagyom\u00e1nyos m\u00f3dszerekkel termesztett n\u00f6v\u00e9nyek tr\u00e1gy\u00e1z\u00e1s\u00e1ra, valamint hidroponikus termeszt\u00e9sben.<\/p>\n<p>A m\u0171tr\u00e1gy\u00e1ban tal\u00e1lhat\u00f3 magas k\u00e1liumtartalom megk\u00f6nny\u00edti a n\u00f6v\u00e9nyek t\u00fal\u00e9l\u00e9s\u00e9t az asz\u00e1lyos id\u0151szakokban, optimaliz\u00e1lja a lignifik\u00e1ci\u00f3s folyamatokat, megakad\u00e1lyozza a hervad\u00e1st \u00e9s jav\u00edtja az eg\u00e9szs\u00e9get.\u00a0Az Mineral Gel sorozat t\u0171level\u0171 m\u0171tr\u00e1gy\u00e1ja\u00a0<strong>\u00a0<\/strong>makrot\u00e1panyagokkal &#8211; nitrog\u00e9nnel, foszforral \u00e9s k\u00e1liummal &#8211; gazdag\u00edtja az aljzatot, amelyekb\u0151l a n\u00f6v\u00e9nyek profit\u00e1lhatnak.\u00a0Az \u00edgy t\u00e1pl\u00e1lt n\u00f6v\u00e9nyek d\u00fasan n\u0151nek \u00e9s er\u0151sek.\u00a0Az \u00e1tfog\u00f3 tr\u00e1gy\u00e1z\u00e1s ellen\u00e1ll\u00f3bb\u00e1 teszi a n\u00f6v\u00e9nyeket a kedvez\u0151tlen abiotikus t\u00e9nyez\u0151kkel szemben: h\u0151s\u00e9g, fagy \u00e9s sz\u00e1razs\u00e1g, valamint a biotikus t\u00e9nyez\u0151k: betegs\u00e9gek \u00e9s k\u00e1rtev\u0151k.\u00a0A m\u0171tr\u00e1gy\u00e1t mikroelemekkel is d\u00fas\u00edtott\u00e1k.\u00a0A t\u0171level\u0171 n\u00f6v\u00e9nyek nagyon fontos mikroeleme a vas, amely megakad\u00e1lyozza a t\u0171k s\u00e1rgul\u00e1s\u00e1t \u00e9s barnul\u00e1s\u00e1t.<\/p>\n<\/div>\n<\/div>\n<div class=\"description\">\n<div class=\"inner\">\n<h2>Alkalmaz\u00e1s m\u00f3dja<\/h2>\n<h3>Haszn\u00e1lat<\/h3>\n<p>A csomag tartalmaz egy \u00e1tl\u00e1tsz\u00f3 kupakot a m\u0171tr\u00e1gyaadag pontos \u00e9s k\u00e9nyelmes m\u00e9r\u00e9s\u00e9hez.\u00a0A kupak h\u00e1rom adagol\u00e1si szintet jelez, az \u00f6nt\u00f6z\u00e9shez haszn\u00e1lt v\u00edz mennyis\u00e9g\u00e9t\u0151l f\u00fcgg\u0151en:<\/p>\n<ul>\n<li>I. szint &#8211; 7 ml m\u0171tr\u00e1gya adag 1 liter v\u00edzben<\/li>\n<li>II. szint &#8211; 14 ml m\u0171tr\u00e1gya adag 2 liter v\u00edzben<\/li>\n<li>III szint &#8211; 21 ml m\u0171tr\u00e1gya adag 3 liter v\u00edzben<\/li>\n<\/ul>\n<p>A kapott oldattal a n\u00f6v\u00e9nyeket adagokban \u00f6nt\u00f6zz\u00fck:<\/p>\n<ul>\n<li>legfeljebb 0,5 m magass\u00e1g\u00fa vagy sz\u00e9less\u00e9g\u0171 n\u00f6v\u00e9nyek: 0,5-1,0 l oldat,<\/li>\n<li>0,5-1 m magass\u00e1g\u00fa vagy sz\u00e9less\u00e9g\u0171 n\u00f6v\u00e9nyek &#8211; 2 l oldat,<\/li>\n<li>nagyobb n\u00f6v\u00e9nyek \u2013 ennek megfelel\u0151en t\u00f6bb.<\/li>\n<\/ul>\n<p>A n\u00f6v\u00e9nyeket kora tavaszt\u00f3l augusztus v\u00e9g\u00e9ig 2-4 hetente tr\u00e1gy\u00e1zzuk.<\/p>\n<\/div>\n<\/div>","protected":false},"featured_media":14506,"template":"","meta":{"_et_pb_use_builder":"","_et_pb_old_content":"","_et_gb_content_width":""},"product_brand":[],"product_cat":[1420],"product_tag":[537,4101,5669,24,1450],"class_list":{"0":"post-14505","1":"product","2":"type-product","3":"status-publish","4":"has-post-thumbnail","6":"product_cat-agrecol-tapoldatok","7":"product_tag-agrecol","8":"product_tag-agrecol-tapoldat-fenyofelekhez","9":"product_tag-fegyo","10":"product_tag-orokzold","11":"product_tag-tapoldat","13":"first","14":"instock","15":"shipping-taxable","16":"purchasable","17":"product-type-simple"},"yoast_head":"<!-- This site is optimized with the Yoast SEO plugin v27.5 - https:\/\/yoast.com\/product\/yoast-seo-wordpress\/ -->\n<title>Agrecol t\u00e1poldat feny\u0151f\u00e9l\u00e9knek 1L. - T\u00e1jkert\u00e9sz<\/title>\n<meta name=\"description\" content=\"Agrecol t\u00e1poldat feny\u0151f\u00e9l\u00e9knek 1L.Haszn\u00e1lhat\u00f3: tuj\u00e1k \/ tuj\u00e1k, lucfeny\u0151k, feny\u0151k, jegenyefeny\u0151k, tiszafa, bor\u00f3k\u00e1k, ciprusok, ciprusok, douglas feny\u0151\" \/>\n<meta name=\"robots\" content=\"index, follow, max-snippet:-1, max-image-preview:large, max-video-preview:-1\" \/>\n<link rel=\"canonical\" href=\"https:\/\/tajkertesz.com\/en_US\/product\/agrecol-tapoldat-fenyofeleknek-1l\/\" \/>\n<meta property=\"og:locale\" content=\"en_US\" \/>\n<meta property=\"og:type\" content=\"article\" \/>\n<meta property=\"og:title\" content=\"Agrecol t\u00e1poldat feny\u0151f\u00e9l\u00e9knek 1L. - T\u00e1jkert\u00e9sz\" \/>\n<meta property=\"og:description\" content=\"Agrecol t\u00e1poldat feny\u0151f\u00e9l\u00e9knek 1L.Haszn\u00e1lhat\u00f3: tuj\u00e1k \/ tuj\u00e1k, lucfeny\u0151k, feny\u0151k, jegenyefeny\u0151k, tiszafa, bor\u00f3k\u00e1k, ciprusok, ciprusok, douglas feny\u0151\" \/>\n<meta property=\"og:url\" content=\"https:\/\/tajkertesz.com\/en_US\/product\/agrecol-tapoldat-fenyofeleknek-1l\/\" \/>\n<meta property=\"og:site_name\" content=\"T\u00e1jkert\u00e9sz\" \/>\n<meta property=\"article:publisher\" content=\"https:\/\/www.facebook.com\/Tajkertesz\/\" \/>\n<meta property=\"article:modified_time\" content=\"2025-02-26T12:25:30+00:00\" \/>\n<meta property=\"og:image\" content=\"https:\/\/tajkertesz.com\/wp-content\/uploads\/2022\/12\/576-MZ-iglak-1l-wiz.png\" \/>\n\t<meta property=\"og:image:width\" content=\"370\" \/>\n\t<meta property=\"og:image:height\" content=\"937\" \/>\n\t<meta property=\"og:image:type\" content=\"image\/png\" \/>\n<meta name=\"twitter:card\" content=\"summary_large_image\" \/>\n<meta name=\"twitter:label1\" content=\"Est. reading time\" \/>\n\t<meta name=\"twitter:data1\" content=\"1 minute\" \/>\n<script type=\"application\/ld+json\" class=\"yoast-schema-graph\">{\"@context\":\"https:\\\/\\\/schema.org\",\"@graph\":[{\"@type\":\"WebPage\",\"@id\":\"https:\\\/\\\/tajkertesz.com\\\/termek\\\/agrecol-tapoldat-fenyofeleknek-1l\\\/\",\"url\":\"https:\\\/\\\/tajkertesz.com\\\/termek\\\/agrecol-tapoldat-fenyofeleknek-1l\\\/\",\"name\":\"Agrecol t\u00e1poldat feny\u0151f\u00e9l\u00e9knek 1L. - T\u00e1jkert\u00e9sz\",\"isPartOf\":{\"@id\":\"https:\\\/\\\/tajkertesz.com\\\/#website\"},\"primaryImageOfPage\":{\"@id\":\"https:\\\/\\\/tajkertesz.com\\\/termek\\\/agrecol-tapoldat-fenyofeleknek-1l\\\/#primaryimage\"},\"image\":{\"@id\":\"https:\\\/\\\/tajkertesz.com\\\/termek\\\/agrecol-tapoldat-fenyofeleknek-1l\\\/#primaryimage\"},\"thumbnailUrl\":\"https:\\\/\\\/tajkertesz.com\\\/wp-content\\\/uploads\\\/2022\\\/12\\\/576-MZ-iglak-1l-wiz.png\",\"datePublished\":\"2022-12-17T15:47:16+00:00\",\"dateModified\":\"2025-02-26T12:25:30+00:00\",\"description\":\"Agrecol t\u00e1poldat feny\u0151f\u00e9l\u00e9knek 1L.Haszn\u00e1lhat\u00f3: tuj\u00e1k \\\/ tuj\u00e1k, lucfeny\u0151k, feny\u0151k, jegenyefeny\u0151k, tiszafa, bor\u00f3k\u00e1k, ciprusok, ciprusok, douglas feny\u0151\",\"breadcrumb\":{\"@id\":\"https:\\\/\\\/tajkertesz.com\\\/termek\\\/agrecol-tapoldat-fenyofeleknek-1l\\\/#breadcrumb\"},\"inLanguage\":\"en-US\",\"potentialAction\":[{\"@type\":\"ReadAction\",\"target\":[\"https:\\\/\\\/tajkertesz.com\\\/termek\\\/agrecol-tapoldat-fenyofeleknek-1l\\\/\"]}]},{\"@type\":\"ImageObject\",\"inLanguage\":\"en-US\",\"@id\":\"https:\\\/\\\/tajkertesz.com\\\/termek\\\/agrecol-tapoldat-fenyofeleknek-1l\\\/#primaryimage\",\"url\":\"https:\\\/\\\/tajkertesz.com\\\/wp-content\\\/uploads\\\/2022\\\/12\\\/576-MZ-iglak-1l-wiz.png\",\"contentUrl\":\"https:\\\/\\\/tajkertesz.com\\\/wp-content\\\/uploads\\\/2022\\\/12\\\/576-MZ-iglak-1l-wiz.png\",\"width\":370,\"height\":937,\"caption\":\"Agrecol t\u00e1poldat feny\u0151f\u00e9l\u00e9knek 1L.\"},{\"@type\":\"BreadcrumbList\",\"@id\":\"https:\\\/\\\/tajkertesz.com\\\/termek\\\/agrecol-tapoldat-fenyofeleknek-1l\\\/#breadcrumb\",\"itemListElement\":[{\"@type\":\"ListItem\",\"position\":1,\"name\":\"Home\",\"item\":\"https:\\\/\\\/tajkertesz.com\\\/\"},{\"@type\":\"ListItem\",\"position\":2,\"name\":\"Kezd\u0151lap\",\"item\":\"https:\\\/\\\/tajkertesz.com\\\/\"},{\"@type\":\"ListItem\",\"position\":3,\"name\":\"Agrecol t\u00e1poldat feny\u0151f\u00e9l\u00e9knek 1L.\"}]},{\"@type\":\"WebSite\",\"@id\":\"https:\\\/\\\/tajkertesz.com\\\/#website\",\"url\":\"https:\\\/\\\/tajkertesz.com\\\/\",\"name\":\"T\u00e1j-Kert\u00e9sz 84 Kft.\",\"description\":\"Kert\u00e9szeti kis- \u00e9s nagykeresked\u00e9s, D\u00edszn\u00f6v\u00e9ny web\u00e1ruh\u00e1z orsz\u00e1gos h\u00e1zhozsz\u00e1ll\u00edt\u00e1ssal!\",\"publisher\":{\"@id\":\"https:\\\/\\\/tajkertesz.com\\\/#organization\"},\"potentialAction\":[{\"@type\":\"SearchAction\",\"target\":{\"@type\":\"EntryPoint\",\"urlTemplate\":\"https:\\\/\\\/tajkertesz.com\\\/?s={search_term_string}\"},\"query-input\":{\"@type\":\"PropertyValueSpecification\",\"valueRequired\":true,\"valueName\":\"search_term_string\"}}],\"inLanguage\":\"en-US\"},{\"@type\":\"Organization\",\"@id\":\"https:\\\/\\\/tajkertesz.com\\\/#organization\",\"name\":\"T\u00e1j-Kert\u00e9sz 84 Kft.\",\"url\":\"https:\\\/\\\/tajkertesz.com\\\/\",\"logo\":{\"@type\":\"ImageObject\",\"inLanguage\":\"en-US\",\"@id\":\"https:\\\/\\\/tajkertesz.com\\\/#\\\/schema\\\/logo\\\/image\\\/\",\"url\":\"https:\\\/\\\/tajkertesz.com\\\/wp-content\\\/uploads\\\/2018\\\/02\\\/logo-2-e1518678052539.png\",\"contentUrl\":\"https:\\\/\\\/tajkertesz.com\\\/wp-content\\\/uploads\\\/2018\\\/02\\\/logo-2-e1518678052539.png\",\"width\":81,\"height\":140,\"caption\":\"T\u00e1j-Kert\u00e9sz 84 Kft.\"},\"image\":{\"@id\":\"https:\\\/\\\/tajkertesz.com\\\/#\\\/schema\\\/logo\\\/image\\\/\"},\"sameAs\":[\"https:\\\/\\\/www.facebook.com\\\/Tajkertesz\\\/\"]}]}<\/script>\n<!-- \/ Yoast SEO plugin. -->","yoast_head_json":{"title":"Agrecol t\u00e1poldat feny\u0151f\u00e9l\u00e9knek 1L. - T\u00e1jkert\u00e9sz","description":"Agrecol t\u00e1poldat feny\u0151f\u00e9l\u00e9knek 1L.Haszn\u00e1lhat\u00f3: tuj\u00e1k \/ tuj\u00e1k, lucfeny\u0151k, feny\u0151k, jegenyefeny\u0151k, tiszafa, bor\u00f3k\u00e1k, ciprusok, ciprusok, douglas feny\u0151","robots":{"index":"index","follow":"follow","max-snippet":"max-snippet:-1","max-image-preview":"max-image-preview:large","max-video-preview":"max-video-preview:-1"},"canonical":"https:\/\/tajkertesz.com\/en_US\/product\/agrecol-tapoldat-fenyofeleknek-1l\/","og_locale":"en_US","og_type":"article","og_title":"Agrecol t\u00e1poldat feny\u0151f\u00e9l\u00e9knek 1L. - T\u00e1jkert\u00e9sz","og_description":"Agrecol t\u00e1poldat feny\u0151f\u00e9l\u00e9knek 1L.Haszn\u00e1lhat\u00f3: tuj\u00e1k \/ tuj\u00e1k, lucfeny\u0151k, feny\u0151k, jegenyefeny\u0151k, tiszafa, bor\u00f3k\u00e1k, ciprusok, ciprusok, douglas feny\u0151","og_url":"https:\/\/tajkertesz.com\/en_US\/product\/agrecol-tapoldat-fenyofeleknek-1l\/","og_site_name":"T\u00e1jkert\u00e9sz","article_publisher":"https:\/\/www.facebook.com\/Tajkertesz\/","article_modified_time":"2025-02-26T12:25:30+00:00","og_image":[{"width":370,"height":937,"url":"https:\/\/tajkertesz.com\/wp-content\/uploads\/2022\/12\/576-MZ-iglak-1l-wiz.png","type":"image\/png"}],"twitter_card":"summary_large_image","twitter_misc":{"Est. reading time":"1 minute"},"schema":{"@context":"https:\/\/schema.org","@graph":[{"@type":"WebPage","@id":"https:\/\/tajkertesz.com\/termek\/agrecol-tapoldat-fenyofeleknek-1l\/","url":"https:\/\/tajkertesz.com\/termek\/agrecol-tapoldat-fenyofeleknek-1l\/","name":"Agrecol t\u00e1poldat feny\u0151f\u00e9l\u00e9knek 1L. - T\u00e1jkert\u00e9sz","isPartOf":{"@id":"https:\/\/tajkertesz.com\/#website"},"primaryImageOfPage":{"@id":"https:\/\/tajkertesz.com\/termek\/agrecol-tapoldat-fenyofeleknek-1l\/#primaryimage"},"image":{"@id":"https:\/\/tajkertesz.com\/termek\/agrecol-tapoldat-fenyofeleknek-1l\/#primaryimage"},"thumbnailUrl":"https:\/\/tajkertesz.com\/wp-content\/uploads\/2022\/12\/576-MZ-iglak-1l-wiz.png","datePublished":"2022-12-17T15:47:16+00:00","dateModified":"2025-02-26T12:25:30+00:00","description":"Agrecol t\u00e1poldat feny\u0151f\u00e9l\u00e9knek 1L.Haszn\u00e1lhat\u00f3: tuj\u00e1k \/ tuj\u00e1k, lucfeny\u0151k, feny\u0151k, jegenyefeny\u0151k, tiszafa, bor\u00f3k\u00e1k, ciprusok, ciprusok, douglas feny\u0151","breadcrumb":{"@id":"https:\/\/tajkertesz.com\/termek\/agrecol-tapoldat-fenyofeleknek-1l\/#breadcrumb"},"inLanguage":"en-US","potentialAction":[{"@type":"ReadAction","target":["https:\/\/tajkertesz.com\/termek\/agrecol-tapoldat-fenyofeleknek-1l\/"]}]},{"@type":"ImageObject","inLanguage":"en-US","@id":"https:\/\/tajkertesz.com\/termek\/agrecol-tapoldat-fenyofeleknek-1l\/#primaryimage","url":"https:\/\/tajkertesz.com\/wp-content\/uploads\/2022\/12\/576-MZ-iglak-1l-wiz.png","contentUrl":"https:\/\/tajkertesz.com\/wp-content\/uploads\/2022\/12\/576-MZ-iglak-1l-wiz.png","width":370,"height":937,"caption":"Agrecol t\u00e1poldat feny\u0151f\u00e9l\u00e9knek 1L."},{"@type":"BreadcrumbList","@id":"https:\/\/tajkertesz.com\/termek\/agrecol-tapoldat-fenyofeleknek-1l\/#breadcrumb","itemListElement":[{"@type":"ListItem","position":1,"name":"Home","item":"https:\/\/tajkertesz.com\/"},{"@type":"ListItem","position":2,"name":"Kezd\u0151lap","item":"https:\/\/tajkertesz.com\/"},{"@type":"ListItem","position":3,"name":"Agrecol t\u00e1poldat feny\u0151f\u00e9l\u00e9knek 1L."}]},{"@type":"WebSite","@id":"https:\/\/tajkertesz.com\/#website","url":"https:\/\/tajkertesz.com\/","name":"T\u00e1j-Kert\u00e9sz 84 Kft.","description":"Kert\u00e9szeti kis- \u00e9s nagykeresked\u00e9s, D\u00edszn\u00f6v\u00e9ny web\u00e1ruh\u00e1z orsz\u00e1gos h\u00e1zhozsz\u00e1ll\u00edt\u00e1ssal!","publisher":{"@id":"https:\/\/tajkertesz.com\/#organization"},"potentialAction":[{"@type":"SearchAction","target":{"@type":"EntryPoint","urlTemplate":"https:\/\/tajkertesz.com\/?s={search_term_string}"},"query-input":{"@type":"PropertyValueSpecification","valueRequired":true,"valueName":"search_term_string"}}],"inLanguage":"en-US"},{"@type":"Organization","@id":"https:\/\/tajkertesz.com\/#organization","name":"T\u00e1j-Kert\u00e9sz 84 Kft.","url":"https:\/\/tajkertesz.com\/","logo":{"@type":"ImageObject","inLanguage":"en-US","@id":"https:\/\/tajkertesz.com\/#\/schema\/logo\/image\/","url":"https:\/\/tajkertesz.com\/wp-content\/uploads\/2018\/02\/logo-2-e1518678052539.png","contentUrl":"https:\/\/tajkertesz.com\/wp-content\/uploads\/2018\/02\/logo-2-e1518678052539.png","width":81,"height":140,"caption":"T\u00e1j-Kert\u00e9sz 84 Kft."},"image":{"@id":"https:\/\/tajkertesz.com\/#\/schema\/logo\/image\/"},"sameAs":["https:\/\/www.facebook.com\/Tajkertesz\/"]}]}},"_links":{"self":[{"href":"https:\/\/tajkertesz.com\/en_US\/wp-json\/wp\/v2\/product\/14505","targetHints":{"allow":["GET"]}}],"collection":[{"href":"https:\/\/tajkertesz.com\/en_US\/wp-json\/wp\/v2\/product"}],"about":[{"href":"https:\/\/tajkertesz.com\/en_US\/wp-json\/wp\/v2\/types\/product"}],"wp:featuredmedia":[{"embeddable":true,"href":"https:\/\/tajkertesz.com\/en_US\/wp-json\/wp\/v2\/media\/14506"}],"wp:attachment":[{"href":"https:\/\/tajkertesz.com\/en_US\/wp-json\/wp\/v2\/media?parent=14505"}],"wp:term":[{"taxonomy":"product_brand","embeddable":true,"href":"https:\/\/tajkertesz.com\/en_US\/wp-json\/wp\/v2\/product_brand?post=14505"},{"taxonomy":"product_cat","embeddable":true,"href":"https:\/\/tajkertesz.com\/en_US\/wp-json\/wp\/v2\/product_cat?post=14505"},{"taxonomy":"product_tag","embeddable":true,"href":"https:\/\/tajkertesz.com\/en_US\/wp-json\/wp\/v2\/product_tag?post=14505"}],"curies":[{"name":"wp","href":"https:\/\/api.w.org\/{rel}","templated":true}]}}