{"id":14507,"date":"2022-12-19T07:57:59","date_gmt":"2022-12-19T07:57:59","guid":{"rendered":"https:\/\/tajkertesz.com\/?post_type=product&#038;p=14507"},"modified":"2026-02-18T15:21:46","modified_gmt":"2026-02-18T15:21:46","slug":"muagyag-viztartalyos-fenyofatalp","status":"publish","type":"product","link":"https:\/\/tajkertesz.com\/en_US\/product\/muagyag-viztartalyos-fenyofatalp\/","title":{"rendered":"M\u0171agyag v\u00edztart\u00e1lyos feny\u0151fatalp"},"content":{"rendered":"<h2>M\u0171agyag v\u00edztart\u00e1lyos feny\u0151fatalp<\/h2>\n<p>M\u0171agyag v\u00edztart\u00e1lyos feny\u0151fatalp<\/p>\n<div role=\"tabpanel\" data-role=\"content\" aria-hidden=\"false\">\n<div class=\"product attribute description\">\n<div>\n<div class=\"itg-show-full-content-outer\" data-bind=\"mageInit: {itegration_ShowMoreText: {trigger: '[data-trigger=show-full-description]', minHeight: 600}}\">\n<div class=\"value itg-show-full-content-inner \">\n<p>A feny\u0151fatalp alapvet\u0151 funkci\u00f3ja, hogy stabilan tartsa a kar\u00e1csonyf\u00e1t, \u00edgy az biztons\u00e1gosan \u00e1lljon az \u00fcnnepek alatt. Emellett a modern feny\u0151fatalpak k\u00fcl\u00f6nb\u00f6z\u0151 extra funkci\u00f3kkal is rendelkezhetnek, mint p\u00e9ld\u00e1ul v\u00edztart\u00e1ly, amely seg\u00edt a fa frissen tart\u00e1s\u00e1ban.<\/p>\n<p>A feny\u0151fatalp kiv\u00e1laszt\u00e1s\u00e1n\u00e1l fontos szempont a stabilit\u00e1s, a diz\u00e1jn \u00e9s az anyagmin\u0151s\u00e9g. P\u00e9ld\u00e1ul a f\u00e9m talpak \u00e1ltal\u00e1ban nagyon stabilak, m\u00edg a m\u0171anyag talpak k\u00f6nnyebbek \u00e9s egyszer\u0171bben kezelhet\u0151k.<\/p>\n<p>Feny\u0151fatalp 60mm bronz antik. 3db r\u00f6gz\u00edt\u0151 csavarral<\/p>\n<div class=\"line\"><span class=\"infoboxtitle\">Sz\u00e1ll\u00edt\u00e1si id\u0151:<\/span>\u00a0<span class=\"infoboxvalue\"><i class=\"fa fa-truck fastyle-blue\" aria-hidden=\"true\"><\/i>\u00a05-8 nap<\/span><\/div>\n<div class=\"line\"><span class=\"infoboxtitle\">Szem\u00e9lyesen \u00e1tvehet\u0151:<\/span>\u00a0<span class=\"infoboxvalue\">48 \u00f3r\u00e1n bel\u00fcl kert\u00e9szet\u00fcnkben.<\/span><\/div>\n<p>Feny\u0151talp kis feny\u0151f\u00e1khoz javasoljuk<\/p>\n<p>Anyaga: m\u0171anyag<\/p>\n<p>Sz\u00edne z\u00f6ld<\/p>\n<p>S\u00falya: 0,3kg<\/p>\n<p>Tiszt\u00edt\u00e1sa: Semleges foly\u00e9kony mosogat\u00f3szerrel mossa el! Ker\u00fclje a karcol\u00f3d\u00e1st okoz\u00f3 szerek \u00e9s eszk\u00f6z\u00f6k haszn\u00e1lat\u00e1t!<br \/>\nHossz\u00fa l\u00e1b\u00fa festett, vasb\u00f3l k\u00e9sz\u00fclt feny\u0151fa talp. M\u00e9rete miatt kis t\u00f6rzs\u0171 feny\u0151kh\u00f6z javasoljuk.<\/p>\n<h4>A feny\u0151fa befarag\u00e1sa a talpba n\u00e9mi el\u0151k\u00e9sz\u00fcletet \u00e9s odafigyel\u00e9st ig\u00e9nyel. \u00cdme n\u00e9h\u00e1ny l\u00e9p\u00e9s, ami seg\u00edthet:<\/h4>\n<p><strong>El\u0151k\u00e9sz\u00fcletek:\u00a0<\/strong>K\u00e9sz\u00edtsen el\u0151 egy \u00e9les szersz\u00e1mot, p\u00e9ld\u00e1ul k\u00e9st, kisebb balt\u00e1t vagy dekop\u00edrf\u0171r\u00e9szt.<br \/>\nT\u00e1vol\u00edtsa el a felesleges \u00e1gakat a t\u00f6rzs alj\u00e1r\u00f3l, hogy k\u00f6nnyebben hozz\u00e1f\u00e9rjen a farag\u00e1shoz.<\/p>\n<p><strong>Farag\u00e1s:\u00a0<\/strong>Helyezze a f\u00e1t egy stabil fel\u00fcletre, \u00e9s gy\u0151z\u0151dj meg r\u00f3la, hogy biztons\u00e1gosan dolgozhasson.<br \/>\nFaragja le a t\u00f6rzs alj\u00e1t \u00fagy, hogy az illeszkedjen a talp ny\u00edl\u00e1s\u00e1ba. \u00dcgyeljen arra, hogy a farag\u00e1s egyenletes legyen, \u00e9s a t\u00f6rzs ne legyen t\u00fal v\u00e9kony.<br \/>\nHa sz\u00fcks\u00e9ges, haszn\u00e1ljon v\u00e9s\u0151t \u00e9s kalap\u00e1csot a pontosabb munk\u00e1hoz.<br \/>\n<strong>R\u00f6gz\u00edt\u00e9s:<\/strong>\u00a0Helyezze a f\u00e1t a talpba, \u00e9s gy\u0151z\u0151dj\u00f6n meg r\u00f3la, hogy egyenesen \u00e1lljon.<br \/>\nH\u00fazza meg a talp csavarjait, hogy szorosan r\u00f6gz\u00edts\u00e9k a t\u00f6rzset. Ellen\u0151rizze, hogy a fa stabilan \u00e1ll-e.<br \/>\nHa a talp v\u00edztart\u00e1llyal rendelkezik, t\u00f6ltsd fel v\u00edzzel, hogy a fa friss maradjon.<br \/>\n<strong>Ut\u00f3lagos ellen\u0151rz\u00e9s:\u00a0<\/strong>Figyeljen a fa stabilit\u00e1s\u00e1t az \u00fcnnepek alatt, \u00e9s sz\u00fcks\u00e9g eset\u00e9n h\u00fazza meg \u00fajra a csavarokat.<\/p>\n<p><strong>K\u00e9szlet\u00fcnk napi szinten v\u00e1ltozik, ez\u00e9rt k\u00e9rj\u00fck, \u00e9rdekl\u0151dj\u00f6n szem\u00e9lyesen, telefonon vagy email-en.<br \/>\nA v\u00e1ltoztat\u00e1s jog\u00e1t fenntartjuk!\u00a0<\/strong><\/p>\n<p><a href=\"https:\/\/tajkertesz.com\/\">https:\/\/tajkertesz.com\/<\/a><\/p>\n<p><a href=\"https:\/\/www.facebook.com\/tajkertesz\/\">https:\/\/www.facebook.com\/tajkertesz\/<\/a><\/p>\n<p>Kisz\u00e1ll\u00edt\u00e1s: 200cm-ig \u00a0\u00e9s 40 kg-ig a sz\u00e1ll\u00edt\u00e1s fut\u00e1rszolg\u00e1lattal \u00a0t\u00f6rt\u00e9nik.<\/p>\n<p>Szem\u00e9lyes \u00e1tv\u00e9tel nyitvatart\u00e1si id\u0151ben a 17. ker\u00fclet Bakancsos utca 7. sz\u00e1m alatti Kert\u00e9szeti \u00e1rud\u00e1ban<\/p>\n<\/div>\n<\/div>\n<\/div>\n<\/div>\n<\/div>\n","protected":false},"excerpt":{"rendered":"<h2>Csillagos v\u00edztart\u00f3s m\u0171anyag kar\u00e1csonyfatalp<\/h2>\n<p>Er\u0151s m\u0171anyag kar\u00e1csonyfatalp<\/p>\n<div>\u00c1tm\u00e9r\u0151je: 28 cm<br \/>\n1,6 m-es famagass\u00e1gig<\/p>\n<div>6 cm-es t\u00f6rzs\u00e1tm\u00e9r\u0151ig<\/div>\n<div>kb 3 L \u0171rtartalm\u00fa v\u00edztart\u00e1llyal<\/div>\n<\/div>","protected":false},"featured_media":14510,"template":"","meta":{"_et_pb_use_builder":"","_et_pb_old_content":"","_et_gb_content_width":""},"product_brand":[],"product_cat":[3472],"product_tag":[4102,1116,4025,5471],"class_list":{"0":"post-14507","1":"product","2":"type-product","3":"status-publish","4":"has-post-thumbnail","6":"product_cat-fenyofatalp","7":"product_tag-fenyofa-talp","8":"product_tag-karacsony","9":"product_tag-karacsonyfak","10":"product_tag-viztartalyos-fenyofatalp","12":"first","13":"instock","14":"shipping-taxable","15":"purchasable","16":"product-type-simple"},"yoast_head":"<!-- This site is optimized with the Yoast SEO plugin v27.3 - https:\/\/yoast.com\/product\/yoast-seo-wordpress\/ -->\n<title>M\u0171agyag v\u00edztart\u00e1lyos feny\u0151fatalp - T\u00e1jkert\u00e9sz<\/title>\n<meta name=\"description\" content=\"M\u0171agyag v\u00edztart\u00e1lyos feny\u0151fatalp. max. 6,5 cm-es t\u00f6rzsvastags\u00e1g\u00fa feny\u0151kh\u00f6z ide\u00e1lis. Talpa v\u00edzzel felt\u00f6lthet\u0151. Rendeljen kert\u00e9szeti web\u00e1ruh\u00e1zunkb\u00f3l.\" \/>\n<meta name=\"robots\" content=\"index, follow, max-snippet:-1, max-image-preview:large, max-video-preview:-1\" \/>\n<link rel=\"canonical\" href=\"https:\/\/tajkertesz.com\/en_US\/product\/muagyag-viztartalyos-fenyofatalp\/\" \/>\n<meta property=\"og:locale\" content=\"en_US\" \/>\n<meta property=\"og:type\" content=\"article\" \/>\n<meta property=\"og:title\" content=\"M\u0171agyag v\u00edztart\u00e1lyos feny\u0151fatalp - T\u00e1jkert\u00e9sz\" \/>\n<meta property=\"og:description\" content=\"M\u0171agyag v\u00edztart\u00e1lyos feny\u0151fatalp. max. 6,5 cm-es t\u00f6rzsvastags\u00e1g\u00fa feny\u0151kh\u00f6z ide\u00e1lis. Talpa v\u00edzzel felt\u00f6lthet\u0151. Rendeljen kert\u00e9szeti web\u00e1ruh\u00e1zunkb\u00f3l.\" \/>\n<meta property=\"og:url\" content=\"https:\/\/tajkertesz.com\/en_US\/product\/muagyag-viztartalyos-fenyofatalp\/\" \/>\n<meta property=\"og:site_name\" content=\"T\u00e1jkert\u00e9sz\" \/>\n<meta property=\"article:publisher\" content=\"https:\/\/www.facebook.com\/Tajkertesz\/\" \/>\n<meta property=\"article:modified_time\" content=\"2026-02-18T15:21:46+00:00\" \/>\n<meta property=\"og:image\" content=\"https:\/\/tajkertesz.com\/wp-content\/uploads\/2022\/12\/66046413_a_1.jpg\" \/>\n\t<meta property=\"og:image:width\" content=\"800\" \/>\n\t<meta property=\"og:image:height\" content=\"600\" \/>\n\t<meta property=\"og:image:type\" content=\"image\/jpeg\" \/>\n<meta name=\"twitter:card\" content=\"summary_large_image\" \/>\n<meta name=\"twitter:label1\" content=\"Est. reading time\" \/>\n\t<meta name=\"twitter:data1\" content=\"2 minutes\" \/>\n<script type=\"application\/ld+json\" class=\"yoast-schema-graph\">{\"@context\":\"https:\\\/\\\/schema.org\",\"@graph\":[{\"@type\":\"WebPage\",\"@id\":\"https:\\\/\\\/tajkertesz.com\\\/termek\\\/muagyag-viztartalyos-fenyofatalp\\\/\",\"url\":\"https:\\\/\\\/tajkertesz.com\\\/termek\\\/muagyag-viztartalyos-fenyofatalp\\\/\",\"name\":\"M\u0171agyag v\u00edztart\u00e1lyos feny\u0151fatalp - T\u00e1jkert\u00e9sz\",\"isPartOf\":{\"@id\":\"https:\\\/\\\/tajkertesz.com\\\/#website\"},\"primaryImageOfPage\":{\"@id\":\"https:\\\/\\\/tajkertesz.com\\\/termek\\\/muagyag-viztartalyos-fenyofatalp\\\/#primaryimage\"},\"image\":{\"@id\":\"https:\\\/\\\/tajkertesz.com\\\/termek\\\/muagyag-viztartalyos-fenyofatalp\\\/#primaryimage\"},\"thumbnailUrl\":\"https:\\\/\\\/tajkertesz.com\\\/wp-content\\\/uploads\\\/2022\\\/12\\\/66046413_a_1.jpg\",\"datePublished\":\"2022-12-19T07:57:59+00:00\",\"dateModified\":\"2026-02-18T15:21:46+00:00\",\"description\":\"M\u0171agyag v\u00edztart\u00e1lyos feny\u0151fatalp. max. 6,5 cm-es t\u00f6rzsvastags\u00e1g\u00fa feny\u0151kh\u00f6z ide\u00e1lis. Talpa v\u00edzzel felt\u00f6lthet\u0151. Rendeljen kert\u00e9szeti web\u00e1ruh\u00e1zunkb\u00f3l.\",\"breadcrumb\":{\"@id\":\"https:\\\/\\\/tajkertesz.com\\\/termek\\\/muagyag-viztartalyos-fenyofatalp\\\/#breadcrumb\"},\"inLanguage\":\"en-US\",\"potentialAction\":[{\"@type\":\"ReadAction\",\"target\":[\"https:\\\/\\\/tajkertesz.com\\\/termek\\\/muagyag-viztartalyos-fenyofatalp\\\/\"]}]},{\"@type\":\"ImageObject\",\"inLanguage\":\"en-US\",\"@id\":\"https:\\\/\\\/tajkertesz.com\\\/termek\\\/muagyag-viztartalyos-fenyofatalp\\\/#primaryimage\",\"url\":\"https:\\\/\\\/tajkertesz.com\\\/wp-content\\\/uploads\\\/2022\\\/12\\\/66046413_a_1.jpg\",\"contentUrl\":\"https:\\\/\\\/tajkertesz.com\\\/wp-content\\\/uploads\\\/2022\\\/12\\\/66046413_a_1.jpg\",\"width\":800,\"height\":600,\"caption\":\"M\u0171agyag v\u00edztart\u00e1lyos feny\u0151fatalp\"},{\"@type\":\"BreadcrumbList\",\"@id\":\"https:\\\/\\\/tajkertesz.com\\\/termek\\\/muagyag-viztartalyos-fenyofatalp\\\/#breadcrumb\",\"itemListElement\":[{\"@type\":\"ListItem\",\"position\":1,\"name\":\"Home\",\"item\":\"https:\\\/\\\/tajkertesz.com\\\/\"},{\"@type\":\"ListItem\",\"position\":2,\"name\":\"Kezd\u0151lap\",\"item\":\"https:\\\/\\\/tajkertesz.com\\\/\"},{\"@type\":\"ListItem\",\"position\":3,\"name\":\"M\u0171agyag v\u00edztart\u00e1lyos feny\u0151fatalp\"}]},{\"@type\":\"WebSite\",\"@id\":\"https:\\\/\\\/tajkertesz.com\\\/#website\",\"url\":\"https:\\\/\\\/tajkertesz.com\\\/\",\"name\":\"T\u00e1j-Kert\u00e9sz 84 Kft.\",\"description\":\"Kert\u00e9szeti kis- \u00e9s nagykeresked\u00e9s, D\u00edszn\u00f6v\u00e9ny web\u00e1ruh\u00e1z orsz\u00e1gos h\u00e1zhozsz\u00e1ll\u00edt\u00e1ssal!\",\"publisher\":{\"@id\":\"https:\\\/\\\/tajkertesz.com\\\/#organization\"},\"potentialAction\":[{\"@type\":\"SearchAction\",\"target\":{\"@type\":\"EntryPoint\",\"urlTemplate\":\"https:\\\/\\\/tajkertesz.com\\\/?s={search_term_string}\"},\"query-input\":{\"@type\":\"PropertyValueSpecification\",\"valueRequired\":true,\"valueName\":\"search_term_string\"}}],\"inLanguage\":\"en-US\"},{\"@type\":\"Organization\",\"@id\":\"https:\\\/\\\/tajkertesz.com\\\/#organization\",\"name\":\"T\u00e1j-Kert\u00e9sz 84 Kft.\",\"url\":\"https:\\\/\\\/tajkertesz.com\\\/\",\"logo\":{\"@type\":\"ImageObject\",\"inLanguage\":\"en-US\",\"@id\":\"https:\\\/\\\/tajkertesz.com\\\/#\\\/schema\\\/logo\\\/image\\\/\",\"url\":\"https:\\\/\\\/tajkertesz.com\\\/wp-content\\\/uploads\\\/2018\\\/02\\\/logo-2-e1518678052539.png\",\"contentUrl\":\"https:\\\/\\\/tajkertesz.com\\\/wp-content\\\/uploads\\\/2018\\\/02\\\/logo-2-e1518678052539.png\",\"width\":81,\"height\":140,\"caption\":\"T\u00e1j-Kert\u00e9sz 84 Kft.\"},\"image\":{\"@id\":\"https:\\\/\\\/tajkertesz.com\\\/#\\\/schema\\\/logo\\\/image\\\/\"},\"sameAs\":[\"https:\\\/\\\/www.facebook.com\\\/Tajkertesz\\\/\"]}]}<\/script>\n<!-- \/ Yoast SEO plugin. -->","yoast_head_json":{"title":"M\u0171agyag v\u00edztart\u00e1lyos feny\u0151fatalp - T\u00e1jkert\u00e9sz","description":"M\u0171agyag v\u00edztart\u00e1lyos feny\u0151fatalp. max. 6,5 cm-es t\u00f6rzsvastags\u00e1g\u00fa feny\u0151kh\u00f6z ide\u00e1lis. Talpa v\u00edzzel felt\u00f6lthet\u0151. Rendeljen kert\u00e9szeti web\u00e1ruh\u00e1zunkb\u00f3l.","robots":{"index":"index","follow":"follow","max-snippet":"max-snippet:-1","max-image-preview":"max-image-preview:large","max-video-preview":"max-video-preview:-1"},"canonical":"https:\/\/tajkertesz.com\/en_US\/product\/muagyag-viztartalyos-fenyofatalp\/","og_locale":"en_US","og_type":"article","og_title":"M\u0171agyag v\u00edztart\u00e1lyos feny\u0151fatalp - T\u00e1jkert\u00e9sz","og_description":"M\u0171agyag v\u00edztart\u00e1lyos feny\u0151fatalp. max. 6,5 cm-es t\u00f6rzsvastags\u00e1g\u00fa feny\u0151kh\u00f6z ide\u00e1lis. Talpa v\u00edzzel felt\u00f6lthet\u0151. Rendeljen kert\u00e9szeti web\u00e1ruh\u00e1zunkb\u00f3l.","og_url":"https:\/\/tajkertesz.com\/en_US\/product\/muagyag-viztartalyos-fenyofatalp\/","og_site_name":"T\u00e1jkert\u00e9sz","article_publisher":"https:\/\/www.facebook.com\/Tajkertesz\/","article_modified_time":"2026-02-18T15:21:46+00:00","og_image":[{"width":800,"height":600,"url":"https:\/\/tajkertesz.com\/wp-content\/uploads\/2022\/12\/66046413_a_1.jpg","type":"image\/jpeg"}],"twitter_card":"summary_large_image","twitter_misc":{"Est. reading time":"2 minutes"},"schema":{"@context":"https:\/\/schema.org","@graph":[{"@type":"WebPage","@id":"https:\/\/tajkertesz.com\/termek\/muagyag-viztartalyos-fenyofatalp\/","url":"https:\/\/tajkertesz.com\/termek\/muagyag-viztartalyos-fenyofatalp\/","name":"M\u0171agyag v\u00edztart\u00e1lyos feny\u0151fatalp - T\u00e1jkert\u00e9sz","isPartOf":{"@id":"https:\/\/tajkertesz.com\/#website"},"primaryImageOfPage":{"@id":"https:\/\/tajkertesz.com\/termek\/muagyag-viztartalyos-fenyofatalp\/#primaryimage"},"image":{"@id":"https:\/\/tajkertesz.com\/termek\/muagyag-viztartalyos-fenyofatalp\/#primaryimage"},"thumbnailUrl":"https:\/\/tajkertesz.com\/wp-content\/uploads\/2022\/12\/66046413_a_1.jpg","datePublished":"2022-12-19T07:57:59+00:00","dateModified":"2026-02-18T15:21:46+00:00","description":"M\u0171agyag v\u00edztart\u00e1lyos feny\u0151fatalp. max. 6,5 cm-es t\u00f6rzsvastags\u00e1g\u00fa feny\u0151kh\u00f6z ide\u00e1lis. Talpa v\u00edzzel felt\u00f6lthet\u0151. Rendeljen kert\u00e9szeti web\u00e1ruh\u00e1zunkb\u00f3l.","breadcrumb":{"@id":"https:\/\/tajkertesz.com\/termek\/muagyag-viztartalyos-fenyofatalp\/#breadcrumb"},"inLanguage":"en-US","potentialAction":[{"@type":"ReadAction","target":["https:\/\/tajkertesz.com\/termek\/muagyag-viztartalyos-fenyofatalp\/"]}]},{"@type":"ImageObject","inLanguage":"en-US","@id":"https:\/\/tajkertesz.com\/termek\/muagyag-viztartalyos-fenyofatalp\/#primaryimage","url":"https:\/\/tajkertesz.com\/wp-content\/uploads\/2022\/12\/66046413_a_1.jpg","contentUrl":"https:\/\/tajkertesz.com\/wp-content\/uploads\/2022\/12\/66046413_a_1.jpg","width":800,"height":600,"caption":"M\u0171agyag v\u00edztart\u00e1lyos feny\u0151fatalp"},{"@type":"BreadcrumbList","@id":"https:\/\/tajkertesz.com\/termek\/muagyag-viztartalyos-fenyofatalp\/#breadcrumb","itemListElement":[{"@type":"ListItem","position":1,"name":"Home","item":"https:\/\/tajkertesz.com\/"},{"@type":"ListItem","position":2,"name":"Kezd\u0151lap","item":"https:\/\/tajkertesz.com\/"},{"@type":"ListItem","position":3,"name":"M\u0171agyag v\u00edztart\u00e1lyos feny\u0151fatalp"}]},{"@type":"WebSite","@id":"https:\/\/tajkertesz.com\/#website","url":"https:\/\/tajkertesz.com\/","name":"T\u00e1j-Kert\u00e9sz 84 Kft.","description":"Kert\u00e9szeti kis- \u00e9s nagykeresked\u00e9s, D\u00edszn\u00f6v\u00e9ny web\u00e1ruh\u00e1z orsz\u00e1gos h\u00e1zhozsz\u00e1ll\u00edt\u00e1ssal!","publisher":{"@id":"https:\/\/tajkertesz.com\/#organization"},"potentialAction":[{"@type":"SearchAction","target":{"@type":"EntryPoint","urlTemplate":"https:\/\/tajkertesz.com\/?s={search_term_string}"},"query-input":{"@type":"PropertyValueSpecification","valueRequired":true,"valueName":"search_term_string"}}],"inLanguage":"en-US"},{"@type":"Organization","@id":"https:\/\/tajkertesz.com\/#organization","name":"T\u00e1j-Kert\u00e9sz 84 Kft.","url":"https:\/\/tajkertesz.com\/","logo":{"@type":"ImageObject","inLanguage":"en-US","@id":"https:\/\/tajkertesz.com\/#\/schema\/logo\/image\/","url":"https:\/\/tajkertesz.com\/wp-content\/uploads\/2018\/02\/logo-2-e1518678052539.png","contentUrl":"https:\/\/tajkertesz.com\/wp-content\/uploads\/2018\/02\/logo-2-e1518678052539.png","width":81,"height":140,"caption":"T\u00e1j-Kert\u00e9sz 84 Kft."},"image":{"@id":"https:\/\/tajkertesz.com\/#\/schema\/logo\/image\/"},"sameAs":["https:\/\/www.facebook.com\/Tajkertesz\/"]}]}},"_links":{"self":[{"href":"https:\/\/tajkertesz.com\/en_US\/wp-json\/wp\/v2\/product\/14507","targetHints":{"allow":["GET"]}}],"collection":[{"href":"https:\/\/tajkertesz.com\/en_US\/wp-json\/wp\/v2\/product"}],"about":[{"href":"https:\/\/tajkertesz.com\/en_US\/wp-json\/wp\/v2\/types\/product"}],"wp:featuredmedia":[{"embeddable":true,"href":"https:\/\/tajkertesz.com\/en_US\/wp-json\/wp\/v2\/media\/14510"}],"wp:attachment":[{"href":"https:\/\/tajkertesz.com\/en_US\/wp-json\/wp\/v2\/media?parent=14507"}],"wp:term":[{"taxonomy":"product_brand","embeddable":true,"href":"https:\/\/tajkertesz.com\/en_US\/wp-json\/wp\/v2\/product_brand?post=14507"},{"taxonomy":"product_cat","embeddable":true,"href":"https:\/\/tajkertesz.com\/en_US\/wp-json\/wp\/v2\/product_cat?post=14507"},{"taxonomy":"product_tag","embeddable":true,"href":"https:\/\/tajkertesz.com\/en_US\/wp-json\/wp\/v2\/product_tag?post=14507"}],"curies":[{"name":"wp","href":"https:\/\/api.w.org\/{rel}","templated":true}]}}