{"id":14515,"date":"2022-12-19T09:00:40","date_gmt":"2022-12-19T09:00:40","guid":{"rendered":"https:\/\/tajkertesz.com\/?post_type=product&#038;p=14515"},"modified":"2026-01-14T15:13:43","modified_gmt":"2026-01-14T15:13:43","slug":"amalgerol-10000ml","status":"publish","type":"product","link":"https:\/\/tajkertesz.com\/en_US\/product\/amalgerol-10000ml\/","title":{"rendered":"Amalgerol 10000ml."},"content":{"rendered":"<h2>Amalgerol 10000ml.<\/h2>\n<p>Amalgerol 10000ml.<\/p>\n<div class=\"bg-grey-light border-b border-white pb-3 lg:flex-1 lg:pt-24 lg:pb-32 lg:px-7\">\n<h3 class=\"font-bold text-green-dark mb-4 md:mb-3\">\u00d6sszet\u00e9tel:<\/h3>\n<div class=\"text-grey-dark text\">\n<p>H\u00edn\u00e1rkivonatok, n\u00f6v\u00e9nyi olajok, \u00e1sv\u00e1nyolaj, ill\u00f3olajok, gy\u00f3gyn\u00f6v\u00e9nykivonatok.<\/p>\n<p>Minden \u00f6sszetev\u0151<strong>\u00a0g\u00e9ntechnol\u00f3gia n\u00e9lk\u00fcl k\u00e9sz\u00fclt.<\/strong><\/p>\n<\/div>\n<\/div>\n<div class=\"bg-grey-light border-b border-white pb-3 lg:flex-1 lg:pt-24 lg:pb-32 lg:px-7\">\n<h3 class=\"font-bold text-green-dark mb-4 md:mb-3\">\u00c9rt\u00e9krend:<\/h3>\n<div class=\"text-grey-dark text\">\n<p>pH-\u00e9rt\u00e9k:<br \/>\n8,5<\/p>\n<p><strong>100% biol\u00f3giailag leboml\u00f3<\/strong>\u00a0az Innsbrucki Egyetem jelent\u00e9sei szerint.<\/p>\n<\/div>\n<\/div>\n<div class=\"bg-grey-light border-b border-white pb-3 lg:flex-1 lg:pt-24 lg:pb-32 lg:px-7\">\n<h3 class=\"font-bold text-green-dark mb-4 md:mb-3\">Szerves alkalmass\u00e1g<\/h3>\n<div class=\"text-grey-dark text\">\n<p>Az AMALGEROL megfelel a 834\/2007\/EK rendelet jelenlegi v\u00e1ltozat\u00e1ban foglalt k\u00f6vetelm\u00e9nyeknek, \u00e9s\u00a0<strong>enged\u00e9lyezett az \u00f6kol\u00f3giai gazd\u00e1lkod\u00e1sban<\/strong>.<\/p>\n<p>&nbsp;<\/p>\n<\/div>\n<p><strong>K\u00e9szlet\u00fcnk napi szinten v\u00e1ltozik, ez\u00e9rt k\u00e9rj\u00fck, \u00e9rdekl\u0151dj\u00f6n szem\u00e9lyesen, telefonon vagy email-en.<br \/>\nA v\u00e1ltoztat\u00e1s jog\u00e1t fenntartjuk!\u00a0<\/strong><\/p>\n<p><a href=\"https:\/\/tajkertesz.com\/\">https:\/\/tajkertesz.com\/<\/a><\/p>\n<p><a href=\"https:\/\/www.facebook.com\/tajkertesz\/\">https:\/\/www.facebook.com\/tajkertesz\/<\/a><\/p>\n<p>Kisz\u00e1ll\u00edt\u00e1s: 200cm-ig \u00a0\u00e9s 40 kg-ig a sz\u00e1ll\u00edt\u00e1s fut\u00e1rszolg\u00e1lattal \u00a0t\u00f6rt\u00e9nik.<\/p>\n<p>Szem\u00e9lyes \u00e1tv\u00e9tel nyitvatart\u00e1si id\u0151ben a 17. ker\u00fclet Bakancsos utca 7. sz\u00e1m alatti Kert\u00e9szeti \u00e1rud\u00e1ban<\/p>\n<\/div>","protected":false},"excerpt":{"rendered":"<h2>Amalgerol 10000ml.<\/h2>\n<h2><span style=\"text-decoration: underline;\"><span style=\"color: #ff0000; text-decoration: underline;\">Ez a term\u00e9k nincs k\u00e9szleten, csak rendel\u00e9sre kaphat\u00f3, k\u00e9rj\u00fck \u00e9rdekl\u0151dj\u00f6n!<\/span><\/span><\/h2>\n<div class=\"p-content short-description\">Alga kivonatot, n\u00f6v\u00e9nyi kivonatot, n\u00f6v\u00e9nyi ill\u00f3olajokat \u00e9s \u00e1sv\u00e1nyi olajokat tartalmaz\u00f3 k\u00e9sz\u00edtm\u00e9ny.<\/div>\n<div class=\"p-content\">A sz\u00e1nt\u00f3f\u00f6ldi \u00e9s z\u00f6lds\u00e9gn\u00f6v\u00e9nyek talajkezel\u00e9s\u00e9re vet\u00e9s, \u00fcltet\u00e9s el\u0151tt a talajra permetezve \u00e9s bedolgozva, majd a lev\u00e9lkezel\u00e9sre a teny\u00e9szid\u0151szak folyam\u00e1n 3-4 alkalommal 3-5 l\/ha mennyis\u00e9gben, legfeljebb 1 %-os t\u00f6m\u00e9nys\u00e9gben kijuttatva. Az \u00e9vente kijuttathat\u00f3 maxim\u00e1lis mennyis\u00e9g 12-25 l\/ha. ha egy \u00e9ven bel\u00fcl adott ter\u00fcleten egym\u00e1s ut\u00e1n k\u00e9t n\u00f6v\u00e9nyt termesztenek, a kijuttathat\u00f3 maxim\u00e1lis mennyis\u00e9g n\u00f6v\u00e9nyenk\u00e9nt \u00e9rtend\u0151. A k\u00e9sz\u00edtm\u00e9ny olajtartalm\u00fa, \u00edgy 28 C-n\u00e1l magasabb h\u0151m\u00e9rs\u00e9klet, intenz\u00edv napsug\u00e1rz\u00e1s eset\u00e9n n\u00f6v\u00e9nyek kezel\u00e9s\u00e9re ne haszn\u00e1ljuk.<\/div>\n<div class=\"p-content\"><span class=\"font-bold\">Hat\u00e1sm\u00f3d<\/span><br \/>\nAz Amalgerol egy k\u00f6nnyen em\u00e9szthet\u0151 sz\u00e9nforr\u00e1s a hasznos talajlak\u00f3 mikroorganizmusok sz\u00e1m\u00e1ra. El\u0151seg\u00edti a sz\u00e1rmaradv\u00e1nyok lebont\u00e1s\u00e1t \u00e9s az eg\u00e9szs\u00e9ges, szervesanyagban gazdag talaj fenntart\u00e1s\u00e1t.<\/div>\n<div>\n<div class=\"table-card__header\">\n<h3>Keverhet\u0151s\u00e9g:<\/h3>\n<\/div>\n<div class=\"table-card__content\">\n<div class=\"p-content\">A legt\u00f6bb n\u00f6v\u00e9nyv\u00e9d\u0151 szerrel keverhet\u0151. Felhaszn\u00e1l\u00e1sa el\u0151tt a v\u00e1ltoz\u00f3 k\u00f6r\u00fclm\u00e9nyek miatt v\u00e9gezzen kever\u00e9si pr\u00f3b\u00e1t.<\/div>\n<\/div>\n<\/div>\n<div><\/div>\n<div><\/div>","protected":false},"featured_media":14513,"template":"","meta":{"_et_pb_use_builder":"","_et_pb_old_content":"","_et_gb_content_width":""},"product_brand":[],"product_cat":[35],"product_tag":[4103,36],"class_list":{"0":"post-14515","1":"product","2":"type-product","3":"status-publish","4":"has-post-thumbnail","6":"product_cat-tragyak","7":"product_tag-talajkondicionalo","8":"product_tag-tragya","10":"first","11":"onbackorder","12":"shipping-taxable","13":"purchasable","14":"product-type-simple"},"yoast_head":"<!-- This site is optimized with the Yoast SEO plugin v27.3 - https:\/\/yoast.com\/product\/yoast-seo-wordpress\/ -->\n<title>Amalgerol 10000ml. - T\u00e1jkert\u00e9sz<\/title>\n<meta name=\"description\" content=\"Az Amalgerol 10000ml.megsokszorozza a hasznos talajorganizmusokat, er\u0151s\u00edti a gy\u00f6kereket, fokozza a talaj \u00e9s a n\u00f6v\u00e9nyek eg\u00e9szs\u00e9g\u00e9t, \u00e9s seg\u00edt a humusz fel\u00e9p\u00edt\u00e9s\u00e9ben.\" \/>\n<meta name=\"robots\" content=\"index, follow, max-snippet:-1, max-image-preview:large, max-video-preview:-1\" \/>\n<link rel=\"canonical\" href=\"https:\/\/tajkertesz.com\/en_US\/product\/amalgerol-10000ml\/\" \/>\n<meta property=\"og:locale\" content=\"en_US\" \/>\n<meta property=\"og:type\" content=\"article\" \/>\n<meta property=\"og:title\" content=\"Amalgerol 10000ml. - T\u00e1jkert\u00e9sz\" \/>\n<meta property=\"og:description\" content=\"Az Amalgerol 10000ml.megsokszorozza a hasznos talajorganizmusokat, er\u0151s\u00edti a gy\u00f6kereket, fokozza a talaj \u00e9s a n\u00f6v\u00e9nyek eg\u00e9szs\u00e9g\u00e9t, \u00e9s seg\u00edt a humusz fel\u00e9p\u00edt\u00e9s\u00e9ben.\" \/>\n<meta property=\"og:url\" content=\"https:\/\/tajkertesz.com\/en_US\/product\/amalgerol-10000ml\/\" \/>\n<meta property=\"og:site_name\" content=\"T\u00e1jkert\u00e9sz\" \/>\n<meta property=\"article:publisher\" content=\"https:\/\/www.facebook.com\/Tajkertesz\/\" \/>\n<meta property=\"article:modified_time\" content=\"2026-01-14T15:13:43+00:00\" \/>\n<meta property=\"og:image\" content=\"https:\/\/tajkertesz.com\/wp-content\/uploads\/2022\/12\/Hechta_PR-cikk_20200406_Amalgerol-termekkep.jpg\" \/>\n\t<meta property=\"og:image:width\" content=\"743\" \/>\n\t<meta property=\"og:image:height\" content=\"894\" \/>\n\t<meta property=\"og:image:type\" content=\"image\/jpeg\" \/>\n<meta name=\"twitter:card\" content=\"summary_large_image\" \/>\n<meta name=\"twitter:label1\" content=\"Est. reading time\" \/>\n\t<meta name=\"twitter:data1\" content=\"1 minute\" \/>\n<script type=\"application\/ld+json\" class=\"yoast-schema-graph\">{\"@context\":\"https:\\\/\\\/schema.org\",\"@graph\":[{\"@type\":\"WebPage\",\"@id\":\"https:\\\/\\\/tajkertesz.com\\\/termek\\\/amalgerol-10000ml\\\/\",\"url\":\"https:\\\/\\\/tajkertesz.com\\\/termek\\\/amalgerol-10000ml\\\/\",\"name\":\"Amalgerol 10000ml. - T\u00e1jkert\u00e9sz\",\"isPartOf\":{\"@id\":\"https:\\\/\\\/tajkertesz.com\\\/#website\"},\"primaryImageOfPage\":{\"@id\":\"https:\\\/\\\/tajkertesz.com\\\/termek\\\/amalgerol-10000ml\\\/#primaryimage\"},\"image\":{\"@id\":\"https:\\\/\\\/tajkertesz.com\\\/termek\\\/amalgerol-10000ml\\\/#primaryimage\"},\"thumbnailUrl\":\"https:\\\/\\\/tajkertesz.com\\\/wp-content\\\/uploads\\\/2022\\\/12\\\/Hechta_PR-cikk_20200406_Amalgerol-termekkep.jpg\",\"datePublished\":\"2022-12-19T09:00:40+00:00\",\"dateModified\":\"2026-01-14T15:13:43+00:00\",\"description\":\"Az Amalgerol 10000ml.megsokszorozza a hasznos talajorganizmusokat, er\u0151s\u00edti a gy\u00f6kereket, fokozza a talaj \u00e9s a n\u00f6v\u00e9nyek eg\u00e9szs\u00e9g\u00e9t, \u00e9s seg\u00edt a humusz fel\u00e9p\u00edt\u00e9s\u00e9ben.\",\"breadcrumb\":{\"@id\":\"https:\\\/\\\/tajkertesz.com\\\/termek\\\/amalgerol-10000ml\\\/#breadcrumb\"},\"inLanguage\":\"en-US\",\"potentialAction\":[{\"@type\":\"ReadAction\",\"target\":[\"https:\\\/\\\/tajkertesz.com\\\/termek\\\/amalgerol-10000ml\\\/\"]}]},{\"@type\":\"ImageObject\",\"inLanguage\":\"en-US\",\"@id\":\"https:\\\/\\\/tajkertesz.com\\\/termek\\\/amalgerol-10000ml\\\/#primaryimage\",\"url\":\"https:\\\/\\\/tajkertesz.com\\\/wp-content\\\/uploads\\\/2022\\\/12\\\/Hechta_PR-cikk_20200406_Amalgerol-termekkep.jpg\",\"contentUrl\":\"https:\\\/\\\/tajkertesz.com\\\/wp-content\\\/uploads\\\/2022\\\/12\\\/Hechta_PR-cikk_20200406_Amalgerol-termekkep.jpg\",\"width\":743,\"height\":894,\"caption\":\"Amalgerol 10000ml.\"},{\"@type\":\"BreadcrumbList\",\"@id\":\"https:\\\/\\\/tajkertesz.com\\\/termek\\\/amalgerol-10000ml\\\/#breadcrumb\",\"itemListElement\":[{\"@type\":\"ListItem\",\"position\":1,\"name\":\"Home\",\"item\":\"https:\\\/\\\/tajkertesz.com\\\/\"},{\"@type\":\"ListItem\",\"position\":2,\"name\":\"Kezd\u0151lap\",\"item\":\"https:\\\/\\\/tajkertesz.com\\\/\"},{\"@type\":\"ListItem\",\"position\":3,\"name\":\"Amalgerol 10000ml.\"}]},{\"@type\":\"WebSite\",\"@id\":\"https:\\\/\\\/tajkertesz.com\\\/#website\",\"url\":\"https:\\\/\\\/tajkertesz.com\\\/\",\"name\":\"T\u00e1j-Kert\u00e9sz 84 Kft.\",\"description\":\"Kert\u00e9szeti kis- \u00e9s nagykeresked\u00e9s, D\u00edszn\u00f6v\u00e9ny web\u00e1ruh\u00e1z orsz\u00e1gos h\u00e1zhozsz\u00e1ll\u00edt\u00e1ssal!\",\"publisher\":{\"@id\":\"https:\\\/\\\/tajkertesz.com\\\/#organization\"},\"potentialAction\":[{\"@type\":\"SearchAction\",\"target\":{\"@type\":\"EntryPoint\",\"urlTemplate\":\"https:\\\/\\\/tajkertesz.com\\\/?s={search_term_string}\"},\"query-input\":{\"@type\":\"PropertyValueSpecification\",\"valueRequired\":true,\"valueName\":\"search_term_string\"}}],\"inLanguage\":\"en-US\"},{\"@type\":\"Organization\",\"@id\":\"https:\\\/\\\/tajkertesz.com\\\/#organization\",\"name\":\"T\u00e1j-Kert\u00e9sz 84 Kft.\",\"url\":\"https:\\\/\\\/tajkertesz.com\\\/\",\"logo\":{\"@type\":\"ImageObject\",\"inLanguage\":\"en-US\",\"@id\":\"https:\\\/\\\/tajkertesz.com\\\/#\\\/schema\\\/logo\\\/image\\\/\",\"url\":\"https:\\\/\\\/tajkertesz.com\\\/wp-content\\\/uploads\\\/2018\\\/02\\\/logo-2-e1518678052539.png\",\"contentUrl\":\"https:\\\/\\\/tajkertesz.com\\\/wp-content\\\/uploads\\\/2018\\\/02\\\/logo-2-e1518678052539.png\",\"width\":81,\"height\":140,\"caption\":\"T\u00e1j-Kert\u00e9sz 84 Kft.\"},\"image\":{\"@id\":\"https:\\\/\\\/tajkertesz.com\\\/#\\\/schema\\\/logo\\\/image\\\/\"},\"sameAs\":[\"https:\\\/\\\/www.facebook.com\\\/Tajkertesz\\\/\"]}]}<\/script>\n<!-- \/ Yoast SEO plugin. -->","yoast_head_json":{"title":"Amalgerol 10000ml. - T\u00e1jkert\u00e9sz","description":"Az Amalgerol 10000ml.megsokszorozza a hasznos talajorganizmusokat, er\u0151s\u00edti a gy\u00f6kereket, fokozza a talaj \u00e9s a n\u00f6v\u00e9nyek eg\u00e9szs\u00e9g\u00e9t, \u00e9s seg\u00edt a humusz fel\u00e9p\u00edt\u00e9s\u00e9ben.","robots":{"index":"index","follow":"follow","max-snippet":"max-snippet:-1","max-image-preview":"max-image-preview:large","max-video-preview":"max-video-preview:-1"},"canonical":"https:\/\/tajkertesz.com\/en_US\/product\/amalgerol-10000ml\/","og_locale":"en_US","og_type":"article","og_title":"Amalgerol 10000ml. - T\u00e1jkert\u00e9sz","og_description":"Az Amalgerol 10000ml.megsokszorozza a hasznos talajorganizmusokat, er\u0151s\u00edti a gy\u00f6kereket, fokozza a talaj \u00e9s a n\u00f6v\u00e9nyek eg\u00e9szs\u00e9g\u00e9t, \u00e9s seg\u00edt a humusz fel\u00e9p\u00edt\u00e9s\u00e9ben.","og_url":"https:\/\/tajkertesz.com\/en_US\/product\/amalgerol-10000ml\/","og_site_name":"T\u00e1jkert\u00e9sz","article_publisher":"https:\/\/www.facebook.com\/Tajkertesz\/","article_modified_time":"2026-01-14T15:13:43+00:00","og_image":[{"width":743,"height":894,"url":"https:\/\/tajkertesz.com\/wp-content\/uploads\/2022\/12\/Hechta_PR-cikk_20200406_Amalgerol-termekkep.jpg","type":"image\/jpeg"}],"twitter_card":"summary_large_image","twitter_misc":{"Est. reading time":"1 minute"},"schema":{"@context":"https:\/\/schema.org","@graph":[{"@type":"WebPage","@id":"https:\/\/tajkertesz.com\/termek\/amalgerol-10000ml\/","url":"https:\/\/tajkertesz.com\/termek\/amalgerol-10000ml\/","name":"Amalgerol 10000ml. - T\u00e1jkert\u00e9sz","isPartOf":{"@id":"https:\/\/tajkertesz.com\/#website"},"primaryImageOfPage":{"@id":"https:\/\/tajkertesz.com\/termek\/amalgerol-10000ml\/#primaryimage"},"image":{"@id":"https:\/\/tajkertesz.com\/termek\/amalgerol-10000ml\/#primaryimage"},"thumbnailUrl":"https:\/\/tajkertesz.com\/wp-content\/uploads\/2022\/12\/Hechta_PR-cikk_20200406_Amalgerol-termekkep.jpg","datePublished":"2022-12-19T09:00:40+00:00","dateModified":"2026-01-14T15:13:43+00:00","description":"Az Amalgerol 10000ml.megsokszorozza a hasznos talajorganizmusokat, er\u0151s\u00edti a gy\u00f6kereket, fokozza a talaj \u00e9s a n\u00f6v\u00e9nyek eg\u00e9szs\u00e9g\u00e9t, \u00e9s seg\u00edt a humusz fel\u00e9p\u00edt\u00e9s\u00e9ben.","breadcrumb":{"@id":"https:\/\/tajkertesz.com\/termek\/amalgerol-10000ml\/#breadcrumb"},"inLanguage":"en-US","potentialAction":[{"@type":"ReadAction","target":["https:\/\/tajkertesz.com\/termek\/amalgerol-10000ml\/"]}]},{"@type":"ImageObject","inLanguage":"en-US","@id":"https:\/\/tajkertesz.com\/termek\/amalgerol-10000ml\/#primaryimage","url":"https:\/\/tajkertesz.com\/wp-content\/uploads\/2022\/12\/Hechta_PR-cikk_20200406_Amalgerol-termekkep.jpg","contentUrl":"https:\/\/tajkertesz.com\/wp-content\/uploads\/2022\/12\/Hechta_PR-cikk_20200406_Amalgerol-termekkep.jpg","width":743,"height":894,"caption":"Amalgerol 10000ml."},{"@type":"BreadcrumbList","@id":"https:\/\/tajkertesz.com\/termek\/amalgerol-10000ml\/#breadcrumb","itemListElement":[{"@type":"ListItem","position":1,"name":"Home","item":"https:\/\/tajkertesz.com\/"},{"@type":"ListItem","position":2,"name":"Kezd\u0151lap","item":"https:\/\/tajkertesz.com\/"},{"@type":"ListItem","position":3,"name":"Amalgerol 10000ml."}]},{"@type":"WebSite","@id":"https:\/\/tajkertesz.com\/#website","url":"https:\/\/tajkertesz.com\/","name":"T\u00e1j-Kert\u00e9sz 84 Kft.","description":"Kert\u00e9szeti kis- \u00e9s nagykeresked\u00e9s, D\u00edszn\u00f6v\u00e9ny web\u00e1ruh\u00e1z orsz\u00e1gos h\u00e1zhozsz\u00e1ll\u00edt\u00e1ssal!","publisher":{"@id":"https:\/\/tajkertesz.com\/#organization"},"potentialAction":[{"@type":"SearchAction","target":{"@type":"EntryPoint","urlTemplate":"https:\/\/tajkertesz.com\/?s={search_term_string}"},"query-input":{"@type":"PropertyValueSpecification","valueRequired":true,"valueName":"search_term_string"}}],"inLanguage":"en-US"},{"@type":"Organization","@id":"https:\/\/tajkertesz.com\/#organization","name":"T\u00e1j-Kert\u00e9sz 84 Kft.","url":"https:\/\/tajkertesz.com\/","logo":{"@type":"ImageObject","inLanguage":"en-US","@id":"https:\/\/tajkertesz.com\/#\/schema\/logo\/image\/","url":"https:\/\/tajkertesz.com\/wp-content\/uploads\/2018\/02\/logo-2-e1518678052539.png","contentUrl":"https:\/\/tajkertesz.com\/wp-content\/uploads\/2018\/02\/logo-2-e1518678052539.png","width":81,"height":140,"caption":"T\u00e1j-Kert\u00e9sz 84 Kft."},"image":{"@id":"https:\/\/tajkertesz.com\/#\/schema\/logo\/image\/"},"sameAs":["https:\/\/www.facebook.com\/Tajkertesz\/"]}]}},"_links":{"self":[{"href":"https:\/\/tajkertesz.com\/en_US\/wp-json\/wp\/v2\/product\/14515","targetHints":{"allow":["GET"]}}],"collection":[{"href":"https:\/\/tajkertesz.com\/en_US\/wp-json\/wp\/v2\/product"}],"about":[{"href":"https:\/\/tajkertesz.com\/en_US\/wp-json\/wp\/v2\/types\/product"}],"wp:featuredmedia":[{"embeddable":true,"href":"https:\/\/tajkertesz.com\/en_US\/wp-json\/wp\/v2\/media\/14513"}],"wp:attachment":[{"href":"https:\/\/tajkertesz.com\/en_US\/wp-json\/wp\/v2\/media?parent=14515"}],"wp:term":[{"taxonomy":"product_brand","embeddable":true,"href":"https:\/\/tajkertesz.com\/en_US\/wp-json\/wp\/v2\/product_brand?post=14515"},{"taxonomy":"product_cat","embeddable":true,"href":"https:\/\/tajkertesz.com\/en_US\/wp-json\/wp\/v2\/product_cat?post=14515"},{"taxonomy":"product_tag","embeddable":true,"href":"https:\/\/tajkertesz.com\/en_US\/wp-json\/wp\/v2\/product_tag?post=14515"}],"curies":[{"name":"wp","href":"https:\/\/api.w.org\/{rel}","templated":true}]}}