{"id":14516,"date":"2022-12-19T09:32:40","date_gmt":"2022-12-19T09:32:40","guid":{"rendered":"https:\/\/tajkertesz.com\/?post_type=product&#038;p=14516"},"modified":"2026-01-13T10:03:57","modified_gmt":"2026-01-13T10:03:57","slug":"npk-15-15-15-mutragya-5kg","status":"publish","type":"product","link":"https:\/\/tajkertesz.com\/en_US\/product\/npk-15-15-15-mutragya-5kg\/","title":{"rendered":"NPK 15-15-15 m\u0171tr\u00e1gya 5kg"},"content":{"rendered":"<h3>NPK 15-15-15 m\u0171tr\u00e1gya 5kg<\/h3>\n<p>NPK 15-15-15 m\u0171tr\u00e1gya 5kg<\/p>\n<section id=\"tabDescription\" class=\"lmdProductDescriptionWapper clearfix lmdSelected lmdBorderBox\">\n<section class=\"lmdDescription\">\n<div>\n<div>\n<div>\n<div>\n<div>\n<div>\n<div>\n<div>\n<div>\n<div>\n<div>\n<ul>\n<li>Valamennyi sz\u00e1nt\u00f3f\u00f6ldi \u00e9s kert\u00e9szeti kult\u00far\u00e1ra, els\u0151sorban \u0151szi alaptr\u00e1gyak\u00e9nt aj\u00e1nljuk.<\/li>\n<li>A hat\u00f3anyagok j\u00f3l v\u00edzoldhat\u00f3k, ez\u00e9rt megfelel\u0151 csapad\u00e9kviszonyok eset\u00e9n tavasszal is kiv\u00e1l\u00f3an hasznosulnak.<\/li>\n<li>Az NPK, NP m\u0171tr\u00e1gy\u00e1k komplex nitrog\u00e9n, foszfor \u00e9s k\u00e1lium hat\u00f3anyag-tartalm\u00fa term\u00e9sn\u00f6vel\u0151 szerek, amelyek nitr\u00e1t- szulf\u00e1t- \u00e9s foszf\u00e1t-vegy\u00fcletek form\u00e1j\u00e1ban tartalmazz\u00e1k a n\u00f6v\u00e9nyek sz\u00e1m\u00e1ra sz\u00fcks\u00e9ges t\u00e1panyagokat.<\/li>\n<\/ul>\n<p>Kiskertek \u00e1pol\u00e1s\u00e1ra; z\u00f6lds\u00e9gek, vir\u00e1gok \u00e9s d\u00edszn\u00f6v\u00e9nyek t\u00e1pl\u00e1l\u00e1s\u00e1ra. A kerti komplex m\u0171tr\u00e1gya kiegyens\u00falyozott \u00f6sszet\u00e9tel\u00e9nek \u00e9s mikroelem tartalm\u00e1nak k\u00f6sz\u00f6nhet\u0151en kiv\u00e1l\u00f3, harmonikus t\u00e1panyagell\u00e1t\u00e1st biztos\u00edt a n\u00f6v\u00e9nyeknek a veget\u00e1ci\u00f3 eg\u00e9sz tartam\u00e1ra. A megfelel\u0151 mikro- \u00e9s makro elemek serkentik a n\u00f6v\u00e9nyek n\u00f6veked\u00e9s\u00e9t, fejl\u0151d\u00e9s\u00e9t. F\u0151 hat\u00f3anyagai a Nitrog\u00e9n, K\u00e1lium, Foszfor, emellett tartalmaz vasat, k\u00e1lciumot \u00e9s magn\u00e9ziumot, melyek t\u00e1pl\u00e1lj\u00e1k a n\u00f6v\u00e9nyeket, \u00e9s ellen\u00e1ll\u00f3bb\u00e1 teszik a k\u00f6rnyezeti hat\u00e1sokkal szemben.<\/p>\n<p>El\u00e9rhet\u0151 t\u00f6bbf\u00e9le m\u00e9retben \u00e9s \u00e1rban.<\/p>\n<p><strong>K\u00e9szlet\u00fcnk napi szinten v\u00e1ltozik, ez\u00e9rt k\u00e9rj\u00fck, \u00e9rdekl\u0151dj\u00f6n szem\u00e9lyesen, telefonon vagy email-en.<br \/>\nA v\u00e1ltoztat\u00e1s jog\u00e1t fenntartjuk!\u00a0<\/strong><\/p>\n<p>&nbsp;<\/p>\n<p><a href=\"https:\/\/tajkertesz.com\/\">https:\/\/tajkertesz.com\/<\/a><\/p>\n<p><a href=\"https:\/\/www.facebook.com\/tajkertesz\/\">https:\/\/www.facebook.com\/tajkertesz\/<\/a><\/p>\n<p>Kisz\u00e1ll\u00edt\u00e1s: 200cm-ig \u00a0\u00e9s 40 kg-ig a sz\u00e1ll\u00edt\u00e1s fut\u00e1rszolg\u00e1lattal \u00a0t\u00f6rt\u00e9nik.<\/p>\n<p>Szem\u00e9lyes \u00e1tv\u00e9tel nyitvatart\u00e1si id\u0151ben a 17. ker\u00fclet Bakancsos utca 7. sz\u00e1m alatti Kert\u00e9szeti \u00e1rud\u00e1ban.<\/p>\n<\/div>\n<\/div>\n<\/div>\n<\/div>\n<\/div>\n<\/div>\n<\/div>\n<\/div>\n<\/div>\n<\/div>\n<\/div>\n<div id=\"a-area-6365-webshop_product_area_description\" class=\"a-area a-normal a-area-webshop_product_area_description clearfix\">\n<div id=\"a-slots-6365-webshop_product_area_description\" class=\"a-slots clearfix\"><\/div>\n<\/div>\n<\/section>\n<\/section>\n<p>Kiskertek \u00e1pol\u00e1s\u00e1ra; z\u00f6lds\u00e9gek, vir\u00e1gok \u00e9s d\u00edszn\u00f6v\u00e9nyek t\u00e1pl\u00e1l\u00e1s\u00e1ra. A kerti komplex m\u0171tr\u00e1gya kiegyens\u00falyozott \u00f6sszet\u00e9tel\u00e9nek \u00e9s mikroelem tartalm\u00e1nak k\u00f6sz\u00f6nhet\u0151en kiv\u00e1l\u00f3, harmonikus t\u00e1panyagell\u00e1t\u00e1st biztos\u00edt a n\u00f6v\u00e9nyeknek a veget\u00e1ci\u00f3 eg\u00e9sz tartam\u00e1ra. A megfelel\u0151 mikro- \u00e9s makro elemek serkentik a n\u00f6v\u00e9nyek n\u00f6veked\u00e9s\u00e9t, fejl\u0151d\u00e9s\u00e9t. F\u0151 hat\u00f3anyagai a Nitrog\u00e9n, K\u00e1lium, Foszfor, emellett tartalmaz vasat, k\u00e1lciumot \u00e9s magn\u00e9ziumot, melyek t\u00e1pl\u00e1lj\u00e1k a n\u00f6v\u00e9nyeket, \u00e9s ellen\u00e1ll\u00f3bb\u00e1 teszik a k\u00f6rnyezeti hat\u00e1sokkal szemben.<\/p>","protected":false},"excerpt":{"rendered":"<p>NPK 15-15-15 m\u0171tr\u00e1gya<\/p>\n<p>Valamennyi sz\u00e1nt\u00f3f\u00f6ldi \u00e9s kert\u00e9szeti kult\u00far\u00e1ra, els\u0151sorban \u0151szi alaptr\u00e1gyak\u00e9nt aj\u00e1nljuk. A hat\u00f3anyagok j\u00f3l v\u00edzoldhat\u00f3k, ez\u00e9rt megfelel\u0151 csapad\u00e9kviszonyok eset\u00e9n tavasszal is kiv\u00e1l\u00f3an hasznosulnak. Javasolt mennyis\u00e9g: 300-350 kg\/ha (30-35 dkg\/ 10 m2).<\/p>","protected":false},"featured_media":14517,"template":"","meta":{"_et_pb_use_builder":"","_et_pb_old_content":"","_et_gb_content_width":""},"product_brand":[],"product_cat":[1457],"product_tag":[705,4105,4104],"class_list":{"0":"post-14516","1":"product","2":"type-product","3":"status-publish","4":"has-post-thumbnail","6":"product_cat-npk-mutragyak-petiso","7":"product_tag-mutragya","8":"product_tag-npk","9":"product_tag-tapanyag","11":"first","12":"instock","13":"shipping-taxable","14":"purchasable","15":"product-type-simple"},"yoast_head":"<!-- This site is optimized with the Yoast SEO plugin v27.4 - https:\/\/yoast.com\/product\/yoast-seo-wordpress\/ -->\n<title>NPK 15-15-15 m\u0171tr\u00e1gya 5kg - T\u00e1jkert\u00e9sz<\/title>\n<meta name=\"description\" content=\"NPK 15-15-15 m\u0171tr\u00e1gya 5kg valamennyi sz\u00e1nt\u00f3f\u00f6ldi \u00e9s kert\u00e9szeti kult\u00far\u00e1ra, els\u0151sorban \u0151szi alaptr\u00e1gyak\u00e9nt aj\u00e1nljuk. V\u00e1s\u00e1roljon kert\u00e9szeti term\u00e9keket web\u00e1...\" \/>\n<meta name=\"robots\" content=\"index, follow, max-snippet:-1, max-image-preview:large, max-video-preview:-1\" \/>\n<link rel=\"canonical\" href=\"https:\/\/tajkertesz.com\/en_US\/product\/npk-15-15-15-mutragya-5kg\/\" \/>\n<meta property=\"og:locale\" content=\"en_US\" \/>\n<meta property=\"og:type\" content=\"article\" \/>\n<meta property=\"og:title\" content=\"NPK 15-15-15 m\u0171tr\u00e1gya 5kg - T\u00e1jkert\u00e9sz\" \/>\n<meta property=\"og:description\" content=\"NPK 15-15-15 m\u0171tr\u00e1gya 5kg valamennyi sz\u00e1nt\u00f3f\u00f6ldi \u00e9s kert\u00e9szeti kult\u00far\u00e1ra, els\u0151sorban \u0151szi alaptr\u00e1gyak\u00e9nt aj\u00e1nljuk. V\u00e1s\u00e1roljon kert\u00e9szeti term\u00e9keket web\u00e1...\" \/>\n<meta property=\"og:url\" content=\"https:\/\/tajkertesz.com\/en_US\/product\/npk-15-15-15-mutragya-5kg\/\" \/>\n<meta property=\"og:site_name\" content=\"T\u00e1jkert\u00e9sz\" \/>\n<meta property=\"article:publisher\" content=\"https:\/\/www.facebook.com\/Tajkertesz\/\" \/>\n<meta property=\"article:modified_time\" content=\"2026-01-13T10:03:57+00:00\" \/>\n<meta property=\"og:image\" content=\"https:\/\/tajkertesz.com\/wp-content\/uploads\/2022\/12\/npk32001.jpg\" \/>\n\t<meta property=\"og:image:width\" content=\"600\" \/>\n\t<meta property=\"og:image:height\" content=\"800\" \/>\n\t<meta property=\"og:image:type\" content=\"image\/jpeg\" \/>\n<meta name=\"twitter:card\" content=\"summary_large_image\" \/>\n<meta name=\"twitter:label1\" content=\"Est. reading time\" \/>\n\t<meta name=\"twitter:data1\" content=\"2 minutes\" \/>\n<script type=\"application\/ld+json\" class=\"yoast-schema-graph\">{\"@context\":\"https:\\\/\\\/schema.org\",\"@graph\":[{\"@type\":\"WebPage\",\"@id\":\"https:\\\/\\\/tajkertesz.com\\\/termek\\\/npk-15-15-15-mutragya-5kg\\\/\",\"url\":\"https:\\\/\\\/tajkertesz.com\\\/termek\\\/npk-15-15-15-mutragya-5kg\\\/\",\"name\":\"NPK 15-15-15 m\u0171tr\u00e1gya 5kg - T\u00e1jkert\u00e9sz\",\"isPartOf\":{\"@id\":\"https:\\\/\\\/tajkertesz.com\\\/#website\"},\"primaryImageOfPage\":{\"@id\":\"https:\\\/\\\/tajkertesz.com\\\/termek\\\/npk-15-15-15-mutragya-5kg\\\/#primaryimage\"},\"image\":{\"@id\":\"https:\\\/\\\/tajkertesz.com\\\/termek\\\/npk-15-15-15-mutragya-5kg\\\/#primaryimage\"},\"thumbnailUrl\":\"https:\\\/\\\/tajkertesz.com\\\/wp-content\\\/uploads\\\/2022\\\/12\\\/npk32001.jpg\",\"datePublished\":\"2022-12-19T09:32:40+00:00\",\"dateModified\":\"2026-01-13T10:03:57+00:00\",\"description\":\"NPK 15-15-15 m\u0171tr\u00e1gya 5kg valamennyi sz\u00e1nt\u00f3f\u00f6ldi \u00e9s kert\u00e9szeti kult\u00far\u00e1ra, els\u0151sorban \u0151szi alaptr\u00e1gyak\u00e9nt aj\u00e1nljuk. V\u00e1s\u00e1roljon kert\u00e9szeti term\u00e9keket web\u00e1...\",\"breadcrumb\":{\"@id\":\"https:\\\/\\\/tajkertesz.com\\\/termek\\\/npk-15-15-15-mutragya-5kg\\\/#breadcrumb\"},\"inLanguage\":\"en-US\",\"potentialAction\":[{\"@type\":\"ReadAction\",\"target\":[\"https:\\\/\\\/tajkertesz.com\\\/termek\\\/npk-15-15-15-mutragya-5kg\\\/\"]}]},{\"@type\":\"ImageObject\",\"inLanguage\":\"en-US\",\"@id\":\"https:\\\/\\\/tajkertesz.com\\\/termek\\\/npk-15-15-15-mutragya-5kg\\\/#primaryimage\",\"url\":\"https:\\\/\\\/tajkertesz.com\\\/wp-content\\\/uploads\\\/2022\\\/12\\\/npk32001.jpg\",\"contentUrl\":\"https:\\\/\\\/tajkertesz.com\\\/wp-content\\\/uploads\\\/2022\\\/12\\\/npk32001.jpg\",\"width\":600,\"height\":800},{\"@type\":\"BreadcrumbList\",\"@id\":\"https:\\\/\\\/tajkertesz.com\\\/termek\\\/npk-15-15-15-mutragya-5kg\\\/#breadcrumb\",\"itemListElement\":[{\"@type\":\"ListItem\",\"position\":1,\"name\":\"Home\",\"item\":\"https:\\\/\\\/tajkertesz.com\\\/\"},{\"@type\":\"ListItem\",\"position\":2,\"name\":\"Kezd\u0151lap\",\"item\":\"https:\\\/\\\/tajkertesz.com\\\/\"},{\"@type\":\"ListItem\",\"position\":3,\"name\":\"NPK 15-15-15 m\u0171tr\u00e1gya 5kg\"}]},{\"@type\":\"WebSite\",\"@id\":\"https:\\\/\\\/tajkertesz.com\\\/#website\",\"url\":\"https:\\\/\\\/tajkertesz.com\\\/\",\"name\":\"T\u00e1j-Kert\u00e9sz 84 Kft.\",\"description\":\"Kert\u00e9szeti kis- \u00e9s nagykeresked\u00e9s, D\u00edszn\u00f6v\u00e9ny web\u00e1ruh\u00e1z orsz\u00e1gos h\u00e1zhozsz\u00e1ll\u00edt\u00e1ssal!\",\"publisher\":{\"@id\":\"https:\\\/\\\/tajkertesz.com\\\/#organization\"},\"potentialAction\":[{\"@type\":\"SearchAction\",\"target\":{\"@type\":\"EntryPoint\",\"urlTemplate\":\"https:\\\/\\\/tajkertesz.com\\\/?s={search_term_string}\"},\"query-input\":{\"@type\":\"PropertyValueSpecification\",\"valueRequired\":true,\"valueName\":\"search_term_string\"}}],\"inLanguage\":\"en-US\"},{\"@type\":\"Organization\",\"@id\":\"https:\\\/\\\/tajkertesz.com\\\/#organization\",\"name\":\"T\u00e1j-Kert\u00e9sz 84 Kft.\",\"url\":\"https:\\\/\\\/tajkertesz.com\\\/\",\"logo\":{\"@type\":\"ImageObject\",\"inLanguage\":\"en-US\",\"@id\":\"https:\\\/\\\/tajkertesz.com\\\/#\\\/schema\\\/logo\\\/image\\\/\",\"url\":\"https:\\\/\\\/tajkertesz.com\\\/wp-content\\\/uploads\\\/2018\\\/02\\\/logo-2-e1518678052539.png\",\"contentUrl\":\"https:\\\/\\\/tajkertesz.com\\\/wp-content\\\/uploads\\\/2018\\\/02\\\/logo-2-e1518678052539.png\",\"width\":81,\"height\":140,\"caption\":\"T\u00e1j-Kert\u00e9sz 84 Kft.\"},\"image\":{\"@id\":\"https:\\\/\\\/tajkertesz.com\\\/#\\\/schema\\\/logo\\\/image\\\/\"},\"sameAs\":[\"https:\\\/\\\/www.facebook.com\\\/Tajkertesz\\\/\"]}]}<\/script>\n<!-- \/ Yoast SEO plugin. -->","yoast_head_json":{"title":"NPK 15-15-15 m\u0171tr\u00e1gya 5kg - T\u00e1jkert\u00e9sz","description":"NPK 15-15-15 m\u0171tr\u00e1gya 5kg valamennyi sz\u00e1nt\u00f3f\u00f6ldi \u00e9s kert\u00e9szeti kult\u00far\u00e1ra, els\u0151sorban \u0151szi alaptr\u00e1gyak\u00e9nt aj\u00e1nljuk. V\u00e1s\u00e1roljon kert\u00e9szeti term\u00e9keket web\u00e1...","robots":{"index":"index","follow":"follow","max-snippet":"max-snippet:-1","max-image-preview":"max-image-preview:large","max-video-preview":"max-video-preview:-1"},"canonical":"https:\/\/tajkertesz.com\/en_US\/product\/npk-15-15-15-mutragya-5kg\/","og_locale":"en_US","og_type":"article","og_title":"NPK 15-15-15 m\u0171tr\u00e1gya 5kg - T\u00e1jkert\u00e9sz","og_description":"NPK 15-15-15 m\u0171tr\u00e1gya 5kg valamennyi sz\u00e1nt\u00f3f\u00f6ldi \u00e9s kert\u00e9szeti kult\u00far\u00e1ra, els\u0151sorban \u0151szi alaptr\u00e1gyak\u00e9nt aj\u00e1nljuk. V\u00e1s\u00e1roljon kert\u00e9szeti term\u00e9keket web\u00e1...","og_url":"https:\/\/tajkertesz.com\/en_US\/product\/npk-15-15-15-mutragya-5kg\/","og_site_name":"T\u00e1jkert\u00e9sz","article_publisher":"https:\/\/www.facebook.com\/Tajkertesz\/","article_modified_time":"2026-01-13T10:03:57+00:00","og_image":[{"width":600,"height":800,"url":"https:\/\/tajkertesz.com\/wp-content\/uploads\/2022\/12\/npk32001.jpg","type":"image\/jpeg"}],"twitter_card":"summary_large_image","twitter_misc":{"Est. reading time":"2 minutes"},"schema":{"@context":"https:\/\/schema.org","@graph":[{"@type":"WebPage","@id":"https:\/\/tajkertesz.com\/termek\/npk-15-15-15-mutragya-5kg\/","url":"https:\/\/tajkertesz.com\/termek\/npk-15-15-15-mutragya-5kg\/","name":"NPK 15-15-15 m\u0171tr\u00e1gya 5kg - T\u00e1jkert\u00e9sz","isPartOf":{"@id":"https:\/\/tajkertesz.com\/#website"},"primaryImageOfPage":{"@id":"https:\/\/tajkertesz.com\/termek\/npk-15-15-15-mutragya-5kg\/#primaryimage"},"image":{"@id":"https:\/\/tajkertesz.com\/termek\/npk-15-15-15-mutragya-5kg\/#primaryimage"},"thumbnailUrl":"https:\/\/tajkertesz.com\/wp-content\/uploads\/2022\/12\/npk32001.jpg","datePublished":"2022-12-19T09:32:40+00:00","dateModified":"2026-01-13T10:03:57+00:00","description":"NPK 15-15-15 m\u0171tr\u00e1gya 5kg valamennyi sz\u00e1nt\u00f3f\u00f6ldi \u00e9s kert\u00e9szeti kult\u00far\u00e1ra, els\u0151sorban \u0151szi alaptr\u00e1gyak\u00e9nt aj\u00e1nljuk. V\u00e1s\u00e1roljon kert\u00e9szeti term\u00e9keket web\u00e1...","breadcrumb":{"@id":"https:\/\/tajkertesz.com\/termek\/npk-15-15-15-mutragya-5kg\/#breadcrumb"},"inLanguage":"en-US","potentialAction":[{"@type":"ReadAction","target":["https:\/\/tajkertesz.com\/termek\/npk-15-15-15-mutragya-5kg\/"]}]},{"@type":"ImageObject","inLanguage":"en-US","@id":"https:\/\/tajkertesz.com\/termek\/npk-15-15-15-mutragya-5kg\/#primaryimage","url":"https:\/\/tajkertesz.com\/wp-content\/uploads\/2022\/12\/npk32001.jpg","contentUrl":"https:\/\/tajkertesz.com\/wp-content\/uploads\/2022\/12\/npk32001.jpg","width":600,"height":800},{"@type":"BreadcrumbList","@id":"https:\/\/tajkertesz.com\/termek\/npk-15-15-15-mutragya-5kg\/#breadcrumb","itemListElement":[{"@type":"ListItem","position":1,"name":"Home","item":"https:\/\/tajkertesz.com\/"},{"@type":"ListItem","position":2,"name":"Kezd\u0151lap","item":"https:\/\/tajkertesz.com\/"},{"@type":"ListItem","position":3,"name":"NPK 15-15-15 m\u0171tr\u00e1gya 5kg"}]},{"@type":"WebSite","@id":"https:\/\/tajkertesz.com\/#website","url":"https:\/\/tajkertesz.com\/","name":"T\u00e1j-Kert\u00e9sz 84 Kft.","description":"Kert\u00e9szeti kis- \u00e9s nagykeresked\u00e9s, D\u00edszn\u00f6v\u00e9ny web\u00e1ruh\u00e1z orsz\u00e1gos h\u00e1zhozsz\u00e1ll\u00edt\u00e1ssal!","publisher":{"@id":"https:\/\/tajkertesz.com\/#organization"},"potentialAction":[{"@type":"SearchAction","target":{"@type":"EntryPoint","urlTemplate":"https:\/\/tajkertesz.com\/?s={search_term_string}"},"query-input":{"@type":"PropertyValueSpecification","valueRequired":true,"valueName":"search_term_string"}}],"inLanguage":"en-US"},{"@type":"Organization","@id":"https:\/\/tajkertesz.com\/#organization","name":"T\u00e1j-Kert\u00e9sz 84 Kft.","url":"https:\/\/tajkertesz.com\/","logo":{"@type":"ImageObject","inLanguage":"en-US","@id":"https:\/\/tajkertesz.com\/#\/schema\/logo\/image\/","url":"https:\/\/tajkertesz.com\/wp-content\/uploads\/2018\/02\/logo-2-e1518678052539.png","contentUrl":"https:\/\/tajkertesz.com\/wp-content\/uploads\/2018\/02\/logo-2-e1518678052539.png","width":81,"height":140,"caption":"T\u00e1j-Kert\u00e9sz 84 Kft."},"image":{"@id":"https:\/\/tajkertesz.com\/#\/schema\/logo\/image\/"},"sameAs":["https:\/\/www.facebook.com\/Tajkertesz\/"]}]}},"_links":{"self":[{"href":"https:\/\/tajkertesz.com\/en_US\/wp-json\/wp\/v2\/product\/14516","targetHints":{"allow":["GET"]}}],"collection":[{"href":"https:\/\/tajkertesz.com\/en_US\/wp-json\/wp\/v2\/product"}],"about":[{"href":"https:\/\/tajkertesz.com\/en_US\/wp-json\/wp\/v2\/types\/product"}],"wp:featuredmedia":[{"embeddable":true,"href":"https:\/\/tajkertesz.com\/en_US\/wp-json\/wp\/v2\/media\/14517"}],"wp:attachment":[{"href":"https:\/\/tajkertesz.com\/en_US\/wp-json\/wp\/v2\/media?parent=14516"}],"wp:term":[{"taxonomy":"product_brand","embeddable":true,"href":"https:\/\/tajkertesz.com\/en_US\/wp-json\/wp\/v2\/product_brand?post=14516"},{"taxonomy":"product_cat","embeddable":true,"href":"https:\/\/tajkertesz.com\/en_US\/wp-json\/wp\/v2\/product_cat?post=14516"},{"taxonomy":"product_tag","embeddable":true,"href":"https:\/\/tajkertesz.com\/en_US\/wp-json\/wp\/v2\/product_tag?post=14516"}],"curies":[{"name":"wp","href":"https:\/\/api.w.org\/{rel}","templated":true}]}}