{"id":14526,"date":"2022-12-20T12:34:46","date_gmt":"2022-12-20T12:34:46","guid":{"rendered":"https:\/\/tajkertesz.com\/?post_type=product&#038;p=14526"},"modified":"2025-05-29T10:25:11","modified_gmt":"2025-05-29T10:25:11","slug":"toperem-es-agyasszegely-pvc","status":"publish","type":"product","link":"https:\/\/tajkertesz.com\/en_US\/product\/toperem-es-agyasszegely-pvc\/","title":{"rendered":"T\u00f3perem \u00e9s \u00e1gy\u00e1sszeg\u00e9ly PVC."},"content":{"rendered":"<h2>T\u00f3perem \u00e1gy\u00e1sszeg\u00e9ly PVC.<\/h2>\n<h2>M\u0171anyag t\u00f3szeg\u00e9ly<\/h2>\n<p>Kerti tavak, t\u00f3perem kialak\u00edt\u00e1s\u00e1ra haszn\u00e1lhat\u00f3 er\u0151s m\u0171anyag t\u00f3szeg\u00e9ly. Ide\u00e1lis tov\u00e1bb\u00e1 j\u00e1rdaszeg\u00e9lyek, r\u00e9zs\u0171k, \u00e1gy\u00e1sok elv\u00e1laszt\u00e1s\u00e1ra is, f\u00fcves r\u00e9szekt\u0151l t\u00f6rt\u00e9n\u0151 szakszer\u0171 \u00e9s eszt\u00e9tikus elv\u00e1laszt\u00e1s\u00e1ra, a kert alaki megform\u00e1l\u00e1s\u00e1ra. 25 m\u00e9ter hossz\u00fa tekercsben kaphat\u00f3, a tekercs nem bonthat\u00f3, magass\u00e1ga 15 centim\u00e9ter.<\/p>\n<ul>\n<li>Hossz\u00fas\u00e1g: 25 m\u00e9ter<\/li>\n<li>Magass\u00e1g: 15 cm<\/li>\n<li>Anyagvastags\u00e1ga 7mm.<\/li>\n<li><strong>Az \u00e1r teljes tekercsre \u00e9rtend\u0151<\/strong><\/li>\n<\/ul>\n<h2>El\u0151ny\u00f6k:<\/h2>\n<ul>\n<li style=\"list-style-type: none;\">\n<ul>\n<li>eszt\u00e9tikus, majdnem l\u00e1thatatlan vonal a f\u00fcves \u00e9s az egy\u00e9b n\u00f6v\u00e9nyi ter\u00fcletek k\u00f6z\u00f6tt<\/li>\n<li>k\u00f6nnyen \u00e9s gyorsan telep\u00edthet\u0151<\/li>\n<li>haszn\u00e1lat\u00e1val \u00edvek is kialak\u00edthat\u00f3k<\/li>\n<li>k\u00f6rnyezetbar\u00e1t, \u00fajrahasznos\u00edtott m\u0171anyagb\u00f3l k\u00e9sz\u00fcl<\/li>\n<li>k\u00f6lts\u00e9ghat\u00e9konyabb megold\u00e1s a f\u00e9m term\u00e9kekkel szemben<\/li>\n<\/ul>\n<\/li>\n<\/ul>\n<p><strong>K\u00e9szlet\u00fcnk napi szinten v\u00e1ltozik, ez\u00e9rt k\u00e9rj\u00fck, \u00e9rdekl\u0151dj\u00f6n szem\u00e9lyesen, telefonon vagy email-en.<br \/>\nA v\u00e1ltoztat\u00e1s jog\u00e1t fenntartjuk!\u00a0<\/strong><\/p>\n<p><a href=\"https:\/\/tajkertesz.com\/\">https:\/\/tajkertesz.com\/<\/a><\/p>\n<p><a href=\"https:\/\/www.facebook.com\/tajkertesz\/\">https:\/\/www.facebook.com\/tajkertesz\/<\/a><\/p>\n<p>Kisz\u00e1ll\u00edt\u00e1s: 200cm-ig \u00a0\u00e9s 40 kg-ig a sz\u00e1ll\u00edt\u00e1s fut\u00e1rszolg\u00e1lattal \u00a0t\u00f6rt\u00e9nik 40kg felett egyedi sz\u00e1ll\u00edt\u00e1s megoldhat\u00f3!<\/p>\n<p>Szem\u00e9lyes \u00e1tv\u00e9tel nyitvatart\u00e1si id\u0151ben a 17. ker\u00fclet Bakancsos utca 7. sz\u00e1m alatti Kert\u00e9szeti \u00e1rud\u00e1ban<\/p>\n<p>&nbsp;<\/p>\n<p>&nbsp;<\/p>","protected":false},"excerpt":{"rendered":"<h2>M\u0171anyag t\u00f3szeg\u00e9ly<\/h2>\n<p>Kerti tavak, t\u00f3perem kialak\u00edt\u00e1s\u00e1ra haszn\u00e1lhat\u00f3 er\u0151s m\u0171anyag t\u00f3szeg\u00e9ly. Ide\u00e1lis tov\u00e1bb\u00e1 j\u00e1rdaszeg\u00e9lyek, r\u00e9zs\u0171k, \u00e1gy\u00e1sok elv\u00e1laszt\u00e1s\u00e1ra is, f\u00fcves r\u00e9szekt\u0151l t\u00f6rt\u00e9n\u0151 szakszer\u0171 \u00e9s eszt\u00e9tikus elv\u00e1laszt\u00e1s\u00e1ra, a kert alaki megform\u00e1l\u00e1s\u00e1ra. 25 m\u00e9ter hossz\u00fa tekercsben kaphat\u00f3, a tekercs nem bonthat\u00f3, magass\u00e1ga 15 centim\u00e9ter.<\/p>\n<p>A szeg\u00e9ly alapanyaga r\u00e9v\u00e9n , fagy\u00e1ll\u00f3, \u00e9s ellen\u00e1ll a talajsavaknak is. A szeg\u00e9lyeken keresztir\u00e1ny\u00fa g\u00e9pj\u00e1rm\u0171 forgalom nem megengedett.<\/p>\n<p>&nbsp;<\/p>","protected":false},"featured_media":14527,"template":"","meta":{"_et_pb_use_builder":"","_et_pb_old_content":"","_et_gb_content_width":""},"product_brand":[],"product_cat":[1098,4274],"product_tag":[1100,1106,4107],"class_list":{"0":"post-14526","1":"product","2":"type-product","3":"status-publish","4":"has-post-thumbnail","6":"product_cat-agyasszegelyek-gyepracsok","7":"product_cat-akcios-termekek","8":"product_tag-agyasszegely","9":"product_tag-muanyag-agyasszegely","10":"product_tag-toperem","12":"first","13":"instock","14":"shipping-taxable","15":"purchasable","16":"product-type-simple"},"yoast_head":"<!-- This site is optimized with the Yoast SEO plugin v27.5 - https:\/\/yoast.com\/product\/yoast-seo-wordpress\/ -->\n<title>T\u00f3perem \u00e9s \u00e1gy\u00e1sszeg\u00e9ly PVC. - T\u00e1jkert\u00e9sz<\/title>\n<meta name=\"description\" content=\"Kerti tavak, t\u00f3perem kialak\u00edt\u00e1s\u00e1ra haszn\u00e1lhat\u00f3 er\u0151s m\u0171anyag t\u00f3szeg\u00e9ly. Ide\u00e1lis tov\u00e1bb\u00e1 f\u00fcves r\u00e9szekt\u0151l t\u00f6rt\u00e9n\u0151 szakszer\u0171 \u00e9s eszt\u00e9tikus elv\u00e1laszt\u00e1s\u00e1ra.\" \/>\n<meta name=\"robots\" content=\"index, follow, max-snippet:-1, max-image-preview:large, max-video-preview:-1\" \/>\n<link rel=\"canonical\" href=\"https:\/\/tajkertesz.com\/en_US\/product\/toperem-es-agyasszegely-pvc\/\" \/>\n<meta property=\"og:locale\" content=\"en_US\" \/>\n<meta property=\"og:type\" content=\"article\" \/>\n<meta property=\"og:title\" content=\"T\u00f3perem \u00e9s \u00e1gy\u00e1sszeg\u00e9ly PVC. - T\u00e1jkert\u00e9sz\" \/>\n<meta property=\"og:description\" content=\"Kerti tavak, t\u00f3perem kialak\u00edt\u00e1s\u00e1ra haszn\u00e1lhat\u00f3 er\u0151s m\u0171anyag t\u00f3szeg\u00e9ly. Ide\u00e1lis tov\u00e1bb\u00e1 f\u00fcves r\u00e9szekt\u0151l t\u00f6rt\u00e9n\u0151 szakszer\u0171 \u00e9s eszt\u00e9tikus elv\u00e1laszt\u00e1s\u00e1ra.\" \/>\n<meta property=\"og:url\" content=\"https:\/\/tajkertesz.com\/en_US\/product\/toperem-es-agyasszegely-pvc\/\" \/>\n<meta property=\"og:site_name\" content=\"T\u00e1jkert\u00e9sz\" \/>\n<meta property=\"article:publisher\" content=\"https:\/\/www.facebook.com\/Tajkertesz\/\" \/>\n<meta property=\"article:modified_time\" content=\"2025-05-29T10:25:11+00:00\" \/>\n<meta property=\"og:image\" content=\"https:\/\/tajkertesz.com\/wp-content\/uploads\/2022\/12\/20221220_123543-scaled.jpg\" \/>\n\t<meta property=\"og:image:width\" content=\"1920\" \/>\n\t<meta property=\"og:image:height\" content=\"1440\" \/>\n\t<meta property=\"og:image:type\" content=\"image\/jpeg\" \/>\n<meta name=\"twitter:card\" content=\"summary_large_image\" \/>\n<meta name=\"twitter:label1\" content=\"Est. reading time\" \/>\n\t<meta name=\"twitter:data1\" content=\"1 minute\" \/>\n<script type=\"application\/ld+json\" class=\"yoast-schema-graph\">{\"@context\":\"https:\\\/\\\/schema.org\",\"@graph\":[{\"@type\":\"WebPage\",\"@id\":\"https:\\\/\\\/tajkertesz.com\\\/termek\\\/toperem-es-agyasszegely-pvc\\\/\",\"url\":\"https:\\\/\\\/tajkertesz.com\\\/termek\\\/toperem-es-agyasszegely-pvc\\\/\",\"name\":\"T\u00f3perem \u00e9s \u00e1gy\u00e1sszeg\u00e9ly PVC. - T\u00e1jkert\u00e9sz\",\"isPartOf\":{\"@id\":\"https:\\\/\\\/tajkertesz.com\\\/#website\"},\"primaryImageOfPage\":{\"@id\":\"https:\\\/\\\/tajkertesz.com\\\/termek\\\/toperem-es-agyasszegely-pvc\\\/#primaryimage\"},\"image\":{\"@id\":\"https:\\\/\\\/tajkertesz.com\\\/termek\\\/toperem-es-agyasszegely-pvc\\\/#primaryimage\"},\"thumbnailUrl\":\"https:\\\/\\\/tajkertesz.com\\\/wp-content\\\/uploads\\\/2022\\\/12\\\/20221220_123543-scaled.jpg\",\"datePublished\":\"2022-12-20T12:34:46+00:00\",\"dateModified\":\"2025-05-29T10:25:11+00:00\",\"description\":\"Kerti tavak, t\u00f3perem kialak\u00edt\u00e1s\u00e1ra haszn\u00e1lhat\u00f3 er\u0151s m\u0171anyag t\u00f3szeg\u00e9ly. Ide\u00e1lis tov\u00e1bb\u00e1 f\u00fcves r\u00e9szekt\u0151l t\u00f6rt\u00e9n\u0151 szakszer\u0171 \u00e9s eszt\u00e9tikus elv\u00e1laszt\u00e1s\u00e1ra.\",\"breadcrumb\":{\"@id\":\"https:\\\/\\\/tajkertesz.com\\\/termek\\\/toperem-es-agyasszegely-pvc\\\/#breadcrumb\"},\"inLanguage\":\"en-US\",\"potentialAction\":[{\"@type\":\"ReadAction\",\"target\":[\"https:\\\/\\\/tajkertesz.com\\\/termek\\\/toperem-es-agyasszegely-pvc\\\/\"]}]},{\"@type\":\"ImageObject\",\"inLanguage\":\"en-US\",\"@id\":\"https:\\\/\\\/tajkertesz.com\\\/termek\\\/toperem-es-agyasszegely-pvc\\\/#primaryimage\",\"url\":\"https:\\\/\\\/tajkertesz.com\\\/wp-content\\\/uploads\\\/2022\\\/12\\\/20221220_123543-scaled.jpg\",\"contentUrl\":\"https:\\\/\\\/tajkertesz.com\\\/wp-content\\\/uploads\\\/2022\\\/12\\\/20221220_123543-scaled.jpg\",\"width\":1920,\"height\":1440},{\"@type\":\"BreadcrumbList\",\"@id\":\"https:\\\/\\\/tajkertesz.com\\\/termek\\\/toperem-es-agyasszegely-pvc\\\/#breadcrumb\",\"itemListElement\":[{\"@type\":\"ListItem\",\"position\":1,\"name\":\"Home\",\"item\":\"https:\\\/\\\/tajkertesz.com\\\/\"},{\"@type\":\"ListItem\",\"position\":2,\"name\":\"Kezd\u0151lap\",\"item\":\"https:\\\/\\\/tajkertesz.com\\\/\"},{\"@type\":\"ListItem\",\"position\":3,\"name\":\"T\u00f3perem \u00e9s \u00e1gy\u00e1sszeg\u00e9ly PVC.\"}]},{\"@type\":\"WebSite\",\"@id\":\"https:\\\/\\\/tajkertesz.com\\\/#website\",\"url\":\"https:\\\/\\\/tajkertesz.com\\\/\",\"name\":\"T\u00e1j-Kert\u00e9sz 84 Kft.\",\"description\":\"Kert\u00e9szeti kis- \u00e9s nagykeresked\u00e9s, D\u00edszn\u00f6v\u00e9ny web\u00e1ruh\u00e1z orsz\u00e1gos h\u00e1zhozsz\u00e1ll\u00edt\u00e1ssal!\",\"publisher\":{\"@id\":\"https:\\\/\\\/tajkertesz.com\\\/#organization\"},\"potentialAction\":[{\"@type\":\"SearchAction\",\"target\":{\"@type\":\"EntryPoint\",\"urlTemplate\":\"https:\\\/\\\/tajkertesz.com\\\/?s={search_term_string}\"},\"query-input\":{\"@type\":\"PropertyValueSpecification\",\"valueRequired\":true,\"valueName\":\"search_term_string\"}}],\"inLanguage\":\"en-US\"},{\"@type\":\"Organization\",\"@id\":\"https:\\\/\\\/tajkertesz.com\\\/#organization\",\"name\":\"T\u00e1j-Kert\u00e9sz 84 Kft.\",\"url\":\"https:\\\/\\\/tajkertesz.com\\\/\",\"logo\":{\"@type\":\"ImageObject\",\"inLanguage\":\"en-US\",\"@id\":\"https:\\\/\\\/tajkertesz.com\\\/#\\\/schema\\\/logo\\\/image\\\/\",\"url\":\"https:\\\/\\\/tajkertesz.com\\\/wp-content\\\/uploads\\\/2018\\\/02\\\/logo-2-e1518678052539.png\",\"contentUrl\":\"https:\\\/\\\/tajkertesz.com\\\/wp-content\\\/uploads\\\/2018\\\/02\\\/logo-2-e1518678052539.png\",\"width\":81,\"height\":140,\"caption\":\"T\u00e1j-Kert\u00e9sz 84 Kft.\"},\"image\":{\"@id\":\"https:\\\/\\\/tajkertesz.com\\\/#\\\/schema\\\/logo\\\/image\\\/\"},\"sameAs\":[\"https:\\\/\\\/www.facebook.com\\\/Tajkertesz\\\/\"]}]}<\/script>\n<!-- \/ Yoast SEO plugin. -->","yoast_head_json":{"title":"T\u00f3perem \u00e9s \u00e1gy\u00e1sszeg\u00e9ly PVC. - T\u00e1jkert\u00e9sz","description":"Kerti tavak, t\u00f3perem kialak\u00edt\u00e1s\u00e1ra haszn\u00e1lhat\u00f3 er\u0151s m\u0171anyag t\u00f3szeg\u00e9ly. Ide\u00e1lis tov\u00e1bb\u00e1 f\u00fcves r\u00e9szekt\u0151l t\u00f6rt\u00e9n\u0151 szakszer\u0171 \u00e9s eszt\u00e9tikus elv\u00e1laszt\u00e1s\u00e1ra.","robots":{"index":"index","follow":"follow","max-snippet":"max-snippet:-1","max-image-preview":"max-image-preview:large","max-video-preview":"max-video-preview:-1"},"canonical":"https:\/\/tajkertesz.com\/en_US\/product\/toperem-es-agyasszegely-pvc\/","og_locale":"en_US","og_type":"article","og_title":"T\u00f3perem \u00e9s \u00e1gy\u00e1sszeg\u00e9ly PVC. - T\u00e1jkert\u00e9sz","og_description":"Kerti tavak, t\u00f3perem kialak\u00edt\u00e1s\u00e1ra haszn\u00e1lhat\u00f3 er\u0151s m\u0171anyag t\u00f3szeg\u00e9ly. Ide\u00e1lis tov\u00e1bb\u00e1 f\u00fcves r\u00e9szekt\u0151l t\u00f6rt\u00e9n\u0151 szakszer\u0171 \u00e9s eszt\u00e9tikus elv\u00e1laszt\u00e1s\u00e1ra.","og_url":"https:\/\/tajkertesz.com\/en_US\/product\/toperem-es-agyasszegely-pvc\/","og_site_name":"T\u00e1jkert\u00e9sz","article_publisher":"https:\/\/www.facebook.com\/Tajkertesz\/","article_modified_time":"2025-05-29T10:25:11+00:00","og_image":[{"width":1920,"height":1440,"url":"https:\/\/tajkertesz.com\/wp-content\/uploads\/2022\/12\/20221220_123543-scaled.jpg","type":"image\/jpeg"}],"twitter_card":"summary_large_image","twitter_misc":{"Est. reading time":"1 minute"},"schema":{"@context":"https:\/\/schema.org","@graph":[{"@type":"WebPage","@id":"https:\/\/tajkertesz.com\/termek\/toperem-es-agyasszegely-pvc\/","url":"https:\/\/tajkertesz.com\/termek\/toperem-es-agyasszegely-pvc\/","name":"T\u00f3perem \u00e9s \u00e1gy\u00e1sszeg\u00e9ly PVC. - T\u00e1jkert\u00e9sz","isPartOf":{"@id":"https:\/\/tajkertesz.com\/#website"},"primaryImageOfPage":{"@id":"https:\/\/tajkertesz.com\/termek\/toperem-es-agyasszegely-pvc\/#primaryimage"},"image":{"@id":"https:\/\/tajkertesz.com\/termek\/toperem-es-agyasszegely-pvc\/#primaryimage"},"thumbnailUrl":"https:\/\/tajkertesz.com\/wp-content\/uploads\/2022\/12\/20221220_123543-scaled.jpg","datePublished":"2022-12-20T12:34:46+00:00","dateModified":"2025-05-29T10:25:11+00:00","description":"Kerti tavak, t\u00f3perem kialak\u00edt\u00e1s\u00e1ra haszn\u00e1lhat\u00f3 er\u0151s m\u0171anyag t\u00f3szeg\u00e9ly. Ide\u00e1lis tov\u00e1bb\u00e1 f\u00fcves r\u00e9szekt\u0151l t\u00f6rt\u00e9n\u0151 szakszer\u0171 \u00e9s eszt\u00e9tikus elv\u00e1laszt\u00e1s\u00e1ra.","breadcrumb":{"@id":"https:\/\/tajkertesz.com\/termek\/toperem-es-agyasszegely-pvc\/#breadcrumb"},"inLanguage":"en-US","potentialAction":[{"@type":"ReadAction","target":["https:\/\/tajkertesz.com\/termek\/toperem-es-agyasszegely-pvc\/"]}]},{"@type":"ImageObject","inLanguage":"en-US","@id":"https:\/\/tajkertesz.com\/termek\/toperem-es-agyasszegely-pvc\/#primaryimage","url":"https:\/\/tajkertesz.com\/wp-content\/uploads\/2022\/12\/20221220_123543-scaled.jpg","contentUrl":"https:\/\/tajkertesz.com\/wp-content\/uploads\/2022\/12\/20221220_123543-scaled.jpg","width":1920,"height":1440},{"@type":"BreadcrumbList","@id":"https:\/\/tajkertesz.com\/termek\/toperem-es-agyasszegely-pvc\/#breadcrumb","itemListElement":[{"@type":"ListItem","position":1,"name":"Home","item":"https:\/\/tajkertesz.com\/"},{"@type":"ListItem","position":2,"name":"Kezd\u0151lap","item":"https:\/\/tajkertesz.com\/"},{"@type":"ListItem","position":3,"name":"T\u00f3perem \u00e9s \u00e1gy\u00e1sszeg\u00e9ly PVC."}]},{"@type":"WebSite","@id":"https:\/\/tajkertesz.com\/#website","url":"https:\/\/tajkertesz.com\/","name":"T\u00e1j-Kert\u00e9sz 84 Kft.","description":"Kert\u00e9szeti kis- \u00e9s nagykeresked\u00e9s, D\u00edszn\u00f6v\u00e9ny web\u00e1ruh\u00e1z orsz\u00e1gos h\u00e1zhozsz\u00e1ll\u00edt\u00e1ssal!","publisher":{"@id":"https:\/\/tajkertesz.com\/#organization"},"potentialAction":[{"@type":"SearchAction","target":{"@type":"EntryPoint","urlTemplate":"https:\/\/tajkertesz.com\/?s={search_term_string}"},"query-input":{"@type":"PropertyValueSpecification","valueRequired":true,"valueName":"search_term_string"}}],"inLanguage":"en-US"},{"@type":"Organization","@id":"https:\/\/tajkertesz.com\/#organization","name":"T\u00e1j-Kert\u00e9sz 84 Kft.","url":"https:\/\/tajkertesz.com\/","logo":{"@type":"ImageObject","inLanguage":"en-US","@id":"https:\/\/tajkertesz.com\/#\/schema\/logo\/image\/","url":"https:\/\/tajkertesz.com\/wp-content\/uploads\/2018\/02\/logo-2-e1518678052539.png","contentUrl":"https:\/\/tajkertesz.com\/wp-content\/uploads\/2018\/02\/logo-2-e1518678052539.png","width":81,"height":140,"caption":"T\u00e1j-Kert\u00e9sz 84 Kft."},"image":{"@id":"https:\/\/tajkertesz.com\/#\/schema\/logo\/image\/"},"sameAs":["https:\/\/www.facebook.com\/Tajkertesz\/"]}]}},"_links":{"self":[{"href":"https:\/\/tajkertesz.com\/en_US\/wp-json\/wp\/v2\/product\/14526","targetHints":{"allow":["GET"]}}],"collection":[{"href":"https:\/\/tajkertesz.com\/en_US\/wp-json\/wp\/v2\/product"}],"about":[{"href":"https:\/\/tajkertesz.com\/en_US\/wp-json\/wp\/v2\/types\/product"}],"wp:featuredmedia":[{"embeddable":true,"href":"https:\/\/tajkertesz.com\/en_US\/wp-json\/wp\/v2\/media\/14527"}],"wp:attachment":[{"href":"https:\/\/tajkertesz.com\/en_US\/wp-json\/wp\/v2\/media?parent=14526"}],"wp:term":[{"taxonomy":"product_brand","embeddable":true,"href":"https:\/\/tajkertesz.com\/en_US\/wp-json\/wp\/v2\/product_brand?post=14526"},{"taxonomy":"product_cat","embeddable":true,"href":"https:\/\/tajkertesz.com\/en_US\/wp-json\/wp\/v2\/product_cat?post=14526"},{"taxonomy":"product_tag","embeddable":true,"href":"https:\/\/tajkertesz.com\/en_US\/wp-json\/wp\/v2\/product_tag?post=14526"}],"curies":[{"name":"wp","href":"https:\/\/api.w.org\/{rel}","templated":true}]}}