{"id":1453,"date":"2020-03-25T13:32:57","date_gmt":"2020-03-25T13:32:57","guid":{"rendered":"https:\/\/tajkertesz.com\/?post_type=product&#038;p=1453"},"modified":"2025-07-15T14:53:16","modified_gmt":"2025-07-15T14:53:16","slug":"prunus-cistena-torpe-verszilva","status":"publish","type":"product","link":"https:\/\/tajkertesz.com\/en_US\/product\/prunus-cistena-torpe-verszilva\/","title":{"rendered":"Prunus cistena , T\u00f6rpe v\u00e9rszilva"},"content":{"rendered":"<p>Prunus cistena , T\u00f6rpe v\u00e9rszilva<\/p>\n<p>A Prunus cistena , T\u00f6rpe v\u00e9rszilva 1,5 -2,5 m magas\u00a0 lombhullat\u00f3 cserje. Levelei 3-6 cm esek fiatalon vil\u00e1gos pirosak , k\u00e9s\u0151bb b\u00edborpirosak lesznek.Vir\u00e1gai halv\u00e1ny r\u00f3zsasz\u00ednek\u00a0 k\u00e9s\u0151bb feh\u00e9rek melyek \u00e1prilisban ny\u00edlnak.<\/p>\n<p>Term\u00e9se ehet\u0151 szilvaszer\u0171 feket\u00e9s bord\u00f3 sz\u00edn\u0171.<\/p>\n<p>Szoliternek , ny\u00edrott \u00e9s ny\u00edratlan s\u00f6v\u00e9nynek is alkalmas.<\/p>\n<p style=\"line-height: 18.0pt; background: white; margin: 0cm 0cm 15.0pt 0cm;\"><span style=\"font-family: 'Ubuntu',serif; color: black;\">El\u00e9rhet\u0151 t\u00f6bbf\u00e9le m\u00e9retben \u00e9s \u00e1rban.<\/span><\/p>\n<p style=\"line-height: 18.0pt; background: white; margin: 0cm 0cm 15.0pt 0cm;\"><b><span style=\"font-family: 'Ubuntu',serif; color: black;\">K\u00e9szlet\u00fcnk napi szinten v\u00e1ltozik, ez\u00e9rt k\u00e9rj\u00fck, \u00e9rdekl\u0151dj\u00f6n szem\u00e9lyesen, telefonon vagy email-en.<br \/>\nA v\u00e1ltoztat\u00e1s jog\u00e1t fenntartjuk!\u00a0<\/span><\/b><\/p>\n<p><a href=\"https:\/\/tajkertesz.com\/\">https:\/\/tajkertesz.com\/<\/a><\/p>\n<p><a href=\"https:\/\/en.wikipedia.org\/wiki\/Prunus_%C3%97_cistena\">https:\/\/en.wikipedia.org\/wiki\/Prunus_%C3%97_cistena<\/a><\/p>\n<p><span style=\"color: #ffffff;\"><i><b>Prunus \u00d7 cistena<\/b><\/i>, the\u00a0<b>purple leaf sand cherry<\/b>\u00a0or\u00a0<b>dwarf red-leaf plum<\/b>, is a hybrid species of\u00a0<a class=\"mw-redirect\" style=\"color: #ffffff;\" title=\"Prune-cherry\" href=\"https:\/\/en.wikipedia.org\/wiki\/Prune-cherry\">prune-cherry<\/a>, the result of a cross between\u00a0<i><a class=\"mw-redirect\" style=\"color: #ffffff;\" title=\"Prunus cerasifera\" href=\"https:\/\/en.wikipedia.org\/wiki\/Prunus_cerasifera\">Prunus cerasifera<\/a><\/i>\u00a0(cherry plum or myrobalan plum) and\u00a0<i><a style=\"color: #ffffff;\" title=\"Prunus pumila\" href=\"https:\/\/en.wikipedia.org\/wiki\/Prunus_pumila\">Prunus pumila<\/a><\/i>\u00a0(sand cherry).<sup id=\"cite_ref-1\" class=\"reference\"><a style=\"color: #ffffff;\" href=\"https:\/\/en.wikipedia.org\/wiki\/Prunus_%C3%97_cistena#cite_note-1\">[1]<\/a><\/sup>\u00a0A leggy bush or shrubby tree, it typically reaches a height of 1.5\u20132.5 meters and has a useful life of 10\u201320 years. The fruit are edible, if strong-tasting. Some people make jams or\u00a0<a class=\"mw-redirect\" style=\"color: #ffffff;\" title=\"Preserves\" href=\"https:\/\/en.wikipedia.org\/wiki\/Preserves\">preserves<\/a>\u00a0from them. It is not advisable to eat the pits.<\/span><\/p>\n<p><span style=\"color: #ffffff;\">Frost-tolerant, purple leaf sand cherries can be grown up to\u00a0<a class=\"mw-redirect\" style=\"color: #ffffff;\" title=\"USDA Hardiness Zone\" href=\"https:\/\/en.wikipedia.org\/wiki\/USDA_Hardiness_Zone\">USDA Hardiness Zone 2<\/a>. Commercial specimens are typically grafted to a rootstock from any of a number of other species, which will influence their growth form and final height. There are also a limited selection of cultivars available.<\/span><\/p>\n<p><span style=\"color: #ffffff;\"><i>Prunus \u00d7 cistena<\/i>\u00a0was developed by\u00a0<a style=\"color: #ffffff;\" title=\"Niels Ebbesen Hansen\" href=\"https:\/\/en.wikipedia.org\/wiki\/Niels_Ebbesen_Hansen\">Niels Ebbesen Hansen<\/a>\u00a0in 1910.<sup id=\"cite_ref-2\" class=\"reference\"><a style=\"color: #ffffff;\" href=\"https:\/\/en.wikipedia.org\/wiki\/Prunus_%C3%97_cistena#cite_note-2\">[2]<\/a><\/sup>\u00a0In 1993\u00a0<a style=\"color: #ffffff;\" title=\"List of Award of Garden Merit flowering cherries\" href=\"https:\/\/en.wikipedia.org\/wiki\/List_of_Award_of_Garden_Merit_flowering_cherries\">it won<\/a>\u00a0the\u00a0<a style=\"color: #ffffff;\" title=\"Royal Horticultural Society\" href=\"https:\/\/en.wikipedia.org\/wiki\/Royal_Horticultural_Society\">Royal Horticultural Society<\/a>&#8216;s\u00a0<a style=\"color: #ffffff;\" title=\"Award of Garden Merit\" href=\"https:\/\/en.wikipedia.org\/wiki\/Award_of_Garden_Merit\">Award of Garden Merit<\/a>.<sup id=\"cite_ref-3\" class=\"reference\"><a style=\"color: #ffffff;\" href=\"https:\/\/en.wikipedia.org\/wiki\/Prunus_%C3%97_cistena#cite_note-3\">[3]<\/a><\/sup><\/span><\/p>\n","protected":false},"excerpt":{"rendered":"<p>A Prunus cistena , T\u00f6rpe v\u00e9rszilva 1,5 -2,5 m magas\u00a0 lombhullat\u00f3 cserje. Levelei 3-6 cm esek fiatalon vil\u00e1gos pirosak , k\u00e9s\u0151bb b\u00edborpirosak lesznek.Vir\u00e1gai halv\u00e1ny r\u00f3zsasz\u00ednek\u00a0 k\u00e9s\u0151bb feh\u00e9rek melyek \u00e1prilisban ny\u00edlnak.<\/p>\n<p>Term\u00e9se ehet\u0151 szilvaszer\u0171 feket\u00e9s bord\u00f3 sz\u00edn\u0171.<\/p>\n<p>Szoliternek , ny\u00edrott \u00e9s ny\u00edratlan s\u00f6v\u00e9nynek is alkalmas.<\/p>","protected":false},"featured_media":1457,"template":"","meta":{"_et_pb_use_builder":"","_et_pb_old_content":"","_et_gb_content_width":""},"product_brand":[],"product_cat":[27,28],"product_tag":[357,358],"class_list":{"0":"post-1453","1":"product","2":"type-product","3":"status-publish","4":"has-post-thumbnail","6":"product_cat-cserjek","7":"product_cat-diszfak","8":"product_tag-prunus-cistena","9":"product_tag-torpe-verszilva","11":"first","12":"outofstock","13":"shipping-taxable","14":"product-type-simple"},"yoast_head":"<!-- This site is optimized with the Yoast SEO plugin v27.3 - https:\/\/yoast.com\/product\/yoast-seo-wordpress\/ -->\n<title>Prunus cistena , T\u00f6rpe v\u00e9rszilva - T\u00e1jkert\u00e9sz<\/title>\n<meta name=\"description\" content=\"A Prunus cistena , T\u00f6rpe v\u00e9rszilva 1,5 -2,5 m magas\u00a0 lombhullat\u00f3 cserje. Levelei 3-6 cm esek fiatalon vil\u00e1gos pirosak , k\u00e9s\u0151bb b\u00edborpirosak lesznek.\" \/>\n<meta name=\"robots\" content=\"index, follow, max-snippet:-1, max-image-preview:large, max-video-preview:-1\" \/>\n<link rel=\"canonical\" href=\"https:\/\/tajkertesz.com\/en_US\/product\/prunus-cistena-torpe-verszilva\/\" \/>\n<meta property=\"og:locale\" content=\"en_US\" \/>\n<meta property=\"og:type\" content=\"article\" \/>\n<meta property=\"og:title\" content=\"Prunus cistena , T\u00f6rpe v\u00e9rszilva - T\u00e1jkert\u00e9sz\" \/>\n<meta property=\"og:description\" content=\"A Prunus cistena , T\u00f6rpe v\u00e9rszilva 1,5 -2,5 m magas\u00a0 lombhullat\u00f3 cserje. Levelei 3-6 cm esek fiatalon vil\u00e1gos pirosak , k\u00e9s\u0151bb b\u00edborpirosak lesznek.\" \/>\n<meta property=\"og:url\" content=\"https:\/\/tajkertesz.com\/en_US\/product\/prunus-cistena-torpe-verszilva\/\" \/>\n<meta property=\"og:site_name\" content=\"T\u00e1jkert\u00e9sz\" \/>\n<meta property=\"article:publisher\" content=\"https:\/\/www.facebook.com\/Tajkertesz\/\" \/>\n<meta property=\"article:modified_time\" content=\"2025-07-15T14:53:16+00:00\" \/>\n<meta property=\"og:image\" content=\"https:\/\/tajkertesz.com\/wp-content\/uploads\/2020\/03\/Prunus-cistena-T\u00f6rpe-v\u00e9rszilva.jpg\" \/>\n\t<meta property=\"og:image:width\" content=\"320\" \/>\n\t<meta property=\"og:image:height\" content=\"324\" \/>\n\t<meta property=\"og:image:type\" content=\"image\/jpeg\" \/>\n<meta name=\"twitter:card\" content=\"summary_large_image\" \/>\n<meta name=\"twitter:label1\" content=\"Est. reading time\" \/>\n\t<meta name=\"twitter:data1\" content=\"2 minutes\" \/>\n<script type=\"application\/ld+json\" class=\"yoast-schema-graph\">{\"@context\":\"https:\\\/\\\/schema.org\",\"@graph\":[{\"@type\":\"WebPage\",\"@id\":\"https:\\\/\\\/tajkertesz.com\\\/termek\\\/prunus-cistena-torpe-verszilva\\\/\",\"url\":\"https:\\\/\\\/tajkertesz.com\\\/termek\\\/prunus-cistena-torpe-verszilva\\\/\",\"name\":\"Prunus cistena , T\u00f6rpe v\u00e9rszilva - T\u00e1jkert\u00e9sz\",\"isPartOf\":{\"@id\":\"https:\\\/\\\/tajkertesz.com\\\/#website\"},\"primaryImageOfPage\":{\"@id\":\"https:\\\/\\\/tajkertesz.com\\\/termek\\\/prunus-cistena-torpe-verszilva\\\/#primaryimage\"},\"image\":{\"@id\":\"https:\\\/\\\/tajkertesz.com\\\/termek\\\/prunus-cistena-torpe-verszilva\\\/#primaryimage\"},\"thumbnailUrl\":\"https:\\\/\\\/tajkertesz.com\\\/wp-content\\\/uploads\\\/2020\\\/03\\\/Prunus-cistena-T\u00f6rpe-v\u00e9rszilva.jpg\",\"datePublished\":\"2020-03-25T13:32:57+00:00\",\"dateModified\":\"2025-07-15T14:53:16+00:00\",\"description\":\"A Prunus cistena , T\u00f6rpe v\u00e9rszilva 1,5 -2,5 m magas\u00a0 lombhullat\u00f3 cserje. Levelei 3-6 cm esek fiatalon vil\u00e1gos pirosak , k\u00e9s\u0151bb b\u00edborpirosak lesznek.\",\"breadcrumb\":{\"@id\":\"https:\\\/\\\/tajkertesz.com\\\/termek\\\/prunus-cistena-torpe-verszilva\\\/#breadcrumb\"},\"inLanguage\":\"en-US\",\"potentialAction\":[{\"@type\":\"ReadAction\",\"target\":[\"https:\\\/\\\/tajkertesz.com\\\/termek\\\/prunus-cistena-torpe-verszilva\\\/\"]}]},{\"@type\":\"ImageObject\",\"inLanguage\":\"en-US\",\"@id\":\"https:\\\/\\\/tajkertesz.com\\\/termek\\\/prunus-cistena-torpe-verszilva\\\/#primaryimage\",\"url\":\"https:\\\/\\\/tajkertesz.com\\\/wp-content\\\/uploads\\\/2020\\\/03\\\/Prunus-cistena-T\u00f6rpe-v\u00e9rszilva.jpg\",\"contentUrl\":\"https:\\\/\\\/tajkertesz.com\\\/wp-content\\\/uploads\\\/2020\\\/03\\\/Prunus-cistena-T\u00f6rpe-v\u00e9rszilva.jpg\",\"width\":320,\"height\":324},{\"@type\":\"BreadcrumbList\",\"@id\":\"https:\\\/\\\/tajkertesz.com\\\/termek\\\/prunus-cistena-torpe-verszilva\\\/#breadcrumb\",\"itemListElement\":[{\"@type\":\"ListItem\",\"position\":1,\"name\":\"Home\",\"item\":\"https:\\\/\\\/tajkertesz.com\\\/\"},{\"@type\":\"ListItem\",\"position\":2,\"name\":\"Kezd\u0151lap\",\"item\":\"https:\\\/\\\/tajkertesz.com\\\/\"},{\"@type\":\"ListItem\",\"position\":3,\"name\":\"Prunus cistena , T\u00f6rpe v\u00e9rszilva\"}]},{\"@type\":\"WebSite\",\"@id\":\"https:\\\/\\\/tajkertesz.com\\\/#website\",\"url\":\"https:\\\/\\\/tajkertesz.com\\\/\",\"name\":\"T\u00e1j-Kert\u00e9sz 84 Kft.\",\"description\":\"Kert\u00e9szeti kis- \u00e9s nagykeresked\u00e9s, D\u00edszn\u00f6v\u00e9ny web\u00e1ruh\u00e1z orsz\u00e1gos h\u00e1zhozsz\u00e1ll\u00edt\u00e1ssal!\",\"publisher\":{\"@id\":\"https:\\\/\\\/tajkertesz.com\\\/#organization\"},\"potentialAction\":[{\"@type\":\"SearchAction\",\"target\":{\"@type\":\"EntryPoint\",\"urlTemplate\":\"https:\\\/\\\/tajkertesz.com\\\/?s={search_term_string}\"},\"query-input\":{\"@type\":\"PropertyValueSpecification\",\"valueRequired\":true,\"valueName\":\"search_term_string\"}}],\"inLanguage\":\"en-US\"},{\"@type\":\"Organization\",\"@id\":\"https:\\\/\\\/tajkertesz.com\\\/#organization\",\"name\":\"T\u00e1j-Kert\u00e9sz 84 Kft.\",\"url\":\"https:\\\/\\\/tajkertesz.com\\\/\",\"logo\":{\"@type\":\"ImageObject\",\"inLanguage\":\"en-US\",\"@id\":\"https:\\\/\\\/tajkertesz.com\\\/#\\\/schema\\\/logo\\\/image\\\/\",\"url\":\"https:\\\/\\\/tajkertesz.com\\\/wp-content\\\/uploads\\\/2018\\\/02\\\/logo-2-e1518678052539.png\",\"contentUrl\":\"https:\\\/\\\/tajkertesz.com\\\/wp-content\\\/uploads\\\/2018\\\/02\\\/logo-2-e1518678052539.png\",\"width\":81,\"height\":140,\"caption\":\"T\u00e1j-Kert\u00e9sz 84 Kft.\"},\"image\":{\"@id\":\"https:\\\/\\\/tajkertesz.com\\\/#\\\/schema\\\/logo\\\/image\\\/\"},\"sameAs\":[\"https:\\\/\\\/www.facebook.com\\\/Tajkertesz\\\/\"]}]}<\/script>\n<!-- \/ Yoast SEO plugin. -->","yoast_head_json":{"title":"Prunus cistena , T\u00f6rpe v\u00e9rszilva - T\u00e1jkert\u00e9sz","description":"A Prunus cistena , T\u00f6rpe v\u00e9rszilva 1,5 -2,5 m magas\u00a0 lombhullat\u00f3 cserje. Levelei 3-6 cm esek fiatalon vil\u00e1gos pirosak , k\u00e9s\u0151bb b\u00edborpirosak lesznek.","robots":{"index":"index","follow":"follow","max-snippet":"max-snippet:-1","max-image-preview":"max-image-preview:large","max-video-preview":"max-video-preview:-1"},"canonical":"https:\/\/tajkertesz.com\/en_US\/product\/prunus-cistena-torpe-verszilva\/","og_locale":"en_US","og_type":"article","og_title":"Prunus cistena , T\u00f6rpe v\u00e9rszilva - T\u00e1jkert\u00e9sz","og_description":"A Prunus cistena , T\u00f6rpe v\u00e9rszilva 1,5 -2,5 m magas\u00a0 lombhullat\u00f3 cserje. Levelei 3-6 cm esek fiatalon vil\u00e1gos pirosak , k\u00e9s\u0151bb b\u00edborpirosak lesznek.","og_url":"https:\/\/tajkertesz.com\/en_US\/product\/prunus-cistena-torpe-verszilva\/","og_site_name":"T\u00e1jkert\u00e9sz","article_publisher":"https:\/\/www.facebook.com\/Tajkertesz\/","article_modified_time":"2025-07-15T14:53:16+00:00","og_image":[{"width":320,"height":324,"url":"https:\/\/tajkertesz.com\/wp-content\/uploads\/2020\/03\/Prunus-cistena-T\u00f6rpe-v\u00e9rszilva.jpg","type":"image\/jpeg"}],"twitter_card":"summary_large_image","twitter_misc":{"Est. reading time":"2 minutes"},"schema":{"@context":"https:\/\/schema.org","@graph":[{"@type":"WebPage","@id":"https:\/\/tajkertesz.com\/termek\/prunus-cistena-torpe-verszilva\/","url":"https:\/\/tajkertesz.com\/termek\/prunus-cistena-torpe-verszilva\/","name":"Prunus cistena , T\u00f6rpe v\u00e9rszilva - T\u00e1jkert\u00e9sz","isPartOf":{"@id":"https:\/\/tajkertesz.com\/#website"},"primaryImageOfPage":{"@id":"https:\/\/tajkertesz.com\/termek\/prunus-cistena-torpe-verszilva\/#primaryimage"},"image":{"@id":"https:\/\/tajkertesz.com\/termek\/prunus-cistena-torpe-verszilva\/#primaryimage"},"thumbnailUrl":"https:\/\/tajkertesz.com\/wp-content\/uploads\/2020\/03\/Prunus-cistena-T\u00f6rpe-v\u00e9rszilva.jpg","datePublished":"2020-03-25T13:32:57+00:00","dateModified":"2025-07-15T14:53:16+00:00","description":"A Prunus cistena , T\u00f6rpe v\u00e9rszilva 1,5 -2,5 m magas\u00a0 lombhullat\u00f3 cserje. Levelei 3-6 cm esek fiatalon vil\u00e1gos pirosak , k\u00e9s\u0151bb b\u00edborpirosak lesznek.","breadcrumb":{"@id":"https:\/\/tajkertesz.com\/termek\/prunus-cistena-torpe-verszilva\/#breadcrumb"},"inLanguage":"en-US","potentialAction":[{"@type":"ReadAction","target":["https:\/\/tajkertesz.com\/termek\/prunus-cistena-torpe-verszilva\/"]}]},{"@type":"ImageObject","inLanguage":"en-US","@id":"https:\/\/tajkertesz.com\/termek\/prunus-cistena-torpe-verszilva\/#primaryimage","url":"https:\/\/tajkertesz.com\/wp-content\/uploads\/2020\/03\/Prunus-cistena-T\u00f6rpe-v\u00e9rszilva.jpg","contentUrl":"https:\/\/tajkertesz.com\/wp-content\/uploads\/2020\/03\/Prunus-cistena-T\u00f6rpe-v\u00e9rszilva.jpg","width":320,"height":324},{"@type":"BreadcrumbList","@id":"https:\/\/tajkertesz.com\/termek\/prunus-cistena-torpe-verszilva\/#breadcrumb","itemListElement":[{"@type":"ListItem","position":1,"name":"Home","item":"https:\/\/tajkertesz.com\/"},{"@type":"ListItem","position":2,"name":"Kezd\u0151lap","item":"https:\/\/tajkertesz.com\/"},{"@type":"ListItem","position":3,"name":"Prunus cistena , T\u00f6rpe v\u00e9rszilva"}]},{"@type":"WebSite","@id":"https:\/\/tajkertesz.com\/#website","url":"https:\/\/tajkertesz.com\/","name":"T\u00e1j-Kert\u00e9sz 84 Kft.","description":"Kert\u00e9szeti kis- \u00e9s nagykeresked\u00e9s, D\u00edszn\u00f6v\u00e9ny web\u00e1ruh\u00e1z orsz\u00e1gos h\u00e1zhozsz\u00e1ll\u00edt\u00e1ssal!","publisher":{"@id":"https:\/\/tajkertesz.com\/#organization"},"potentialAction":[{"@type":"SearchAction","target":{"@type":"EntryPoint","urlTemplate":"https:\/\/tajkertesz.com\/?s={search_term_string}"},"query-input":{"@type":"PropertyValueSpecification","valueRequired":true,"valueName":"search_term_string"}}],"inLanguage":"en-US"},{"@type":"Organization","@id":"https:\/\/tajkertesz.com\/#organization","name":"T\u00e1j-Kert\u00e9sz 84 Kft.","url":"https:\/\/tajkertesz.com\/","logo":{"@type":"ImageObject","inLanguage":"en-US","@id":"https:\/\/tajkertesz.com\/#\/schema\/logo\/image\/","url":"https:\/\/tajkertesz.com\/wp-content\/uploads\/2018\/02\/logo-2-e1518678052539.png","contentUrl":"https:\/\/tajkertesz.com\/wp-content\/uploads\/2018\/02\/logo-2-e1518678052539.png","width":81,"height":140,"caption":"T\u00e1j-Kert\u00e9sz 84 Kft."},"image":{"@id":"https:\/\/tajkertesz.com\/#\/schema\/logo\/image\/"},"sameAs":["https:\/\/www.facebook.com\/Tajkertesz\/"]}]}},"_links":{"self":[{"href":"https:\/\/tajkertesz.com\/en_US\/wp-json\/wp\/v2\/product\/1453","targetHints":{"allow":["GET"]}}],"collection":[{"href":"https:\/\/tajkertesz.com\/en_US\/wp-json\/wp\/v2\/product"}],"about":[{"href":"https:\/\/tajkertesz.com\/en_US\/wp-json\/wp\/v2\/types\/product"}],"wp:featuredmedia":[{"embeddable":true,"href":"https:\/\/tajkertesz.com\/en_US\/wp-json\/wp\/v2\/media\/1457"}],"wp:attachment":[{"href":"https:\/\/tajkertesz.com\/en_US\/wp-json\/wp\/v2\/media?parent=1453"}],"wp:term":[{"taxonomy":"product_brand","embeddable":true,"href":"https:\/\/tajkertesz.com\/en_US\/wp-json\/wp\/v2\/product_brand?post=1453"},{"taxonomy":"product_cat","embeddable":true,"href":"https:\/\/tajkertesz.com\/en_US\/wp-json\/wp\/v2\/product_cat?post=1453"},{"taxonomy":"product_tag","embeddable":true,"href":"https:\/\/tajkertesz.com\/en_US\/wp-json\/wp\/v2\/product_tag?post=1453"}],"curies":[{"name":"wp","href":"https:\/\/api.w.org\/{rel}","templated":true}]}}