{"id":14554,"date":"2022-12-22T11:53:52","date_gmt":"2022-12-22T11:53:52","guid":{"rendered":"https:\/\/tajkertesz.com\/?post_type=product&#038;p=14554"},"modified":"2026-02-18T15:21:23","modified_gmt":"2026-02-18T15:21:23","slug":"csigasorompo-vetoszalag","status":"publish","type":"product","link":"https:\/\/tajkertesz.com\/en_US\/product\/csigasorompo-vetoszalag\/","title":{"rendered":"Csigasoromp\u00f3 vet\u0151szalag"},"content":{"rendered":"<p>Csigasoromp\u00f3 vet\u0151szalag<\/p>\n<p>A Csigasoromp\u00f3 vet\u0151szalag<\/p>\n<p>Egyny\u00e1ri vir\u00e1gkever\u00e9k vet\u0151szalag. A csomag tartalma: 3*1,33 m\u00e9ter hossz\u00fas\u00e1g\u00fa szalag<\/p>\n<p>Vet\u0151szalag haszn\u00e1lat\u00e1val gyors \u00e9s egyszer\u0171 a vet\u00e9s, a n\u00f6v\u00e9nyek jobban fejl\u0151dnek, a felhaszn\u00e1lt k\u00f6rnyezetbar\u00e1t pap\u00edr lebomlik a talajban.<\/p>\n<p><u><strong>Vet\u00e9s:\u00a0<\/strong><\/u><\/p>\n<p>1. H\u00fazzunk a kapa hegy\u00e9vel 1-2 cm m\u00e9ly bar\u00e1zd\u00e1t.<\/p>\n<p>2. V\u00e1lasszuk sz\u00e9t a h\u00e1rom sor szalagot a perfor\u00e1ci\u00f3 ment\u00e9n.<\/p>\n<p>3. A vet\u0151szalagot helyezz\u00fck a bar\u00e1zd\u00e1ba, \u00e9s j\u00f3l \u00f6nt\u00f6zz\u00fck meg.<\/p>\n<p>4. Takarjuk be laza f\u00f6lddel a szalagot \u00e9s m\u00e9g egyszer \u00f6nt\u00f6zz\u00fck meg, vigy\u00e1zva, hogy ne iszapoljuk be.<\/p>\n<p><u><strong>\u00c1pol\u00e1s:<\/strong><\/u>\u00a0a kel\u00e9s ideje alatt tartsuk \u00e1lland\u00f3an nedvesen a vet\u00e9st \u00e9s a gyomokat t\u00e1vol\u00edtsuk el.<\/p>\n<p><u><strong>Fajtajellemz\u0151k:<\/strong><\/u>\u00a0a &#8222;Csigasoromp\u00f3&#8221; egyny\u00e1ri vir\u00e1gkever\u00e9k 40-50 cm magas sz\u00ednes vir\u00e1gokb\u00f3l \u00e1ll, melyek eg\u00e9sz ny\u00e1ron \u00e1t folyamatosan ny\u00edlnak. A kever\u00e9kben l\u00e9v\u0151 vir\u00e1gokat nem kedveli a csiga, sz\u00e1ruk, level\u00fck sz\u0151r\u00f6s, ez\u00e9rt ker\u00fcli \u0151ket. Z\u00f6lds\u00e9g\u00e1gy\u00e1sunkat szeg\u00e9lyezz\u00fck &#8222;Csigasoromp\u00f3val&#8221;, hogy \u00fatj\u00e1t \u00e1lljuk a fal\u00e1nk k\u00e1rtev\u0151knek.<\/p>\n<p>&nbsp;<\/p>\n<p>&nbsp;<\/p>\n<p>&nbsp;<\/p>\n<p>El\u00e9rhet\u0151 t\u00f6bbf\u00e9le m\u00e9retben \u00e9s \u00e1rban.<\/p>\n<p><strong>K\u00e9szlet\u00fcnk napi szinten v\u00e1ltozik, ez\u00e9rt k\u00e9rj\u00fck, \u00e9rdekl\u0151dj\u00f6n szem\u00e9lyesen, telefonon vagy email-en.<br \/>\nA v\u00e1ltoztat\u00e1s jog\u00e1t fenntartjuk!\u00a0<\/strong><\/p>\n<p>&nbsp;<\/p>\n<p><a href=\"https:\/\/tajkertesz.com\/\">https:\/\/tajkertesz.com\/<\/a><\/p>\n<p><a href=\"https:\/\/www.facebook.com\/tajkertesz\/\">https:\/\/www.facebook.com\/tajkertesz\/<\/a><\/p>\n<p>Kisz\u00e1ll\u00edt\u00e1s: 200cm-ig \u00a0\u00e9s 40 kg-ig a sz\u00e1ll\u00edt\u00e1s fut\u00e1rszolg\u00e1lattal \u00a0t\u00f6rt\u00e9nik.<\/p>\n<p>Szem\u00e9lyes \u00e1tv\u00e9tel nyitvatart\u00e1si id\u0151ben a 17. ker\u00fclet Bakancsos utca 7. sz\u00e1m alatti Kert\u00e9szeti \u00e1rud\u00e1ban.<\/p>\n<p>A Csigasoromp\u00f3 vet\u0151szalag\u00a0Egyny\u00e1ri vir\u00e1gkever\u00e9k vet\u0151szalag. A csomag tartalma: 3*1,33 m\u00e9ter hossz\u00fas\u00e1g\u00fa szalag<\/p>\n<h6><span style=\"color: #ffffff;\">Vet\u0151szalag haszn\u00e1lat\u00e1val gyors \u00e9s egyszer\u0171 a vet\u00e9s, a n\u00f6v\u00e9nyek jobban fejl\u0151dnek, a felhaszn\u00e1lt k\u00f6rnyezetbar\u00e1t pap\u00edr lebomlik a talajban.\u00a0<u><strong>Vet\u00e9s:\u00a0\u00a0<\/strong><\/u>1. H\u00fazzunk a kapa hegy\u00e9vel 1-2 cm m\u00e9ly bar\u00e1zd\u00e1t.\u00a02. V\u00e1lasszuk sz\u00e9t a h\u00e1rom sor szalagot a perfor\u00e1ci\u00f3 ment\u00e9n.\u00a03. A vet\u0151szalagot helyezz\u00fck a bar\u00e1zd\u00e1ba, \u00e9s j\u00f3l \u00f6nt\u00f6zz\u00fck meg.\u00a04. Takarjuk be laza f\u00f6lddel a szalagot \u00e9s m\u00e9g egyszer \u00f6nt\u00f6zz\u00fck meg, vigy\u00e1zva, hogy ne iszapoljuk be.\u00a0<u><strong>\u00c1pol\u00e1s:<\/strong><\/u> a kel\u00e9s ideje alatt tartsuk \u00e1lland\u00f3an nedvesen a vet\u00e9st \u00e9s a gyomokat t\u00e1vol\u00edtsuk el.\u00a0<u><strong>Fajtajellemz\u0151k:<\/strong><\/u>\u00a0a<\/span><\/h6>\n<p>&nbsp;<\/p>\n<p>&nbsp;<\/p>\n<p>&nbsp;<\/p>","protected":false},"excerpt":{"rendered":"<p>A csigasoromp\u00f3 egyny\u00e1ri vir\u00e1gkever\u00e9k 40-50 cm magas sz\u00ednes vir\u00e1gokb\u00f3l \u00e1ll, melyek eg\u00e9sz ny\u00e1ron \u00e1t folyamatosan ny\u00edlnak.<\/p>\n<p>A kever\u00e9kben l\u00e9v\u0151 vir\u00e1gokat nem kedveli a csiga, sz\u00e1ruk, level\u00fck sz\u0151r\u00f6s, ez\u00e9rt ker\u00fcli \u0151ket.<\/p>\n<p>Z\u00f6lds\u00e9g\u00e1gy\u00e1sunkat szeg\u00e9lyezz\u00fck Csigasoromp\u00f3val, hogy \u00fatj\u00e1t \u00e1lljuk a\u00a0 k\u00e1rtev\u0151knek.<\/p>\n<p>&nbsp;<\/p>","protected":false},"featured_media":18740,"template":"","meta":{"_et_pb_use_builder":"","_et_pb_old_content":"","_et_gb_content_width":""},"product_brand":[],"product_cat":[1529],"product_tag":[4118,4116,4117],"class_list":{"0":"post-14554","1":"product","2":"type-product","3":"status-publish","4":"has-post-thumbnail","6":"product_cat-vetoszalagok","7":"product_tag-csiga-ellen","8":"product_tag-csigasorompo","9":"product_tag-sorompo","11":"first","12":"instock","13":"shipping-taxable","14":"purchasable","15":"product-type-simple"},"yoast_head":"<!-- This site is optimized with the Yoast SEO plugin v27.5 - https:\/\/yoast.com\/product\/yoast-seo-wordpress\/ -->\n<title>Csigasoromp\u00f3 vet\u0151szalag - T\u00e1jkert\u00e9sz<\/title>\n<meta name=\"description\" content=\"Csigasoromp\u00f3 vir\u00e1gkever\u00e9k 40-50 cm magas sz\u00ednes vir\u00e1gokb\u00f3l \u00e1ll. A kever\u00e9kben l\u00e9v\u0151 vir\u00e1gokat nem kedveli a csiga, sz\u00e1ruk, level\u00fck sz\u0151r\u00f6s, ez\u00e9rt ker\u00fcli \u0151ket.\" \/>\n<meta name=\"robots\" content=\"index, follow, max-snippet:-1, max-image-preview:large, max-video-preview:-1\" \/>\n<link rel=\"canonical\" href=\"https:\/\/tajkertesz.com\/en_US\/product\/csigasorompo-vetoszalag\/\" \/>\n<meta property=\"og:locale\" content=\"en_US\" \/>\n<meta property=\"og:type\" content=\"article\" \/>\n<meta property=\"og:title\" content=\"Csigasoromp\u00f3 vet\u0151szalag - T\u00e1jkert\u00e9sz\" \/>\n<meta property=\"og:description\" content=\"Csigasoromp\u00f3 vir\u00e1gkever\u00e9k 40-50 cm magas sz\u00ednes vir\u00e1gokb\u00f3l \u00e1ll. A kever\u00e9kben l\u00e9v\u0151 vir\u00e1gokat nem kedveli a csiga, sz\u00e1ruk, level\u00fck sz\u0151r\u00f6s, ez\u00e9rt ker\u00fcli \u0151ket.\" \/>\n<meta property=\"og:url\" content=\"https:\/\/tajkertesz.com\/en_US\/product\/csigasorompo-vetoszalag\/\" \/>\n<meta property=\"og:site_name\" content=\"T\u00e1jkert\u00e9sz\" \/>\n<meta property=\"article:publisher\" content=\"https:\/\/www.facebook.com\/Tajkertesz\/\" \/>\n<meta property=\"article:modified_time\" content=\"2026-02-18T15:21:23+00:00\" \/>\n<meta property=\"og:image\" content=\"https:\/\/tajkertesz.com\/wp-content\/uploads\/2022\/12\/csigasorompo-1.jpg\" \/>\n\t<meta property=\"og:image:width\" content=\"500\" \/>\n\t<meta property=\"og:image:height\" content=\"837\" \/>\n\t<meta property=\"og:image:type\" content=\"image\/jpeg\" \/>\n<meta name=\"twitter:card\" content=\"summary_large_image\" \/>\n<meta name=\"twitter:label1\" content=\"Est. reading time\" \/>\n\t<meta name=\"twitter:data1\" content=\"2 minutes\" \/>\n<script type=\"application\/ld+json\" class=\"yoast-schema-graph\">{\"@context\":\"https:\\\/\\\/schema.org\",\"@graph\":[{\"@type\":\"WebPage\",\"@id\":\"https:\\\/\\\/tajkertesz.com\\\/termek\\\/csigasorompo-vetoszalag\\\/\",\"url\":\"https:\\\/\\\/tajkertesz.com\\\/termek\\\/csigasorompo-vetoszalag\\\/\",\"name\":\"Csigasoromp\u00f3 vet\u0151szalag - T\u00e1jkert\u00e9sz\",\"isPartOf\":{\"@id\":\"https:\\\/\\\/tajkertesz.com\\\/#website\"},\"primaryImageOfPage\":{\"@id\":\"https:\\\/\\\/tajkertesz.com\\\/termek\\\/csigasorompo-vetoszalag\\\/#primaryimage\"},\"image\":{\"@id\":\"https:\\\/\\\/tajkertesz.com\\\/termek\\\/csigasorompo-vetoszalag\\\/#primaryimage\"},\"thumbnailUrl\":\"https:\\\/\\\/tajkertesz.com\\\/wp-content\\\/uploads\\\/2022\\\/12\\\/csigasorompo-1.jpg\",\"datePublished\":\"2022-12-22T11:53:52+00:00\",\"dateModified\":\"2026-02-18T15:21:23+00:00\",\"description\":\"Csigasoromp\u00f3 vir\u00e1gkever\u00e9k 40-50 cm magas sz\u00ednes vir\u00e1gokb\u00f3l \u00e1ll. A kever\u00e9kben l\u00e9v\u0151 vir\u00e1gokat nem kedveli a csiga, sz\u00e1ruk, level\u00fck sz\u0151r\u00f6s, ez\u00e9rt ker\u00fcli \u0151ket.\",\"breadcrumb\":{\"@id\":\"https:\\\/\\\/tajkertesz.com\\\/termek\\\/csigasorompo-vetoszalag\\\/#breadcrumb\"},\"inLanguage\":\"en-US\",\"potentialAction\":[{\"@type\":\"ReadAction\",\"target\":[\"https:\\\/\\\/tajkertesz.com\\\/termek\\\/csigasorompo-vetoszalag\\\/\"]}]},{\"@type\":\"ImageObject\",\"inLanguage\":\"en-US\",\"@id\":\"https:\\\/\\\/tajkertesz.com\\\/termek\\\/csigasorompo-vetoszalag\\\/#primaryimage\",\"url\":\"https:\\\/\\\/tajkertesz.com\\\/wp-content\\\/uploads\\\/2022\\\/12\\\/csigasorompo-1.jpg\",\"contentUrl\":\"https:\\\/\\\/tajkertesz.com\\\/wp-content\\\/uploads\\\/2022\\\/12\\\/csigasorompo-1.jpg\",\"width\":500,\"height\":837},{\"@type\":\"BreadcrumbList\",\"@id\":\"https:\\\/\\\/tajkertesz.com\\\/termek\\\/csigasorompo-vetoszalag\\\/#breadcrumb\",\"itemListElement\":[{\"@type\":\"ListItem\",\"position\":1,\"name\":\"Home\",\"item\":\"https:\\\/\\\/tajkertesz.com\\\/\"},{\"@type\":\"ListItem\",\"position\":2,\"name\":\"Kezd\u0151lap\",\"item\":\"https:\\\/\\\/tajkertesz.com\\\/\"},{\"@type\":\"ListItem\",\"position\":3,\"name\":\"Csigasoromp\u00f3 vet\u0151szalag\"}]},{\"@type\":\"WebSite\",\"@id\":\"https:\\\/\\\/tajkertesz.com\\\/#website\",\"url\":\"https:\\\/\\\/tajkertesz.com\\\/\",\"name\":\"T\u00e1j-Kert\u00e9sz 84 Kft.\",\"description\":\"Kert\u00e9szeti kis- \u00e9s nagykeresked\u00e9s, D\u00edszn\u00f6v\u00e9ny web\u00e1ruh\u00e1z orsz\u00e1gos h\u00e1zhozsz\u00e1ll\u00edt\u00e1ssal!\",\"publisher\":{\"@id\":\"https:\\\/\\\/tajkertesz.com\\\/#organization\"},\"potentialAction\":[{\"@type\":\"SearchAction\",\"target\":{\"@type\":\"EntryPoint\",\"urlTemplate\":\"https:\\\/\\\/tajkertesz.com\\\/?s={search_term_string}\"},\"query-input\":{\"@type\":\"PropertyValueSpecification\",\"valueRequired\":true,\"valueName\":\"search_term_string\"}}],\"inLanguage\":\"en-US\"},{\"@type\":\"Organization\",\"@id\":\"https:\\\/\\\/tajkertesz.com\\\/#organization\",\"name\":\"T\u00e1j-Kert\u00e9sz 84 Kft.\",\"url\":\"https:\\\/\\\/tajkertesz.com\\\/\",\"logo\":{\"@type\":\"ImageObject\",\"inLanguage\":\"en-US\",\"@id\":\"https:\\\/\\\/tajkertesz.com\\\/#\\\/schema\\\/logo\\\/image\\\/\",\"url\":\"https:\\\/\\\/tajkertesz.com\\\/wp-content\\\/uploads\\\/2018\\\/02\\\/logo-2-e1518678052539.png\",\"contentUrl\":\"https:\\\/\\\/tajkertesz.com\\\/wp-content\\\/uploads\\\/2018\\\/02\\\/logo-2-e1518678052539.png\",\"width\":81,\"height\":140,\"caption\":\"T\u00e1j-Kert\u00e9sz 84 Kft.\"},\"image\":{\"@id\":\"https:\\\/\\\/tajkertesz.com\\\/#\\\/schema\\\/logo\\\/image\\\/\"},\"sameAs\":[\"https:\\\/\\\/www.facebook.com\\\/Tajkertesz\\\/\"]}]}<\/script>\n<!-- \/ Yoast SEO plugin. -->","yoast_head_json":{"title":"Csigasoromp\u00f3 vet\u0151szalag - T\u00e1jkert\u00e9sz","description":"Csigasoromp\u00f3 vir\u00e1gkever\u00e9k 40-50 cm magas sz\u00ednes vir\u00e1gokb\u00f3l \u00e1ll. A kever\u00e9kben l\u00e9v\u0151 vir\u00e1gokat nem kedveli a csiga, sz\u00e1ruk, level\u00fck sz\u0151r\u00f6s, ez\u00e9rt ker\u00fcli \u0151ket.","robots":{"index":"index","follow":"follow","max-snippet":"max-snippet:-1","max-image-preview":"max-image-preview:large","max-video-preview":"max-video-preview:-1"},"canonical":"https:\/\/tajkertesz.com\/en_US\/product\/csigasorompo-vetoszalag\/","og_locale":"en_US","og_type":"article","og_title":"Csigasoromp\u00f3 vet\u0151szalag - T\u00e1jkert\u00e9sz","og_description":"Csigasoromp\u00f3 vir\u00e1gkever\u00e9k 40-50 cm magas sz\u00ednes vir\u00e1gokb\u00f3l \u00e1ll. A kever\u00e9kben l\u00e9v\u0151 vir\u00e1gokat nem kedveli a csiga, sz\u00e1ruk, level\u00fck sz\u0151r\u00f6s, ez\u00e9rt ker\u00fcli \u0151ket.","og_url":"https:\/\/tajkertesz.com\/en_US\/product\/csigasorompo-vetoszalag\/","og_site_name":"T\u00e1jkert\u00e9sz","article_publisher":"https:\/\/www.facebook.com\/Tajkertesz\/","article_modified_time":"2026-02-18T15:21:23+00:00","og_image":[{"width":500,"height":837,"url":"https:\/\/tajkertesz.com\/wp-content\/uploads\/2022\/12\/csigasorompo-1.jpg","type":"image\/jpeg"}],"twitter_card":"summary_large_image","twitter_misc":{"Est. reading time":"2 minutes"},"schema":{"@context":"https:\/\/schema.org","@graph":[{"@type":"WebPage","@id":"https:\/\/tajkertesz.com\/termek\/csigasorompo-vetoszalag\/","url":"https:\/\/tajkertesz.com\/termek\/csigasorompo-vetoszalag\/","name":"Csigasoromp\u00f3 vet\u0151szalag - T\u00e1jkert\u00e9sz","isPartOf":{"@id":"https:\/\/tajkertesz.com\/#website"},"primaryImageOfPage":{"@id":"https:\/\/tajkertesz.com\/termek\/csigasorompo-vetoszalag\/#primaryimage"},"image":{"@id":"https:\/\/tajkertesz.com\/termek\/csigasorompo-vetoszalag\/#primaryimage"},"thumbnailUrl":"https:\/\/tajkertesz.com\/wp-content\/uploads\/2022\/12\/csigasorompo-1.jpg","datePublished":"2022-12-22T11:53:52+00:00","dateModified":"2026-02-18T15:21:23+00:00","description":"Csigasoromp\u00f3 vir\u00e1gkever\u00e9k 40-50 cm magas sz\u00ednes vir\u00e1gokb\u00f3l \u00e1ll. A kever\u00e9kben l\u00e9v\u0151 vir\u00e1gokat nem kedveli a csiga, sz\u00e1ruk, level\u00fck sz\u0151r\u00f6s, ez\u00e9rt ker\u00fcli \u0151ket.","breadcrumb":{"@id":"https:\/\/tajkertesz.com\/termek\/csigasorompo-vetoszalag\/#breadcrumb"},"inLanguage":"en-US","potentialAction":[{"@type":"ReadAction","target":["https:\/\/tajkertesz.com\/termek\/csigasorompo-vetoszalag\/"]}]},{"@type":"ImageObject","inLanguage":"en-US","@id":"https:\/\/tajkertesz.com\/termek\/csigasorompo-vetoszalag\/#primaryimage","url":"https:\/\/tajkertesz.com\/wp-content\/uploads\/2022\/12\/csigasorompo-1.jpg","contentUrl":"https:\/\/tajkertesz.com\/wp-content\/uploads\/2022\/12\/csigasorompo-1.jpg","width":500,"height":837},{"@type":"BreadcrumbList","@id":"https:\/\/tajkertesz.com\/termek\/csigasorompo-vetoszalag\/#breadcrumb","itemListElement":[{"@type":"ListItem","position":1,"name":"Home","item":"https:\/\/tajkertesz.com\/"},{"@type":"ListItem","position":2,"name":"Kezd\u0151lap","item":"https:\/\/tajkertesz.com\/"},{"@type":"ListItem","position":3,"name":"Csigasoromp\u00f3 vet\u0151szalag"}]},{"@type":"WebSite","@id":"https:\/\/tajkertesz.com\/#website","url":"https:\/\/tajkertesz.com\/","name":"T\u00e1j-Kert\u00e9sz 84 Kft.","description":"Kert\u00e9szeti kis- \u00e9s nagykeresked\u00e9s, D\u00edszn\u00f6v\u00e9ny web\u00e1ruh\u00e1z orsz\u00e1gos h\u00e1zhozsz\u00e1ll\u00edt\u00e1ssal!","publisher":{"@id":"https:\/\/tajkertesz.com\/#organization"},"potentialAction":[{"@type":"SearchAction","target":{"@type":"EntryPoint","urlTemplate":"https:\/\/tajkertesz.com\/?s={search_term_string}"},"query-input":{"@type":"PropertyValueSpecification","valueRequired":true,"valueName":"search_term_string"}}],"inLanguage":"en-US"},{"@type":"Organization","@id":"https:\/\/tajkertesz.com\/#organization","name":"T\u00e1j-Kert\u00e9sz 84 Kft.","url":"https:\/\/tajkertesz.com\/","logo":{"@type":"ImageObject","inLanguage":"en-US","@id":"https:\/\/tajkertesz.com\/#\/schema\/logo\/image\/","url":"https:\/\/tajkertesz.com\/wp-content\/uploads\/2018\/02\/logo-2-e1518678052539.png","contentUrl":"https:\/\/tajkertesz.com\/wp-content\/uploads\/2018\/02\/logo-2-e1518678052539.png","width":81,"height":140,"caption":"T\u00e1j-Kert\u00e9sz 84 Kft."},"image":{"@id":"https:\/\/tajkertesz.com\/#\/schema\/logo\/image\/"},"sameAs":["https:\/\/www.facebook.com\/Tajkertesz\/"]}]}},"_links":{"self":[{"href":"https:\/\/tajkertesz.com\/en_US\/wp-json\/wp\/v2\/product\/14554","targetHints":{"allow":["GET"]}}],"collection":[{"href":"https:\/\/tajkertesz.com\/en_US\/wp-json\/wp\/v2\/product"}],"about":[{"href":"https:\/\/tajkertesz.com\/en_US\/wp-json\/wp\/v2\/types\/product"}],"wp:featuredmedia":[{"embeddable":true,"href":"https:\/\/tajkertesz.com\/en_US\/wp-json\/wp\/v2\/media\/18740"}],"wp:attachment":[{"href":"https:\/\/tajkertesz.com\/en_US\/wp-json\/wp\/v2\/media?parent=14554"}],"wp:term":[{"taxonomy":"product_brand","embeddable":true,"href":"https:\/\/tajkertesz.com\/en_US\/wp-json\/wp\/v2\/product_brand?post=14554"},{"taxonomy":"product_cat","embeddable":true,"href":"https:\/\/tajkertesz.com\/en_US\/wp-json\/wp\/v2\/product_cat?post=14554"},{"taxonomy":"product_tag","embeddable":true,"href":"https:\/\/tajkertesz.com\/en_US\/wp-json\/wp\/v2\/product_tag?post=14554"}],"curies":[{"name":"wp","href":"https:\/\/api.w.org\/{rel}","templated":true}]}}