{"id":14556,"date":"2022-12-22T13:21:34","date_gmt":"2022-12-22T13:21:34","guid":{"rendered":"https:\/\/tajkertesz.com\/?post_type=product&#038;p=14556"},"modified":"2025-03-31T13:49:05","modified_gmt":"2025-03-31T13:49:05","slug":"vadvirag-keverek-fupapir-csomagolasban","status":"publish","type":"product","link":"https:\/\/tajkertesz.com\/en_US\/product\/vadvirag-keverek-fupapir-csomagolasban\/","title":{"rendered":"Vadvir\u00e1g kever\u00e9k f\u0171pap\u00edr csomagol\u00e1sban"},"content":{"rendered":"<p>Vadvir\u00e1g kever\u00e9k f\u0171pap\u00edr csomagol\u00e1sban<\/p>\n<p>Vadvir\u00e1g kever\u00e9k f\u0171pap\u00edr csomagol\u00e1sban<\/p>\n<p>Az egyny\u00e1ri \u00e9s \u00e9vel\u0151 termesztett \u00e9s vadon \u00e9l\u0151 n\u00f6v\u00e9nyek magjaib\u00f3l \u00f6ssze\u00e1ll\u00edtott kever\u00e9ket elvetve, a kert\u00fcnk egy kis r\u00e9szlet\u00e9ben a vadvir\u00e1gos mez\u0151k hangulat\u00e1t hozhatjuk vissza. Nemcsak sz\u00e9p, de hasznos is ez az o\u00e1zis, mivel sok beporz\u00f3 rovarnak \u00e9s lepk\u00e9nek biztos\u00edt nekt\u00e1rt.<\/p>\n<p><strong>Vet\u00e9se:<\/strong>\u00a0M\u00e1rciust\u00f3l m\u00e1jus v\u00e9g\u00e9ig vethet\u0151. A talajt k\u00e9t h\u00e9ttel vet\u00e9s el\u0151tt laz\u00edtsuk fel \u00e9s t\u00e1vol\u00edtsuk el a gyomokat! Aj\u00e1nlatos vet\u00e9s el\u0151tt \u00fajra sek\u00e9lyen \u00e1tkap\u00e1lni az \u00e1gy\u00e1st, \u00e9s a kel\u0151 gyomokat kigerebly\u00e9zni. Sz\u00f3rva vess\u00fck el a tasak tartalm\u00e1t, ami kb. 4-5 n\u00e9gyzetm\u00e9terre elegend\u0151, \u00e9s sek\u00e9lyen gerebly\u00e9zz\u00fck bele a talajba. Finom, permetszer\u0171 \u00f6nt\u00f6z\u00e9ssel locsoljunk, hogy ne mossuk ki a magokat! A kel\u00e9s nem egyenletes, elh\u00faz\u00f3d\u00f3, mivel t\u00f6bbf\u00e9le vir\u00e1g van a kever\u00e9kben.<\/p>\n<p><strong>\u00c1pol\u00e1s:<\/strong>\u00a0Ne hagyjuk kisz\u00e1radni a vet\u00e9st, k\u00fcl\u00f6n\u00f6sen az els\u0151 3-4 h\u00e9tben tartsuk nedvesen! A n\u00f6v\u00e9nyek &#8211; vet\u00e9st\u0151l f\u00fcgg\u0151en &#8211; j\u00faniust\u00f3l \u0151szig vir\u00e1gzanak, magass\u00e1guk 40-60 cm.<\/p>\n<p><strong>\u00d6sszet\u00e9tele:<\/strong> pipacs, b\u00fazavir\u00e1g, bor\u00e1g\u00f3, k\u00f6r\u00f6mvir\u00e1g, fac\u00e9lia (egyny\u00e1riak) \u00e9s margar\u00e9ta, d\u00edszlen, csillagf\u00fcrt.<\/p>\n<p>&nbsp;<\/p>\n<p>El\u00e9rhet\u0151 t\u00f6bbf\u00e9le m\u00e9retben \u00e9s \u00e1rban.<\/p>\n<p><strong>K\u00e9szlet\u00fcnk napi szinten v\u00e1ltozik, ez\u00e9rt k\u00e9rj\u00fck, \u00e9rdekl\u0151dj\u00f6n szem\u00e9lyesen, telefonon vagy email-en.<br \/>\nA v\u00e1ltoztat\u00e1s jog\u00e1t fenntartjuk!\u00a0<\/strong><\/p>\n<p>&nbsp;<\/p>\n<p><a href=\"https:\/\/tajkertesz.com\/\">https:\/\/tajkertesz.com\/<\/a><\/p>\n<p><a href=\"https:\/\/www.facebook.com\/tajkertesz\/\">https:\/\/www.facebook.com\/tajkertesz\/<\/a><\/p>\n<p>Kisz\u00e1ll\u00edt\u00e1s: 200cm-ig \u00a0\u00e9s 40 kg-ig a sz\u00e1ll\u00edt\u00e1s fut\u00e1rszolg\u00e1lattal \u00a0t\u00f6rt\u00e9nik.<\/p>\n<p>Szem\u00e9lyes \u00e1tv\u00e9tel nyitvatart\u00e1si id\u0151ben a 17. ker\u00fclet Bakancsos utca 7. sz\u00e1m alatti Kert\u00e9szeti \u00e1rud\u00e1ban.<\/p>\n<h6><span style=\"color: #ffffff;\"><strong>\u00c1pol\u00e1s:<\/strong>\u00a0Ne hagyjuk kisz\u00e1radni a vet\u00e9st, k\u00fcl\u00f6n\u00f6sen az els\u0151 3-4 h\u00e9tben tartsuk nedvesen! A n\u00f6v\u00e9nyek &#8211; vet\u00e9st\u0151l f\u00fcgg\u0151en &#8211; j\u00faniust\u00f3l \u0151szig vir\u00e1gzanak, magass\u00e1guk 40-60 cm.\u00a0<\/span><\/h6>\n<h6><span style=\"color: #ffffff;\"><strong>\u00d6sszet\u00e9tele:<\/strong> pipacs, b\u00fazavir\u00e1g, bor\u00e1g\u00f3, k\u00f6r\u00f6mvir\u00e1g, fac\u00e9lia (egyny\u00e1riak) \u00e9s margar\u00e9ta, d\u00edszlen, csillagf\u00fcrt.<\/span><\/h6>","protected":false},"excerpt":{"rendered":"<p>Vadvir\u00e1g kever\u00e9k f\u0171pap\u00edr csomagol\u00e1sban<\/p>\n<p>Az egyny\u00e1ri \u00e9s \u00e9vel\u0151 termesztett \u00e9s vadon \u00e9l\u0151 n\u00f6v\u00e9nyek magjaib\u00f3l \u00f6ssze\u00e1ll\u00edtott kever\u00e9ket elvetve, a kert\u00fcnk egy kis r\u00e9szlet\u00e9ben a vadvir\u00e1gos mez\u0151k hangulat\u00e1t hozhatjuk vissza. Nemcsak sz\u00e9p, de hasznos is ez az o\u00e1zis, mivel sok beporz\u00f3 rovarnak \u00e9s lepk\u00e9nek biztos\u00edt nekt\u00e1rt.<\/p>","protected":false},"featured_media":14557,"template":"","meta":{"_et_pb_use_builder":"","_et_pb_old_content":"","_et_gb_content_width":""},"product_brand":[],"product_cat":[2882],"product_tag":[4121,4120,4119],"class_list":{"0":"post-14556","1":"product","2":"type-product","3":"status-publish","4":"has-post-thumbnail","6":"product_cat-virag-vetomagok","7":"product_tag-csomagolasban","8":"product_tag-fupapir","9":"product_tag-vadvirag-keverek","11":"first","12":"instock","13":"shipping-taxable","14":"purchasable","15":"product-type-simple"},"yoast_head":"<!-- This site is optimized with the Yoast SEO plugin v27.4 - https:\/\/yoast.com\/product\/yoast-seo-wordpress\/ -->\n<title>Vadvir\u00e1g kever\u00e9k f\u0171pap\u00edr csomagol\u00e1sban - T\u00e1jkert\u00e9sz<\/title>\n<meta name=\"description\" content=\"A vadvir\u00e1g kever\u00e9k nemcsak sz\u00e9p, de hasznos is ez az o\u00e1zis, mivel sok beporz\u00f3 rovarnak \u00e9s lepk\u00e9nek biztos\u00edt nekt\u00e1rt. A tasak 4-5 m2-re elegend\u0151.\" \/>\n<meta name=\"robots\" content=\"index, follow, max-snippet:-1, max-image-preview:large, max-video-preview:-1\" \/>\n<link rel=\"canonical\" href=\"https:\/\/tajkertesz.com\/en_US\/product\/vadvirag-keverek-fupapir-csomagolasban\/\" \/>\n<meta property=\"og:locale\" content=\"en_US\" \/>\n<meta property=\"og:type\" content=\"article\" \/>\n<meta property=\"og:title\" content=\"Vadvir\u00e1g kever\u00e9k f\u0171pap\u00edr csomagol\u00e1sban - T\u00e1jkert\u00e9sz\" \/>\n<meta property=\"og:description\" content=\"A vadvir\u00e1g kever\u00e9k nemcsak sz\u00e9p, de hasznos is ez az o\u00e1zis, mivel sok beporz\u00f3 rovarnak \u00e9s lepk\u00e9nek biztos\u00edt nekt\u00e1rt. A tasak 4-5 m2-re elegend\u0151.\" \/>\n<meta property=\"og:url\" content=\"https:\/\/tajkertesz.com\/en_US\/product\/vadvirag-keverek-fupapir-csomagolasban\/\" \/>\n<meta property=\"og:site_name\" content=\"T\u00e1jkert\u00e9sz\" \/>\n<meta property=\"article:publisher\" content=\"https:\/\/www.facebook.com\/Tajkertesz\/\" \/>\n<meta property=\"article:modified_time\" content=\"2025-03-31T13:49:05+00:00\" \/>\n<meta property=\"og:image\" content=\"https:\/\/tajkertesz.com\/wp-content\/uploads\/2022\/12\/vadvirag-vetomag.jpg\" \/>\n\t<meta property=\"og:image:width\" content=\"404\" \/>\n\t<meta property=\"og:image:height\" content=\"898\" \/>\n\t<meta property=\"og:image:type\" content=\"image\/jpeg\" \/>\n<meta name=\"twitter:card\" content=\"summary_large_image\" \/>\n<meta name=\"twitter:label1\" content=\"Est. reading time\" \/>\n\t<meta name=\"twitter:data1\" content=\"2 minutes\" \/>\n<script type=\"application\/ld+json\" class=\"yoast-schema-graph\">{\"@context\":\"https:\\\/\\\/schema.org\",\"@graph\":[{\"@type\":\"WebPage\",\"@id\":\"https:\\\/\\\/tajkertesz.com\\\/termek\\\/vadvirag-keverek-fupapir-csomagolasban\\\/\",\"url\":\"https:\\\/\\\/tajkertesz.com\\\/termek\\\/vadvirag-keverek-fupapir-csomagolasban\\\/\",\"name\":\"Vadvir\u00e1g kever\u00e9k f\u0171pap\u00edr csomagol\u00e1sban - T\u00e1jkert\u00e9sz\",\"isPartOf\":{\"@id\":\"https:\\\/\\\/tajkertesz.com\\\/#website\"},\"primaryImageOfPage\":{\"@id\":\"https:\\\/\\\/tajkertesz.com\\\/termek\\\/vadvirag-keverek-fupapir-csomagolasban\\\/#primaryimage\"},\"image\":{\"@id\":\"https:\\\/\\\/tajkertesz.com\\\/termek\\\/vadvirag-keverek-fupapir-csomagolasban\\\/#primaryimage\"},\"thumbnailUrl\":\"https:\\\/\\\/tajkertesz.com\\\/wp-content\\\/uploads\\\/2022\\\/12\\\/vadvirag-vetomag.jpg\",\"datePublished\":\"2022-12-22T13:21:34+00:00\",\"dateModified\":\"2025-03-31T13:49:05+00:00\",\"description\":\"A vadvir\u00e1g kever\u00e9k nemcsak sz\u00e9p, de hasznos is ez az o\u00e1zis, mivel sok beporz\u00f3 rovarnak \u00e9s lepk\u00e9nek biztos\u00edt nekt\u00e1rt. A tasak 4-5 m2-re elegend\u0151.\",\"breadcrumb\":{\"@id\":\"https:\\\/\\\/tajkertesz.com\\\/termek\\\/vadvirag-keverek-fupapir-csomagolasban\\\/#breadcrumb\"},\"inLanguage\":\"en-US\",\"potentialAction\":[{\"@type\":\"ReadAction\",\"target\":[\"https:\\\/\\\/tajkertesz.com\\\/termek\\\/vadvirag-keverek-fupapir-csomagolasban\\\/\"]}]},{\"@type\":\"ImageObject\",\"inLanguage\":\"en-US\",\"@id\":\"https:\\\/\\\/tajkertesz.com\\\/termek\\\/vadvirag-keverek-fupapir-csomagolasban\\\/#primaryimage\",\"url\":\"https:\\\/\\\/tajkertesz.com\\\/wp-content\\\/uploads\\\/2022\\\/12\\\/vadvirag-vetomag.jpg\",\"contentUrl\":\"https:\\\/\\\/tajkertesz.com\\\/wp-content\\\/uploads\\\/2022\\\/12\\\/vadvirag-vetomag.jpg\",\"width\":404,\"height\":898},{\"@type\":\"BreadcrumbList\",\"@id\":\"https:\\\/\\\/tajkertesz.com\\\/termek\\\/vadvirag-keverek-fupapir-csomagolasban\\\/#breadcrumb\",\"itemListElement\":[{\"@type\":\"ListItem\",\"position\":1,\"name\":\"Home\",\"item\":\"https:\\\/\\\/tajkertesz.com\\\/\"},{\"@type\":\"ListItem\",\"position\":2,\"name\":\"Kezd\u0151lap\",\"item\":\"https:\\\/\\\/tajkertesz.com\\\/\"},{\"@type\":\"ListItem\",\"position\":3,\"name\":\"Vadvir\u00e1g kever\u00e9k f\u0171pap\u00edr csomagol\u00e1sban\"}]},{\"@type\":\"WebSite\",\"@id\":\"https:\\\/\\\/tajkertesz.com\\\/#website\",\"url\":\"https:\\\/\\\/tajkertesz.com\\\/\",\"name\":\"T\u00e1j-Kert\u00e9sz 84 Kft.\",\"description\":\"Kert\u00e9szeti kis- \u00e9s nagykeresked\u00e9s, D\u00edszn\u00f6v\u00e9ny web\u00e1ruh\u00e1z orsz\u00e1gos h\u00e1zhozsz\u00e1ll\u00edt\u00e1ssal!\",\"publisher\":{\"@id\":\"https:\\\/\\\/tajkertesz.com\\\/#organization\"},\"potentialAction\":[{\"@type\":\"SearchAction\",\"target\":{\"@type\":\"EntryPoint\",\"urlTemplate\":\"https:\\\/\\\/tajkertesz.com\\\/?s={search_term_string}\"},\"query-input\":{\"@type\":\"PropertyValueSpecification\",\"valueRequired\":true,\"valueName\":\"search_term_string\"}}],\"inLanguage\":\"en-US\"},{\"@type\":\"Organization\",\"@id\":\"https:\\\/\\\/tajkertesz.com\\\/#organization\",\"name\":\"T\u00e1j-Kert\u00e9sz 84 Kft.\",\"url\":\"https:\\\/\\\/tajkertesz.com\\\/\",\"logo\":{\"@type\":\"ImageObject\",\"inLanguage\":\"en-US\",\"@id\":\"https:\\\/\\\/tajkertesz.com\\\/#\\\/schema\\\/logo\\\/image\\\/\",\"url\":\"https:\\\/\\\/tajkertesz.com\\\/wp-content\\\/uploads\\\/2018\\\/02\\\/logo-2-e1518678052539.png\",\"contentUrl\":\"https:\\\/\\\/tajkertesz.com\\\/wp-content\\\/uploads\\\/2018\\\/02\\\/logo-2-e1518678052539.png\",\"width\":81,\"height\":140,\"caption\":\"T\u00e1j-Kert\u00e9sz 84 Kft.\"},\"image\":{\"@id\":\"https:\\\/\\\/tajkertesz.com\\\/#\\\/schema\\\/logo\\\/image\\\/\"},\"sameAs\":[\"https:\\\/\\\/www.facebook.com\\\/Tajkertesz\\\/\"]}]}<\/script>\n<!-- \/ Yoast SEO plugin. -->","yoast_head_json":{"title":"Vadvir\u00e1g kever\u00e9k f\u0171pap\u00edr csomagol\u00e1sban - T\u00e1jkert\u00e9sz","description":"A vadvir\u00e1g kever\u00e9k nemcsak sz\u00e9p, de hasznos is ez az o\u00e1zis, mivel sok beporz\u00f3 rovarnak \u00e9s lepk\u00e9nek biztos\u00edt nekt\u00e1rt. A tasak 4-5 m2-re elegend\u0151.","robots":{"index":"index","follow":"follow","max-snippet":"max-snippet:-1","max-image-preview":"max-image-preview:large","max-video-preview":"max-video-preview:-1"},"canonical":"https:\/\/tajkertesz.com\/en_US\/product\/vadvirag-keverek-fupapir-csomagolasban\/","og_locale":"en_US","og_type":"article","og_title":"Vadvir\u00e1g kever\u00e9k f\u0171pap\u00edr csomagol\u00e1sban - T\u00e1jkert\u00e9sz","og_description":"A vadvir\u00e1g kever\u00e9k nemcsak sz\u00e9p, de hasznos is ez az o\u00e1zis, mivel sok beporz\u00f3 rovarnak \u00e9s lepk\u00e9nek biztos\u00edt nekt\u00e1rt. A tasak 4-5 m2-re elegend\u0151.","og_url":"https:\/\/tajkertesz.com\/en_US\/product\/vadvirag-keverek-fupapir-csomagolasban\/","og_site_name":"T\u00e1jkert\u00e9sz","article_publisher":"https:\/\/www.facebook.com\/Tajkertesz\/","article_modified_time":"2025-03-31T13:49:05+00:00","og_image":[{"width":404,"height":898,"url":"https:\/\/tajkertesz.com\/wp-content\/uploads\/2022\/12\/vadvirag-vetomag.jpg","type":"image\/jpeg"}],"twitter_card":"summary_large_image","twitter_misc":{"Est. reading time":"2 minutes"},"schema":{"@context":"https:\/\/schema.org","@graph":[{"@type":"WebPage","@id":"https:\/\/tajkertesz.com\/termek\/vadvirag-keverek-fupapir-csomagolasban\/","url":"https:\/\/tajkertesz.com\/termek\/vadvirag-keverek-fupapir-csomagolasban\/","name":"Vadvir\u00e1g kever\u00e9k f\u0171pap\u00edr csomagol\u00e1sban - T\u00e1jkert\u00e9sz","isPartOf":{"@id":"https:\/\/tajkertesz.com\/#website"},"primaryImageOfPage":{"@id":"https:\/\/tajkertesz.com\/termek\/vadvirag-keverek-fupapir-csomagolasban\/#primaryimage"},"image":{"@id":"https:\/\/tajkertesz.com\/termek\/vadvirag-keverek-fupapir-csomagolasban\/#primaryimage"},"thumbnailUrl":"https:\/\/tajkertesz.com\/wp-content\/uploads\/2022\/12\/vadvirag-vetomag.jpg","datePublished":"2022-12-22T13:21:34+00:00","dateModified":"2025-03-31T13:49:05+00:00","description":"A vadvir\u00e1g kever\u00e9k nemcsak sz\u00e9p, de hasznos is ez az o\u00e1zis, mivel sok beporz\u00f3 rovarnak \u00e9s lepk\u00e9nek biztos\u00edt nekt\u00e1rt. A tasak 4-5 m2-re elegend\u0151.","breadcrumb":{"@id":"https:\/\/tajkertesz.com\/termek\/vadvirag-keverek-fupapir-csomagolasban\/#breadcrumb"},"inLanguage":"en-US","potentialAction":[{"@type":"ReadAction","target":["https:\/\/tajkertesz.com\/termek\/vadvirag-keverek-fupapir-csomagolasban\/"]}]},{"@type":"ImageObject","inLanguage":"en-US","@id":"https:\/\/tajkertesz.com\/termek\/vadvirag-keverek-fupapir-csomagolasban\/#primaryimage","url":"https:\/\/tajkertesz.com\/wp-content\/uploads\/2022\/12\/vadvirag-vetomag.jpg","contentUrl":"https:\/\/tajkertesz.com\/wp-content\/uploads\/2022\/12\/vadvirag-vetomag.jpg","width":404,"height":898},{"@type":"BreadcrumbList","@id":"https:\/\/tajkertesz.com\/termek\/vadvirag-keverek-fupapir-csomagolasban\/#breadcrumb","itemListElement":[{"@type":"ListItem","position":1,"name":"Home","item":"https:\/\/tajkertesz.com\/"},{"@type":"ListItem","position":2,"name":"Kezd\u0151lap","item":"https:\/\/tajkertesz.com\/"},{"@type":"ListItem","position":3,"name":"Vadvir\u00e1g kever\u00e9k f\u0171pap\u00edr csomagol\u00e1sban"}]},{"@type":"WebSite","@id":"https:\/\/tajkertesz.com\/#website","url":"https:\/\/tajkertesz.com\/","name":"T\u00e1j-Kert\u00e9sz 84 Kft.","description":"Kert\u00e9szeti kis- \u00e9s nagykeresked\u00e9s, D\u00edszn\u00f6v\u00e9ny web\u00e1ruh\u00e1z orsz\u00e1gos h\u00e1zhozsz\u00e1ll\u00edt\u00e1ssal!","publisher":{"@id":"https:\/\/tajkertesz.com\/#organization"},"potentialAction":[{"@type":"SearchAction","target":{"@type":"EntryPoint","urlTemplate":"https:\/\/tajkertesz.com\/?s={search_term_string}"},"query-input":{"@type":"PropertyValueSpecification","valueRequired":true,"valueName":"search_term_string"}}],"inLanguage":"en-US"},{"@type":"Organization","@id":"https:\/\/tajkertesz.com\/#organization","name":"T\u00e1j-Kert\u00e9sz 84 Kft.","url":"https:\/\/tajkertesz.com\/","logo":{"@type":"ImageObject","inLanguage":"en-US","@id":"https:\/\/tajkertesz.com\/#\/schema\/logo\/image\/","url":"https:\/\/tajkertesz.com\/wp-content\/uploads\/2018\/02\/logo-2-e1518678052539.png","contentUrl":"https:\/\/tajkertesz.com\/wp-content\/uploads\/2018\/02\/logo-2-e1518678052539.png","width":81,"height":140,"caption":"T\u00e1j-Kert\u00e9sz 84 Kft."},"image":{"@id":"https:\/\/tajkertesz.com\/#\/schema\/logo\/image\/"},"sameAs":["https:\/\/www.facebook.com\/Tajkertesz\/"]}]}},"_links":{"self":[{"href":"https:\/\/tajkertesz.com\/en_US\/wp-json\/wp\/v2\/product\/14556","targetHints":{"allow":["GET"]}}],"collection":[{"href":"https:\/\/tajkertesz.com\/en_US\/wp-json\/wp\/v2\/product"}],"about":[{"href":"https:\/\/tajkertesz.com\/en_US\/wp-json\/wp\/v2\/types\/product"}],"wp:featuredmedia":[{"embeddable":true,"href":"https:\/\/tajkertesz.com\/en_US\/wp-json\/wp\/v2\/media\/14557"}],"wp:attachment":[{"href":"https:\/\/tajkertesz.com\/en_US\/wp-json\/wp\/v2\/media?parent=14556"}],"wp:term":[{"taxonomy":"product_brand","embeddable":true,"href":"https:\/\/tajkertesz.com\/en_US\/wp-json\/wp\/v2\/product_brand?post=14556"},{"taxonomy":"product_cat","embeddable":true,"href":"https:\/\/tajkertesz.com\/en_US\/wp-json\/wp\/v2\/product_cat?post=14556"},{"taxonomy":"product_tag","embeddable":true,"href":"https:\/\/tajkertesz.com\/en_US\/wp-json\/wp\/v2\/product_tag?post=14556"}],"curies":[{"name":"wp","href":"https:\/\/api.w.org\/{rel}","templated":true}]}}