{"id":14581,"date":"2023-01-10T09:56:47","date_gmt":"2023-01-10T09:56:47","guid":{"rendered":"https:\/\/tajkertesz.com\/?post_type=product&#038;p=14581"},"modified":"2026-02-19T10:40:34","modified_gmt":"2026-02-19T10:40:34","slug":"florimo-kaktusz-fold-3-l","status":"publish","type":"product","link":"https:\/\/tajkertesz.com\/en_US\/product\/florimo-kaktusz-fold-3-l\/","title":{"rendered":"Florimo Kaktuszf\u00f6ld 3 L"},"content":{"rendered":"<h3>Florimo Kaktusz vir\u00e1gf\u00f6ld 3 L<\/h3>\n<p>&nbsp;<\/p>\n<p class=\"elementor-heading-title elementor-size-default\">Florimo Kaktusz vir\u00e1gf\u00f6ld 3 L Term\u00e9szetes alapanyagokat tartalmaz\u00f3 \u00fcltet\u0151 k\u00f6zeg kaktuszf\u00e9l\u00e9k sz\u00e1m\u00e1ra. Speci\u00e1lisan \u00f6ssze\u00e1ll\u00edtott f\u00f6ldkever\u00e9k gazdag tartalommal.<br \/>\n<b>Kiszerel\u00e9s:<\/b>\u00a03 liter<\/p>\n<h2 class=\"elementor-heading-title elementor-size-default\">(pH 7,36 +-0,5)<\/h2>\n<h3 class=\"elementor-image-box-title\">Felhaszn\u00e1l\u00e1s<\/h3>\n<p>Kaktuszf\u00e9l\u00e9k, pozsg\u00e1sok \u00e1t\u00fcltet\u00e9s\u00e9hez, termeszt\u00e9s\u00e9hez.<\/p>\n<h3 class=\"elementor-image-box-title\">Alapanyagok<\/h3>\n<section class=\"elementor-section elementor-top-section elementor-element elementor-element-3d18ec59 elementor-section-boxed elementor-section-height-default elementor-section-height-default\" data-id=\"3d18ec59\" data-element_type=\"section\" data-settings=\"{&quot;background_background&quot;:&quot;classic&quot;}\">\n<div class=\"elementor-container elementor-column-gap-default\">\n<div class=\"elementor-column elementor-col-33 elementor-top-column elementor-element elementor-element-7f5d2b11 animated fadeInUp\" data-id=\"7f5d2b11\" data-element_type=\"column\" data-settings=\"{&quot;background_background&quot;:&quot;classic&quot;,&quot;animation&quot;:&quot;fadeInUp&quot;,&quot;animation_delay&quot;:1000}\">\n<div class=\"elementor-widget-wrap elementor-element-populated\">\n<section class=\"elementor-section elementor-inner-section elementor-element elementor-element-49e3296 elementor-reverse-mobile elementor-section-boxed elementor-section-height-default elementor-section-height-default\" data-id=\"49e3296\" data-element_type=\"section\" data-settings=\"{&quot;background_background&quot;:&quot;classic&quot;}\">\n<div class=\"elementor-container elementor-column-gap-default\">\n<div class=\"elementor-column elementor-col-100 elementor-inner-column elementor-element elementor-element-25152be0\" data-id=\"25152be0\" data-element_type=\"column\">\n<div class=\"elementor-widget-wrap elementor-element-populated\">\n<div class=\"elementor-element elementor-element-78599873 elementor-widget elementor-widget-text-editor\" data-id=\"78599873\" data-element_type=\"widget\" data-widget_type=\"text-editor.default\">\n<div class=\"elementor-widget-container\">\n<p class=\"elementor-image-box-description\">Sphagnum moha t\u0151zeg, s\u00edkl\u00e1p t\u0151zeg, komposzt\u00e1lt marhatr\u00e1gya, folyami homok, m\u0171tr\u00e1gya kever\u00e9k.<\/p>\n<\/div>\n<\/div>\n<\/div>\n<\/div>\n<\/div>\n<\/section>\n<\/div>\n<\/div>\n<\/div>\n<\/section>\n<section class=\"elementor-section elementor-top-section elementor-element elementor-element-7b7ea59b elementor-section-boxed elementor-section-height-default elementor-section-height-default\" data-id=\"7b7ea59b\" data-element_type=\"section\" data-settings=\"{&quot;background_background&quot;:&quot;classic&quot;}\"><\/section>\n<div class=\"elementor-tabs-wrapper\" role=\"tablist\">\n<h2 id=\"elementor-tab-title-1121\" class=\"elementor-tab-title elementor-tab-desktop-title elementor-active\" tabindex=\"0\" role=\"tab\" aria-selected=\"true\" data-tab=\"1\" aria-controls=\"elementor-tab-content-1121\" aria-expanded=\"true\"><span style=\"color: #ff0000;\">Hogyan haszn\u00e1ljam?<\/span><\/h2>\n<\/div>\n<div class=\"elementor-tabs-content-wrapper\" role=\"tablist\" aria-orientation=\"vertical\">\n<div id=\"elementor-tab-content-1121\" class=\"elementor-tab-content elementor-clearfix elementor-active\" tabindex=\"0\" role=\"tabpanel\" data-tab=\"1\" aria-labelledby=\"elementor-tab-title-1121\">\n<p>\u00c1t\u00fcltet\u00e9sn\u00e9l keszty\u0171vel fogjuk meg a n\u00f6v\u00e9nyt, emelj\u00fck ki a cser\u00e9pb\u0151l, laz\u00edtsuk meg a gy\u00f6k\u00e9rzetet. \u00dcltess\u00fck \u00e1t a n\u00f6v\u00e9nyt, majd t\u00f6m\u00f6r\u00edts\u00fck a talajt. Gy\u00f6ngykaviccsal, k\u0151z\u00fazal\u00e9kkal (nem meszes) d\u00edsz\u00edthetj\u00fck a felsz\u00ednt. Csak 3-4 nap ut\u00e1n kezdj\u00fck gyeng\u00e9n \u00f6nt\u00f6zni. 4-6 h\u00e9t ut\u00e1n speci\u00e1lis kaktuszt\u00e1ppal tr\u00e1gy\u00e1zzunk. Ker\u00fclj\u00fck a t\u00fal\u00f6nt\u00f6z\u00e9st.<\/p>\n<\/div>\n<\/div>\n<p>&nbsp;<\/p>\n<p><a href=\"https:\/\/tajkertesz.com\/\">https:\/\/tajkertesz.com\/<\/a><\/p>\n<p><a href=\"https:\/\/www.facebook.com\/tajkertesz\">https:\/\/www.facebook.com\/tajkertesz<\/a><\/p>\n<p>&nbsp;<\/p>\n<p><b>K\u00e9szlet\u00fcnk napi szinten v\u00e1ltozik, ez\u00e9rt k\u00e9rj\u00fck, \u00e9rdekl\u0151dj\u00f6n szem\u00e9lyesen, telefonon vagy email-en.<br \/>\nA v\u00e1ltoztat\u00e1s jog\u00e1t fenntartjuk!\u00a0<\/b><\/p>\n<p>Sz\u00e1ll\u00edt\u00e1s fut\u00e1rszolg\u00e1lattal 200 cm-is, \u00e9s 40 kg-ig lehets\u00e9ges. E felett szem\u00e9lyes \u00e1tv\u00e9tellel vagy egyeztetett sz\u00e1ll\u00edt\u00e1si felt\u00e9tellel lehet.<\/p>\n<p>Term\u00e9k m\u00e9rete: 3 L<\/p>","protected":false},"excerpt":{"rendered":"<p class=\"elementor-heading-title elementor-size-default\">Florimo Kaktusz vir\u00e1gf\u00f6ld 3 L Term\u00e9szetes alapanyagokat tartalmaz\u00f3 \u00fcltet\u0151 k\u00f6zeg kaktuszf\u00e9l\u00e9k sz\u00e1m\u00e1ra. Speci\u00e1lisan \u00f6ssze\u00e1ll\u00edtott f\u00f6ldkever\u00e9k gazdag tartalommal.<br \/>\n<b>Kiszerel\u00e9s:<\/b>\u00a03 liter<\/p>\n<h2 class=\"elementor-heading-title elementor-size-default\">(pH 7,36 +-0,5)<\/h2>","protected":false},"featured_media":14582,"template":"","meta":{"_et_pb_use_builder":"","_et_pb_old_content":"","_et_gb_content_width":""},"product_brand":[],"product_cat":[4129],"product_tag":[1459,1461,1464,1465,1460],"class_list":{"0":"post-14581","1":"product","2":"type-product","3":"status-publish","4":"has-post-thumbnail","6":"product_cat-florimo-viragfoldek","7":"product_tag-florimo","8":"product_tag-fold","9":"product_tag-fuszer","10":"product_tag-gyogynoveny","11":"product_tag-viragfold","13":"first","14":"instock","15":"shipping-taxable","16":"purchasable","17":"product-type-simple"},"yoast_head":"<!-- This site is optimized with the Yoast SEO plugin v27.3 - https:\/\/yoast.com\/product\/yoast-seo-wordpress\/ -->\n<title>Florimo Kaktuszf\u00f6ld 3 L - T\u00e1jkert\u00e9sz<\/title>\n<meta name=\"description\" content=\"Florimo kaktuszf\u00f6ld 3L Term\u00e9szetes alapanyagokat tartalmaz\u00f3 \u00fcltet\u0151 k\u00f6zeg kaktuszf\u00e9l\u00e9k sz\u00e1m\u00e1ra. Rendeljen web\u00e1ruh\u00e1zunkb\u00f3l kert\u00e9szeti term\u00e9keket.\" \/>\n<meta name=\"robots\" content=\"index, follow, max-snippet:-1, max-image-preview:large, max-video-preview:-1\" \/>\n<link rel=\"canonical\" href=\"https:\/\/tajkertesz.com\/en_US\/product\/florimo-kaktusz-fold-3-l\/\" \/>\n<meta property=\"og:locale\" content=\"en_US\" \/>\n<meta property=\"og:type\" content=\"article\" \/>\n<meta property=\"og:title\" content=\"Florimo Kaktuszf\u00f6ld 3 L - T\u00e1jkert\u00e9sz\" \/>\n<meta property=\"og:description\" content=\"Florimo kaktuszf\u00f6ld 3L Term\u00e9szetes alapanyagokat tartalmaz\u00f3 \u00fcltet\u0151 k\u00f6zeg kaktuszf\u00e9l\u00e9k sz\u00e1m\u00e1ra. Rendeljen web\u00e1ruh\u00e1zunkb\u00f3l kert\u00e9szeti term\u00e9keket.\" \/>\n<meta property=\"og:url\" content=\"https:\/\/tajkertesz.com\/en_US\/product\/florimo-kaktusz-fold-3-l\/\" \/>\n<meta property=\"og:site_name\" content=\"T\u00e1jkert\u00e9sz\" \/>\n<meta property=\"article:publisher\" content=\"https:\/\/www.facebook.com\/Tajkertesz\/\" \/>\n<meta property=\"article:modified_time\" content=\"2026-02-19T10:40:34+00:00\" \/>\n<meta property=\"og:image\" content=\"https:\/\/tajkertesz.com\/wp-content\/uploads\/2023\/01\/Florimo-Viragfoldek_Kaktusz-3L_3D.png\" \/>\n\t<meta property=\"og:image:width\" content=\"600\" \/>\n\t<meta property=\"og:image:height\" content=\"929\" \/>\n\t<meta property=\"og:image:type\" content=\"image\/png\" \/>\n<meta name=\"twitter:card\" content=\"summary_large_image\" \/>\n<meta name=\"twitter:label1\" content=\"Est. reading time\" \/>\n\t<meta name=\"twitter:data1\" content=\"1 minute\" \/>\n<script type=\"application\/ld+json\" class=\"yoast-schema-graph\">{\"@context\":\"https:\\\/\\\/schema.org\",\"@graph\":[{\"@type\":\"WebPage\",\"@id\":\"https:\\\/\\\/tajkertesz.com\\\/termek\\\/florimo-kaktusz-fold-3-l\\\/\",\"url\":\"https:\\\/\\\/tajkertesz.com\\\/termek\\\/florimo-kaktusz-fold-3-l\\\/\",\"name\":\"Florimo Kaktuszf\u00f6ld 3 L - T\u00e1jkert\u00e9sz\",\"isPartOf\":{\"@id\":\"https:\\\/\\\/tajkertesz.com\\\/#website\"},\"primaryImageOfPage\":{\"@id\":\"https:\\\/\\\/tajkertesz.com\\\/termek\\\/florimo-kaktusz-fold-3-l\\\/#primaryimage\"},\"image\":{\"@id\":\"https:\\\/\\\/tajkertesz.com\\\/termek\\\/florimo-kaktusz-fold-3-l\\\/#primaryimage\"},\"thumbnailUrl\":\"https:\\\/\\\/tajkertesz.com\\\/wp-content\\\/uploads\\\/2023\\\/01\\\/Florimo-Viragfoldek_Kaktusz-3L_3D.png\",\"datePublished\":\"2023-01-10T09:56:47+00:00\",\"dateModified\":\"2026-02-19T10:40:34+00:00\",\"description\":\"Florimo kaktuszf\u00f6ld 3L Term\u00e9szetes alapanyagokat tartalmaz\u00f3 \u00fcltet\u0151 k\u00f6zeg kaktuszf\u00e9l\u00e9k sz\u00e1m\u00e1ra. Rendeljen web\u00e1ruh\u00e1zunkb\u00f3l kert\u00e9szeti term\u00e9keket.\",\"breadcrumb\":{\"@id\":\"https:\\\/\\\/tajkertesz.com\\\/termek\\\/florimo-kaktusz-fold-3-l\\\/#breadcrumb\"},\"inLanguage\":\"en-US\",\"potentialAction\":[{\"@type\":\"ReadAction\",\"target\":[\"https:\\\/\\\/tajkertesz.com\\\/termek\\\/florimo-kaktusz-fold-3-l\\\/\"]}]},{\"@type\":\"ImageObject\",\"inLanguage\":\"en-US\",\"@id\":\"https:\\\/\\\/tajkertesz.com\\\/termek\\\/florimo-kaktusz-fold-3-l\\\/#primaryimage\",\"url\":\"https:\\\/\\\/tajkertesz.com\\\/wp-content\\\/uploads\\\/2023\\\/01\\\/Florimo-Viragfoldek_Kaktusz-3L_3D.png\",\"contentUrl\":\"https:\\\/\\\/tajkertesz.com\\\/wp-content\\\/uploads\\\/2023\\\/01\\\/Florimo-Viragfoldek_Kaktusz-3L_3D.png\",\"width\":600,\"height\":929,\"caption\":\"Kaktuszf\u00f6ld\"},{\"@type\":\"BreadcrumbList\",\"@id\":\"https:\\\/\\\/tajkertesz.com\\\/termek\\\/florimo-kaktusz-fold-3-l\\\/#breadcrumb\",\"itemListElement\":[{\"@type\":\"ListItem\",\"position\":1,\"name\":\"Home\",\"item\":\"https:\\\/\\\/tajkertesz.com\\\/\"},{\"@type\":\"ListItem\",\"position\":2,\"name\":\"Kezd\u0151lap\",\"item\":\"https:\\\/\\\/tajkertesz.com\\\/\"},{\"@type\":\"ListItem\",\"position\":3,\"name\":\"Florimo Kaktuszf\u00f6ld 3 L\"}]},{\"@type\":\"WebSite\",\"@id\":\"https:\\\/\\\/tajkertesz.com\\\/#website\",\"url\":\"https:\\\/\\\/tajkertesz.com\\\/\",\"name\":\"T\u00e1j-Kert\u00e9sz 84 Kft.\",\"description\":\"Kert\u00e9szeti kis- \u00e9s nagykeresked\u00e9s, D\u00edszn\u00f6v\u00e9ny web\u00e1ruh\u00e1z orsz\u00e1gos h\u00e1zhozsz\u00e1ll\u00edt\u00e1ssal!\",\"publisher\":{\"@id\":\"https:\\\/\\\/tajkertesz.com\\\/#organization\"},\"potentialAction\":[{\"@type\":\"SearchAction\",\"target\":{\"@type\":\"EntryPoint\",\"urlTemplate\":\"https:\\\/\\\/tajkertesz.com\\\/?s={search_term_string}\"},\"query-input\":{\"@type\":\"PropertyValueSpecification\",\"valueRequired\":true,\"valueName\":\"search_term_string\"}}],\"inLanguage\":\"en-US\"},{\"@type\":\"Organization\",\"@id\":\"https:\\\/\\\/tajkertesz.com\\\/#organization\",\"name\":\"T\u00e1j-Kert\u00e9sz 84 Kft.\",\"url\":\"https:\\\/\\\/tajkertesz.com\\\/\",\"logo\":{\"@type\":\"ImageObject\",\"inLanguage\":\"en-US\",\"@id\":\"https:\\\/\\\/tajkertesz.com\\\/#\\\/schema\\\/logo\\\/image\\\/\",\"url\":\"https:\\\/\\\/tajkertesz.com\\\/wp-content\\\/uploads\\\/2018\\\/02\\\/logo-2-e1518678052539.png\",\"contentUrl\":\"https:\\\/\\\/tajkertesz.com\\\/wp-content\\\/uploads\\\/2018\\\/02\\\/logo-2-e1518678052539.png\",\"width\":81,\"height\":140,\"caption\":\"T\u00e1j-Kert\u00e9sz 84 Kft.\"},\"image\":{\"@id\":\"https:\\\/\\\/tajkertesz.com\\\/#\\\/schema\\\/logo\\\/image\\\/\"},\"sameAs\":[\"https:\\\/\\\/www.facebook.com\\\/Tajkertesz\\\/\"]}]}<\/script>\n<!-- \/ Yoast SEO plugin. -->","yoast_head_json":{"title":"Florimo Kaktuszf\u00f6ld 3 L - T\u00e1jkert\u00e9sz","description":"Florimo kaktuszf\u00f6ld 3L Term\u00e9szetes alapanyagokat tartalmaz\u00f3 \u00fcltet\u0151 k\u00f6zeg kaktuszf\u00e9l\u00e9k sz\u00e1m\u00e1ra. Rendeljen web\u00e1ruh\u00e1zunkb\u00f3l kert\u00e9szeti term\u00e9keket.","robots":{"index":"index","follow":"follow","max-snippet":"max-snippet:-1","max-image-preview":"max-image-preview:large","max-video-preview":"max-video-preview:-1"},"canonical":"https:\/\/tajkertesz.com\/en_US\/product\/florimo-kaktusz-fold-3-l\/","og_locale":"en_US","og_type":"article","og_title":"Florimo Kaktuszf\u00f6ld 3 L - T\u00e1jkert\u00e9sz","og_description":"Florimo kaktuszf\u00f6ld 3L Term\u00e9szetes alapanyagokat tartalmaz\u00f3 \u00fcltet\u0151 k\u00f6zeg kaktuszf\u00e9l\u00e9k sz\u00e1m\u00e1ra. Rendeljen web\u00e1ruh\u00e1zunkb\u00f3l kert\u00e9szeti term\u00e9keket.","og_url":"https:\/\/tajkertesz.com\/en_US\/product\/florimo-kaktusz-fold-3-l\/","og_site_name":"T\u00e1jkert\u00e9sz","article_publisher":"https:\/\/www.facebook.com\/Tajkertesz\/","article_modified_time":"2026-02-19T10:40:34+00:00","og_image":[{"width":600,"height":929,"url":"https:\/\/tajkertesz.com\/wp-content\/uploads\/2023\/01\/Florimo-Viragfoldek_Kaktusz-3L_3D.png","type":"image\/png"}],"twitter_card":"summary_large_image","twitter_misc":{"Est. reading time":"1 minute"},"schema":{"@context":"https:\/\/schema.org","@graph":[{"@type":"WebPage","@id":"https:\/\/tajkertesz.com\/termek\/florimo-kaktusz-fold-3-l\/","url":"https:\/\/tajkertesz.com\/termek\/florimo-kaktusz-fold-3-l\/","name":"Florimo Kaktuszf\u00f6ld 3 L - T\u00e1jkert\u00e9sz","isPartOf":{"@id":"https:\/\/tajkertesz.com\/#website"},"primaryImageOfPage":{"@id":"https:\/\/tajkertesz.com\/termek\/florimo-kaktusz-fold-3-l\/#primaryimage"},"image":{"@id":"https:\/\/tajkertesz.com\/termek\/florimo-kaktusz-fold-3-l\/#primaryimage"},"thumbnailUrl":"https:\/\/tajkertesz.com\/wp-content\/uploads\/2023\/01\/Florimo-Viragfoldek_Kaktusz-3L_3D.png","datePublished":"2023-01-10T09:56:47+00:00","dateModified":"2026-02-19T10:40:34+00:00","description":"Florimo kaktuszf\u00f6ld 3L Term\u00e9szetes alapanyagokat tartalmaz\u00f3 \u00fcltet\u0151 k\u00f6zeg kaktuszf\u00e9l\u00e9k sz\u00e1m\u00e1ra. Rendeljen web\u00e1ruh\u00e1zunkb\u00f3l kert\u00e9szeti term\u00e9keket.","breadcrumb":{"@id":"https:\/\/tajkertesz.com\/termek\/florimo-kaktusz-fold-3-l\/#breadcrumb"},"inLanguage":"en-US","potentialAction":[{"@type":"ReadAction","target":["https:\/\/tajkertesz.com\/termek\/florimo-kaktusz-fold-3-l\/"]}]},{"@type":"ImageObject","inLanguage":"en-US","@id":"https:\/\/tajkertesz.com\/termek\/florimo-kaktusz-fold-3-l\/#primaryimage","url":"https:\/\/tajkertesz.com\/wp-content\/uploads\/2023\/01\/Florimo-Viragfoldek_Kaktusz-3L_3D.png","contentUrl":"https:\/\/tajkertesz.com\/wp-content\/uploads\/2023\/01\/Florimo-Viragfoldek_Kaktusz-3L_3D.png","width":600,"height":929,"caption":"Kaktuszf\u00f6ld"},{"@type":"BreadcrumbList","@id":"https:\/\/tajkertesz.com\/termek\/florimo-kaktusz-fold-3-l\/#breadcrumb","itemListElement":[{"@type":"ListItem","position":1,"name":"Home","item":"https:\/\/tajkertesz.com\/"},{"@type":"ListItem","position":2,"name":"Kezd\u0151lap","item":"https:\/\/tajkertesz.com\/"},{"@type":"ListItem","position":3,"name":"Florimo Kaktuszf\u00f6ld 3 L"}]},{"@type":"WebSite","@id":"https:\/\/tajkertesz.com\/#website","url":"https:\/\/tajkertesz.com\/","name":"T\u00e1j-Kert\u00e9sz 84 Kft.","description":"Kert\u00e9szeti kis- \u00e9s nagykeresked\u00e9s, D\u00edszn\u00f6v\u00e9ny web\u00e1ruh\u00e1z orsz\u00e1gos h\u00e1zhozsz\u00e1ll\u00edt\u00e1ssal!","publisher":{"@id":"https:\/\/tajkertesz.com\/#organization"},"potentialAction":[{"@type":"SearchAction","target":{"@type":"EntryPoint","urlTemplate":"https:\/\/tajkertesz.com\/?s={search_term_string}"},"query-input":{"@type":"PropertyValueSpecification","valueRequired":true,"valueName":"search_term_string"}}],"inLanguage":"en-US"},{"@type":"Organization","@id":"https:\/\/tajkertesz.com\/#organization","name":"T\u00e1j-Kert\u00e9sz 84 Kft.","url":"https:\/\/tajkertesz.com\/","logo":{"@type":"ImageObject","inLanguage":"en-US","@id":"https:\/\/tajkertesz.com\/#\/schema\/logo\/image\/","url":"https:\/\/tajkertesz.com\/wp-content\/uploads\/2018\/02\/logo-2-e1518678052539.png","contentUrl":"https:\/\/tajkertesz.com\/wp-content\/uploads\/2018\/02\/logo-2-e1518678052539.png","width":81,"height":140,"caption":"T\u00e1j-Kert\u00e9sz 84 Kft."},"image":{"@id":"https:\/\/tajkertesz.com\/#\/schema\/logo\/image\/"},"sameAs":["https:\/\/www.facebook.com\/Tajkertesz\/"]}]}},"_links":{"self":[{"href":"https:\/\/tajkertesz.com\/en_US\/wp-json\/wp\/v2\/product\/14581","targetHints":{"allow":["GET"]}}],"collection":[{"href":"https:\/\/tajkertesz.com\/en_US\/wp-json\/wp\/v2\/product"}],"about":[{"href":"https:\/\/tajkertesz.com\/en_US\/wp-json\/wp\/v2\/types\/product"}],"wp:featuredmedia":[{"embeddable":true,"href":"https:\/\/tajkertesz.com\/en_US\/wp-json\/wp\/v2\/media\/14582"}],"wp:attachment":[{"href":"https:\/\/tajkertesz.com\/en_US\/wp-json\/wp\/v2\/media?parent=14581"}],"wp:term":[{"taxonomy":"product_brand","embeddable":true,"href":"https:\/\/tajkertesz.com\/en_US\/wp-json\/wp\/v2\/product_brand?post=14581"},{"taxonomy":"product_cat","embeddable":true,"href":"https:\/\/tajkertesz.com\/en_US\/wp-json\/wp\/v2\/product_cat?post=14581"},{"taxonomy":"product_tag","embeddable":true,"href":"https:\/\/tajkertesz.com\/en_US\/wp-json\/wp\/v2\/product_tag?post=14581"}],"curies":[{"name":"wp","href":"https:\/\/api.w.org\/{rel}","templated":true}]}}