{"id":14583,"date":"2023-01-10T10:08:02","date_gmt":"2023-01-10T10:08:02","guid":{"rendered":"https:\/\/tajkertesz.com\/?post_type=product&#038;p=14583"},"modified":"2026-02-19T10:27:03","modified_gmt":"2026-02-19T10:27:03","slug":"florimo-vizinoveny-viragfold-20-l-masolat","status":"publish","type":"product","link":"https:\/\/tajkertesz.com\/en_US\/product\/florimo-vizinoveny-viragfold-20-l-masolat\/","title":{"rendered":"Florimo V\u00edzin\u00f6v\u00e9ny vir\u00e1gf\u00f6ld 20 L"},"content":{"rendered":"<h3>Florimo V\u00edzin\u00f6v\u00e9ny vir\u00e1gf\u00f6ld 20 L<\/h3>\n<p>&nbsp;<\/p>\n<p class=\"elementor-heading-title elementor-size-default\">A Florimo V\u00edzin\u00f6v\u00e9ny vir\u00e1gf\u00f6ld 20 L speci\u00e1lis szerkezete lehet\u0151v\u00e9 teszi v\u00edzi- \u00e9s mocs\u00e1ri n\u00f6v\u00e9nyek be\u00fcltet\u00e9s\u00e9t, sok agyaggal, folyami homokkal \u00e9s term\u00e9szetes t\u00e1panyaggal.<br \/>\n<b>Kiszerel\u00e9s:<\/b>\u00a020 liter<\/p>\n<div class=\"elementor-container elementor-column-gap-default\">\n<div class=\"elementor-column elementor-col-100 elementor-inner-column elementor-element elementor-element-14ce8eae\" data-id=\"14ce8eae\" data-element_type=\"column\">\n<div class=\"elementor-widget-wrap elementor-element-populated\">\n<div class=\"elementor-element elementor-element-548100f5 elementor-widget elementor-widget-heading\" data-id=\"548100f5\" data-element_type=\"widget\" data-widget_type=\"heading.default\">\n<div class=\"elementor-widget-container\">\n<h2 class=\"elementor-heading-title elementor-size-default\">(pH 8,39 +-0,5)<\/h2>\n<\/div>\n<\/div>\n<\/div>\n<\/div>\n<\/div>\n<h3 class=\"elementor-image-box-title\">Felhaszn\u00e1l\u00e1s<\/h3>\n<p>V\u00edzin\u00f6v\u00e9nyf\u00f6ld v\u00edzi- \u00e9s mocs\u00e1ri n\u00f6v\u00e9nyek \u00fcltet\u00e9s\u00e9hez (Pl.: tavir\u00f3zsa, \u00edrisz, k\u00e1ka, gy\u00e9k\u00e9ny, g\u00f3lyah\u00edr, ny\u00edlf\u0171).<\/p>\n<h3 class=\"elementor-image-box-title\">Alapanyagok<\/h3>\n<p class=\"elementor-image-box-description\">Agyag, folyami homok, Sphagnum moha t\u0151zeg, komposzt\u00e1lt marhatr\u00e1gya, s\u00edkl\u00e1pt\u0151zeg<\/p>\n<div class=\"elementor-tabs-wrapper\" role=\"tablist\">\n<h3 id=\"elementor-tab-title-2361\" class=\"elementor-tab-title elementor-tab-desktop-title elementor-active\" tabindex=\"0\" role=\"tab\" aria-selected=\"true\" data-tab=\"1\" aria-controls=\"elementor-tab-content-2361\" aria-expanded=\"true\"><span style=\"color: #ff0000;\">Hogyan haszn\u00e1ljam?<\/span><\/h3>\n<\/div>\n<div class=\"elementor-tabs-content-wrapper\" role=\"tablist\" aria-orientation=\"vertical\">\n<div id=\"elementor-tab-content-2361\" class=\"elementor-tab-content elementor-clearfix elementor-active\" tabindex=\"0\" role=\"tabpanel\" data-tab=\"1\" aria-labelledby=\"elementor-tab-title-2361\">\n<p>A kerti t\u00f3 kialak\u00edt\u00e1sa ut\u00e1n helyezz\u00fcnk a t\u00f3 legm\u00e9lyebb r\u00e9sz\u00e9be egy kupac f\u00f6ldet, helyezz\u00fck r\u00e1 a be\u00fcltetend\u0151 n\u00f6v\u00e9nyt, majd ter\u00edts\u00fck r\u00e1 a v\u00edzin\u00f6v\u00e9nyf\u00f6ldet bel\u00fclr\u0151l kifel\u00e9, majd t\u00f6m\u00f6r\u00edts\u00fck a f\u00f6ldet. N\u00f6v\u00e9nytart\u00f3 kos\u00e1rba t\u00f6rt\u00e9n\u0151 \u00fcltet\u00e9sn\u00e9l rakjunk egy r\u00e9teg f\u00f6ldet az ed\u00e9ny alj\u00e1ra, helyezz\u00fck bele a n\u00f6v\u00e9nyt, majd t\u00f6lts\u00fck fel \u00e9s \u00f3vatosan t\u00f6m\u00f6r\u00edts\u00fck. A f\u00f6ld tetej\u00e9re rakhatunk kisebb k\u00f6veket vagy kavicsot d\u00edsz\u00edt\u00e9sk\u00e9nt \u00e9s megakad\u00e1lyozva a n\u00f6v\u00e9ny felemelked\u00e9s\u00e9t. Az \u00fcltet\u00e9sek ut\u00e1n \u00f3vatosan elkezdhetj\u00fck a t\u00f3 felt\u00f6lt\u00e9s\u00e9t v\u00edzzel. A v\u00edz felsz\u00edn\u00e9re ker\u00fcl\u0151 anyagokat t\u00e1vol\u00edtsuk el. Tov\u00e1bbi t\u00e1panyag kijuttat\u00e1s\u00e1ra a v\u00edzben l\u00e9v\u0151 n\u00f6v\u00e9nyeknek nincs sz\u00fcks\u00e9ge.<\/p>\n<\/div>\n<\/div>\n<p>&nbsp;<\/p>\n<p><a href=\"https:\/\/tajkertesz.com\/\">https:\/\/tajkertesz.com\/<\/a><\/p>\n<p><a href=\"https:\/\/www.facebook.com\/tajkertesz\">https:\/\/www.facebook.com\/tajkertesz<\/a><\/p>\n<p><b>K\u00e9szlet\u00fcnk napi szinten v\u00e1ltozik, ez\u00e9rt k\u00e9rj\u00fck, \u00e9rdekl\u0151dj\u00f6n szem\u00e9lyesen, telefonon vagy email-en.<br \/>\nA v\u00e1ltoztat\u00e1s jog\u00e1t fenntartjuk!\u00a0<\/b><\/p>\n<p>Sz\u00e1ll\u00edt\u00e1s fut\u00e1rszolg\u00e1lattal 200 cm-is, \u00e9s 40 kg-ig lehets\u00e9ges. E felett szem\u00e9lyes \u00e1tv\u00e9tellel vagy egyeztetett sz\u00e1ll\u00edt\u00e1si felt\u00e9tellel lehet.<\/p>\n<p>Term\u00e9k m\u00e9rete: 20 L<\/p>","protected":false},"excerpt":{"rendered":"<p class=\"elementor-heading-title elementor-size-default\">A Florimo V\u00edzin\u00f6v\u00e9ny vir\u00e1gf\u00f6ld 20 L speci\u00e1lis szerkezete lehet\u0151v\u00e9 teszi v\u00edzi- \u00e9s mocs\u00e1ri n\u00f6v\u00e9nyek be\u00fcltet\u00e9s\u00e9t, sok agyaggal, folyami homokkal \u00e9s term\u00e9szetes t\u00e1panyaggal.<br \/>\n<b>Kiszerel\u00e9s:<\/b>\u00a020 liter<\/p>\n<div class=\"elementor-container elementor-column-gap-default\">\n<div class=\"elementor-column elementor-col-100 elementor-inner-column elementor-element elementor-element-14ce8eae\" data-id=\"14ce8eae\" data-element_type=\"column\">\n<div class=\"elementor-widget-wrap elementor-element-populated\">\n<div class=\"elementor-element elementor-element-548100f5 elementor-widget elementor-widget-heading\" data-id=\"548100f5\" data-element_type=\"widget\" data-widget_type=\"heading.default\">\n<div class=\"elementor-widget-container\">\n<h2 class=\"elementor-heading-title elementor-size-default\">(pH 8,39 +-0,5)<\/h2>\n<\/div>\n<\/div>\n<\/div>\n<\/div>\n<\/div>","protected":false},"featured_media":14584,"template":"","meta":{"_et_pb_use_builder":"","_et_pb_old_content":"","_et_gb_content_width":""},"product_brand":[],"product_cat":[4129],"product_tag":[1459,1461,971,1460,1466],"class_list":{"0":"post-14583","1":"product","2":"type-product","3":"status-publish","4":"has-post-thumbnail","6":"product_cat-florimo-viragfoldek","7":"product_tag-florimo","8":"product_tag-fold","9":"product_tag-kerti","10":"product_tag-viragfold","11":"product_tag-zoldseg","13":"first","14":"instock","15":"shipping-taxable","16":"purchasable","17":"product-type-simple"},"yoast_head":"<!-- This site is optimized with the Yoast SEO plugin v27.3 - https:\/\/yoast.com\/product\/yoast-seo-wordpress\/ -->\n<title>Florimo V\u00edzin\u00f6v\u00e9ny vir\u00e1gf\u00f6ld 20 L - T\u00e1jkert\u00e9sz<\/title>\n<meta name=\"description\" content=\"Florimo V\u00edzin\u00f6v\u00e9ny vir\u00e1gf\u00f6ld 20 L speci\u00e1lis szerkezete lehet\u0151v\u00e9 teszi v\u00edzi- \u00e9s mocs\u00e1ri n\u00f6v\u00e9nyek \u00fcltet\u00e9s\u00e9t. Rendeljen web\u00e1ruh\u00e1zunkb\u00f3l kert\u00e9szeti term\u00e9keket.\" \/>\n<meta name=\"robots\" content=\"index, follow, max-snippet:-1, max-image-preview:large, max-video-preview:-1\" \/>\n<link rel=\"canonical\" href=\"https:\/\/tajkertesz.com\/en_US\/product\/florimo-vizinoveny-viragfold-20-l-masolat\/\" \/>\n<meta property=\"og:locale\" content=\"en_US\" \/>\n<meta property=\"og:type\" content=\"article\" \/>\n<meta property=\"og:title\" content=\"Florimo V\u00edzin\u00f6v\u00e9ny vir\u00e1gf\u00f6ld 20 L - T\u00e1jkert\u00e9sz\" \/>\n<meta property=\"og:description\" content=\"Florimo V\u00edzin\u00f6v\u00e9ny vir\u00e1gf\u00f6ld 20 L speci\u00e1lis szerkezete lehet\u0151v\u00e9 teszi v\u00edzi- \u00e9s mocs\u00e1ri n\u00f6v\u00e9nyek \u00fcltet\u00e9s\u00e9t. Rendeljen web\u00e1ruh\u00e1zunkb\u00f3l kert\u00e9szeti term\u00e9keket.\" \/>\n<meta property=\"og:url\" content=\"https:\/\/tajkertesz.com\/en_US\/product\/florimo-vizinoveny-viragfold-20-l-masolat\/\" \/>\n<meta property=\"og:site_name\" content=\"T\u00e1jkert\u00e9sz\" \/>\n<meta property=\"article:publisher\" content=\"https:\/\/www.facebook.com\/Tajkertesz\/\" \/>\n<meta property=\"article:modified_time\" content=\"2026-02-19T10:27:03+00:00\" \/>\n<meta property=\"og:image\" content=\"https:\/\/tajkertesz.com\/wp-content\/uploads\/2023\/01\/Florimo-Viragfoldek_Vizinoveny-20L_3D.png\" \/>\n\t<meta property=\"og:image:width\" content=\"600\" \/>\n\t<meta property=\"og:image:height\" content=\"929\" \/>\n\t<meta property=\"og:image:type\" content=\"image\/png\" \/>\n<meta name=\"twitter:card\" content=\"summary_large_image\" \/>\n<meta name=\"twitter:label1\" content=\"Est. reading time\" \/>\n\t<meta name=\"twitter:data1\" content=\"2 minutes\" \/>\n<script type=\"application\/ld+json\" class=\"yoast-schema-graph\">{\"@context\":\"https:\\\/\\\/schema.org\",\"@graph\":[{\"@type\":\"WebPage\",\"@id\":\"https:\\\/\\\/tajkertesz.com\\\/termek\\\/florimo-vizinoveny-viragfold-20-l-masolat\\\/\",\"url\":\"https:\\\/\\\/tajkertesz.com\\\/termek\\\/florimo-vizinoveny-viragfold-20-l-masolat\\\/\",\"name\":\"Florimo V\u00edzin\u00f6v\u00e9ny vir\u00e1gf\u00f6ld 20 L - T\u00e1jkert\u00e9sz\",\"isPartOf\":{\"@id\":\"https:\\\/\\\/tajkertesz.com\\\/#website\"},\"primaryImageOfPage\":{\"@id\":\"https:\\\/\\\/tajkertesz.com\\\/termek\\\/florimo-vizinoveny-viragfold-20-l-masolat\\\/#primaryimage\"},\"image\":{\"@id\":\"https:\\\/\\\/tajkertesz.com\\\/termek\\\/florimo-vizinoveny-viragfold-20-l-masolat\\\/#primaryimage\"},\"thumbnailUrl\":\"https:\\\/\\\/tajkertesz.com\\\/wp-content\\\/uploads\\\/2023\\\/01\\\/Florimo-Viragfoldek_Vizinoveny-20L_3D.png\",\"datePublished\":\"2023-01-10T10:08:02+00:00\",\"dateModified\":\"2026-02-19T10:27:03+00:00\",\"description\":\"Florimo V\u00edzin\u00f6v\u00e9ny vir\u00e1gf\u00f6ld 20 L speci\u00e1lis szerkezete lehet\u0151v\u00e9 teszi v\u00edzi- \u00e9s mocs\u00e1ri n\u00f6v\u00e9nyek \u00fcltet\u00e9s\u00e9t. Rendeljen web\u00e1ruh\u00e1zunkb\u00f3l kert\u00e9szeti term\u00e9keket.\",\"breadcrumb\":{\"@id\":\"https:\\\/\\\/tajkertesz.com\\\/termek\\\/florimo-vizinoveny-viragfold-20-l-masolat\\\/#breadcrumb\"},\"inLanguage\":\"en-US\",\"potentialAction\":[{\"@type\":\"ReadAction\",\"target\":[\"https:\\\/\\\/tajkertesz.com\\\/termek\\\/florimo-vizinoveny-viragfold-20-l-masolat\\\/\"]}]},{\"@type\":\"ImageObject\",\"inLanguage\":\"en-US\",\"@id\":\"https:\\\/\\\/tajkertesz.com\\\/termek\\\/florimo-vizinoveny-viragfold-20-l-masolat\\\/#primaryimage\",\"url\":\"https:\\\/\\\/tajkertesz.com\\\/wp-content\\\/uploads\\\/2023\\\/01\\\/Florimo-Viragfoldek_Vizinoveny-20L_3D.png\",\"contentUrl\":\"https:\\\/\\\/tajkertesz.com\\\/wp-content\\\/uploads\\\/2023\\\/01\\\/Florimo-Viragfoldek_Vizinoveny-20L_3D.png\",\"width\":600,\"height\":929},{\"@type\":\"BreadcrumbList\",\"@id\":\"https:\\\/\\\/tajkertesz.com\\\/termek\\\/florimo-vizinoveny-viragfold-20-l-masolat\\\/#breadcrumb\",\"itemListElement\":[{\"@type\":\"ListItem\",\"position\":1,\"name\":\"Home\",\"item\":\"https:\\\/\\\/tajkertesz.com\\\/\"},{\"@type\":\"ListItem\",\"position\":2,\"name\":\"Kezd\u0151lap\",\"item\":\"https:\\\/\\\/tajkertesz.com\\\/\"},{\"@type\":\"ListItem\",\"position\":3,\"name\":\"Florimo V\u00edzin\u00f6v\u00e9ny vir\u00e1gf\u00f6ld 20 L\"}]},{\"@type\":\"WebSite\",\"@id\":\"https:\\\/\\\/tajkertesz.com\\\/#website\",\"url\":\"https:\\\/\\\/tajkertesz.com\\\/\",\"name\":\"T\u00e1j-Kert\u00e9sz 84 Kft.\",\"description\":\"Kert\u00e9szeti kis- \u00e9s nagykeresked\u00e9s, D\u00edszn\u00f6v\u00e9ny web\u00e1ruh\u00e1z orsz\u00e1gos h\u00e1zhozsz\u00e1ll\u00edt\u00e1ssal!\",\"publisher\":{\"@id\":\"https:\\\/\\\/tajkertesz.com\\\/#organization\"},\"potentialAction\":[{\"@type\":\"SearchAction\",\"target\":{\"@type\":\"EntryPoint\",\"urlTemplate\":\"https:\\\/\\\/tajkertesz.com\\\/?s={search_term_string}\"},\"query-input\":{\"@type\":\"PropertyValueSpecification\",\"valueRequired\":true,\"valueName\":\"search_term_string\"}}],\"inLanguage\":\"en-US\"},{\"@type\":\"Organization\",\"@id\":\"https:\\\/\\\/tajkertesz.com\\\/#organization\",\"name\":\"T\u00e1j-Kert\u00e9sz 84 Kft.\",\"url\":\"https:\\\/\\\/tajkertesz.com\\\/\",\"logo\":{\"@type\":\"ImageObject\",\"inLanguage\":\"en-US\",\"@id\":\"https:\\\/\\\/tajkertesz.com\\\/#\\\/schema\\\/logo\\\/image\\\/\",\"url\":\"https:\\\/\\\/tajkertesz.com\\\/wp-content\\\/uploads\\\/2018\\\/02\\\/logo-2-e1518678052539.png\",\"contentUrl\":\"https:\\\/\\\/tajkertesz.com\\\/wp-content\\\/uploads\\\/2018\\\/02\\\/logo-2-e1518678052539.png\",\"width\":81,\"height\":140,\"caption\":\"T\u00e1j-Kert\u00e9sz 84 Kft.\"},\"image\":{\"@id\":\"https:\\\/\\\/tajkertesz.com\\\/#\\\/schema\\\/logo\\\/image\\\/\"},\"sameAs\":[\"https:\\\/\\\/www.facebook.com\\\/Tajkertesz\\\/\"]}]}<\/script>\n<!-- \/ Yoast SEO plugin. -->","yoast_head_json":{"title":"Florimo V\u00edzin\u00f6v\u00e9ny vir\u00e1gf\u00f6ld 20 L - T\u00e1jkert\u00e9sz","description":"Florimo V\u00edzin\u00f6v\u00e9ny vir\u00e1gf\u00f6ld 20 L speci\u00e1lis szerkezete lehet\u0151v\u00e9 teszi v\u00edzi- \u00e9s mocs\u00e1ri n\u00f6v\u00e9nyek \u00fcltet\u00e9s\u00e9t. Rendeljen web\u00e1ruh\u00e1zunkb\u00f3l kert\u00e9szeti term\u00e9keket.","robots":{"index":"index","follow":"follow","max-snippet":"max-snippet:-1","max-image-preview":"max-image-preview:large","max-video-preview":"max-video-preview:-1"},"canonical":"https:\/\/tajkertesz.com\/en_US\/product\/florimo-vizinoveny-viragfold-20-l-masolat\/","og_locale":"en_US","og_type":"article","og_title":"Florimo V\u00edzin\u00f6v\u00e9ny vir\u00e1gf\u00f6ld 20 L - T\u00e1jkert\u00e9sz","og_description":"Florimo V\u00edzin\u00f6v\u00e9ny vir\u00e1gf\u00f6ld 20 L speci\u00e1lis szerkezete lehet\u0151v\u00e9 teszi v\u00edzi- \u00e9s mocs\u00e1ri n\u00f6v\u00e9nyek \u00fcltet\u00e9s\u00e9t. Rendeljen web\u00e1ruh\u00e1zunkb\u00f3l kert\u00e9szeti term\u00e9keket.","og_url":"https:\/\/tajkertesz.com\/en_US\/product\/florimo-vizinoveny-viragfold-20-l-masolat\/","og_site_name":"T\u00e1jkert\u00e9sz","article_publisher":"https:\/\/www.facebook.com\/Tajkertesz\/","article_modified_time":"2026-02-19T10:27:03+00:00","og_image":[{"width":600,"height":929,"url":"https:\/\/tajkertesz.com\/wp-content\/uploads\/2023\/01\/Florimo-Viragfoldek_Vizinoveny-20L_3D.png","type":"image\/png"}],"twitter_card":"summary_large_image","twitter_misc":{"Est. reading time":"2 minutes"},"schema":{"@context":"https:\/\/schema.org","@graph":[{"@type":"WebPage","@id":"https:\/\/tajkertesz.com\/termek\/florimo-vizinoveny-viragfold-20-l-masolat\/","url":"https:\/\/tajkertesz.com\/termek\/florimo-vizinoveny-viragfold-20-l-masolat\/","name":"Florimo V\u00edzin\u00f6v\u00e9ny vir\u00e1gf\u00f6ld 20 L - T\u00e1jkert\u00e9sz","isPartOf":{"@id":"https:\/\/tajkertesz.com\/#website"},"primaryImageOfPage":{"@id":"https:\/\/tajkertesz.com\/termek\/florimo-vizinoveny-viragfold-20-l-masolat\/#primaryimage"},"image":{"@id":"https:\/\/tajkertesz.com\/termek\/florimo-vizinoveny-viragfold-20-l-masolat\/#primaryimage"},"thumbnailUrl":"https:\/\/tajkertesz.com\/wp-content\/uploads\/2023\/01\/Florimo-Viragfoldek_Vizinoveny-20L_3D.png","datePublished":"2023-01-10T10:08:02+00:00","dateModified":"2026-02-19T10:27:03+00:00","description":"Florimo V\u00edzin\u00f6v\u00e9ny vir\u00e1gf\u00f6ld 20 L speci\u00e1lis szerkezete lehet\u0151v\u00e9 teszi v\u00edzi- \u00e9s mocs\u00e1ri n\u00f6v\u00e9nyek \u00fcltet\u00e9s\u00e9t. Rendeljen web\u00e1ruh\u00e1zunkb\u00f3l kert\u00e9szeti term\u00e9keket.","breadcrumb":{"@id":"https:\/\/tajkertesz.com\/termek\/florimo-vizinoveny-viragfold-20-l-masolat\/#breadcrumb"},"inLanguage":"en-US","potentialAction":[{"@type":"ReadAction","target":["https:\/\/tajkertesz.com\/termek\/florimo-vizinoveny-viragfold-20-l-masolat\/"]}]},{"@type":"ImageObject","inLanguage":"en-US","@id":"https:\/\/tajkertesz.com\/termek\/florimo-vizinoveny-viragfold-20-l-masolat\/#primaryimage","url":"https:\/\/tajkertesz.com\/wp-content\/uploads\/2023\/01\/Florimo-Viragfoldek_Vizinoveny-20L_3D.png","contentUrl":"https:\/\/tajkertesz.com\/wp-content\/uploads\/2023\/01\/Florimo-Viragfoldek_Vizinoveny-20L_3D.png","width":600,"height":929},{"@type":"BreadcrumbList","@id":"https:\/\/tajkertesz.com\/termek\/florimo-vizinoveny-viragfold-20-l-masolat\/#breadcrumb","itemListElement":[{"@type":"ListItem","position":1,"name":"Home","item":"https:\/\/tajkertesz.com\/"},{"@type":"ListItem","position":2,"name":"Kezd\u0151lap","item":"https:\/\/tajkertesz.com\/"},{"@type":"ListItem","position":3,"name":"Florimo V\u00edzin\u00f6v\u00e9ny vir\u00e1gf\u00f6ld 20 L"}]},{"@type":"WebSite","@id":"https:\/\/tajkertesz.com\/#website","url":"https:\/\/tajkertesz.com\/","name":"T\u00e1j-Kert\u00e9sz 84 Kft.","description":"Kert\u00e9szeti kis- \u00e9s nagykeresked\u00e9s, D\u00edszn\u00f6v\u00e9ny web\u00e1ruh\u00e1z orsz\u00e1gos h\u00e1zhozsz\u00e1ll\u00edt\u00e1ssal!","publisher":{"@id":"https:\/\/tajkertesz.com\/#organization"},"potentialAction":[{"@type":"SearchAction","target":{"@type":"EntryPoint","urlTemplate":"https:\/\/tajkertesz.com\/?s={search_term_string}"},"query-input":{"@type":"PropertyValueSpecification","valueRequired":true,"valueName":"search_term_string"}}],"inLanguage":"en-US"},{"@type":"Organization","@id":"https:\/\/tajkertesz.com\/#organization","name":"T\u00e1j-Kert\u00e9sz 84 Kft.","url":"https:\/\/tajkertesz.com\/","logo":{"@type":"ImageObject","inLanguage":"en-US","@id":"https:\/\/tajkertesz.com\/#\/schema\/logo\/image\/","url":"https:\/\/tajkertesz.com\/wp-content\/uploads\/2018\/02\/logo-2-e1518678052539.png","contentUrl":"https:\/\/tajkertesz.com\/wp-content\/uploads\/2018\/02\/logo-2-e1518678052539.png","width":81,"height":140,"caption":"T\u00e1j-Kert\u00e9sz 84 Kft."},"image":{"@id":"https:\/\/tajkertesz.com\/#\/schema\/logo\/image\/"},"sameAs":["https:\/\/www.facebook.com\/Tajkertesz\/"]}]}},"_links":{"self":[{"href":"https:\/\/tajkertesz.com\/en_US\/wp-json\/wp\/v2\/product\/14583","targetHints":{"allow":["GET"]}}],"collection":[{"href":"https:\/\/tajkertesz.com\/en_US\/wp-json\/wp\/v2\/product"}],"about":[{"href":"https:\/\/tajkertesz.com\/en_US\/wp-json\/wp\/v2\/types\/product"}],"wp:featuredmedia":[{"embeddable":true,"href":"https:\/\/tajkertesz.com\/en_US\/wp-json\/wp\/v2\/media\/14584"}],"wp:attachment":[{"href":"https:\/\/tajkertesz.com\/en_US\/wp-json\/wp\/v2\/media?parent=14583"}],"wp:term":[{"taxonomy":"product_brand","embeddable":true,"href":"https:\/\/tajkertesz.com\/en_US\/wp-json\/wp\/v2\/product_brand?post=14583"},{"taxonomy":"product_cat","embeddable":true,"href":"https:\/\/tajkertesz.com\/en_US\/wp-json\/wp\/v2\/product_cat?post=14583"},{"taxonomy":"product_tag","embeddable":true,"href":"https:\/\/tajkertesz.com\/en_US\/wp-json\/wp\/v2\/product_tag?post=14583"}],"curies":[{"name":"wp","href":"https:\/\/api.w.org\/{rel}","templated":true}]}}