{"id":14586,"date":"2023-01-10T10:40:12","date_gmt":"2023-01-10T10:40:12","guid":{"rendered":"https:\/\/tajkertesz.com\/?post_type=product&#038;p=14586"},"modified":"2026-02-19T10:39:56","modified_gmt":"2026-02-19T10:39:56","slug":"kerteszeti-perlit-25-l-masolat","status":"publish","type":"product","link":"https:\/\/tajkertesz.com\/en_US\/product\/kerteszeti-perlit-25-l-masolat\/","title":{"rendered":"Kert\u00e9szeti perlit 25 L"},"content":{"rendered":"<h3>Kert\u00e9szeti perlit 25 L<\/h3>\n<p>Kert\u00e9szeti Perlit 25 L Term\u00e9szetes k\u00f6r\u00fclm\u00e9nyek k\u00f6z\u00f6tt is el\u0151fordul\u00f3 vulkanikus k\u0151zet, amelynek \u0151rlem\u00e9ny\u00e9t, majd a duzzasztott (expand\u00e1lt) perlitszemcs\u00e9ket a talajba keverve biztos\u00edtjuk a vir\u00e1gf\u00f6ld leveg\u0151s k\u00f6rnyezet\u00e9t \u00e9s egyenletes v\u00edzell\u00e1t\u00e1s\u00e1t. Kiv\u00e1l\u00f3 talajlaz\u00edt\u00f3, az eredeti s\u00falya 20-szoros\u00e1t k\u00e9pes v\u00edzb\u0151l t\u00e1rolni.<br \/>\nKiszerel\u00e9s: 25 liter<\/p>\n<div class=\"elementor-element elementor-element-2b7e49d1 elementor-widget elementor-widget-heading\" data-id=\"2b7e49d1\" data-element_type=\"widget\" data-widget_type=\"heading.default\">\n<div class=\"elementor-widget-container\">\n<h2 class=\"elementor-heading-title elementor-size-default\">El\u0151ny\u00f6k<\/h2>\n<\/div>\n<\/div>\n<div class=\"elementor-element elementor-element-196a4c8f elementor-widget elementor-widget-text-editor\" data-id=\"196a4c8f\" data-element_type=\"widget\" data-widget_type=\"text-editor.default\">\n<div class=\"elementor-widget-container\">\n<p>Haszn\u00e1lat\u00e1val optim\u00e1lis lesz a talaj leveg\u0151ell\u00e1t\u00e1sa, magasabb lesz a v\u00edzmegtart\u00f3-k\u00e9pess\u00e9ge (talajnedvess\u00e9g szab\u00e1lyoz\u00e1s), n\u0151 a szerkezetstabiliz\u00e1l\u00e1sa. El\u0151seg\u00edti a gazdag \u00e9s eg\u00e9szs\u00e9ges gy\u00f6k\u00e9rrendszer kialakul\u00e1s\u00e1t, a n\u00f6v\u00e9ny ellen\u00e1ll\u00f3 k\u00e9pess\u00e9ge is n\u00f6vekszik. A perlit t\u00e1panyagot nem tartalmaz, de haszn\u00e1lhat\u00f3 az \u00e1sv\u00e1nyi m\u0171tr\u00e1gy\u00e1k hat\u00e1s\u00e1nak meghosszabb\u00edt\u00e1s\u00e1ra is.<\/p>\n<\/div>\n<\/div>\n<div class=\"elementor-tabs-wrapper\" role=\"tablist\">\n<h2 id=\"elementor-tab-title-7791\" class=\"elementor-tab-title elementor-tab-desktop-title elementor-active\" tabindex=\"0\" role=\"tab\" aria-selected=\"true\" data-tab=\"1\" aria-controls=\"elementor-tab-content-7791\" aria-expanded=\"true\"><span style=\"color: #ff0000;\">Hogyan haszn\u00e1ljam?<\/span><\/h2>\n<\/div>\n<div class=\"elementor-tabs-content-wrapper\" role=\"tablist\" aria-orientation=\"vertical\">\n<div id=\"elementor-tab-content-7791\" class=\"elementor-tab-content elementor-clearfix elementor-active\" tabindex=\"0\" role=\"tabpanel\" data-tab=\"1\" aria-labelledby=\"elementor-tab-title-7791\">\n<p><strong>Felhaszn\u00e1l\u00e1si javaslat:<\/strong><\/p>\n<p>gy\u00f6kereztet\u00e9shez, magvet\u00e9shez \u00e9s szapor\u00edt\u00e1shoz 30-60%-ban a talajhoz vagy a szapor\u00edt\u00f3 f\u00f6ldh\u00f6z keverve<br \/>\na magas leveg\u0151ig\u00e9ny\u0171 szoban\u00f6v\u00e9nyekn\u00e9l (orchidea, p\u00e1fr\u00e1ny, bonsai stb.) 50%-ban a vir\u00e1gf\u00f6ldh\u00f6z keverve<br \/>\nszabadf\u00f6ldi \u00e9s kont\u00e9neres n\u00f6v\u00e9nyekn\u00e9l 25-50%-ban a talajhoz keverve; fa, cserje \u00fcltet\u00e9sn\u00e9l 5-10 l\/fa mennyis\u00e9get a talajhoz keverve<br \/>\nhidrokult\u00far\u00e1s n\u00f6v\u00e9nyn\u00e9l 50-60%-ban a termeszt\u0151 k\u00f6zeghez keverve<br \/>\nf\u0171- \u00e9s golfp\u00e1lya telep\u00edt\u00e9shez 30-60 l\/m\u00b2 mennyis\u00e9gben a talaj fels\u0151 10-15 cm-es r\u00e9teg\u00e9be belekeverve<br \/>\ntet\u0151kerti gyep- \u00e9s \u00fcltet\u0151 k\u00f6zegn\u00e9l 25-50%-ban a talajhoz keverve.<\/p>\n<\/div>\n<\/div>\n<p><a href=\"https:\/\/tajkertesz.com\/\">https:\/\/tajkertesz.com\/<\/a><\/p>\n<p><a href=\"https:\/\/www.facebook.com\/tajkertesz\">https:\/\/www.facebook.com\/tajkertesz<\/a><\/p>\n<p>&nbsp;<\/p>\n<p><b>K\u00e9szlet\u00fcnk napi szinten v\u00e1ltozik, ez\u00e9rt k\u00e9rj\u00fck, \u00e9rdekl\u0151dj\u00f6n szem\u00e9lyesen, telefonon vagy email-en.<br \/>\nA v\u00e1ltoztat\u00e1s jog\u00e1t fenntartjuk!\u00a0<\/b><\/p>\n<p>Sz\u00e1ll\u00edt\u00e1s fut\u00e1rszolg\u00e1lattal 200 cm-is, \u00e9s 40 kg-ig lehets\u00e9ges. E felett szem\u00e9lyes \u00e1tv\u00e9tellel vagy egyeztetett sz\u00e1ll\u00edt\u00e1si felt\u00e9tellel lehet.<\/p>\n<p>Term\u00e9k m\u00e9rete: 25 L<\/p>","protected":false},"excerpt":{"rendered":"<h3>Florimo Kert\u00e9szeti perlit 25 L<\/h3>\n<p>Term\u00e9szetes k\u00f6r\u00fclm\u00e9nyek k\u00f6z\u00f6tt is el\u0151fordul\u00f3 vulkanikus k\u0151zet, amelynek \u0151rlem\u00e9ny\u00e9t, majd a duzzasztott (expand\u00e1lt) perlitszemcs\u00e9ket a talajba keverve biztos\u00edtjuk a vir\u00e1gf\u00f6ld leveg\u0151s k\u00f6rnyezet\u00e9t \u00e9s egyenletes v\u00edzell\u00e1t\u00e1s\u00e1t. Kiv\u00e1l\u00f3 talajlaz\u00edt\u00f3, az eredeti s\u00falya 20-szoros\u00e1t k\u00e9pes v\u00edzb\u0151l t\u00e1rolni.<\/p>","protected":false},"featured_media":19385,"template":"","meta":{"_et_pb_use_builder":"","_et_pb_old_content":"","_et_gb_content_width":""},"product_brand":[],"product_cat":[4130],"product_tag":[1461,971,1474],"class_list":{"0":"post-14586","1":"product","2":"type-product","3":"status-publish","4":"has-post-thumbnail","6":"product_cat-tozeg-kokuszrost-perlit","7":"product_tag-fold","8":"product_tag-kerti","9":"product_tag-perlit","11":"first","12":"instock","13":"shipping-taxable","14":"purchasable","15":"product-type-simple"},"yoast_head":"<!-- This site is optimized with the Yoast SEO plugin v27.4 - https:\/\/yoast.com\/product\/yoast-seo-wordpress\/ -->\n<title>Kert\u00e9szeti perlit 25 L - T\u00e1jkert\u00e9sz<\/title>\n<meta name=\"description\" content=\"Kert\u00e9szeti perlit 25 L Term\u00e9szetes k\u00f6r\u00fclm\u00e9nyek k\u00f6z\u00f6tt is el\u0151fordul\u00f3 vulkanikus k\u0151zet. Kiv\u00e1l\u00f3 talajlaz\u00edt\u00f3, az eredeti s\u00falya 20-szoros\u00e1t k\u00e9pes v\u00edzb\u0151l t\u00e1rolni.\" \/>\n<meta name=\"robots\" content=\"index, follow, max-snippet:-1, max-image-preview:large, max-video-preview:-1\" \/>\n<link rel=\"canonical\" href=\"https:\/\/tajkertesz.com\/en_US\/product\/kerteszeti-perlit-25-l-masolat\/\" \/>\n<meta property=\"og:locale\" content=\"en_US\" \/>\n<meta property=\"og:type\" content=\"article\" \/>\n<meta property=\"og:title\" content=\"https:\/\/www.facebook.com\/tajkertesz\/\" \/>\n<meta property=\"og:description\" content=\"Kert\u00e9szeti perlit 25 LKert\u00e9szeti Perlit 25 L Term\u00e9szetes k\u00f6r\u00fclm\u00e9nyek k\u00f6z\u00f6tt is el\u0151fordul\u00f3 vulkanikus k\u0151zet, amelynek \u0151rlem\u00e9ny\u00e9t, majd a duzzasztott (expand\u00e1lt) perlitszemcs\u00e9ket a talajba keverve biztos\u00edtjuk a vir\u00e1gf\u00f6ld leveg\u0151s k\u00f6rnyezet\u00e9t \u00e9s egyenletes v\u00edzell\u00e1t\u00e1s\u00e1t. Kiv\u00e1l\u00f3 talajlaz\u00edt\u00f3, az eredeti s\u00falya 20-szoros\u00e1t k\u00e9pes v\u00edzb\u0151l t\u00e1rolni.Kiszerel\u00e9s: 25 liter\" \/>\n<meta property=\"og:url\" content=\"https:\/\/tajkertesz.com\/en_US\/product\/kerteszeti-perlit-25-l-masolat\/\" \/>\n<meta property=\"og:site_name\" content=\"T\u00e1jkert\u00e9sz\" \/>\n<meta property=\"article:publisher\" content=\"https:\/\/www.facebook.com\/Tajkertesz\/\" \/>\n<meta property=\"article:modified_time\" content=\"2026-02-19T10:39:56+00:00\" \/>\n<meta property=\"og:image\" content=\"https:\/\/tajkertesz.com\/wp-content\/uploads\/2021\/05\/Nevtelen-1.png\" \/>\n\t<meta property=\"og:image:width\" content=\"446\" \/>\n\t<meta property=\"og:image:height\" content=\"579\" \/>\n\t<meta property=\"og:image:type\" content=\"image\/png\" \/>\n<meta name=\"twitter:card\" content=\"summary_large_image\" \/>\n<meta name=\"twitter:label1\" content=\"Est. reading time\" \/>\n\t<meta name=\"twitter:data1\" content=\"2 minutes\" \/>\n<script type=\"application\/ld+json\" class=\"yoast-schema-graph\">{\"@context\":\"https:\\\/\\\/schema.org\",\"@graph\":[{\"@type\":\"WebPage\",\"@id\":\"https:\\\/\\\/tajkertesz.com\\\/termek\\\/kerteszeti-perlit-25-l-masolat\\\/\",\"url\":\"https:\\\/\\\/tajkertesz.com\\\/termek\\\/kerteszeti-perlit-25-l-masolat\\\/\",\"name\":\"Kert\u00e9szeti perlit 25 L - T\u00e1jkert\u00e9sz\",\"isPartOf\":{\"@id\":\"https:\\\/\\\/tajkertesz.com\\\/#website\"},\"primaryImageOfPage\":{\"@id\":\"https:\\\/\\\/tajkertesz.com\\\/termek\\\/kerteszeti-perlit-25-l-masolat\\\/#primaryimage\"},\"image\":{\"@id\":\"https:\\\/\\\/tajkertesz.com\\\/termek\\\/kerteszeti-perlit-25-l-masolat\\\/#primaryimage\"},\"thumbnailUrl\":\"https:\\\/\\\/tajkertesz.com\\\/wp-content\\\/uploads\\\/2023\\\/01\\\/Perlit-25-liter.jpg\",\"datePublished\":\"2023-01-10T10:40:12+00:00\",\"dateModified\":\"2026-02-19T10:39:56+00:00\",\"description\":\"Kert\u00e9szeti perlit 25 L Term\u00e9szetes k\u00f6r\u00fclm\u00e9nyek k\u00f6z\u00f6tt is el\u0151fordul\u00f3 vulkanikus k\u0151zet. Kiv\u00e1l\u00f3 talajlaz\u00edt\u00f3, az eredeti s\u00falya 20-szoros\u00e1t k\u00e9pes v\u00edzb\u0151l t\u00e1rolni.\",\"breadcrumb\":{\"@id\":\"https:\\\/\\\/tajkertesz.com\\\/termek\\\/kerteszeti-perlit-25-l-masolat\\\/#breadcrumb\"},\"inLanguage\":\"en-US\",\"potentialAction\":[{\"@type\":\"ReadAction\",\"target\":[\"https:\\\/\\\/tajkertesz.com\\\/termek\\\/kerteszeti-perlit-25-l-masolat\\\/\"]}]},{\"@type\":\"ImageObject\",\"inLanguage\":\"en-US\",\"@id\":\"https:\\\/\\\/tajkertesz.com\\\/termek\\\/kerteszeti-perlit-25-l-masolat\\\/#primaryimage\",\"url\":\"https:\\\/\\\/tajkertesz.com\\\/wp-content\\\/uploads\\\/2023\\\/01\\\/Perlit-25-liter.jpg\",\"contentUrl\":\"https:\\\/\\\/tajkertesz.com\\\/wp-content\\\/uploads\\\/2023\\\/01\\\/Perlit-25-liter.jpg\",\"width\":406,\"height\":904},{\"@type\":\"BreadcrumbList\",\"@id\":\"https:\\\/\\\/tajkertesz.com\\\/termek\\\/kerteszeti-perlit-25-l-masolat\\\/#breadcrumb\",\"itemListElement\":[{\"@type\":\"ListItem\",\"position\":1,\"name\":\"Home\",\"item\":\"https:\\\/\\\/tajkertesz.com\\\/\"},{\"@type\":\"ListItem\",\"position\":2,\"name\":\"Kezd\u0151lap\",\"item\":\"https:\\\/\\\/tajkertesz.com\\\/\"},{\"@type\":\"ListItem\",\"position\":3,\"name\":\"Kert\u00e9szeti perlit 25 L\"}]},{\"@type\":\"WebSite\",\"@id\":\"https:\\\/\\\/tajkertesz.com\\\/#website\",\"url\":\"https:\\\/\\\/tajkertesz.com\\\/\",\"name\":\"T\u00e1j-Kert\u00e9sz 84 Kft.\",\"description\":\"Kert\u00e9szeti kis- \u00e9s nagykeresked\u00e9s, D\u00edszn\u00f6v\u00e9ny web\u00e1ruh\u00e1z orsz\u00e1gos h\u00e1zhozsz\u00e1ll\u00edt\u00e1ssal!\",\"publisher\":{\"@id\":\"https:\\\/\\\/tajkertesz.com\\\/#organization\"},\"potentialAction\":[{\"@type\":\"SearchAction\",\"target\":{\"@type\":\"EntryPoint\",\"urlTemplate\":\"https:\\\/\\\/tajkertesz.com\\\/?s={search_term_string}\"},\"query-input\":{\"@type\":\"PropertyValueSpecification\",\"valueRequired\":true,\"valueName\":\"search_term_string\"}}],\"inLanguage\":\"en-US\"},{\"@type\":\"Organization\",\"@id\":\"https:\\\/\\\/tajkertesz.com\\\/#organization\",\"name\":\"T\u00e1j-Kert\u00e9sz 84 Kft.\",\"url\":\"https:\\\/\\\/tajkertesz.com\\\/\",\"logo\":{\"@type\":\"ImageObject\",\"inLanguage\":\"en-US\",\"@id\":\"https:\\\/\\\/tajkertesz.com\\\/#\\\/schema\\\/logo\\\/image\\\/\",\"url\":\"https:\\\/\\\/tajkertesz.com\\\/wp-content\\\/uploads\\\/2018\\\/02\\\/logo-2-e1518678052539.png\",\"contentUrl\":\"https:\\\/\\\/tajkertesz.com\\\/wp-content\\\/uploads\\\/2018\\\/02\\\/logo-2-e1518678052539.png\",\"width\":81,\"height\":140,\"caption\":\"T\u00e1j-Kert\u00e9sz 84 Kft.\"},\"image\":{\"@id\":\"https:\\\/\\\/tajkertesz.com\\\/#\\\/schema\\\/logo\\\/image\\\/\"},\"sameAs\":[\"https:\\\/\\\/www.facebook.com\\\/Tajkertesz\\\/\"]}]}<\/script>\n<!-- \/ Yoast SEO plugin. -->","yoast_head_json":{"title":"Kert\u00e9szeti perlit 25 L - T\u00e1jkert\u00e9sz","description":"Kert\u00e9szeti perlit 25 L Term\u00e9szetes k\u00f6r\u00fclm\u00e9nyek k\u00f6z\u00f6tt is el\u0151fordul\u00f3 vulkanikus k\u0151zet. Kiv\u00e1l\u00f3 talajlaz\u00edt\u00f3, az eredeti s\u00falya 20-szoros\u00e1t k\u00e9pes v\u00edzb\u0151l t\u00e1rolni.","robots":{"index":"index","follow":"follow","max-snippet":"max-snippet:-1","max-image-preview":"max-image-preview:large","max-video-preview":"max-video-preview:-1"},"canonical":"https:\/\/tajkertesz.com\/en_US\/product\/kerteszeti-perlit-25-l-masolat\/","og_locale":"en_US","og_type":"article","og_title":"https:\/\/www.facebook.com\/tajkertesz\/","og_description":"Kert\u00e9szeti perlit 25 LKert\u00e9szeti Perlit 25 L Term\u00e9szetes k\u00f6r\u00fclm\u00e9nyek k\u00f6z\u00f6tt is el\u0151fordul\u00f3 vulkanikus k\u0151zet, amelynek \u0151rlem\u00e9ny\u00e9t, majd a duzzasztott (expand\u00e1lt) perlitszemcs\u00e9ket a talajba keverve biztos\u00edtjuk a vir\u00e1gf\u00f6ld leveg\u0151s k\u00f6rnyezet\u00e9t \u00e9s egyenletes v\u00edzell\u00e1t\u00e1s\u00e1t. Kiv\u00e1l\u00f3 talajlaz\u00edt\u00f3, az eredeti s\u00falya 20-szoros\u00e1t k\u00e9pes v\u00edzb\u0151l t\u00e1rolni.Kiszerel\u00e9s: 25 liter","og_url":"https:\/\/tajkertesz.com\/en_US\/product\/kerteszeti-perlit-25-l-masolat\/","og_site_name":"T\u00e1jkert\u00e9sz","article_publisher":"https:\/\/www.facebook.com\/Tajkertesz\/","article_modified_time":"2026-02-19T10:39:56+00:00","og_image":[{"width":446,"height":579,"url":"https:\/\/tajkertesz.com\/wp-content\/uploads\/2021\/05\/Nevtelen-1.png","type":"image\/png"}],"twitter_card":"summary_large_image","twitter_misc":{"Est. reading time":"2 minutes"},"schema":{"@context":"https:\/\/schema.org","@graph":[{"@type":"WebPage","@id":"https:\/\/tajkertesz.com\/termek\/kerteszeti-perlit-25-l-masolat\/","url":"https:\/\/tajkertesz.com\/termek\/kerteszeti-perlit-25-l-masolat\/","name":"Kert\u00e9szeti perlit 25 L - T\u00e1jkert\u00e9sz","isPartOf":{"@id":"https:\/\/tajkertesz.com\/#website"},"primaryImageOfPage":{"@id":"https:\/\/tajkertesz.com\/termek\/kerteszeti-perlit-25-l-masolat\/#primaryimage"},"image":{"@id":"https:\/\/tajkertesz.com\/termek\/kerteszeti-perlit-25-l-masolat\/#primaryimage"},"thumbnailUrl":"https:\/\/tajkertesz.com\/wp-content\/uploads\/2023\/01\/Perlit-25-liter.jpg","datePublished":"2023-01-10T10:40:12+00:00","dateModified":"2026-02-19T10:39:56+00:00","description":"Kert\u00e9szeti perlit 25 L Term\u00e9szetes k\u00f6r\u00fclm\u00e9nyek k\u00f6z\u00f6tt is el\u0151fordul\u00f3 vulkanikus k\u0151zet. Kiv\u00e1l\u00f3 talajlaz\u00edt\u00f3, az eredeti s\u00falya 20-szoros\u00e1t k\u00e9pes v\u00edzb\u0151l t\u00e1rolni.","breadcrumb":{"@id":"https:\/\/tajkertesz.com\/termek\/kerteszeti-perlit-25-l-masolat\/#breadcrumb"},"inLanguage":"en-US","potentialAction":[{"@type":"ReadAction","target":["https:\/\/tajkertesz.com\/termek\/kerteszeti-perlit-25-l-masolat\/"]}]},{"@type":"ImageObject","inLanguage":"en-US","@id":"https:\/\/tajkertesz.com\/termek\/kerteszeti-perlit-25-l-masolat\/#primaryimage","url":"https:\/\/tajkertesz.com\/wp-content\/uploads\/2023\/01\/Perlit-25-liter.jpg","contentUrl":"https:\/\/tajkertesz.com\/wp-content\/uploads\/2023\/01\/Perlit-25-liter.jpg","width":406,"height":904},{"@type":"BreadcrumbList","@id":"https:\/\/tajkertesz.com\/termek\/kerteszeti-perlit-25-l-masolat\/#breadcrumb","itemListElement":[{"@type":"ListItem","position":1,"name":"Home","item":"https:\/\/tajkertesz.com\/"},{"@type":"ListItem","position":2,"name":"Kezd\u0151lap","item":"https:\/\/tajkertesz.com\/"},{"@type":"ListItem","position":3,"name":"Kert\u00e9szeti perlit 25 L"}]},{"@type":"WebSite","@id":"https:\/\/tajkertesz.com\/#website","url":"https:\/\/tajkertesz.com\/","name":"T\u00e1j-Kert\u00e9sz 84 Kft.","description":"Kert\u00e9szeti kis- \u00e9s nagykeresked\u00e9s, D\u00edszn\u00f6v\u00e9ny web\u00e1ruh\u00e1z orsz\u00e1gos h\u00e1zhozsz\u00e1ll\u00edt\u00e1ssal!","publisher":{"@id":"https:\/\/tajkertesz.com\/#organization"},"potentialAction":[{"@type":"SearchAction","target":{"@type":"EntryPoint","urlTemplate":"https:\/\/tajkertesz.com\/?s={search_term_string}"},"query-input":{"@type":"PropertyValueSpecification","valueRequired":true,"valueName":"search_term_string"}}],"inLanguage":"en-US"},{"@type":"Organization","@id":"https:\/\/tajkertesz.com\/#organization","name":"T\u00e1j-Kert\u00e9sz 84 Kft.","url":"https:\/\/tajkertesz.com\/","logo":{"@type":"ImageObject","inLanguage":"en-US","@id":"https:\/\/tajkertesz.com\/#\/schema\/logo\/image\/","url":"https:\/\/tajkertesz.com\/wp-content\/uploads\/2018\/02\/logo-2-e1518678052539.png","contentUrl":"https:\/\/tajkertesz.com\/wp-content\/uploads\/2018\/02\/logo-2-e1518678052539.png","width":81,"height":140,"caption":"T\u00e1j-Kert\u00e9sz 84 Kft."},"image":{"@id":"https:\/\/tajkertesz.com\/#\/schema\/logo\/image\/"},"sameAs":["https:\/\/www.facebook.com\/Tajkertesz\/"]}]}},"_links":{"self":[{"href":"https:\/\/tajkertesz.com\/en_US\/wp-json\/wp\/v2\/product\/14586","targetHints":{"allow":["GET"]}}],"collection":[{"href":"https:\/\/tajkertesz.com\/en_US\/wp-json\/wp\/v2\/product"}],"about":[{"href":"https:\/\/tajkertesz.com\/en_US\/wp-json\/wp\/v2\/types\/product"}],"wp:featuredmedia":[{"embeddable":true,"href":"https:\/\/tajkertesz.com\/en_US\/wp-json\/wp\/v2\/media\/19385"}],"wp:attachment":[{"href":"https:\/\/tajkertesz.com\/en_US\/wp-json\/wp\/v2\/media?parent=14586"}],"wp:term":[{"taxonomy":"product_brand","embeddable":true,"href":"https:\/\/tajkertesz.com\/en_US\/wp-json\/wp\/v2\/product_brand?post=14586"},{"taxonomy":"product_cat","embeddable":true,"href":"https:\/\/tajkertesz.com\/en_US\/wp-json\/wp\/v2\/product_cat?post=14586"},{"taxonomy":"product_tag","embeddable":true,"href":"https:\/\/tajkertesz.com\/en_US\/wp-json\/wp\/v2\/product_tag?post=14586"}],"curies":[{"name":"wp","href":"https:\/\/api.w.org\/{rel}","templated":true}]}}