{"id":14588,"date":"2024-12-11T08:15:09","date_gmt":"2024-12-11T08:15:09","guid":{"rendered":"https:\/\/tajkertesz.com\/?post_type=product&#038;p=14588"},"modified":"2026-02-19T10:35:07","modified_gmt":"2026-02-19T10:35:07","slug":"novobalt-natur-tozeg-250l-lith-peat","status":"publish","type":"product","link":"https:\/\/tajkertesz.com\/en_US\/product\/novobalt-natur-tozeg-250l-lith-peat\/","title":{"rendered":"Novobalt nat\u00far t\u0151zeg 250L (Lith Peat)"},"content":{"rendered":"<h2>Novobalt nat\u00far t\u0151zeg 250L (Lith Peat)<\/h2>\n<p>Novobalt nat\u00far t\u0151zeg 250L (Lith Peat)<\/p>\n<div>Felhaszn\u00e1lhat\u00f3:\u00a0termeszt\u0151k\u00f6zegk\u00e9nt, valamint termeszt\u0151k\u00f6zeg alkot\u00f3r\u00e9szek\u00e9nt t\u00e1panyag-adagol\u00e1ssal vagy \u00f6n\u00e1ll\u00f3an, ill. savany\u00edt\u00f3 hat\u00e1st figyelembev\u00e9ve talajjav\u00edt\u00e1sra.<\/div>\n<p>Talajjav\u00edt\u00e1sra savany\u00fa talajokat kedvel\u0151 n\u00f6v\u00e9nyek f\u00f6ldkever\u00e9k\u00e9hez.<\/p>\n<h4>A t\u0151zeg sz\u00e1mos ter\u00fcleten hasznos\u00edthat\u00f3, \u00e9s k\u00fcl\u00f6nf\u00e9le c\u00e9lokra alkalmazhat\u00f3. \u00cdme n\u00e9h\u00e1ny f\u0151 felhaszn\u00e1l\u00e1si m\u00f3dja:<\/h4>\n<p><strong>Kert\u00e9szked\u00e9s \u00e9s f\u00f6ldjav\u00edt\u00e1s:<\/strong> A t\u0151zeg kiv\u00e1l\u00f3 v\u00edzmegk\u00f6t\u0151 k\u00e9pess\u00e9ggel rendelkezik, ami seg\u00edt a talaj nedvess\u00e9gtartalm\u00e1nak szab\u00e1lyoz\u00e1s\u00e1ban. Emellett t\u00e1panyagokat biztos\u00edt a n\u00f6v\u00e9nyek sz\u00e1m\u00e1ra, \u00e9s jav\u00edtja a talaj szerkezet\u00e9t.<\/p>\n<p><strong>\u00d6kol\u00f3giai \u00e9rt\u00e9k:<\/strong> A t\u0151zeg fontos szerepet j\u00e1tszik a mocsarak \u00e9s l\u00e1pok \u00f6kosziszt\u00e9m\u00e1j\u00e1ban, hozz\u00e1j\u00e1rulva a v\u00edzh\u00e1ztart\u00e1s szab\u00e1lyoz\u00e1s\u00e1hoz \u00e9s sz\u00e1mos \u00e9l\u0151l\u00e9ny otthon\u00e1ul szolg\u00e1l.<\/p>\n<p><strong>Kl\u00edmav\u00e1ltoz\u00e1s elleni k\u00fczdelem:<\/strong> A t\u0151zeg elnyeli \u00e9s rakt\u00e1rozza a sz\u00e9n-dioxidot, \u00edgy cs\u00f6kkenti a l\u00e9gk\u00f6ri sz\u00e9n-dioxid szintj\u00e9t, ami seg\u00edthet a kl\u00edmav\u00e1ltoz\u00e1s m\u00e9rs\u00e9kl\u00e9s\u00e9ben.<\/p>\n<p><strong>Alternat\u00edv energiaforr\u00e1s:<\/strong> A t\u0151zegb\u0151l nyert biomassza \u00e9get\u00e9se sor\u00e1n energi\u00e1t lehet el\u0151\u00e1ll\u00edtani, ami k\u00f6rnyezetbar\u00e1t alternat\u00edv\u00e1t k\u00edn\u00e1l a fosszilis t\u00fczel\u0151anyagokkal szemben.<\/p>\n<p>A<strong>kvarisztika:<\/strong> A t\u0151zeget gyakran haszn\u00e1lj\u00e1k akv\u00e1riumokban, mivel seg\u00edt a v\u00edz pH-\u00e9rt\u00e9k\u00e9nek szab\u00e1lyoz\u00e1s\u00e1ban \u00e9s term\u00e9szetes k\u00f6rnyezetet biztos\u00edt a halak sz\u00e1m\u00e1ra<\/p>\n<p>Alkalmazhat\u00f3 a kertekben, vir\u00e1gtermeszt\u00e9sben \u00e9s z\u00f6lds\u00e9gtermeszt\u00e9sben a termeszt\u0151k\u00f6zeg szerkezet\u00e9nek jav\u00edt\u00e1s\u00e1ra. Tart\u00f3san j\u00f3 szerkezetet \u00e9s v\u00edzgazd\u00e1lkod\u00e1st biztos\u00edt. Szagtalan, k\u00e1rtev\u0151mentes, laz\u00edtja a talajt.<\/p>\n<p>Kiv\u00e1l\u00f3an felhaszn\u00e1lhat\u00f3 a savany\u00fa talajokat kedvel\u0151 n\u00f6v\u00e9nyekhez, pl. \u00e1fonya, alpesi erika,calluna, rhododendron, azalea, hortenzia &#8230; Felhaszn\u00e1lhat\u00f3: D\u00edszn\u00f6v\u00e9nyek magjainak cs\u00edr\u00e1ztat\u00e1s\u00e1ra&#8230;<\/p>\n<h4>Mi az a t\u0151zeg?<\/h4>\n<p>A nat\u00far t\u0151zeg n\u00f6v\u00e9nyi eredet\u0171 \u00fcled\u00e9kes talajk\u00e9pz\u0151 k\u0151zet, amely er\u0151sen nedves, v\u00edzzel bor\u00edtott \u00e9s leveg\u0151t\u0151l elz\u00e1rt (anaerob) k\u00f6r\u00fclm\u00e9nyek k\u00f6z\u00f6tt k\u00e9pz\u0151dik. Az elhalt n\u00f6v\u00e9nyek t\u00f6rmel\u00e9k\u00e9b\u0151l biol\u00f3giai, k\u00e9miai \u00e9s fizikai folyamatok r\u00e9v\u00e9n alakul ki. A t\u0151zeg leggyakrabban moh\u00e1kb\u00f3l, p\u00e1fr\u00e1nyokb\u00f3l, n\u00e1db\u00f3l, h\u00edn\u00e1rb\u00f3l, s\u00e1sb\u00f3l vagy gy\u00e9k\u00e9nyb\u0151l k\u00e9pz\u0151dik.<\/p>\n<p>&nbsp;<\/p>\n<div>T\u00e9rfogat 250l.<\/div>\n<div>szervesanyag tartalom: &gt;97%<br \/>\nm\u00e9retfrakci\u00f3: 0-20mm<br \/>\npH (H2O): 4\u00b10,5<br \/>\nEC: 0,3<br \/>\ns\u00faly: 130-175kg\/m3<\/div>\n<div><\/div>\n<div>\n<p><span style=\"color: #ff0000;\"><u>A 250L-es Novobalt t\u0151zeg a s\u00faly\u00e1b\u00f3l, valamint m\u00e9ret\u00e9b\u0151l ad\u00f3d\u00f3an kiz\u00e1r\u00f3lag szem\u00e9lyesen vehet\u0151 \u00e1t vagy raklapon sz\u00e1ll\u00edthat\u00f3! A sz\u00e1ll\u00edt\u00e1s k\u00f6lts\u00e9ge egyedi \u00e1raz\u00e1ssal t\u00f6rt\u00e9nik!<\/u><\/span><\/p>\n<p style=\"line-height: 18.0pt; background: white; margin: 0cm 0cm 15.0pt 0cm;\"><b><span style=\"font-family: 'Ubuntu',sans-serif; color: black;\">K\u00e9szlet\u00fcnk napi szinten v\u00e1ltozik, ez\u00e9rt k\u00e9rj\u00fck, \u00e9rdekl\u0151dj\u00f6n szem\u00e9lyesen, telefonon vagy email-en.<br \/>\nA v\u00e1ltoztat\u00e1s jog\u00e1t fenntartjuk!\u00a0<\/span><\/b><\/p>\n<p><a href=\"https:\/\/tajkertesz.com\/\">https:\/\/tajkertesz.com\/<\/a><\/p>\n<p><a href=\"https:\/\/www.facebook.com\/tajkertesz\/\">https:\/\/www.facebook.com\/tajkertesz\/<\/a><\/p>\n<p>Kisz\u00e1ll\u00edt\u00e1s: 200cm-ig \u00e9s 40 kg-ig a sz\u00e1ll\u00edt\u00e1s fut\u00e1rszolg\u00e1lattal t\u00f6rt\u00e9nik.<\/p>\n<p>Szem\u00e9lyes \u00e1tv\u00e9tel nyitvatart\u00e1si id\u0151ben a 17. ker\u00fclet Bakancsos utca 7. sz\u00e1m alatti Kert\u00e9szeti \u00e1rud\u00e1nkban.<\/p>\n<p>Kert\u00e9p\u00edt\u0151k \u00e9s viszontelad\u00f3k regisztr\u00e1l\u00e1s ut\u00e1n egyedi kedvezm\u00e9nnyel v\u00e1s\u00e1rolhatnak kert\u00e9szeti kis-\u00e9s nagykeresked\u00e9s\u00fcnkben.<\/p>\n<p>&nbsp;<\/p>\n<\/div>","protected":false},"excerpt":{"rendered":"<div>Natur baltikumi savany\u00fa t\u0151zeg 250L<\/div>\n<div>Felhaszn\u00e1lhat\u00f3:\u00a0termeszt\u0151k\u00f6zegk\u00e9nt, valamint termeszt\u0151k\u00f6zeg alkot\u00f3r\u00e9szek\u00e9nt t\u00e1panyag-adagol\u00e1ssal vagy \u00f6n\u00e1ll\u00f3an, ill. savany\u00edt\u00f3 hat\u00e1st figyelembev\u00e9ve talajjav\u00edt\u00e1sra.<\/div>\n<p>&nbsp;<\/p>","protected":false},"featured_media":14590,"template":"","meta":{"_et_pb_use_builder":"","_et_pb_old_content":"","_et_gb_content_width":""},"product_brand":[],"product_cat":[4130],"product_tag":[5533,1473],"class_list":{"0":"post-14588","1":"product","2":"type-product","3":"status-publish","4":"has-post-thumbnail","6":"product_cat-tozeg-kokuszrost-perlit","7":"product_tag-novobalt","8":"product_tag-tozeg","10":"first","11":"instock","12":"shipping-taxable","13":"purchasable","14":"product-type-simple"},"yoast_head":"<!-- This site is optimized with the Yoast SEO plugin v27.4 - https:\/\/yoast.com\/product\/yoast-seo-wordpress\/ -->\n<title>Novobalt nat\u00far t\u0151zeg 250L (Lith Peat) - T\u00e1jkert\u00e9sz<\/title>\n<meta name=\"description\" content=\"Novobalt nat\u00far t\u0151zeg 250L (Lith Peat) alkalmazhat\u00f3 a kertekben, vir\u00e1gtermeszt\u00e9sben \u00e9s z\u00f6lds\u00e9gtermeszt\u00e9sben a termeszt\u0151k\u00f6zeg szerkezet\u00e9nek jav\u00edt\u00e1s\u00e1ra.\" \/>\n<meta name=\"robots\" content=\"index, follow, max-snippet:-1, max-image-preview:large, max-video-preview:-1\" \/>\n<link rel=\"canonical\" href=\"https:\/\/tajkertesz.com\/en_US\/product\/novobalt-natur-tozeg-250l-lith-peat\/\" \/>\n<meta property=\"og:locale\" content=\"en_US\" \/>\n<meta property=\"og:type\" content=\"article\" \/>\n<meta property=\"og:title\" content=\"https:\/\/www.facebook.com\/tajkertesz\/\" \/>\n<meta property=\"og:description\" content=\"Novobalt nat\u00far savany\u00fa t\u0151zeg (250L) (ph 3,5-4) Talajjav\u00edt\u00e1sra savany\u00fa talajokat kedvel\u0151 n\u00f6v\u00e9nyek f\u00f6ldkever\u00e9k\u00e9hez. Alkalmazhat\u00f3 a kertekben, vir\u00e1gtermeszt\u00e9sben \u00e9s z\u00f6lds\u00e9gtermeszt\u00e9sben a termeszt\u0151k\u00f6zeg szerkezet\u00e9nek jav\u00edt\u00e1s\u00e1ra...\" \/>\n<meta property=\"og:url\" content=\"https:\/\/tajkertesz.com\/en_US\/product\/novobalt-natur-tozeg-250l-lith-peat\/\" \/>\n<meta property=\"og:site_name\" content=\"T\u00e1jkert\u00e9sz\" \/>\n<meta property=\"article:publisher\" content=\"https:\/\/www.facebook.com\/Tajkertesz\/\" \/>\n<meta property=\"article:modified_time\" content=\"2026-02-19T10:35:07+00:00\" \/>\n<meta property=\"og:image\" content=\"https:\/\/tajkertesz.com\/wp-content\/uploads\/2023\/01\/Novobalt.jpg\" \/>\n\t<meta property=\"og:image:width\" content=\"1154\" \/>\n\t<meta property=\"og:image:height\" content=\"2560\" \/>\n\t<meta property=\"og:image:type\" content=\"image\/jpeg\" \/>\n<meta name=\"twitter:card\" content=\"summary_large_image\" \/>\n<meta name=\"twitter:label1\" content=\"Est. reading time\" \/>\n\t<meta name=\"twitter:data1\" content=\"2 minutes\" \/>\n<script type=\"application\/ld+json\" class=\"yoast-schema-graph\">{\"@context\":\"https:\\\/\\\/schema.org\",\"@graph\":[{\"@type\":\"WebPage\",\"@id\":\"https:\\\/\\\/tajkertesz.com\\\/termek\\\/novobalt-natur-tozeg-250l-lith-peat\\\/\",\"url\":\"https:\\\/\\\/tajkertesz.com\\\/termek\\\/novobalt-natur-tozeg-250l-lith-peat\\\/\",\"name\":\"Novobalt nat\u00far t\u0151zeg 250L (Lith Peat) - T\u00e1jkert\u00e9sz\",\"isPartOf\":{\"@id\":\"https:\\\/\\\/tajkertesz.com\\\/#website\"},\"primaryImageOfPage\":{\"@id\":\"https:\\\/\\\/tajkertesz.com\\\/termek\\\/novobalt-natur-tozeg-250l-lith-peat\\\/#primaryimage\"},\"image\":{\"@id\":\"https:\\\/\\\/tajkertesz.com\\\/termek\\\/novobalt-natur-tozeg-250l-lith-peat\\\/#primaryimage\"},\"thumbnailUrl\":\"https:\\\/\\\/tajkertesz.com\\\/wp-content\\\/uploads\\\/2023\\\/01\\\/20230110_125854-1-scaled-e1673352262665.jpg\",\"datePublished\":\"2024-12-11T08:15:09+00:00\",\"dateModified\":\"2026-02-19T10:35:07+00:00\",\"description\":\"Novobalt nat\u00far t\u0151zeg 250L (Lith Peat) alkalmazhat\u00f3 a kertekben, vir\u00e1gtermeszt\u00e9sben \u00e9s z\u00f6lds\u00e9gtermeszt\u00e9sben a termeszt\u0151k\u00f6zeg szerkezet\u00e9nek jav\u00edt\u00e1s\u00e1ra.\",\"breadcrumb\":{\"@id\":\"https:\\\/\\\/tajkertesz.com\\\/termek\\\/novobalt-natur-tozeg-250l-lith-peat\\\/#breadcrumb\"},\"inLanguage\":\"en-US\",\"potentialAction\":[{\"@type\":\"ReadAction\",\"target\":[\"https:\\\/\\\/tajkertesz.com\\\/termek\\\/novobalt-natur-tozeg-250l-lith-peat\\\/\"]}]},{\"@type\":\"ImageObject\",\"inLanguage\":\"en-US\",\"@id\":\"https:\\\/\\\/tajkertesz.com\\\/termek\\\/novobalt-natur-tozeg-250l-lith-peat\\\/#primaryimage\",\"url\":\"https:\\\/\\\/tajkertesz.com\\\/wp-content\\\/uploads\\\/2023\\\/01\\\/20230110_125854-1-scaled-e1673352262665.jpg\",\"contentUrl\":\"https:\\\/\\\/tajkertesz.com\\\/wp-content\\\/uploads\\\/2023\\\/01\\\/20230110_125854-1-scaled-e1673352262665.jpg\",\"width\":2396,\"height\":1080,\"caption\":\"Novobalt nat\u00far t\u0151zeg 250L (Lith Peat)\"},{\"@type\":\"BreadcrumbList\",\"@id\":\"https:\\\/\\\/tajkertesz.com\\\/termek\\\/novobalt-natur-tozeg-250l-lith-peat\\\/#breadcrumb\",\"itemListElement\":[{\"@type\":\"ListItem\",\"position\":1,\"name\":\"Home\",\"item\":\"https:\\\/\\\/tajkertesz.com\\\/\"},{\"@type\":\"ListItem\",\"position\":2,\"name\":\"Kezd\u0151lap\",\"item\":\"https:\\\/\\\/tajkertesz.com\\\/\"},{\"@type\":\"ListItem\",\"position\":3,\"name\":\"Novobalt nat\u00far t\u0151zeg 250L (Lith Peat)\"}]},{\"@type\":\"WebSite\",\"@id\":\"https:\\\/\\\/tajkertesz.com\\\/#website\",\"url\":\"https:\\\/\\\/tajkertesz.com\\\/\",\"name\":\"T\u00e1j-Kert\u00e9sz 84 Kft.\",\"description\":\"Kert\u00e9szeti kis- \u00e9s nagykeresked\u00e9s, D\u00edszn\u00f6v\u00e9ny web\u00e1ruh\u00e1z orsz\u00e1gos h\u00e1zhozsz\u00e1ll\u00edt\u00e1ssal!\",\"publisher\":{\"@id\":\"https:\\\/\\\/tajkertesz.com\\\/#organization\"},\"potentialAction\":[{\"@type\":\"SearchAction\",\"target\":{\"@type\":\"EntryPoint\",\"urlTemplate\":\"https:\\\/\\\/tajkertesz.com\\\/?s={search_term_string}\"},\"query-input\":{\"@type\":\"PropertyValueSpecification\",\"valueRequired\":true,\"valueName\":\"search_term_string\"}}],\"inLanguage\":\"en-US\"},{\"@type\":\"Organization\",\"@id\":\"https:\\\/\\\/tajkertesz.com\\\/#organization\",\"name\":\"T\u00e1j-Kert\u00e9sz 84 Kft.\",\"url\":\"https:\\\/\\\/tajkertesz.com\\\/\",\"logo\":{\"@type\":\"ImageObject\",\"inLanguage\":\"en-US\",\"@id\":\"https:\\\/\\\/tajkertesz.com\\\/#\\\/schema\\\/logo\\\/image\\\/\",\"url\":\"https:\\\/\\\/tajkertesz.com\\\/wp-content\\\/uploads\\\/2018\\\/02\\\/logo-2-e1518678052539.png\",\"contentUrl\":\"https:\\\/\\\/tajkertesz.com\\\/wp-content\\\/uploads\\\/2018\\\/02\\\/logo-2-e1518678052539.png\",\"width\":81,\"height\":140,\"caption\":\"T\u00e1j-Kert\u00e9sz 84 Kft.\"},\"image\":{\"@id\":\"https:\\\/\\\/tajkertesz.com\\\/#\\\/schema\\\/logo\\\/image\\\/\"},\"sameAs\":[\"https:\\\/\\\/www.facebook.com\\\/Tajkertesz\\\/\"]}]}<\/script>\n<!-- \/ Yoast SEO plugin. -->","yoast_head_json":{"title":"Novobalt nat\u00far t\u0151zeg 250L (Lith Peat) - T\u00e1jkert\u00e9sz","description":"Novobalt nat\u00far t\u0151zeg 250L (Lith Peat) alkalmazhat\u00f3 a kertekben, vir\u00e1gtermeszt\u00e9sben \u00e9s z\u00f6lds\u00e9gtermeszt\u00e9sben a termeszt\u0151k\u00f6zeg szerkezet\u00e9nek jav\u00edt\u00e1s\u00e1ra.","robots":{"index":"index","follow":"follow","max-snippet":"max-snippet:-1","max-image-preview":"max-image-preview:large","max-video-preview":"max-video-preview:-1"},"canonical":"https:\/\/tajkertesz.com\/en_US\/product\/novobalt-natur-tozeg-250l-lith-peat\/","og_locale":"en_US","og_type":"article","og_title":"https:\/\/www.facebook.com\/tajkertesz\/","og_description":"Novobalt nat\u00far savany\u00fa t\u0151zeg (250L) (ph 3,5-4) Talajjav\u00edt\u00e1sra savany\u00fa talajokat kedvel\u0151 n\u00f6v\u00e9nyek f\u00f6ldkever\u00e9k\u00e9hez. Alkalmazhat\u00f3 a kertekben, vir\u00e1gtermeszt\u00e9sben \u00e9s z\u00f6lds\u00e9gtermeszt\u00e9sben a termeszt\u0151k\u00f6zeg szerkezet\u00e9nek jav\u00edt\u00e1s\u00e1ra...","og_url":"https:\/\/tajkertesz.com\/en_US\/product\/novobalt-natur-tozeg-250l-lith-peat\/","og_site_name":"T\u00e1jkert\u00e9sz","article_publisher":"https:\/\/www.facebook.com\/Tajkertesz\/","article_modified_time":"2026-02-19T10:35:07+00:00","og_image":[{"width":1154,"height":2560,"url":"https:\/\/tajkertesz.com\/wp-content\/uploads\/2023\/01\/Novobalt.jpg","type":"image\/jpeg"}],"twitter_card":"summary_large_image","twitter_misc":{"Est. reading time":"2 minutes"},"schema":{"@context":"https:\/\/schema.org","@graph":[{"@type":"WebPage","@id":"https:\/\/tajkertesz.com\/termek\/novobalt-natur-tozeg-250l-lith-peat\/","url":"https:\/\/tajkertesz.com\/termek\/novobalt-natur-tozeg-250l-lith-peat\/","name":"Novobalt nat\u00far t\u0151zeg 250L (Lith Peat) - T\u00e1jkert\u00e9sz","isPartOf":{"@id":"https:\/\/tajkertesz.com\/#website"},"primaryImageOfPage":{"@id":"https:\/\/tajkertesz.com\/termek\/novobalt-natur-tozeg-250l-lith-peat\/#primaryimage"},"image":{"@id":"https:\/\/tajkertesz.com\/termek\/novobalt-natur-tozeg-250l-lith-peat\/#primaryimage"},"thumbnailUrl":"https:\/\/tajkertesz.com\/wp-content\/uploads\/2023\/01\/20230110_125854-1-scaled-e1673352262665.jpg","datePublished":"2024-12-11T08:15:09+00:00","dateModified":"2026-02-19T10:35:07+00:00","description":"Novobalt nat\u00far t\u0151zeg 250L (Lith Peat) alkalmazhat\u00f3 a kertekben, vir\u00e1gtermeszt\u00e9sben \u00e9s z\u00f6lds\u00e9gtermeszt\u00e9sben a termeszt\u0151k\u00f6zeg szerkezet\u00e9nek jav\u00edt\u00e1s\u00e1ra.","breadcrumb":{"@id":"https:\/\/tajkertesz.com\/termek\/novobalt-natur-tozeg-250l-lith-peat\/#breadcrumb"},"inLanguage":"en-US","potentialAction":[{"@type":"ReadAction","target":["https:\/\/tajkertesz.com\/termek\/novobalt-natur-tozeg-250l-lith-peat\/"]}]},{"@type":"ImageObject","inLanguage":"en-US","@id":"https:\/\/tajkertesz.com\/termek\/novobalt-natur-tozeg-250l-lith-peat\/#primaryimage","url":"https:\/\/tajkertesz.com\/wp-content\/uploads\/2023\/01\/20230110_125854-1-scaled-e1673352262665.jpg","contentUrl":"https:\/\/tajkertesz.com\/wp-content\/uploads\/2023\/01\/20230110_125854-1-scaled-e1673352262665.jpg","width":2396,"height":1080,"caption":"Novobalt nat\u00far t\u0151zeg 250L (Lith Peat)"},{"@type":"BreadcrumbList","@id":"https:\/\/tajkertesz.com\/termek\/novobalt-natur-tozeg-250l-lith-peat\/#breadcrumb","itemListElement":[{"@type":"ListItem","position":1,"name":"Home","item":"https:\/\/tajkertesz.com\/"},{"@type":"ListItem","position":2,"name":"Kezd\u0151lap","item":"https:\/\/tajkertesz.com\/"},{"@type":"ListItem","position":3,"name":"Novobalt nat\u00far t\u0151zeg 250L (Lith Peat)"}]},{"@type":"WebSite","@id":"https:\/\/tajkertesz.com\/#website","url":"https:\/\/tajkertesz.com\/","name":"T\u00e1j-Kert\u00e9sz 84 Kft.","description":"Kert\u00e9szeti kis- \u00e9s nagykeresked\u00e9s, D\u00edszn\u00f6v\u00e9ny web\u00e1ruh\u00e1z orsz\u00e1gos h\u00e1zhozsz\u00e1ll\u00edt\u00e1ssal!","publisher":{"@id":"https:\/\/tajkertesz.com\/#organization"},"potentialAction":[{"@type":"SearchAction","target":{"@type":"EntryPoint","urlTemplate":"https:\/\/tajkertesz.com\/?s={search_term_string}"},"query-input":{"@type":"PropertyValueSpecification","valueRequired":true,"valueName":"search_term_string"}}],"inLanguage":"en-US"},{"@type":"Organization","@id":"https:\/\/tajkertesz.com\/#organization","name":"T\u00e1j-Kert\u00e9sz 84 Kft.","url":"https:\/\/tajkertesz.com\/","logo":{"@type":"ImageObject","inLanguage":"en-US","@id":"https:\/\/tajkertesz.com\/#\/schema\/logo\/image\/","url":"https:\/\/tajkertesz.com\/wp-content\/uploads\/2018\/02\/logo-2-e1518678052539.png","contentUrl":"https:\/\/tajkertesz.com\/wp-content\/uploads\/2018\/02\/logo-2-e1518678052539.png","width":81,"height":140,"caption":"T\u00e1j-Kert\u00e9sz 84 Kft."},"image":{"@id":"https:\/\/tajkertesz.com\/#\/schema\/logo\/image\/"},"sameAs":["https:\/\/www.facebook.com\/Tajkertesz\/"]}]}},"_links":{"self":[{"href":"https:\/\/tajkertesz.com\/en_US\/wp-json\/wp\/v2\/product\/14588","targetHints":{"allow":["GET"]}}],"collection":[{"href":"https:\/\/tajkertesz.com\/en_US\/wp-json\/wp\/v2\/product"}],"about":[{"href":"https:\/\/tajkertesz.com\/en_US\/wp-json\/wp\/v2\/types\/product"}],"wp:featuredmedia":[{"embeddable":true,"href":"https:\/\/tajkertesz.com\/en_US\/wp-json\/wp\/v2\/media\/14590"}],"wp:attachment":[{"href":"https:\/\/tajkertesz.com\/en_US\/wp-json\/wp\/v2\/media?parent=14588"}],"wp:term":[{"taxonomy":"product_brand","embeddable":true,"href":"https:\/\/tajkertesz.com\/en_US\/wp-json\/wp\/v2\/product_brand?post=14588"},{"taxonomy":"product_cat","embeddable":true,"href":"https:\/\/tajkertesz.com\/en_US\/wp-json\/wp\/v2\/product_cat?post=14588"},{"taxonomy":"product_tag","embeddable":true,"href":"https:\/\/tajkertesz.com\/en_US\/wp-json\/wp\/v2\/product_tag?post=14588"}],"curies":[{"name":"wp","href":"https:\/\/api.w.org\/{rel}","templated":true}]}}