{"id":14594,"date":"2024-12-11T12:47:08","date_gmt":"2024-12-11T12:47:08","guid":{"rendered":"https:\/\/tajkertesz.com\/?post_type=product&#038;p=14594"},"modified":"2026-02-19T10:33:20","modified_gmt":"2026-02-19T10:33:20","slug":"rekyva-perlites-tozegnpk-250l","status":"publish","type":"product","link":"https:\/\/tajkertesz.com\/en_US\/product\/rekyva-perlites-tozegnpk-250l\/","title":{"rendered":"Rekyva perlites t\u0151zeg+NPK. 250L"},"content":{"rendered":"<h3><strong>Rekyva perlites t\u0151zeg+NPK. 250L<\/strong><\/h3>\n<p>Rekyva perlites t\u0151zeg+NPK. 250L<\/p>\n<p><strong>Ide\u00e1lis k\u00f6zeg a n\u00f6v\u00e9nyszapor\u00edt\u00e1shoz, vagy dugv\u00e1nygy\u00f6kereztet\u00e9shez.<\/strong><\/p>\n<p>A finomabb frakci\u00f3j\u00fa (0-10mm) t\u0151zeg j\u00f3l haszn\u00e1lhat\u00f3 szapor\u00edt\u00f3t\u00e1lc\u00e1khoz \u00e9s kis cserepekhez. A\u00a0k\u00e9miai nedves\u00edt\u0151szer gyors v\u00edzfelv\u00e9telt \u00e9s a termeszt\u00e9s sor\u00e1n kiegyenl\u00edtett v\u00edzh\u00e1ztart\u00e1st biztos\u00edt.<\/p>\n<p><span style=\"text-decoration: underline;\"><strong>Felhaszn\u00e1l\u00e1si javaslat:<\/strong><\/span><br \/>\nDugv\u00e1nyok gy\u00f6kereztet\u00e9s\u00e9hez.<br \/>\nA gy\u00f6kerek megjelen\u00e9se ut\u00e1n t\u00e1poldatoz\u00e1s sz\u00fcks\u00e9ges!<\/p>\n<p>pH (H2O): 5,5 &#8211; 6,5<br \/>\nECmS\/cm1-1,5(NL): 0,4 &#8211; 0,7<br \/>\nM\u0171tr\u00e1gya kg\/m3 PG Mix 14:16:18 : 0,5<br \/>\nNedves\u00edt\u0151anyag ml\/rm: 100<br \/>\nM\u00e9szk\u0151por, dolomitpor kg\/rm: 3,5; 1,0<\/p>\n<h4>Mi az a t\u0151zeg?<\/h4>\n<p>A nat\u00far t\u0151zeg n\u00f6v\u00e9nyi eredet\u0171 \u00fcled\u00e9kes talajk\u00e9pz\u0151 k\u0151zet, amely er\u0151sen nedves, v\u00edzzel bor\u00edtott \u00e9s leveg\u0151t\u0151l elz\u00e1rt (anaerob) k\u00f6r\u00fclm\u00e9nyek k\u00f6z\u00f6tt k\u00e9pz\u0151dik. Az elhalt n\u00f6v\u00e9nyek t\u00f6rmel\u00e9k\u00e9b\u0151l biol\u00f3giai, k\u00e9miai \u00e9s fizikai folyamatok r\u00e9v\u00e9n alakul ki. A t\u0151zeg leggyakrabban moh\u00e1kb\u00f3l, p\u00e1fr\u00e1nyokb\u00f3l, n\u00e1db\u00f3l, h\u00edn\u00e1rb\u00f3l, s\u00e1sb\u00f3l vagy gy\u00e9k\u00e9nyb\u0151l k\u00e9pz\u0151dik.<\/p>\n<h4>A t\u0151zeg sz\u00e1mos ter\u00fcleten hasznos\u00edthat\u00f3, \u00e9s k\u00fcl\u00f6nf\u00e9le c\u00e9lokra alkalmazhat\u00f3. \u00cdme n\u00e9h\u00e1ny f\u0151 felhaszn\u00e1l\u00e1si m\u00f3dja:<\/h4>\n<p><strong>Kert\u00e9szked\u00e9s \u00e9s f\u00f6ldjav\u00edt\u00e1s:<\/strong>\u00a0A t\u0151zeg kiv\u00e1l\u00f3 v\u00edzmegk\u00f6t\u0151 k\u00e9pess\u00e9ggel rendelkezik, ami seg\u00edt a talaj nedvess\u00e9gtartalm\u00e1nak szab\u00e1lyoz\u00e1s\u00e1ban. Emellett t\u00e1panyagokat biztos\u00edt a n\u00f6v\u00e9nyek sz\u00e1m\u00e1ra, \u00e9s jav\u00edtja a talaj szerkezet\u00e9t.<\/p>\n<p><strong>\u00d6kol\u00f3giai \u00e9rt\u00e9k:<\/strong>\u00a0A t\u0151zeg fontos szerepet j\u00e1tszik a mocsarak \u00e9s l\u00e1pok \u00f6kosziszt\u00e9m\u00e1j\u00e1ban, hozz\u00e1j\u00e1rulva a v\u00edzh\u00e1ztart\u00e1s szab\u00e1lyoz\u00e1s\u00e1hoz \u00e9s sz\u00e1mos \u00e9l\u0151l\u00e9ny otthon\u00e1ul szolg\u00e1l.<\/p>\n<p><strong>Kl\u00edmav\u00e1ltoz\u00e1s elleni k\u00fczdelem:<\/strong>\u00a0A t\u0151zeg elnyeli \u00e9s rakt\u00e1rozza a sz\u00e9n-dioxidot, \u00edgy cs\u00f6kkenti a l\u00e9gk\u00f6ri sz\u00e9n-dioxid szintj\u00e9t, ami seg\u00edthet a kl\u00edmav\u00e1ltoz\u00e1s m\u00e9rs\u00e9kl\u00e9s\u00e9ben.<\/p>\n<p><strong>Alternat\u00edv energiaforr\u00e1s:<\/strong>\u00a0A t\u0151zegb\u0151l nyert biomassza \u00e9get\u00e9se sor\u00e1n energi\u00e1t lehet el\u0151\u00e1ll\u00edtani, ami k\u00f6rnyezetbar\u00e1t alternat\u00edv\u00e1t k\u00edn\u00e1l a fosszilis t\u00fczel\u0151anyagokkal szemben.<\/p>\n<p>A<strong>kvarisztika:<\/strong>\u00a0A t\u0151zeget gyakran haszn\u00e1lj\u00e1k akv\u00e1riumokban, mivel seg\u00edt a v\u00edz pH-\u00e9rt\u00e9k\u00e9nek szab\u00e1lyoz\u00e1s\u00e1ban \u00e9s term\u00e9szetes k\u00f6rnyezetet biztos\u00edt a halak sz\u00e1m\u00e1ra<\/p>\n<p>Alkalmazhat\u00f3 a kertekben, vir\u00e1gtermeszt\u00e9sben \u00e9s z\u00f6lds\u00e9gtermeszt\u00e9sben a termeszt\u0151k\u00f6zeg szerkezet\u00e9nek jav\u00edt\u00e1s\u00e1ra. Tart\u00f3san j\u00f3 szerkezetet \u00e9s v\u00edzgazd\u00e1lkod\u00e1st biztos\u00edt. Szagtalan, k\u00e1rtev\u0151mentes, laz\u00edtja a talajt.<\/p>\n<p>S\u00falya kb. 40Kg.<\/p>\n<h3><span style=\"color: #ff0000;\"><strong><u>A 250L-es Rekyva t\u0151zeg a s\u00faly\u00e1b\u00f3l, valamint m\u00e9ret\u00e9b\u0151l ad\u00f3d\u00f3an kiz\u00e1r\u00f3lag szem\u00e9lyesen vehet\u0151 \u00e1t vagy raklapon sz\u00e1ll\u00edthat\u00f3! A sz\u00e1ll\u00edt\u00e1s k\u00f6lts\u00e9ge egyedi \u00e1raz\u00e1ssal t\u00f6rt\u00e9nik!<\/u><\/strong><\/span><\/h3>\n<p style=\"line-height: 18.0pt; background: white; margin: 0cm 0cm 15.0pt 0cm;\"><b><span style=\"font-family: 'Ubuntu',sans-serif; color: black;\">K\u00e9szlet\u00fcnk napi szinten v\u00e1ltozik, ez\u00e9rt k\u00e9rj\u00fck, \u00e9rdekl\u0151dj\u00f6n szem\u00e9lyesen, telefonon vagy email-en.<br \/>\nA v\u00e1ltoztat\u00e1s jog\u00e1t fenntartjuk!\u00a0<\/span><\/b><\/p>\n<p><a href=\"https:\/\/tajkertesz.com\/\">https:\/\/tajkertesz.com\/<\/a><\/p>\n<p><a href=\"https:\/\/www.facebook.com\/tajkertesz\/\">https:\/\/www.facebook.com\/tajkertesz\/<\/a><\/p>\n<p>Kisz\u00e1ll\u00edt\u00e1s: 200cm-ig \u00e9s 40 kg-ig a sz\u00e1ll\u00edt\u00e1s fut\u00e1rszolg\u00e1lattal t\u00f6rt\u00e9nik.<\/p>\n<p>Szem\u00e9lyes \u00e1tv\u00e9tel nyitvatart\u00e1si id\u0151ben a 17. ker\u00fclet Bakancsos utca 7. sz\u00e1m alatti Kert\u00e9szeti \u00e1rud\u00e1nkban.<\/p>\n<p>Kert\u00e9p\u00edt\u0151k \u00e9s viszontelad\u00f3k regisztr\u00e1l\u00e1s ut\u00e1n egyedi kedvezm\u00e9nnyel v\u00e1s\u00e1rolhatnak kert\u00e9szeti kis-\u00e9s nagykeresked\u00e9s\u00fcnkben.<\/p>","protected":false},"excerpt":{"rendered":"<p><strong>Ide\u00e1lis k\u00f6zeg a n\u00f6v\u00e9nyszapor\u00edt\u00e1shoz, vagy dugv\u00e1nygy\u00f6kereztet\u00e9shez.<\/strong><\/p>\n<p>A finomabb frakci\u00f3j\u00fa (0-10mm) t\u0151zeg j\u00f3l haszn\u00e1lhat\u00f3 szapor\u00edt\u00f3t\u00e1lc\u00e1khoz \u00e9s kis cserepekhez. A\u00a0k\u00e9miai nedves\u00edt\u0151szer gyors v\u00edzfelv\u00e9telt \u00e9s a termeszt\u00e9s sor\u00e1n kiegyenl\u00edtett v\u00edzh\u00e1ztart\u00e1st biztos\u00edt.<\/p>","protected":false},"featured_media":14595,"template":"","meta":{"_et_pb_use_builder":"","_et_pb_old_content":"","_et_gb_content_width":""},"product_brand":[],"product_cat":[4130],"product_tag":[4105,5144,5143,1473],"class_list":{"0":"post-14594","1":"product","2":"type-product","3":"status-publish","4":"has-post-thumbnail","6":"product_cat-tozeg-kokuszrost-perlit","7":"product_tag-npk","8":"product_tag-rekyva","9":"product_tag-remix","10":"product_tag-tozeg","12":"first","13":"onbackorder","14":"shipping-taxable","15":"purchasable","16":"product-type-simple"},"yoast_head":"<!-- This site is optimized with the Yoast SEO plugin v27.5 - https:\/\/yoast.com\/product\/yoast-seo-wordpress\/ -->\n<title>Rekyva perlites t\u0151zeg+NPK. 250L - T\u00e1jkert\u00e9sz<\/title>\n<meta name=\"description\" content=\"Rekyva perlites t\u0151zeg+NPK. 250L. Felhaszn\u00e1l\u00e1si javaslat: dugv\u00e1nyok gy\u00f6kereztet\u00e9s\u00e9hez. Rendeljen kert\u00e9szeti web\u00e1ruh\u00e1zunkb\u00f3l.\" \/>\n<meta name=\"robots\" content=\"index, follow, max-snippet:-1, max-image-preview:large, max-video-preview:-1\" \/>\n<link rel=\"canonical\" href=\"https:\/\/tajkertesz.com\/en_US\/product\/rekyva-perlites-tozegnpk-250l\/\" \/>\n<meta property=\"og:locale\" content=\"en_US\" \/>\n<meta property=\"og:type\" content=\"article\" \/>\n<meta property=\"og:title\" content=\"https:\/\/www.facebook.com\/tajkertesz\/\" \/>\n<meta property=\"og:description\" content=\"Ide\u00e1lis k\u00f6zeg a n\u00f6v\u00e9nyszapor\u00edt\u00e1shoz, vagy dugv\u00e1nygy\u00f6kereztet\u00e9shez.A finomabb frakci\u00f3j\u00fa (0-10mm) t\u0151zeg j\u00f3l haszn\u00e1lhat\u00f3 szapor\u00edt\u00f3t\u00e1lc\u00e1khoz \u00e9s kis cserepekhez. A\u00a0k\u00e9miai nedves\u00edt\u0151szer gyors v\u00edzfelv\u00e9telt \u00e9s a termeszt\u00e9s sor\u00e1n kiegyenl\u00edtett v\u00edzh\u00e1ztart\u00e1st biztos\u00edt.\" \/>\n<meta property=\"og:url\" content=\"https:\/\/tajkertesz.com\/en_US\/product\/rekyva-perlites-tozegnpk-250l\/\" \/>\n<meta property=\"og:site_name\" content=\"T\u00e1jkert\u00e9sz\" \/>\n<meta property=\"article:publisher\" content=\"https:\/\/www.facebook.com\/Tajkertesz\/\" \/>\n<meta property=\"article:modified_time\" content=\"2026-02-19T10:33:20+00:00\" \/>\n<meta property=\"og:image\" content=\"https:\/\/tajkertesz.com\/wp-content\/uploads\/2023\/01\/Rekyva.jpg\" \/>\n\t<meta property=\"og:image:width\" content=\"1154\" \/>\n\t<meta property=\"og:image:height\" content=\"2560\" \/>\n\t<meta property=\"og:image:type\" content=\"image\/jpeg\" \/>\n<meta name=\"twitter:card\" content=\"summary_large_image\" \/>\n<meta name=\"twitter:label1\" content=\"Est. reading time\" \/>\n\t<meta name=\"twitter:data1\" content=\"3 minutes\" \/>\n<script type=\"application\/ld+json\" class=\"yoast-schema-graph\">{\"@context\":\"https:\\\/\\\/schema.org\",\"@graph\":[{\"@type\":\"WebPage\",\"@id\":\"https:\\\/\\\/tajkertesz.com\\\/termek\\\/rekyva-perlites-tozegnpk-250l\\\/\",\"url\":\"https:\\\/\\\/tajkertesz.com\\\/termek\\\/rekyva-perlites-tozegnpk-250l\\\/\",\"name\":\"Rekyva perlites t\u0151zeg+NPK. 250L - T\u00e1jkert\u00e9sz\",\"isPartOf\":{\"@id\":\"https:\\\/\\\/tajkertesz.com\\\/#website\"},\"primaryImageOfPage\":{\"@id\":\"https:\\\/\\\/tajkertesz.com\\\/termek\\\/rekyva-perlites-tozegnpk-250l\\\/#primaryimage\"},\"image\":{\"@id\":\"https:\\\/\\\/tajkertesz.com\\\/termek\\\/rekyva-perlites-tozegnpk-250l\\\/#primaryimage\"},\"thumbnailUrl\":\"https:\\\/\\\/tajkertesz.com\\\/wp-content\\\/uploads\\\/2023\\\/01\\\/20230110_125904-1-scaled-e1673354311102.jpg\",\"datePublished\":\"2024-12-11T12:47:08+00:00\",\"dateModified\":\"2026-02-19T10:33:20+00:00\",\"description\":\"Rekyva perlites t\u0151zeg+NPK. 250L. Felhaszn\u00e1l\u00e1si javaslat: dugv\u00e1nyok gy\u00f6kereztet\u00e9s\u00e9hez. Rendeljen kert\u00e9szeti web\u00e1ruh\u00e1zunkb\u00f3l.\",\"breadcrumb\":{\"@id\":\"https:\\\/\\\/tajkertesz.com\\\/termek\\\/rekyva-perlites-tozegnpk-250l\\\/#breadcrumb\"},\"inLanguage\":\"en-US\",\"potentialAction\":[{\"@type\":\"ReadAction\",\"target\":[\"https:\\\/\\\/tajkertesz.com\\\/termek\\\/rekyva-perlites-tozegnpk-250l\\\/\"]}]},{\"@type\":\"ImageObject\",\"inLanguage\":\"en-US\",\"@id\":\"https:\\\/\\\/tajkertesz.com\\\/termek\\\/rekyva-perlites-tozegnpk-250l\\\/#primaryimage\",\"url\":\"https:\\\/\\\/tajkertesz.com\\\/wp-content\\\/uploads\\\/2023\\\/01\\\/20230110_125904-1-scaled-e1673354311102.jpg\",\"contentUrl\":\"https:\\\/\\\/tajkertesz.com\\\/wp-content\\\/uploads\\\/2023\\\/01\\\/20230110_125904-1-scaled-e1673354311102.jpg\",\"width\":2396,\"height\":1080,\"caption\":\"Rekyva perlites t\u0151zeg+NPK. 250L\"},{\"@type\":\"BreadcrumbList\",\"@id\":\"https:\\\/\\\/tajkertesz.com\\\/termek\\\/rekyva-perlites-tozegnpk-250l\\\/#breadcrumb\",\"itemListElement\":[{\"@type\":\"ListItem\",\"position\":1,\"name\":\"Home\",\"item\":\"https:\\\/\\\/tajkertesz.com\\\/\"},{\"@type\":\"ListItem\",\"position\":2,\"name\":\"Kezd\u0151lap\",\"item\":\"https:\\\/\\\/tajkertesz.com\\\/\"},{\"@type\":\"ListItem\",\"position\":3,\"name\":\"Rekyva perlites t\u0151zeg+NPK. 250L\"}]},{\"@type\":\"WebSite\",\"@id\":\"https:\\\/\\\/tajkertesz.com\\\/#website\",\"url\":\"https:\\\/\\\/tajkertesz.com\\\/\",\"name\":\"T\u00e1j-Kert\u00e9sz 84 Kft.\",\"description\":\"Kert\u00e9szeti kis- \u00e9s nagykeresked\u00e9s, D\u00edszn\u00f6v\u00e9ny web\u00e1ruh\u00e1z orsz\u00e1gos h\u00e1zhozsz\u00e1ll\u00edt\u00e1ssal!\",\"publisher\":{\"@id\":\"https:\\\/\\\/tajkertesz.com\\\/#organization\"},\"potentialAction\":[{\"@type\":\"SearchAction\",\"target\":{\"@type\":\"EntryPoint\",\"urlTemplate\":\"https:\\\/\\\/tajkertesz.com\\\/?s={search_term_string}\"},\"query-input\":{\"@type\":\"PropertyValueSpecification\",\"valueRequired\":true,\"valueName\":\"search_term_string\"}}],\"inLanguage\":\"en-US\"},{\"@type\":\"Organization\",\"@id\":\"https:\\\/\\\/tajkertesz.com\\\/#organization\",\"name\":\"T\u00e1j-Kert\u00e9sz 84 Kft.\",\"url\":\"https:\\\/\\\/tajkertesz.com\\\/\",\"logo\":{\"@type\":\"ImageObject\",\"inLanguage\":\"en-US\",\"@id\":\"https:\\\/\\\/tajkertesz.com\\\/#\\\/schema\\\/logo\\\/image\\\/\",\"url\":\"https:\\\/\\\/tajkertesz.com\\\/wp-content\\\/uploads\\\/2018\\\/02\\\/logo-2-e1518678052539.png\",\"contentUrl\":\"https:\\\/\\\/tajkertesz.com\\\/wp-content\\\/uploads\\\/2018\\\/02\\\/logo-2-e1518678052539.png\",\"width\":81,\"height\":140,\"caption\":\"T\u00e1j-Kert\u00e9sz 84 Kft.\"},\"image\":{\"@id\":\"https:\\\/\\\/tajkertesz.com\\\/#\\\/schema\\\/logo\\\/image\\\/\"},\"sameAs\":[\"https:\\\/\\\/www.facebook.com\\\/Tajkertesz\\\/\"]}]}<\/script>\n<!-- \/ Yoast SEO plugin. -->","yoast_head_json":{"title":"Rekyva perlites t\u0151zeg+NPK. 250L - T\u00e1jkert\u00e9sz","description":"Rekyva perlites t\u0151zeg+NPK. 250L. Felhaszn\u00e1l\u00e1si javaslat: dugv\u00e1nyok gy\u00f6kereztet\u00e9s\u00e9hez. Rendeljen kert\u00e9szeti web\u00e1ruh\u00e1zunkb\u00f3l.","robots":{"index":"index","follow":"follow","max-snippet":"max-snippet:-1","max-image-preview":"max-image-preview:large","max-video-preview":"max-video-preview:-1"},"canonical":"https:\/\/tajkertesz.com\/en_US\/product\/rekyva-perlites-tozegnpk-250l\/","og_locale":"en_US","og_type":"article","og_title":"https:\/\/www.facebook.com\/tajkertesz\/","og_description":"Ide\u00e1lis k\u00f6zeg a n\u00f6v\u00e9nyszapor\u00edt\u00e1shoz, vagy dugv\u00e1nygy\u00f6kereztet\u00e9shez.A finomabb frakci\u00f3j\u00fa (0-10mm) t\u0151zeg j\u00f3l haszn\u00e1lhat\u00f3 szapor\u00edt\u00f3t\u00e1lc\u00e1khoz \u00e9s kis cserepekhez. A\u00a0k\u00e9miai nedves\u00edt\u0151szer gyors v\u00edzfelv\u00e9telt \u00e9s a termeszt\u00e9s sor\u00e1n kiegyenl\u00edtett v\u00edzh\u00e1ztart\u00e1st biztos\u00edt.","og_url":"https:\/\/tajkertesz.com\/en_US\/product\/rekyva-perlites-tozegnpk-250l\/","og_site_name":"T\u00e1jkert\u00e9sz","article_publisher":"https:\/\/www.facebook.com\/Tajkertesz\/","article_modified_time":"2026-02-19T10:33:20+00:00","og_image":[{"width":1154,"height":2560,"url":"https:\/\/tajkertesz.com\/wp-content\/uploads\/2023\/01\/Rekyva.jpg","type":"image\/jpeg"}],"twitter_card":"summary_large_image","twitter_misc":{"Est. reading time":"3 minutes"},"schema":{"@context":"https:\/\/schema.org","@graph":[{"@type":"WebPage","@id":"https:\/\/tajkertesz.com\/termek\/rekyva-perlites-tozegnpk-250l\/","url":"https:\/\/tajkertesz.com\/termek\/rekyva-perlites-tozegnpk-250l\/","name":"Rekyva perlites t\u0151zeg+NPK. 250L - T\u00e1jkert\u00e9sz","isPartOf":{"@id":"https:\/\/tajkertesz.com\/#website"},"primaryImageOfPage":{"@id":"https:\/\/tajkertesz.com\/termek\/rekyva-perlites-tozegnpk-250l\/#primaryimage"},"image":{"@id":"https:\/\/tajkertesz.com\/termek\/rekyva-perlites-tozegnpk-250l\/#primaryimage"},"thumbnailUrl":"https:\/\/tajkertesz.com\/wp-content\/uploads\/2023\/01\/20230110_125904-1-scaled-e1673354311102.jpg","datePublished":"2024-12-11T12:47:08+00:00","dateModified":"2026-02-19T10:33:20+00:00","description":"Rekyva perlites t\u0151zeg+NPK. 250L. Felhaszn\u00e1l\u00e1si javaslat: dugv\u00e1nyok gy\u00f6kereztet\u00e9s\u00e9hez. Rendeljen kert\u00e9szeti web\u00e1ruh\u00e1zunkb\u00f3l.","breadcrumb":{"@id":"https:\/\/tajkertesz.com\/termek\/rekyva-perlites-tozegnpk-250l\/#breadcrumb"},"inLanguage":"en-US","potentialAction":[{"@type":"ReadAction","target":["https:\/\/tajkertesz.com\/termek\/rekyva-perlites-tozegnpk-250l\/"]}]},{"@type":"ImageObject","inLanguage":"en-US","@id":"https:\/\/tajkertesz.com\/termek\/rekyva-perlites-tozegnpk-250l\/#primaryimage","url":"https:\/\/tajkertesz.com\/wp-content\/uploads\/2023\/01\/20230110_125904-1-scaled-e1673354311102.jpg","contentUrl":"https:\/\/tajkertesz.com\/wp-content\/uploads\/2023\/01\/20230110_125904-1-scaled-e1673354311102.jpg","width":2396,"height":1080,"caption":"Rekyva perlites t\u0151zeg+NPK. 250L"},{"@type":"BreadcrumbList","@id":"https:\/\/tajkertesz.com\/termek\/rekyva-perlites-tozegnpk-250l\/#breadcrumb","itemListElement":[{"@type":"ListItem","position":1,"name":"Home","item":"https:\/\/tajkertesz.com\/"},{"@type":"ListItem","position":2,"name":"Kezd\u0151lap","item":"https:\/\/tajkertesz.com\/"},{"@type":"ListItem","position":3,"name":"Rekyva perlites t\u0151zeg+NPK. 250L"}]},{"@type":"WebSite","@id":"https:\/\/tajkertesz.com\/#website","url":"https:\/\/tajkertesz.com\/","name":"T\u00e1j-Kert\u00e9sz 84 Kft.","description":"Kert\u00e9szeti kis- \u00e9s nagykeresked\u00e9s, D\u00edszn\u00f6v\u00e9ny web\u00e1ruh\u00e1z orsz\u00e1gos h\u00e1zhozsz\u00e1ll\u00edt\u00e1ssal!","publisher":{"@id":"https:\/\/tajkertesz.com\/#organization"},"potentialAction":[{"@type":"SearchAction","target":{"@type":"EntryPoint","urlTemplate":"https:\/\/tajkertesz.com\/?s={search_term_string}"},"query-input":{"@type":"PropertyValueSpecification","valueRequired":true,"valueName":"search_term_string"}}],"inLanguage":"en-US"},{"@type":"Organization","@id":"https:\/\/tajkertesz.com\/#organization","name":"T\u00e1j-Kert\u00e9sz 84 Kft.","url":"https:\/\/tajkertesz.com\/","logo":{"@type":"ImageObject","inLanguage":"en-US","@id":"https:\/\/tajkertesz.com\/#\/schema\/logo\/image\/","url":"https:\/\/tajkertesz.com\/wp-content\/uploads\/2018\/02\/logo-2-e1518678052539.png","contentUrl":"https:\/\/tajkertesz.com\/wp-content\/uploads\/2018\/02\/logo-2-e1518678052539.png","width":81,"height":140,"caption":"T\u00e1j-Kert\u00e9sz 84 Kft."},"image":{"@id":"https:\/\/tajkertesz.com\/#\/schema\/logo\/image\/"},"sameAs":["https:\/\/www.facebook.com\/Tajkertesz\/"]}]}},"_links":{"self":[{"href":"https:\/\/tajkertesz.com\/en_US\/wp-json\/wp\/v2\/product\/14594","targetHints":{"allow":["GET"]}}],"collection":[{"href":"https:\/\/tajkertesz.com\/en_US\/wp-json\/wp\/v2\/product"}],"about":[{"href":"https:\/\/tajkertesz.com\/en_US\/wp-json\/wp\/v2\/types\/product"}],"wp:featuredmedia":[{"embeddable":true,"href":"https:\/\/tajkertesz.com\/en_US\/wp-json\/wp\/v2\/media\/14595"}],"wp:attachment":[{"href":"https:\/\/tajkertesz.com\/en_US\/wp-json\/wp\/v2\/media?parent=14594"}],"wp:term":[{"taxonomy":"product_brand","embeddable":true,"href":"https:\/\/tajkertesz.com\/en_US\/wp-json\/wp\/v2\/product_brand?post=14594"},{"taxonomy":"product_cat","embeddable":true,"href":"https:\/\/tajkertesz.com\/en_US\/wp-json\/wp\/v2\/product_cat?post=14594"},{"taxonomy":"product_tag","embeddable":true,"href":"https:\/\/tajkertesz.com\/en_US\/wp-json\/wp\/v2\/product_tag?post=14594"}],"curies":[{"name":"wp","href":"https:\/\/api.w.org\/{rel}","templated":true}]}}