{"id":14601,"date":"2023-01-10T13:48:21","date_gmt":"2023-01-10T13:48:21","guid":{"rendered":"https:\/\/tajkertesz.com\/?post_type=product&#038;p=14601"},"modified":"2026-03-06T08:54:29","modified_gmt":"2026-03-06T08:54:29","slug":"voros-nagy-fenyokereg-4-10cm-60l-2","status":"publish","type":"product","link":"https:\/\/tajkertesz.com\/en_US\/product\/voros-nagy-fenyokereg-4-10cm-60l-2\/","title":{"rendered":"V\u00f6r\u00f6s nagy feny\u0151k\u00e9reg (4-10cm ) 60l"},"content":{"rendered":"<h3>V\u00f6r\u00f6s nagy feny\u0151k\u00e9reg (4-10cm ) 60l<\/h3>\n<p>V\u00f6r\u00f6s nagy feny\u0151k\u00e9reg (4-10cm ) 60l<\/p>\n<p>Azon k\u00edv\u00fcl hogy magas eszt\u00e9tikai l\u00e1tv\u00e1nyt ny\u00fajt, kiv\u00e1l\u00f3 min\u0151s\u00e9g\u0171, de rengeteg \u00f6nt\u00f6z\u0151vizet is megsp\u00f3rolhatunk vele illetve a gyomosod\u00e1st is g\u00e1tolja. Es\u0151ben megel\u0151zi a s\u00e1r felcsap\u00f3d\u00e1s\u00e1t a n\u00f6v\u00e9nyekre. Seg\u00edti a n\u00f6v\u00e9nyek fejl\u0151d\u00e9s\u00e9t \u00e9s kellemes az illata.<\/p>\n<p>Azon k\u00edv\u00fcl hogy magas eszt\u00e9tikai l\u00e1tv\u00e1nyt ny\u00fajt, kiv\u00e1l\u00f3 min\u0151s\u00e9g\u0171, de rengeteg \u00f6nt\u00f6z\u0151vizet is megsp\u00f3rolhatunk vele illetve a gyomosod\u00e1st is g\u00e1tolja. Es\u0151ben megel\u0151zi a s\u00e1r felcsap\u00f3d\u00e1s\u00e1t a n\u00f6v\u00e9nyekre. Seg\u00edti a n\u00f6v\u00e9nyek fejl\u0151d\u00e9s\u00e9t \u00e9s kellemes az illata.<\/p>\n<h4>A feny\u0151k\u00e9regnek sz\u00e1mos hasznos felhaszn\u00e1l\u00e1si m\u00f3dja van a kertben \u00e9s a h\u00e1z k\u00f6r\u00fcl:<\/h4>\n<p>Talajtakar\u00e1s: A feny\u0151k\u00e9reg kiv\u00e1l\u00f3an alkalmas talajtakar\u00e1sra, mivel seg\u00edt meg\u0151rizni a talaj nedvess\u00e9gtartalm\u00e1t, cs\u00f6kkenti a gyomok n\u00f6veked\u00e9s\u00e9t, \u00e9s v\u00e9di a n\u00f6v\u00e9nyek gy\u00f6kereit a sz\u00e9ls\u0151s\u00e9ges h\u0151m\u00e9rs\u00e9kletekt\u0151l.<\/p>\n<p>Dekor\u00e1ci\u00f3: Eszt\u00e9tikai szempontb\u00f3l is el\u0151ny\u00f6s, mivel term\u00e9szetes \u00e9s rendezett megjelen\u00e9st k\u00f6lcs\u00f6n\u00f6z a kertnek. K\u00fcl\u00f6n\u00f6sen j\u00f3l mutat vir\u00e1g\u00e1gy\u00e1sokban, cserj\u00e9k \u00e9s f\u00e1k k\u00f6r\u00fcl.<\/p>\n<p>Talaj jav\u00edt\u00e1sa: Id\u0151vel a feny\u0151k\u00e9reg lebomlik, \u00e9s t\u00e1panyagokat juttat a talajba, jav\u00edtva annak szerkezet\u00e9t \u00e9s savany\u00edtva azt, ami kedvez\u0151 a savany\u00fa talajt kedvel\u0151 n\u00f6v\u00e9nyek sz\u00e1m\u00e1ra.<\/p>\n<p>\u00dct\u00e9scsillap\u00edt\u00e1s: J\u00e1tsz\u00f3tereken \u00e9s kerti utak ment\u00e9n is haszn\u00e1lhat\u00f3, mivel cs\u00f6kkenti az es\u00e9sek \u00e9s \u00fct\u00e9sek erej\u00e9t.<\/p>\n<p>Belt\u00e9ri haszn\u00e1lat: Nemcsak k\u00fclt\u00e9ren, hanem belt\u00e9ren is alkalmazhat\u00f3, p\u00e9ld\u00e1ul terr\u00e1riumokban vagy cserepes n\u00f6v\u00e9nyek talajtakar\u00e1s\u00e1ra.<\/p>\n<h4>A feny\u0151k\u00e9reg k\u00fcl\u00f6n\u00f6sen aj\u00e1nlott olyan n\u00f6v\u00e9nyekhez, amelyek kedvelik az enyh\u00e9n savas talajt.<\/h4>\n<h4>\u00cdme n\u00e9h\u00e1ny p\u00e9lda:<\/h4>\n<p>T\u0171level\u0171ek: Feny\u0151k, tuj\u00e1k \u00e9s ciprusok.<br \/>\nSavany\u00fa talajt kedvel\u0151 cserj\u00e9k: Az\u00e1le\u00e1k, rododendronok, hortenzia.<br \/>\nBogy\u00f3s gy\u00fcm\u00f6lcs\u00f6k: \u00c1fonya, m\u00e1lna, ribizli.<br \/>\nVir\u00e1gos n\u00f6v\u00e9nyek: Kam\u00e9lia, magn\u00f3lia.<br \/>\nEgy\u00e9b n\u00f6v\u00e9nyek: P\u00e1fr\u00e1nyok, erdei n\u00f6v\u00e9nyek<\/p>\n<h4>A talajtakar\u00e1s sz\u00e1mos el\u0151nnyel j\u00e1r a kert\u00e9szked\u00e9sben \u00e9s a mez\u0151gazdas\u00e1gban:<\/h4>\n<p>Nedvess\u00e9gmeg\u0151rz\u00e9s: A talajtakar\u00f3 anyagok seg\u00edtenek meg\u0151rizni a talaj nedvess\u00e9gtartalm\u00e1t, cs\u00f6kkentve a p\u00e1rolg\u00e1st, \u00edgy kevesebb \u00f6nt\u00f6z\u00e9sre van sz\u00fcks\u00e9g.<\/p>\n<p>Gyomok elleni v\u00e9delem: A talajtakar\u00e1s g\u00e1tolja a gyomn\u00f6v\u00e9nyek n\u00f6veked\u00e9s\u00e9t, mivel megakad\u00e1lyozza, hogy a gyommagvak f\u00e9nyhez jussanak.<\/p>\n<p>Talajv\u00e9delem: V\u00e9d az er\u00f3zi\u00f3 ellen, megakad\u00e1lyozza a talaj t\u00f6m\u00f6r\u00f6d\u00e9s\u00e9t \u00e9s jav\u00edtja a talajszerkezetet.<\/p>\n<p>H\u0151m\u00e9rs\u00e9klet-szab\u00e1lyoz\u00e1s: Seg\u00edt szab\u00e1lyozni a talaj h\u0151m\u00e9rs\u00e9klet\u00e9t, megv\u00e9dve a n\u00f6v\u00e9nyek gy\u00f6kereit a sz\u00e9ls\u0151s\u00e9ges h\u0151m\u00e9rs\u00e9kletekt\u0151l.<\/p>\n<p>T\u00e1panyag-ut\u00e1np\u00f3tl\u00e1s: A szerves talajtakar\u00f3k, mint p\u00e9ld\u00e1ul a feny\u0151k\u00e9reg, id\u0151vel lebomlanak, \u00e9s t\u00e1panyagokat juttatnak a talajba, jav\u00edtva annak term\u00e9kenys\u00e9g\u00e9t.<\/p>\n<p>Talaj\u00e9let t\u00e1mogat\u00e1sa: A talajtakar\u00e1s el\u0151seg\u00edti a talajban \u00e9l\u0151 hasznos mikroorganizmusok \u00e9s m\u00e1s \u00e9l\u0151l\u00e9nyek tev\u00e9kenys\u00e9g\u00e9t, ami hozz\u00e1j\u00e1rul a talaj eg\u00e9szs\u00e9g\u00e9hez<\/p>\n<p>Jelen term\u00e9k\u00fcnk : 60 L<\/p>\n<p style=\"line-height: 18.0pt; background: white; margin: 0cm 0cm 15.0pt 0cm;\"><b><span style=\"font-family: 'Ubuntu',sans-serif; color: black;\">K\u00e9szlet\u00fcnk napi szinten v\u00e1ltozik, ez\u00e9rt k\u00e9rj\u00fck, \u00e9rdekl\u0151dj\u00f6n szem\u00e9lyesen, telefonon vagy email-en.<br \/>\nA v\u00e1ltoztat\u00e1s jog\u00e1t fenntartjuk!\u00a0<\/span><\/b><\/p>\n<p><a href=\"https:\/\/tajkertesz.com\/\">https:\/\/tajkertesz.com\/<\/a><\/p>\n<p><a href=\"https:\/\/www.facebook.com\/tajkertesz\/\">https:\/\/www.facebook.com\/tajkertesz\/<\/a><\/p>\n<p>Kisz\u00e1ll\u00edt\u00e1s: 200cm-ig \u00e9s 40 kg-ig a sz\u00e1ll\u00edt\u00e1s fut\u00e1rszolg\u00e1lattal t\u00f6rt\u00e9nik.<\/p>\n<p>Szem\u00e9lyes \u00e1tv\u00e9tel nyitvatart\u00e1si id\u0151ben a 17. ker\u00fclet Bakancsos utca 7. sz\u00e1m alatti Kert\u00e9szeti \u00e1rud\u00e1nkban.<\/p>\n<p>Kert\u00e9p\u00edt\u0151k \u00e9s viszontelad\u00f3k regisztr\u00e1l\u00e1s ut\u00e1n egyedi kedvezm\u00e9nnyel v\u00e1s\u00e1rolhatnak kert\u00e9szeti kis-\u00e9s nagykeresked\u00e9s\u00fcnkben.<\/p>","protected":false},"excerpt":{"rendered":"<h3>V\u00f6r\u00f6s nagy feny\u0151k\u00e9reg (4-10cm ) 60l<\/h3>\n<p>Azon k\u00edv\u00fcl hogy magas eszt\u00e9tikai l\u00e1tv\u00e1nyt ny\u00fajt, kiv\u00e1l\u00f3 min\u0151s\u00e9g\u0171, de rengeteg \u00f6nt\u00f6z\u0151vizet is megsp\u00f3rolhatunk vele illetve a gyomosod\u00e1st is g\u00e1tolja. Es\u0151ben megel\u0151zi a s\u00e1r felcsap\u00f3d\u00e1s\u00e1t a n\u00f6v\u00e9nyekre. Seg\u00edti a n\u00f6v\u00e9nyek fejl\u0151d\u00e9s\u00e9t \u00e9s kellemes az illata.<\/p>","protected":false},"featured_media":10278,"template":"","meta":{"_et_pb_use_builder":"","_et_pb_old_content":"","_et_gb_content_width":""},"product_brand":[],"product_cat":[4136],"product_tag":[1573,971],"class_list":{"0":"post-14601","1":"product","2":"type-product","3":"status-publish","4":"has-post-thumbnail","6":"product_cat-fenyokergek","7":"product_tag-fenyokereg","8":"product_tag-kerti","10":"first","11":"instock","12":"shipping-taxable","13":"purchasable","14":"product-type-simple"},"yoast_head":"<!-- This site is optimized with the Yoast SEO plugin v27.5 - https:\/\/yoast.com\/product\/yoast-seo-wordpress\/ -->\n<title>V\u00f6r\u00f6s nagy feny\u0151k\u00e9reg (4-10cm ) 60l - T\u00e1jkert\u00e9sz<\/title>\n<meta name=\"description\" content=\"V\u00f6r\u00f6s nagy feny\u0151k\u00e9reg (4-10cm ) 60l Azon k\u00edv\u00fcl hogy magas eszt\u00e9tikai l\u00e1tv\u00e1nyt ny\u00fajt, kiv\u00e1l\u00f3 min\u0151s\u00e9g\u0171, de rengeteg \u00f6nt\u00f6z\u0151vizet is\" \/>\n<meta name=\"robots\" content=\"index, follow, max-snippet:-1, max-image-preview:large, max-video-preview:-1\" \/>\n<link rel=\"canonical\" href=\"https:\/\/tajkertesz.com\/en_US\/product\/voros-nagy-fenyokereg-4-10cm-60l-2\/\" \/>\n<meta property=\"og:locale\" content=\"en_US\" \/>\n<meta property=\"og:type\" content=\"article\" \/>\n<meta property=\"og:title\" content=\"V\u00f6r\u00f6s nagy feny\u0151k\u00e9reg (4-10cm ) 60l - T\u00e1jkert\u00e9sz\" \/>\n<meta property=\"og:description\" content=\"V\u00f6r\u00f6s nagy feny\u0151k\u00e9reg (4-10cm ) 60l Azon k\u00edv\u00fcl hogy magas eszt\u00e9tikai l\u00e1tv\u00e1nyt ny\u00fajt, kiv\u00e1l\u00f3 min\u0151s\u00e9g\u0171, de rengeteg \u00f6nt\u00f6z\u0151vizet is\" \/>\n<meta property=\"og:url\" content=\"https:\/\/tajkertesz.com\/en_US\/product\/voros-nagy-fenyokereg-4-10cm-60l-2\/\" \/>\n<meta property=\"og:site_name\" content=\"T\u00e1jkert\u00e9sz\" \/>\n<meta property=\"article:publisher\" content=\"https:\/\/www.facebook.com\/Tajkertesz\/\" \/>\n<meta property=\"article:modified_time\" content=\"2026-03-06T08:54:29+00:00\" \/>\n<meta property=\"og:image\" content=\"https:\/\/tajkertesz.com\/wp-content\/uploads\/2021\/05\/IMG_20211011_102056-scaled.jpg\" \/>\n\t<meta property=\"og:image:width\" content=\"2560\" \/>\n\t<meta property=\"og:image:height\" content=\"2130\" \/>\n\t<meta property=\"og:image:type\" content=\"image\/jpeg\" \/>\n<meta name=\"twitter:card\" content=\"summary_large_image\" \/>\n<meta name=\"twitter:label1\" content=\"Est. reading time\" \/>\n\t<meta name=\"twitter:data1\" content=\"3 minutes\" \/>\n<script type=\"application\/ld+json\" class=\"yoast-schema-graph\">{\"@context\":\"https:\\\/\\\/schema.org\",\"@graph\":[{\"@type\":\"WebPage\",\"@id\":\"https:\\\/\\\/tajkertesz.com\\\/termek\\\/voros-nagy-fenyokereg-4-10cm-60l-2\\\/\",\"url\":\"https:\\\/\\\/tajkertesz.com\\\/termek\\\/voros-nagy-fenyokereg-4-10cm-60l-2\\\/\",\"name\":\"V\u00f6r\u00f6s nagy feny\u0151k\u00e9reg (4-10cm ) 60l - T\u00e1jkert\u00e9sz\",\"isPartOf\":{\"@id\":\"https:\\\/\\\/tajkertesz.com\\\/#website\"},\"primaryImageOfPage\":{\"@id\":\"https:\\\/\\\/tajkertesz.com\\\/termek\\\/voros-nagy-fenyokereg-4-10cm-60l-2\\\/#primaryimage\"},\"image\":{\"@id\":\"https:\\\/\\\/tajkertesz.com\\\/termek\\\/voros-nagy-fenyokereg-4-10cm-60l-2\\\/#primaryimage\"},\"thumbnailUrl\":\"https:\\\/\\\/tajkertesz.com\\\/wp-content\\\/uploads\\\/2021\\\/05\\\/IMG_20211011_102056-scaled.jpg\",\"datePublished\":\"2023-01-10T13:48:21+00:00\",\"dateModified\":\"2026-03-06T08:54:29+00:00\",\"description\":\"V\u00f6r\u00f6s nagy feny\u0151k\u00e9reg (4-10cm ) 60l Azon k\u00edv\u00fcl hogy magas eszt\u00e9tikai l\u00e1tv\u00e1nyt ny\u00fajt, kiv\u00e1l\u00f3 min\u0151s\u00e9g\u0171, de rengeteg \u00f6nt\u00f6z\u0151vizet is\",\"breadcrumb\":{\"@id\":\"https:\\\/\\\/tajkertesz.com\\\/termek\\\/voros-nagy-fenyokereg-4-10cm-60l-2\\\/#breadcrumb\"},\"inLanguage\":\"en-US\",\"potentialAction\":[{\"@type\":\"ReadAction\",\"target\":[\"https:\\\/\\\/tajkertesz.com\\\/termek\\\/voros-nagy-fenyokereg-4-10cm-60l-2\\\/\"]}]},{\"@type\":\"ImageObject\",\"inLanguage\":\"en-US\",\"@id\":\"https:\\\/\\\/tajkertesz.com\\\/termek\\\/voros-nagy-fenyokereg-4-10cm-60l-2\\\/#primaryimage\",\"url\":\"https:\\\/\\\/tajkertesz.com\\\/wp-content\\\/uploads\\\/2021\\\/05\\\/IMG_20211011_102056-scaled.jpg\",\"contentUrl\":\"https:\\\/\\\/tajkertesz.com\\\/wp-content\\\/uploads\\\/2021\\\/05\\\/IMG_20211011_102056-scaled.jpg\",\"width\":2560,\"height\":2130,\"caption\":\"V\u00f6r\u00f6s nagy feny\u0151k\u00e9reg (4-10cm ) 60l\"},{\"@type\":\"BreadcrumbList\",\"@id\":\"https:\\\/\\\/tajkertesz.com\\\/termek\\\/voros-nagy-fenyokereg-4-10cm-60l-2\\\/#breadcrumb\",\"itemListElement\":[{\"@type\":\"ListItem\",\"position\":1,\"name\":\"Home\",\"item\":\"https:\\\/\\\/tajkertesz.com\\\/\"},{\"@type\":\"ListItem\",\"position\":2,\"name\":\"Kezd\u0151lap\",\"item\":\"https:\\\/\\\/tajkertesz.com\\\/\"},{\"@type\":\"ListItem\",\"position\":3,\"name\":\"V\u00f6r\u00f6s nagy feny\u0151k\u00e9reg (4-10cm ) 60l\"}]},{\"@type\":\"WebSite\",\"@id\":\"https:\\\/\\\/tajkertesz.com\\\/#website\",\"url\":\"https:\\\/\\\/tajkertesz.com\\\/\",\"name\":\"T\u00e1j-Kert\u00e9sz 84 Kft.\",\"description\":\"Kert\u00e9szeti kis- \u00e9s nagykeresked\u00e9s, D\u00edszn\u00f6v\u00e9ny web\u00e1ruh\u00e1z orsz\u00e1gos h\u00e1zhozsz\u00e1ll\u00edt\u00e1ssal!\",\"publisher\":{\"@id\":\"https:\\\/\\\/tajkertesz.com\\\/#organization\"},\"potentialAction\":[{\"@type\":\"SearchAction\",\"target\":{\"@type\":\"EntryPoint\",\"urlTemplate\":\"https:\\\/\\\/tajkertesz.com\\\/?s={search_term_string}\"},\"query-input\":{\"@type\":\"PropertyValueSpecification\",\"valueRequired\":true,\"valueName\":\"search_term_string\"}}],\"inLanguage\":\"en-US\"},{\"@type\":\"Organization\",\"@id\":\"https:\\\/\\\/tajkertesz.com\\\/#organization\",\"name\":\"T\u00e1j-Kert\u00e9sz 84 Kft.\",\"url\":\"https:\\\/\\\/tajkertesz.com\\\/\",\"logo\":{\"@type\":\"ImageObject\",\"inLanguage\":\"en-US\",\"@id\":\"https:\\\/\\\/tajkertesz.com\\\/#\\\/schema\\\/logo\\\/image\\\/\",\"url\":\"https:\\\/\\\/tajkertesz.com\\\/wp-content\\\/uploads\\\/2018\\\/02\\\/logo-2-e1518678052539.png\",\"contentUrl\":\"https:\\\/\\\/tajkertesz.com\\\/wp-content\\\/uploads\\\/2018\\\/02\\\/logo-2-e1518678052539.png\",\"width\":81,\"height\":140,\"caption\":\"T\u00e1j-Kert\u00e9sz 84 Kft.\"},\"image\":{\"@id\":\"https:\\\/\\\/tajkertesz.com\\\/#\\\/schema\\\/logo\\\/image\\\/\"},\"sameAs\":[\"https:\\\/\\\/www.facebook.com\\\/Tajkertesz\\\/\"]}]}<\/script>\n<!-- \/ Yoast SEO plugin. -->","yoast_head_json":{"title":"V\u00f6r\u00f6s nagy feny\u0151k\u00e9reg (4-10cm ) 60l - T\u00e1jkert\u00e9sz","description":"V\u00f6r\u00f6s nagy feny\u0151k\u00e9reg (4-10cm ) 60l Azon k\u00edv\u00fcl hogy magas eszt\u00e9tikai l\u00e1tv\u00e1nyt ny\u00fajt, kiv\u00e1l\u00f3 min\u0151s\u00e9g\u0171, de rengeteg \u00f6nt\u00f6z\u0151vizet is","robots":{"index":"index","follow":"follow","max-snippet":"max-snippet:-1","max-image-preview":"max-image-preview:large","max-video-preview":"max-video-preview:-1"},"canonical":"https:\/\/tajkertesz.com\/en_US\/product\/voros-nagy-fenyokereg-4-10cm-60l-2\/","og_locale":"en_US","og_type":"article","og_title":"V\u00f6r\u00f6s nagy feny\u0151k\u00e9reg (4-10cm ) 60l - T\u00e1jkert\u00e9sz","og_description":"V\u00f6r\u00f6s nagy feny\u0151k\u00e9reg (4-10cm ) 60l Azon k\u00edv\u00fcl hogy magas eszt\u00e9tikai l\u00e1tv\u00e1nyt ny\u00fajt, kiv\u00e1l\u00f3 min\u0151s\u00e9g\u0171, de rengeteg \u00f6nt\u00f6z\u0151vizet is","og_url":"https:\/\/tajkertesz.com\/en_US\/product\/voros-nagy-fenyokereg-4-10cm-60l-2\/","og_site_name":"T\u00e1jkert\u00e9sz","article_publisher":"https:\/\/www.facebook.com\/Tajkertesz\/","article_modified_time":"2026-03-06T08:54:29+00:00","og_image":[{"width":2560,"height":2130,"url":"https:\/\/tajkertesz.com\/wp-content\/uploads\/2021\/05\/IMG_20211011_102056-scaled.jpg","type":"image\/jpeg"}],"twitter_card":"summary_large_image","twitter_misc":{"Est. reading time":"3 minutes"},"schema":{"@context":"https:\/\/schema.org","@graph":[{"@type":"WebPage","@id":"https:\/\/tajkertesz.com\/termek\/voros-nagy-fenyokereg-4-10cm-60l-2\/","url":"https:\/\/tajkertesz.com\/termek\/voros-nagy-fenyokereg-4-10cm-60l-2\/","name":"V\u00f6r\u00f6s nagy feny\u0151k\u00e9reg (4-10cm ) 60l - T\u00e1jkert\u00e9sz","isPartOf":{"@id":"https:\/\/tajkertesz.com\/#website"},"primaryImageOfPage":{"@id":"https:\/\/tajkertesz.com\/termek\/voros-nagy-fenyokereg-4-10cm-60l-2\/#primaryimage"},"image":{"@id":"https:\/\/tajkertesz.com\/termek\/voros-nagy-fenyokereg-4-10cm-60l-2\/#primaryimage"},"thumbnailUrl":"https:\/\/tajkertesz.com\/wp-content\/uploads\/2021\/05\/IMG_20211011_102056-scaled.jpg","datePublished":"2023-01-10T13:48:21+00:00","dateModified":"2026-03-06T08:54:29+00:00","description":"V\u00f6r\u00f6s nagy feny\u0151k\u00e9reg (4-10cm ) 60l Azon k\u00edv\u00fcl hogy magas eszt\u00e9tikai l\u00e1tv\u00e1nyt ny\u00fajt, kiv\u00e1l\u00f3 min\u0151s\u00e9g\u0171, de rengeteg \u00f6nt\u00f6z\u0151vizet is","breadcrumb":{"@id":"https:\/\/tajkertesz.com\/termek\/voros-nagy-fenyokereg-4-10cm-60l-2\/#breadcrumb"},"inLanguage":"en-US","potentialAction":[{"@type":"ReadAction","target":["https:\/\/tajkertesz.com\/termek\/voros-nagy-fenyokereg-4-10cm-60l-2\/"]}]},{"@type":"ImageObject","inLanguage":"en-US","@id":"https:\/\/tajkertesz.com\/termek\/voros-nagy-fenyokereg-4-10cm-60l-2\/#primaryimage","url":"https:\/\/tajkertesz.com\/wp-content\/uploads\/2021\/05\/IMG_20211011_102056-scaled.jpg","contentUrl":"https:\/\/tajkertesz.com\/wp-content\/uploads\/2021\/05\/IMG_20211011_102056-scaled.jpg","width":2560,"height":2130,"caption":"V\u00f6r\u00f6s nagy feny\u0151k\u00e9reg (4-10cm ) 60l"},{"@type":"BreadcrumbList","@id":"https:\/\/tajkertesz.com\/termek\/voros-nagy-fenyokereg-4-10cm-60l-2\/#breadcrumb","itemListElement":[{"@type":"ListItem","position":1,"name":"Home","item":"https:\/\/tajkertesz.com\/"},{"@type":"ListItem","position":2,"name":"Kezd\u0151lap","item":"https:\/\/tajkertesz.com\/"},{"@type":"ListItem","position":3,"name":"V\u00f6r\u00f6s nagy feny\u0151k\u00e9reg (4-10cm ) 60l"}]},{"@type":"WebSite","@id":"https:\/\/tajkertesz.com\/#website","url":"https:\/\/tajkertesz.com\/","name":"T\u00e1j-Kert\u00e9sz 84 Kft.","description":"Kert\u00e9szeti kis- \u00e9s nagykeresked\u00e9s, D\u00edszn\u00f6v\u00e9ny web\u00e1ruh\u00e1z orsz\u00e1gos h\u00e1zhozsz\u00e1ll\u00edt\u00e1ssal!","publisher":{"@id":"https:\/\/tajkertesz.com\/#organization"},"potentialAction":[{"@type":"SearchAction","target":{"@type":"EntryPoint","urlTemplate":"https:\/\/tajkertesz.com\/?s={search_term_string}"},"query-input":{"@type":"PropertyValueSpecification","valueRequired":true,"valueName":"search_term_string"}}],"inLanguage":"en-US"},{"@type":"Organization","@id":"https:\/\/tajkertesz.com\/#organization","name":"T\u00e1j-Kert\u00e9sz 84 Kft.","url":"https:\/\/tajkertesz.com\/","logo":{"@type":"ImageObject","inLanguage":"en-US","@id":"https:\/\/tajkertesz.com\/#\/schema\/logo\/image\/","url":"https:\/\/tajkertesz.com\/wp-content\/uploads\/2018\/02\/logo-2-e1518678052539.png","contentUrl":"https:\/\/tajkertesz.com\/wp-content\/uploads\/2018\/02\/logo-2-e1518678052539.png","width":81,"height":140,"caption":"T\u00e1j-Kert\u00e9sz 84 Kft."},"image":{"@id":"https:\/\/tajkertesz.com\/#\/schema\/logo\/image\/"},"sameAs":["https:\/\/www.facebook.com\/Tajkertesz\/"]}]}},"_links":{"self":[{"href":"https:\/\/tajkertesz.com\/en_US\/wp-json\/wp\/v2\/product\/14601","targetHints":{"allow":["GET"]}}],"collection":[{"href":"https:\/\/tajkertesz.com\/en_US\/wp-json\/wp\/v2\/product"}],"about":[{"href":"https:\/\/tajkertesz.com\/en_US\/wp-json\/wp\/v2\/types\/product"}],"wp:featuredmedia":[{"embeddable":true,"href":"https:\/\/tajkertesz.com\/en_US\/wp-json\/wp\/v2\/media\/10278"}],"wp:attachment":[{"href":"https:\/\/tajkertesz.com\/en_US\/wp-json\/wp\/v2\/media?parent=14601"}],"wp:term":[{"taxonomy":"product_brand","embeddable":true,"href":"https:\/\/tajkertesz.com\/en_US\/wp-json\/wp\/v2\/product_brand?post=14601"},{"taxonomy":"product_cat","embeddable":true,"href":"https:\/\/tajkertesz.com\/en_US\/wp-json\/wp\/v2\/product_cat?post=14601"},{"taxonomy":"product_tag","embeddable":true,"href":"https:\/\/tajkertesz.com\/en_US\/wp-json\/wp\/v2\/product_tag?post=14601"}],"curies":[{"name":"wp","href":"https:\/\/api.w.org\/{rel}","templated":true}]}}