{"id":14605,"date":"2023-01-10T14:34:15","date_gmt":"2023-01-10T14:34:15","guid":{"rendered":"https:\/\/tajkertesz.com\/?post_type=product&#038;p=14605"},"modified":"2026-02-19T10:37:23","modified_gmt":"2026-02-19T10:37:23","slug":"kokuszrost-triopakk","status":"publish","type":"product","link":"https:\/\/tajkertesz.com\/en_US\/product\/kokuszrost-triopakk\/","title":{"rendered":"K\u00f3kuszrost triopakk"},"content":{"rendered":"<h3>K\u00f3kuszrost triopakk<\/h3>\n<p>A k\u00f3kuszdi\u00f3 feldolgoz\u00f3 \u00fczemek mell\u00e9kterm\u00e9k\u00e9b\u0151l, a k\u00f3kuszdi\u00f3 meg\u0151r\u00f6lt h\u00e9j\u00e1b\u00f3l k\u00e9sz\u00fcl. Nagyon j\u00f3 v\u00edzgazd\u00e1lkod\u00e1s\u00fa anyag, 5 liter v\u00edzzel elkeverve kb. 8 liter \u00fcltet\u0151k\u00f6zeget ad. <strong>100% term\u00e9szetes alap\u00fa, semleges pH-ju, t\u00e1panyag n\u00e9lk\u00fcli, nagy v\u00edztart\u00f3 k\u00e9pess\u00e9g\u0171 mosott, sz\u00e1r\u00edtott \u00e9s pr\u00e9selt.\u00a0<\/strong><strong>A k\u00f3kuszrost a legt\u00f6bb talajm\u0171vel\u00e9si m\u00f3dban felhaszn\u00e1lhat\u00f3, egyed\u00fcli k\u00f6zegk\u00e9nt, vagy talajkever\u00e9kek feljav\u00edt\u00e1s\u00e1ra is.<\/strong>\u00a0K\u00fcl\u00f6n v\u00edzt\u00e1roz\u00f3 r\u00e9tegk\u00e9nt is kihaszn\u00e1lhat\u00f3ak el\u0151ny\u00f6s tulajdons\u00e1gai.<\/p>\n<p>A haszn\u00e1lata m\u00e9rhetetelen\u00fcl egyszer\u0171, helyezz\u00fck a k\u00f3koszrostot a termeszt\u0151t\u00e1lc\u00e1kba, majd kapjon vizet addig amig laza, j\u00f3 szerkezet\u0171, enyh\u00e9n nedves k\u00f6zeg j\u00f6n l\u00e9tre. A vet\u0151magok ker\u00fcljenek ennek a k\u00f6zegnek a tetej\u00e9re. Napi 3 permetszer\u0171 \u00f6nt\u00f6z\u00e9s el\u00e9g, hogy a k\u00f3kuszrost megtartsa a nedvess\u00e9get \u00e9s elegend\u0151 vizet biztos\u00edtson a n\u00f6v\u00e9nyeknek.<\/p>\n<p>&nbsp;<\/p>\n<p><strong>K\u00e9szlet\u00fcnk napi szinten v\u00e1ltozik, ez\u00e9rt k\u00e9rj\u00fck, \u00e9rdekl\u0151dj\u00f6n szem\u00e9lyesen, telefonon vagy email-en.<br \/>\nA v\u00e1ltoztat\u00e1s jog\u00e1t fenntartjuk!\u00a0<\/strong><\/p>\n<p><a href=\"https:\/\/tajkertesz.com\/\">https:\/\/tajkertesz.com\/<\/a><\/p>\n<p><a href=\"https:\/\/www.facebook.com\/tajkertesz\/\">https:\/\/www.facebook.com\/tajkertesz\/<\/a><\/p>\n<p>Kisz\u00e1ll\u00edt\u00e1s: 200cm-ig \u00a0\u00e9s 40 kg-ig a sz\u00e1ll\u00edt\u00e1s fut\u00e1rszolg\u00e1lattal \u00a0t\u00f6rt\u00e9nik!<\/p>\n<p>Szem\u00e9lyes \u00e1tv\u00e9tel nyitvatart\u00e1si id\u0151ben a 17. ker\u00fclet Bakancsos utca 7. sz\u00e1m alatti Kert\u00e9szeti \u00e1rud\u00e1ban<\/p>\n<p>&nbsp;<\/p>","protected":false},"excerpt":{"rendered":"<p>A 100% -ban term\u00e9szetes, vegyszer \u00e9s adal\u00e9kmentes, azonnal felhaszn\u00e1lhat\u00f3&#8230;<\/p>\n<div id=\"bodyContent\" class=\"mw-body-content\">\n<div id=\"mw-content-text\" class=\"mw-content-ltr\" dir=\"ltr\" lang=\"hu\">\n<div id=\"bodyContent\" class=\"mw-body-content\">\n<div id=\"mw-content-text\" class=\"mw-content-ltr\" dir=\"ltr\" lang=\"hu\">\n<p><b>K\u00e9szlet\u00fcnk napi szinten v\u00e1ltozik, ez\u00e9rt k\u00e9rj\u00fck, \u00e9rdekl\u0151dj\u00f6n szem\u00e9lyesen, telefonon vagy email-en.<\/b><\/p>\n<p>Term\u00e9keinket szem\u00e9lyesen is \u00e1tveheti a h\u00e9t minden napj\u00e1n nyitvatart\u00e1si id\u0151ben!<\/p>\n<p>Kisz\u00e1ll\u00edt\u00e1s: 200 cm \u00e9s 40 kg-ig a sz\u00e1ll\u00edt\u00e1s fut\u00e1rszolg\u00e1lattal t\u00f6rt\u00e9nik.<\/p>\n<\/div>\n<\/div>\n<\/div>\n<\/div>\n<p><b>A v\u00e1ltoztat\u00e1s jog\u00e1t fenntartjuk!\u00a0<\/b><\/p>","protected":false},"featured_media":14606,"template":"","meta":{"_et_pb_use_builder":"","_et_pb_old_content":"","_et_gb_content_width":""},"product_brand":[],"product_cat":[4130],"product_tag":[4137],"class_list":{"0":"post-14605","1":"product","2":"type-product","3":"status-publish","4":"has-post-thumbnail","6":"product_cat-tozeg-kokuszrost-perlit","7":"product_tag-kokuszrost","9":"first","10":"instock","11":"shipping-taxable","12":"purchasable","13":"product-type-simple"},"yoast_head":"<!-- This site is optimized with the Yoast SEO plugin v27.4 - https:\/\/yoast.com\/product\/yoast-seo-wordpress\/ -->\n<title>K\u00f3kuszrost triopakk - T\u00e1jkert\u00e9sz<\/title>\n<meta name=\"description\" content=\"100%-ban term\u00e9szetes bioterm\u00e9k. Adjon hozz\u00e1 5 liter vizet \u00e9s kb 8-9 liter k\u00f3kuszrost talajt fogunk kapni. Rendeljen kert\u00e9szeti term\u00e9keket kert\u00e9szet\u00fcnkb\u0151l.\" \/>\n<meta name=\"robots\" content=\"index, follow, max-snippet:-1, max-image-preview:large, max-video-preview:-1\" \/>\n<link rel=\"canonical\" href=\"https:\/\/tajkertesz.com\/en_US\/product\/kokuszrost-triopakk\/\" \/>\n<meta property=\"og:locale\" content=\"en_US\" \/>\n<meta property=\"og:type\" content=\"article\" \/>\n<meta property=\"og:title\" content=\"https:\/\/www.facebook.com\/tajkertesz\/\" \/>\n<meta property=\"og:description\" content=\"A k\u00f3kuszdi\u00f3 feldolgoz\u00f3 \u00fczemek mell\u00e9kterm\u00e9k\u00e9b\u0151l, a k\u00f3kuszdi\u00f3 meg\u0151r\u00f6lt h\u00e9j\u00e1b\u00f3l k\u00e9sz\u00fcl. Nagyon j\u00f3 v\u00edzgazd\u00e1lkod\u00e1s\u00fa anyag, 5 liter v\u00edzzel elkeverve kb. 8 liter \u00fcltet\u0151k\u00f6zeget ad. 100% term\u00e9szetes alap\u00fa, semleges pH-ju, t\u00e1panyag n\u00e9lk\u00fcli, nagy v\u00edztart\u00f3 k\u00e9pess\u00e9g\u0171 mosott, sz\u00e1r\u00edtott \u00e9s pr\u00e9selt.\u00a0A k\u00f3kuszrost a legt\u00f6bb talajm\u0171vel\u00e9si m\u00f3dban felhaszn\u00e1lhat\u00f3, egyed\u00fcli k\u00f6zegk\u00e9nt, vagy talajkever\u00e9kek feljav\u00edt\u00e1s\u00e1ra is.\u00a0K\u00fcl\u00f6n v\u00edzt\u00e1roz\u00f3 r\u00e9tegk\u00e9nt is kihaszn\u00e1lhat\u00f3ak el\u0151ny\u00f6s tulajdons\u00e1gai.\" \/>\n<meta property=\"og:url\" content=\"https:\/\/tajkertesz.com\/en_US\/product\/kokuszrost-triopakk\/\" \/>\n<meta property=\"og:site_name\" content=\"T\u00e1jkert\u00e9sz\" \/>\n<meta property=\"article:publisher\" content=\"https:\/\/www.facebook.com\/Tajkertesz\/\" \/>\n<meta property=\"article:modified_time\" content=\"2026-02-19T10:37:23+00:00\" \/>\n<meta property=\"og:image\" content=\"https:\/\/tajkertesz.com\/wp-content\/uploads\/2023\/01\/Kokusz.png\" \/>\n\t<meta property=\"og:image:width\" content=\"258\" \/>\n\t<meta property=\"og:image:height\" content=\"310\" \/>\n\t<meta property=\"og:image:type\" content=\"image\/png\" \/>\n<meta name=\"twitter:card\" content=\"summary_large_image\" \/>\n<meta name=\"twitter:label1\" content=\"Est. reading time\" \/>\n\t<meta name=\"twitter:data1\" content=\"1 minute\" \/>\n<script type=\"application\/ld+json\" class=\"yoast-schema-graph\">{\"@context\":\"https:\\\/\\\/schema.org\",\"@graph\":[{\"@type\":\"WebPage\",\"@id\":\"https:\\\/\\\/tajkertesz.com\\\/termek\\\/kokuszrost-triopakk\\\/\",\"url\":\"https:\\\/\\\/tajkertesz.com\\\/termek\\\/kokuszrost-triopakk\\\/\",\"name\":\"K\u00f3kuszrost triopakk - T\u00e1jkert\u00e9sz\",\"isPartOf\":{\"@id\":\"https:\\\/\\\/tajkertesz.com\\\/#website\"},\"primaryImageOfPage\":{\"@id\":\"https:\\\/\\\/tajkertesz.com\\\/termek\\\/kokuszrost-triopakk\\\/#primaryimage\"},\"image\":{\"@id\":\"https:\\\/\\\/tajkertesz.com\\\/termek\\\/kokuszrost-triopakk\\\/#primaryimage\"},\"thumbnailUrl\":\"https:\\\/\\\/tajkertesz.com\\\/wp-content\\\/uploads\\\/2023\\\/01\\\/205105.jpg\",\"datePublished\":\"2023-01-10T14:34:15+00:00\",\"dateModified\":\"2026-02-19T10:37:23+00:00\",\"description\":\"100%-ban term\u00e9szetes bioterm\u00e9k. Adjon hozz\u00e1 5 liter vizet \u00e9s kb 8-9 liter k\u00f3kuszrost talajt fogunk kapni. Rendeljen kert\u00e9szeti term\u00e9keket kert\u00e9szet\u00fcnkb\u0151l.\",\"breadcrumb\":{\"@id\":\"https:\\\/\\\/tajkertesz.com\\\/termek\\\/kokuszrost-triopakk\\\/#breadcrumb\"},\"inLanguage\":\"en-US\",\"potentialAction\":[{\"@type\":\"ReadAction\",\"target\":[\"https:\\\/\\\/tajkertesz.com\\\/termek\\\/kokuszrost-triopakk\\\/\"]}]},{\"@type\":\"ImageObject\",\"inLanguage\":\"en-US\",\"@id\":\"https:\\\/\\\/tajkertesz.com\\\/termek\\\/kokuszrost-triopakk\\\/#primaryimage\",\"url\":\"https:\\\/\\\/tajkertesz.com\\\/wp-content\\\/uploads\\\/2023\\\/01\\\/205105.jpg\",\"contentUrl\":\"https:\\\/\\\/tajkertesz.com\\\/wp-content\\\/uploads\\\/2023\\\/01\\\/205105.jpg\",\"width\":510,\"height\":510},{\"@type\":\"BreadcrumbList\",\"@id\":\"https:\\\/\\\/tajkertesz.com\\\/termek\\\/kokuszrost-triopakk\\\/#breadcrumb\",\"itemListElement\":[{\"@type\":\"ListItem\",\"position\":1,\"name\":\"Home\",\"item\":\"https:\\\/\\\/tajkertesz.com\\\/\"},{\"@type\":\"ListItem\",\"position\":2,\"name\":\"Kezd\u0151lap\",\"item\":\"https:\\\/\\\/tajkertesz.com\\\/\"},{\"@type\":\"ListItem\",\"position\":3,\"name\":\"K\u00f3kuszrost triopakk\"}]},{\"@type\":\"WebSite\",\"@id\":\"https:\\\/\\\/tajkertesz.com\\\/#website\",\"url\":\"https:\\\/\\\/tajkertesz.com\\\/\",\"name\":\"T\u00e1j-Kert\u00e9sz 84 Kft.\",\"description\":\"Kert\u00e9szeti kis- \u00e9s nagykeresked\u00e9s, D\u00edszn\u00f6v\u00e9ny web\u00e1ruh\u00e1z orsz\u00e1gos h\u00e1zhozsz\u00e1ll\u00edt\u00e1ssal!\",\"publisher\":{\"@id\":\"https:\\\/\\\/tajkertesz.com\\\/#organization\"},\"potentialAction\":[{\"@type\":\"SearchAction\",\"target\":{\"@type\":\"EntryPoint\",\"urlTemplate\":\"https:\\\/\\\/tajkertesz.com\\\/?s={search_term_string}\"},\"query-input\":{\"@type\":\"PropertyValueSpecification\",\"valueRequired\":true,\"valueName\":\"search_term_string\"}}],\"inLanguage\":\"en-US\"},{\"@type\":\"Organization\",\"@id\":\"https:\\\/\\\/tajkertesz.com\\\/#organization\",\"name\":\"T\u00e1j-Kert\u00e9sz 84 Kft.\",\"url\":\"https:\\\/\\\/tajkertesz.com\\\/\",\"logo\":{\"@type\":\"ImageObject\",\"inLanguage\":\"en-US\",\"@id\":\"https:\\\/\\\/tajkertesz.com\\\/#\\\/schema\\\/logo\\\/image\\\/\",\"url\":\"https:\\\/\\\/tajkertesz.com\\\/wp-content\\\/uploads\\\/2018\\\/02\\\/logo-2-e1518678052539.png\",\"contentUrl\":\"https:\\\/\\\/tajkertesz.com\\\/wp-content\\\/uploads\\\/2018\\\/02\\\/logo-2-e1518678052539.png\",\"width\":81,\"height\":140,\"caption\":\"T\u00e1j-Kert\u00e9sz 84 Kft.\"},\"image\":{\"@id\":\"https:\\\/\\\/tajkertesz.com\\\/#\\\/schema\\\/logo\\\/image\\\/\"},\"sameAs\":[\"https:\\\/\\\/www.facebook.com\\\/Tajkertesz\\\/\"]}]}<\/script>\n<!-- \/ Yoast SEO plugin. -->","yoast_head_json":{"title":"K\u00f3kuszrost triopakk - T\u00e1jkert\u00e9sz","description":"100%-ban term\u00e9szetes bioterm\u00e9k. Adjon hozz\u00e1 5 liter vizet \u00e9s kb 8-9 liter k\u00f3kuszrost talajt fogunk kapni. Rendeljen kert\u00e9szeti term\u00e9keket kert\u00e9szet\u00fcnkb\u0151l.","robots":{"index":"index","follow":"follow","max-snippet":"max-snippet:-1","max-image-preview":"max-image-preview:large","max-video-preview":"max-video-preview:-1"},"canonical":"https:\/\/tajkertesz.com\/en_US\/product\/kokuszrost-triopakk\/","og_locale":"en_US","og_type":"article","og_title":"https:\/\/www.facebook.com\/tajkertesz\/","og_description":"A k\u00f3kuszdi\u00f3 feldolgoz\u00f3 \u00fczemek mell\u00e9kterm\u00e9k\u00e9b\u0151l, a k\u00f3kuszdi\u00f3 meg\u0151r\u00f6lt h\u00e9j\u00e1b\u00f3l k\u00e9sz\u00fcl. Nagyon j\u00f3 v\u00edzgazd\u00e1lkod\u00e1s\u00fa anyag, 5 liter v\u00edzzel elkeverve kb. 8 liter \u00fcltet\u0151k\u00f6zeget ad. 100% term\u00e9szetes alap\u00fa, semleges pH-ju, t\u00e1panyag n\u00e9lk\u00fcli, nagy v\u00edztart\u00f3 k\u00e9pess\u00e9g\u0171 mosott, sz\u00e1r\u00edtott \u00e9s pr\u00e9selt.\u00a0A k\u00f3kuszrost a legt\u00f6bb talajm\u0171vel\u00e9si m\u00f3dban felhaszn\u00e1lhat\u00f3, egyed\u00fcli k\u00f6zegk\u00e9nt, vagy talajkever\u00e9kek feljav\u00edt\u00e1s\u00e1ra is.\u00a0K\u00fcl\u00f6n v\u00edzt\u00e1roz\u00f3 r\u00e9tegk\u00e9nt is kihaszn\u00e1lhat\u00f3ak el\u0151ny\u00f6s tulajdons\u00e1gai.","og_url":"https:\/\/tajkertesz.com\/en_US\/product\/kokuszrost-triopakk\/","og_site_name":"T\u00e1jkert\u00e9sz","article_publisher":"https:\/\/www.facebook.com\/Tajkertesz\/","article_modified_time":"2026-02-19T10:37:23+00:00","og_image":[{"width":258,"height":310,"url":"https:\/\/tajkertesz.com\/wp-content\/uploads\/2023\/01\/Kokusz.png","type":"image\/png"}],"twitter_card":"summary_large_image","twitter_misc":{"Est. reading time":"1 minute"},"schema":{"@context":"https:\/\/schema.org","@graph":[{"@type":"WebPage","@id":"https:\/\/tajkertesz.com\/termek\/kokuszrost-triopakk\/","url":"https:\/\/tajkertesz.com\/termek\/kokuszrost-triopakk\/","name":"K\u00f3kuszrost triopakk - T\u00e1jkert\u00e9sz","isPartOf":{"@id":"https:\/\/tajkertesz.com\/#website"},"primaryImageOfPage":{"@id":"https:\/\/tajkertesz.com\/termek\/kokuszrost-triopakk\/#primaryimage"},"image":{"@id":"https:\/\/tajkertesz.com\/termek\/kokuszrost-triopakk\/#primaryimage"},"thumbnailUrl":"https:\/\/tajkertesz.com\/wp-content\/uploads\/2023\/01\/205105.jpg","datePublished":"2023-01-10T14:34:15+00:00","dateModified":"2026-02-19T10:37:23+00:00","description":"100%-ban term\u00e9szetes bioterm\u00e9k. Adjon hozz\u00e1 5 liter vizet \u00e9s kb 8-9 liter k\u00f3kuszrost talajt fogunk kapni. Rendeljen kert\u00e9szeti term\u00e9keket kert\u00e9szet\u00fcnkb\u0151l.","breadcrumb":{"@id":"https:\/\/tajkertesz.com\/termek\/kokuszrost-triopakk\/#breadcrumb"},"inLanguage":"en-US","potentialAction":[{"@type":"ReadAction","target":["https:\/\/tajkertesz.com\/termek\/kokuszrost-triopakk\/"]}]},{"@type":"ImageObject","inLanguage":"en-US","@id":"https:\/\/tajkertesz.com\/termek\/kokuszrost-triopakk\/#primaryimage","url":"https:\/\/tajkertesz.com\/wp-content\/uploads\/2023\/01\/205105.jpg","contentUrl":"https:\/\/tajkertesz.com\/wp-content\/uploads\/2023\/01\/205105.jpg","width":510,"height":510},{"@type":"BreadcrumbList","@id":"https:\/\/tajkertesz.com\/termek\/kokuszrost-triopakk\/#breadcrumb","itemListElement":[{"@type":"ListItem","position":1,"name":"Home","item":"https:\/\/tajkertesz.com\/"},{"@type":"ListItem","position":2,"name":"Kezd\u0151lap","item":"https:\/\/tajkertesz.com\/"},{"@type":"ListItem","position":3,"name":"K\u00f3kuszrost triopakk"}]},{"@type":"WebSite","@id":"https:\/\/tajkertesz.com\/#website","url":"https:\/\/tajkertesz.com\/","name":"T\u00e1j-Kert\u00e9sz 84 Kft.","description":"Kert\u00e9szeti kis- \u00e9s nagykeresked\u00e9s, D\u00edszn\u00f6v\u00e9ny web\u00e1ruh\u00e1z orsz\u00e1gos h\u00e1zhozsz\u00e1ll\u00edt\u00e1ssal!","publisher":{"@id":"https:\/\/tajkertesz.com\/#organization"},"potentialAction":[{"@type":"SearchAction","target":{"@type":"EntryPoint","urlTemplate":"https:\/\/tajkertesz.com\/?s={search_term_string}"},"query-input":{"@type":"PropertyValueSpecification","valueRequired":true,"valueName":"search_term_string"}}],"inLanguage":"en-US"},{"@type":"Organization","@id":"https:\/\/tajkertesz.com\/#organization","name":"T\u00e1j-Kert\u00e9sz 84 Kft.","url":"https:\/\/tajkertesz.com\/","logo":{"@type":"ImageObject","inLanguage":"en-US","@id":"https:\/\/tajkertesz.com\/#\/schema\/logo\/image\/","url":"https:\/\/tajkertesz.com\/wp-content\/uploads\/2018\/02\/logo-2-e1518678052539.png","contentUrl":"https:\/\/tajkertesz.com\/wp-content\/uploads\/2018\/02\/logo-2-e1518678052539.png","width":81,"height":140,"caption":"T\u00e1j-Kert\u00e9sz 84 Kft."},"image":{"@id":"https:\/\/tajkertesz.com\/#\/schema\/logo\/image\/"},"sameAs":["https:\/\/www.facebook.com\/Tajkertesz\/"]}]}},"_links":{"self":[{"href":"https:\/\/tajkertesz.com\/en_US\/wp-json\/wp\/v2\/product\/14605","targetHints":{"allow":["GET"]}}],"collection":[{"href":"https:\/\/tajkertesz.com\/en_US\/wp-json\/wp\/v2\/product"}],"about":[{"href":"https:\/\/tajkertesz.com\/en_US\/wp-json\/wp\/v2\/types\/product"}],"wp:featuredmedia":[{"embeddable":true,"href":"https:\/\/tajkertesz.com\/en_US\/wp-json\/wp\/v2\/media\/14606"}],"wp:attachment":[{"href":"https:\/\/tajkertesz.com\/en_US\/wp-json\/wp\/v2\/media?parent=14605"}],"wp:term":[{"taxonomy":"product_brand","embeddable":true,"href":"https:\/\/tajkertesz.com\/en_US\/wp-json\/wp\/v2\/product_brand?post=14605"},{"taxonomy":"product_cat","embeddable":true,"href":"https:\/\/tajkertesz.com\/en_US\/wp-json\/wp\/v2\/product_cat?post=14605"},{"taxonomy":"product_tag","embeddable":true,"href":"https:\/\/tajkertesz.com\/en_US\/wp-json\/wp\/v2\/product_tag?post=14605"}],"curies":[{"name":"wp","href":"https:\/\/api.w.org\/{rel}","templated":true}]}}