{"id":14607,"date":"2023-01-11T13:33:45","date_gmt":"2023-01-11T13:33:45","guid":{"rendered":"https:\/\/tajkertesz.com\/?post_type=product&#038;p=14607"},"modified":"2025-03-27T12:35:09","modified_gmt":"2025-03-27T12:35:09","slug":"esovizgyujto100l-fekete-zold-muanyag-96x36x32cm","status":"publish","type":"product","link":"https:\/\/tajkertesz.com\/en_US\/product\/esovizgyujto100l-fekete-zold-muanyag-96x36x32cm\/","title":{"rendered":"Es\u0151v\u00edzgy\u0171jt\u0151,100l, fekete-z\u00f6ld m\u0171anyag, 96x36x32cm"},"content":{"rendered":"<h3>Es\u0151v\u00edzgy\u0171jt\u0151,100l, fekete-z\u00f6ld m\u0171anyag, 96x36x32cm<\/h3>\n<p>Kis \u00e9s k\u00f6zepes m\u00e9ret\u0171 kertekbe vagy teraszokra alkalmas.<\/p>\n<p>Ez a v\u00edzgy\u0171jt\u0151 tart\u00e1ly UV-\u00e1ll\u00f3 polietil\u00e9n anyagb\u00f3l k\u00e9sz\u00fclt, \u00edgy t\u00f6k\u00e9letes k\u00fclt\u00e9ri felhaszn\u00e1l\u00e1sra.<\/p>\n<p>Z\u00e1rhat\u00f3 fed\u00e9llel \u00e9s egy csappal van felszerelve, amely lehet\u0151v\u00e9 teszi a v\u00f6dr\u00f6k \u00e9s az \u00f6nt\u00f6z\u0151kann\u00e1k k\u00f6nny\u0171 felt\u00f6lt\u00e9s\u00e9t.<\/p>\n<div class=\"manufacturer_image\"><a href=\"https:\/\/webshop.ttakacs.hu\/nature-m-54\">Gy\u00e1rt\u00f3:<img decoding=\"async\" src=\"https:\/\/shopttakacs.cdn.shoprenter.hu\/custom\/shopttakacs\/image\/cache\/w150h70q100\/logo\/beszallito-partnerek\/NATURE_logo_jpg.jpg?lastmod=0.1670477677\" alt=\"Nature\" \/><\/a><\/div>\n<p>Kiv\u00e1l\u00f3 min\u0151s\u00e9g\u0171 m\u0171anyag hord\u00f3 es\u0151v\u00edz t\u00e1rol\u00e1s\u00e1ra. UV \u00e1ll\u00f3.<\/p>\n<p><strong>Felhaszn\u00e1l\u00e1s:<\/strong><\/p>\n<p>Seg\u00edt\u00e9s\u00e9vel egyszer\u0171en gy\u0171jthetj\u00fck az es\u0151vizet k\u00e9s\u0151bbi felhaszn\u00e1l\u00e1sra. A hord\u00f3 nem f\u00e9ny\u00e1tereszt\u0151, ez\u00e9rt hossz\u00fa ideig nem alg\u00e1sodik be a benne t\u00e1rolt v\u00edz.<\/p>\n<p><strong>Tartoz\u00e9kok<\/strong><\/p>\n<p>Csap<\/p>\n<p>Z\u00e1rhat\u00f3 fed\u0151<\/p>\n<p>K\u00e9rj\u00fck, vegye figyelembe, hogy az es\u0151v\u00edzgy\u0171jt\u0151-\u00e1llv\u00e1ny nem alaptartoz\u00e9k. Az \u00a0\u00e1llv\u00e1ny megemeli a hord\u00f3t \u00edgy a vizet k\u00f6nnyed\u00e9n tudja kann\u00e1ba , v\u00f6d\u00f6rbe kiengedni.<\/p>","protected":false},"excerpt":{"rendered":"<h2>Es\u0151v\u00edzgy\u0171jt\u0151,100l, fekete-z\u00f6ld m\u0171anyag, 96x36x32cm<\/h2>\n<div class=\"module-head\">\n<h3 class=\"module-head-title\">LE\u00cdR\u00c1S<\/h3>\n<\/div>\n<div class=\"module-body\">\n<p>Es\u0151v\u00edzgy\u00fcjt\u0151,100l, z\u00f6ld m\u0171anyag,&#8217;Slimline&#8217; 95x36x32cm, UV-sugaraknak ellen\u00e1ll\u00f3, csappal felszerelt, mely megk\u00f6nny\u00edti a v\u00f6dr\u00f6kbe \u00e9s locsol\u00f3kann\u00e1kba val\u00f3 v\u00edz kienged\u00e9s\u00e9t. Talp n\u00e9lk\u00fcl.<\/p>\n<\/div>","protected":false},"featured_media":14608,"template":"","meta":{"_et_pb_use_builder":"","_et_pb_old_content":"","_et_gb_content_width":""},"product_brand":[],"product_cat":[4002],"product_tag":[998],"class_list":{"0":"post-14607","1":"product","2":"type-product","3":"status-publish","4":"has-post-thumbnail","6":"product_cat-muanyag-folyokak-esovizgyujtes-szikkasztas-kerti-kutak","7":"product_tag-esovizgyujto","9":"first","10":"outofstock","11":"shipping-taxable","12":"product-type-simple"},"yoast_head":"<!-- This site is optimized with the Yoast SEO plugin v27.4 - https:\/\/yoast.com\/product\/yoast-seo-wordpress\/ -->\n<title>Es\u0151v\u00edzgy\u0171jt\u0151,100l, fekete-z\u00f6ld m\u0171anyag, 96x36x32cm - T\u00e1jkert\u00e9sz<\/title>\n<meta name=\"description\" content=\"Kiv\u00e1l\u00f3 min\u0151s\u00e9g\u0171 m\u0171anyag hord\u00f3 es\u0151v\u00edz t\u00e1rol\u00e1s\u00e1ra. UV \u00e1ll\u00f3. A talp Nem tartoz\u00e9k! Es\u0151v\u00edzgy\u0171jt\u0151,100l, fekete-z\u00f6ld m\u0171anyag, 96x36x32cm\" \/>\n<meta name=\"robots\" content=\"index, follow, max-snippet:-1, max-image-preview:large, max-video-preview:-1\" \/>\n<link rel=\"canonical\" href=\"https:\/\/tajkertesz.com\/en_US\/product\/esovizgyujto100l-fekete-zold-muanyag-96x36x32cm\/\" \/>\n<meta property=\"og:locale\" content=\"en_US\" \/>\n<meta property=\"og:type\" content=\"article\" \/>\n<meta property=\"og:title\" content=\"Es\u0151v\u00edzgy\u0171jt\u0151,100l, fekete-z\u00f6ld m\u0171anyag, 96x36x32cm - T\u00e1jkert\u00e9sz\" \/>\n<meta property=\"og:description\" content=\"Kiv\u00e1l\u00f3 min\u0151s\u00e9g\u0171 m\u0171anyag hord\u00f3 es\u0151v\u00edz t\u00e1rol\u00e1s\u00e1ra. UV \u00e1ll\u00f3. A talp Nem tartoz\u00e9k! Es\u0151v\u00edzgy\u0171jt\u0151,100l, fekete-z\u00f6ld m\u0171anyag, 96x36x32cm\" \/>\n<meta property=\"og:url\" content=\"https:\/\/tajkertesz.com\/en_US\/product\/esovizgyujto100l-fekete-zold-muanyag-96x36x32cm\/\" \/>\n<meta property=\"og:site_name\" content=\"T\u00e1jkert\u00e9sz\" \/>\n<meta property=\"article:publisher\" content=\"https:\/\/www.facebook.com\/Tajkertesz\/\" \/>\n<meta property=\"article:modified_time\" content=\"2025-03-27T12:35:09+00:00\" \/>\n<meta property=\"og:image\" content=\"https:\/\/tajkertesz.com\/wp-content\/uploads\/2023\/01\/esovizgyujto.jpg\" \/>\n\t<meta property=\"og:image:width\" content=\"570\" \/>\n\t<meta property=\"og:image:height\" content=\"570\" \/>\n\t<meta property=\"og:image:type\" content=\"image\/jpeg\" \/>\n<meta name=\"twitter:card\" content=\"summary_large_image\" \/>\n<meta name=\"twitter:label1\" content=\"Est. reading time\" \/>\n\t<meta name=\"twitter:data1\" content=\"1 minute\" \/>\n<script type=\"application\/ld+json\" class=\"yoast-schema-graph\">{\"@context\":\"https:\\\/\\\/schema.org\",\"@graph\":[{\"@type\":\"WebPage\",\"@id\":\"https:\\\/\\\/tajkertesz.com\\\/termek\\\/esovizgyujto100l-fekete-zold-muanyag-96x36x32cm\\\/\",\"url\":\"https:\\\/\\\/tajkertesz.com\\\/termek\\\/esovizgyujto100l-fekete-zold-muanyag-96x36x32cm\\\/\",\"name\":\"Es\u0151v\u00edzgy\u0171jt\u0151,100l, fekete-z\u00f6ld m\u0171anyag, 96x36x32cm - T\u00e1jkert\u00e9sz\",\"isPartOf\":{\"@id\":\"https:\\\/\\\/tajkertesz.com\\\/#website\"},\"primaryImageOfPage\":{\"@id\":\"https:\\\/\\\/tajkertesz.com\\\/termek\\\/esovizgyujto100l-fekete-zold-muanyag-96x36x32cm\\\/#primaryimage\"},\"image\":{\"@id\":\"https:\\\/\\\/tajkertesz.com\\\/termek\\\/esovizgyujto100l-fekete-zold-muanyag-96x36x32cm\\\/#primaryimage\"},\"thumbnailUrl\":\"https:\\\/\\\/tajkertesz.com\\\/wp-content\\\/uploads\\\/2023\\\/01\\\/esovizgyujto.jpg\",\"datePublished\":\"2023-01-11T13:33:45+00:00\",\"dateModified\":\"2025-03-27T12:35:09+00:00\",\"description\":\"Kiv\u00e1l\u00f3 min\u0151s\u00e9g\u0171 m\u0171anyag hord\u00f3 es\u0151v\u00edz t\u00e1rol\u00e1s\u00e1ra. UV \u00e1ll\u00f3. A talp Nem tartoz\u00e9k! Es\u0151v\u00edzgy\u0171jt\u0151,100l, fekete-z\u00f6ld m\u0171anyag, 96x36x32cm\",\"breadcrumb\":{\"@id\":\"https:\\\/\\\/tajkertesz.com\\\/termek\\\/esovizgyujto100l-fekete-zold-muanyag-96x36x32cm\\\/#breadcrumb\"},\"inLanguage\":\"en-US\",\"potentialAction\":[{\"@type\":\"ReadAction\",\"target\":[\"https:\\\/\\\/tajkertesz.com\\\/termek\\\/esovizgyujto100l-fekete-zold-muanyag-96x36x32cm\\\/\"]}]},{\"@type\":\"ImageObject\",\"inLanguage\":\"en-US\",\"@id\":\"https:\\\/\\\/tajkertesz.com\\\/termek\\\/esovizgyujto100l-fekete-zold-muanyag-96x36x32cm\\\/#primaryimage\",\"url\":\"https:\\\/\\\/tajkertesz.com\\\/wp-content\\\/uploads\\\/2023\\\/01\\\/esovizgyujto.jpg\",\"contentUrl\":\"https:\\\/\\\/tajkertesz.com\\\/wp-content\\\/uploads\\\/2023\\\/01\\\/esovizgyujto.jpg\",\"width\":570,\"height\":570},{\"@type\":\"BreadcrumbList\",\"@id\":\"https:\\\/\\\/tajkertesz.com\\\/termek\\\/esovizgyujto100l-fekete-zold-muanyag-96x36x32cm\\\/#breadcrumb\",\"itemListElement\":[{\"@type\":\"ListItem\",\"position\":1,\"name\":\"Home\",\"item\":\"https:\\\/\\\/tajkertesz.com\\\/\"},{\"@type\":\"ListItem\",\"position\":2,\"name\":\"Kezd\u0151lap\",\"item\":\"https:\\\/\\\/tajkertesz.com\\\/\"},{\"@type\":\"ListItem\",\"position\":3,\"name\":\"Es\u0151v\u00edzgy\u0171jt\u0151,100l, fekete-z\u00f6ld m\u0171anyag, 96x36x32cm\"}]},{\"@type\":\"WebSite\",\"@id\":\"https:\\\/\\\/tajkertesz.com\\\/#website\",\"url\":\"https:\\\/\\\/tajkertesz.com\\\/\",\"name\":\"T\u00e1j-Kert\u00e9sz 84 Kft.\",\"description\":\"Kert\u00e9szeti kis- \u00e9s nagykeresked\u00e9s, D\u00edszn\u00f6v\u00e9ny web\u00e1ruh\u00e1z orsz\u00e1gos h\u00e1zhozsz\u00e1ll\u00edt\u00e1ssal!\",\"publisher\":{\"@id\":\"https:\\\/\\\/tajkertesz.com\\\/#organization\"},\"potentialAction\":[{\"@type\":\"SearchAction\",\"target\":{\"@type\":\"EntryPoint\",\"urlTemplate\":\"https:\\\/\\\/tajkertesz.com\\\/?s={search_term_string}\"},\"query-input\":{\"@type\":\"PropertyValueSpecification\",\"valueRequired\":true,\"valueName\":\"search_term_string\"}}],\"inLanguage\":\"en-US\"},{\"@type\":\"Organization\",\"@id\":\"https:\\\/\\\/tajkertesz.com\\\/#organization\",\"name\":\"T\u00e1j-Kert\u00e9sz 84 Kft.\",\"url\":\"https:\\\/\\\/tajkertesz.com\\\/\",\"logo\":{\"@type\":\"ImageObject\",\"inLanguage\":\"en-US\",\"@id\":\"https:\\\/\\\/tajkertesz.com\\\/#\\\/schema\\\/logo\\\/image\\\/\",\"url\":\"https:\\\/\\\/tajkertesz.com\\\/wp-content\\\/uploads\\\/2018\\\/02\\\/logo-2-e1518678052539.png\",\"contentUrl\":\"https:\\\/\\\/tajkertesz.com\\\/wp-content\\\/uploads\\\/2018\\\/02\\\/logo-2-e1518678052539.png\",\"width\":81,\"height\":140,\"caption\":\"T\u00e1j-Kert\u00e9sz 84 Kft.\"},\"image\":{\"@id\":\"https:\\\/\\\/tajkertesz.com\\\/#\\\/schema\\\/logo\\\/image\\\/\"},\"sameAs\":[\"https:\\\/\\\/www.facebook.com\\\/Tajkertesz\\\/\"]}]}<\/script>\n<!-- \/ Yoast SEO plugin. -->","yoast_head_json":{"title":"Es\u0151v\u00edzgy\u0171jt\u0151,100l, fekete-z\u00f6ld m\u0171anyag, 96x36x32cm - T\u00e1jkert\u00e9sz","description":"Kiv\u00e1l\u00f3 min\u0151s\u00e9g\u0171 m\u0171anyag hord\u00f3 es\u0151v\u00edz t\u00e1rol\u00e1s\u00e1ra. UV \u00e1ll\u00f3. A talp Nem tartoz\u00e9k! Es\u0151v\u00edzgy\u0171jt\u0151,100l, fekete-z\u00f6ld m\u0171anyag, 96x36x32cm","robots":{"index":"index","follow":"follow","max-snippet":"max-snippet:-1","max-image-preview":"max-image-preview:large","max-video-preview":"max-video-preview:-1"},"canonical":"https:\/\/tajkertesz.com\/en_US\/product\/esovizgyujto100l-fekete-zold-muanyag-96x36x32cm\/","og_locale":"en_US","og_type":"article","og_title":"Es\u0151v\u00edzgy\u0171jt\u0151,100l, fekete-z\u00f6ld m\u0171anyag, 96x36x32cm - T\u00e1jkert\u00e9sz","og_description":"Kiv\u00e1l\u00f3 min\u0151s\u00e9g\u0171 m\u0171anyag hord\u00f3 es\u0151v\u00edz t\u00e1rol\u00e1s\u00e1ra. UV \u00e1ll\u00f3. A talp Nem tartoz\u00e9k! Es\u0151v\u00edzgy\u0171jt\u0151,100l, fekete-z\u00f6ld m\u0171anyag, 96x36x32cm","og_url":"https:\/\/tajkertesz.com\/en_US\/product\/esovizgyujto100l-fekete-zold-muanyag-96x36x32cm\/","og_site_name":"T\u00e1jkert\u00e9sz","article_publisher":"https:\/\/www.facebook.com\/Tajkertesz\/","article_modified_time":"2025-03-27T12:35:09+00:00","og_image":[{"width":570,"height":570,"url":"https:\/\/tajkertesz.com\/wp-content\/uploads\/2023\/01\/esovizgyujto.jpg","type":"image\/jpeg"}],"twitter_card":"summary_large_image","twitter_misc":{"Est. reading time":"1 minute"},"schema":{"@context":"https:\/\/schema.org","@graph":[{"@type":"WebPage","@id":"https:\/\/tajkertesz.com\/termek\/esovizgyujto100l-fekete-zold-muanyag-96x36x32cm\/","url":"https:\/\/tajkertesz.com\/termek\/esovizgyujto100l-fekete-zold-muanyag-96x36x32cm\/","name":"Es\u0151v\u00edzgy\u0171jt\u0151,100l, fekete-z\u00f6ld m\u0171anyag, 96x36x32cm - T\u00e1jkert\u00e9sz","isPartOf":{"@id":"https:\/\/tajkertesz.com\/#website"},"primaryImageOfPage":{"@id":"https:\/\/tajkertesz.com\/termek\/esovizgyujto100l-fekete-zold-muanyag-96x36x32cm\/#primaryimage"},"image":{"@id":"https:\/\/tajkertesz.com\/termek\/esovizgyujto100l-fekete-zold-muanyag-96x36x32cm\/#primaryimage"},"thumbnailUrl":"https:\/\/tajkertesz.com\/wp-content\/uploads\/2023\/01\/esovizgyujto.jpg","datePublished":"2023-01-11T13:33:45+00:00","dateModified":"2025-03-27T12:35:09+00:00","description":"Kiv\u00e1l\u00f3 min\u0151s\u00e9g\u0171 m\u0171anyag hord\u00f3 es\u0151v\u00edz t\u00e1rol\u00e1s\u00e1ra. UV \u00e1ll\u00f3. A talp Nem tartoz\u00e9k! Es\u0151v\u00edzgy\u0171jt\u0151,100l, fekete-z\u00f6ld m\u0171anyag, 96x36x32cm","breadcrumb":{"@id":"https:\/\/tajkertesz.com\/termek\/esovizgyujto100l-fekete-zold-muanyag-96x36x32cm\/#breadcrumb"},"inLanguage":"en-US","potentialAction":[{"@type":"ReadAction","target":["https:\/\/tajkertesz.com\/termek\/esovizgyujto100l-fekete-zold-muanyag-96x36x32cm\/"]}]},{"@type":"ImageObject","inLanguage":"en-US","@id":"https:\/\/tajkertesz.com\/termek\/esovizgyujto100l-fekete-zold-muanyag-96x36x32cm\/#primaryimage","url":"https:\/\/tajkertesz.com\/wp-content\/uploads\/2023\/01\/esovizgyujto.jpg","contentUrl":"https:\/\/tajkertesz.com\/wp-content\/uploads\/2023\/01\/esovizgyujto.jpg","width":570,"height":570},{"@type":"BreadcrumbList","@id":"https:\/\/tajkertesz.com\/termek\/esovizgyujto100l-fekete-zold-muanyag-96x36x32cm\/#breadcrumb","itemListElement":[{"@type":"ListItem","position":1,"name":"Home","item":"https:\/\/tajkertesz.com\/"},{"@type":"ListItem","position":2,"name":"Kezd\u0151lap","item":"https:\/\/tajkertesz.com\/"},{"@type":"ListItem","position":3,"name":"Es\u0151v\u00edzgy\u0171jt\u0151,100l, fekete-z\u00f6ld m\u0171anyag, 96x36x32cm"}]},{"@type":"WebSite","@id":"https:\/\/tajkertesz.com\/#website","url":"https:\/\/tajkertesz.com\/","name":"T\u00e1j-Kert\u00e9sz 84 Kft.","description":"Kert\u00e9szeti kis- \u00e9s nagykeresked\u00e9s, D\u00edszn\u00f6v\u00e9ny web\u00e1ruh\u00e1z orsz\u00e1gos h\u00e1zhozsz\u00e1ll\u00edt\u00e1ssal!","publisher":{"@id":"https:\/\/tajkertesz.com\/#organization"},"potentialAction":[{"@type":"SearchAction","target":{"@type":"EntryPoint","urlTemplate":"https:\/\/tajkertesz.com\/?s={search_term_string}"},"query-input":{"@type":"PropertyValueSpecification","valueRequired":true,"valueName":"search_term_string"}}],"inLanguage":"en-US"},{"@type":"Organization","@id":"https:\/\/tajkertesz.com\/#organization","name":"T\u00e1j-Kert\u00e9sz 84 Kft.","url":"https:\/\/tajkertesz.com\/","logo":{"@type":"ImageObject","inLanguage":"en-US","@id":"https:\/\/tajkertesz.com\/#\/schema\/logo\/image\/","url":"https:\/\/tajkertesz.com\/wp-content\/uploads\/2018\/02\/logo-2-e1518678052539.png","contentUrl":"https:\/\/tajkertesz.com\/wp-content\/uploads\/2018\/02\/logo-2-e1518678052539.png","width":81,"height":140,"caption":"T\u00e1j-Kert\u00e9sz 84 Kft."},"image":{"@id":"https:\/\/tajkertesz.com\/#\/schema\/logo\/image\/"},"sameAs":["https:\/\/www.facebook.com\/Tajkertesz\/"]}]}},"_links":{"self":[{"href":"https:\/\/tajkertesz.com\/en_US\/wp-json\/wp\/v2\/product\/14607","targetHints":{"allow":["GET"]}}],"collection":[{"href":"https:\/\/tajkertesz.com\/en_US\/wp-json\/wp\/v2\/product"}],"about":[{"href":"https:\/\/tajkertesz.com\/en_US\/wp-json\/wp\/v2\/types\/product"}],"wp:featuredmedia":[{"embeddable":true,"href":"https:\/\/tajkertesz.com\/en_US\/wp-json\/wp\/v2\/media\/14608"}],"wp:attachment":[{"href":"https:\/\/tajkertesz.com\/en_US\/wp-json\/wp\/v2\/media?parent=14607"}],"wp:term":[{"taxonomy":"product_brand","embeddable":true,"href":"https:\/\/tajkertesz.com\/en_US\/wp-json\/wp\/v2\/product_brand?post=14607"},{"taxonomy":"product_cat","embeddable":true,"href":"https:\/\/tajkertesz.com\/en_US\/wp-json\/wp\/v2\/product_cat?post=14607"},{"taxonomy":"product_tag","embeddable":true,"href":"https:\/\/tajkertesz.com\/en_US\/wp-json\/wp\/v2\/product_tag?post=14607"}],"curies":[{"name":"wp","href":"https:\/\/api.w.org\/{rel}","templated":true}]}}