{"id":14625,"date":"2023-01-11T15:16:44","date_gmt":"2023-01-11T15:16:44","guid":{"rendered":"https:\/\/tajkertesz.com\/?post_type=product&#038;p=14625"},"modified":"2026-02-18T15:18:50","modified_gmt":"2026-02-18T15:18:50","slug":"retek-japana-f1-hibrid","status":"publish","type":"product","link":"https:\/\/tajkertesz.com\/en_US\/product\/retek-japana-f1-hibrid\/","title":{"rendered":"Retek Japana F1-Hibrid"},"content":{"rendered":"<h2>Retek Japana F1-Hibrid<\/h2>\n<p>A retek r\u00f6vid teny\u00e9szidej\u0171 n\u00f6v\u00e9ny, mely k\u00f6ztes n\u00f6v\u00e9nyk\u00e9nt is kiv\u00e1l\u00f3an termeszthet\u0151. Napf\u00e9nyes helyet, k\u00f6z\u00e9pk\u00f6t\u00f6tt talajt ig\u00e9nyel. Vigy\u00e1zzunk, hogy ne ker\u00fclj\u00f6n frissen tr\u00e1gy\u00e1zott talajba. Rendszeres \u00f6nt\u00f6z\u00e9ssel elker\u00fclhetj\u00fck a gum\u00f3k pudv\u00e1sod\u00e1s\u00e1t.<br \/>\n<span class=\"style3\">Tipp:<\/span>A korai retek, ha t\u00fal s\u0171r\u0171n vetj\u00fck \u00e9s nem egyelj\u00fck ki, kor\u00e1n magsz\u00e1rba indul, mivel nem jut el\u00e9g f\u00e9nyhez. A v\u00edzhi\u00e1nynak pudv\u00e1sod\u00e1s a hat\u00e1sa. A lassan kel\u0151 z\u00f6lds\u00e9gf\u00e9l\u00e9k (petrezselyem, s\u00e1rgar\u00e9pa) vet\u0151magj\u00e1hoz keverj\u00fcnk 10-15%-os ar\u00e1nyban retek magot sorjelz\u0151nek. A kor\u00e1n kikelt retek mutatja a s\u00e1rgar\u00e9pavet\u00e9s sor\u00e1t kap\u00e1l\u00e1skor, \u00e9s mivel csak ritk\u00e1n kel hamar megn\u0151.<\/p>\n<table>\n<tbody>\n<tr>\n<td colspan=\"2\">\n<table class=\"csoportinfo\" cellspacing=\"0\">\n<tbody>\n<tr class=\"csoportinfofejlec\">\n<td class=\"csoportinfofejlec\" width=\"15%\">magsz\u00e1m\/gramm<\/td>\n<td class=\"csoportinfofejlec\" width=\"19%\">vet\u0151magig\u00e9ny g\/10nm<\/td>\n<td class=\"csoportinfofejlec\" width=\"19%\">vet\u00e9sid\u0151 szabadf\u00f6ldi termeszt\u00e9shez<\/td>\n<td class=\"csoportinfofejlec\" width=\"15%\">vet\u00e9sm\u00e9lys\u00e9g cm<\/td>\n<td class=\"csoportinfofejlec\" width=\"17%\">sor- \u00e9s t\u0151t\u00e1vols\u00e1g cm<\/td>\n<td class=\"csoportinfofejlec\" width=\"15%\">cs\u00edr\u00e1z\u00e1si nap<br \/>\n6-20C fokon<\/td>\n<\/tr>\n<tr class=\"csoportinfotorzs\">\n<td class=\"csoportinfotorzs\">100-125<\/td>\n<td class=\"csoportinfotorzs\">10-20<\/td>\n<td class=\"csoportinfotorzs\">korai, ny\u00e1ri III-VI. h\u00f3nap<br \/>\n\u0151szi-t\u00e9li: VI-VIII. h\u00f3nap<\/td>\n<td class=\"csoportinfotorzs\">2<\/td>\n<td class=\"csoportinfotorzs\">15-25 x 4-8<\/td>\n<td class=\"csoportinfotorzs\">6-10 nap<\/td>\n<\/tr>\n<\/tbody>\n<\/table>\n<\/td>\n<\/tr>\n<tr>\n<td colspan=\"2\">\n<p align=\"justify\">A retek \u00e1lland\u00f3, egyenletes v\u00edzell\u00e1t\u00e1st ig\u00e9nyel, \u00edgy sok\u00e1ig l\u00e9d\u00fas marad \u00e9s k\u00e9s\u0151bb pudv\u00e1sodik. A korai retket \u00e1ltal\u00e1ban k\u00f6ztesn\u00f6v\u00e9nyk\u00e9nt termesztj\u00fck, mivel r\u00f6vid ideig marad az \u00e1gy\u00e1sban. Az \u0151szi-t\u00e9li retket vethetj\u00fck m\u00e1sodvetem\u00e9nyk\u00e9nt, bors\u00f3, sal\u00e1ta, spen\u00f3t ut\u00e1n. Aj\u00e1nlott h\u00e1l\u00f3val v\u00e9dekezni a retekl\u00e9gy ellen, melynek l\u00e1rv\u00e1ja a gum\u00f3kban k\u00e1rt tesz.<\/p>\n<\/td>\n<\/tr>\n<\/tbody>\n<\/table>\n<p>Nagyon \u00edzletes z\u00f6lds\u00e9g, gazdag vitaminokban \u00e9s t\u00e1panyagokban, kal\u00f3ria tartalma alacsony, fogy\u00f3k\u00far\u00e1zok is b\u00e1tran fogyaszthatj\u00e1k. Gazdag A, B \u00e9s C-vitaminban, emellett jelent\u0151s mennyis\u00e9g\u0171 foszfort \u00e9s k\u00e1liumot is tartalmaz.<\/p>\n<p>A retek magja hidegt\u0171r\u0151 m\u00e1r 2-3 fokon is cs\u00edr\u00e1zni kezd, leggyorsabban 15-20 fokos h\u0151m\u00e9rs\u00e9kleten cs\u00edr\u00e1zik, a gum\u00f3k\u00e9pz\u0151d\u00e9shez sem ig\u00e9nyel k\u00fcl\u00f6n\u00f6sebben meleget.<\/p>\n<p>A retek vil\u00e1gos helyen, nyirkos talajban, p\u00e1r\u00e1s k\u00f6rnyezetben fejl\u0151dik legszebben, ez\u00e9rt ide\u00e1lis n\u00f6v\u00e9nye a f\u00f3lia s\u00e1traknak. F\u00e9nyhi\u00e1nyos helyen, a gum\u00f3k\u00e9pz\u0151d\u00e9s gyenge lesz, ink\u00e1bb csak a lombja fejl\u0151dik.<\/p>\n<p>Hossz\u00fanappalos n\u00f6v\u00e9ny, ha hossz\u00faak m\u00e1r a nappalok \u00e9s r\u00f6videk az \u00e9jszak\u00e1k, akkor gyakran felmagzik, emiatt kora tavasszal vetj\u00fck. Talajok k\u00f6z\u00fcl a t\u00e1panyagban gazdag, laz\u00e1bb szerkezet\u0171, homokos talajokat kedveli legink\u00e1bb.<\/p>\n<p>&nbsp;<\/p>\n<p><strong>K\u00e9szlet\u00fcnk napi szinten v\u00e1ltozik, ez\u00e9rt k\u00e9rj\u00fck, \u00e9rdekl\u0151dj\u00f6n szem\u00e9lyesen, telefonon vagy email-en.<br \/>\nA v\u00e1ltoztat\u00e1s jog\u00e1t fenntartjuk!\u00a0<\/strong><\/p>\n<p><a href=\"https:\/\/tajkertesz.com\/\">https:\/\/tajkertesz.com\/<\/a><\/p>\n<p><a href=\"https:\/\/www.facebook.com\/tajkertesz\/\">https:\/\/www.facebook.com\/tajkertesz\/<\/a><\/p>\n<p>Kisz\u00e1ll\u00edt\u00e1s: 200cm-ig \u00a0\u00e9s 40 kg-ig a sz\u00e1ll\u00edt\u00e1s fut\u00e1rszolg\u00e1lattal \u00a0t\u00f6rt\u00e9nik!<\/p>\n<p>Szem\u00e9lyes \u00e1tv\u00e9tel nyitvatart\u00e1si id\u0151ben a 17. ker\u00fclet Bakancsos utca 7. sz\u00e1m alatti Kert\u00e9szeti \u00e1rud\u00e1ban<\/p>","protected":false},"excerpt":{"rendered":"<div>Retek JAPANA F1<\/div>\n<div><b>Term\u00e9se hossz\u00fa, feh\u00e9r, ropog\u00f3s!<\/b><br \/>\nSzabadf\u00f6ldi termeszt\u00e9sre aj\u00e1nlott 85 napos teny\u00e9szidej\u0171 \u0151szi retek. Gy\u00f6kere feh\u00e9r, hengeres, tompa v\u00e9g\u0171. J\u00f3 k\u00f6r\u00fclm\u00e9nyek k\u00f6z\u00f6tt, laza, m\u00e9lyen m\u0171velt talajban 35 cm-re is megn\u0151. Bakh\u00e1tas termeszt\u00e9sn\u00e9l enn\u00e9l hosszabb is lehet. H\u00fasa finom, l\u00e9d\u00fas, nem szivacsosodik.<\/div>","protected":false},"featured_media":14626,"template":"","meta":{"_et_pb_use_builder":"","_et_pb_old_content":"","_et_gb_content_width":""},"product_brand":[],"product_cat":[2881],"product_tag":[4115],"class_list":{"0":"post-14625","1":"product","2":"type-product","3":"status-publish","4":"has-post-thumbnail","6":"product_cat-zoldsegnoveny-vetomagok","7":"product_tag-vetomag","9":"first","10":"instock","11":"shipping-taxable","12":"purchasable","13":"product-type-simple"},"yoast_head":"<!-- This site is optimized with the Yoast SEO plugin v27.4 - https:\/\/yoast.com\/product\/yoast-seo-wordpress\/ -->\n<title>Retek Japana F1-Hibrid - T\u00e1jkert\u00e9sz<\/title>\n<meta name=\"description\" content=\"A retek r\u00f6vid teny\u00e9szidej\u0171 n\u00f6v\u00e9ny, mely k\u00f6ztes n\u00f6v\u00e9nyk\u00e9nt is kiv\u00e1l\u00f3an termeszthet\u0151. V\u00e1logasson aktu\u00e1lis vet\u0151mag term\u00e9kk\u00edn\u00e1latunkb\u00f3l web\u00e1ruh\u00e1zunkban\" \/>\n<meta name=\"robots\" content=\"index, follow, max-snippet:-1, max-image-preview:large, max-video-preview:-1\" \/>\n<link rel=\"canonical\" href=\"https:\/\/tajkertesz.com\/en_US\/product\/retek-japana-f1-hibrid\/\" \/>\n<meta property=\"og:locale\" content=\"en_US\" \/>\n<meta property=\"og:type\" content=\"article\" \/>\n<meta property=\"og:title\" content=\"Retek Japana F1-Hibrid - T\u00e1jkert\u00e9sz\" \/>\n<meta property=\"og:description\" content=\"A retek r\u00f6vid teny\u00e9szidej\u0171 n\u00f6v\u00e9ny, mely k\u00f6ztes n\u00f6v\u00e9nyk\u00e9nt is kiv\u00e1l\u00f3an termeszthet\u0151. V\u00e1logasson aktu\u00e1lis vet\u0151mag term\u00e9kk\u00edn\u00e1latunkb\u00f3l web\u00e1ruh\u00e1zunkban\" \/>\n<meta property=\"og:url\" content=\"https:\/\/tajkertesz.com\/en_US\/product\/retek-japana-f1-hibrid\/\" \/>\n<meta property=\"og:site_name\" content=\"T\u00e1jkert\u00e9sz\" \/>\n<meta property=\"article:publisher\" content=\"https:\/\/www.facebook.com\/Tajkertesz\/\" \/>\n<meta property=\"article:modified_time\" content=\"2026-02-18T15:18:50+00:00\" \/>\n<meta property=\"og:image\" content=\"https:\/\/tajkertesz.com\/wp-content\/uploads\/2023\/01\/20230111_160221-scaled.jpg\" \/>\n\t<meta property=\"og:image:width\" content=\"1154\" \/>\n\t<meta property=\"og:image:height\" content=\"2560\" \/>\n\t<meta property=\"og:image:type\" content=\"image\/jpeg\" \/>\n<meta name=\"twitter:card\" content=\"summary_large_image\" \/>\n<meta name=\"twitter:label1\" content=\"Est. reading time\" \/>\n\t<meta name=\"twitter:data1\" content=\"2 minutes\" \/>\n<script type=\"application\/ld+json\" class=\"yoast-schema-graph\">{\"@context\":\"https:\\\/\\\/schema.org\",\"@graph\":[{\"@type\":\"WebPage\",\"@id\":\"https:\\\/\\\/tajkertesz.com\\\/termek\\\/retek-japana-f1-hibrid\\\/\",\"url\":\"https:\\\/\\\/tajkertesz.com\\\/termek\\\/retek-japana-f1-hibrid\\\/\",\"name\":\"Retek Japana F1-Hibrid - T\u00e1jkert\u00e9sz\",\"isPartOf\":{\"@id\":\"https:\\\/\\\/tajkertesz.com\\\/#website\"},\"primaryImageOfPage\":{\"@id\":\"https:\\\/\\\/tajkertesz.com\\\/termek\\\/retek-japana-f1-hibrid\\\/#primaryimage\"},\"image\":{\"@id\":\"https:\\\/\\\/tajkertesz.com\\\/termek\\\/retek-japana-f1-hibrid\\\/#primaryimage\"},\"thumbnailUrl\":\"https:\\\/\\\/tajkertesz.com\\\/wp-content\\\/uploads\\\/2023\\\/01\\\/20230111_160221-scaled.jpg\",\"datePublished\":\"2023-01-11T15:16:44+00:00\",\"dateModified\":\"2026-02-18T15:18:50+00:00\",\"description\":\"A retek r\u00f6vid teny\u00e9szidej\u0171 n\u00f6v\u00e9ny, mely k\u00f6ztes n\u00f6v\u00e9nyk\u00e9nt is kiv\u00e1l\u00f3an termeszthet\u0151. V\u00e1logasson aktu\u00e1lis vet\u0151mag term\u00e9kk\u00edn\u00e1latunkb\u00f3l web\u00e1ruh\u00e1zunkban\",\"breadcrumb\":{\"@id\":\"https:\\\/\\\/tajkertesz.com\\\/termek\\\/retek-japana-f1-hibrid\\\/#breadcrumb\"},\"inLanguage\":\"en-US\",\"potentialAction\":[{\"@type\":\"ReadAction\",\"target\":[\"https:\\\/\\\/tajkertesz.com\\\/termek\\\/retek-japana-f1-hibrid\\\/\"]}]},{\"@type\":\"ImageObject\",\"inLanguage\":\"en-US\",\"@id\":\"https:\\\/\\\/tajkertesz.com\\\/termek\\\/retek-japana-f1-hibrid\\\/#primaryimage\",\"url\":\"https:\\\/\\\/tajkertesz.com\\\/wp-content\\\/uploads\\\/2023\\\/01\\\/20230111_160221-scaled.jpg\",\"contentUrl\":\"https:\\\/\\\/tajkertesz.com\\\/wp-content\\\/uploads\\\/2023\\\/01\\\/20230111_160221-scaled.jpg\",\"width\":1154,\"height\":2560},{\"@type\":\"BreadcrumbList\",\"@id\":\"https:\\\/\\\/tajkertesz.com\\\/termek\\\/retek-japana-f1-hibrid\\\/#breadcrumb\",\"itemListElement\":[{\"@type\":\"ListItem\",\"position\":1,\"name\":\"Home\",\"item\":\"https:\\\/\\\/tajkertesz.com\\\/\"},{\"@type\":\"ListItem\",\"position\":2,\"name\":\"Kezd\u0151lap\",\"item\":\"https:\\\/\\\/tajkertesz.com\\\/\"},{\"@type\":\"ListItem\",\"position\":3,\"name\":\"Retek Japana F1-Hibrid\"}]},{\"@type\":\"WebSite\",\"@id\":\"https:\\\/\\\/tajkertesz.com\\\/#website\",\"url\":\"https:\\\/\\\/tajkertesz.com\\\/\",\"name\":\"T\u00e1j-Kert\u00e9sz 84 Kft.\",\"description\":\"Kert\u00e9szeti kis- \u00e9s nagykeresked\u00e9s, D\u00edszn\u00f6v\u00e9ny web\u00e1ruh\u00e1z orsz\u00e1gos h\u00e1zhozsz\u00e1ll\u00edt\u00e1ssal!\",\"publisher\":{\"@id\":\"https:\\\/\\\/tajkertesz.com\\\/#organization\"},\"potentialAction\":[{\"@type\":\"SearchAction\",\"target\":{\"@type\":\"EntryPoint\",\"urlTemplate\":\"https:\\\/\\\/tajkertesz.com\\\/?s={search_term_string}\"},\"query-input\":{\"@type\":\"PropertyValueSpecification\",\"valueRequired\":true,\"valueName\":\"search_term_string\"}}],\"inLanguage\":\"en-US\"},{\"@type\":\"Organization\",\"@id\":\"https:\\\/\\\/tajkertesz.com\\\/#organization\",\"name\":\"T\u00e1j-Kert\u00e9sz 84 Kft.\",\"url\":\"https:\\\/\\\/tajkertesz.com\\\/\",\"logo\":{\"@type\":\"ImageObject\",\"inLanguage\":\"en-US\",\"@id\":\"https:\\\/\\\/tajkertesz.com\\\/#\\\/schema\\\/logo\\\/image\\\/\",\"url\":\"https:\\\/\\\/tajkertesz.com\\\/wp-content\\\/uploads\\\/2018\\\/02\\\/logo-2-e1518678052539.png\",\"contentUrl\":\"https:\\\/\\\/tajkertesz.com\\\/wp-content\\\/uploads\\\/2018\\\/02\\\/logo-2-e1518678052539.png\",\"width\":81,\"height\":140,\"caption\":\"T\u00e1j-Kert\u00e9sz 84 Kft.\"},\"image\":{\"@id\":\"https:\\\/\\\/tajkertesz.com\\\/#\\\/schema\\\/logo\\\/image\\\/\"},\"sameAs\":[\"https:\\\/\\\/www.facebook.com\\\/Tajkertesz\\\/\"]}]}<\/script>\n<!-- \/ Yoast SEO plugin. -->","yoast_head_json":{"title":"Retek Japana F1-Hibrid - T\u00e1jkert\u00e9sz","description":"A retek r\u00f6vid teny\u00e9szidej\u0171 n\u00f6v\u00e9ny, mely k\u00f6ztes n\u00f6v\u00e9nyk\u00e9nt is kiv\u00e1l\u00f3an termeszthet\u0151. V\u00e1logasson aktu\u00e1lis vet\u0151mag term\u00e9kk\u00edn\u00e1latunkb\u00f3l web\u00e1ruh\u00e1zunkban","robots":{"index":"index","follow":"follow","max-snippet":"max-snippet:-1","max-image-preview":"max-image-preview:large","max-video-preview":"max-video-preview:-1"},"canonical":"https:\/\/tajkertesz.com\/en_US\/product\/retek-japana-f1-hibrid\/","og_locale":"en_US","og_type":"article","og_title":"Retek Japana F1-Hibrid - T\u00e1jkert\u00e9sz","og_description":"A retek r\u00f6vid teny\u00e9szidej\u0171 n\u00f6v\u00e9ny, mely k\u00f6ztes n\u00f6v\u00e9nyk\u00e9nt is kiv\u00e1l\u00f3an termeszthet\u0151. V\u00e1logasson aktu\u00e1lis vet\u0151mag term\u00e9kk\u00edn\u00e1latunkb\u00f3l web\u00e1ruh\u00e1zunkban","og_url":"https:\/\/tajkertesz.com\/en_US\/product\/retek-japana-f1-hibrid\/","og_site_name":"T\u00e1jkert\u00e9sz","article_publisher":"https:\/\/www.facebook.com\/Tajkertesz\/","article_modified_time":"2026-02-18T15:18:50+00:00","og_image":[{"width":1154,"height":2560,"url":"https:\/\/tajkertesz.com\/wp-content\/uploads\/2023\/01\/20230111_160221-scaled.jpg","type":"image\/jpeg"}],"twitter_card":"summary_large_image","twitter_misc":{"Est. reading time":"2 minutes"},"schema":{"@context":"https:\/\/schema.org","@graph":[{"@type":"WebPage","@id":"https:\/\/tajkertesz.com\/termek\/retek-japana-f1-hibrid\/","url":"https:\/\/tajkertesz.com\/termek\/retek-japana-f1-hibrid\/","name":"Retek Japana F1-Hibrid - T\u00e1jkert\u00e9sz","isPartOf":{"@id":"https:\/\/tajkertesz.com\/#website"},"primaryImageOfPage":{"@id":"https:\/\/tajkertesz.com\/termek\/retek-japana-f1-hibrid\/#primaryimage"},"image":{"@id":"https:\/\/tajkertesz.com\/termek\/retek-japana-f1-hibrid\/#primaryimage"},"thumbnailUrl":"https:\/\/tajkertesz.com\/wp-content\/uploads\/2023\/01\/20230111_160221-scaled.jpg","datePublished":"2023-01-11T15:16:44+00:00","dateModified":"2026-02-18T15:18:50+00:00","description":"A retek r\u00f6vid teny\u00e9szidej\u0171 n\u00f6v\u00e9ny, mely k\u00f6ztes n\u00f6v\u00e9nyk\u00e9nt is kiv\u00e1l\u00f3an termeszthet\u0151. V\u00e1logasson aktu\u00e1lis vet\u0151mag term\u00e9kk\u00edn\u00e1latunkb\u00f3l web\u00e1ruh\u00e1zunkban","breadcrumb":{"@id":"https:\/\/tajkertesz.com\/termek\/retek-japana-f1-hibrid\/#breadcrumb"},"inLanguage":"en-US","potentialAction":[{"@type":"ReadAction","target":["https:\/\/tajkertesz.com\/termek\/retek-japana-f1-hibrid\/"]}]},{"@type":"ImageObject","inLanguage":"en-US","@id":"https:\/\/tajkertesz.com\/termek\/retek-japana-f1-hibrid\/#primaryimage","url":"https:\/\/tajkertesz.com\/wp-content\/uploads\/2023\/01\/20230111_160221-scaled.jpg","contentUrl":"https:\/\/tajkertesz.com\/wp-content\/uploads\/2023\/01\/20230111_160221-scaled.jpg","width":1154,"height":2560},{"@type":"BreadcrumbList","@id":"https:\/\/tajkertesz.com\/termek\/retek-japana-f1-hibrid\/#breadcrumb","itemListElement":[{"@type":"ListItem","position":1,"name":"Home","item":"https:\/\/tajkertesz.com\/"},{"@type":"ListItem","position":2,"name":"Kezd\u0151lap","item":"https:\/\/tajkertesz.com\/"},{"@type":"ListItem","position":3,"name":"Retek Japana F1-Hibrid"}]},{"@type":"WebSite","@id":"https:\/\/tajkertesz.com\/#website","url":"https:\/\/tajkertesz.com\/","name":"T\u00e1j-Kert\u00e9sz 84 Kft.","description":"Kert\u00e9szeti kis- \u00e9s nagykeresked\u00e9s, D\u00edszn\u00f6v\u00e9ny web\u00e1ruh\u00e1z orsz\u00e1gos h\u00e1zhozsz\u00e1ll\u00edt\u00e1ssal!","publisher":{"@id":"https:\/\/tajkertesz.com\/#organization"},"potentialAction":[{"@type":"SearchAction","target":{"@type":"EntryPoint","urlTemplate":"https:\/\/tajkertesz.com\/?s={search_term_string}"},"query-input":{"@type":"PropertyValueSpecification","valueRequired":true,"valueName":"search_term_string"}}],"inLanguage":"en-US"},{"@type":"Organization","@id":"https:\/\/tajkertesz.com\/#organization","name":"T\u00e1j-Kert\u00e9sz 84 Kft.","url":"https:\/\/tajkertesz.com\/","logo":{"@type":"ImageObject","inLanguage":"en-US","@id":"https:\/\/tajkertesz.com\/#\/schema\/logo\/image\/","url":"https:\/\/tajkertesz.com\/wp-content\/uploads\/2018\/02\/logo-2-e1518678052539.png","contentUrl":"https:\/\/tajkertesz.com\/wp-content\/uploads\/2018\/02\/logo-2-e1518678052539.png","width":81,"height":140,"caption":"T\u00e1j-Kert\u00e9sz 84 Kft."},"image":{"@id":"https:\/\/tajkertesz.com\/#\/schema\/logo\/image\/"},"sameAs":["https:\/\/www.facebook.com\/Tajkertesz\/"]}]}},"_links":{"self":[{"href":"https:\/\/tajkertesz.com\/en_US\/wp-json\/wp\/v2\/product\/14625","targetHints":{"allow":["GET"]}}],"collection":[{"href":"https:\/\/tajkertesz.com\/en_US\/wp-json\/wp\/v2\/product"}],"about":[{"href":"https:\/\/tajkertesz.com\/en_US\/wp-json\/wp\/v2\/types\/product"}],"wp:featuredmedia":[{"embeddable":true,"href":"https:\/\/tajkertesz.com\/en_US\/wp-json\/wp\/v2\/media\/14626"}],"wp:attachment":[{"href":"https:\/\/tajkertesz.com\/en_US\/wp-json\/wp\/v2\/media?parent=14625"}],"wp:term":[{"taxonomy":"product_brand","embeddable":true,"href":"https:\/\/tajkertesz.com\/en_US\/wp-json\/wp\/v2\/product_brand?post=14625"},{"taxonomy":"product_cat","embeddable":true,"href":"https:\/\/tajkertesz.com\/en_US\/wp-json\/wp\/v2\/product_cat?post=14625"},{"taxonomy":"product_tag","embeddable":true,"href":"https:\/\/tajkertesz.com\/en_US\/wp-json\/wp\/v2\/product_tag?post=14625"}],"curies":[{"name":"wp","href":"https:\/\/api.w.org\/{rel}","templated":true}]}}