{"id":14635,"date":"2023-01-12T13:42:16","date_gmt":"2023-01-12T13:42:16","guid":{"rendered":"https:\/\/tajkertesz.com\/?post_type=product&#038;p=14635"},"modified":"2026-02-18T15:20:24","modified_gmt":"2026-02-18T15:20:24","slug":"petrezselyem-hosszu-drazsirozott-vetomag","status":"publish","type":"product","link":"https:\/\/tajkertesz.com\/en_US\/product\/petrezselyem-hosszu-drazsirozott-vetomag\/","title":{"rendered":"Petrezselyem f\u00e9lhossz\u00fa drazs\u00edrozott vet\u0151mag"},"content":{"rendered":"<h2>Petrezselyem f\u00e9lhossz\u00fa drazs\u00edrozott vet\u0151mag<\/h2>\n<div>\n<p>Petrezselyem f\u00e9lhossz\u00fa drazs\u00edrozott vet\u0151mag. <b>Friss fogyaszt\u00e1sra \u00e9s t\u00e1rol\u00e1sra is alkalmas!<\/b><\/p>\n<\/div>\n<div>K\u00f6z\u00e9pk\u00e9s\u0151i j\u00f3l t\u00e1rolhat\u00f3 fajta. Gy\u00f6kere k\u00f6zepesen hossz\u00fa, k\u00fap alak\u00fa, v\u00e1lla enyh\u00e9n csapott, felsz\u00edne kr\u00e9msz\u00edn\u0171, h\u00fasa feh\u00e9r \u00e9s \u00edzletes.<\/div>\n<div>\n<p>Hossz\u00fa teny\u00e9szidej\u0171 (200-220 nap) nagy hozam\u00fa, j\u00f3l t\u00e1rolhat\u00f3\u00a0<strong>petrezselyem<\/strong> fajta. Gy\u00f6kere\u00a0 ak\u00e1r20-24 cm hossz\u00fara is megn\u0151, hegyes gy\u00f6kere lefel\u00e9 egyenletesen keskenyedik.<\/p>\n<p>K\u00f6z\u00e9pk\u00e9s\u0151i j\u00f3l t\u00e1rolhat\u00f3 fajta. Gy\u00f6kere k\u00f6zepesen hossz\u00fa, k\u00fap alak\u00fa, v\u00e1lla enyh\u00e9n csapott, felsz\u00edne kr\u00e9msz\u00edn\u0171, h\u00fasa feh\u00e9r, \u00edzletes.<br \/>\nSek\u00e9lyen m\u0171velt talajban el\u00e1gazik, csak m\u00e9lyen megmunk\u00e1lt talajon ad j\u00f3 min\u0151s\u00e9g\u0171 term\u00e9st. A\u00a0<em>petrezselyem<\/em> lev\u00e9lzete k\u00f6z\u00e9per\u0151s \u00e9s s\u00f6t\u00e9tz\u00f6ld. Nagyon lassan kel, \u00edgy haszn\u00e1ljunk vet\u00e9skor sorjelz\u0151k\u00e9nt sal\u00e1ta, vagy retek magot. A vet\u00e9st mindig tartsuk nedvesen!<br \/>\nPetrezselyem vet\u00e9s: febru\u00e1rban vagy m\u00e1rciusban szabad f\u00f6ldbe vess\u00fck.<br \/>\nCs\u00edr\u00e1z\u00e1sa 5-10 0C fokon 18-20 napig tart. Kel\u00e9s ut\u00e1n ritk\u00edtsuk.<br \/>\nVet\u0151magsz\u00fcks\u00e9glet: 5 g\/10 m2.<br \/>\nT\u00e9r\u00e1ll\u00e1s: 25-30 x 4-5 cm.<br \/>\nSzed\u00e9s: friss fogyaszt\u00e1sra j\u00faniust\u00f3l, t\u00e1rol\u00e1sra szeptember-okt\u00f3berben.<br \/>\nA petrezselyem k\u00e9t\u00e9ves n\u00f6v\u00e9ny: az els\u0151 \u00e9vben a lombja \u00e9s a gy\u00f6k\u00e9rzete fejl\u0151dik, a m\u00e1sodik \u00e9vben magsz\u00e1rat fejleszt, melynek cs\u00facs\u00e1n erny\u0151s vir\u00e1gok fejl\u0151dnek.<\/p>\n<\/div>\n<div><\/div>\n<div><\/div>\n<div>\n<p><strong>K\u00e9szlet\u00fcnk napi szinten v\u00e1ltozik, ez\u00e9rt k\u00e9rj\u00fck, \u00e9rdekl\u0151dj\u00f6n szem\u00e9lyesen, telefonon vagy email-en.<br \/>\nA v\u00e1ltoztat\u00e1s jog\u00e1t fenntartjuk!\u00a0<\/strong><\/p>\n<p><a href=\"https:\/\/tajkertesz.com\/\">https:\/\/tajkertesz.com\/<\/a><\/p>\n<p><a href=\"https:\/\/www.facebook.com\/tajkertesz\/\">https:\/\/www.facebook.com\/tajkertesz\/<\/a><\/p>\n<p>Kisz\u00e1ll\u00edt\u00e1s: 200cm-ig \u00a0\u00e9s 40 kg-ig a sz\u00e1ll\u00edt\u00e1s fut\u00e1rszolg\u00e1lattal \u00a0t\u00f6rt\u00e9nik!<\/p>\n<p>Szem\u00e9lyes \u00e1tv\u00e9tel nyitvatart\u00e1si id\u0151ben a 17. ker\u00fclet Bakancsos utca 7. sz\u00e1m alatti Kert\u00e9szeti \u00e1rud\u00e1ban<\/p>\n<div>\n<p>&nbsp;<\/p>\n<\/div>\n<div>K\u00f6z\u00e9pk\u00e9s\u0151i j\u00f3l t\u00e1rolhat\u00f3 fajta. Gy\u00f6kere k\u00f6zepesen hossz\u00fa, k\u00fap alak\u00fa, v\u00e1lla enyh\u00e9n csapott, felsz\u00edne kr\u00e9msz\u00edn\u0171, h\u00fasa feh\u00e9r, \u00edzletes.<\/div>\n<div>\n<p>Hossz\u00fa teny\u00e9sz idej\u0171 (200-220 nap) nagy hozam\u00fa, j\u00f3l t\u00e1rolhat\u00f3 <strong>petrezselyem<\/strong>\u00a0fajta.\u00a0Gy\u00f6kere 20-24 cm hossz\u00fa, hegyes gy\u00f6kere lefel\u00e9 egyenletesen keskenyedik.<\/p>\n<p>K\u00f6z\u00e9pk\u00e9s\u0151i j\u00f3l t\u00e1rolhat\u00f3 fajta. Gy\u00f6kere k\u00f6zepesen hossz\u00fa, k\u00fap alak\u00fa, v\u00e1lla enyh\u00e9n csapott, felsz\u00edne kr\u00e9msz\u00edn\u0171, h\u00fasa feh\u00e9r \u00e9s \u00edzletes.<br \/>\nSek\u00e9lyen m\u0171velt talajban el\u00e1gazik, csak m\u00e9lyen megmunk\u00e1lt talajon ad j\u00f3 min\u0151s\u00e9g\u0171 term\u00e9st. A\u00a0<em>petrezselyem<\/em> lev\u00e9lzete k\u00f6z\u00e9per\u0151s \u00e9s s\u00f6t\u00e9tz\u00f6ld. Nagyon lassan kel, de haszn\u00e1ljunk vet\u00e9skor sorjelz\u0151k\u00e9nt sal\u00e1ta, vagy retek magot. A vet\u00e9st\u00a0 is tartsuk nedvesen!<br \/>\nPetrezselyem\u00a0vet\u00e9s: febru\u00e1r-m\u00e1rciusban szabad f\u00f6ldbe.<br \/>\nCs\u00edr\u00e1z\u00e1sa 5-10 0C fokon 18-20 napig tart. Kel\u00e9s ut\u00e1n ritk\u00edtsuk.<br \/>\nVet\u0151magsz\u00fcks\u00e9glet: 5 g\/10 m2.<br \/>\nT\u00e9r\u00e1ll\u00e1s: 25-30 x 4-5 cm.<\/p>\n<\/div>\n<\/div>\n<p>&nbsp;<\/p>\n<p>&nbsp;<\/p>","protected":false},"excerpt":{"rendered":"<h2>Petrezselyem hossz\u00fa drazs\u00edrozott vet\u0151mag<\/h2>\n<div>F\u00c9LHOSSZ\u00da PETREZSELYEM<\/div>\n<div><b>Friss fogyaszt\u00e1sra \u00e9s t\u00e1rol\u00e1sra egyar\u00e1nt aj\u00e1nlott!<\/b><br \/>\nK\u00f6z\u00e9pk\u00e9s\u0151i, j\u00f3l t\u00e1rolhat\u00f3 fajta. Gy\u00f6kere k\u00f6zepesen hossz\u00fa, k\u00fap alak\u00fa, v\u00e1lla enyh\u00e9n csapott, a felsz\u00edn kr\u00e9msz\u00edn\u0171, h\u00fasa feh\u00e9r, \u00edzletes.<\/div>\n<p>Az apr\u00f3magv\u00fa z\u00f6lds\u00e9gf\u00e9l\u00e9ket termeszt\u0151k f\u00e1raszt\u00f3 \u00e9s id\u0151t rabl\u00f3 munk\u00e1ja a kikelt n\u00f6v\u00e9nyek ritk\u00edt\u00e1sa, egyel\u00e9se. A n\u00f6v\u00e9nyek fejl\u0151d\u00e9s\u00e9hez sz\u00fcks\u00e9ges t\u0151t\u00e1vols\u00e1got be\u00e1ll\u00edt\u00f3 g\u00f6rnyed\u0151 munka k\u00f6zben arra is \u00fcgyelni kell, hogy lehet\u0151leg a leger\u0151sebb n\u00f6v\u00e9nyeket hagyjuk meg. Ett\u0151l az egyel\u00e9si munk\u00e1t\u00f3l szabad\u00edtja meg a vev\u0151inket a R\u00e9dei Kertimag ZRt. DRAZS\u00cdROZOTT s\u00e1rgar\u00e9pa, petrezselyem, retek, sal\u00e1ta, zeller, valamint m\u00e1k vet\u0151magja.<br \/>\n<span class=\"style1\">Tipp:<\/span>\u00a0A vet\u00e9st kel\u00e9sig egyenletesen nedvesen kell tartani!<\/p>","protected":false},"featured_media":14636,"template":"","meta":{"_et_pb_use_builder":"","_et_pb_old_content":"","_et_gb_content_width":""},"product_brand":[],"product_cat":[2881],"product_tag":[],"class_list":{"0":"post-14635","1":"product","2":"type-product","3":"status-publish","4":"has-post-thumbnail","6":"product_cat-zoldsegnoveny-vetomagok","8":"first","9":"instock","10":"shipping-taxable","11":"purchasable","12":"product-type-simple"},"yoast_head":"<!-- This site is optimized with the Yoast SEO plugin v27.5 - https:\/\/yoast.com\/product\/yoast-seo-wordpress\/ -->\n<title>Petrezselyem f\u00e9lhossz\u00fa drazs\u00edrozott vet\u0151mag - T\u00e1jkert\u00e9sz<\/title>\n<meta name=\"description\" content=\"Petrezselyem f\u00e9lhossz\u00fa drazs\u00edrozott vet\u0151mag, j\u00f3l t\u00e1rolhat\u00f3 fajta. Gy\u00f6kere k\u00f6zepesen hossz\u00fa, felsz\u00edne kr\u00e9msz\u00edn\u0171, h\u00fasa feh\u00e9r, \u00edzletes.\" \/>\n<meta name=\"robots\" content=\"index, follow, max-snippet:-1, max-image-preview:large, max-video-preview:-1\" \/>\n<link rel=\"canonical\" href=\"https:\/\/tajkertesz.com\/en_US\/product\/petrezselyem-hosszu-drazsirozott-vetomag\/\" \/>\n<meta property=\"og:locale\" content=\"en_US\" \/>\n<meta property=\"og:type\" content=\"article\" \/>\n<meta property=\"og:title\" content=\"Petrezselyem f\u00e9lhossz\u00fa drazs\u00edrozott vet\u0151mag - T\u00e1jkert\u00e9sz\" \/>\n<meta property=\"og:description\" content=\"Petrezselyem f\u00e9lhossz\u00fa drazs\u00edrozott vet\u0151mag, j\u00f3l t\u00e1rolhat\u00f3 fajta. Gy\u00f6kere k\u00f6zepesen hossz\u00fa, felsz\u00edne kr\u00e9msz\u00edn\u0171, h\u00fasa feh\u00e9r, \u00edzletes.\" \/>\n<meta property=\"og:url\" content=\"https:\/\/tajkertesz.com\/en_US\/product\/petrezselyem-hosszu-drazsirozott-vetomag\/\" \/>\n<meta property=\"og:site_name\" content=\"T\u00e1jkert\u00e9sz\" \/>\n<meta property=\"article:publisher\" content=\"https:\/\/www.facebook.com\/Tajkertesz\/\" \/>\n<meta property=\"article:modified_time\" content=\"2026-02-18T15:20:24+00:00\" \/>\n<meta property=\"og:image\" content=\"https:\/\/tajkertesz.com\/wp-content\/uploads\/2023\/01\/20230112_124359-scaled.jpg\" \/>\n\t<meta property=\"og:image:width\" content=\"1255\" \/>\n\t<meta property=\"og:image:height\" content=\"2560\" \/>\n\t<meta property=\"og:image:type\" content=\"image\/jpeg\" \/>\n<meta name=\"twitter:card\" content=\"summary_large_image\" \/>\n<meta name=\"twitter:label1\" content=\"Est. reading time\" \/>\n\t<meta name=\"twitter:data1\" content=\"2 minutes\" \/>\n<script type=\"application\/ld+json\" class=\"yoast-schema-graph\">{\"@context\":\"https:\\\/\\\/schema.org\",\"@graph\":[{\"@type\":\"WebPage\",\"@id\":\"https:\\\/\\\/tajkertesz.com\\\/termek\\\/petrezselyem-hosszu-drazsirozott-vetomag\\\/\",\"url\":\"https:\\\/\\\/tajkertesz.com\\\/termek\\\/petrezselyem-hosszu-drazsirozott-vetomag\\\/\",\"name\":\"Petrezselyem f\u00e9lhossz\u00fa drazs\u00edrozott vet\u0151mag - T\u00e1jkert\u00e9sz\",\"isPartOf\":{\"@id\":\"https:\\\/\\\/tajkertesz.com\\\/#website\"},\"primaryImageOfPage\":{\"@id\":\"https:\\\/\\\/tajkertesz.com\\\/termek\\\/petrezselyem-hosszu-drazsirozott-vetomag\\\/#primaryimage\"},\"image\":{\"@id\":\"https:\\\/\\\/tajkertesz.com\\\/termek\\\/petrezselyem-hosszu-drazsirozott-vetomag\\\/#primaryimage\"},\"thumbnailUrl\":\"https:\\\/\\\/tajkertesz.com\\\/wp-content\\\/uploads\\\/2023\\\/01\\\/20230112_124359-scaled.jpg\",\"datePublished\":\"2023-01-12T13:42:16+00:00\",\"dateModified\":\"2026-02-18T15:20:24+00:00\",\"description\":\"Petrezselyem f\u00e9lhossz\u00fa drazs\u00edrozott vet\u0151mag, j\u00f3l t\u00e1rolhat\u00f3 fajta. Gy\u00f6kere k\u00f6zepesen hossz\u00fa, felsz\u00edne kr\u00e9msz\u00edn\u0171, h\u00fasa feh\u00e9r, \u00edzletes.\",\"breadcrumb\":{\"@id\":\"https:\\\/\\\/tajkertesz.com\\\/termek\\\/petrezselyem-hosszu-drazsirozott-vetomag\\\/#breadcrumb\"},\"inLanguage\":\"en-US\",\"potentialAction\":[{\"@type\":\"ReadAction\",\"target\":[\"https:\\\/\\\/tajkertesz.com\\\/termek\\\/petrezselyem-hosszu-drazsirozott-vetomag\\\/\"]}]},{\"@type\":\"ImageObject\",\"inLanguage\":\"en-US\",\"@id\":\"https:\\\/\\\/tajkertesz.com\\\/termek\\\/petrezselyem-hosszu-drazsirozott-vetomag\\\/#primaryimage\",\"url\":\"https:\\\/\\\/tajkertesz.com\\\/wp-content\\\/uploads\\\/2023\\\/01\\\/20230112_124359-scaled.jpg\",\"contentUrl\":\"https:\\\/\\\/tajkertesz.com\\\/wp-content\\\/uploads\\\/2023\\\/01\\\/20230112_124359-scaled.jpg\",\"width\":1255,\"height\":2560},{\"@type\":\"BreadcrumbList\",\"@id\":\"https:\\\/\\\/tajkertesz.com\\\/termek\\\/petrezselyem-hosszu-drazsirozott-vetomag\\\/#breadcrumb\",\"itemListElement\":[{\"@type\":\"ListItem\",\"position\":1,\"name\":\"Home\",\"item\":\"https:\\\/\\\/tajkertesz.com\\\/\"},{\"@type\":\"ListItem\",\"position\":2,\"name\":\"Kezd\u0151lap\",\"item\":\"https:\\\/\\\/tajkertesz.com\\\/\"},{\"@type\":\"ListItem\",\"position\":3,\"name\":\"Petrezselyem f\u00e9lhossz\u00fa drazs\u00edrozott vet\u0151mag\"}]},{\"@type\":\"WebSite\",\"@id\":\"https:\\\/\\\/tajkertesz.com\\\/#website\",\"url\":\"https:\\\/\\\/tajkertesz.com\\\/\",\"name\":\"T\u00e1j-Kert\u00e9sz 84 Kft.\",\"description\":\"Kert\u00e9szeti kis- \u00e9s nagykeresked\u00e9s, D\u00edszn\u00f6v\u00e9ny web\u00e1ruh\u00e1z orsz\u00e1gos h\u00e1zhozsz\u00e1ll\u00edt\u00e1ssal!\",\"publisher\":{\"@id\":\"https:\\\/\\\/tajkertesz.com\\\/#organization\"},\"potentialAction\":[{\"@type\":\"SearchAction\",\"target\":{\"@type\":\"EntryPoint\",\"urlTemplate\":\"https:\\\/\\\/tajkertesz.com\\\/?s={search_term_string}\"},\"query-input\":{\"@type\":\"PropertyValueSpecification\",\"valueRequired\":true,\"valueName\":\"search_term_string\"}}],\"inLanguage\":\"en-US\"},{\"@type\":\"Organization\",\"@id\":\"https:\\\/\\\/tajkertesz.com\\\/#organization\",\"name\":\"T\u00e1j-Kert\u00e9sz 84 Kft.\",\"url\":\"https:\\\/\\\/tajkertesz.com\\\/\",\"logo\":{\"@type\":\"ImageObject\",\"inLanguage\":\"en-US\",\"@id\":\"https:\\\/\\\/tajkertesz.com\\\/#\\\/schema\\\/logo\\\/image\\\/\",\"url\":\"https:\\\/\\\/tajkertesz.com\\\/wp-content\\\/uploads\\\/2018\\\/02\\\/logo-2-e1518678052539.png\",\"contentUrl\":\"https:\\\/\\\/tajkertesz.com\\\/wp-content\\\/uploads\\\/2018\\\/02\\\/logo-2-e1518678052539.png\",\"width\":81,\"height\":140,\"caption\":\"T\u00e1j-Kert\u00e9sz 84 Kft.\"},\"image\":{\"@id\":\"https:\\\/\\\/tajkertesz.com\\\/#\\\/schema\\\/logo\\\/image\\\/\"},\"sameAs\":[\"https:\\\/\\\/www.facebook.com\\\/Tajkertesz\\\/\"]}]}<\/script>\n<!-- \/ Yoast SEO plugin. -->","yoast_head_json":{"title":"Petrezselyem f\u00e9lhossz\u00fa drazs\u00edrozott vet\u0151mag - T\u00e1jkert\u00e9sz","description":"Petrezselyem f\u00e9lhossz\u00fa drazs\u00edrozott vet\u0151mag, j\u00f3l t\u00e1rolhat\u00f3 fajta. Gy\u00f6kere k\u00f6zepesen hossz\u00fa, felsz\u00edne kr\u00e9msz\u00edn\u0171, h\u00fasa feh\u00e9r, \u00edzletes.","robots":{"index":"index","follow":"follow","max-snippet":"max-snippet:-1","max-image-preview":"max-image-preview:large","max-video-preview":"max-video-preview:-1"},"canonical":"https:\/\/tajkertesz.com\/en_US\/product\/petrezselyem-hosszu-drazsirozott-vetomag\/","og_locale":"en_US","og_type":"article","og_title":"Petrezselyem f\u00e9lhossz\u00fa drazs\u00edrozott vet\u0151mag - T\u00e1jkert\u00e9sz","og_description":"Petrezselyem f\u00e9lhossz\u00fa drazs\u00edrozott vet\u0151mag, j\u00f3l t\u00e1rolhat\u00f3 fajta. Gy\u00f6kere k\u00f6zepesen hossz\u00fa, felsz\u00edne kr\u00e9msz\u00edn\u0171, h\u00fasa feh\u00e9r, \u00edzletes.","og_url":"https:\/\/tajkertesz.com\/en_US\/product\/petrezselyem-hosszu-drazsirozott-vetomag\/","og_site_name":"T\u00e1jkert\u00e9sz","article_publisher":"https:\/\/www.facebook.com\/Tajkertesz\/","article_modified_time":"2026-02-18T15:20:24+00:00","og_image":[{"width":1255,"height":2560,"url":"https:\/\/tajkertesz.com\/wp-content\/uploads\/2023\/01\/20230112_124359-scaled.jpg","type":"image\/jpeg"}],"twitter_card":"summary_large_image","twitter_misc":{"Est. reading time":"2 minutes"},"schema":{"@context":"https:\/\/schema.org","@graph":[{"@type":"WebPage","@id":"https:\/\/tajkertesz.com\/termek\/petrezselyem-hosszu-drazsirozott-vetomag\/","url":"https:\/\/tajkertesz.com\/termek\/petrezselyem-hosszu-drazsirozott-vetomag\/","name":"Petrezselyem f\u00e9lhossz\u00fa drazs\u00edrozott vet\u0151mag - T\u00e1jkert\u00e9sz","isPartOf":{"@id":"https:\/\/tajkertesz.com\/#website"},"primaryImageOfPage":{"@id":"https:\/\/tajkertesz.com\/termek\/petrezselyem-hosszu-drazsirozott-vetomag\/#primaryimage"},"image":{"@id":"https:\/\/tajkertesz.com\/termek\/petrezselyem-hosszu-drazsirozott-vetomag\/#primaryimage"},"thumbnailUrl":"https:\/\/tajkertesz.com\/wp-content\/uploads\/2023\/01\/20230112_124359-scaled.jpg","datePublished":"2023-01-12T13:42:16+00:00","dateModified":"2026-02-18T15:20:24+00:00","description":"Petrezselyem f\u00e9lhossz\u00fa drazs\u00edrozott vet\u0151mag, j\u00f3l t\u00e1rolhat\u00f3 fajta. Gy\u00f6kere k\u00f6zepesen hossz\u00fa, felsz\u00edne kr\u00e9msz\u00edn\u0171, h\u00fasa feh\u00e9r, \u00edzletes.","breadcrumb":{"@id":"https:\/\/tajkertesz.com\/termek\/petrezselyem-hosszu-drazsirozott-vetomag\/#breadcrumb"},"inLanguage":"en-US","potentialAction":[{"@type":"ReadAction","target":["https:\/\/tajkertesz.com\/termek\/petrezselyem-hosszu-drazsirozott-vetomag\/"]}]},{"@type":"ImageObject","inLanguage":"en-US","@id":"https:\/\/tajkertesz.com\/termek\/petrezselyem-hosszu-drazsirozott-vetomag\/#primaryimage","url":"https:\/\/tajkertesz.com\/wp-content\/uploads\/2023\/01\/20230112_124359-scaled.jpg","contentUrl":"https:\/\/tajkertesz.com\/wp-content\/uploads\/2023\/01\/20230112_124359-scaled.jpg","width":1255,"height":2560},{"@type":"BreadcrumbList","@id":"https:\/\/tajkertesz.com\/termek\/petrezselyem-hosszu-drazsirozott-vetomag\/#breadcrumb","itemListElement":[{"@type":"ListItem","position":1,"name":"Home","item":"https:\/\/tajkertesz.com\/"},{"@type":"ListItem","position":2,"name":"Kezd\u0151lap","item":"https:\/\/tajkertesz.com\/"},{"@type":"ListItem","position":3,"name":"Petrezselyem f\u00e9lhossz\u00fa drazs\u00edrozott vet\u0151mag"}]},{"@type":"WebSite","@id":"https:\/\/tajkertesz.com\/#website","url":"https:\/\/tajkertesz.com\/","name":"T\u00e1j-Kert\u00e9sz 84 Kft.","description":"Kert\u00e9szeti kis- \u00e9s nagykeresked\u00e9s, D\u00edszn\u00f6v\u00e9ny web\u00e1ruh\u00e1z orsz\u00e1gos h\u00e1zhozsz\u00e1ll\u00edt\u00e1ssal!","publisher":{"@id":"https:\/\/tajkertesz.com\/#organization"},"potentialAction":[{"@type":"SearchAction","target":{"@type":"EntryPoint","urlTemplate":"https:\/\/tajkertesz.com\/?s={search_term_string}"},"query-input":{"@type":"PropertyValueSpecification","valueRequired":true,"valueName":"search_term_string"}}],"inLanguage":"en-US"},{"@type":"Organization","@id":"https:\/\/tajkertesz.com\/#organization","name":"T\u00e1j-Kert\u00e9sz 84 Kft.","url":"https:\/\/tajkertesz.com\/","logo":{"@type":"ImageObject","inLanguage":"en-US","@id":"https:\/\/tajkertesz.com\/#\/schema\/logo\/image\/","url":"https:\/\/tajkertesz.com\/wp-content\/uploads\/2018\/02\/logo-2-e1518678052539.png","contentUrl":"https:\/\/tajkertesz.com\/wp-content\/uploads\/2018\/02\/logo-2-e1518678052539.png","width":81,"height":140,"caption":"T\u00e1j-Kert\u00e9sz 84 Kft."},"image":{"@id":"https:\/\/tajkertesz.com\/#\/schema\/logo\/image\/"},"sameAs":["https:\/\/www.facebook.com\/Tajkertesz\/"]}]}},"_links":{"self":[{"href":"https:\/\/tajkertesz.com\/en_US\/wp-json\/wp\/v2\/product\/14635","targetHints":{"allow":["GET"]}}],"collection":[{"href":"https:\/\/tajkertesz.com\/en_US\/wp-json\/wp\/v2\/product"}],"about":[{"href":"https:\/\/tajkertesz.com\/en_US\/wp-json\/wp\/v2\/types\/product"}],"wp:featuredmedia":[{"embeddable":true,"href":"https:\/\/tajkertesz.com\/en_US\/wp-json\/wp\/v2\/media\/14636"}],"wp:attachment":[{"href":"https:\/\/tajkertesz.com\/en_US\/wp-json\/wp\/v2\/media?parent=14635"}],"wp:term":[{"taxonomy":"product_brand","embeddable":true,"href":"https:\/\/tajkertesz.com\/en_US\/wp-json\/wp\/v2\/product_brand?post=14635"},{"taxonomy":"product_cat","embeddable":true,"href":"https:\/\/tajkertesz.com\/en_US\/wp-json\/wp\/v2\/product_cat?post=14635"},{"taxonomy":"product_tag","embeddable":true,"href":"https:\/\/tajkertesz.com\/en_US\/wp-json\/wp\/v2\/product_tag?post=14635"}],"curies":[{"name":"wp","href":"https:\/\/api.w.org\/{rel}","templated":true}]}}