{"id":14645,"date":"2023-01-12T14:12:07","date_gmt":"2023-01-12T14:12:07","guid":{"rendered":"https:\/\/tajkertesz.com\/?post_type=product&#038;p=14645"},"modified":"2026-02-18T15:20:36","modified_gmt":"2026-02-18T15:20:36","slug":"petrezselyem-olmutzi","status":"publish","type":"product","link":"https:\/\/tajkertesz.com\/en_US\/product\/petrezselyem-olmutzi\/","title":{"rendered":"Petrezselyem Olm\u0171tzi"},"content":{"rendered":"<h2>Petrezselyem Olm\u0171tzi<\/h2>\n<p>Petrezselyem Olm\u0171tzi vet\u0151mag 5g a \u00a0petrezselyem vet\u0151magja nagyon apr\u00f3, lass\u00fa \u00e9s vontatott a cs\u00edr\u00e1z\u00e1sa, mely 2-3 h\u00e9tig is eltarthat. Fontos: a vet\u00e9st kel\u00e9sig \u00e1lland\u00f3an tartsuk nedvesen! A cserepes, kisz\u00e1radt talajban elszakadnak a hajsz\u00e1lgy\u00f6kerek, \u00e9s a kikelt cs\u00edran\u00f6v\u00e9ny elpusztul.<br \/>\nKel\u00e9s ut\u00e1n 3-4 leveles \u00e1llapotban a t\u0151t\u00e1vols\u00e1got egyel\u00e9ssel \u00e1ll\u00edtjuk be.<br \/>\n<b>Kel\u00e9si ideje 3-4 h\u00e9t, ezalatt \u00e1lland\u00f3 nedvess\u00e9get ig\u00e9nyel!<\/b><br \/>\n<b>Hasznos tippek:<\/b>\u00a0soha ne vess\u00fcnk egym\u00e1s ut\u00e1n k\u00e9t \u00e9vben petrezselymet ugyanarra a ter\u00fcletre. J\u00f3 szomsz\u00e9dja a p\u00f3r\u00e9hagyma, paradicsom \u00e9s a hagyma. Vet\u00e9s el\u0151tt keverj\u00fck \u00f6ssze a magot nedves homokkal, \u00e9s hagyjuk \u00e1llni 2-3 napot, \u00edgy felgyors\u00edtjuk a kel\u00e9st.<\/p>\n<table class=\"csoportinfo\" cellspacing=\"0\">\n<tbody>\n<tr class=\"csoportinfofejlec\">\n<td class=\"csoportinfofejlec\" width=\"15%\">magsz\u00e1m\/gramm<\/td>\n<td class=\"csoportinfofejlec\" width=\"19%\">vet\u0151magig\u00e9ny g\/10nm<\/td>\n<td class=\"csoportinfofejlec\" width=\"19%\">vet\u00e9sid\u0151 szabadf\u00f6ldi termeszt\u00e9shez<\/td>\n<td class=\"csoportinfofejlec\" width=\"15%\">vet\u00e9sm\u00e9lys\u00e9g cm<\/td>\n<td class=\"csoportinfofejlec\" width=\"17%\">sor- \u00e9s t\u0151t\u00e1vols\u00e1g cm<\/td>\n<td class=\"csoportinfofejlec\" width=\"15%\">cs\u00edr\u00e1z\u00e1si nap<br \/>\n6-20C fokon<\/td>\n<\/tr>\n<tr class=\"csoportinfotorzs\">\n<td class=\"csoportinfotorzs\">600-800<\/td>\n<td class=\"csoportinfotorzs\">4-5<\/td>\n<td class=\"csoportinfotorzs\">III-VI. h\u00f3nap<\/td>\n<td class=\"csoportinfotorzs\">1-2<\/td>\n<td class=\"csoportinfotorzs\">25-30 x 3-4<\/td>\n<td class=\"csoportinfotorzs\">15-20 nap<\/td>\n<\/tr>\n<\/tbody>\n<\/table>\n<div>\n<p>\u00a0V\u00edzig\u00e9nyes n\u00f6v\u00e9nynek sz\u00e1m\u00edt, ugyanakkor a vizet m\u00e9lyebbr\u0151l is felveszi, \u00e9s j\u00f3l hasznos\u00edtja. A cs\u00edr\u00e1z\u00e1shoz \u00e9s a kezdeti n\u00f6veked\u00e9shez ig\u00e9nyli a legt\u00f6bb vizet, ha sz\u00e1raz a tavasz, m\u00e1r tavasszal is \u00f6nt\u00f6z\u00e9st ig\u00e9nyel.<\/p>\n<p>Ha drazs\u00edrozott magot vet\u00fcnk, k\u00f6nnyebben tudjuk tartani a megfelel\u0151 t\u0151t\u00e1vols\u00e1got, \u00e9s j\u00f3val kevesebbet, vagy egy\u00e1ltal\u00e1n nem kell ritk\u00edtanunk a kikelt n\u00f6v\u00e9nyeket. A k\u00f6z\u00f6ns\u00e9ges vet\u0151magot \u00e9rdemes a vet\u00e9s el\u0151tti napon be\u00e1ztatni, vagy nyirkos homokba keverni \u00e9s meleg helyen tartani a vet\u00e9sig, ez megk\u00f6nny\u00edti a cs\u00edr\u00e1z\u00e1st.<\/p>\n<p>A\u00a0 vet\u00e9shez k\u00e9sz\u00edts\u00fcnk vet\u0151bar\u00e1zd\u00e1t, ez 3-4 cm m\u00e9ly, egyenes sor legyen. Ha ezzel meg vagyunk, \u00f6nt\u00f6zz\u00fck be a vet\u0151bar\u00e1zd\u00e1t \u00e9s sz\u00f3rjuk bele a magokat. A magok k\u00f6z\u00f6tti ide\u00e1lis t\u00e1vols\u00e1g 3-4 cm, a sort\u00e1vols\u00e1g 30cm legyen.<\/p>\n<p>Takarjuk be a magokat \u00e9s kicsit t\u00f6m\u00f6r\u00edts\u00fck a f\u00f6ldet, ha sz\u00e1raz a tavasz, hetente \u00f6nt\u00f6zz\u00fck a vet\u00e9s\u00fcnket. Tartsuk gyommentesen a ter\u00fcletet, ha t\u00fal s\u0171r\u0171n kel a vet\u00e9s\u00fcnk, akkor egyelj\u00fck ki \u0151ket. A kih\u00fazott kicsi n\u00f6v\u00e9nyeket m\u00e1r felhaszn\u00e1lhatjuk a konyh\u00e1ban<\/p>\n<\/div>\n<div><\/div>\n<p><strong>K\u00e9szlet\u00fcnk napi szinten v\u00e1ltozik, ez\u00e9rt k\u00e9rj\u00fck, \u00e9rdekl\u0151dj\u00f6n szem\u00e9lyesen, telefonon vagy email-en.<br \/>\nA v\u00e1ltoztat\u00e1s jog\u00e1t fenntartjuk!\u00a0<\/strong><\/p>\n<p><a href=\"https:\/\/tajkertesz.com\/\">https:\/\/tajkertesz.com\/<\/a><\/p>\n<p><a href=\"https:\/\/www.facebook.com\/tajkertesz\/\">https:\/\/www.facebook.com\/tajkertesz\/<\/a><\/p>\n<p>Kisz\u00e1ll\u00edt\u00e1s: 200cm-ig \u00a0\u00e9s 40 kg-ig a sz\u00e1ll\u00edt\u00e1s fut\u00e1rszolg\u00e1lattal \u00a0t\u00f6rt\u00e9nik!<\/p>\n<p>Szem\u00e9lyes \u00e1tv\u00e9tel nyitvatart\u00e1si id\u0151ben a 17. ker\u00fclet Bakancsos utca 7. sz\u00e1m alatti Kert\u00e9szeti \u00e1rud\u00e1ban<\/p>","protected":false},"excerpt":{"rendered":"<div>OLM\u00dcTZI<\/div>\n<div><b>K\u00e9sei, j\u00f3l t\u00e1rolhat\u00f3!<\/b><br \/>\nHossz\u00fa teny\u00e9szidej\u0171, nagyon j\u00f3l t\u00e1rolhat\u00f3, sz\u00e1razs\u00e1gt\u0171r\u0151 gy\u00f6k\u00e9rpetrezselyem. Hossz\u00fa, hegyes gy\u00f6kere, har\u00e1nt bar\u00e1zd\u00e1lt, sz\u00fcrk\u00e9sfeh\u00e9r sz\u00edn\u0171. H\u00fasa \u00edzletes. Rozsd\u00e1sod\u00e1sra nem hajlamos.<\/div>","protected":false},"featured_media":14646,"template":"","meta":{"_et_pb_use_builder":"","_et_pb_old_content":"","_et_gb_content_width":""},"product_brand":[],"product_cat":[2881],"product_tag":[4115],"class_list":{"0":"post-14645","1":"product","2":"type-product","3":"status-publish","4":"has-post-thumbnail","6":"product_cat-zoldsegnoveny-vetomagok","7":"product_tag-vetomag","9":"first","10":"instock","11":"shipping-taxable","12":"purchasable","13":"product-type-simple"},"yoast_head":"<!-- This site is optimized with the Yoast SEO plugin v27.4 - https:\/\/yoast.com\/product\/yoast-seo-wordpress\/ -->\n<title>Petrezselyem Olm\u0171tzi - T\u00e1jkert\u00e9sz<\/title>\n<meta name=\"description\" content=\"Petrezselyem Olm\u0171tzi vet\u0151mag 5g a \u00a0petrezselyem vet\u0151magja nagyon apr\u00f3, lass\u00fa \u00e9s vontatott a cs\u00edr\u00e1z\u00e1sa, mely 2-3 h\u00e9tig is eltarthat.\" \/>\n<meta name=\"robots\" content=\"index, follow, max-snippet:-1, max-image-preview:large, max-video-preview:-1\" \/>\n<link rel=\"canonical\" href=\"https:\/\/tajkertesz.com\/en_US\/product\/petrezselyem-olmutzi\/\" \/>\n<meta property=\"og:locale\" content=\"en_US\" \/>\n<meta property=\"og:type\" content=\"article\" \/>\n<meta property=\"og:title\" content=\"Petrezselyem Olm\u0171tzi - T\u00e1jkert\u00e9sz\" \/>\n<meta property=\"og:description\" content=\"Petrezselyem Olm\u0171tzi vet\u0151mag 5g a \u00a0petrezselyem vet\u0151magja nagyon apr\u00f3, lass\u00fa \u00e9s vontatott a cs\u00edr\u00e1z\u00e1sa, mely 2-3 h\u00e9tig is eltarthat.\" \/>\n<meta property=\"og:url\" content=\"https:\/\/tajkertesz.com\/en_US\/product\/petrezselyem-olmutzi\/\" \/>\n<meta property=\"og:site_name\" content=\"T\u00e1jkert\u00e9sz\" \/>\n<meta property=\"article:publisher\" content=\"https:\/\/www.facebook.com\/Tajkertesz\/\" \/>\n<meta property=\"article:modified_time\" content=\"2026-02-18T15:20:36+00:00\" \/>\n<meta property=\"og:image\" content=\"https:\/\/tajkertesz.com\/wp-content\/uploads\/2023\/01\/20230112_124444-scaled.jpg\" \/>\n\t<meta property=\"og:image:width\" content=\"1154\" \/>\n\t<meta property=\"og:image:height\" content=\"2560\" \/>\n\t<meta property=\"og:image:type\" content=\"image\/jpeg\" \/>\n<meta name=\"twitter:card\" content=\"summary_large_image\" \/>\n<meta name=\"twitter:label1\" content=\"Est. reading time\" \/>\n\t<meta name=\"twitter:data1\" content=\"2 minutes\" \/>\n<script type=\"application\/ld+json\" class=\"yoast-schema-graph\">{\"@context\":\"https:\\\/\\\/schema.org\",\"@graph\":[{\"@type\":\"WebPage\",\"@id\":\"https:\\\/\\\/tajkertesz.com\\\/termek\\\/petrezselyem-olmutzi\\\/\",\"url\":\"https:\\\/\\\/tajkertesz.com\\\/termek\\\/petrezselyem-olmutzi\\\/\",\"name\":\"Petrezselyem Olm\u0171tzi - T\u00e1jkert\u00e9sz\",\"isPartOf\":{\"@id\":\"https:\\\/\\\/tajkertesz.com\\\/#website\"},\"primaryImageOfPage\":{\"@id\":\"https:\\\/\\\/tajkertesz.com\\\/termek\\\/petrezselyem-olmutzi\\\/#primaryimage\"},\"image\":{\"@id\":\"https:\\\/\\\/tajkertesz.com\\\/termek\\\/petrezselyem-olmutzi\\\/#primaryimage\"},\"thumbnailUrl\":\"https:\\\/\\\/tajkertesz.com\\\/wp-content\\\/uploads\\\/2023\\\/01\\\/20230112_124444-scaled.jpg\",\"datePublished\":\"2023-01-12T14:12:07+00:00\",\"dateModified\":\"2026-02-18T15:20:36+00:00\",\"description\":\"Petrezselyem Olm\u0171tzi vet\u0151mag 5g a \u00a0petrezselyem vet\u0151magja nagyon apr\u00f3, lass\u00fa \u00e9s vontatott a cs\u00edr\u00e1z\u00e1sa, mely 2-3 h\u00e9tig is eltarthat.\",\"breadcrumb\":{\"@id\":\"https:\\\/\\\/tajkertesz.com\\\/termek\\\/petrezselyem-olmutzi\\\/#breadcrumb\"},\"inLanguage\":\"en-US\",\"potentialAction\":[{\"@type\":\"ReadAction\",\"target\":[\"https:\\\/\\\/tajkertesz.com\\\/termek\\\/petrezselyem-olmutzi\\\/\"]}]},{\"@type\":\"ImageObject\",\"inLanguage\":\"en-US\",\"@id\":\"https:\\\/\\\/tajkertesz.com\\\/termek\\\/petrezselyem-olmutzi\\\/#primaryimage\",\"url\":\"https:\\\/\\\/tajkertesz.com\\\/wp-content\\\/uploads\\\/2023\\\/01\\\/20230112_124444-scaled.jpg\",\"contentUrl\":\"https:\\\/\\\/tajkertesz.com\\\/wp-content\\\/uploads\\\/2023\\\/01\\\/20230112_124444-scaled.jpg\",\"width\":1154,\"height\":2560},{\"@type\":\"BreadcrumbList\",\"@id\":\"https:\\\/\\\/tajkertesz.com\\\/termek\\\/petrezselyem-olmutzi\\\/#breadcrumb\",\"itemListElement\":[{\"@type\":\"ListItem\",\"position\":1,\"name\":\"Home\",\"item\":\"https:\\\/\\\/tajkertesz.com\\\/\"},{\"@type\":\"ListItem\",\"position\":2,\"name\":\"Kezd\u0151lap\",\"item\":\"https:\\\/\\\/tajkertesz.com\\\/\"},{\"@type\":\"ListItem\",\"position\":3,\"name\":\"Petrezselyem Olm\u0171tzi\"}]},{\"@type\":\"WebSite\",\"@id\":\"https:\\\/\\\/tajkertesz.com\\\/#website\",\"url\":\"https:\\\/\\\/tajkertesz.com\\\/\",\"name\":\"T\u00e1j-Kert\u00e9sz 84 Kft.\",\"description\":\"Kert\u00e9szeti kis- \u00e9s nagykeresked\u00e9s, D\u00edszn\u00f6v\u00e9ny web\u00e1ruh\u00e1z orsz\u00e1gos h\u00e1zhozsz\u00e1ll\u00edt\u00e1ssal!\",\"publisher\":{\"@id\":\"https:\\\/\\\/tajkertesz.com\\\/#organization\"},\"potentialAction\":[{\"@type\":\"SearchAction\",\"target\":{\"@type\":\"EntryPoint\",\"urlTemplate\":\"https:\\\/\\\/tajkertesz.com\\\/?s={search_term_string}\"},\"query-input\":{\"@type\":\"PropertyValueSpecification\",\"valueRequired\":true,\"valueName\":\"search_term_string\"}}],\"inLanguage\":\"en-US\"},{\"@type\":\"Organization\",\"@id\":\"https:\\\/\\\/tajkertesz.com\\\/#organization\",\"name\":\"T\u00e1j-Kert\u00e9sz 84 Kft.\",\"url\":\"https:\\\/\\\/tajkertesz.com\\\/\",\"logo\":{\"@type\":\"ImageObject\",\"inLanguage\":\"en-US\",\"@id\":\"https:\\\/\\\/tajkertesz.com\\\/#\\\/schema\\\/logo\\\/image\\\/\",\"url\":\"https:\\\/\\\/tajkertesz.com\\\/wp-content\\\/uploads\\\/2018\\\/02\\\/logo-2-e1518678052539.png\",\"contentUrl\":\"https:\\\/\\\/tajkertesz.com\\\/wp-content\\\/uploads\\\/2018\\\/02\\\/logo-2-e1518678052539.png\",\"width\":81,\"height\":140,\"caption\":\"T\u00e1j-Kert\u00e9sz 84 Kft.\"},\"image\":{\"@id\":\"https:\\\/\\\/tajkertesz.com\\\/#\\\/schema\\\/logo\\\/image\\\/\"},\"sameAs\":[\"https:\\\/\\\/www.facebook.com\\\/Tajkertesz\\\/\"]}]}<\/script>\n<!-- \/ Yoast SEO plugin. -->","yoast_head_json":{"title":"Petrezselyem Olm\u0171tzi - T\u00e1jkert\u00e9sz","description":"Petrezselyem Olm\u0171tzi vet\u0151mag 5g a \u00a0petrezselyem vet\u0151magja nagyon apr\u00f3, lass\u00fa \u00e9s vontatott a cs\u00edr\u00e1z\u00e1sa, mely 2-3 h\u00e9tig is eltarthat.","robots":{"index":"index","follow":"follow","max-snippet":"max-snippet:-1","max-image-preview":"max-image-preview:large","max-video-preview":"max-video-preview:-1"},"canonical":"https:\/\/tajkertesz.com\/en_US\/product\/petrezselyem-olmutzi\/","og_locale":"en_US","og_type":"article","og_title":"Petrezselyem Olm\u0171tzi - T\u00e1jkert\u00e9sz","og_description":"Petrezselyem Olm\u0171tzi vet\u0151mag 5g a \u00a0petrezselyem vet\u0151magja nagyon apr\u00f3, lass\u00fa \u00e9s vontatott a cs\u00edr\u00e1z\u00e1sa, mely 2-3 h\u00e9tig is eltarthat.","og_url":"https:\/\/tajkertesz.com\/en_US\/product\/petrezselyem-olmutzi\/","og_site_name":"T\u00e1jkert\u00e9sz","article_publisher":"https:\/\/www.facebook.com\/Tajkertesz\/","article_modified_time":"2026-02-18T15:20:36+00:00","og_image":[{"width":1154,"height":2560,"url":"https:\/\/tajkertesz.com\/wp-content\/uploads\/2023\/01\/20230112_124444-scaled.jpg","type":"image\/jpeg"}],"twitter_card":"summary_large_image","twitter_misc":{"Est. reading time":"2 minutes"},"schema":{"@context":"https:\/\/schema.org","@graph":[{"@type":"WebPage","@id":"https:\/\/tajkertesz.com\/termek\/petrezselyem-olmutzi\/","url":"https:\/\/tajkertesz.com\/termek\/petrezselyem-olmutzi\/","name":"Petrezselyem Olm\u0171tzi - T\u00e1jkert\u00e9sz","isPartOf":{"@id":"https:\/\/tajkertesz.com\/#website"},"primaryImageOfPage":{"@id":"https:\/\/tajkertesz.com\/termek\/petrezselyem-olmutzi\/#primaryimage"},"image":{"@id":"https:\/\/tajkertesz.com\/termek\/petrezselyem-olmutzi\/#primaryimage"},"thumbnailUrl":"https:\/\/tajkertesz.com\/wp-content\/uploads\/2023\/01\/20230112_124444-scaled.jpg","datePublished":"2023-01-12T14:12:07+00:00","dateModified":"2026-02-18T15:20:36+00:00","description":"Petrezselyem Olm\u0171tzi vet\u0151mag 5g a \u00a0petrezselyem vet\u0151magja nagyon apr\u00f3, lass\u00fa \u00e9s vontatott a cs\u00edr\u00e1z\u00e1sa, mely 2-3 h\u00e9tig is eltarthat.","breadcrumb":{"@id":"https:\/\/tajkertesz.com\/termek\/petrezselyem-olmutzi\/#breadcrumb"},"inLanguage":"en-US","potentialAction":[{"@type":"ReadAction","target":["https:\/\/tajkertesz.com\/termek\/petrezselyem-olmutzi\/"]}]},{"@type":"ImageObject","inLanguage":"en-US","@id":"https:\/\/tajkertesz.com\/termek\/petrezselyem-olmutzi\/#primaryimage","url":"https:\/\/tajkertesz.com\/wp-content\/uploads\/2023\/01\/20230112_124444-scaled.jpg","contentUrl":"https:\/\/tajkertesz.com\/wp-content\/uploads\/2023\/01\/20230112_124444-scaled.jpg","width":1154,"height":2560},{"@type":"BreadcrumbList","@id":"https:\/\/tajkertesz.com\/termek\/petrezselyem-olmutzi\/#breadcrumb","itemListElement":[{"@type":"ListItem","position":1,"name":"Home","item":"https:\/\/tajkertesz.com\/"},{"@type":"ListItem","position":2,"name":"Kezd\u0151lap","item":"https:\/\/tajkertesz.com\/"},{"@type":"ListItem","position":3,"name":"Petrezselyem Olm\u0171tzi"}]},{"@type":"WebSite","@id":"https:\/\/tajkertesz.com\/#website","url":"https:\/\/tajkertesz.com\/","name":"T\u00e1j-Kert\u00e9sz 84 Kft.","description":"Kert\u00e9szeti kis- \u00e9s nagykeresked\u00e9s, D\u00edszn\u00f6v\u00e9ny web\u00e1ruh\u00e1z orsz\u00e1gos h\u00e1zhozsz\u00e1ll\u00edt\u00e1ssal!","publisher":{"@id":"https:\/\/tajkertesz.com\/#organization"},"potentialAction":[{"@type":"SearchAction","target":{"@type":"EntryPoint","urlTemplate":"https:\/\/tajkertesz.com\/?s={search_term_string}"},"query-input":{"@type":"PropertyValueSpecification","valueRequired":true,"valueName":"search_term_string"}}],"inLanguage":"en-US"},{"@type":"Organization","@id":"https:\/\/tajkertesz.com\/#organization","name":"T\u00e1j-Kert\u00e9sz 84 Kft.","url":"https:\/\/tajkertesz.com\/","logo":{"@type":"ImageObject","inLanguage":"en-US","@id":"https:\/\/tajkertesz.com\/#\/schema\/logo\/image\/","url":"https:\/\/tajkertesz.com\/wp-content\/uploads\/2018\/02\/logo-2-e1518678052539.png","contentUrl":"https:\/\/tajkertesz.com\/wp-content\/uploads\/2018\/02\/logo-2-e1518678052539.png","width":81,"height":140,"caption":"T\u00e1j-Kert\u00e9sz 84 Kft."},"image":{"@id":"https:\/\/tajkertesz.com\/#\/schema\/logo\/image\/"},"sameAs":["https:\/\/www.facebook.com\/Tajkertesz\/"]}]}},"_links":{"self":[{"href":"https:\/\/tajkertesz.com\/en_US\/wp-json\/wp\/v2\/product\/14645","targetHints":{"allow":["GET"]}}],"collection":[{"href":"https:\/\/tajkertesz.com\/en_US\/wp-json\/wp\/v2\/product"}],"about":[{"href":"https:\/\/tajkertesz.com\/en_US\/wp-json\/wp\/v2\/types\/product"}],"wp:featuredmedia":[{"embeddable":true,"href":"https:\/\/tajkertesz.com\/en_US\/wp-json\/wp\/v2\/media\/14646"}],"wp:attachment":[{"href":"https:\/\/tajkertesz.com\/en_US\/wp-json\/wp\/v2\/media?parent=14645"}],"wp:term":[{"taxonomy":"product_brand","embeddable":true,"href":"https:\/\/tajkertesz.com\/en_US\/wp-json\/wp\/v2\/product_brand?post=14645"},{"taxonomy":"product_cat","embeddable":true,"href":"https:\/\/tajkertesz.com\/en_US\/wp-json\/wp\/v2\/product_cat?post=14645"},{"taxonomy":"product_tag","embeddable":true,"href":"https:\/\/tajkertesz.com\/en_US\/wp-json\/wp\/v2\/product_tag?post=14645"}],"curies":[{"name":"wp","href":"https:\/\/api.w.org\/{rel}","templated":true}]}}