{"id":14653,"date":"2023-01-12T14:47:18","date_gmt":"2023-01-12T14:47:18","guid":{"rendered":"https:\/\/tajkertesz.com\/?post_type=product&#038;p=14653"},"modified":"2026-02-18T15:17:51","modified_gmt":"2026-02-18T15:17:51","slug":"karalabe-csemege-kek","status":"publish","type":"product","link":"https:\/\/tajkertesz.com\/en_US\/product\/karalabe-csemege-kek\/","title":{"rendered":"Karal\u00e1b\u00e9 Csemege k\u00e9k vet\u0151mag 2g"},"content":{"rendered":"<h2>Karal\u00e1b\u00e9 Csemege k\u00e9k vet\u0151mag 2g<\/h2>\n<p>Karal\u00e1b\u00e9 Csemege k\u00e9k vet\u0151mag 2g\u00a0K\u00f6z\u00e9pk\u00e9s\u0151i fajta, ny\u00e1ri termeszt\u00e9sre, m\u00e1sodn\u00f6v\u00e9nynek aj\u00e1nlott. Friss fogyaszt\u00e1sra kit\u0171n\u0151. Gum\u00f3ja k\u00e9keslila sz\u00edn\u0171, enyh\u00e9n lap\u00edtott g\u00f6mb alak\u00fa, felreped\u00e9sre, f\u00e1sod\u00e1sra kev\u00e9sb\u00e9 hajlamos.<\/p>\n<table cellspacing=\"0\">\n<tbody>\n<tr>\n<td valign=\"top\">Karal\u00e1b\u00e9\u00a0(Brassica ol. gongyloides)<\/td>\n<\/tr>\n<tr>\n<td colspan=\"2\">\n<table class=\"csoportinfo\" cellspacing=\"0\">\n<tbody>\n<tr class=\"csoportinfofejlec\">\n<td class=\"csoportinfofejlec\" width=\"15%\">magsz\u00e1m\/gramm<\/td>\n<td class=\"csoportinfofejlec\" width=\"19%\">vet\u0151magig\u00e9ny g\/10nm<\/td>\n<td class=\"csoportinfofejlec\" width=\"19%\">vet\u00e9sid\u0151 szabadf\u00f6ldi termeszt\u00e9shez<\/td>\n<td class=\"csoportinfofejlec\" width=\"15%\">vet\u00e9sm\u00e9lys\u00e9g cm<\/td>\n<td class=\"csoportinfofejlec\" width=\"17%\">sor- \u00e9s t\u0151t\u00e1vols\u00e1g cm<\/td>\n<td class=\"csoportinfofejlec\" width=\"15%\">cs\u00edr\u00e1z\u00e1si nap<br \/>\n12-20C fokon<\/td>\n<\/tr>\n<tr class=\"csoportinfotorzs\">\n<td class=\"csoportinfotorzs\">300<\/td>\n<td class=\"csoportinfotorzs\">3-5<\/td>\n<td class=\"csoportinfotorzs\">III-IV. h\u00f3nap<\/td>\n<td class=\"csoportinfotorzs\">1-2<\/td>\n<td class=\"csoportinfotorzs\">30-25<\/td>\n<td class=\"csoportinfotorzs\">7-10 nap<\/td>\n<\/tr>\n<\/tbody>\n<\/table>\n<\/td>\n<\/tr>\n<\/tbody>\n<\/table>\n<p>A karal\u00e1b\u00e9 f\u00e9nyig\u00e9nyes z\u00f6lds\u00e9g, \u00e1rny\u00e9kos helyen nem \u00e9rdemes k\u00eds\u00e9rletezni a termeszt\u00e9s\u00e9vel, mivel f\u00e9nyhi\u00e1nyos helyen felnyurgul \u00e9s gum\u00f3ja sem fejl\u0151dik ki megfelel\u0151en.<\/p>\n<p>A h\u0151m\u00e9rs\u00e9kletre kiss\u00e9 \u00e9rz\u00e9keny, t\u00fal magas h\u0151m\u00e9rs\u00e9klet mellett els\u0151sorban lombja fejl\u0151dik, m\u00edg alacsony, fagypont k\u00f6zeli h\u0151m\u00e9rs\u00e9klet hat\u00e1s\u00e1ra k\u00e9s\u0151bb felmagzik, \u00e9s nem fejl\u0151dik ki gum\u00f3ja.<\/p>\n<p>Karal\u00e1b\u00e9t termeszthet\u00fcnk magr\u00f3l nevelt pal\u00e1nt\u00e1val, valamint v\u00e1s\u00e1rolhatunk is pal\u00e1nt\u00e1kat, csak eg\u00e9szs\u00e9ges, er\u0151teljes, s\u00f6t\u00e9tz\u00f6ld level\u0171, z\u00f6m\u00f6k pal\u00e1nt\u00e1kat v\u00e1s\u00e1roljunk meg \u00e9s \u00fcltess\u00fcnk el.<\/p>\n<p>Ak\u00e1r saj\u00e1t nevel\u00e9s\u0171, ak\u00e1r v\u00e1s\u00e1rolt pal\u00e1nt\u00e1t \u00fcltet\u00fcnk, fontos a ki\u00fcltetett pal\u00e1nt\u00e1k rendszeres \u00f6nt\u00f6z\u00e9se \u00e9s kap\u00e1l\u00e1sa, valamint \u00e9rdemes \u0151ket 1-2 alkalommal fejtr\u00e1gy\u00e1zni m\u0171tr\u00e1gy\u00e1val vagy lombtr\u00e1gy\u00e1val.<\/p>\n<p>A karal\u00e1b\u00e9 gum\u00f3ja egy id\u0151 ut\u00e1n elf\u00e1sodik, ez\u00e9rt \u00e9rdemes szakaszosan pal\u00e1nt\u00e1zni, egyszerre ne \u00fcltess\u00fcnk sok pal\u00e1nt\u00e1t. A korai fajt\u00e1kat, akkor \u00e9rdemes szedni, ha a gum\u00f3 el\u00e9ri a 6-8 cm \u00e1tm\u00e9r\u0151t, a k\u00e9s\u0151i fajt\u00e1k 8-12 cm \u00e1tm\u00e9r\u0151j\u0171 m\u00e9retn\u00e9l a leg\u00edzletesebbek.<\/p>\n<p>Friss fogyaszt\u00e1sra vagy t\u00e1rol\u00e1sra nagyon egyszer\u0171en betakar\u00edthat\u00f3, el\u00e9g csak kih\u00fazni a n\u00f6v\u00e9nyt a f\u00f6ldb\u0151l, majd pedig let\u00f6rni a leveleit \u00e9s lev\u00e1gni a gy\u00f6ker\u00e9t.<\/p>\n<p>F\u00f3lia alatta hajtat\u00e1sra febru\u00e1r k\u00f6zep\u00e9n vethetj\u00fck, a pal\u00e1nt\u00e1k kb. 1 h\u00f3nap m\u00falva \u00e9rik el az a fejletts\u00e9gi \u00e1llapotot, hogy f\u0171tetlen f\u00f3lias\u00e1torba \u00fcltethetj\u00fck \u0151ket. A 30 x 15 cm t\u00e1vols\u00e1gra \u00fcltetett pal\u00e1nt\u00e1k akkor fejl\u0151dnek a legszebben, ha nappal 8-12, \u00e9jjel 4-8 fokos a h\u0151m\u00e9rs\u00e9klet.<\/p>\n<p><strong>K\u00e9szlet\u00fcnk napi szinten v\u00e1ltozik, ez\u00e9rt k\u00e9rj\u00fck, \u00e9rdekl\u0151dj\u00f6n szem\u00e9lyesen, telefonon vagy email-en.<br \/>\nA v\u00e1ltoztat\u00e1s jog\u00e1t fenntartjuk!\u00a0<\/strong><\/p>\n<p><a href=\"https:\/\/tajkertesz.com\/\">https:\/\/tajkertesz.com\/<\/a><\/p>\n<p><a href=\"https:\/\/www.facebook.com\/tajkertesz\/\">https:\/\/www.facebook.com\/tajkertesz\/<\/a><\/p>\n<p>Kisz\u00e1ll\u00edt\u00e1s: 200cm-ig \u00a0\u00e9s 40 kg-ig a sz\u00e1ll\u00edt\u00e1s fut\u00e1rszolg\u00e1lattal \u00a0t\u00f6rt\u00e9nik!<\/p>\n<p>Szem\u00e9lyes \u00e1tv\u00e9tel nyitvatart\u00e1si id\u0151ben a 17. ker\u00fclet Bakancsos utca 7. sz\u00e1m alatti Kert\u00e9szeti \u00e1rud\u00e1ban<\/p>","protected":false},"excerpt":{"rendered":"<div>CSEMEGE K\u00c9K<\/div>\n<div><b>Friss fogyaszt\u00e1sra!<\/b><br \/>\nK\u00f6z\u00e9pk\u00e9s\u0151i fajta ny\u00e1ri termeszt\u00e9sre \u00e9s \u0151szi \u00e9rt\u00e9kes\u00edt\u00e9sre de m\u00e1sodn\u00f6v\u00e9nynek is aj\u00e1nlhat\u00f3. Gum\u00f3ja k\u00e9keslila sz\u00edn\u0171, enyh\u00e9n lap\u00edtott g\u00f6mb alak\u00fa amely f\u00e1sod\u00e1sra-, felreped\u00e9sre kev\u00e9sb\u00e9 hajlamos. Friss fogyaszt\u00e1sra kiv\u00e1l\u00f3.<\/div>","protected":false},"featured_media":14654,"template":"","meta":{"_et_pb_use_builder":"","_et_pb_old_content":"","_et_gb_content_width":""},"product_brand":[],"product_cat":[2881],"product_tag":[4115],"class_list":{"0":"post-14653","1":"product","2":"type-product","3":"status-publish","4":"has-post-thumbnail","6":"product_cat-zoldsegnoveny-vetomagok","7":"product_tag-vetomag","9":"first","10":"instock","11":"shipping-taxable","12":"purchasable","13":"product-type-simple"},"yoast_head":"<!-- This site is optimized with the Yoast SEO plugin v27.4 - https:\/\/yoast.com\/product\/yoast-seo-wordpress\/ -->\n<title>Karal\u00e1b\u00e9 Csemege k\u00e9k vet\u0151mag 2g - T\u00e1jkert\u00e9sz<\/title>\n<meta name=\"description\" content=\"Csemege k\u00e9k. V\u00e1logasson aktu\u00e1lis vet\u0151mag term\u00e9kk\u00edn\u00e1latunkb\u00f3l web\u00e1ruh\u00e1zunkban, vagy v\u00e1s\u00e1roljon kert\u00e9szeti term\u00e9keket szem\u00e9lyesen kert\u00e9szeti \u00e1ruh\u00e1zunkb\u00f3l.\" \/>\n<meta name=\"robots\" content=\"index, follow, max-snippet:-1, max-image-preview:large, max-video-preview:-1\" \/>\n<link rel=\"canonical\" href=\"https:\/\/tajkertesz.com\/en_US\/product\/karalabe-csemege-kek\/\" \/>\n<meta property=\"og:locale\" content=\"en_US\" \/>\n<meta property=\"og:type\" content=\"article\" \/>\n<meta property=\"og:title\" content=\"Karal\u00e1b\u00e9 Csemege k\u00e9k vet\u0151mag 2g - T\u00e1jkert\u00e9sz\" \/>\n<meta property=\"og:description\" content=\"Csemege k\u00e9k. V\u00e1logasson aktu\u00e1lis vet\u0151mag term\u00e9kk\u00edn\u00e1latunkb\u00f3l web\u00e1ruh\u00e1zunkban, vagy v\u00e1s\u00e1roljon kert\u00e9szeti term\u00e9keket szem\u00e9lyesen kert\u00e9szeti \u00e1ruh\u00e1zunkb\u00f3l.\" \/>\n<meta property=\"og:url\" content=\"https:\/\/tajkertesz.com\/en_US\/product\/karalabe-csemege-kek\/\" \/>\n<meta property=\"og:site_name\" content=\"T\u00e1jkert\u00e9sz\" \/>\n<meta property=\"article:publisher\" content=\"https:\/\/www.facebook.com\/Tajkertesz\/\" \/>\n<meta property=\"article:modified_time\" content=\"2026-02-18T15:17:51+00:00\" \/>\n<meta property=\"og:image\" content=\"https:\/\/tajkertesz.com\/wp-content\/uploads\/2023\/01\/20230112_153917-scaled.jpg\" \/>\n\t<meta property=\"og:image:width\" content=\"1154\" \/>\n\t<meta property=\"og:image:height\" content=\"2560\" \/>\n\t<meta property=\"og:image:type\" content=\"image\/jpeg\" \/>\n<meta name=\"twitter:card\" content=\"summary_large_image\" \/>\n<meta name=\"twitter:label1\" content=\"Est. reading time\" \/>\n\t<meta name=\"twitter:data1\" content=\"2 minutes\" \/>\n<script type=\"application\/ld+json\" class=\"yoast-schema-graph\">{\"@context\":\"https:\\\/\\\/schema.org\",\"@graph\":[{\"@type\":\"WebPage\",\"@id\":\"https:\\\/\\\/tajkertesz.com\\\/termek\\\/karalabe-csemege-kek\\\/\",\"url\":\"https:\\\/\\\/tajkertesz.com\\\/termek\\\/karalabe-csemege-kek\\\/\",\"name\":\"Karal\u00e1b\u00e9 Csemege k\u00e9k vet\u0151mag 2g - T\u00e1jkert\u00e9sz\",\"isPartOf\":{\"@id\":\"https:\\\/\\\/tajkertesz.com\\\/#website\"},\"primaryImageOfPage\":{\"@id\":\"https:\\\/\\\/tajkertesz.com\\\/termek\\\/karalabe-csemege-kek\\\/#primaryimage\"},\"image\":{\"@id\":\"https:\\\/\\\/tajkertesz.com\\\/termek\\\/karalabe-csemege-kek\\\/#primaryimage\"},\"thumbnailUrl\":\"https:\\\/\\\/tajkertesz.com\\\/wp-content\\\/uploads\\\/2023\\\/01\\\/20230112_153917-scaled.jpg\",\"datePublished\":\"2023-01-12T14:47:18+00:00\",\"dateModified\":\"2026-02-18T15:17:51+00:00\",\"description\":\"Csemege k\u00e9k. V\u00e1logasson aktu\u00e1lis vet\u0151mag term\u00e9kk\u00edn\u00e1latunkb\u00f3l web\u00e1ruh\u00e1zunkban, vagy v\u00e1s\u00e1roljon kert\u00e9szeti term\u00e9keket szem\u00e9lyesen kert\u00e9szeti \u00e1ruh\u00e1zunkb\u00f3l.\",\"breadcrumb\":{\"@id\":\"https:\\\/\\\/tajkertesz.com\\\/termek\\\/karalabe-csemege-kek\\\/#breadcrumb\"},\"inLanguage\":\"en-US\",\"potentialAction\":[{\"@type\":\"ReadAction\",\"target\":[\"https:\\\/\\\/tajkertesz.com\\\/termek\\\/karalabe-csemege-kek\\\/\"]}]},{\"@type\":\"ImageObject\",\"inLanguage\":\"en-US\",\"@id\":\"https:\\\/\\\/tajkertesz.com\\\/termek\\\/karalabe-csemege-kek\\\/#primaryimage\",\"url\":\"https:\\\/\\\/tajkertesz.com\\\/wp-content\\\/uploads\\\/2023\\\/01\\\/20230112_153917-scaled.jpg\",\"contentUrl\":\"https:\\\/\\\/tajkertesz.com\\\/wp-content\\\/uploads\\\/2023\\\/01\\\/20230112_153917-scaled.jpg\",\"width\":1154,\"height\":2560},{\"@type\":\"BreadcrumbList\",\"@id\":\"https:\\\/\\\/tajkertesz.com\\\/termek\\\/karalabe-csemege-kek\\\/#breadcrumb\",\"itemListElement\":[{\"@type\":\"ListItem\",\"position\":1,\"name\":\"Home\",\"item\":\"https:\\\/\\\/tajkertesz.com\\\/\"},{\"@type\":\"ListItem\",\"position\":2,\"name\":\"Kezd\u0151lap\",\"item\":\"https:\\\/\\\/tajkertesz.com\\\/\"},{\"@type\":\"ListItem\",\"position\":3,\"name\":\"Karal\u00e1b\u00e9 Csemege k\u00e9k vet\u0151mag 2g\"}]},{\"@type\":\"WebSite\",\"@id\":\"https:\\\/\\\/tajkertesz.com\\\/#website\",\"url\":\"https:\\\/\\\/tajkertesz.com\\\/\",\"name\":\"T\u00e1j-Kert\u00e9sz 84 Kft.\",\"description\":\"Kert\u00e9szeti kis- \u00e9s nagykeresked\u00e9s, D\u00edszn\u00f6v\u00e9ny web\u00e1ruh\u00e1z orsz\u00e1gos h\u00e1zhozsz\u00e1ll\u00edt\u00e1ssal!\",\"publisher\":{\"@id\":\"https:\\\/\\\/tajkertesz.com\\\/#organization\"},\"potentialAction\":[{\"@type\":\"SearchAction\",\"target\":{\"@type\":\"EntryPoint\",\"urlTemplate\":\"https:\\\/\\\/tajkertesz.com\\\/?s={search_term_string}\"},\"query-input\":{\"@type\":\"PropertyValueSpecification\",\"valueRequired\":true,\"valueName\":\"search_term_string\"}}],\"inLanguage\":\"en-US\"},{\"@type\":\"Organization\",\"@id\":\"https:\\\/\\\/tajkertesz.com\\\/#organization\",\"name\":\"T\u00e1j-Kert\u00e9sz 84 Kft.\",\"url\":\"https:\\\/\\\/tajkertesz.com\\\/\",\"logo\":{\"@type\":\"ImageObject\",\"inLanguage\":\"en-US\",\"@id\":\"https:\\\/\\\/tajkertesz.com\\\/#\\\/schema\\\/logo\\\/image\\\/\",\"url\":\"https:\\\/\\\/tajkertesz.com\\\/wp-content\\\/uploads\\\/2018\\\/02\\\/logo-2-e1518678052539.png\",\"contentUrl\":\"https:\\\/\\\/tajkertesz.com\\\/wp-content\\\/uploads\\\/2018\\\/02\\\/logo-2-e1518678052539.png\",\"width\":81,\"height\":140,\"caption\":\"T\u00e1j-Kert\u00e9sz 84 Kft.\"},\"image\":{\"@id\":\"https:\\\/\\\/tajkertesz.com\\\/#\\\/schema\\\/logo\\\/image\\\/\"},\"sameAs\":[\"https:\\\/\\\/www.facebook.com\\\/Tajkertesz\\\/\"]}]}<\/script>\n<!-- \/ Yoast SEO plugin. -->","yoast_head_json":{"title":"Karal\u00e1b\u00e9 Csemege k\u00e9k vet\u0151mag 2g - T\u00e1jkert\u00e9sz","description":"Csemege k\u00e9k. V\u00e1logasson aktu\u00e1lis vet\u0151mag term\u00e9kk\u00edn\u00e1latunkb\u00f3l web\u00e1ruh\u00e1zunkban, vagy v\u00e1s\u00e1roljon kert\u00e9szeti term\u00e9keket szem\u00e9lyesen kert\u00e9szeti \u00e1ruh\u00e1zunkb\u00f3l.","robots":{"index":"index","follow":"follow","max-snippet":"max-snippet:-1","max-image-preview":"max-image-preview:large","max-video-preview":"max-video-preview:-1"},"canonical":"https:\/\/tajkertesz.com\/en_US\/product\/karalabe-csemege-kek\/","og_locale":"en_US","og_type":"article","og_title":"Karal\u00e1b\u00e9 Csemege k\u00e9k vet\u0151mag 2g - T\u00e1jkert\u00e9sz","og_description":"Csemege k\u00e9k. V\u00e1logasson aktu\u00e1lis vet\u0151mag term\u00e9kk\u00edn\u00e1latunkb\u00f3l web\u00e1ruh\u00e1zunkban, vagy v\u00e1s\u00e1roljon kert\u00e9szeti term\u00e9keket szem\u00e9lyesen kert\u00e9szeti \u00e1ruh\u00e1zunkb\u00f3l.","og_url":"https:\/\/tajkertesz.com\/en_US\/product\/karalabe-csemege-kek\/","og_site_name":"T\u00e1jkert\u00e9sz","article_publisher":"https:\/\/www.facebook.com\/Tajkertesz\/","article_modified_time":"2026-02-18T15:17:51+00:00","og_image":[{"width":1154,"height":2560,"url":"https:\/\/tajkertesz.com\/wp-content\/uploads\/2023\/01\/20230112_153917-scaled.jpg","type":"image\/jpeg"}],"twitter_card":"summary_large_image","twitter_misc":{"Est. reading time":"2 minutes"},"schema":{"@context":"https:\/\/schema.org","@graph":[{"@type":"WebPage","@id":"https:\/\/tajkertesz.com\/termek\/karalabe-csemege-kek\/","url":"https:\/\/tajkertesz.com\/termek\/karalabe-csemege-kek\/","name":"Karal\u00e1b\u00e9 Csemege k\u00e9k vet\u0151mag 2g - T\u00e1jkert\u00e9sz","isPartOf":{"@id":"https:\/\/tajkertesz.com\/#website"},"primaryImageOfPage":{"@id":"https:\/\/tajkertesz.com\/termek\/karalabe-csemege-kek\/#primaryimage"},"image":{"@id":"https:\/\/tajkertesz.com\/termek\/karalabe-csemege-kek\/#primaryimage"},"thumbnailUrl":"https:\/\/tajkertesz.com\/wp-content\/uploads\/2023\/01\/20230112_153917-scaled.jpg","datePublished":"2023-01-12T14:47:18+00:00","dateModified":"2026-02-18T15:17:51+00:00","description":"Csemege k\u00e9k. V\u00e1logasson aktu\u00e1lis vet\u0151mag term\u00e9kk\u00edn\u00e1latunkb\u00f3l web\u00e1ruh\u00e1zunkban, vagy v\u00e1s\u00e1roljon kert\u00e9szeti term\u00e9keket szem\u00e9lyesen kert\u00e9szeti \u00e1ruh\u00e1zunkb\u00f3l.","breadcrumb":{"@id":"https:\/\/tajkertesz.com\/termek\/karalabe-csemege-kek\/#breadcrumb"},"inLanguage":"en-US","potentialAction":[{"@type":"ReadAction","target":["https:\/\/tajkertesz.com\/termek\/karalabe-csemege-kek\/"]}]},{"@type":"ImageObject","inLanguage":"en-US","@id":"https:\/\/tajkertesz.com\/termek\/karalabe-csemege-kek\/#primaryimage","url":"https:\/\/tajkertesz.com\/wp-content\/uploads\/2023\/01\/20230112_153917-scaled.jpg","contentUrl":"https:\/\/tajkertesz.com\/wp-content\/uploads\/2023\/01\/20230112_153917-scaled.jpg","width":1154,"height":2560},{"@type":"BreadcrumbList","@id":"https:\/\/tajkertesz.com\/termek\/karalabe-csemege-kek\/#breadcrumb","itemListElement":[{"@type":"ListItem","position":1,"name":"Home","item":"https:\/\/tajkertesz.com\/"},{"@type":"ListItem","position":2,"name":"Kezd\u0151lap","item":"https:\/\/tajkertesz.com\/"},{"@type":"ListItem","position":3,"name":"Karal\u00e1b\u00e9 Csemege k\u00e9k vet\u0151mag 2g"}]},{"@type":"WebSite","@id":"https:\/\/tajkertesz.com\/#website","url":"https:\/\/tajkertesz.com\/","name":"T\u00e1j-Kert\u00e9sz 84 Kft.","description":"Kert\u00e9szeti kis- \u00e9s nagykeresked\u00e9s, D\u00edszn\u00f6v\u00e9ny web\u00e1ruh\u00e1z orsz\u00e1gos h\u00e1zhozsz\u00e1ll\u00edt\u00e1ssal!","publisher":{"@id":"https:\/\/tajkertesz.com\/#organization"},"potentialAction":[{"@type":"SearchAction","target":{"@type":"EntryPoint","urlTemplate":"https:\/\/tajkertesz.com\/?s={search_term_string}"},"query-input":{"@type":"PropertyValueSpecification","valueRequired":true,"valueName":"search_term_string"}}],"inLanguage":"en-US"},{"@type":"Organization","@id":"https:\/\/tajkertesz.com\/#organization","name":"T\u00e1j-Kert\u00e9sz 84 Kft.","url":"https:\/\/tajkertesz.com\/","logo":{"@type":"ImageObject","inLanguage":"en-US","@id":"https:\/\/tajkertesz.com\/#\/schema\/logo\/image\/","url":"https:\/\/tajkertesz.com\/wp-content\/uploads\/2018\/02\/logo-2-e1518678052539.png","contentUrl":"https:\/\/tajkertesz.com\/wp-content\/uploads\/2018\/02\/logo-2-e1518678052539.png","width":81,"height":140,"caption":"T\u00e1j-Kert\u00e9sz 84 Kft."},"image":{"@id":"https:\/\/tajkertesz.com\/#\/schema\/logo\/image\/"},"sameAs":["https:\/\/www.facebook.com\/Tajkertesz\/"]}]}},"_links":{"self":[{"href":"https:\/\/tajkertesz.com\/en_US\/wp-json\/wp\/v2\/product\/14653","targetHints":{"allow":["GET"]}}],"collection":[{"href":"https:\/\/tajkertesz.com\/en_US\/wp-json\/wp\/v2\/product"}],"about":[{"href":"https:\/\/tajkertesz.com\/en_US\/wp-json\/wp\/v2\/types\/product"}],"wp:featuredmedia":[{"embeddable":true,"href":"https:\/\/tajkertesz.com\/en_US\/wp-json\/wp\/v2\/media\/14654"}],"wp:attachment":[{"href":"https:\/\/tajkertesz.com\/en_US\/wp-json\/wp\/v2\/media?parent=14653"}],"wp:term":[{"taxonomy":"product_brand","embeddable":true,"href":"https:\/\/tajkertesz.com\/en_US\/wp-json\/wp\/v2\/product_brand?post=14653"},{"taxonomy":"product_cat","embeddable":true,"href":"https:\/\/tajkertesz.com\/en_US\/wp-json\/wp\/v2\/product_cat?post=14653"},{"taxonomy":"product_tag","embeddable":true,"href":"https:\/\/tajkertesz.com\/en_US\/wp-json\/wp\/v2\/product_tag?post=14653"}],"curies":[{"name":"wp","href":"https:\/\/api.w.org\/{rel}","templated":true}]}}