{"id":14663,"date":"2023-01-13T15:19:38","date_gmt":"2023-01-13T15:19:38","guid":{"rendered":"https:\/\/tajkertesz.com\/?post_type=product&#038;p=14663"},"modified":"2026-02-18T15:17:42","modified_gmt":"2026-02-18T15:17:42","slug":"bimboskel-rosella-redei-kertimag-2g","status":"publish","type":"product","link":"https:\/\/tajkertesz.com\/en_US\/product\/bimboskel-rosella-redei-kertimag-2g\/","title":{"rendered":"Bimb\u00f3skel Rosella R\u00e9dei Kertimag 2g."},"content":{"rendered":"<h2>Bimb\u00f3skel Rosella R\u00e9dei Kertimag 2g.<\/h2>\n<p>Bimb\u00f3skel Rosella R\u00e9dei Kertimag 2g \u0151szi termeszt\u00e9sre alkalmas, r\u00f6vid teny\u00e9szidej\u0171, fagy\u00e9rz\u00e9keny fajta. A k\u00f6zepes magass\u00e1g\u00fa, sz\u00e1ron k\u00e9pz\u0151d\u0151 k\u00f6z\u00e9pz\u00f6ld bimb\u00f3k novemberig szedhet\u0151k. Friss fogyaszt\u00e1sra alkalmas.<\/p>\n<table style=\"height: 26px;\" width=\"417\" cellspacing=\"0\">\n<tbody>\n<tr>\n<td valign=\"top\">Egy\u00e9b kelf\u00e9l\u00e9k\u00a0(Brassica oleracea gemmifera)<\/td>\n<\/tr>\n<tr>\n<td colspan=\"2\"><\/td>\n<\/tr>\n<\/tbody>\n<\/table>\n<p>A\u00a0<b>bimb\u00f3skel<\/b>\u00a0hossz\u00fa sz\u00e1r\u00e1n a lev\u00e9lh\u00f3naljakban fejl\u0151d\u0151 r\u00fcgyekb\u0151l, kis, z\u00e1rt level\u0171, t\u00f6m\u00f6tt, kerek form\u00e1j\u00fa fejeket k\u00e9pez, melyet kelbimb\u00f3nak nevez\u00fcnk.<br \/>\n<b>Tipp:<\/b>\u00a0hideg hat\u00e1s\u00e1ra a bimb\u00f3skel \u00edze \u00e9desebb lesz \u00e9s cs\u00f6kken az er\u0151s k\u00e1poszta \u00edz. A szed\u00e9s egy\u00e9bk\u00e9nt akkor kezdhet\u0151, amikor a kell\u0151 nagys\u00e1got a r\u00f3zs\u00e1k vagy bimb\u00f3k m\u00e1r el\u00e9rt\u00e9k. Lehet t\u00f6vest\u0151l felszedni a bimb\u00f3skelt, majd azt v\u00e9dettebb, melegebb helyis\u00e9gbe sz\u00e1ll\u00edtani, \u00e9s ott szedni le a bimb\u00f3kat. A bimb\u00f3k alulr\u00f3l felfel\u00e9 k\u00e9pz\u0151dnek, \u00e9s \u00edgy fejletts\u00e9gben is elt\u00e9rnek egym\u00e1st\u00f3l.<\/p>\n<div class=\"lead\">A bimb\u00f3skel ugyan hossz\u00fa ideig n\u00f6vekszik, de gazdag term\u00e9shozammal h\u00e1l\u00e1lja meg a gondoskod\u00e1st. A bimb\u00f3skel vitaminokat \u00e9s \u00e1sv\u00e1nyi anyagokat tartalmaz\u00f3 z\u00f6lds\u00e9g. Eredetileg k\u00e9tny\u00e1ri, de z\u00f6lds\u00e9gk\u00e9nt csak egyny\u00e1rinak termesztj\u00fck. A bimb\u00f3skel -12 C-ig fagyt\u0171r\u0151. A hideg hat\u00e1s\u00e1ra n\u0151 a bimb\u00f3k cukortartalma, \u00e9s ez jav\u00edtja az \u00edz\u00fcket.<\/div>\n<div class=\"col-lg-12 text-center banner-container\">\n<div id=\"bmone2n-26607.3.2.2\"><\/div>\n<\/div>\n<div class=\"body\">\n<h3>A bimb\u00f3skel a k\u00f6z\u00e9pk\u00f6t\u00f6tt, j\u00f3 \u00e1sv\u00e1nyianyag tartalm\u00fa talajt kedveli.<\/h3>\n<p>Ez\u00e9rt keverj\u00fck \u00f6ssze a f\u00f6ldet algam\u00e9sszel, hogy elej\u00e9t vegy\u00fck a k\u00e1poszta-gy\u00f6k\u00e9rgolyv\u00e1nak. Ker\u00fclj\u00fck a nitrog\u00e9nnel val\u00f3 t\u00faltr\u00e1gy\u00e1z\u00e1st, mert ennek hat\u00e1s\u00e1ra laza bimb\u00f3k fejl\u0151dnek.<\/p>\n<p>A bimb\u00f3skel termeszt\u00e9shez v\u00e1s\u00e1roljunk t\u00f6m\u00f6tt, eg\u00e9szs\u00e9ges, s\u00f6t\u00e9tz\u00f6ld level\u0171\u00a0<a href=\"http:\/\/www.edenkert.hu\/diszkert\/viragagyasok\/idealis-foldkeverek-palantak-nevelesehez\/2698\/\">pal\u00e1nt\u00e1kat<\/a>, vagy olyan fajt\u00e1j\u00fa vet\u0151magot, amely megfelel az adott vid\u00e9k viszonyainak. \u00dcgyelj\u00fcnk arra is, hogy a pal\u00e1nt\u00e1nkon ne legyenek k\u00e1rtev\u0151k.<\/p>\n<p>A bimb\u00f3skelt fajt\u00e1t\u00f3l f\u00fcgg\u0151en \u00e1prilis k\u00f6zep\u00e9n, \u00e9s m\u00e1jus elej\u00e9n \u00e9rdemes elvetni finoman sz\u00f3rva a meleg\u00e1gyba, vagy f\u00f3liaalag\u00fat al\u00e1. Ha a magoncok t\u00fal s\u0171r\u0171n \u00e1llnak, egyelj\u00fck ki \u0151ket 10 cm-re.<\/p>\n<\/div>\n<p><strong>K\u00e9szlet\u00fcnk napi szinten v\u00e1ltozik, ez\u00e9rt k\u00e9rj\u00fck, \u00e9rdekl\u0151dj\u00f6n szem\u00e9lyesen, telefonon vagy email-en.<br \/>\nA v\u00e1ltoztat\u00e1s jog\u00e1t fenntartjuk!\u00a0<\/strong><\/p>\n<p><a href=\"https:\/\/tajkertesz.com\/\">https:\/\/tajkertesz.com\/<\/a><\/p>\n<p><a href=\"https:\/\/www.facebook.com\/tajkertesz\/\">https:\/\/www.facebook.com\/tajkertesz\/<\/a><\/p>\n<p>Kisz\u00e1ll\u00edt\u00e1s: 200cm-ig \u00a0\u00e9s 40 kg-ig a sz\u00e1ll\u00edt\u00e1s fut\u00e1rszolg\u00e1lattal \u00a0t\u00f6rt\u00e9nik!<\/p>\n<p>Szem\u00e9lyes \u00e1tv\u00e9tel nyitvatart\u00e1si id\u0151ben a 17. ker\u00fclet Bakancsos utca 7. sz\u00e1m alatti Kert\u00e9szeti \u00e1rud\u00e1ban<\/p>","protected":false},"excerpt":{"rendered":"<div>ROSELLA BIMB\u00d3SKEL<\/div>\n<div><b>K\u00e9s\u0151 \u0151szig szedhet\u0151!<\/b><br \/>\n\u0150szi termeszt\u00e9sre alkalmas, r\u00f6vid teny\u00e9szidej\u0171, fagy\u00e9rz\u00e9keny fajta. A k\u00f6zepes magass\u00e1g\u00fa sz\u00e1ron k\u00e9pz\u0151d\u0151 k\u00f6z\u00e9pz\u00f6ld bimb\u00f3k novemberig szedhet\u0151k. Friss fogyaszt\u00e1sra alkalmas.<\/div>","protected":false},"featured_media":14664,"template":"","meta":{"_et_pb_use_builder":"","_et_pb_old_content":"","_et_gb_content_width":""},"product_brand":[],"product_cat":[2881],"product_tag":[4115],"class_list":{"0":"post-14663","1":"product","2":"type-product","3":"status-publish","4":"has-post-thumbnail","6":"product_cat-zoldsegnoveny-vetomagok","7":"product_tag-vetomag","9":"first","10":"instock","11":"shipping-taxable","12":"purchasable","13":"product-type-simple"},"yoast_head":"<!-- This site is optimized with the Yoast SEO plugin v27.4 - https:\/\/yoast.com\/product\/yoast-seo-wordpress\/ -->\n<title>Bimb\u00f3skel Rosella R\u00e9dei Kertimag 2g. - T\u00e1jkert\u00e9sz<\/title>\n<meta name=\"description\" content=\"Bimb\u00f3ske Rosella R\u00e9dei Kertimag 2g. Hideg hat\u00e1s\u00e1ra a bimb\u00f3skel \u00edze \u00e9desebb lesz \u00e9s cs\u00f6kken az er\u0151s k\u00e1poszta \u00edz. Vet\u0151magok sz\u00e9les k\u00edn\u00e1lat\u00e1val v\u00e1rjuk!\" \/>\n<meta name=\"robots\" content=\"index, follow, max-snippet:-1, max-image-preview:large, max-video-preview:-1\" \/>\n<link rel=\"canonical\" href=\"https:\/\/tajkertesz.com\/en_US\/product\/bimboskel-rosella-redei-kertimag-2g\/\" \/>\n<meta property=\"og:locale\" content=\"en_US\" \/>\n<meta property=\"og:type\" content=\"article\" \/>\n<meta property=\"og:title\" content=\"Bimb\u00f3skel Rosella R\u00e9dei Kertimag 2g. - T\u00e1jkert\u00e9sz\" \/>\n<meta property=\"og:description\" content=\"Bimb\u00f3ske Rosella R\u00e9dei Kertimag 2g. Hideg hat\u00e1s\u00e1ra a bimb\u00f3skel \u00edze \u00e9desebb lesz \u00e9s cs\u00f6kken az er\u0151s k\u00e1poszta \u00edz. Vet\u0151magok sz\u00e9les k\u00edn\u00e1lat\u00e1val v\u00e1rjuk!\" \/>\n<meta property=\"og:url\" content=\"https:\/\/tajkertesz.com\/en_US\/product\/bimboskel-rosella-redei-kertimag-2g\/\" \/>\n<meta property=\"og:site_name\" content=\"T\u00e1jkert\u00e9sz\" \/>\n<meta property=\"article:publisher\" content=\"https:\/\/www.facebook.com\/Tajkertesz\/\" \/>\n<meta property=\"article:modified_time\" content=\"2026-02-18T15:17:42+00:00\" \/>\n<meta property=\"og:image\" content=\"https:\/\/tajkertesz.com\/wp-content\/uploads\/2023\/01\/20230112_154005-scaled.jpg\" \/>\n\t<meta property=\"og:image:width\" content=\"1154\" \/>\n\t<meta property=\"og:image:height\" content=\"2560\" \/>\n\t<meta property=\"og:image:type\" content=\"image\/jpeg\" \/>\n<meta name=\"twitter:card\" content=\"summary_large_image\" \/>\n<meta name=\"twitter:label1\" content=\"Est. reading time\" \/>\n\t<meta name=\"twitter:data1\" content=\"2 minutes\" \/>\n<script type=\"application\/ld+json\" class=\"yoast-schema-graph\">{\"@context\":\"https:\\\/\\\/schema.org\",\"@graph\":[{\"@type\":\"WebPage\",\"@id\":\"https:\\\/\\\/tajkertesz.com\\\/termek\\\/bimboskel-rosella-redei-kertimag-2g\\\/\",\"url\":\"https:\\\/\\\/tajkertesz.com\\\/termek\\\/bimboskel-rosella-redei-kertimag-2g\\\/\",\"name\":\"Bimb\u00f3skel Rosella R\u00e9dei Kertimag 2g. - T\u00e1jkert\u00e9sz\",\"isPartOf\":{\"@id\":\"https:\\\/\\\/tajkertesz.com\\\/#website\"},\"primaryImageOfPage\":{\"@id\":\"https:\\\/\\\/tajkertesz.com\\\/termek\\\/bimboskel-rosella-redei-kertimag-2g\\\/#primaryimage\"},\"image\":{\"@id\":\"https:\\\/\\\/tajkertesz.com\\\/termek\\\/bimboskel-rosella-redei-kertimag-2g\\\/#primaryimage\"},\"thumbnailUrl\":\"https:\\\/\\\/tajkertesz.com\\\/wp-content\\\/uploads\\\/2023\\\/01\\\/20230112_154005-scaled.jpg\",\"datePublished\":\"2023-01-13T15:19:38+00:00\",\"dateModified\":\"2026-02-18T15:17:42+00:00\",\"description\":\"Bimb\u00f3ske Rosella R\u00e9dei Kertimag 2g. Hideg hat\u00e1s\u00e1ra a bimb\u00f3skel \u00edze \u00e9desebb lesz \u00e9s cs\u00f6kken az er\u0151s k\u00e1poszta \u00edz. Vet\u0151magok sz\u00e9les k\u00edn\u00e1lat\u00e1val v\u00e1rjuk!\",\"breadcrumb\":{\"@id\":\"https:\\\/\\\/tajkertesz.com\\\/termek\\\/bimboskel-rosella-redei-kertimag-2g\\\/#breadcrumb\"},\"inLanguage\":\"en-US\",\"potentialAction\":[{\"@type\":\"ReadAction\",\"target\":[\"https:\\\/\\\/tajkertesz.com\\\/termek\\\/bimboskel-rosella-redei-kertimag-2g\\\/\"]}]},{\"@type\":\"ImageObject\",\"inLanguage\":\"en-US\",\"@id\":\"https:\\\/\\\/tajkertesz.com\\\/termek\\\/bimboskel-rosella-redei-kertimag-2g\\\/#primaryimage\",\"url\":\"https:\\\/\\\/tajkertesz.com\\\/wp-content\\\/uploads\\\/2023\\\/01\\\/20230112_154005-scaled.jpg\",\"contentUrl\":\"https:\\\/\\\/tajkertesz.com\\\/wp-content\\\/uploads\\\/2023\\\/01\\\/20230112_154005-scaled.jpg\",\"width\":1154,\"height\":2560},{\"@type\":\"BreadcrumbList\",\"@id\":\"https:\\\/\\\/tajkertesz.com\\\/termek\\\/bimboskel-rosella-redei-kertimag-2g\\\/#breadcrumb\",\"itemListElement\":[{\"@type\":\"ListItem\",\"position\":1,\"name\":\"Home\",\"item\":\"https:\\\/\\\/tajkertesz.com\\\/\"},{\"@type\":\"ListItem\",\"position\":2,\"name\":\"Kezd\u0151lap\",\"item\":\"https:\\\/\\\/tajkertesz.com\\\/\"},{\"@type\":\"ListItem\",\"position\":3,\"name\":\"Bimb\u00f3skel Rosella R\u00e9dei Kertimag 2g.\"}]},{\"@type\":\"WebSite\",\"@id\":\"https:\\\/\\\/tajkertesz.com\\\/#website\",\"url\":\"https:\\\/\\\/tajkertesz.com\\\/\",\"name\":\"T\u00e1j-Kert\u00e9sz 84 Kft.\",\"description\":\"Kert\u00e9szeti kis- \u00e9s nagykeresked\u00e9s, D\u00edszn\u00f6v\u00e9ny web\u00e1ruh\u00e1z orsz\u00e1gos h\u00e1zhozsz\u00e1ll\u00edt\u00e1ssal!\",\"publisher\":{\"@id\":\"https:\\\/\\\/tajkertesz.com\\\/#organization\"},\"potentialAction\":[{\"@type\":\"SearchAction\",\"target\":{\"@type\":\"EntryPoint\",\"urlTemplate\":\"https:\\\/\\\/tajkertesz.com\\\/?s={search_term_string}\"},\"query-input\":{\"@type\":\"PropertyValueSpecification\",\"valueRequired\":true,\"valueName\":\"search_term_string\"}}],\"inLanguage\":\"en-US\"},{\"@type\":\"Organization\",\"@id\":\"https:\\\/\\\/tajkertesz.com\\\/#organization\",\"name\":\"T\u00e1j-Kert\u00e9sz 84 Kft.\",\"url\":\"https:\\\/\\\/tajkertesz.com\\\/\",\"logo\":{\"@type\":\"ImageObject\",\"inLanguage\":\"en-US\",\"@id\":\"https:\\\/\\\/tajkertesz.com\\\/#\\\/schema\\\/logo\\\/image\\\/\",\"url\":\"https:\\\/\\\/tajkertesz.com\\\/wp-content\\\/uploads\\\/2018\\\/02\\\/logo-2-e1518678052539.png\",\"contentUrl\":\"https:\\\/\\\/tajkertesz.com\\\/wp-content\\\/uploads\\\/2018\\\/02\\\/logo-2-e1518678052539.png\",\"width\":81,\"height\":140,\"caption\":\"T\u00e1j-Kert\u00e9sz 84 Kft.\"},\"image\":{\"@id\":\"https:\\\/\\\/tajkertesz.com\\\/#\\\/schema\\\/logo\\\/image\\\/\"},\"sameAs\":[\"https:\\\/\\\/www.facebook.com\\\/Tajkertesz\\\/\"]}]}<\/script>\n<!-- \/ Yoast SEO plugin. -->","yoast_head_json":{"title":"Bimb\u00f3skel Rosella R\u00e9dei Kertimag 2g. - T\u00e1jkert\u00e9sz","description":"Bimb\u00f3ske Rosella R\u00e9dei Kertimag 2g. Hideg hat\u00e1s\u00e1ra a bimb\u00f3skel \u00edze \u00e9desebb lesz \u00e9s cs\u00f6kken az er\u0151s k\u00e1poszta \u00edz. Vet\u0151magok sz\u00e9les k\u00edn\u00e1lat\u00e1val v\u00e1rjuk!","robots":{"index":"index","follow":"follow","max-snippet":"max-snippet:-1","max-image-preview":"max-image-preview:large","max-video-preview":"max-video-preview:-1"},"canonical":"https:\/\/tajkertesz.com\/en_US\/product\/bimboskel-rosella-redei-kertimag-2g\/","og_locale":"en_US","og_type":"article","og_title":"Bimb\u00f3skel Rosella R\u00e9dei Kertimag 2g. - T\u00e1jkert\u00e9sz","og_description":"Bimb\u00f3ske Rosella R\u00e9dei Kertimag 2g. Hideg hat\u00e1s\u00e1ra a bimb\u00f3skel \u00edze \u00e9desebb lesz \u00e9s cs\u00f6kken az er\u0151s k\u00e1poszta \u00edz. Vet\u0151magok sz\u00e9les k\u00edn\u00e1lat\u00e1val v\u00e1rjuk!","og_url":"https:\/\/tajkertesz.com\/en_US\/product\/bimboskel-rosella-redei-kertimag-2g\/","og_site_name":"T\u00e1jkert\u00e9sz","article_publisher":"https:\/\/www.facebook.com\/Tajkertesz\/","article_modified_time":"2026-02-18T15:17:42+00:00","og_image":[{"width":1154,"height":2560,"url":"https:\/\/tajkertesz.com\/wp-content\/uploads\/2023\/01\/20230112_154005-scaled.jpg","type":"image\/jpeg"}],"twitter_card":"summary_large_image","twitter_misc":{"Est. reading time":"2 minutes"},"schema":{"@context":"https:\/\/schema.org","@graph":[{"@type":"WebPage","@id":"https:\/\/tajkertesz.com\/termek\/bimboskel-rosella-redei-kertimag-2g\/","url":"https:\/\/tajkertesz.com\/termek\/bimboskel-rosella-redei-kertimag-2g\/","name":"Bimb\u00f3skel Rosella R\u00e9dei Kertimag 2g. - T\u00e1jkert\u00e9sz","isPartOf":{"@id":"https:\/\/tajkertesz.com\/#website"},"primaryImageOfPage":{"@id":"https:\/\/tajkertesz.com\/termek\/bimboskel-rosella-redei-kertimag-2g\/#primaryimage"},"image":{"@id":"https:\/\/tajkertesz.com\/termek\/bimboskel-rosella-redei-kertimag-2g\/#primaryimage"},"thumbnailUrl":"https:\/\/tajkertesz.com\/wp-content\/uploads\/2023\/01\/20230112_154005-scaled.jpg","datePublished":"2023-01-13T15:19:38+00:00","dateModified":"2026-02-18T15:17:42+00:00","description":"Bimb\u00f3ske Rosella R\u00e9dei Kertimag 2g. Hideg hat\u00e1s\u00e1ra a bimb\u00f3skel \u00edze \u00e9desebb lesz \u00e9s cs\u00f6kken az er\u0151s k\u00e1poszta \u00edz. Vet\u0151magok sz\u00e9les k\u00edn\u00e1lat\u00e1val v\u00e1rjuk!","breadcrumb":{"@id":"https:\/\/tajkertesz.com\/termek\/bimboskel-rosella-redei-kertimag-2g\/#breadcrumb"},"inLanguage":"en-US","potentialAction":[{"@type":"ReadAction","target":["https:\/\/tajkertesz.com\/termek\/bimboskel-rosella-redei-kertimag-2g\/"]}]},{"@type":"ImageObject","inLanguage":"en-US","@id":"https:\/\/tajkertesz.com\/termek\/bimboskel-rosella-redei-kertimag-2g\/#primaryimage","url":"https:\/\/tajkertesz.com\/wp-content\/uploads\/2023\/01\/20230112_154005-scaled.jpg","contentUrl":"https:\/\/tajkertesz.com\/wp-content\/uploads\/2023\/01\/20230112_154005-scaled.jpg","width":1154,"height":2560},{"@type":"BreadcrumbList","@id":"https:\/\/tajkertesz.com\/termek\/bimboskel-rosella-redei-kertimag-2g\/#breadcrumb","itemListElement":[{"@type":"ListItem","position":1,"name":"Home","item":"https:\/\/tajkertesz.com\/"},{"@type":"ListItem","position":2,"name":"Kezd\u0151lap","item":"https:\/\/tajkertesz.com\/"},{"@type":"ListItem","position":3,"name":"Bimb\u00f3skel Rosella R\u00e9dei Kertimag 2g."}]},{"@type":"WebSite","@id":"https:\/\/tajkertesz.com\/#website","url":"https:\/\/tajkertesz.com\/","name":"T\u00e1j-Kert\u00e9sz 84 Kft.","description":"Kert\u00e9szeti kis- \u00e9s nagykeresked\u00e9s, D\u00edszn\u00f6v\u00e9ny web\u00e1ruh\u00e1z orsz\u00e1gos h\u00e1zhozsz\u00e1ll\u00edt\u00e1ssal!","publisher":{"@id":"https:\/\/tajkertesz.com\/#organization"},"potentialAction":[{"@type":"SearchAction","target":{"@type":"EntryPoint","urlTemplate":"https:\/\/tajkertesz.com\/?s={search_term_string}"},"query-input":{"@type":"PropertyValueSpecification","valueRequired":true,"valueName":"search_term_string"}}],"inLanguage":"en-US"},{"@type":"Organization","@id":"https:\/\/tajkertesz.com\/#organization","name":"T\u00e1j-Kert\u00e9sz 84 Kft.","url":"https:\/\/tajkertesz.com\/","logo":{"@type":"ImageObject","inLanguage":"en-US","@id":"https:\/\/tajkertesz.com\/#\/schema\/logo\/image\/","url":"https:\/\/tajkertesz.com\/wp-content\/uploads\/2018\/02\/logo-2-e1518678052539.png","contentUrl":"https:\/\/tajkertesz.com\/wp-content\/uploads\/2018\/02\/logo-2-e1518678052539.png","width":81,"height":140,"caption":"T\u00e1j-Kert\u00e9sz 84 Kft."},"image":{"@id":"https:\/\/tajkertesz.com\/#\/schema\/logo\/image\/"},"sameAs":["https:\/\/www.facebook.com\/Tajkertesz\/"]}]}},"_links":{"self":[{"href":"https:\/\/tajkertesz.com\/en_US\/wp-json\/wp\/v2\/product\/14663","targetHints":{"allow":["GET"]}}],"collection":[{"href":"https:\/\/tajkertesz.com\/en_US\/wp-json\/wp\/v2\/product"}],"about":[{"href":"https:\/\/tajkertesz.com\/en_US\/wp-json\/wp\/v2\/types\/product"}],"wp:featuredmedia":[{"embeddable":true,"href":"https:\/\/tajkertesz.com\/en_US\/wp-json\/wp\/v2\/media\/14664"}],"wp:attachment":[{"href":"https:\/\/tajkertesz.com\/en_US\/wp-json\/wp\/v2\/media?parent=14663"}],"wp:term":[{"taxonomy":"product_brand","embeddable":true,"href":"https:\/\/tajkertesz.com\/en_US\/wp-json\/wp\/v2\/product_brand?post=14663"},{"taxonomy":"product_cat","embeddable":true,"href":"https:\/\/tajkertesz.com\/en_US\/wp-json\/wp\/v2\/product_cat?post=14663"},{"taxonomy":"product_tag","embeddable":true,"href":"https:\/\/tajkertesz.com\/en_US\/wp-json\/wp\/v2\/product_tag?post=14663"}],"curies":[{"name":"wp","href":"https:\/\/api.w.org\/{rel}","templated":true}]}}