{"id":14665,"date":"2023-01-13T15:24:53","date_gmt":"2023-01-13T15:24:53","guid":{"rendered":"https:\/\/tajkertesz.com\/?post_type=product&#038;p=14665"},"modified":"2026-02-18T15:17:34","modified_gmt":"2026-02-18T15:17:34","slug":"brokkoli-miranda-redei-kertimag-2g","status":"publish","type":"product","link":"https:\/\/tajkertesz.com\/en_US\/product\/brokkoli-miranda-redei-kertimag-2g\/","title":{"rendered":"Brokkoli Miranda R\u00e9dei Kertimag 2g."},"content":{"rendered":"<h2>Brokkoli Miranda R\u00e9dei Kertimag 2g.<\/h2>\n<p>Brokkoli\u00a0(Brassica ol. italica)<\/p>\n<p>Naps\u00fct\u00f6tte helyen, t\u00e1panyagban gazdag talajon, folyamatos v\u00edzell\u00e1t\u00e1s mellett biztos\u00edthat\u00f3 egyenletes n\u00f6veked\u00e9se, csak \u00edgy v\u00e1rhatunk j\u00f3 eredm\u00e9nyt. Fejl\u0151d\u00e9si zavarok eset\u00e9n cs\u00f6k\u00f6tt, felhaszn\u00e1lhatatlan r\u00f3zs\u00e1t n\u00f6veszt. H\u0171v\u00f6s, csapad\u00e9kos id\u0151j\u00e1r\u00e1s \u00e9s nagy p\u00e1ratartalm\u00fa leveg\u0151 a legkedvez\u0151bb sz\u00e1m\u00e1ra. A k\u00f6z\u00e9ps\u0151 fejr\u00e9szek leszed\u00e9se ut\u00e1n a sz\u00e1ron sok oldalhajt\u00e1s fejl\u0151dik, amelyek szint\u00e9n fogyaszthat\u00f3k. Nagy melegben az oldalr\u00fcgyek kihajt\u00e1sa lelassul, ezzel cs\u00f6kken a hozam. Ezt figyelembe v\u00e9ve a k\u00e9s\u0151i fajt\u00e1kat csak j\u00faniusban vess\u00fck el, hogy szeptember-okt\u00f3berre id\u0151z\u00edts\u00fck a r\u00f3zsak\u00e9pz\u0151d\u00e9st.<\/p>\n<p><b>Tipp:<\/b>\u00a0Els\u0151sorban a nyersen vagy p\u00e1rolva fogyasztott csoportinfo hat\u00e1sos &#8222;gy\u00f3gyszer&#8221; a r\u00e1kos folyamat lass\u00edt\u00e1s\u00e1ra, illetve kialakul\u00e1s\u00e1nak megel\u0151z\u00e9s\u00e9re. Vigy\u00e1zzunk az el\u0151f\u0151z\u00e9s\u00e9vel, mert a karfiollal ellent\u00e9tben hajlamos a t\u00falf\u00f6v\u00e9sre, teh\u00e1t sz\u00e9teshet.<\/p>\n<table class=\"csoportinfo\" cellspacing=\"0\">\n<tbody>\n<tr class=\"csoportinfofejlec\">\n<td class=\"csoportinfofejlec\" width=\"15%\">magsz\u00e1m\/gramm<\/td>\n<td class=\"csoportinfofejlec\" width=\"19%\">vet\u0151magig\u00e9ny g\/10nm<\/td>\n<td class=\"csoportinfofejlec\" width=\"19%\">vet\u00e9sid\u0151 szabadf\u00f6ldi termeszt\u00e9shez<\/td>\n<td class=\"csoportinfofejlec\" width=\"15%\">vet\u00e9sm\u00e9lys\u00e9g cm<\/td>\n<td class=\"csoportinfofejlec\" width=\"17%\">sor- \u00e9s t\u0151t\u00e1vols\u00e1g cm<\/td>\n<td class=\"csoportinfofejlec\" width=\"15%\">cs\u00edr\u00e1z\u00e1si nap<br \/>\n20-22C fokon<\/td>\n<\/tr>\n<tr class=\"csoportinfotorzs\">\n<td class=\"csoportinfotorzs\">450<\/td>\n<td class=\"csoportinfotorzs\">3-5<\/td>\n<td class=\"csoportinfotorzs\">III-IV. h\u00f3nap<\/td>\n<td class=\"csoportinfotorzs\">1<\/td>\n<td class=\"csoportinfotorzs\">40-70<\/td>\n<td class=\"csoportinfotorzs\">7-10 nap<\/td>\n<\/tr>\n<\/tbody>\n<\/table>\n<p>A brokkoli f\u00e9nyig\u00e9nyes z\u00f6lds\u00e9g, napos helyen fejl\u0151dik legszebben, t\u00e1panyagban gazdag, m\u00e9lyen fel\u00e1sott talajban, \u00f6nt\u00f6z\u00e9s mellett. \u00c1rny\u00e9kos helyen felnyurgul, vir\u00e1gzata nem fejl\u0151dik megfelel\u0151en, csak napos helyen lesz nagy \u00e9s t\u00f6m\u00f6tt.<\/p>\n<p>Szabadf\u00f6ldbe vetni, vagy pal\u00e1nt\u00e1it \u00fcltetni, \u0151sszel m\u00e9lyen fel\u00e1sott, frissen tr\u00e1gy\u00e1zott talajba \u00e9rdemes a megfelel\u0151 fejl\u0151d\u00e9s \u00e9rdek\u00e9ben. A brokkoli m\u00e1s k\u00e1posztaf\u00e9l\u00e9khez hasonl\u00f3an, \u00e9rz\u00e9keny a mikroelemek hi\u00e1ny\u00e1ra, ez\u00e9rt ny\u00e1ron lombtr\u00e1gy\u00e1zzuk.<\/p>\n<div class=\"code-block code-block-6\">A brokkoli gondoz\u00e1sa ezen fel\u00fcl a kap\u00e1l\u00e1sb\u00f3l \u00e9s gyoml\u00e1l\u00e1sb\u00f3l, 4-5 alaposabb \u00f6nt\u00f6z\u00e9sb\u0151l, valamint n\u00f6v\u00e9nyv\u00e9delmi teend\u0151kb\u0151l \u00e1ll. K\u00e1rtev\u0151k k\u00f6z\u00fcl a lev\u00e9ltetvek, valamint a k\u00e1posztalepke herny\u00f3inak megjelen\u00e9s\u00e9vel sz\u00e1molhatunk, melyek ellen n\u00f6v\u00e9nyv\u00e9d\u0151 szerekkel v\u00e9dekezhet\u00fcnk.<\/div>\n<div>\n<p>A pal\u00e1ntanevel\u00e9shez belt\u00e9rben m\u00e1rcius k\u00f6zep\u00e9n vethetj\u00fck el a magokat. A pal\u00e1nt\u00e1kat \u00fcltess\u00fck sz\u00e9t, hogy f\u00f6ldlabd\u00e1val egy\u00fctt lehessen ki\u00fcltetni \u0151ket.<\/p>\n<p>Szabadf\u00f6ldbe vet\u00e9s is eredm\u00e9nyes, melyet \u00e1prilisban kezdhet\u00fcnk meg. A magokat ritk\u00e1n vess\u00fck el, 2-3 cm f\u00f6lddel takarjuk \u0151ket. A vet\u00e9st \u00f6nt\u00f6z\u00e9st k\u00f6vesse.<\/p>\n<p>A kikelt n\u00f6v\u00e9nyeket ritk\u00edtsuk 50 cm-es t\u0151t\u00e1vols\u00e1gra, ha el\u00e9rt\u00e9k a 3-4 lombleveles fejletts\u00e9gi \u00e1llapotot. A felesleges pal\u00e1nt\u00e1kat \u00e1t\u00fcltethetj\u00fck m\u00e1shova.<\/p>\n<p>A brokkoli ny\u00e1ron gyorsan fejl\u0151dik, fontos, hogy id\u0151ben leszedj\u00fck r\u00f3zs\u00e1it, akkor \u00e9rdemes betakar\u00edtani, amikor a r\u00f3zs\u00e1k m\u00e1r kifejl\u0151dtek, de nem ny\u00edltak sz\u00e9t.<\/p>\n<\/div>\n<p><strong>K\u00e9szlet\u00fcnk napi szinten v\u00e1ltozik, ez\u00e9rt k\u00e9rj\u00fck, \u00e9rdekl\u0151dj\u00f6n szem\u00e9lyesen, telefonon vagy email-en.<br \/>\nA v\u00e1ltoztat\u00e1s jog\u00e1t fenntartjuk!\u00a0<\/strong><\/p>\n<p><a href=\"https:\/\/tajkertesz.com\/\">https:\/\/tajkertesz.com\/<\/a><\/p>\n<p><a href=\"https:\/\/www.facebook.com\/tajkertesz\/\">https:\/\/www.facebook.com\/tajkertesz\/<\/a><\/p>\n<p>Kisz\u00e1ll\u00edt\u00e1s: 200cm-ig \u00a0\u00e9s 40 kg-ig a sz\u00e1ll\u00edt\u00e1s fut\u00e1rszolg\u00e1lattal \u00a0t\u00f6rt\u00e9nik!<\/p>\n<p>Szem\u00e9lyes \u00e1tv\u00e9tel nyitvatart\u00e1si id\u0151ben a 17. ker\u00fclet Bakancsos utca 7. sz\u00e1m alatti Kert\u00e9szeti \u00e1rud\u00e1ban<\/p>","protected":false},"excerpt":{"rendered":"<p>K\u00f6z\u00e9pk\u00e9sei fajta, \u0151szi szabadf\u00f6ldi termeszt\u00e9sre. Lila r\u00f3zs\u00e1ja nagy m\u00e9ret\u0171. Friss fogyaszt\u00e1sra javasoljuk.<\/p>","protected":false},"featured_media":19400,"template":"","meta":{"_et_pb_use_builder":"","_et_pb_old_content":"","_et_gb_content_width":""},"product_brand":[],"product_cat":[4148],"product_tag":[4115],"class_list":{"0":"post-14665","1":"product","2":"type-product","3":"status-publish","4":"has-post-thumbnail","6":"product_cat-kulonleges-delikatesz-vetomagok","7":"product_tag-vetomag","9":"first","10":"instock","11":"shipping-taxable","12":"purchasable","13":"product-type-simple"},"yoast_head":"<!-- This site is optimized with the Yoast SEO plugin v27.4 - https:\/\/yoast.com\/product\/yoast-seo-wordpress\/ -->\n<title>Brokkoli Miranda R\u00e9dei Kertimag 2g. - T\u00e1jkert\u00e9sz<\/title>\n<meta name=\"description\" content=\"Brokkoli Miranda R\u00e9dei Kertimag 2g.K\u00f6z\u00e9pk\u00e9sei fajta, \u0151szi szabadf\u00f6ldi termeszt\u00e9sre. Lila r\u00f3zs\u00e1ja nagy m\u00e9ret\u0171. Friss fogyaszt\u00e1sra javasoljuk.\" \/>\n<meta name=\"robots\" content=\"index, follow, max-snippet:-1, max-image-preview:large, max-video-preview:-1\" \/>\n<link rel=\"canonical\" href=\"https:\/\/tajkertesz.com\/en_US\/product\/brokkoli-miranda-redei-kertimag-2g\/\" \/>\n<meta property=\"og:locale\" content=\"en_US\" \/>\n<meta property=\"og:type\" content=\"article\" \/>\n<meta property=\"og:title\" content=\"Brokkoli Miranda R\u00e9dei Kertimag 2g. - T\u00e1jkert\u00e9sz\" \/>\n<meta property=\"og:description\" content=\"Brokkoli Miranda R\u00e9dei Kertimag 2g.K\u00f6z\u00e9pk\u00e9sei fajta, \u0151szi szabadf\u00f6ldi termeszt\u00e9sre. Lila r\u00f3zs\u00e1ja nagy m\u00e9ret\u0171. Friss fogyaszt\u00e1sra javasoljuk.\" \/>\n<meta property=\"og:url\" content=\"https:\/\/tajkertesz.com\/en_US\/product\/brokkoli-miranda-redei-kertimag-2g\/\" \/>\n<meta property=\"og:site_name\" content=\"T\u00e1jkert\u00e9sz\" \/>\n<meta property=\"article:publisher\" content=\"https:\/\/www.facebook.com\/Tajkertesz\/\" \/>\n<meta property=\"article:modified_time\" content=\"2026-02-18T15:17:34+00:00\" \/>\n<meta property=\"og:image\" content=\"https:\/\/tajkertesz.com\/wp-content\/uploads\/2023\/01\/31_618003_brokkoli_MIRANDA_1.jpg\" \/>\n\t<meta property=\"og:image:width\" content=\"650\" \/>\n\t<meta property=\"og:image:height\" content=\"1178\" \/>\n\t<meta property=\"og:image:type\" content=\"image\/jpeg\" \/>\n<meta name=\"twitter:card\" content=\"summary_large_image\" \/>\n<meta name=\"twitter:label1\" content=\"Est. reading time\" \/>\n\t<meta name=\"twitter:data1\" content=\"3 minutes\" \/>\n<script type=\"application\/ld+json\" class=\"yoast-schema-graph\">{\"@context\":\"https:\\\/\\\/schema.org\",\"@graph\":[{\"@type\":\"WebPage\",\"@id\":\"https:\\\/\\\/tajkertesz.com\\\/termek\\\/brokkoli-miranda-redei-kertimag-2g\\\/\",\"url\":\"https:\\\/\\\/tajkertesz.com\\\/termek\\\/brokkoli-miranda-redei-kertimag-2g\\\/\",\"name\":\"Brokkoli Miranda R\u00e9dei Kertimag 2g. - T\u00e1jkert\u00e9sz\",\"isPartOf\":{\"@id\":\"https:\\\/\\\/tajkertesz.com\\\/#website\"},\"primaryImageOfPage\":{\"@id\":\"https:\\\/\\\/tajkertesz.com\\\/termek\\\/brokkoli-miranda-redei-kertimag-2g\\\/#primaryimage\"},\"image\":{\"@id\":\"https:\\\/\\\/tajkertesz.com\\\/termek\\\/brokkoli-miranda-redei-kertimag-2g\\\/#primaryimage\"},\"thumbnailUrl\":\"https:\\\/\\\/tajkertesz.com\\\/wp-content\\\/uploads\\\/2023\\\/01\\\/31_618003_brokkoli_MIRANDA_1.jpg\",\"datePublished\":\"2023-01-13T15:24:53+00:00\",\"dateModified\":\"2026-02-18T15:17:34+00:00\",\"description\":\"Brokkoli Miranda R\u00e9dei Kertimag 2g.K\u00f6z\u00e9pk\u00e9sei fajta, \u0151szi szabadf\u00f6ldi termeszt\u00e9sre. Lila r\u00f3zs\u00e1ja nagy m\u00e9ret\u0171. Friss fogyaszt\u00e1sra javasoljuk.\",\"breadcrumb\":{\"@id\":\"https:\\\/\\\/tajkertesz.com\\\/termek\\\/brokkoli-miranda-redei-kertimag-2g\\\/#breadcrumb\"},\"inLanguage\":\"en-US\",\"potentialAction\":[{\"@type\":\"ReadAction\",\"target\":[\"https:\\\/\\\/tajkertesz.com\\\/termek\\\/brokkoli-miranda-redei-kertimag-2g\\\/\"]}]},{\"@type\":\"ImageObject\",\"inLanguage\":\"en-US\",\"@id\":\"https:\\\/\\\/tajkertesz.com\\\/termek\\\/brokkoli-miranda-redei-kertimag-2g\\\/#primaryimage\",\"url\":\"https:\\\/\\\/tajkertesz.com\\\/wp-content\\\/uploads\\\/2023\\\/01\\\/31_618003_brokkoli_MIRANDA_1.jpg\",\"contentUrl\":\"https:\\\/\\\/tajkertesz.com\\\/wp-content\\\/uploads\\\/2023\\\/01\\\/31_618003_brokkoli_MIRANDA_1.jpg\",\"width\":650,\"height\":1178},{\"@type\":\"BreadcrumbList\",\"@id\":\"https:\\\/\\\/tajkertesz.com\\\/termek\\\/brokkoli-miranda-redei-kertimag-2g\\\/#breadcrumb\",\"itemListElement\":[{\"@type\":\"ListItem\",\"position\":1,\"name\":\"Home\",\"item\":\"https:\\\/\\\/tajkertesz.com\\\/\"},{\"@type\":\"ListItem\",\"position\":2,\"name\":\"Kezd\u0151lap\",\"item\":\"https:\\\/\\\/tajkertesz.com\\\/\"},{\"@type\":\"ListItem\",\"position\":3,\"name\":\"Brokkoli Miranda R\u00e9dei Kertimag 2g.\"}]},{\"@type\":\"WebSite\",\"@id\":\"https:\\\/\\\/tajkertesz.com\\\/#website\",\"url\":\"https:\\\/\\\/tajkertesz.com\\\/\",\"name\":\"T\u00e1j-Kert\u00e9sz 84 Kft.\",\"description\":\"Kert\u00e9szeti kis- \u00e9s nagykeresked\u00e9s, D\u00edszn\u00f6v\u00e9ny web\u00e1ruh\u00e1z orsz\u00e1gos h\u00e1zhozsz\u00e1ll\u00edt\u00e1ssal!\",\"publisher\":{\"@id\":\"https:\\\/\\\/tajkertesz.com\\\/#organization\"},\"potentialAction\":[{\"@type\":\"SearchAction\",\"target\":{\"@type\":\"EntryPoint\",\"urlTemplate\":\"https:\\\/\\\/tajkertesz.com\\\/?s={search_term_string}\"},\"query-input\":{\"@type\":\"PropertyValueSpecification\",\"valueRequired\":true,\"valueName\":\"search_term_string\"}}],\"inLanguage\":\"en-US\"},{\"@type\":\"Organization\",\"@id\":\"https:\\\/\\\/tajkertesz.com\\\/#organization\",\"name\":\"T\u00e1j-Kert\u00e9sz 84 Kft.\",\"url\":\"https:\\\/\\\/tajkertesz.com\\\/\",\"logo\":{\"@type\":\"ImageObject\",\"inLanguage\":\"en-US\",\"@id\":\"https:\\\/\\\/tajkertesz.com\\\/#\\\/schema\\\/logo\\\/image\\\/\",\"url\":\"https:\\\/\\\/tajkertesz.com\\\/wp-content\\\/uploads\\\/2018\\\/02\\\/logo-2-e1518678052539.png\",\"contentUrl\":\"https:\\\/\\\/tajkertesz.com\\\/wp-content\\\/uploads\\\/2018\\\/02\\\/logo-2-e1518678052539.png\",\"width\":81,\"height\":140,\"caption\":\"T\u00e1j-Kert\u00e9sz 84 Kft.\"},\"image\":{\"@id\":\"https:\\\/\\\/tajkertesz.com\\\/#\\\/schema\\\/logo\\\/image\\\/\"},\"sameAs\":[\"https:\\\/\\\/www.facebook.com\\\/Tajkertesz\\\/\"]}]}<\/script>\n<!-- \/ Yoast SEO plugin. -->","yoast_head_json":{"title":"Brokkoli Miranda R\u00e9dei Kertimag 2g. - T\u00e1jkert\u00e9sz","description":"Brokkoli Miranda R\u00e9dei Kertimag 2g.K\u00f6z\u00e9pk\u00e9sei fajta, \u0151szi szabadf\u00f6ldi termeszt\u00e9sre. Lila r\u00f3zs\u00e1ja nagy m\u00e9ret\u0171. Friss fogyaszt\u00e1sra javasoljuk.","robots":{"index":"index","follow":"follow","max-snippet":"max-snippet:-1","max-image-preview":"max-image-preview:large","max-video-preview":"max-video-preview:-1"},"canonical":"https:\/\/tajkertesz.com\/en_US\/product\/brokkoli-miranda-redei-kertimag-2g\/","og_locale":"en_US","og_type":"article","og_title":"Brokkoli Miranda R\u00e9dei Kertimag 2g. - T\u00e1jkert\u00e9sz","og_description":"Brokkoli Miranda R\u00e9dei Kertimag 2g.K\u00f6z\u00e9pk\u00e9sei fajta, \u0151szi szabadf\u00f6ldi termeszt\u00e9sre. Lila r\u00f3zs\u00e1ja nagy m\u00e9ret\u0171. Friss fogyaszt\u00e1sra javasoljuk.","og_url":"https:\/\/tajkertesz.com\/en_US\/product\/brokkoli-miranda-redei-kertimag-2g\/","og_site_name":"T\u00e1jkert\u00e9sz","article_publisher":"https:\/\/www.facebook.com\/Tajkertesz\/","article_modified_time":"2026-02-18T15:17:34+00:00","og_image":[{"width":650,"height":1178,"url":"https:\/\/tajkertesz.com\/wp-content\/uploads\/2023\/01\/31_618003_brokkoli_MIRANDA_1.jpg","type":"image\/jpeg"}],"twitter_card":"summary_large_image","twitter_misc":{"Est. reading time":"3 minutes"},"schema":{"@context":"https:\/\/schema.org","@graph":[{"@type":"WebPage","@id":"https:\/\/tajkertesz.com\/termek\/brokkoli-miranda-redei-kertimag-2g\/","url":"https:\/\/tajkertesz.com\/termek\/brokkoli-miranda-redei-kertimag-2g\/","name":"Brokkoli Miranda R\u00e9dei Kertimag 2g. - T\u00e1jkert\u00e9sz","isPartOf":{"@id":"https:\/\/tajkertesz.com\/#website"},"primaryImageOfPage":{"@id":"https:\/\/tajkertesz.com\/termek\/brokkoli-miranda-redei-kertimag-2g\/#primaryimage"},"image":{"@id":"https:\/\/tajkertesz.com\/termek\/brokkoli-miranda-redei-kertimag-2g\/#primaryimage"},"thumbnailUrl":"https:\/\/tajkertesz.com\/wp-content\/uploads\/2023\/01\/31_618003_brokkoli_MIRANDA_1.jpg","datePublished":"2023-01-13T15:24:53+00:00","dateModified":"2026-02-18T15:17:34+00:00","description":"Brokkoli Miranda R\u00e9dei Kertimag 2g.K\u00f6z\u00e9pk\u00e9sei fajta, \u0151szi szabadf\u00f6ldi termeszt\u00e9sre. Lila r\u00f3zs\u00e1ja nagy m\u00e9ret\u0171. Friss fogyaszt\u00e1sra javasoljuk.","breadcrumb":{"@id":"https:\/\/tajkertesz.com\/termek\/brokkoli-miranda-redei-kertimag-2g\/#breadcrumb"},"inLanguage":"en-US","potentialAction":[{"@type":"ReadAction","target":["https:\/\/tajkertesz.com\/termek\/brokkoli-miranda-redei-kertimag-2g\/"]}]},{"@type":"ImageObject","inLanguage":"en-US","@id":"https:\/\/tajkertesz.com\/termek\/brokkoli-miranda-redei-kertimag-2g\/#primaryimage","url":"https:\/\/tajkertesz.com\/wp-content\/uploads\/2023\/01\/31_618003_brokkoli_MIRANDA_1.jpg","contentUrl":"https:\/\/tajkertesz.com\/wp-content\/uploads\/2023\/01\/31_618003_brokkoli_MIRANDA_1.jpg","width":650,"height":1178},{"@type":"BreadcrumbList","@id":"https:\/\/tajkertesz.com\/termek\/brokkoli-miranda-redei-kertimag-2g\/#breadcrumb","itemListElement":[{"@type":"ListItem","position":1,"name":"Home","item":"https:\/\/tajkertesz.com\/"},{"@type":"ListItem","position":2,"name":"Kezd\u0151lap","item":"https:\/\/tajkertesz.com\/"},{"@type":"ListItem","position":3,"name":"Brokkoli Miranda R\u00e9dei Kertimag 2g."}]},{"@type":"WebSite","@id":"https:\/\/tajkertesz.com\/#website","url":"https:\/\/tajkertesz.com\/","name":"T\u00e1j-Kert\u00e9sz 84 Kft.","description":"Kert\u00e9szeti kis- \u00e9s nagykeresked\u00e9s, D\u00edszn\u00f6v\u00e9ny web\u00e1ruh\u00e1z orsz\u00e1gos h\u00e1zhozsz\u00e1ll\u00edt\u00e1ssal!","publisher":{"@id":"https:\/\/tajkertesz.com\/#organization"},"potentialAction":[{"@type":"SearchAction","target":{"@type":"EntryPoint","urlTemplate":"https:\/\/tajkertesz.com\/?s={search_term_string}"},"query-input":{"@type":"PropertyValueSpecification","valueRequired":true,"valueName":"search_term_string"}}],"inLanguage":"en-US"},{"@type":"Organization","@id":"https:\/\/tajkertesz.com\/#organization","name":"T\u00e1j-Kert\u00e9sz 84 Kft.","url":"https:\/\/tajkertesz.com\/","logo":{"@type":"ImageObject","inLanguage":"en-US","@id":"https:\/\/tajkertesz.com\/#\/schema\/logo\/image\/","url":"https:\/\/tajkertesz.com\/wp-content\/uploads\/2018\/02\/logo-2-e1518678052539.png","contentUrl":"https:\/\/tajkertesz.com\/wp-content\/uploads\/2018\/02\/logo-2-e1518678052539.png","width":81,"height":140,"caption":"T\u00e1j-Kert\u00e9sz 84 Kft."},"image":{"@id":"https:\/\/tajkertesz.com\/#\/schema\/logo\/image\/"},"sameAs":["https:\/\/www.facebook.com\/Tajkertesz\/"]}]}},"_links":{"self":[{"href":"https:\/\/tajkertesz.com\/en_US\/wp-json\/wp\/v2\/product\/14665","targetHints":{"allow":["GET"]}}],"collection":[{"href":"https:\/\/tajkertesz.com\/en_US\/wp-json\/wp\/v2\/product"}],"about":[{"href":"https:\/\/tajkertesz.com\/en_US\/wp-json\/wp\/v2\/types\/product"}],"wp:featuredmedia":[{"embeddable":true,"href":"https:\/\/tajkertesz.com\/en_US\/wp-json\/wp\/v2\/media\/19400"}],"wp:attachment":[{"href":"https:\/\/tajkertesz.com\/en_US\/wp-json\/wp\/v2\/media?parent=14665"}],"wp:term":[{"taxonomy":"product_brand","embeddable":true,"href":"https:\/\/tajkertesz.com\/en_US\/wp-json\/wp\/v2\/product_brand?post=14665"},{"taxonomy":"product_cat","embeddable":true,"href":"https:\/\/tajkertesz.com\/en_US\/wp-json\/wp\/v2\/product_cat?post=14665"},{"taxonomy":"product_tag","embeddable":true,"href":"https:\/\/tajkertesz.com\/en_US\/wp-json\/wp\/v2\/product_tag?post=14665"}],"curies":[{"name":"wp","href":"https:\/\/api.w.org\/{rel}","templated":true}]}}