{"id":14693,"date":"2023-01-16T10:38:33","date_gmt":"2023-01-16T10:38:33","guid":{"rendered":"https:\/\/tajkertesz.com\/?post_type=product&#038;p=14693"},"modified":"2026-02-18T15:17:02","modified_gmt":"2026-02-18T15:17:02","slug":"karfiol-snowball-x-redei-kertimag","status":"publish","type":"product","link":"https:\/\/tajkertesz.com\/en_US\/product\/karfiol-snowball-x-redei-kertimag\/","title":{"rendered":"Karfiol Snowball X R\u00e9dei Kertimag"},"content":{"rendered":"<h2>Karfiol Snowball X R\u00e9dei Kertimag<\/h2>\n<p>Karfiol (Brassica ol. botrytis) <strong>Snowball:<\/strong>\u00a0Korai \u00e9r\u00e9s\u0171, b\u0151term\u0151 fajta, nagy melegben is kiv\u00e1l\u00f3 min\u0151s\u00e9g\u0171 term\u00e9st ad. A r\u00f3zsa nagym\u00e9ret\u0171, g\u00f6mb\u00f6ly\u0171, t\u00f6m\u00f6r \u00e9s feh\u00e9r sz\u00edn\u0171, a levelek j\u00f3l takarj\u00e1k.<\/p>\n<table class=\"csoportinfo\" cellspacing=\"0\">\n<tbody>\n<tr class=\"csoportinfofejlec\">\n<td class=\"csoportinfofejlec\" width=\"15%\">magsz\u00e1m\/gramm<\/td>\n<td class=\"csoportinfofejlec\" width=\"19%\">vet\u0151magig\u00e9ny g\/10nm<\/td>\n<td class=\"csoportinfofejlec\" width=\"19%\">vet\u00e9sid\u0151 szabadf\u00f6ldi termeszt\u00e9shez<\/td>\n<td class=\"csoportinfofejlec\" width=\"15%\">vet\u00e9sm\u00e9lys\u00e9g cm<\/td>\n<td class=\"csoportinfofejlec\" width=\"17%\">sor- \u00e9s t\u0151t\u00e1vols\u00e1g cm<\/td>\n<td class=\"csoportinfofejlec\" width=\"15%\">cs\u00edr\u00e1z\u00e1si nap<br \/>\n12-20C fokon<\/td>\n<\/tr>\n<tr class=\"csoportinfotorzs\">\n<td class=\"csoportinfotorzs\">170-280<\/td>\n<td class=\"csoportinfotorzs\">1<\/td>\n<td class=\"csoportinfotorzs\">III-IV. h\u00f3nap<\/td>\n<td class=\"csoportinfotorzs\">1-2<\/td>\n<td class=\"csoportinfotorzs\">30-50 x 30-40<\/td>\n<td class=\"csoportinfotorzs\">4-6 nap<\/td>\n<\/tr>\n<\/tbody>\n<\/table>\n<p>Talajokkal szemben ig\u00e9nyes, a t\u00e1panyagokban, humuszban gazdag, k\u00f6zepesen k\u00f6t\u00f6tt, semleges k\u00e9mhat\u00e1s\u00fa talajokat kedveli, nitrog\u00e9n \u00e9s k\u00e1liumig\u00e9nye is magas. A t\u00e1panyagban gazdag talajt ist\u00e1ll\u00f3tr\u00e1gy\u00e1val \u00e9s m\u0171tr\u00e1gya kijuttat\u00e1s\u00e1val biztos\u00edthatjuk.<\/p>\n<p>Szereti a p\u00e1r\u00e1s k\u00f6rnyezetet, v\u00edzig\u00e9nyes is magas, amit rendszeres \u00f6nt\u00f6z\u00e9ssel kell biztos\u00edtani. A rendszeres \u00f6nt\u00f6z\u00e9s hat\u00e1s\u00e1ra a talaj t\u00f6m\u00f6r\u00f6d\u00f6tt\u00e9 v\u00e1lik, emiatt rendszeres talajlaz\u00edt\u00e1sra van sz\u00fcks\u00e9g. Ahhoz, hogy a talaj min\u00e9l tov\u00e1bb meg\u0151rizze a nedvess\u00e9get, mulcsozzuk.<\/p>\n<p>&nbsp;<\/p>\n<p>A karfiolt el\u0151nevelt majd ki\u00fcltetett pal\u00e1nt\u00e1kkal termeszthetj\u00fck legegyszer\u0171bben a konyhakertben. J\u00faniusi betakar\u00edt\u00e1shoz \u00e1prilis elej\u00e9n, j\u00falius-augusztusi betakar\u00edt\u00e1shoz \u00e1prilis-m\u00e1jusban, az \u0151szi karfiol termeszt\u00e9s\u00e9hez legk\u00e9s\u0151bb j\u00falius v\u00e9g\u00e9ig kell ki\u00fcltetni a pal\u00e1nt\u00e1kat.<\/p>\n<p>Az \u00e1prilis eleji \u00fcltet\u00e9shez janu\u00e1r v\u00e9g\u00e9t\u0151l-febru\u00e1r k\u00f6zep\u00e9ig vethetj\u00fck a karfiol magokat, meleg\u00e1gy\u00e1sban nevelhetj\u00fck a pal\u00e1nt\u00e1kat, a szabadban a hidegt\u0151l, f\u00f3liatakar\u00e1ssal kell v\u00e9deni \u0151ket. Ahhoz, hogy a r\u00f3zsak\u00e9pz\u0151d\u00e9s meginduljon, el kell t\u00e1vol\u00edtani a takar\u00e1sra haszn\u00e1lt eszk\u00f6z\u00f6ket, a v\u00e9d\u0151takar\u00f3 alatt soha ne legyen 22 fokn\u00e1l melegebb.<\/p>\n<p>Az \u00e1prilis-m\u00e1jusi \u00fcltet\u00e9shez m\u00e1rciusban vethetj\u00fck a magokat, az \u0151szi karfiol nevel\u00e9s\u00e9hez m\u00e1jus elej\u00e9n. A pal\u00e1nt\u00e1kat akkor \u00fcltess\u00fck csak ki, ha a talaj h\u0151m\u00e9rs\u00e9klete meghaladja a 10 fokot. Az enn\u00e9l alacsonyabb h\u0151m\u00e9rs\u00e9kletnek kitett pal\u00e1nt\u00e1k r\u00f3zs\u00e1ja apr\u00f3 lesz.<\/p>\n<p>&nbsp;<\/p>\n<p><strong>K\u00e9szlet\u00fcnk napi szinten v\u00e1ltozik, ez\u00e9rt k\u00e9rj\u00fck, \u00e9rdekl\u0151dj\u00f6n szem\u00e9lyesen, telefonon vagy email-en.<br \/>\nA v\u00e1ltoztat\u00e1s jog\u00e1t fenntartjuk!\u00a0<\/strong><\/p>\n<p><a href=\"https:\/\/tajkertesz.com\/\">https:\/\/tajkertesz.com\/<\/a><\/p>\n<p><a href=\"https:\/\/www.facebook.com\/tajkertesz\/\">https:\/\/www.facebook.com\/tajkertesz\/<\/a><\/p>\n<p>Kisz\u00e1ll\u00edt\u00e1s: 200cm-ig \u00a0\u00e9s 40 kg-ig a sz\u00e1ll\u00edt\u00e1s fut\u00e1rszolg\u00e1lattal \u00a0t\u00f6rt\u00e9nik!<\/p>\n<p>Szem\u00e9lyes \u00e1tv\u00e9tel nyitvatart\u00e1si id\u0151ben a 17. ker\u00fclet Bakancsos utca 7. sz\u00e1m alatti Kert\u00e9szeti \u00e1rud\u00e1ban<\/p>\n<p>&nbsp;<\/p>\n<p>Szem\u00e9lyes \u00e1tv\u00e9tel ak\u00e1r a mai napon, vagy h\u00e1zhozsz\u00e1ll\u00edt\u00e1s 1-2 napon bel\u00fcl!<\/p>\n<p>&nbsp;<\/p>\n<p>1173.Bp.Bakancsos u.7.<\/p>\n<p><a href=\"https:\/\/www.tajkertesz.com\/\">www.tajkertesz.com<\/a><\/p>\n<p>Kert\u00e9szeti kis-\u00e9s nagykeresked\u00e9s<\/p>","protected":false},"excerpt":{"rendered":"<div>SNOWBALL X<\/div>\n<div><b>Korai, nagy r\u00f3zs\u00e1j\u00fa fajta!<\/b><br \/>\nKorai \u00e9r\u00e9s\u0171. Nagy m\u00e9ret\u0171, t\u00f6m\u00f6r, feh\u00e9r \u00e9s g\u00f6mb\u00f6ly\u0171 r\u00f3zs\u00e1t fejleszt, melyet a levelek j\u00f3l takarnak. B\u0151term\u0151, nagy melegben is kiv\u00e1l\u00f3 min\u0151s\u00e9g\u0171 \u00e1rut ad.<\/div>","protected":false},"featured_media":14681,"template":"","meta":{"_et_pb_use_builder":"","_et_pb_old_content":"","_et_gb_content_width":""},"product_brand":[],"product_cat":[2881],"product_tag":[4138],"class_list":{"0":"post-14693","1":"product","2":"type-product","3":"status-publish","4":"has-post-thumbnail","6":"product_cat-zoldsegnoveny-vetomagok","7":"product_tag-vetomagok","9":"first","10":"instock","11":"shipping-taxable","12":"purchasable","13":"product-type-simple"},"yoast_head":"<!-- This site is optimized with the Yoast SEO plugin v27.5 - https:\/\/yoast.com\/product\/yoast-seo-wordpress\/ -->\n<title>Karfiol Snowball X R\u00e9dei Kertimag - T\u00e1jkert\u00e9sz<\/title>\n<meta name=\"description\" content=\"Karfiol Snowball X R\u00e9dei Kertimag. V\u00e1s\u00e1roljon vet\u0151magokat kert\u00e9szeti web\u00e1ruh\u00e1zunkb\u00f3l h\u00e1zhozsz\u00e1ll\u00edt\u00e1ssal, vagy szem\u00e9lyesen kert\u00e9szet\u00fcnkb\u0151l.\" \/>\n<meta name=\"robots\" content=\"index, follow, max-snippet:-1, max-image-preview:large, max-video-preview:-1\" \/>\n<link rel=\"canonical\" href=\"https:\/\/tajkertesz.com\/en_US\/product\/karfiol-snowball-x-redei-kertimag\/\" \/>\n<meta property=\"og:locale\" content=\"en_US\" \/>\n<meta property=\"og:type\" content=\"article\" \/>\n<meta property=\"og:title\" content=\"Karfiol Snowball X R\u00e9dei Kertimag - T\u00e1jkert\u00e9sz\" \/>\n<meta property=\"og:description\" content=\"Karfiol Snowball X R\u00e9dei Kertimag. V\u00e1s\u00e1roljon vet\u0151magokat kert\u00e9szeti web\u00e1ruh\u00e1zunkb\u00f3l h\u00e1zhozsz\u00e1ll\u00edt\u00e1ssal, vagy szem\u00e9lyesen kert\u00e9szet\u00fcnkb\u0151l.\" \/>\n<meta property=\"og:url\" content=\"https:\/\/tajkertesz.com\/en_US\/product\/karfiol-snowball-x-redei-kertimag\/\" \/>\n<meta property=\"og:site_name\" content=\"T\u00e1jkert\u00e9sz\" \/>\n<meta property=\"article:publisher\" content=\"https:\/\/www.facebook.com\/Tajkertesz\/\" \/>\n<meta property=\"article:modified_time\" content=\"2026-02-18T15:17:02+00:00\" \/>\n<meta property=\"og:image\" content=\"https:\/\/tajkertesz.com\/wp-content\/uploads\/2021\/10\/20230116_093404-1-scaled.jpg\" \/>\n\t<meta property=\"og:image:width\" content=\"1388\" \/>\n\t<meta property=\"og:image:height\" content=\"2560\" \/>\n\t<meta property=\"og:image:type\" content=\"image\/jpeg\" \/>\n<meta name=\"twitter:card\" content=\"summary_large_image\" \/>\n<meta name=\"twitter:label1\" content=\"Est. reading time\" \/>\n\t<meta name=\"twitter:data1\" content=\"2 minutes\" \/>\n<script type=\"application\/ld+json\" class=\"yoast-schema-graph\">{\"@context\":\"https:\\\/\\\/schema.org\",\"@graph\":[{\"@type\":\"WebPage\",\"@id\":\"https:\\\/\\\/tajkertesz.com\\\/termek\\\/karfiol-snowball-x-redei-kertimag\\\/\",\"url\":\"https:\\\/\\\/tajkertesz.com\\\/termek\\\/karfiol-snowball-x-redei-kertimag\\\/\",\"name\":\"Karfiol Snowball X R\u00e9dei Kertimag - T\u00e1jkert\u00e9sz\",\"isPartOf\":{\"@id\":\"https:\\\/\\\/tajkertesz.com\\\/#website\"},\"primaryImageOfPage\":{\"@id\":\"https:\\\/\\\/tajkertesz.com\\\/termek\\\/karfiol-snowball-x-redei-kertimag\\\/#primaryimage\"},\"image\":{\"@id\":\"https:\\\/\\\/tajkertesz.com\\\/termek\\\/karfiol-snowball-x-redei-kertimag\\\/#primaryimage\"},\"thumbnailUrl\":\"https:\\\/\\\/tajkertesz.com\\\/wp-content\\\/uploads\\\/2021\\\/10\\\/20230116_093404-1-scaled.jpg\",\"datePublished\":\"2023-01-16T10:38:33+00:00\",\"dateModified\":\"2026-02-18T15:17:02+00:00\",\"description\":\"Karfiol Snowball X R\u00e9dei Kertimag. V\u00e1s\u00e1roljon vet\u0151magokat kert\u00e9szeti web\u00e1ruh\u00e1zunkb\u00f3l h\u00e1zhozsz\u00e1ll\u00edt\u00e1ssal, vagy szem\u00e9lyesen kert\u00e9szet\u00fcnkb\u0151l.\",\"breadcrumb\":{\"@id\":\"https:\\\/\\\/tajkertesz.com\\\/termek\\\/karfiol-snowball-x-redei-kertimag\\\/#breadcrumb\"},\"inLanguage\":\"en-US\",\"potentialAction\":[{\"@type\":\"ReadAction\",\"target\":[\"https:\\\/\\\/tajkertesz.com\\\/termek\\\/karfiol-snowball-x-redei-kertimag\\\/\"]}]},{\"@type\":\"ImageObject\",\"inLanguage\":\"en-US\",\"@id\":\"https:\\\/\\\/tajkertesz.com\\\/termek\\\/karfiol-snowball-x-redei-kertimag\\\/#primaryimage\",\"url\":\"https:\\\/\\\/tajkertesz.com\\\/wp-content\\\/uploads\\\/2021\\\/10\\\/20230116_093404-1-scaled.jpg\",\"contentUrl\":\"https:\\\/\\\/tajkertesz.com\\\/wp-content\\\/uploads\\\/2021\\\/10\\\/20230116_093404-1-scaled.jpg\",\"width\":1388,\"height\":2560},{\"@type\":\"BreadcrumbList\",\"@id\":\"https:\\\/\\\/tajkertesz.com\\\/termek\\\/karfiol-snowball-x-redei-kertimag\\\/#breadcrumb\",\"itemListElement\":[{\"@type\":\"ListItem\",\"position\":1,\"name\":\"Home\",\"item\":\"https:\\\/\\\/tajkertesz.com\\\/\"},{\"@type\":\"ListItem\",\"position\":2,\"name\":\"Kezd\u0151lap\",\"item\":\"https:\\\/\\\/tajkertesz.com\\\/\"},{\"@type\":\"ListItem\",\"position\":3,\"name\":\"Karfiol Snowball X R\u00e9dei Kertimag\"}]},{\"@type\":\"WebSite\",\"@id\":\"https:\\\/\\\/tajkertesz.com\\\/#website\",\"url\":\"https:\\\/\\\/tajkertesz.com\\\/\",\"name\":\"T\u00e1j-Kert\u00e9sz 84 Kft.\",\"description\":\"Kert\u00e9szeti kis- \u00e9s nagykeresked\u00e9s, D\u00edszn\u00f6v\u00e9ny web\u00e1ruh\u00e1z orsz\u00e1gos h\u00e1zhozsz\u00e1ll\u00edt\u00e1ssal!\",\"publisher\":{\"@id\":\"https:\\\/\\\/tajkertesz.com\\\/#organization\"},\"potentialAction\":[{\"@type\":\"SearchAction\",\"target\":{\"@type\":\"EntryPoint\",\"urlTemplate\":\"https:\\\/\\\/tajkertesz.com\\\/?s={search_term_string}\"},\"query-input\":{\"@type\":\"PropertyValueSpecification\",\"valueRequired\":true,\"valueName\":\"search_term_string\"}}],\"inLanguage\":\"en-US\"},{\"@type\":\"Organization\",\"@id\":\"https:\\\/\\\/tajkertesz.com\\\/#organization\",\"name\":\"T\u00e1j-Kert\u00e9sz 84 Kft.\",\"url\":\"https:\\\/\\\/tajkertesz.com\\\/\",\"logo\":{\"@type\":\"ImageObject\",\"inLanguage\":\"en-US\",\"@id\":\"https:\\\/\\\/tajkertesz.com\\\/#\\\/schema\\\/logo\\\/image\\\/\",\"url\":\"https:\\\/\\\/tajkertesz.com\\\/wp-content\\\/uploads\\\/2018\\\/02\\\/logo-2-e1518678052539.png\",\"contentUrl\":\"https:\\\/\\\/tajkertesz.com\\\/wp-content\\\/uploads\\\/2018\\\/02\\\/logo-2-e1518678052539.png\",\"width\":81,\"height\":140,\"caption\":\"T\u00e1j-Kert\u00e9sz 84 Kft.\"},\"image\":{\"@id\":\"https:\\\/\\\/tajkertesz.com\\\/#\\\/schema\\\/logo\\\/image\\\/\"},\"sameAs\":[\"https:\\\/\\\/www.facebook.com\\\/Tajkertesz\\\/\"]}]}<\/script>\n<!-- \/ Yoast SEO plugin. -->","yoast_head_json":{"title":"Karfiol Snowball X R\u00e9dei Kertimag - T\u00e1jkert\u00e9sz","description":"Karfiol Snowball X R\u00e9dei Kertimag. V\u00e1s\u00e1roljon vet\u0151magokat kert\u00e9szeti web\u00e1ruh\u00e1zunkb\u00f3l h\u00e1zhozsz\u00e1ll\u00edt\u00e1ssal, vagy szem\u00e9lyesen kert\u00e9szet\u00fcnkb\u0151l.","robots":{"index":"index","follow":"follow","max-snippet":"max-snippet:-1","max-image-preview":"max-image-preview:large","max-video-preview":"max-video-preview:-1"},"canonical":"https:\/\/tajkertesz.com\/en_US\/product\/karfiol-snowball-x-redei-kertimag\/","og_locale":"en_US","og_type":"article","og_title":"Karfiol Snowball X R\u00e9dei Kertimag - T\u00e1jkert\u00e9sz","og_description":"Karfiol Snowball X R\u00e9dei Kertimag. V\u00e1s\u00e1roljon vet\u0151magokat kert\u00e9szeti web\u00e1ruh\u00e1zunkb\u00f3l h\u00e1zhozsz\u00e1ll\u00edt\u00e1ssal, vagy szem\u00e9lyesen kert\u00e9szet\u00fcnkb\u0151l.","og_url":"https:\/\/tajkertesz.com\/en_US\/product\/karfiol-snowball-x-redei-kertimag\/","og_site_name":"T\u00e1jkert\u00e9sz","article_publisher":"https:\/\/www.facebook.com\/Tajkertesz\/","article_modified_time":"2026-02-18T15:17:02+00:00","og_image":[{"width":1388,"height":2560,"url":"https:\/\/tajkertesz.com\/wp-content\/uploads\/2021\/10\/20230116_093404-1-scaled.jpg","type":"image\/jpeg"}],"twitter_card":"summary_large_image","twitter_misc":{"Est. reading time":"2 minutes"},"schema":{"@context":"https:\/\/schema.org","@graph":[{"@type":"WebPage","@id":"https:\/\/tajkertesz.com\/termek\/karfiol-snowball-x-redei-kertimag\/","url":"https:\/\/tajkertesz.com\/termek\/karfiol-snowball-x-redei-kertimag\/","name":"Karfiol Snowball X R\u00e9dei Kertimag - T\u00e1jkert\u00e9sz","isPartOf":{"@id":"https:\/\/tajkertesz.com\/#website"},"primaryImageOfPage":{"@id":"https:\/\/tajkertesz.com\/termek\/karfiol-snowball-x-redei-kertimag\/#primaryimage"},"image":{"@id":"https:\/\/tajkertesz.com\/termek\/karfiol-snowball-x-redei-kertimag\/#primaryimage"},"thumbnailUrl":"https:\/\/tajkertesz.com\/wp-content\/uploads\/2021\/10\/20230116_093404-1-scaled.jpg","datePublished":"2023-01-16T10:38:33+00:00","dateModified":"2026-02-18T15:17:02+00:00","description":"Karfiol Snowball X R\u00e9dei Kertimag. V\u00e1s\u00e1roljon vet\u0151magokat kert\u00e9szeti web\u00e1ruh\u00e1zunkb\u00f3l h\u00e1zhozsz\u00e1ll\u00edt\u00e1ssal, vagy szem\u00e9lyesen kert\u00e9szet\u00fcnkb\u0151l.","breadcrumb":{"@id":"https:\/\/tajkertesz.com\/termek\/karfiol-snowball-x-redei-kertimag\/#breadcrumb"},"inLanguage":"en-US","potentialAction":[{"@type":"ReadAction","target":["https:\/\/tajkertesz.com\/termek\/karfiol-snowball-x-redei-kertimag\/"]}]},{"@type":"ImageObject","inLanguage":"en-US","@id":"https:\/\/tajkertesz.com\/termek\/karfiol-snowball-x-redei-kertimag\/#primaryimage","url":"https:\/\/tajkertesz.com\/wp-content\/uploads\/2021\/10\/20230116_093404-1-scaled.jpg","contentUrl":"https:\/\/tajkertesz.com\/wp-content\/uploads\/2021\/10\/20230116_093404-1-scaled.jpg","width":1388,"height":2560},{"@type":"BreadcrumbList","@id":"https:\/\/tajkertesz.com\/termek\/karfiol-snowball-x-redei-kertimag\/#breadcrumb","itemListElement":[{"@type":"ListItem","position":1,"name":"Home","item":"https:\/\/tajkertesz.com\/"},{"@type":"ListItem","position":2,"name":"Kezd\u0151lap","item":"https:\/\/tajkertesz.com\/"},{"@type":"ListItem","position":3,"name":"Karfiol Snowball X R\u00e9dei Kertimag"}]},{"@type":"WebSite","@id":"https:\/\/tajkertesz.com\/#website","url":"https:\/\/tajkertesz.com\/","name":"T\u00e1j-Kert\u00e9sz 84 Kft.","description":"Kert\u00e9szeti kis- \u00e9s nagykeresked\u00e9s, D\u00edszn\u00f6v\u00e9ny web\u00e1ruh\u00e1z orsz\u00e1gos h\u00e1zhozsz\u00e1ll\u00edt\u00e1ssal!","publisher":{"@id":"https:\/\/tajkertesz.com\/#organization"},"potentialAction":[{"@type":"SearchAction","target":{"@type":"EntryPoint","urlTemplate":"https:\/\/tajkertesz.com\/?s={search_term_string}"},"query-input":{"@type":"PropertyValueSpecification","valueRequired":true,"valueName":"search_term_string"}}],"inLanguage":"en-US"},{"@type":"Organization","@id":"https:\/\/tajkertesz.com\/#organization","name":"T\u00e1j-Kert\u00e9sz 84 Kft.","url":"https:\/\/tajkertesz.com\/","logo":{"@type":"ImageObject","inLanguage":"en-US","@id":"https:\/\/tajkertesz.com\/#\/schema\/logo\/image\/","url":"https:\/\/tajkertesz.com\/wp-content\/uploads\/2018\/02\/logo-2-e1518678052539.png","contentUrl":"https:\/\/tajkertesz.com\/wp-content\/uploads\/2018\/02\/logo-2-e1518678052539.png","width":81,"height":140,"caption":"T\u00e1j-Kert\u00e9sz 84 Kft."},"image":{"@id":"https:\/\/tajkertesz.com\/#\/schema\/logo\/image\/"},"sameAs":["https:\/\/www.facebook.com\/Tajkertesz\/"]}]}},"_links":{"self":[{"href":"https:\/\/tajkertesz.com\/en_US\/wp-json\/wp\/v2\/product\/14693","targetHints":{"allow":["GET"]}}],"collection":[{"href":"https:\/\/tajkertesz.com\/en_US\/wp-json\/wp\/v2\/product"}],"about":[{"href":"https:\/\/tajkertesz.com\/en_US\/wp-json\/wp\/v2\/types\/product"}],"wp:featuredmedia":[{"embeddable":true,"href":"https:\/\/tajkertesz.com\/en_US\/wp-json\/wp\/v2\/media\/14681"}],"wp:attachment":[{"href":"https:\/\/tajkertesz.com\/en_US\/wp-json\/wp\/v2\/media?parent=14693"}],"wp:term":[{"taxonomy":"product_brand","embeddable":true,"href":"https:\/\/tajkertesz.com\/en_US\/wp-json\/wp\/v2\/product_brand?post=14693"},{"taxonomy":"product_cat","embeddable":true,"href":"https:\/\/tajkertesz.com\/en_US\/wp-json\/wp\/v2\/product_cat?post=14693"},{"taxonomy":"product_tag","embeddable":true,"href":"https:\/\/tajkertesz.com\/en_US\/wp-json\/wp\/v2\/product_tag?post=14693"}],"curies":[{"name":"wp","href":"https:\/\/api.w.org\/{rel}","templated":true}]}}