{"id":14696,"date":"2023-01-16T10:51:16","date_gmt":"2023-01-16T10:51:16","guid":{"rendered":"https:\/\/tajkertesz.com\/?post_type=product&#038;p=14696"},"modified":"2026-02-18T15:17:19","modified_gmt":"2026-02-18T15:17:19","slug":"zeller-hegykoi-redei-kertimag","status":"publish","type":"product","link":"https:\/\/tajkertesz.com\/en_US\/product\/zeller-hegykoi-redei-kertimag\/","title":{"rendered":"Zeller Hegyk\u0151i vet\u0151mag 1g"},"content":{"rendered":"<h2>Zeller Neon vet\u0151mag 1g<\/h2>\n<p>Zeller Hegyk\u0151i vet\u0151mag 1g Zeller (Apium graveolens) Szabadf\u00f6ldi termeszt\u00e9sre aj\u00e1nlott fajta. Gum\u00f3ja g\u00f6mb alak\u00fa, k\u00f6z\u00e9pnagy, fel\u00fclete sima, h\u00fasa feh\u00e9r, t\u00f6m\u00f6tt. Gy\u00f6k\u00e9rzete finom, v\u00e9kony, csak talpgy\u00f6kerei vannak. Friss fogyaszt\u00e1sra \u00e9s t\u00e1rol\u00e1sra alkalmas.<\/p>\n<p>A zeller nagyon v\u00edzig\u00e9nyes n\u00f6v\u00e9ny. A humuszban gazdag v\u00e1lyogtalajt kedveli. Pal\u00e1nt\u00e1r\u00f3l termesztj\u00fck, melyek el\u0151\u00e1ll\u00edt\u00e1s\u00e1hoz 2-3 h\u00f3napra van sz\u00fcks\u00e9g. \u00dcltet\u00e9skor fontos, hogy a pal\u00e1nta ne ker\u00fclj\u00f6n m\u00e9lyebbre, mint ahogyan a pal\u00e1nta\u00e1gyban volt. A n\u00e9pgy\u00f3gy\u00e1szatban a level\u00e9b\u0151l \u00e9s gy\u00f6ker\u00e9b\u0151l kipr\u00e9selt l\u00e9nek \u00e9s gy\u00f3gyte\u00e1j\u00e1nak \u00e9tv\u00e1gyjav\u00edt\u00f3, v\u00e9rnyom\u00e1scs\u00f6kkent\u0151, kering\u00e9sfokoz\u00f3 \u00e9s toniz\u00e1l\u00f3 hat\u00e1st tulajdon\u00edtanak.<br \/>\nA n\u00e1lunk k\u00f6zismert gum\u00f3s zelleren k\u00edv\u00fcl, egyre gyakrabban termesztik a lev\u00e9lzellert is, melynek level\u00e9t (\u00e1ltal\u00e1ban sz\u00e1r\u00edt\u00e1s ut\u00e1n fogyasztj\u00e1k) \u00e9s a halv\u00e1ny\u00edt\u00f3 zellert, ennek megny\u00falt, h\u00fasos, l\u00e9d\u00fas lev\u00e9lnyel\u00e9t fogyasztjuk.<\/p>\n<table class=\"csoportinfo\" cellspacing=\"0\">\n<tbody>\n<tr class=\"csoportinfofejlec\">\n<td class=\"csoportinfofejlec\" width=\"15%\">magsz\u00e1m\/gramm<\/td>\n<td class=\"csoportinfofejlec\" width=\"19%\">vet\u0151magig\u00e9ny 1000 pal\u00e1nt\u00e1hoz<\/td>\n<td class=\"csoportinfofejlec\" width=\"19%\">vet\u00e9sid\u0151 szapor\u00edt\u00f3l\u00e1d\u00e1ba<\/td>\n<td class=\"csoportinfofejlec\" width=\"15%\">vet\u00e9sm\u00e9lys\u00e9g cm<\/td>\n<td class=\"csoportinfofejlec\" width=\"17%\">sor- \u00e9s t\u0151t\u00e1vols\u00e1g cm<\/td>\n<td class=\"csoportinfofejlec\" width=\"15%\">cs\u00edr\u00e1z\u00e1si nap<br \/>\n14-21C fokon<\/td>\n<\/tr>\n<tr class=\"csoportinfotorzs\">\n<td class=\"csoportinfotorzs\">2000<\/td>\n<td class=\"csoportinfotorzs\">1<\/td>\n<td class=\"csoportinfotorzs\">II-III. h\u00f3nap<\/td>\n<td class=\"csoportinfotorzs\">0,5<\/td>\n<td class=\"csoportinfotorzs\">30 x 30<\/td>\n<td class=\"csoportinfotorzs\">14-21 nap<\/td>\n<\/tr>\n<\/tbody>\n<\/table>\n<p>A zeller t\u00f6bbi gy\u00f6k\u00e9rz\u00f6lds\u00e9gn\u00e9l f\u00e9nyig\u00e9nyesebbnek sz\u00e1m\u00edt, ez\u00e9rt, amikor helyet keres\u00fcnk sz\u00e1m\u00e1ra a kertben, akkor napos, vil\u00e1gos helyben gondolkodjunk.<\/p>\n<p>Talajok k\u00f6z\u00fcl a t\u00e1panyagban gazdag, v\u00e1lyogos, k\u00f6z\u00e9pk\u00f6t\u00f6tt, nedves, de nem pang\u00f3 vizes talajokat kedveli, a sz\u00e9ls\u0151s\u00e9ges talajt\u00edpusokat rosszul toler\u00e1lja. Olyan helyre c\u00e9lszer\u0171 \u00fcltetni, ahol tavaly, vagy \u00fcltet\u00e9s \u00e9v\u00e9ben tavasz elej\u00e9n t\u00f6rt\u00e9nt tr\u00e1gy\u00e1z\u00e1s. T\u00e1panyagok k\u00f6z\u00fcl els\u0151sorban k\u00e1liumot ig\u00e9nyel, foszfort \u00e9s nitrog\u00e9nt kisebb ar\u00e1nyban.<\/p>\n<p>A zeller termeszt\u00e9se sor\u00e1n azzal is sz\u00e1molnunk kell, hogy v\u00edzig\u00e9nye magasabb, mint a t\u00f6bbi gy\u00f6k\u00e9rz\u00f6lds\u00e9g\u00e9, ez\u00e9rt gyakori \u00f6nt\u00f6z\u00e9st ig\u00e9nyel, \u00e9s \u00e9rdemes mulcsoznunk is p\u00e9ld\u00e1ul szalm\u00e1val, vagy f\u0171nyesed\u00e9kkel a sorok k\u00f6z\u00f6tt.<\/p>\n<p>A termeszt\u00e9s sor\u00e1n a gyoml\u00e1l\u00e1sr\u00f3l sem szabad megfeledkezn\u00fcnk, a kicsi, fiatal n\u00f6v\u00e9ny eset\u00e9ben k\u00e9zzel gyoml\u00e1lhatunk, k\u00e9s\u0151bb, amikor m\u00e1r nagyobb, er\u0151sebbek a n\u00f6v\u00e9nyek, haszn\u00e1lhatunk kap\u00e1t.<\/p>\n<p>K\u00e1rtev\u0151k k\u00f6z\u00fcl a lev\u00e9ltetvek k\u00e1ros\u00edthatj\u00e1k, betegs\u00e9gek k\u00f6z\u00fcl a szept\u00f3ri\u00e1s lev\u00e9lfoltoss\u00e1g, a f\u00f3m\u00e1s gum\u00f3varasod\u00e1s \u00e9s a zellermozaik t\u00e1madhatja meg.<\/p>\n<p><strong>K\u00e9szlet\u00fcnk napi szinten v\u00e1ltozik, ez\u00e9rt k\u00e9rj\u00fck, \u00e9rdekl\u0151dj\u00f6n szem\u00e9lyesen, telefonon vagy email-en.<br \/>\nA v\u00e1ltoztat\u00e1s jog\u00e1t fenntartjuk!\u00a0<\/strong><\/p>\n<p><a href=\"https:\/\/tajkertesz.com\/\">https:\/\/tajkertesz.com\/<\/a><\/p>\n<p><a href=\"https:\/\/www.facebook.com\/tajkertesz\/\">https:\/\/www.facebook.com\/tajkertesz\/<\/a><\/p>\n<p>Kisz\u00e1ll\u00edt\u00e1s: 200cm-ig \u00a0\u00e9s 40 kg-ig a sz\u00e1ll\u00edt\u00e1s fut\u00e1rszolg\u00e1lattal \u00a0t\u00f6rt\u00e9nik!<\/p>\n<p>Szem\u00e9lyes \u00e1tv\u00e9tel nyitvatart\u00e1si id\u0151ben a 17. ker\u00fclet Bakancsos utca 7. sz\u00e1m alatti Kert\u00e9szeti \u00e1rud\u00e1ban<\/p>\n<p>&nbsp;<\/p>\n<p>Szem\u00e9lyes \u00e1tv\u00e9tel ak\u00e1r a mai napon, vagy h\u00e1zhozsz\u00e1ll\u00edt\u00e1s 1-2 napon bel\u00fcl!<\/p>\n<p>&nbsp;<\/p>\n<p>1173.Bp.Bakancsos u.7.<\/p>\n<p><a href=\"https:\/\/www.tajkertesz.com\/\">www.tajkertesz.com<\/a><\/p>\n<p>Kert\u00e9szeti kis-\u00e9s nagykeresked\u00e9s<\/p>","protected":false},"excerpt":{"rendered":"<p>Szabadf\u00f6ldi termeszt\u00e9sre aj\u00e1nlott, 180-220 napos teny\u00e9szidej\u0171 fajta. Gum\u00f3ja g\u00f6mb alak\u00fa, k\u00f6z\u00e9pnagy, fel\u00fclete sima, h\u00fasa feh\u00e9r, t\u00f6m\u00f6tt. Lombja t\u00f6m\u00f6tt, k\u00f6z\u00e9per\u0151s, fel\u00e1ll\u00f3. Gy\u00f6k\u00e9rzete finom, v\u00e9kony, oldalgy\u00f6kerei nincsenek, csak talpgy\u00f6kereket fejleszt. Friss fogyaszt\u00e1sra, t\u00e1rol\u00e1sra alkalmas.<u><\/u><\/p>\n<p>Vet\u00e9s:\u00a0m\u00e1rcius elej\u00e9n meleg\u00e1gyba. Cs\u00edr\u00e1z\u00e1sa 18-22\u00a0<sup>0<\/sup>C fokon 14-21 napig tart. A 6-8 hetes pal\u00e1nt\u00e1kat t\u0171zdelj\u00fck \u00e9s tov\u00e1bbnevelj\u00fck. A pal\u00e1ntanevel\u00e9s 14 hetet vesz ig\u00e9nybe. Ki\u00fcltet\u00e9s m\u00e1jus k\u00f6zep\u00e9n.<strong><u><br \/>\nVet\u0151magsz\u00fcks\u00e9glet:<\/u><\/strong>\u00a01 g 1000 pal\u00e1nta nevel\u00e9s\u00e9hez.<br \/>\n<strong><u>T\u00e9r\u00e1ll\u00e1s:<\/u><\/strong>\u00a030 x 30 cm.<strong><u><br \/>\nSzed\u00e9s:<\/u><\/strong>\u00a0szeptember-okt\u00f3berben.<br \/>\n<strong><u>K\u00edn\u00e1latunk:<\/u><\/strong>\u00a01 g-os kis sz\u00ednes k\u00e9pes tasakban, 50 g-os Maxipack csomagol\u00e1sban f\u00e9lprofi termel\u0151knek<\/p>","protected":false},"featured_media":14678,"template":"","meta":{"_et_pb_use_builder":"","_et_pb_old_content":"","_et_gb_content_width":""},"product_brand":[],"product_cat":[2881],"product_tag":[4138],"class_list":{"0":"post-14696","1":"product","2":"type-product","3":"status-publish","4":"has-post-thumbnail","6":"product_cat-zoldsegnoveny-vetomagok","7":"product_tag-vetomagok","9":"first","10":"instock","11":"shipping-taxable","12":"purchasable","13":"product-type-simple"},"yoast_head":"<!-- This site is optimized with the Yoast SEO plugin v27.5 - https:\/\/yoast.com\/product\/yoast-seo-wordpress\/ -->\n<title>Zeller Hegyk\u0151i vet\u0151mag 1g - T\u00e1jkert\u00e9sz<\/title>\n<meta name=\"description\" content=\"Zeller Hegyk\u0151i vet\u0151mag 1g Zeller (Apium graveolens) Szabadf\u00f6ldi termeszt\u00e9sre aj\u00e1nlott fajta. Gum\u00f3ja g\u00f6mb alak\u00fa, k\u00f6z\u00e9pnagy, fel\u00fclete sima, h\u00fasa feh\u00e9r, t\u00f6m\u00f6tt\" \/>\n<meta name=\"robots\" content=\"index, follow, max-snippet:-1, max-image-preview:large, max-video-preview:-1\" \/>\n<link rel=\"canonical\" href=\"https:\/\/tajkertesz.com\/en_US\/product\/zeller-hegykoi-redei-kertimag\/\" \/>\n<meta property=\"og:locale\" content=\"en_US\" \/>\n<meta property=\"og:type\" content=\"article\" \/>\n<meta property=\"og:title\" content=\"Zeller Hegyk\u0151i vet\u0151mag 1g - T\u00e1jkert\u00e9sz\" \/>\n<meta property=\"og:description\" content=\"Zeller Hegyk\u0151i vet\u0151mag 1g Zeller (Apium graveolens) Szabadf\u00f6ldi termeszt\u00e9sre aj\u00e1nlott fajta. Gum\u00f3ja g\u00f6mb alak\u00fa, k\u00f6z\u00e9pnagy, fel\u00fclete sima, h\u00fasa feh\u00e9r, t\u00f6m\u00f6tt\" \/>\n<meta property=\"og:url\" content=\"https:\/\/tajkertesz.com\/en_US\/product\/zeller-hegykoi-redei-kertimag\/\" \/>\n<meta property=\"og:site_name\" content=\"T\u00e1jkert\u00e9sz\" \/>\n<meta property=\"article:publisher\" content=\"https:\/\/www.facebook.com\/Tajkertesz\/\" \/>\n<meta property=\"article:modified_time\" content=\"2026-02-18T15:17:19+00:00\" \/>\n<meta property=\"og:image\" content=\"https:\/\/tajkertesz.com\/wp-content\/uploads\/2021\/10\/20230116_093235-1-scaled.jpg\" \/>\n\t<meta property=\"og:image:width\" content=\"1388\" \/>\n\t<meta property=\"og:image:height\" content=\"2560\" \/>\n\t<meta property=\"og:image:type\" content=\"image\/jpeg\" \/>\n<meta name=\"twitter:card\" content=\"summary_large_image\" \/>\n<meta name=\"twitter:label1\" content=\"Est. reading time\" \/>\n\t<meta name=\"twitter:data1\" content=\"2 minutes\" \/>\n<script type=\"application\/ld+json\" class=\"yoast-schema-graph\">{\"@context\":\"https:\\\/\\\/schema.org\",\"@graph\":[{\"@type\":\"WebPage\",\"@id\":\"https:\\\/\\\/tajkertesz.com\\\/termek\\\/zeller-hegykoi-redei-kertimag\\\/\",\"url\":\"https:\\\/\\\/tajkertesz.com\\\/termek\\\/zeller-hegykoi-redei-kertimag\\\/\",\"name\":\"Zeller Hegyk\u0151i vet\u0151mag 1g - T\u00e1jkert\u00e9sz\",\"isPartOf\":{\"@id\":\"https:\\\/\\\/tajkertesz.com\\\/#website\"},\"primaryImageOfPage\":{\"@id\":\"https:\\\/\\\/tajkertesz.com\\\/termek\\\/zeller-hegykoi-redei-kertimag\\\/#primaryimage\"},\"image\":{\"@id\":\"https:\\\/\\\/tajkertesz.com\\\/termek\\\/zeller-hegykoi-redei-kertimag\\\/#primaryimage\"},\"thumbnailUrl\":\"https:\\\/\\\/tajkertesz.com\\\/wp-content\\\/uploads\\\/2021\\\/10\\\/20230116_093235-1-scaled.jpg\",\"datePublished\":\"2023-01-16T10:51:16+00:00\",\"dateModified\":\"2026-02-18T15:17:19+00:00\",\"description\":\"Zeller Hegyk\u0151i vet\u0151mag 1g Zeller (Apium graveolens) Szabadf\u00f6ldi termeszt\u00e9sre aj\u00e1nlott fajta. Gum\u00f3ja g\u00f6mb alak\u00fa, k\u00f6z\u00e9pnagy, fel\u00fclete sima, h\u00fasa feh\u00e9r, t\u00f6m\u00f6tt\",\"breadcrumb\":{\"@id\":\"https:\\\/\\\/tajkertesz.com\\\/termek\\\/zeller-hegykoi-redei-kertimag\\\/#breadcrumb\"},\"inLanguage\":\"en-US\",\"potentialAction\":[{\"@type\":\"ReadAction\",\"target\":[\"https:\\\/\\\/tajkertesz.com\\\/termek\\\/zeller-hegykoi-redei-kertimag\\\/\"]}]},{\"@type\":\"ImageObject\",\"inLanguage\":\"en-US\",\"@id\":\"https:\\\/\\\/tajkertesz.com\\\/termek\\\/zeller-hegykoi-redei-kertimag\\\/#primaryimage\",\"url\":\"https:\\\/\\\/tajkertesz.com\\\/wp-content\\\/uploads\\\/2021\\\/10\\\/20230116_093235-1-scaled.jpg\",\"contentUrl\":\"https:\\\/\\\/tajkertesz.com\\\/wp-content\\\/uploads\\\/2021\\\/10\\\/20230116_093235-1-scaled.jpg\",\"width\":1388,\"height\":2560},{\"@type\":\"BreadcrumbList\",\"@id\":\"https:\\\/\\\/tajkertesz.com\\\/termek\\\/zeller-hegykoi-redei-kertimag\\\/#breadcrumb\",\"itemListElement\":[{\"@type\":\"ListItem\",\"position\":1,\"name\":\"Home\",\"item\":\"https:\\\/\\\/tajkertesz.com\\\/\"},{\"@type\":\"ListItem\",\"position\":2,\"name\":\"Kezd\u0151lap\",\"item\":\"https:\\\/\\\/tajkertesz.com\\\/\"},{\"@type\":\"ListItem\",\"position\":3,\"name\":\"Zeller Hegyk\u0151i vet\u0151mag 1g\"}]},{\"@type\":\"WebSite\",\"@id\":\"https:\\\/\\\/tajkertesz.com\\\/#website\",\"url\":\"https:\\\/\\\/tajkertesz.com\\\/\",\"name\":\"T\u00e1j-Kert\u00e9sz 84 Kft.\",\"description\":\"Kert\u00e9szeti kis- \u00e9s nagykeresked\u00e9s, D\u00edszn\u00f6v\u00e9ny web\u00e1ruh\u00e1z orsz\u00e1gos h\u00e1zhozsz\u00e1ll\u00edt\u00e1ssal!\",\"publisher\":{\"@id\":\"https:\\\/\\\/tajkertesz.com\\\/#organization\"},\"potentialAction\":[{\"@type\":\"SearchAction\",\"target\":{\"@type\":\"EntryPoint\",\"urlTemplate\":\"https:\\\/\\\/tajkertesz.com\\\/?s={search_term_string}\"},\"query-input\":{\"@type\":\"PropertyValueSpecification\",\"valueRequired\":true,\"valueName\":\"search_term_string\"}}],\"inLanguage\":\"en-US\"},{\"@type\":\"Organization\",\"@id\":\"https:\\\/\\\/tajkertesz.com\\\/#organization\",\"name\":\"T\u00e1j-Kert\u00e9sz 84 Kft.\",\"url\":\"https:\\\/\\\/tajkertesz.com\\\/\",\"logo\":{\"@type\":\"ImageObject\",\"inLanguage\":\"en-US\",\"@id\":\"https:\\\/\\\/tajkertesz.com\\\/#\\\/schema\\\/logo\\\/image\\\/\",\"url\":\"https:\\\/\\\/tajkertesz.com\\\/wp-content\\\/uploads\\\/2018\\\/02\\\/logo-2-e1518678052539.png\",\"contentUrl\":\"https:\\\/\\\/tajkertesz.com\\\/wp-content\\\/uploads\\\/2018\\\/02\\\/logo-2-e1518678052539.png\",\"width\":81,\"height\":140,\"caption\":\"T\u00e1j-Kert\u00e9sz 84 Kft.\"},\"image\":{\"@id\":\"https:\\\/\\\/tajkertesz.com\\\/#\\\/schema\\\/logo\\\/image\\\/\"},\"sameAs\":[\"https:\\\/\\\/www.facebook.com\\\/Tajkertesz\\\/\"]}]}<\/script>\n<!-- \/ Yoast SEO plugin. -->","yoast_head_json":{"title":"Zeller Hegyk\u0151i vet\u0151mag 1g - T\u00e1jkert\u00e9sz","description":"Zeller Hegyk\u0151i vet\u0151mag 1g Zeller (Apium graveolens) Szabadf\u00f6ldi termeszt\u00e9sre aj\u00e1nlott fajta. Gum\u00f3ja g\u00f6mb alak\u00fa, k\u00f6z\u00e9pnagy, fel\u00fclete sima, h\u00fasa feh\u00e9r, t\u00f6m\u00f6tt","robots":{"index":"index","follow":"follow","max-snippet":"max-snippet:-1","max-image-preview":"max-image-preview:large","max-video-preview":"max-video-preview:-1"},"canonical":"https:\/\/tajkertesz.com\/en_US\/product\/zeller-hegykoi-redei-kertimag\/","og_locale":"en_US","og_type":"article","og_title":"Zeller Hegyk\u0151i vet\u0151mag 1g - T\u00e1jkert\u00e9sz","og_description":"Zeller Hegyk\u0151i vet\u0151mag 1g Zeller (Apium graveolens) Szabadf\u00f6ldi termeszt\u00e9sre aj\u00e1nlott fajta. Gum\u00f3ja g\u00f6mb alak\u00fa, k\u00f6z\u00e9pnagy, fel\u00fclete sima, h\u00fasa feh\u00e9r, t\u00f6m\u00f6tt","og_url":"https:\/\/tajkertesz.com\/en_US\/product\/zeller-hegykoi-redei-kertimag\/","og_site_name":"T\u00e1jkert\u00e9sz","article_publisher":"https:\/\/www.facebook.com\/Tajkertesz\/","article_modified_time":"2026-02-18T15:17:19+00:00","og_image":[{"width":1388,"height":2560,"url":"https:\/\/tajkertesz.com\/wp-content\/uploads\/2021\/10\/20230116_093235-1-scaled.jpg","type":"image\/jpeg"}],"twitter_card":"summary_large_image","twitter_misc":{"Est. reading time":"2 minutes"},"schema":{"@context":"https:\/\/schema.org","@graph":[{"@type":"WebPage","@id":"https:\/\/tajkertesz.com\/termek\/zeller-hegykoi-redei-kertimag\/","url":"https:\/\/tajkertesz.com\/termek\/zeller-hegykoi-redei-kertimag\/","name":"Zeller Hegyk\u0151i vet\u0151mag 1g - T\u00e1jkert\u00e9sz","isPartOf":{"@id":"https:\/\/tajkertesz.com\/#website"},"primaryImageOfPage":{"@id":"https:\/\/tajkertesz.com\/termek\/zeller-hegykoi-redei-kertimag\/#primaryimage"},"image":{"@id":"https:\/\/tajkertesz.com\/termek\/zeller-hegykoi-redei-kertimag\/#primaryimage"},"thumbnailUrl":"https:\/\/tajkertesz.com\/wp-content\/uploads\/2021\/10\/20230116_093235-1-scaled.jpg","datePublished":"2023-01-16T10:51:16+00:00","dateModified":"2026-02-18T15:17:19+00:00","description":"Zeller Hegyk\u0151i vet\u0151mag 1g Zeller (Apium graveolens) Szabadf\u00f6ldi termeszt\u00e9sre aj\u00e1nlott fajta. Gum\u00f3ja g\u00f6mb alak\u00fa, k\u00f6z\u00e9pnagy, fel\u00fclete sima, h\u00fasa feh\u00e9r, t\u00f6m\u00f6tt","breadcrumb":{"@id":"https:\/\/tajkertesz.com\/termek\/zeller-hegykoi-redei-kertimag\/#breadcrumb"},"inLanguage":"en-US","potentialAction":[{"@type":"ReadAction","target":["https:\/\/tajkertesz.com\/termek\/zeller-hegykoi-redei-kertimag\/"]}]},{"@type":"ImageObject","inLanguage":"en-US","@id":"https:\/\/tajkertesz.com\/termek\/zeller-hegykoi-redei-kertimag\/#primaryimage","url":"https:\/\/tajkertesz.com\/wp-content\/uploads\/2021\/10\/20230116_093235-1-scaled.jpg","contentUrl":"https:\/\/tajkertesz.com\/wp-content\/uploads\/2021\/10\/20230116_093235-1-scaled.jpg","width":1388,"height":2560},{"@type":"BreadcrumbList","@id":"https:\/\/tajkertesz.com\/termek\/zeller-hegykoi-redei-kertimag\/#breadcrumb","itemListElement":[{"@type":"ListItem","position":1,"name":"Home","item":"https:\/\/tajkertesz.com\/"},{"@type":"ListItem","position":2,"name":"Kezd\u0151lap","item":"https:\/\/tajkertesz.com\/"},{"@type":"ListItem","position":3,"name":"Zeller Hegyk\u0151i vet\u0151mag 1g"}]},{"@type":"WebSite","@id":"https:\/\/tajkertesz.com\/#website","url":"https:\/\/tajkertesz.com\/","name":"T\u00e1j-Kert\u00e9sz 84 Kft.","description":"Kert\u00e9szeti kis- \u00e9s nagykeresked\u00e9s, D\u00edszn\u00f6v\u00e9ny web\u00e1ruh\u00e1z orsz\u00e1gos h\u00e1zhozsz\u00e1ll\u00edt\u00e1ssal!","publisher":{"@id":"https:\/\/tajkertesz.com\/#organization"},"potentialAction":[{"@type":"SearchAction","target":{"@type":"EntryPoint","urlTemplate":"https:\/\/tajkertesz.com\/?s={search_term_string}"},"query-input":{"@type":"PropertyValueSpecification","valueRequired":true,"valueName":"search_term_string"}}],"inLanguage":"en-US"},{"@type":"Organization","@id":"https:\/\/tajkertesz.com\/#organization","name":"T\u00e1j-Kert\u00e9sz 84 Kft.","url":"https:\/\/tajkertesz.com\/","logo":{"@type":"ImageObject","inLanguage":"en-US","@id":"https:\/\/tajkertesz.com\/#\/schema\/logo\/image\/","url":"https:\/\/tajkertesz.com\/wp-content\/uploads\/2018\/02\/logo-2-e1518678052539.png","contentUrl":"https:\/\/tajkertesz.com\/wp-content\/uploads\/2018\/02\/logo-2-e1518678052539.png","width":81,"height":140,"caption":"T\u00e1j-Kert\u00e9sz 84 Kft."},"image":{"@id":"https:\/\/tajkertesz.com\/#\/schema\/logo\/image\/"},"sameAs":["https:\/\/www.facebook.com\/Tajkertesz\/"]}]}},"_links":{"self":[{"href":"https:\/\/tajkertesz.com\/en_US\/wp-json\/wp\/v2\/product\/14696","targetHints":{"allow":["GET"]}}],"collection":[{"href":"https:\/\/tajkertesz.com\/en_US\/wp-json\/wp\/v2\/product"}],"about":[{"href":"https:\/\/tajkertesz.com\/en_US\/wp-json\/wp\/v2\/types\/product"}],"wp:featuredmedia":[{"embeddable":true,"href":"https:\/\/tajkertesz.com\/en_US\/wp-json\/wp\/v2\/media\/14678"}],"wp:attachment":[{"href":"https:\/\/tajkertesz.com\/en_US\/wp-json\/wp\/v2\/media?parent=14696"}],"wp:term":[{"taxonomy":"product_brand","embeddable":true,"href":"https:\/\/tajkertesz.com\/en_US\/wp-json\/wp\/v2\/product_brand?post=14696"},{"taxonomy":"product_cat","embeddable":true,"href":"https:\/\/tajkertesz.com\/en_US\/wp-json\/wp\/v2\/product_cat?post=14696"},{"taxonomy":"product_tag","embeddable":true,"href":"https:\/\/tajkertesz.com\/en_US\/wp-json\/wp\/v2\/product_tag?post=14696"}],"curies":[{"name":"wp","href":"https:\/\/api.w.org\/{rel}","templated":true}]}}